{"id":22354,"date":"2024-05-15T03:57:58","date_gmt":"2024-05-15T03:57:58","guid":{"rendered":"https:\/\/global-hookah.com\/product\/56mm-gradient-color-cannabis-grinder\/"},"modified":"2024-05-15T03:58:10","modified_gmt":"2024-05-15T03:58:10","slug":"56mm-gradient-color-cannabis-grinder","status":"publish","type":"product","link":"https:\/\/global-hookah.com\/de\/produkt\/56mm-gradient-color-cannabis-grinder\/","title":{"rendered":"56mm Gradient Farbe Cannabis Grinder"},"content":{"rendered":"<div class=\"product-specs-list-container\">\n<ul class=\"product-specs-list util-clearfix\">\n<li class=\"product-prop line-limit-length\"><span\n\t\t\t\t\t\t\t\t\tclass=\"property-title\">Die Form:&nbsp;<\/span><span\n\t\t\t\t\t\t\t\t\tclass=\"property-desc line-limit-length\">Freier Typ<\/span>\n\t\t\t\t\t\t<\/li>\n<li class=\"product-prop line-limit-length\"><span\n\t\t\t\t\t\t\t\t\tclass=\"property-title\">Modellnummer:&nbsp;<\/span><span\n\t\t\t\t\t\t\t\t\tclass=\"property-desc line-limit-length\">56mm Gradient Farbe konisch Tabak Schleifer<\/span>\n\t\t\t\t\t\t<\/li>\n<li class=\"product-prop line-limit-length\"><span\n\t\t\t\t\t\t\t\t\tclass=\"property-title\">Material:&nbsp;<\/span><span\n\t\t\t\t\t\t\t\t\tclass=\"property-desc line-limit-length\">Metall<\/span>\n\t\t\t\t\t\t<\/li>\n<li class=\"product-prop line-limit-length\"><span\n\t\t\t\t\t\t\t\t\tclass=\"property-title\">Markenname:&nbsp;<\/span><span\n\t\t\t\t\t\t\t\t\tclass=\"property-desc line-limit-length\">Arrebol<\/span>\n\t\t\t\t\t\t<\/li>\n<li class=\"product-prop line-limit-length\"><span\n\t\t\t\t\t\t\t\t\tclass=\"property-title\">Herkunft:&nbsp;<\/span><span\n\t\t\t\t\t\t\t\t\tclass=\"property-desc line-limit-length\">Festland China<\/span>\n\t\t\t\t\t\t<\/li>\n<li class=\"product-prop line-limit-length\"><span\n\t\t\t\t\t\t\t\t\tclass=\"property-title\">Material:&nbsp;<\/span><span\n\t\t\t\t\t\t\t\t\tclass=\"property-desc line-limit-length\">Aluminium-Legierung<\/span>\n\t\t\t\t\t\t<\/li>\n<li class=\"product-prop line-limit-length\"><span\n\t\t\t\t\t\t\t\t\tclass=\"property-title\">Gewicht:&nbsp;<\/span><span\n\t\t\t\t\t\t\t\t\tclass=\"property-desc line-limit-length\">Etwa 137g<\/span>\n\t\t\t\t\t\t<\/li>\n<li class=\"product-prop line-limit-length\"><span\n\t\t\t\t\t\t\t\t\tclass=\"property-title\">Gr\u00f6\u00dfe:&nbsp;<\/span><span\n\t\t\t\t\t\t\t\t\tclass=\"property-desc line-limit-length\">56*56*62MM<\/span>\n\t\t\t\t\t\t<\/li>\n<li class=\"product-prop line-limit-length\"><span\n\t\t\t\t\t\t\t\t\tclass=\"property-title\">Farbe:&nbsp;<\/span><span\n\t\t\t\t\t\t\t\t\tclass=\"property-desc line-limit-length\">Farbverlauf<\/span>\n\t\t\t\t\t\t<\/li>\n<li class=\"product-prop line-limit-length\"><span\n\t\t\t\t\t\t\t\t\tclass=\"property-title\">Merkmal1:&nbsp;<\/span><span\n\t\t\t\t\t\t\t\t\tclass=\"property-desc line-limit-length\">Schleifmaschinen-Zubeh\u00f6r<\/span>\n\t\t\t\t\t\t<\/li>\n<li class=\"product-prop line-limit-length\"><span\n\t\t\t\t\t\t\t\t\tclass=\"property-title\">Merkmal2:&nbsp;<\/span><span\n\t\t\t\t\t\t\t\t\tclass=\"property-desc line-limit-length\">Tabakschleifer<\/span>\n\t\t\t\t\t\t<\/li>\n<li class=\"product-prop line-limit-length\"><span\n\t\t\t\t\t\t\t\t\tclass=\"property-title\">Merkmal3:&nbsp;<\/span><span\n\t\t\t\t\t\t\t\t\tclass=\"property-desc line-limit-length\">Rauchen Tabak<\/span>\n\t\t\t\t\t\t<\/li>\n<li class=\"product-prop line-limit-length\"><span\n\t\t\t\t\t\t\t\t\tclass=\"property-title\">Merkmal4:&nbsp;<\/span><span\n\t\t\t\t\t\t\t\t\tclass=\"property-desc line-limit-length\">Grasschleifer<\/span>\n\t\t\t\t\t\t<\/li>\n<li class=\"product-prop line-limit-length\"><span\n\t\t\t\t\t\t\t\t\tclass=\"property-title\">Merkmal5:&nbsp;<\/span><span\n\t\t\t\t\t\t\t\t\tclass=\"property-desc line-limit-length\">Blender Kraut<\/span>\n\t\t\t\t\t\t<\/li>\n<li class=\"product-prop line-limit-length\"><span\n\t\t\t\t\t\t\t\t\tclass=\"property-title\">Merkmal6:&nbsp;<\/span><span\n\t\t\t\t\t\t\t\t\tclass=\"property-desc line-limit-length\">M\u00fchle zum R\u00e4uchern<\/span>\n\t\t\t\t\t\t<\/li>\n<li class=\"product-prop line-limit-length\"><span\n\t\t\t\t\t\t\t\t\tclass=\"property-title\">Merkmal7:&nbsp;<\/span><span\n\t\t\t\t\t\t\t\t\tclass=\"property-desc line-limit-length\">Zigarettenschredder<\/span>\n\t\t\t\t\t\t<\/li>\n<\/ul><\/div>\n<div class=\"detailmodule_html\">\n<div class=\"detail-desc-decorate-richtext\">\n<div><span style=\"font-size:20px\"><strong><span style=\"background-color:rgb(231, 76, 60)\">56mm Gradient Farbe Tabak Grinder 3-Schicht-konische Metall Gras Brecher Schleifen Kraut f\u00fcr die Herstellung von Zigaretten Rauchen Zubeh\u00f6r<\/span><\/strong><\/span><\/p>\n<p>Produktname: 56mm Farbverlauf konische Tabakschleifer<br \/>\nGr\u00f6\u00dfe:56*56*62MM<\/p>\n<p>Farbe : Farbverlauf&nbsp;<br \/>\nGewicht : Etwa 137g<br \/>\nMaterial: Aluminiumlegierung<\/div>\n<p align=\"left\" style=\"text-align:left;margin:0px;margin-bottom:0px;margin-top:0px;margin-left:0px;margin-right:0px\"><img decoding=\"async\" referrerpolicy=\"no-referrer\" slate-data-type=\"image\" src=\"https:\/\/ae01.alicdn.com\/kf\/S3b723727545c41738ab855a54f7d74efH.jpg?width=1000&#038;height=1000&#038;hash=2000\"><img decoding=\"async\" referrerpolicy=\"no-referrer\" slate-data-type=\"image\" src=\"https:\/\/ae01.alicdn.com\/kf\/Se1e1575225324cffb5ee1342721200d3V.jpg?width=1000&#038;height=1000&#038;hash=2000\"><img decoding=\"async\" referrerpolicy=\"no-referrer\" slate-data-type=\"image\" src=\"https:\/\/ae01.alicdn.com\/kf\/S20f36c3deb104f499cf0def89736b671X.jpg?width=1000&#038;height=1000&#038;hash=2000\"><img decoding=\"async\" referrerpolicy=\"no-referrer\" slate-data-type=\"image\" src=\"https:\/\/ae01.alicdn.com\/kf\/Sa64b208e0ca940b2afc2959549366c681.jpg?width=1000&#038;height=1000&#038;hash=2000\"><img decoding=\"async\" referrerpolicy=\"no-referrer\" slate-data-type=\"image\" src=\"https:\/\/ae01.alicdn.com\/kf\/Sfc652a8dbde64aa2b95c4b5a4bdbac50t.jpg?width=1000&#038;height=1000&#038;hash=2000\"><img decoding=\"async\" referrerpolicy=\"no-referrer\" slate-data-type=\"image\" src=\"https:\/\/ae01.alicdn.com\/kf\/Sa4a3eb27031747649769b7f902e14ef3g.jpg?width=1000&#038;height=1000&#038;hash=2000\"><img decoding=\"async\" referrerpolicy=\"no-referrer\" slate-data-type=\"image\" src=\"https:\/\/ae01.alicdn.com\/kf\/Sb4b8f17fe0ef49e0b86f3efbf1f9107fV.jpg?width=1000&#038;height=1000&#038;hash=2000\"><img decoding=\"async\" referrerpolicy=\"no-referrer\" slate-data-type=\"image\" src=\"https:\/\/ae01.alicdn.com\/kf\/S19981607228242c181c2d3856dfd368fV.jpg?width=1000&#038;height=1000&#038;hash=2000\"><img decoding=\"async\" referrerpolicy=\"no-referrer\" slate-data-type=\"image\" src=\"https:\/\/ae01.alicdn.com\/kf\/S024ab5c104c4497e8c81cca03a3aa1f2s.jpg?width=1000&#038;height=1000&#038;hash=2000\"><\/p>\n<div><strong>Warme Aufforderung:<br \/>\n1. unterst\u00fctzen f\u00fcr Gro\u00dfhandel, Dropshipping, Logo anpassen, OEM!<br \/>\n2.+Folgen Sie dem Gesch\u00e4ft und erhalten Sie Rabatte oder Gutscheine.<br \/>\n3.about Farbe: Ein Teil der Produkte sind zuf\u00e4llige Farbe geschickt, um schnelle Versandgeschwindigkeit zu halten (wenn Sie wollen, welche Farbe, lassen Sie bitte Hinweis oder Nachricht).<br \/>\n4. \u00fcber Stecker: Egal, welches Land Sie sind aus, wir alle senden Sie Standard-Konvertierung Stecker passt Ihr nationales.Shipping:<br \/>\n1. wir garantieren, dass wir die Ware innerhalb von 24 Stunden nach Zahlungsbest\u00e4tigung versenden, au\u00dfer an Feiertagen.<br \/>\n2. wir versenden durch AliExpress Standard Versand, DHL, Fedex, haupts\u00e4chlich entsprechend der Versandmethode Ihrer Wahl.<br \/>\n3. wir haben reiche Erfahrung im Versand, Sie werden keine Probleme mit dem Zoll haben, bitte 100% Garantie glauben Sie uns.<br \/>\n4. wenn Sie den Artikel nach 15-45 Tagen nicht erhalten haben, kontaktieren Sie uns bitte, wir werden alles tun, um das Problem zu l\u00f6sen.<br \/>\nR\u00fcckgabe &amp; R\u00fcckerstattung:<br \/>\nWenn irgendeine Frage \u00fcber Einzelteile, nehmen Sie bitte Fotos oder Videos, kontaktieren Sie uns, um erneut zu senden, R\u00fcckkehr oder R\u00fcckerstattung, brauchen Sie nicht \u00f6ffnen den Streit oder \u00dcberpr\u00fcfung.<br \/>\nGarantie:<br \/>\n100% Original und Qualit\u00e4tsgarantie! Alle Artikel haben 1-3 Jahre Garantie.<\/strong><\/p>\n<p>&nbsp;<\/p><\/div>\n<\/div>\n<\/div>","protected":false},"excerpt":{"rendered":"<p>Form: Freier Typ Modellnummer: 56mm Gradient Color Conical Tobacco Grinder Material: Metall Markenname: Arrebol Herkunft: Festland China Material: Aluminium-Legierung Gewicht: Etwa 137g Gr\u00f6\u00dfe: 56*56*62MM Farbe: Farbverlauf<\/p>","protected":false},"featured_media":22355,"comment_status":"","ping_status":"closed","template":"","meta":{"iawp_total_views":0,"_joinchat":[]},"product_brand":[],"product_cat":[770],"product_tag":[],"class_list":{"0":"post-22354","1":"product","2":"type-product","3":"status-publish","4":"has-post-thumbnail","6":"product_cat-wholesale-grinder","8":"first","9":"instock","10":"shipping-taxable","11":"purchasable","12":"product-type-variable"},"yoast_head":"<!-- This site is optimized with the Yoast SEO Premium plugin v24.7 (Yoast SEO v26.8) - https:\/\/yoast.com\/product\/yoast-seo-premium-wordpress\/ -->\n<title>56mm Gradient Color Cannabis Grinder - Global Hookah<\/title>\n<meta name=\"robots\" content=\"index, follow, max-snippet:-1, max-image-preview:large, max-video-preview:-1\" \/>\n<link rel=\"canonical\" href=\"https:\/\/global-hookah.com\/de\/pt\/produto\/moedor-de-cannabis-com-cor-gradiente-de-56-mm\/\" \/>\n<meta property=\"og:locale\" content=\"de_DE\" \/>\n<meta property=\"og:type\" content=\"article\" \/>\n<meta property=\"og:title\" content=\"56mm Gradient Color Cannabis Grinder\" \/>\n<meta property=\"og:description\" content=\"Shape:&nbsp;Free Type Model Number:&nbsp;56mm Gradient Color Conical Tobacco Grinder Material:&nbsp;Metal Brand Name:&nbsp;Arrebol Origin:&nbsp;Mainland China Material:&nbsp;Aluminum Alloy Weight:&nbsp;About 137g Size:&nbsp;56*56*62MM Color:&nbsp;Gradient\" \/>\n<meta property=\"og:url\" content=\"https:\/\/global-hookah.com\/de\/pt\/produto\/moedor-de-cannabis-com-cor-gradiente-de-56-mm\/\" \/>\n<meta property=\"og:site_name\" content=\"Global Hookah\" \/>\n<meta property=\"article:modified_time\" content=\"2024-05-15T03:58:10+00:00\" \/>\n<meta property=\"og:image\" content=\"https:\/\/global-hookah.com\/wp-content\/uploads\/2024\/05\/kf-S3c48ef04480c444bbce3277d3a68106fX-56mm-Gradient-Color-Tobacco-Grinder-3-layer-Conical-Metal-Grass-Crusher-Grinding-Herb-for-Making-Cigarettes.webp\" \/>\n\t<meta property=\"og:image:width\" content=\"1000\" \/>\n\t<meta property=\"og:image:height\" content=\"1000\" \/>\n\t<meta property=\"og:image:type\" content=\"image\/webp\" \/>\n<meta name=\"twitter:card\" content=\"summary_large_image\" \/>\n<meta name=\"twitter:label1\" content=\"Gesch\u00e4tzte Lesezeit\" \/>\n\t<meta name=\"twitter:data1\" content=\"1\u00a0Minute\" \/>\n<script type=\"application\/ld+json\" class=\"yoast-schema-graph\">{\"@context\":\"https:\/\/schema.org\",\"@graph\":[{\"@type\":\"WebPage\",\"@id\":\"https:\/\/global-hookah.com\/pt\/produto\/moedor-de-cannabis-com-cor-gradiente-de-56-mm\/\",\"url\":\"https:\/\/global-hookah.com\/pt\/produto\/moedor-de-cannabis-com-cor-gradiente-de-56-mm\/\",\"name\":\"56mm Gradient Color Cannabis Grinder - Global Hookah\",\"isPartOf\":{\"@id\":\"https:\/\/global-hookah.com\/#website\"},\"primaryImageOfPage\":{\"@id\":\"https:\/\/global-hookah.com\/pt\/produto\/moedor-de-cannabis-com-cor-gradiente-de-56-mm\/#primaryimage\"},\"image\":{\"@id\":\"https:\/\/global-hookah.com\/pt\/produto\/moedor-de-cannabis-com-cor-gradiente-de-56-mm\/#primaryimage\"},\"thumbnailUrl\":\"https:\/\/global-hookah.com\/wp-content\/uploads\/2024\/05\/kf-S3c48ef04480c444bbce3277d3a68106fX-56mm-Gradient-Color-Tobacco-Grinder-3-layer-Conical-Metal-Grass-Crusher-Grinding-Herb-for-Making-Cigarettes.webp\",\"datePublished\":\"2024-05-15T03:57:58+00:00\",\"dateModified\":\"2024-05-15T03:58:10+00:00\",\"breadcrumb\":{\"@id\":\"https:\/\/global-hookah.com\/pt\/produto\/moedor-de-cannabis-com-cor-gradiente-de-56-mm\/#breadcrumb\"},\"inLanguage\":\"de\",\"potentialAction\":[{\"@type\":\"ReadAction\",\"target\":[\"https:\/\/global-hookah.com\/pt\/produto\/moedor-de-cannabis-com-cor-gradiente-de-56-mm\/\"]}]},{\"@type\":\"ImageObject\",\"inLanguage\":\"de\",\"@id\":\"https:\/\/global-hookah.com\/pt\/produto\/moedor-de-cannabis-com-cor-gradiente-de-56-mm\/#primaryimage\",\"url\":\"https:\/\/global-hookah.com\/wp-content\/uploads\/2024\/05\/kf-S3c48ef04480c444bbce3277d3a68106fX-56mm-Gradient-Color-Tobacco-Grinder-3-layer-Conical-Metal-Grass-Crusher-Grinding-Herb-for-Making-Cigarettes.webp\",\"contentUrl\":\"https:\/\/global-hookah.com\/wp-content\/uploads\/2024\/05\/kf-S3c48ef04480c444bbce3277d3a68106fX-56mm-Gradient-Color-Tobacco-Grinder-3-layer-Conical-Metal-Grass-Crusher-Grinding-Herb-for-Making-Cigarettes.webp\",\"width\":1000,\"height\":1000},{\"@type\":\"BreadcrumbList\",\"@id\":\"https:\/\/global-hookah.com\/pt\/produto\/moedor-de-cannabis-com-cor-gradiente-de-56-mm\/#breadcrumb\",\"itemListElement\":[{\"@type\":\"ListItem\",\"position\":1,\"name\":\"Home\",\"item\":\"https:\/\/global-hookah.com\/\"},{\"@type\":\"ListItem\",\"position\":2,\"name\":\"Shop\",\"item\":\"https:\/\/global-hookah.com\/shop\/\"},{\"@type\":\"ListItem\",\"position\":3,\"name\":\"56mm Gradient Color Cannabis Grinder\"}]},{\"@type\":\"WebSite\",\"@id\":\"https:\/\/global-hookah.com\/#website\",\"url\":\"https:\/\/global-hookah.com\/\",\"name\":\"Global Hookah\",\"description\":\"Global Hookah\",\"publisher\":{\"@id\":\"https:\/\/global-hookah.com\/#organization\"},\"potentialAction\":[{\"@type\":\"SearchAction\",\"target\":{\"@type\":\"EntryPoint\",\"urlTemplate\":\"https:\/\/global-hookah.com\/?s={search_term_string}\"},\"query-input\":{\"@type\":\"PropertyValueSpecification\",\"valueRequired\":true,\"valueName\":\"search_term_string\"}}],\"inLanguage\":\"de\"},{\"@type\":\"Organization\",\"@id\":\"https:\/\/global-hookah.com\/#organization\",\"name\":\"Global Hookah\",\"url\":\"https:\/\/global-hookah.com\/\",\"logo\":{\"@type\":\"ImageObject\",\"inLanguage\":\"de\",\"@id\":\"https:\/\/global-hookah.com\/#\/schema\/logo\/image\/\",\"url\":\"https:\/\/global-hookah.com\/wp-content\/uploads\/2021\/10\/cropped-fgg.png\",\"contentUrl\":\"https:\/\/global-hookah.com\/wp-content\/uploads\/2021\/10\/cropped-fgg.png\",\"width\":512,\"height\":512,\"caption\":\"Global Hookah\"},\"image\":{\"@id\":\"https:\/\/global-hookah.com\/#\/schema\/logo\/image\/\"}}]}<\/script>\n<!-- \/ Yoast SEO Premium plugin. -->","yoast_head_json":{"title":"56mm Gradient Farbe Cannabis Grinder - Global Hookah","robots":{"index":"index","follow":"follow","max-snippet":"max-snippet:-1","max-image-preview":"max-image-preview:large","max-video-preview":"max-video-preview:-1"},"canonical":"https:\/\/global-hookah.com\/de\/pt\/produto\/moedor-de-cannabis-com-cor-gradiente-de-56-mm\/","og_locale":"de_DE","og_type":"article","og_title":"56mm Gradient Color Cannabis Grinder","og_description":"Shape:&nbsp;Free Type Model Number:&nbsp;56mm Gradient Color Conical Tobacco Grinder Material:&nbsp;Metal Brand Name:&nbsp;Arrebol Origin:&nbsp;Mainland China Material:&nbsp;Aluminum Alloy Weight:&nbsp;About 137g Size:&nbsp;56*56*62MM Color:&nbsp;Gradient","og_url":"https:\/\/global-hookah.com\/de\/pt\/produto\/moedor-de-cannabis-com-cor-gradiente-de-56-mm\/","og_site_name":"Global Hookah","article_modified_time":"2024-05-15T03:58:10+00:00","og_image":[{"width":1000,"height":1000,"url":"https:\/\/global-hookah.com\/wp-content\/uploads\/2024\/05\/kf-S3c48ef04480c444bbce3277d3a68106fX-56mm-Gradient-Color-Tobacco-Grinder-3-layer-Conical-Metal-Grass-Crusher-Grinding-Herb-for-Making-Cigarettes.webp","type":"image\/webp"}],"twitter_card":"summary_large_image","twitter_misc":{"Gesch\u00e4tzte Lesezeit":"1\u00a0Minute"},"schema":{"@context":"https:\/\/schema.org","@graph":[{"@type":"WebPage","@id":"https:\/\/global-hookah.com\/pt\/produto\/moedor-de-cannabis-com-cor-gradiente-de-56-mm\/","url":"https:\/\/global-hookah.com\/pt\/produto\/moedor-de-cannabis-com-cor-gradiente-de-56-mm\/","name":"56mm Gradient Farbe Cannabis Grinder - Global Hookah","isPartOf":{"@id":"https:\/\/global-hookah.com\/#website"},"primaryImageOfPage":{"@id":"https:\/\/global-hookah.com\/pt\/produto\/moedor-de-cannabis-com-cor-gradiente-de-56-mm\/#primaryimage"},"image":{"@id":"https:\/\/global-hookah.com\/pt\/produto\/moedor-de-cannabis-com-cor-gradiente-de-56-mm\/#primaryimage"},"thumbnailUrl":"https:\/\/global-hookah.com\/wp-content\/uploads\/2024\/05\/kf-S3c48ef04480c444bbce3277d3a68106fX-56mm-Gradient-Color-Tobacco-Grinder-3-layer-Conical-Metal-Grass-Crusher-Grinding-Herb-for-Making-Cigarettes.webp","datePublished":"2024-05-15T03:57:58+00:00","dateModified":"2024-05-15T03:58:10+00:00","breadcrumb":{"@id":"https:\/\/global-hookah.com\/pt\/produto\/moedor-de-cannabis-com-cor-gradiente-de-56-mm\/#breadcrumb"},"inLanguage":"de","potentialAction":[{"@type":"ReadAction","target":["https:\/\/global-hookah.com\/pt\/produto\/moedor-de-cannabis-com-cor-gradiente-de-56-mm\/"]}]},{"@type":"ImageObject","inLanguage":"de","@id":"https:\/\/global-hookah.com\/pt\/produto\/moedor-de-cannabis-com-cor-gradiente-de-56-mm\/#primaryimage","url":"https:\/\/global-hookah.com\/wp-content\/uploads\/2024\/05\/kf-S3c48ef04480c444bbce3277d3a68106fX-56mm-Gradient-Color-Tobacco-Grinder-3-layer-Conical-Metal-Grass-Crusher-Grinding-Herb-for-Making-Cigarettes.webp","contentUrl":"https:\/\/global-hookah.com\/wp-content\/uploads\/2024\/05\/kf-S3c48ef04480c444bbce3277d3a68106fX-56mm-Gradient-Color-Tobacco-Grinder-3-layer-Conical-Metal-Grass-Crusher-Grinding-Herb-for-Making-Cigarettes.webp","width":1000,"height":1000},{"@type":"BreadcrumbList","@id":"https:\/\/global-hookah.com\/pt\/produto\/moedor-de-cannabis-com-cor-gradiente-de-56-mm\/#breadcrumb","itemListElement":[{"@type":"ListItem","position":1,"name":"Home","item":"https:\/\/global-hookah.com\/"},{"@type":"ListItem","position":2,"name":"Shop","item":"https:\/\/global-hookah.com\/shop\/"},{"@type":"ListItem","position":3,"name":"56mm Gradient Color Cannabis Grinder"}]},{"@type":"WebSite","@id":"https:\/\/global-hookah.com\/#website","url":"https:\/\/global-hookah.com\/","name":"Globale Wasserpfeife","description":"Globale Wasserpfeife","publisher":{"@id":"https:\/\/global-hookah.com\/#organization"},"potentialAction":[{"@type":"SearchAction","target":{"@type":"EntryPoint","urlTemplate":"https:\/\/global-hookah.com\/?s={search_term_string}"},"query-input":{"@type":"PropertyValueSpecification","valueRequired":true,"valueName":"search_term_string"}}],"inLanguage":"de"},{"@type":"Organization","@id":"https:\/\/global-hookah.com\/#organization","name":"Globale Wasserpfeife","url":"https:\/\/global-hookah.com\/","logo":{"@type":"ImageObject","inLanguage":"de","@id":"https:\/\/global-hookah.com\/#\/schema\/logo\/image\/","url":"https:\/\/global-hookah.com\/wp-content\/uploads\/2021\/10\/cropped-fgg.png","contentUrl":"https:\/\/global-hookah.com\/wp-content\/uploads\/2021\/10\/cropped-fgg.png","width":512,"height":512,"caption":"Global Hookah"},"image":{"@id":"https:\/\/global-hookah.com\/#\/schema\/logo\/image\/"}}]}},"_links":{"self":[{"href":"https:\/\/global-hookah.com\/de\/wp-json\/wp\/v2\/product\/22354","targetHints":{"allow":["GET"]}}],"collection":[{"href":"https:\/\/global-hookah.com\/de\/wp-json\/wp\/v2\/product"}],"about":[{"href":"https:\/\/global-hookah.com\/de\/wp-json\/wp\/v2\/types\/product"}],"replies":[{"embeddable":true,"href":"https:\/\/global-hookah.com\/de\/wp-json\/wp\/v2\/comments?post=22354"}],"version-history":[{"count":0,"href":"https:\/\/global-hookah.com\/de\/wp-json\/wp\/v2\/product\/22354\/revisions"}],"wp:featuredmedia":[{"embeddable":true,"href":"https:\/\/global-hookah.com\/de\/wp-json\/wp\/v2\/media\/22355"}],"wp:attachment":[{"href":"https:\/\/global-hookah.com\/de\/wp-json\/wp\/v2\/media?parent=22354"}],"wp:term":[{"taxonomy":"product_brand","embeddable":true,"href":"https:\/\/global-hookah.com\/de\/wp-json\/wp\/v2\/product_brand?post=22354"},{"taxonomy":"product_cat","embeddable":true,"href":"https:\/\/global-hookah.com\/de\/wp-json\/wp\/v2\/product_cat?post=22354"},{"taxonomy":"product_tag","embeddable":true,"href":"https:\/\/global-hookah.com\/de\/wp-json\/wp\/v2\/product_tag?post=22354"}],"curies":[{"name":"wp","href":"https:\/\/api.w.org\/{rel}","templated":true}]}}