{"id":22431,"date":"2024-05-15T06:13:32","date_gmt":"2024-05-15T06:13:32","guid":{"rendered":"https:\/\/global-hookah.com\/product\/63mm-herb-grinder-smoke-cigarette-accessories-tobacco-miller-crusher-5-layer-dry-herb-spices-grass-metal-grinders-diamond-rudder\/"},"modified":"2024-05-15T06:13:38","modified_gmt":"2024-05-15T06:13:38","slug":"63mm-herb-grinder-smoke-cigarette-accessories-tobacco-miller-crusher-5-layer-dry-herb-spices-grass-metal-grinders-diamond-rudder","status":"publish","type":"product","link":"https:\/\/global-hookah.com\/de\/produkt\/63mm-herb-grinder-smoke-cigarette-accessories-tobacco-miller-crusher-5-layer-dry-herb-spices-grass-metal-grinders-diamond-rudder\/","title":{"rendered":"63mm Herb Grinder Smoke Zigaretten Zubeh\u00f6r Tabak Miller Crusher 5 Layer Dry Herb Spices Grass Metal Grinders Diamond Rudder"},"content":{"rendered":"<p>\u00a0<\/p>\n<div class=\"product-specs-list-container\">\n<ul class=\"product-specs-list util-clearfix\">\n<li class=\"product-prop line-limit-length\"><span class=\"property-title\">Die Form:\u00a0<\/span><span class=\"property-desc line-limit-length\">Geschenkbox<\/span><\/li>\n<li class=\"product-prop line-limit-length\"><span class=\"property-title\">Modellnummer:\u00a0<\/span><span class=\"property-desc line-limit-length\">mtgt<\/span><\/li>\n<li class=\"product-prop line-limit-length\"><span class=\"property-title\">Material:\u00a0<\/span><span class=\"property-desc line-limit-length\">Metall<\/span><\/li>\n<li class=\"product-prop line-limit-length\"><span class=\"property-title\">Markenname:\u00a0<\/span><span class=\"property-desc line-limit-length\">BEYOU LABS<\/span><\/li>\n<li class=\"product-prop line-limit-length\"><span class=\"property-title\">Herkunft:\u00a0<\/span><span class=\"property-desc line-limit-length\">Festland China<\/span><\/li>\n<li class=\"product-prop line-limit-length\"><span class=\"property-title\">Muster:\u00a0<\/span><span class=\"property-desc line-limit-length\">Holz<\/span><\/li>\n<li class=\"product-prop line-limit-length\"><span class=\"property-title\">Handwerk:\u00a0<\/span><span class=\"property-desc line-limit-length\">mehrlagig<\/span><\/li>\n<li class=\"product-prop line-limit-length\"><span class=\"property-title\">Material:\u00a0<\/span><span class=\"property-desc line-limit-length\">Holz Zinklegierung Kunststoff<\/span><\/li>\n<li class=\"product-prop line-limit-length\"><span class=\"property-title\">Nettogewicht:\u00a0<\/span><span class=\"property-desc line-limit-length\">etwa 220g<\/span><\/li>\n<li class=\"product-prop line-limit-length\"><span class=\"property-title\">Artikel:\u00a0<\/span><span class=\"property-desc line-limit-length\">Smoke Grinder f\u00fcr Blunts Joints Kr\u00e4uterschleifmaschine<\/span><\/li>\n<li class=\"product-prop line-limit-length\"><span class=\"property-title\">Art:\u00a0<\/span><span class=\"property-desc line-limit-length\">Zigaretten Bl\u00e4tter M\u00fchlen<\/span><\/li>\n<li class=\"product-prop line-limit-length\"><span class=\"property-title\">Verwendung:\u00a0<\/span><span class=\"property-desc line-limit-length\">Zigarren-Brecher<\/span><\/li>\n<li class=\"product-prop line-limit-length\"><span class=\"property-title\">Gr\u00f6\u00dfe:\u00a0<\/span><span class=\"property-desc line-limit-length\">63mm Mini-Muller-Werkzeugmaschinen<\/span><\/li>\n<li class=\"product-prop line-limit-length\"><span class=\"property-title\">Spezifisch:\u00a0<\/span><span class=\"property-desc line-limit-length\">5-Schicht-Kr\u00e4uter-St\u00fcck-Schleifer Gadgets<\/span><\/li>\n<\/ul>\n<\/div>\n<div class=\"detailmodule_text\">\n<p>\u00a0<\/p>\n<p><span style=\"font-size: 24px;\">5 Schichten neue Handm\u00fchle Brecher Raucherpfeife Zubeh\u00f6r Diamant dekorieren 63mm trockenes Kraut Tabakm\u00fchle f\u00fcr Zigarette Gew\u00fcrze K\u00f6rner Blume Kr\u00e4uter Tee Bohnen<\/span><\/p>\n<p>Holz + Zinklegierung + Kunststoff<br \/>Produkt-Zubeh\u00f6r: 1 Satz Grinder in zuf\u00e4lliger Farbe Lieferung<br \/>Zahndeckel x 1; Zahnfilter x 1; Maschenfilter x 1; Visualisierungsschutz x 1; Aufbewahrungskoffer x 1; Minischaufel x 1<\/p>\n<p>Grinder mit 5 Teilen von Schichten und sch\u00f6ne Qualit\u00e4t f\u00fcr Zink-Legierung, langlebig und tragbar.<br \/>Man kann dieses Kraut zum Mahlen von Gew\u00fcrzen, Tabak oder anderen Dingen verwenden.<br \/>Das Kraut ist mit einem Magneten versehen, der verhindert, dass es sich von der zweiten Schicht und Ihrer Hand l\u00f6st.<br \/>Einfach zu bedienen, legen Sie Gew\u00fcrze in sie, schlie\u00dfen Sie den Deckel dann einfach drehen, ein paar Mal dann fertig sein.<\/p>\n<\/div>\n<div class=\"detailmodule_image\">\u00a0<\/div>\n<div class=\"detailmodule_text\">\n<p class=\"detail-desc-decorate-content\" style=\"font-family: OpenSans; font-size: 14px; font-weight: 300; line-height: 20px; white-space: pre-wrap; color: #000000; margin-bottom: 12px;\">Hinweis:<br \/>Bitte erlauben Sie 1-2cm Messabweichung aufgrund der manuellen Messung.<br \/>1 Zoll = 2,5400000000102cm<br \/>Aufgrund des Unterschieds zwischen verschiedenen Monitoren, k\u00f6nnen die Bilder nicht die tats\u00e4chliche Farbe des Artikels widerspiegeln, hoffen, dass Ihr freundliches Verst\u00e4ndnis, ich danke Ihnen~<\/p>\n<\/div>\n<p><img decoding=\"async\" src=\"https:\/\/ae01.alicdn.com\/kf\/S75cf2756c6164cff9f1aa1d30d4ea8c8T.jpg\" \/><img decoding=\"async\" src=\"https:\/\/ae01.alicdn.com\/kf\/S303354053e3248cf9f91c1e9f99b2671x.jpg\" \/><img decoding=\"async\" src=\"https:\/\/ae01.alicdn.com\/kf\/S6c54724204404ea3a8d3ccf551cdfe70g.jpg\" \/><img decoding=\"async\" src=\"https:\/\/ae01.alicdn.com\/kf\/Se825ee16f58b4010840130ea0c49a1e6n.jpg\" \/><img decoding=\"async\" src=\"https:\/\/ae01.alicdn.com\/kf\/S79c4a571ae814b34b525c31cc8cfa3f54.jpg\" \/><img decoding=\"async\" src=\"https:\/\/ae01.alicdn.com\/kf\/Sc851f64b0dfb4d17b919107ba6c19600v.jpg\" \/><img decoding=\"async\" src=\"https:\/\/ae01.alicdn.com\/kf\/S8df5ba3127604f86a42006389fd4fa72Z.jpg\" \/><\/p>\n<p>\u00a0<\/p>","protected":false},"excerpt":{"rendered":"<p>\u00a0 Form: Geschenkbox Modellnummer: mtgt Material: Metall Markenname: BEYOU LABS Herkunft: Festland China Muster: Holz Handwerk: mehrlagig Material: Holz Zinklegierung Kunststoff Nettogewicht: etwa 220g<\/p>","protected":false},"featured_media":22432,"comment_status":"","ping_status":"closed","template":"","meta":{"iawp_total_views":4,"_joinchat":[]},"product_brand":[],"product_cat":[770],"product_tag":[],"class_list":{"0":"post-22431","1":"product","2":"type-product","3":"status-publish","4":"has-post-thumbnail","6":"product_cat-wholesale-grinder","8":"first","9":"instock","10":"shipping-taxable","11":"purchasable","12":"product-type-variable"},"yoast_head":"<!-- This site is optimized with the Yoast SEO Premium plugin v24.7 (Yoast SEO v26.8) - https:\/\/yoast.com\/product\/yoast-seo-premium-wordpress\/ -->\n<title>63mm Herb Grinder Smoke Cigarette Accessories Tobacco Miller Crusher 5 Layer Dry Herb Spices Grass Metal Grinders Diamond Rudder - Global Hookah<\/title>\n<meta name=\"robots\" content=\"index, follow, max-snippet:-1, max-image-preview:large, max-video-preview:-1\" \/>\n<link rel=\"canonical\" href=\"https:\/\/global-hookah.com\/de\/ru\/\u043f\u0440\u043e\u0434\u0443\u043a\u0442\/63mm-herb-grinder-smoke-cigarette-accessories-tobacco-miller-crusher-5-layer-dry-herb-spices-grass-metal-grinders-diamond-rudder\/\" \/>\n<meta property=\"og:locale\" content=\"de_DE\" \/>\n<meta property=\"og:type\" content=\"article\" \/>\n<meta property=\"og:title\" content=\"63mm Herb Grinder Smoke Cigarette Accessories Tobacco Miller Crusher 5 Layer Dry Herb Spices Grass Metal Grinders Diamond Rudder\" \/>\n<meta property=\"og:description\" content=\"\u00a0 Shape:\u00a0Gift Box Model Number:\u00a0mtgt Material:\u00a0Metal Brand Name:\u00a0BEYOU LABS Origin:\u00a0Mainland China Pattern:\u00a0wooden Craft:\u00a0multi-layes Material:\u00a0Wooden Zinc Alloy Plastic Net weight:\u00a0about 220g\" \/>\n<meta property=\"og:url\" content=\"https:\/\/global-hookah.com\/de\/ru\/\u043f\u0440\u043e\u0434\u0443\u043a\u0442\/63mm-herb-grinder-smoke-cigarette-accessories-tobacco-miller-crusher-5-layer-dry-herb-spices-grass-metal-grinders-diamond-rudder\/\" \/>\n<meta property=\"og:site_name\" content=\"Global Hookah\" \/>\n<meta property=\"article:modified_time\" content=\"2024-05-15T06:13:38+00:00\" \/>\n<meta property=\"og:image\" content=\"https:\/\/global-hookah.com\/wp-content\/uploads\/2024\/05\/kf-S9c0c5771aed54f5f87d0e8e992a699b0M-63mm-Herb-Grinder-Smoke-Cigarette-Accessories-Tobacco-Miller-Crusher-5-Layer-Dry-Herb-Spices-Grass-Metal.webp\" \/>\n\t<meta property=\"og:image:width\" content=\"1000\" \/>\n\t<meta property=\"og:image:height\" content=\"1000\" \/>\n\t<meta property=\"og:image:type\" content=\"image\/webp\" \/>\n<meta name=\"twitter:card\" content=\"summary_large_image\" \/>\n<meta name=\"twitter:label1\" content=\"Gesch\u00e4tzte Lesezeit\" \/>\n\t<meta name=\"twitter:data1\" content=\"1\u00a0Minute\" \/>\n<script type=\"application\/ld+json\" class=\"yoast-schema-graph\">{\"@context\":\"https:\/\/schema.org\",\"@graph\":[{\"@type\":\"WebPage\",\"@id\":\"https:\/\/global-hookah.com\/ru\/\u043f\u0440\u043e\u0434\u0443\u043a\u0442\/63mm-herb-grinder-smoke-cigarette-accessories-tobacco-miller-crusher-5-layer-dry-herb-spices-grass-metal-grinders-diamond-rudder\/\",\"url\":\"https:\/\/global-hookah.com\/ru\/\u043f\u0440\u043e\u0434\u0443\u043a\u0442\/63mm-herb-grinder-smoke-cigarette-accessories-tobacco-miller-crusher-5-layer-dry-herb-spices-grass-metal-grinders-diamond-rudder\/\",\"name\":\"63mm Herb Grinder Smoke Cigarette Accessories Tobacco Miller Crusher 5 Layer Dry Herb Spices Grass Metal Grinders Diamond Rudder - Global Hookah\",\"isPartOf\":{\"@id\":\"https:\/\/global-hookah.com\/#website\"},\"primaryImageOfPage\":{\"@id\":\"https:\/\/global-hookah.com\/ru\/\u043f\u0440\u043e\u0434\u0443\u043a\u0442\/63mm-herb-grinder-smoke-cigarette-accessories-tobacco-miller-crusher-5-layer-dry-herb-spices-grass-metal-grinders-diamond-rudder\/#primaryimage\"},\"image\":{\"@id\":\"https:\/\/global-hookah.com\/ru\/\u043f\u0440\u043e\u0434\u0443\u043a\u0442\/63mm-herb-grinder-smoke-cigarette-accessories-tobacco-miller-crusher-5-layer-dry-herb-spices-grass-metal-grinders-diamond-rudder\/#primaryimage\"},\"thumbnailUrl\":\"https:\/\/global-hookah.com\/wp-content\/uploads\/2024\/05\/kf-S9c0c5771aed54f5f87d0e8e992a699b0M-63mm-Herb-Grinder-Smoke-Cigarette-Accessories-Tobacco-Miller-Crusher-5-Layer-Dry-Herb-Spices-Grass-Metal.webp\",\"datePublished\":\"2024-05-15T06:13:32+00:00\",\"dateModified\":\"2024-05-15T06:13:38+00:00\",\"breadcrumb\":{\"@id\":\"https:\/\/global-hookah.com\/ru\/\u043f\u0440\u043e\u0434\u0443\u043a\u0442\/63mm-herb-grinder-smoke-cigarette-accessories-tobacco-miller-crusher-5-layer-dry-herb-spices-grass-metal-grinders-diamond-rudder\/#breadcrumb\"},\"inLanguage\":\"de\",\"potentialAction\":[{\"@type\":\"ReadAction\",\"target\":[\"https:\/\/global-hookah.com\/ru\/\u043f\u0440\u043e\u0434\u0443\u043a\u0442\/63mm-herb-grinder-smoke-cigarette-accessories-tobacco-miller-crusher-5-layer-dry-herb-spices-grass-metal-grinders-diamond-rudder\/\"]}]},{\"@type\":\"ImageObject\",\"inLanguage\":\"de\",\"@id\":\"https:\/\/global-hookah.com\/ru\/\u043f\u0440\u043e\u0434\u0443\u043a\u0442\/63mm-herb-grinder-smoke-cigarette-accessories-tobacco-miller-crusher-5-layer-dry-herb-spices-grass-metal-grinders-diamond-rudder\/#primaryimage\",\"url\":\"https:\/\/global-hookah.com\/wp-content\/uploads\/2024\/05\/kf-S9c0c5771aed54f5f87d0e8e992a699b0M-63mm-Herb-Grinder-Smoke-Cigarette-Accessories-Tobacco-Miller-Crusher-5-Layer-Dry-Herb-Spices-Grass-Metal.webp\",\"contentUrl\":\"https:\/\/global-hookah.com\/wp-content\/uploads\/2024\/05\/kf-S9c0c5771aed54f5f87d0e8e992a699b0M-63mm-Herb-Grinder-Smoke-Cigarette-Accessories-Tobacco-Miller-Crusher-5-Layer-Dry-Herb-Spices-Grass-Metal.webp\",\"width\":1000,\"height\":1000},{\"@type\":\"BreadcrumbList\",\"@id\":\"https:\/\/global-hookah.com\/ru\/\u043f\u0440\u043e\u0434\u0443\u043a\u0442\/63mm-herb-grinder-smoke-cigarette-accessories-tobacco-miller-crusher-5-layer-dry-herb-spices-grass-metal-grinders-diamond-rudder\/#breadcrumb\",\"itemListElement\":[{\"@type\":\"ListItem\",\"position\":1,\"name\":\"Home\",\"item\":\"https:\/\/global-hookah.com\/\"},{\"@type\":\"ListItem\",\"position\":2,\"name\":\"Shop\",\"item\":\"https:\/\/global-hookah.com\/shop\/\"},{\"@type\":\"ListItem\",\"position\":3,\"name\":\"63mm Herb Grinder Smoke Cigarette Accessories Tobacco Miller Crusher 5 Layer Dry Herb Spices Grass Metal Grinders Diamond Rudder\"}]},{\"@type\":\"WebSite\",\"@id\":\"https:\/\/global-hookah.com\/#website\",\"url\":\"https:\/\/global-hookah.com\/\",\"name\":\"Global Hookah\",\"description\":\"Global Hookah\",\"publisher\":{\"@id\":\"https:\/\/global-hookah.com\/#organization\"},\"potentialAction\":[{\"@type\":\"SearchAction\",\"target\":{\"@type\":\"EntryPoint\",\"urlTemplate\":\"https:\/\/global-hookah.com\/?s={search_term_string}\"},\"query-input\":{\"@type\":\"PropertyValueSpecification\",\"valueRequired\":true,\"valueName\":\"search_term_string\"}}],\"inLanguage\":\"de\"},{\"@type\":\"Organization\",\"@id\":\"https:\/\/global-hookah.com\/#organization\",\"name\":\"Global Hookah\",\"url\":\"https:\/\/global-hookah.com\/\",\"logo\":{\"@type\":\"ImageObject\",\"inLanguage\":\"de\",\"@id\":\"https:\/\/global-hookah.com\/#\/schema\/logo\/image\/\",\"url\":\"https:\/\/global-hookah.com\/wp-content\/uploads\/2021\/10\/cropped-fgg.png\",\"contentUrl\":\"https:\/\/global-hookah.com\/wp-content\/uploads\/2021\/10\/cropped-fgg.png\",\"width\":512,\"height\":512,\"caption\":\"Global Hookah\"},\"image\":{\"@id\":\"https:\/\/global-hookah.com\/#\/schema\/logo\/image\/\"}}]}<\/script>\n<!-- \/ Yoast SEO Premium plugin. -->","yoast_head_json":{"title":"63mm Herb Grinder Smoke Cigarette Accessories Tobacco Miller Crusher 5 Layer Dry Herb Spices Grass Metal Grinders Diamond Rudder - Global Hookah","robots":{"index":"index","follow":"follow","max-snippet":"max-snippet:-1","max-image-preview":"max-image-preview:large","max-video-preview":"max-video-preview:-1"},"canonical":"https:\/\/global-hookah.com\/de\/ru\/\u043f\u0440\u043e\u0434\u0443\u043a\u0442\/63mm-herb-grinder-smoke-cigarette-accessories-tobacco-miller-crusher-5-layer-dry-herb-spices-grass-metal-grinders-diamond-rudder\/","og_locale":"de_DE","og_type":"article","og_title":"63mm Herb Grinder Smoke Cigarette Accessories Tobacco Miller Crusher 5 Layer Dry Herb Spices Grass Metal Grinders Diamond Rudder","og_description":"\u00a0 Shape:\u00a0Gift Box Model Number:\u00a0mtgt Material:\u00a0Metal Brand Name:\u00a0BEYOU LABS Origin:\u00a0Mainland China Pattern:\u00a0wooden Craft:\u00a0multi-layes Material:\u00a0Wooden Zinc Alloy Plastic Net weight:\u00a0about 220g","og_url":"https:\/\/global-hookah.com\/de\/ru\/\u043f\u0440\u043e\u0434\u0443\u043a\u0442\/63mm-herb-grinder-smoke-cigarette-accessories-tobacco-miller-crusher-5-layer-dry-herb-spices-grass-metal-grinders-diamond-rudder\/","og_site_name":"Global Hookah","article_modified_time":"2024-05-15T06:13:38+00:00","og_image":[{"width":1000,"height":1000,"url":"https:\/\/global-hookah.com\/wp-content\/uploads\/2024\/05\/kf-S9c0c5771aed54f5f87d0e8e992a699b0M-63mm-Herb-Grinder-Smoke-Cigarette-Accessories-Tobacco-Miller-Crusher-5-Layer-Dry-Herb-Spices-Grass-Metal.webp","type":"image\/webp"}],"twitter_card":"summary_large_image","twitter_misc":{"Gesch\u00e4tzte Lesezeit":"1\u00a0Minute"},"schema":{"@context":"https:\/\/schema.org","@graph":[{"@type":"WebPage","@id":"https:\/\/global-hookah.com\/ru\/\u043f\u0440\u043e\u0434\u0443\u043a\u0442\/63mm-herb-grinder-smoke-cigarette-accessories-tobacco-miller-crusher-5-layer-dry-herb-spices-grass-metal-grinders-diamond-rudder\/","url":"https:\/\/global-hookah.com\/ru\/\u043f\u0440\u043e\u0434\u0443\u043a\u0442\/63mm-herb-grinder-smoke-cigarette-accessories-tobacco-miller-crusher-5-layer-dry-herb-spices-grass-metal-grinders-diamond-rudder\/","name":"63mm Herb Grinder Smoke Cigarette Accessories Tobacco Miller Crusher 5 Layer Dry Herb Spices Grass Metal Grinders Diamond Rudder - Global Hookah","isPartOf":{"@id":"https:\/\/global-hookah.com\/#website"},"primaryImageOfPage":{"@id":"https:\/\/global-hookah.com\/ru\/\u043f\u0440\u043e\u0434\u0443\u043a\u0442\/63mm-herb-grinder-smoke-cigarette-accessories-tobacco-miller-crusher-5-layer-dry-herb-spices-grass-metal-grinders-diamond-rudder\/#primaryimage"},"image":{"@id":"https:\/\/global-hookah.com\/ru\/\u043f\u0440\u043e\u0434\u0443\u043a\u0442\/63mm-herb-grinder-smoke-cigarette-accessories-tobacco-miller-crusher-5-layer-dry-herb-spices-grass-metal-grinders-diamond-rudder\/#primaryimage"},"thumbnailUrl":"https:\/\/global-hookah.com\/wp-content\/uploads\/2024\/05\/kf-S9c0c5771aed54f5f87d0e8e992a699b0M-63mm-Herb-Grinder-Smoke-Cigarette-Accessories-Tobacco-Miller-Crusher-5-Layer-Dry-Herb-Spices-Grass-Metal.webp","datePublished":"2024-05-15T06:13:32+00:00","dateModified":"2024-05-15T06:13:38+00:00","breadcrumb":{"@id":"https:\/\/global-hookah.com\/ru\/\u043f\u0440\u043e\u0434\u0443\u043a\u0442\/63mm-herb-grinder-smoke-cigarette-accessories-tobacco-miller-crusher-5-layer-dry-herb-spices-grass-metal-grinders-diamond-rudder\/#breadcrumb"},"inLanguage":"de","potentialAction":[{"@type":"ReadAction","target":["https:\/\/global-hookah.com\/ru\/\u043f\u0440\u043e\u0434\u0443\u043a\u0442\/63mm-herb-grinder-smoke-cigarette-accessories-tobacco-miller-crusher-5-layer-dry-herb-spices-grass-metal-grinders-diamond-rudder\/"]}]},{"@type":"ImageObject","inLanguage":"de","@id":"https:\/\/global-hookah.com\/ru\/\u043f\u0440\u043e\u0434\u0443\u043a\u0442\/63mm-herb-grinder-smoke-cigarette-accessories-tobacco-miller-crusher-5-layer-dry-herb-spices-grass-metal-grinders-diamond-rudder\/#primaryimage","url":"https:\/\/global-hookah.com\/wp-content\/uploads\/2024\/05\/kf-S9c0c5771aed54f5f87d0e8e992a699b0M-63mm-Herb-Grinder-Smoke-Cigarette-Accessories-Tobacco-Miller-Crusher-5-Layer-Dry-Herb-Spices-Grass-Metal.webp","contentUrl":"https:\/\/global-hookah.com\/wp-content\/uploads\/2024\/05\/kf-S9c0c5771aed54f5f87d0e8e992a699b0M-63mm-Herb-Grinder-Smoke-Cigarette-Accessories-Tobacco-Miller-Crusher-5-Layer-Dry-Herb-Spices-Grass-Metal.webp","width":1000,"height":1000},{"@type":"BreadcrumbList","@id":"https:\/\/global-hookah.com\/ru\/\u043f\u0440\u043e\u0434\u0443\u043a\u0442\/63mm-herb-grinder-smoke-cigarette-accessories-tobacco-miller-crusher-5-layer-dry-herb-spices-grass-metal-grinders-diamond-rudder\/#breadcrumb","itemListElement":[{"@type":"ListItem","position":1,"name":"Home","item":"https:\/\/global-hookah.com\/"},{"@type":"ListItem","position":2,"name":"Shop","item":"https:\/\/global-hookah.com\/shop\/"},{"@type":"ListItem","position":3,"name":"63mm Herb Grinder Smoke Cigarette Accessories Tobacco Miller Crusher 5 Layer Dry Herb Spices Grass Metal Grinders Diamond Rudder"}]},{"@type":"WebSite","@id":"https:\/\/global-hookah.com\/#website","url":"https:\/\/global-hookah.com\/","name":"Globale Wasserpfeife","description":"Globale Wasserpfeife","publisher":{"@id":"https:\/\/global-hookah.com\/#organization"},"potentialAction":[{"@type":"SearchAction","target":{"@type":"EntryPoint","urlTemplate":"https:\/\/global-hookah.com\/?s={search_term_string}"},"query-input":{"@type":"PropertyValueSpecification","valueRequired":true,"valueName":"search_term_string"}}],"inLanguage":"de"},{"@type":"Organization","@id":"https:\/\/global-hookah.com\/#organization","name":"Globale Wasserpfeife","url":"https:\/\/global-hookah.com\/","logo":{"@type":"ImageObject","inLanguage":"de","@id":"https:\/\/global-hookah.com\/#\/schema\/logo\/image\/","url":"https:\/\/global-hookah.com\/wp-content\/uploads\/2021\/10\/cropped-fgg.png","contentUrl":"https:\/\/global-hookah.com\/wp-content\/uploads\/2021\/10\/cropped-fgg.png","width":512,"height":512,"caption":"Global Hookah"},"image":{"@id":"https:\/\/global-hookah.com\/#\/schema\/logo\/image\/"}}]}},"_links":{"self":[{"href":"https:\/\/global-hookah.com\/de\/wp-json\/wp\/v2\/product\/22431","targetHints":{"allow":["GET"]}}],"collection":[{"href":"https:\/\/global-hookah.com\/de\/wp-json\/wp\/v2\/product"}],"about":[{"href":"https:\/\/global-hookah.com\/de\/wp-json\/wp\/v2\/types\/product"}],"replies":[{"embeddable":true,"href":"https:\/\/global-hookah.com\/de\/wp-json\/wp\/v2\/comments?post=22431"}],"version-history":[{"count":0,"href":"https:\/\/global-hookah.com\/de\/wp-json\/wp\/v2\/product\/22431\/revisions"}],"wp:featuredmedia":[{"embeddable":true,"href":"https:\/\/global-hookah.com\/de\/wp-json\/wp\/v2\/media\/22432"}],"wp:attachment":[{"href":"https:\/\/global-hookah.com\/de\/wp-json\/wp\/v2\/media?parent=22431"}],"wp:term":[{"taxonomy":"product_brand","embeddable":true,"href":"https:\/\/global-hookah.com\/de\/wp-json\/wp\/v2\/product_brand?post=22431"},{"taxonomy":"product_cat","embeddable":true,"href":"https:\/\/global-hookah.com\/de\/wp-json\/wp\/v2\/product_cat?post=22431"},{"taxonomy":"product_tag","embeddable":true,"href":"https:\/\/global-hookah.com\/de\/wp-json\/wp\/v2\/product_tag?post=22431"}],"curies":[{"name":"wp","href":"https:\/\/api.w.org\/{rel}","templated":true}]}}