{"id":22449,"date":"2024-05-15T06:18:21","date_gmt":"2024-05-15T06:18:21","guid":{"rendered":"https:\/\/global-hookah.com\/product\/4-layer-zinc-alloy-cool-weed-grinder-wholesale\/"},"modified":"2024-05-15T06:18:27","modified_gmt":"2024-05-15T06:18:27","slug":"4-layer-zinc-alloy-cool-weed-grinder-wholesale","status":"publish","type":"product","link":"https:\/\/global-hookah.com\/de\/produkt\/4-layer-zinc-alloy-cool-weed-grinder-wholesale\/","title":{"rendered":"4-Schicht-Zink-Legierung Cool Weed Grinder Gro\u00dfhandel"},"content":{"rendered":"<div class=\"product-specs-list-container\">\n<ul class=\"product-specs-list util-clearfix\">\n<li class=\"product-prop line-limit-length\"><span\n\t\t\t\t\t\t\t\t\tclass=\"property-title\">Modellnummer:&nbsp;<\/span><span\n\t\t\t\t\t\t\t\t\tclass=\"property-desc line-limit-length\">20678<\/span>\n\t\t\t\t\t\t<\/li>\n<li class=\"product-prop line-limit-length\"><span\n\t\t\t\t\t\t\t\t\tclass=\"property-title\">Die Technik:&nbsp;<\/span><span\n\t\t\t\t\t\t\t\t\tclass=\"property-desc line-limit-length\">GEFROREN<\/span>\n\t\t\t\t\t\t<\/li>\n<li class=\"product-prop line-limit-length\"><span\n\t\t\t\t\t\t\t\t\tclass=\"property-title\">Material:&nbsp;<\/span><span\n\t\t\t\t\t\t\t\t\tclass=\"property-desc line-limit-length\">Metall<\/span>\n\t\t\t\t\t\t<\/li>\n<li class=\"product-prop line-limit-length\"><span\n\t\t\t\t\t\t\t\t\tclass=\"property-title\">Herkunft:&nbsp;<\/span><span\n\t\t\t\t\t\t\t\t\tclass=\"property-desc line-limit-length\">Festland China<\/span>\n\t\t\t\t\t\t<\/li>\n<\/ul><\/div>\n<div class=\"detailmodule_html\">\n<div class=\"detail-desc-decorate-richtext\">\n<p><a href=\"https:\/\/vi.aliexpress.com\/item\/1005006093795915.html?gatewayAdapt=glo2vnm\" target=\"_self\" rel=\"noopener nofollow\"><img fetchpriority=\"high\" decoding=\"async\" width=\"944\" height=\"472\" src=\"https:\/\/ae01.alicdn.com\/kf\/S09c5d32dc83c454687de8a3cb78b5d70X.jpg\" slate-data-type=\"image\"\/><\/a><a href=\"https:\/\/vi.aliexpress.com\/item\/1005006094065275.html?gatewayAdapt=glo2vnm\" target=\"_self\" rel=\"noopener nofollow\"><img decoding=\"async\" width=\"944\" height=\"472\" src=\"https:\/\/ae01.alicdn.com\/kf\/S82c94f8178694c7193fd2be987ad87fai.jpg\" slate-data-type=\"image\"\/><\/a><a href=\"https:\/\/vi.aliexpress.com\/item\/1005005794423910.html?gatewayAdapt=glo2vnm\" target=\"_self\" rel=\"noopener nofollow\"><img decoding=\"async\" width=\"944\" height=\"472\" src=\"https:\/\/ae01.alicdn.com\/kf\/S5bc490049eb9453b912695696c2730e6K.jpg\" slate-data-type=\"image\"\/><\/a><img decoding=\"async\" src=\"http:\/\/img2.tongtool.com\/s\/002262\/2021-01\/494578822931283968.jpg\" slate-data-type=\"image\"\/><\/p>\n<div><\/p>\n<div style=\"font-family:Arial, Verdana, sans-serif;font-size:12px;white-space:normal;color:rgb(51, 51, 51)\"><span style=\"font-size:small;font-family:arial, helvetica, sans-serif\"><strong><span style=\"color:rgb(0, 0, 0)\">Merkmale:<\/span><\/strong><\/span><\/div>\n<ul style=\"font-family:Arial, Verdana, sans-serif;font-size:12px;white-space:normal;color:rgb(51, 51, 51)\">\n<li>\n<p><span style=\"color:rgb(0, 0, 0);font-size:small;font-family:arial, helvetica, sans-serif\">100% nagelneu und von hoher Qualit\u00e4t.<\/span><\/p>\n<\/li>\n<li>\n<p><span style=\"color:rgb(0, 0, 0);font-size:small;font-family:arial, helvetica, sans-serif\">Nach dem Mahlen hat der Tabak einen wohlriechenden Geruch, verbessert die Tabakqualit\u00e4t, der Geschmack ist ausgepr\u00e4gter und der Abbrand ist gleichm\u00e4\u00dfiger.<\/span><\/p>\n<\/li>\n<li>\n<p><span style=\"color:rgb(0, 0, 0);font-size:small;font-family:arial, helvetica, sans-serif\">Der Mund der M\u00fchle ist fest verschlossen, das Schleifen ist bequemer und effizienter.<\/span><\/p>\n<\/li>\n<li>\n<p><span style=\"color:rgb(0, 0, 0);font-size:small;font-family:arial, helvetica, sans-serif\">Der untere Empfangskasten nimmt das Schleifpulver durch einen undurchsichtigen Stahlfilter auf.<\/span><\/p>\n<\/li>\n<li>\n<p><span style=\"color:rgb(0, 0, 0);font-size:small;font-family:arial, helvetica, sans-serif\">Das d\u00fcnne, geriffelte O-Ring-Design verhindert ein Ausrutschen.<\/span><\/p>\n<\/li>\n<li>\n<p><span style=\"color:rgb(0, 0, 0);font-size:small;font-family:arial, helvetica, sans-serif\">Leichtes Design, einfach zu tragen und zu reinigen<\/span><\/p>\n<\/li>\n<li>\n<p><span style=\"color:rgb(0, 0, 0);font-size:small;font-family:arial, helvetica, sans-serif\">Mit neu entwickelten, windm\u00fchlenartigen Z\u00e4hnen, die eine h\u00f6here Mahlleistung als herk\u00f6mmliche Z\u00e4hne bieten.<\/span><\/p>\n<\/li>\n<li>\n<p><span style=\"color:rgb(0, 0, 0);font-size:small;font-family:arial, helvetica, sans-serif\">Langlebiger Ring f\u00fcr ein einfaches und schnelles Mahlen<\/span><\/p>\n<\/li>\n<\/ul>\n<div style=\"font-family:Arial, Verdana, sans-serif;font-size:12px;white-space:normal;color:rgb(51, 51, 51)\"><span style=\"color:rgb(0, 0, 0);font-size:small;font-family:arial, helvetica, sans-serif\"><br \/><\/span><\/div>\n<div style=\"font-family:Arial, Verdana, sans-serif;font-size:12px;white-space:normal;color:rgb(51, 51, 51)\"><span style=\"font-size:small;font-family:arial, helvetica, sans-serif\"><strong><span style=\"color:rgb(0, 0, 0)\">Spezifikation:<\/span><\/strong><\/span><\/div>\n<ul style=\"font-family:Arial, Verdana, sans-serif;font-size:12px;white-space:normal;color:rgb(51, 51, 51)\">\n<li>\n<p><span style=\"color:rgb(0, 0, 0);font-size:small;font-family:arial, helvetica, sans-serif\">Typ : Tabak-Zerkleinerer<\/span><\/p>\n<\/li>\n<li>\n<p><span style=\"color:rgb(0, 0, 0);font-size:small;font-family:arial, helvetica, sans-serif\">Material: Zinklegierung<\/span><\/p>\n<\/li>\n<li>\n<p><span style=\"color:rgb(0, 0, 0);font-size:small;font-family:arial, helvetica, sans-serif\">Farbe: Regenbogenfarbe<\/span><\/p>\n<\/li>\n<li>\n<p><span style=\"color:rgb(0, 0, 0);font-size:small;font-family:arial, helvetica, sans-serif\">Gr\u00f6\u00dfe: Wie die Bilder<\/span><\/p>\n<\/li>\n<\/ul>\n<div style=\"font-family:Arial, Verdana, sans-serif;font-size:12px;white-space:normal;color:rgb(51, 51, 51)\"><span style=\"color:rgb(0, 0, 0);font-size:small;font-family:arial, helvetica, sans-serif\"><br \/><\/span><\/div>\n<div style=\"font-family:Arial, Verdana, sans-serif;font-size:12px;white-space:normal;color:rgb(51, 51, 51)\"><span style=\"font-size:small;font-family:arial, helvetica, sans-serif\"><strong><span style=\"color:rgb(0, 0, 0)\">Inklusive Paket:<\/span><\/strong><\/span><\/div>\n<ul style=\"font-family:Arial, Verdana, sans-serif;font-size:12px;white-space:normal;color:rgb(51, 51, 51)\">\n<li>\n<p><span style=\"color:rgb(0, 0, 0);font-size:small;font-family:arial, helvetica, sans-serif\">1 x Tabakzerkleinerer<\/span><\/p>\n<\/li>\n<\/ul>\n<p><\/div>\n<p><img decoding=\"async\" src=\"http:\/\/img2.tongtool.com\/s\/002262\/2020-11\/471369395650826240.jpg\" slate-data-type=\"image\"\/><\/p>\n<p><img decoding=\"async\" style=\"max-width:100%\" src=\"http:\/\/img2.tongtool.com\/s\/9799bbfb7b9bc69h7hcaieifhfaeeeiihgc8sypS.jpg\" slate-data-type=\"image\"\/><br \/><img decoding=\"async\" style=\"max-width:100%\" src=\"http:\/\/img2.tongtool.com\/s\/AyAACCGCyCACDxAIyIDBJFJGIEGIHHCIGEAzTZQf.jpg\" slate-data-type=\"image\"\/><br \/><img decoding=\"async\" style=\"max-width:100%\" src=\"http:\/\/img2.tongtool.com\/s\/b9bbddhd9dbde8bj9jeckgkhjdhibceedfjauArC.jpg\" slate-data-type=\"image\"\/><br \/><img decoding=\"async\" style=\"max-width:100%\" src=\"http:\/\/img2.tongtool.com\/s\/646688c84867f36e496bacc7678fd97bea65pvmA.jpg\" slate-data-type=\"image\"\/><br \/><img decoding=\"async\" style=\"max-width:100%\" src=\"http:\/\/img2.tongtool.com\/s\/QOQQSSWSOSQSTNQYOYTRZVZWYSXWSVUTRQUP6c3K.jpg\" slate-data-type=\"image\"\/><br \/><img decoding=\"async\" style=\"max-width:100%\" src=\"http:\/\/img2.tongtool.com\/s\/NLNNPPTPLPNPQKNVLVQOWSWTVQSNNURNTNVM390d.jpg\" slate-data-type=\"image\"\/><br \/><img decoding=\"async\" style=\"max-width:100%\" src=\"http:\/\/img2.tongtool.com\/s\/trttvvzvrvtvwqtBrBwuCyCzBxzwAwCzCCvsMSJw.jpg\" slate-data-type=\"image\"\/><br \/><img decoding=\"async\" style=\"max-width:100%\" src=\"http:\/\/img2.tongtool.com\/s\/8688aaea6a8ab58g6gb9hdhege8haegdb9b7rxo7.jpg\" slate-data-type=\"image\"\/><\/p>\n<p style=\"font-family:&quot;Open Sans&quot;, Roboto, Arial, Helvetica, sans-serif, SimSun;font-size:14px;line-height:inherit;white-space:normal;color:rgb(34, 34, 34);background-color:rgb(255, 255, 255);margin-bottom:0px;margin-top:0px;padding:0px;padding-bottom:0px;padding-top:0px;padding-left:0px;padding-right:0px;box-sizing:border-box\"><img decoding=\"async\" style=\"border:0px none;margin:0px;margin-bottom:0px;margin-top:0px;margin-left:0px;margin-right:0px;padding:0px;padding-bottom:0px;padding-top:0px;padding-left:0px;padding-right:0px;max-width:100%;box-sizing:border-box\" src=\"https:\/\/ae01.alicdn.com\/kf\/H632a47c397674adfa22a86cb1bf5aa23N.jpg\" slate-data-type=\"image\"\/><\/p>\n<p style=\"font-family:&quot;Open Sans&quot;, Roboto, Arial, Helvetica, sans-serif, SimSun;font-size:14px;line-height:inherit;white-space:normal;color:rgb(34, 34, 34);background-color:rgb(255, 255, 255);margin-bottom:0px;margin-top:0px;padding:0px;padding-bottom:0px;padding-top:0px;padding-left:0px;padding-right:0px;box-sizing:border-box\"><span><span style=\"font-family:Arial\">Dropshipping machen?<\/span><\/span><\/p>\n<ul style=\"font-family:&quot;Open Sans&quot;, Roboto, Arial, Helvetica, sans-serif, SimSun;font-size:14px;white-space:normal;color:rgb(34, 34, 34);background-color:rgb(255, 255, 255);margin:0px;margin-bottom:0px;margin-top:0px;margin-left:0px;margin-right:0px;padding:0px;padding-bottom:0px;padding-top:0px;padding-left:0px;padding-right:0px;box-sizing:border-box\">\n<li style=\"margin:0px;margin-bottom:0px;margin-top:0px;margin-left:0px;margin-right:0px;padding:0px;padding-bottom:0px;padding-top:0px;padding-left:0px;padding-right:0px;box-sizing:border-box\">\n<p style=\"line-height:inherit;margin-bottom:0px;margin-top:0px;padding:0px;padding-bottom:0px;padding-top:0px;padding-left:0px;padding-right:0px;box-sizing:border-box\"><span style=\"font-family:Arial\">Ja, das tun wir. Wenn Sie irgendwelche Fragen haben, kontaktieren Sie uns bitte.<\/span><\/p>\n<\/li>\n<li style=\"margin:0px;margin-bottom:0px;margin-top:0px;margin-left:0px;margin-right:0px;padding:0px;padding-bottom:0px;padding-top:0px;padding-left:0px;padding-right:0px;box-sizing:border-box\"><\/li>\n<\/ul>\n<p style=\"font-family:&quot;Open Sans&quot;, Roboto, Arial, Helvetica, sans-serif, SimSun;font-size:14px;line-height:inherit;white-space:normal;color:rgb(34, 34, 34);background-color:rgb(255, 255, 255);margin-bottom:0px;margin-top:0px;padding:0px;padding-bottom:0px;padding-top:0px;padding-left:0px;padding-right:0px;box-sizing:border-box\"><span><span style=\"font-family:Arial\">Sicherheit von Produktionsmaterial?<\/span><\/span><\/p>\n<ul style=\"font-family:&quot;Open Sans&quot;, Roboto, Arial, Helvetica, sans-serif, SimSun;font-size:14px;white-space:normal;color:rgb(34, 34, 34);background-color:rgb(255, 255, 255);margin:0px;margin-bottom:0px;margin-top:0px;margin-left:0px;margin-right:0px;padding:0px;padding-bottom:0px;padding-top:0px;padding-left:0px;padding-right:0px;box-sizing:border-box\">\n<li style=\"margin:0px;margin-bottom:0px;margin-top:0px;margin-left:0px;margin-right:0px;padding:0px;padding-bottom:0px;padding-top:0px;padding-left:0px;padding-right:0px;box-sizing:border-box\">\n<p style=\"line-height:inherit;margin-bottom:0px;margin-top:0px;padding:0px;padding-bottom:0px;padding-top:0px;padding-left:0px;padding-right:0px;box-sizing:border-box\"><span style=\"font-family:Arial\">Alle Produkte sind 100% brandneu, funktionsf\u00e4hig und sorgf\u00e4ltig gepr\u00fcft, bevor sie versendet werden.<\/span><\/p>\n<\/li>\n<\/ul>\n<p style=\"font-family:&quot;Open Sans&quot;, Roboto, Arial, Helvetica, sans-serif, SimSun;font-size:14px;line-height:inherit;white-space:normal;color:rgb(34, 34, 34);background-color:rgb(255, 255, 255);margin-bottom:0px;margin-top:0px;padding:0px;padding-bottom:0px;padding-top:0px;padding-left:0px;padding-right:0px;box-sizing:border-box\"><span><span style=\"font-family:Arial\">Wann wird das Paket verschickt?<\/span><\/span><\/p>\n<ul style=\"font-family:&quot;Open Sans&quot;, Roboto, Arial, Helvetica, sans-serif, SimSun;font-size:14px;white-space:normal;color:rgb(34, 34, 34);background-color:rgb(255, 255, 255);margin:0px;margin-bottom:0px;margin-top:0px;margin-left:0px;margin-right:0px;padding:0px;padding-bottom:0px;padding-top:0px;padding-left:0px;padding-right:0px;box-sizing:border-box\">\n<li style=\"margin:0px;margin-bottom:0px;margin-top:0px;margin-left:0px;margin-right:0px;padding:0px;padding-bottom:0px;padding-top:0px;padding-left:0px;padding-right:0px;box-sizing:border-box\">\n<p style=\"line-height:inherit;margin-bottom:0px;margin-top:0px;padding:0px;padding-bottom:0px;padding-top:0px;padding-left:0px;padding-right:0px;box-sizing:border-box\"><span style=\"font-family:Arial\">Wir werden die Bestellung innerhalb von 5 Werktagen versenden. Die Lieferzeit variiert je nach Land und wird durch Wetter, Feiertage und so weiter beeinflusst. Wenn die Bestellung nicht in der angegebenen Zeit eintrifft, kontaktieren Sie uns bitte.<\/span><\/p>\n<\/li>\n<\/ul>\n<p style=\"font-family:&quot;Open Sans&quot;, Roboto, Arial, Helvetica, sans-serif, SimSun;font-size:14px;line-height:inherit;white-space:normal;color:rgb(34, 34, 34);background-color:rgb(255, 255, 255);margin-bottom:0px;margin-top:0px;padding:0px;padding-bottom:0px;padding-top:0px;padding-left:0px;padding-right:0px;box-sizing:border-box\"><span><span style=\"font-family:Arial\">Wie sieht es mit der Erstattung aus?<\/span><\/span><\/p>\n<ul style=\"font-family:&quot;Open Sans&quot;, Roboto, Arial, Helvetica, sans-serif, SimSun;font-size:14px;white-space:normal;color:rgb(34, 34, 34);background-color:rgb(255, 255, 255);margin:0px;margin-bottom:0px;margin-top:0px;margin-left:0px;margin-right:0px;padding:0px;padding-bottom:0px;padding-top:0px;padding-left:0px;padding-right:0px;box-sizing:border-box\">\n<li style=\"margin:0px;margin-bottom:0px;margin-top:0px;margin-left:0px;margin-right:0px;padding:0px;padding-bottom:0px;padding-top:0px;padding-left:0px;padding-right:0px;box-sizing:border-box\">\n<p style=\"line-height:inherit;margin-bottom:0px;margin-top:0px;padding:0px;padding-bottom:0px;padding-top:0px;padding-left:0px;padding-right:0px;box-sizing:border-box\"><span style=\"font-family:Arial\">Volle R\u00fcckerstattung, wenn der Artikel nicht mit der Beschreibung \u00fcbereinstimmt oder defekt ist.<\/span><\/p>\n<\/li>\n<\/ul>\n<p><\/p>\n<\/div>\n<\/div>\n<p><\/p>","protected":false},"excerpt":{"rendered":"<p>Modellnummer: 20678 Technik: FROSTED Material: Metall Herkunft: Festland China Eigenschaften: 100% nagelneu und hohe Qualit\u00e4t. Nach dem Schleifen, Tabak hat mehr duftenden Geruch,<\/p>","protected":false},"featured_media":22450,"comment_status":"","ping_status":"closed","template":"","meta":{"iawp_total_views":1,"_joinchat":[]},"product_brand":[],"product_cat":[770],"product_tag":[],"class_list":{"0":"post-22449","1":"product","2":"type-product","3":"status-publish","4":"has-post-thumbnail","6":"product_cat-wholesale-grinder","8":"first","9":"instock","10":"shipping-taxable","11":"purchasable","12":"product-type-variable"},"yoast_head":"<!-- This site is optimized with the Yoast SEO Premium plugin v24.7 (Yoast SEO v26.8) - https:\/\/yoast.com\/product\/yoast-seo-premium-wordpress\/ -->\n<title>4-Layer Zinc Alloy Cool Weed Grinder Wholesale - Global Hookah<\/title>\n<meta name=\"robots\" content=\"index, follow, max-snippet:-1, max-image-preview:large, max-video-preview:-1\" \/>\n<link rel=\"canonical\" href=\"https:\/\/global-hookah.com\/de\/produkt\/4-layer-zinc-alloy-cool-weed-grinder-wholesale\/\" \/>\n<meta property=\"og:locale\" content=\"de_DE\" \/>\n<meta property=\"og:type\" content=\"article\" \/>\n<meta property=\"og:title\" content=\"4-Layer Zinc Alloy Cool Weed Grinder Wholesale\" \/>\n<meta property=\"og:description\" content=\"Model Number:&nbsp;20678 Technics:&nbsp;FROSTED Material:&nbsp;Metal Origin:&nbsp;Mainland China Features: 100% brand new and high quality. After grinding, Tobacco has more fragrant smell,\" \/>\n<meta property=\"og:url\" content=\"https:\/\/global-hookah.com\/de\/produkt\/4-layer-zinc-alloy-cool-weed-grinder-wholesale\/\" \/>\n<meta property=\"og:site_name\" content=\"Global Hookah\" \/>\n<meta property=\"article:modified_time\" content=\"2024-05-15T06:18:27+00:00\" \/>\n<meta property=\"og:image\" content=\"https:\/\/global-hookah.com\/wp-content\/uploads\/2024\/05\/kf-S951e9d1c76714dec8d497f7d36fe32e91-40mm-4-layer-Zinc-Alloy-Hand-Muller-Rainbow-Tobacco-Grinder-Spice-Cutter.webp\" \/>\n\t<meta property=\"og:image:width\" content=\"1000\" \/>\n\t<meta property=\"og:image:height\" content=\"1000\" \/>\n\t<meta property=\"og:image:type\" content=\"image\/webp\" \/>\n<meta name=\"twitter:card\" content=\"summary_large_image\" \/>\n<meta name=\"twitter:label1\" content=\"Gesch\u00e4tzte Lesezeit\" \/>\n\t<meta name=\"twitter:data1\" content=\"1\u00a0Minute\" \/>\n<script type=\"application\/ld+json\" class=\"yoast-schema-graph\">{\"@context\":\"https:\/\/schema.org\",\"@graph\":[{\"@type\":\"WebPage\",\"@id\":\"https:\/\/global-hookah.com\/product\/4-layer-zinc-alloy-cool-weed-grinder-wholesale\/\",\"url\":\"https:\/\/global-hookah.com\/product\/4-layer-zinc-alloy-cool-weed-grinder-wholesale\/\",\"name\":\"4-Layer Zinc Alloy Cool Weed Grinder Wholesale - Global Hookah\",\"isPartOf\":{\"@id\":\"https:\/\/global-hookah.com\/#website\"},\"primaryImageOfPage\":{\"@id\":\"https:\/\/global-hookah.com\/product\/4-layer-zinc-alloy-cool-weed-grinder-wholesale\/#primaryimage\"},\"image\":{\"@id\":\"https:\/\/global-hookah.com\/product\/4-layer-zinc-alloy-cool-weed-grinder-wholesale\/#primaryimage\"},\"thumbnailUrl\":\"https:\/\/global-hookah.com\/wp-content\/uploads\/2024\/05\/kf-S951e9d1c76714dec8d497f7d36fe32e91-40mm-4-layer-Zinc-Alloy-Hand-Muller-Rainbow-Tobacco-Grinder-Spice-Cutter.webp\",\"datePublished\":\"2024-05-15T06:18:21+00:00\",\"dateModified\":\"2024-05-15T06:18:27+00:00\",\"breadcrumb\":{\"@id\":\"https:\/\/global-hookah.com\/product\/4-layer-zinc-alloy-cool-weed-grinder-wholesale\/#breadcrumb\"},\"inLanguage\":\"de\",\"potentialAction\":[{\"@type\":\"ReadAction\",\"target\":[\"https:\/\/global-hookah.com\/product\/4-layer-zinc-alloy-cool-weed-grinder-wholesale\/\"]}]},{\"@type\":\"ImageObject\",\"inLanguage\":\"de\",\"@id\":\"https:\/\/global-hookah.com\/product\/4-layer-zinc-alloy-cool-weed-grinder-wholesale\/#primaryimage\",\"url\":\"https:\/\/global-hookah.com\/wp-content\/uploads\/2024\/05\/kf-S951e9d1c76714dec8d497f7d36fe32e91-40mm-4-layer-Zinc-Alloy-Hand-Muller-Rainbow-Tobacco-Grinder-Spice-Cutter.webp\",\"contentUrl\":\"https:\/\/global-hookah.com\/wp-content\/uploads\/2024\/05\/kf-S951e9d1c76714dec8d497f7d36fe32e91-40mm-4-layer-Zinc-Alloy-Hand-Muller-Rainbow-Tobacco-Grinder-Spice-Cutter.webp\",\"width\":1000,\"height\":1000},{\"@type\":\"BreadcrumbList\",\"@id\":\"https:\/\/global-hookah.com\/product\/4-layer-zinc-alloy-cool-weed-grinder-wholesale\/#breadcrumb\",\"itemListElement\":[{\"@type\":\"ListItem\",\"position\":1,\"name\":\"Home\",\"item\":\"https:\/\/global-hookah.com\/\"},{\"@type\":\"ListItem\",\"position\":2,\"name\":\"Shop\",\"item\":\"https:\/\/global-hookah.com\/shop\/\"},{\"@type\":\"ListItem\",\"position\":3,\"name\":\"4-Layer Zinc Alloy Cool Weed Grinder Wholesale\"}]},{\"@type\":\"WebSite\",\"@id\":\"https:\/\/global-hookah.com\/#website\",\"url\":\"https:\/\/global-hookah.com\/\",\"name\":\"Global Hookah\",\"description\":\"Global Hookah\",\"publisher\":{\"@id\":\"https:\/\/global-hookah.com\/#organization\"},\"potentialAction\":[{\"@type\":\"SearchAction\",\"target\":{\"@type\":\"EntryPoint\",\"urlTemplate\":\"https:\/\/global-hookah.com\/?s={search_term_string}\"},\"query-input\":{\"@type\":\"PropertyValueSpecification\",\"valueRequired\":true,\"valueName\":\"search_term_string\"}}],\"inLanguage\":\"de\"},{\"@type\":\"Organization\",\"@id\":\"https:\/\/global-hookah.com\/#organization\",\"name\":\"Global Hookah\",\"url\":\"https:\/\/global-hookah.com\/\",\"logo\":{\"@type\":\"ImageObject\",\"inLanguage\":\"de\",\"@id\":\"https:\/\/global-hookah.com\/#\/schema\/logo\/image\/\",\"url\":\"https:\/\/global-hookah.com\/wp-content\/uploads\/2021\/10\/cropped-fgg.png\",\"contentUrl\":\"https:\/\/global-hookah.com\/wp-content\/uploads\/2021\/10\/cropped-fgg.png\",\"width\":512,\"height\":512,\"caption\":\"Global Hookah\"},\"image\":{\"@id\":\"https:\/\/global-hookah.com\/#\/schema\/logo\/image\/\"}}]}<\/script>\n<!-- \/ Yoast SEO Premium plugin. -->","yoast_head_json":{"title":"4-Schicht-Zink-Legierung Cool Weed Grinder Gro\u00dfhandel - Global Hookah","robots":{"index":"index","follow":"follow","max-snippet":"max-snippet:-1","max-image-preview":"max-image-preview:large","max-video-preview":"max-video-preview:-1"},"canonical":"https:\/\/global-hookah.com\/de\/produkt\/4-layer-zinc-alloy-cool-weed-grinder-wholesale\/","og_locale":"de_DE","og_type":"article","og_title":"4-Layer Zinc Alloy Cool Weed Grinder Wholesale","og_description":"Model Number:&nbsp;20678 Technics:&nbsp;FROSTED Material:&nbsp;Metal Origin:&nbsp;Mainland China Features: 100% brand new and high quality. After grinding, Tobacco has more fragrant smell,","og_url":"https:\/\/global-hookah.com\/de\/produkt\/4-layer-zinc-alloy-cool-weed-grinder-wholesale\/","og_site_name":"Global Hookah","article_modified_time":"2024-05-15T06:18:27+00:00","og_image":[{"width":1000,"height":1000,"url":"https:\/\/global-hookah.com\/wp-content\/uploads\/2024\/05\/kf-S951e9d1c76714dec8d497f7d36fe32e91-40mm-4-layer-Zinc-Alloy-Hand-Muller-Rainbow-Tobacco-Grinder-Spice-Cutter.webp","type":"image\/webp"}],"twitter_card":"summary_large_image","twitter_misc":{"Gesch\u00e4tzte Lesezeit":"1\u00a0Minute"},"schema":{"@context":"https:\/\/schema.org","@graph":[{"@type":"WebPage","@id":"https:\/\/global-hookah.com\/product\/4-layer-zinc-alloy-cool-weed-grinder-wholesale\/","url":"https:\/\/global-hookah.com\/product\/4-layer-zinc-alloy-cool-weed-grinder-wholesale\/","name":"4-Schicht-Zink-Legierung Cool Weed Grinder Gro\u00dfhandel - Global Hookah","isPartOf":{"@id":"https:\/\/global-hookah.com\/#website"},"primaryImageOfPage":{"@id":"https:\/\/global-hookah.com\/product\/4-layer-zinc-alloy-cool-weed-grinder-wholesale\/#primaryimage"},"image":{"@id":"https:\/\/global-hookah.com\/product\/4-layer-zinc-alloy-cool-weed-grinder-wholesale\/#primaryimage"},"thumbnailUrl":"https:\/\/global-hookah.com\/wp-content\/uploads\/2024\/05\/kf-S951e9d1c76714dec8d497f7d36fe32e91-40mm-4-layer-Zinc-Alloy-Hand-Muller-Rainbow-Tobacco-Grinder-Spice-Cutter.webp","datePublished":"2024-05-15T06:18:21+00:00","dateModified":"2024-05-15T06:18:27+00:00","breadcrumb":{"@id":"https:\/\/global-hookah.com\/product\/4-layer-zinc-alloy-cool-weed-grinder-wholesale\/#breadcrumb"},"inLanguage":"de","potentialAction":[{"@type":"ReadAction","target":["https:\/\/global-hookah.com\/product\/4-layer-zinc-alloy-cool-weed-grinder-wholesale\/"]}]},{"@type":"ImageObject","inLanguage":"de","@id":"https:\/\/global-hookah.com\/product\/4-layer-zinc-alloy-cool-weed-grinder-wholesale\/#primaryimage","url":"https:\/\/global-hookah.com\/wp-content\/uploads\/2024\/05\/kf-S951e9d1c76714dec8d497f7d36fe32e91-40mm-4-layer-Zinc-Alloy-Hand-Muller-Rainbow-Tobacco-Grinder-Spice-Cutter.webp","contentUrl":"https:\/\/global-hookah.com\/wp-content\/uploads\/2024\/05\/kf-S951e9d1c76714dec8d497f7d36fe32e91-40mm-4-layer-Zinc-Alloy-Hand-Muller-Rainbow-Tobacco-Grinder-Spice-Cutter.webp","width":1000,"height":1000},{"@type":"BreadcrumbList","@id":"https:\/\/global-hookah.com\/product\/4-layer-zinc-alloy-cool-weed-grinder-wholesale\/#breadcrumb","itemListElement":[{"@type":"ListItem","position":1,"name":"Home","item":"https:\/\/global-hookah.com\/"},{"@type":"ListItem","position":2,"name":"Shop","item":"https:\/\/global-hookah.com\/shop\/"},{"@type":"ListItem","position":3,"name":"4-Layer Zinc Alloy Cool Weed Grinder Wholesale"}]},{"@type":"WebSite","@id":"https:\/\/global-hookah.com\/#website","url":"https:\/\/global-hookah.com\/","name":"Globale Wasserpfeife","description":"Globale Wasserpfeife","publisher":{"@id":"https:\/\/global-hookah.com\/#organization"},"potentialAction":[{"@type":"SearchAction","target":{"@type":"EntryPoint","urlTemplate":"https:\/\/global-hookah.com\/?s={search_term_string}"},"query-input":{"@type":"PropertyValueSpecification","valueRequired":true,"valueName":"search_term_string"}}],"inLanguage":"de"},{"@type":"Organization","@id":"https:\/\/global-hookah.com\/#organization","name":"Globale Wasserpfeife","url":"https:\/\/global-hookah.com\/","logo":{"@type":"ImageObject","inLanguage":"de","@id":"https:\/\/global-hookah.com\/#\/schema\/logo\/image\/","url":"https:\/\/global-hookah.com\/wp-content\/uploads\/2021\/10\/cropped-fgg.png","contentUrl":"https:\/\/global-hookah.com\/wp-content\/uploads\/2021\/10\/cropped-fgg.png","width":512,"height":512,"caption":"Global Hookah"},"image":{"@id":"https:\/\/global-hookah.com\/#\/schema\/logo\/image\/"}}]}},"_links":{"self":[{"href":"https:\/\/global-hookah.com\/de\/wp-json\/wp\/v2\/product\/22449","targetHints":{"allow":["GET"]}}],"collection":[{"href":"https:\/\/global-hookah.com\/de\/wp-json\/wp\/v2\/product"}],"about":[{"href":"https:\/\/global-hookah.com\/de\/wp-json\/wp\/v2\/types\/product"}],"replies":[{"embeddable":true,"href":"https:\/\/global-hookah.com\/de\/wp-json\/wp\/v2\/comments?post=22449"}],"version-history":[{"count":0,"href":"https:\/\/global-hookah.com\/de\/wp-json\/wp\/v2\/product\/22449\/revisions"}],"wp:featuredmedia":[{"embeddable":true,"href":"https:\/\/global-hookah.com\/de\/wp-json\/wp\/v2\/media\/22450"}],"wp:attachment":[{"href":"https:\/\/global-hookah.com\/de\/wp-json\/wp\/v2\/media?parent=22449"}],"wp:term":[{"taxonomy":"product_brand","embeddable":true,"href":"https:\/\/global-hookah.com\/de\/wp-json\/wp\/v2\/product_brand?post=22449"},{"taxonomy":"product_cat","embeddable":true,"href":"https:\/\/global-hookah.com\/de\/wp-json\/wp\/v2\/product_cat?post=22449"},{"taxonomy":"product_tag","embeddable":true,"href":"https:\/\/global-hookah.com\/de\/wp-json\/wp\/v2\/product_tag?post=22449"}],"curies":[{"name":"wp","href":"https:\/\/api.w.org\/{rel}","templated":true}]}}