{"id":22485,"date":"2024-05-15T06:34:33","date_gmt":"2024-05-15T06:34:33","guid":{"rendered":"https:\/\/global-hookah.com\/product\/wholesale-weed-grinder-with-handle\/"},"modified":"2024-05-15T06:34:41","modified_gmt":"2024-05-15T06:34:41","slug":"wholesale-weed-grinder-with-handle","status":"publish","type":"product","link":"https:\/\/global-hookah.com\/de\/produkt\/wholesale-weed-grinder-with-handle\/","title":{"rendered":"Gro\u00dfhandel Unkraut Grinder mit Handle"},"content":{"rendered":"<div class=\"product-specs-list-container\">\n<ul class=\"product-specs-list util-clearfix\">\n<li class=\"product-prop line-limit-length\"><span\n\t\t\t\t\t\t\t\t\tclass=\"property-title\">Modellnummer:&nbsp;<\/span><span\n\t\t\t\t\t\t\t\t\tclass=\"property-desc line-limit-length\">Metall<\/span>\n\t\t\t\t\t\t<\/li>\n<li class=\"product-prop line-limit-length\"><span\n\t\t\t\t\t\t\t\t\tclass=\"property-title\">Die Technik:&nbsp;<\/span><span\n\t\t\t\t\t\t\t\t\tclass=\"property-desc line-limit-length\">GEFROREN<\/span>\n\t\t\t\t\t\t<\/li>\n<li class=\"product-prop line-limit-length\"><span\n\t\t\t\t\t\t\t\t\tclass=\"property-title\">Material:&nbsp;<\/span><span\n\t\t\t\t\t\t\t\t\tclass=\"property-desc line-limit-length\">Metall<\/span>\n\t\t\t\t\t\t<\/li>\n<li class=\"product-prop line-limit-length\"><span\n\t\t\t\t\t\t\t\t\tclass=\"property-title\">Herkunft:&nbsp;<\/span><span\n\t\t\t\t\t\t\t\t\tclass=\"property-desc line-limit-length\">Festland China<\/span>\n\t\t\t\t\t\t<\/li>\n<\/ul><\/div>\n<div class=\"detailmodule_html\">\n<div class=\"detail-desc-decorate-richtext\">\n<p>Einzelheiten zum Produkt<\/p>\n<\/p>\n<p>Das 4-lagige Design gew\u00e4hrleistet optimale Leistung und au\u00dfergew\u00f6hnliche Haltbarkeit f\u00fcr den Dauereinsatz.<\/p>\n<p><\/p>\n<p>Kompakt und tragbar: Diese Kr\u00e4uterschleifer ist kompakt und leicht f\u00fcr einfache Lagerung und Transport.<\/p>\n<p><\/p>\n<p>Dieser Tabakzerkleinerer eignet sich zum gleichm\u00e4\u00dfigen Zerkleinern von Kr\u00e4utern, Knospen, Tabak oder Gew\u00fcrzen, ohne dass gro\u00dfe St\u00fccke zur\u00fcckbleiben.<\/p>\n<p><\/p>\n<p>Dieses vielseitig einsetzbare Mahlwerk ist ein Muss f\u00fcr Hausfrauen und Raucher!<\/p>\n<p><\/p>\n<p>Langlebigkeit: Gro\u00dfartiges Material, das maximale Festigkeit und Haltbarkeit f\u00fcr eine lange Nutzungsdauer gew\u00e4hrleistet.<\/p>\n<p><\/p>\n<p>Beschreibung<\/p>\n<p><\/p>\n<p>Material: Zinklegierung.<\/p>\n<p><\/p>\n<p>Gr\u00f6\u00dfe: 61mmx43mm.<\/p>\n<p><\/p>\n<p>Farbe: Wie die Bilder zeigen.<\/p>\n<\/p>\n<p>Aufgrund der Licht- und Aufl\u00f6sungseinstellung Unterschied, der Artikel &amp; #x27; s Farbe kann etwas anders als die Bilder sein.<\/p>\n<p><\/p>\n<p>Bitte erlauben Sie leichte Ma\u00dfabweichung aufgrund unterschiedlicher manueller Messung. Fehler 1-1,5cm.<\/p>\n<p><\/p>\n<p>1 * Manuelle Tabakschleifmaschine.<\/p>\n<p><\/p>\n<p><img decoding=\"async\" src=\"https:\/\/ae01.alicdn.com\/kf\/S2f15d82c6cc34a44afbd03719ad82d1as.jpg\" slate-data-type=\"image\"\/><img decoding=\"async\" src=\"https:\/\/ae01.alicdn.com\/kf\/Sdee52b3167e541368c1544faaab6a237h.jpg\" slate-data-type=\"image\"\/><img decoding=\"async\" src=\"https:\/\/ae01.alicdn.com\/kf\/Sd882286c6c074e37b4679b19a2a81444w.jpg\" slate-data-type=\"image\"\/><img decoding=\"async\" src=\"https:\/\/ae01.alicdn.com\/kf\/Sb9a5322ec7fa46c597eab6dcbd7a6df9a.jpg\" slate-data-type=\"image\"\/><img decoding=\"async\" src=\"https:\/\/ae01.alicdn.com\/kf\/S6e66f8acfe1642b28443d55520090d03R.jpg\" slate-data-type=\"image\"\/><img decoding=\"async\" src=\"https:\/\/ae01.alicdn.com\/kf\/Se2f7735cb09740b5b6cc226c309e25efl.jpg\" slate-data-type=\"image\"\/><\/p>\n<\/div>\n<\/div>","protected":false},"excerpt":{"rendered":"<p>Modellnummer: Metall Technik: FROSTED Material: Metall Herkunft: Festland China Produktdetails 4 Schichten Design sorgt f\u00fcr optimale Leistung und au\u00dfergew\u00f6hnliche Haltbarkeit f\u00fcr den Dauereinsatz.<\/p>","protected":false},"featured_media":22486,"comment_status":"","ping_status":"closed","template":"","meta":{"iawp_total_views":2,"_joinchat":[]},"product_brand":[],"product_cat":[770],"product_tag":[],"class_list":{"0":"post-22485","1":"product","2":"type-product","3":"status-publish","4":"has-post-thumbnail","6":"product_cat-wholesale-grinder","8":"first","9":"instock","10":"shipping-taxable","11":"purchasable","12":"product-type-variable"},"yoast_head":"<!-- This site is optimized with the Yoast SEO Premium plugin v24.7 (Yoast SEO v26.8) - https:\/\/yoast.com\/product\/yoast-seo-premium-wordpress\/ -->\n<title>Wholesale Weed Grinder With Handle - Global Hookah<\/title>\n<meta name=\"robots\" content=\"index, follow, max-snippet:-1, max-image-preview:large, max-video-preview:-1\" \/>\n<link rel=\"canonical\" href=\"https:\/\/global-hookah.com\/de\/produkt\/wholesale-weed-grinder-with-handle\/\" \/>\n<meta property=\"og:locale\" content=\"de_DE\" \/>\n<meta property=\"og:type\" content=\"article\" \/>\n<meta property=\"og:title\" content=\"Wholesale Weed Grinder With Handle\" \/>\n<meta property=\"og:description\" content=\"Model Number:&nbsp;Metal Technics:&nbsp;FROSTED Material:&nbsp;Metal Origin:&nbsp;Mainland China Product details 4 layers design ensures optimal performance and exceptional durability for constant use.\" \/>\n<meta property=\"og:url\" content=\"https:\/\/global-hookah.com\/de\/produkt\/wholesale-weed-grinder-with-handle\/\" \/>\n<meta property=\"og:site_name\" content=\"Global Hookah\" \/>\n<meta property=\"article:modified_time\" content=\"2024-05-15T06:34:41+00:00\" \/>\n<meta property=\"og:image\" content=\"https:\/\/global-hookah.com\/wp-content\/uploads\/2024\/05\/kf-S04399ffb5afe4eb8bfd8ce510ffc70a79-Mini-Metal-Smoke-Grinder-Zinc-Alloy-4-Layer-Hand-operated-Tobacco-Grinder-Household-Commodity-Herbal-Spice.webp\" \/>\n\t<meta property=\"og:image:width\" content=\"1000\" \/>\n\t<meta property=\"og:image:height\" content=\"1000\" \/>\n\t<meta property=\"og:image:type\" content=\"image\/webp\" \/>\n<meta name=\"twitter:card\" content=\"summary_large_image\" \/>\n<meta name=\"twitter:label1\" content=\"Gesch\u00e4tzte Lesezeit\" \/>\n\t<meta name=\"twitter:data1\" content=\"1\u00a0Minute\" \/>\n<script type=\"application\/ld+json\" class=\"yoast-schema-graph\">{\"@context\":\"https:\/\/schema.org\",\"@graph\":[{\"@type\":\"WebPage\",\"@id\":\"https:\/\/global-hookah.com\/product\/wholesale-weed-grinder-with-handle\/\",\"url\":\"https:\/\/global-hookah.com\/product\/wholesale-weed-grinder-with-handle\/\",\"name\":\"Wholesale Weed Grinder With Handle - Global Hookah\",\"isPartOf\":{\"@id\":\"https:\/\/global-hookah.com\/#website\"},\"primaryImageOfPage\":{\"@id\":\"https:\/\/global-hookah.com\/product\/wholesale-weed-grinder-with-handle\/#primaryimage\"},\"image\":{\"@id\":\"https:\/\/global-hookah.com\/product\/wholesale-weed-grinder-with-handle\/#primaryimage\"},\"thumbnailUrl\":\"https:\/\/global-hookah.com\/wp-content\/uploads\/2024\/05\/kf-S04399ffb5afe4eb8bfd8ce510ffc70a79-Mini-Metal-Smoke-Grinder-Zinc-Alloy-4-Layer-Hand-operated-Tobacco-Grinder-Household-Commodity-Herbal-Spice.webp\",\"datePublished\":\"2024-05-15T06:34:33+00:00\",\"dateModified\":\"2024-05-15T06:34:41+00:00\",\"breadcrumb\":{\"@id\":\"https:\/\/global-hookah.com\/product\/wholesale-weed-grinder-with-handle\/#breadcrumb\"},\"inLanguage\":\"de\",\"potentialAction\":[{\"@type\":\"ReadAction\",\"target\":[\"https:\/\/global-hookah.com\/product\/wholesale-weed-grinder-with-handle\/\"]}]},{\"@type\":\"ImageObject\",\"inLanguage\":\"de\",\"@id\":\"https:\/\/global-hookah.com\/product\/wholesale-weed-grinder-with-handle\/#primaryimage\",\"url\":\"https:\/\/global-hookah.com\/wp-content\/uploads\/2024\/05\/kf-S04399ffb5afe4eb8bfd8ce510ffc70a79-Mini-Metal-Smoke-Grinder-Zinc-Alloy-4-Layer-Hand-operated-Tobacco-Grinder-Household-Commodity-Herbal-Spice.webp\",\"contentUrl\":\"https:\/\/global-hookah.com\/wp-content\/uploads\/2024\/05\/kf-S04399ffb5afe4eb8bfd8ce510ffc70a79-Mini-Metal-Smoke-Grinder-Zinc-Alloy-4-Layer-Hand-operated-Tobacco-Grinder-Household-Commodity-Herbal-Spice.webp\",\"width\":1000,\"height\":1000},{\"@type\":\"BreadcrumbList\",\"@id\":\"https:\/\/global-hookah.com\/product\/wholesale-weed-grinder-with-handle\/#breadcrumb\",\"itemListElement\":[{\"@type\":\"ListItem\",\"position\":1,\"name\":\"Home\",\"item\":\"https:\/\/global-hookah.com\/\"},{\"@type\":\"ListItem\",\"position\":2,\"name\":\"Shop\",\"item\":\"https:\/\/global-hookah.com\/shop\/\"},{\"@type\":\"ListItem\",\"position\":3,\"name\":\"Wholesale Weed Grinder With Handle\"}]},{\"@type\":\"WebSite\",\"@id\":\"https:\/\/global-hookah.com\/#website\",\"url\":\"https:\/\/global-hookah.com\/\",\"name\":\"Global Hookah\",\"description\":\"Global Hookah\",\"publisher\":{\"@id\":\"https:\/\/global-hookah.com\/#organization\"},\"potentialAction\":[{\"@type\":\"SearchAction\",\"target\":{\"@type\":\"EntryPoint\",\"urlTemplate\":\"https:\/\/global-hookah.com\/?s={search_term_string}\"},\"query-input\":{\"@type\":\"PropertyValueSpecification\",\"valueRequired\":true,\"valueName\":\"search_term_string\"}}],\"inLanguage\":\"de\"},{\"@type\":\"Organization\",\"@id\":\"https:\/\/global-hookah.com\/#organization\",\"name\":\"Global Hookah\",\"url\":\"https:\/\/global-hookah.com\/\",\"logo\":{\"@type\":\"ImageObject\",\"inLanguage\":\"de\",\"@id\":\"https:\/\/global-hookah.com\/#\/schema\/logo\/image\/\",\"url\":\"https:\/\/global-hookah.com\/wp-content\/uploads\/2021\/10\/cropped-fgg.png\",\"contentUrl\":\"https:\/\/global-hookah.com\/wp-content\/uploads\/2021\/10\/cropped-fgg.png\",\"width\":512,\"height\":512,\"caption\":\"Global Hookah\"},\"image\":{\"@id\":\"https:\/\/global-hookah.com\/#\/schema\/logo\/image\/\"}}]}<\/script>\n<!-- \/ Yoast SEO Premium plugin. -->","yoast_head_json":{"title":"Gro\u00dfhandel Unkraut Grinder mit Griff - Global Hookah","robots":{"index":"index","follow":"follow","max-snippet":"max-snippet:-1","max-image-preview":"max-image-preview:large","max-video-preview":"max-video-preview:-1"},"canonical":"https:\/\/global-hookah.com\/de\/produkt\/wholesale-weed-grinder-with-handle\/","og_locale":"de_DE","og_type":"article","og_title":"Wholesale Weed Grinder With Handle","og_description":"Model Number:&nbsp;Metal Technics:&nbsp;FROSTED Material:&nbsp;Metal Origin:&nbsp;Mainland China Product details 4 layers design ensures optimal performance and exceptional durability for constant use.","og_url":"https:\/\/global-hookah.com\/de\/produkt\/wholesale-weed-grinder-with-handle\/","og_site_name":"Global Hookah","article_modified_time":"2024-05-15T06:34:41+00:00","og_image":[{"width":1000,"height":1000,"url":"https:\/\/global-hookah.com\/wp-content\/uploads\/2024\/05\/kf-S04399ffb5afe4eb8bfd8ce510ffc70a79-Mini-Metal-Smoke-Grinder-Zinc-Alloy-4-Layer-Hand-operated-Tobacco-Grinder-Household-Commodity-Herbal-Spice.webp","type":"image\/webp"}],"twitter_card":"summary_large_image","twitter_misc":{"Gesch\u00e4tzte Lesezeit":"1\u00a0Minute"},"schema":{"@context":"https:\/\/schema.org","@graph":[{"@type":"WebPage","@id":"https:\/\/global-hookah.com\/product\/wholesale-weed-grinder-with-handle\/","url":"https:\/\/global-hookah.com\/product\/wholesale-weed-grinder-with-handle\/","name":"Gro\u00dfhandel Unkraut Grinder mit Griff - Global Hookah","isPartOf":{"@id":"https:\/\/global-hookah.com\/#website"},"primaryImageOfPage":{"@id":"https:\/\/global-hookah.com\/product\/wholesale-weed-grinder-with-handle\/#primaryimage"},"image":{"@id":"https:\/\/global-hookah.com\/product\/wholesale-weed-grinder-with-handle\/#primaryimage"},"thumbnailUrl":"https:\/\/global-hookah.com\/wp-content\/uploads\/2024\/05\/kf-S04399ffb5afe4eb8bfd8ce510ffc70a79-Mini-Metal-Smoke-Grinder-Zinc-Alloy-4-Layer-Hand-operated-Tobacco-Grinder-Household-Commodity-Herbal-Spice.webp","datePublished":"2024-05-15T06:34:33+00:00","dateModified":"2024-05-15T06:34:41+00:00","breadcrumb":{"@id":"https:\/\/global-hookah.com\/product\/wholesale-weed-grinder-with-handle\/#breadcrumb"},"inLanguage":"de","potentialAction":[{"@type":"ReadAction","target":["https:\/\/global-hookah.com\/product\/wholesale-weed-grinder-with-handle\/"]}]},{"@type":"ImageObject","inLanguage":"de","@id":"https:\/\/global-hookah.com\/product\/wholesale-weed-grinder-with-handle\/#primaryimage","url":"https:\/\/global-hookah.com\/wp-content\/uploads\/2024\/05\/kf-S04399ffb5afe4eb8bfd8ce510ffc70a79-Mini-Metal-Smoke-Grinder-Zinc-Alloy-4-Layer-Hand-operated-Tobacco-Grinder-Household-Commodity-Herbal-Spice.webp","contentUrl":"https:\/\/global-hookah.com\/wp-content\/uploads\/2024\/05\/kf-S04399ffb5afe4eb8bfd8ce510ffc70a79-Mini-Metal-Smoke-Grinder-Zinc-Alloy-4-Layer-Hand-operated-Tobacco-Grinder-Household-Commodity-Herbal-Spice.webp","width":1000,"height":1000},{"@type":"BreadcrumbList","@id":"https:\/\/global-hookah.com\/product\/wholesale-weed-grinder-with-handle\/#breadcrumb","itemListElement":[{"@type":"ListItem","position":1,"name":"Home","item":"https:\/\/global-hookah.com\/"},{"@type":"ListItem","position":2,"name":"Shop","item":"https:\/\/global-hookah.com\/shop\/"},{"@type":"ListItem","position":3,"name":"Wholesale Weed Grinder With Handle"}]},{"@type":"WebSite","@id":"https:\/\/global-hookah.com\/#website","url":"https:\/\/global-hookah.com\/","name":"Globale Wasserpfeife","description":"Globale Wasserpfeife","publisher":{"@id":"https:\/\/global-hookah.com\/#organization"},"potentialAction":[{"@type":"SearchAction","target":{"@type":"EntryPoint","urlTemplate":"https:\/\/global-hookah.com\/?s={search_term_string}"},"query-input":{"@type":"PropertyValueSpecification","valueRequired":true,"valueName":"search_term_string"}}],"inLanguage":"de"},{"@type":"Organization","@id":"https:\/\/global-hookah.com\/#organization","name":"Globale Wasserpfeife","url":"https:\/\/global-hookah.com\/","logo":{"@type":"ImageObject","inLanguage":"de","@id":"https:\/\/global-hookah.com\/#\/schema\/logo\/image\/","url":"https:\/\/global-hookah.com\/wp-content\/uploads\/2021\/10\/cropped-fgg.png","contentUrl":"https:\/\/global-hookah.com\/wp-content\/uploads\/2021\/10\/cropped-fgg.png","width":512,"height":512,"caption":"Global Hookah"},"image":{"@id":"https:\/\/global-hookah.com\/#\/schema\/logo\/image\/"}}]}},"_links":{"self":[{"href":"https:\/\/global-hookah.com\/de\/wp-json\/wp\/v2\/product\/22485","targetHints":{"allow":["GET"]}}],"collection":[{"href":"https:\/\/global-hookah.com\/de\/wp-json\/wp\/v2\/product"}],"about":[{"href":"https:\/\/global-hookah.com\/de\/wp-json\/wp\/v2\/types\/product"}],"replies":[{"embeddable":true,"href":"https:\/\/global-hookah.com\/de\/wp-json\/wp\/v2\/comments?post=22485"}],"version-history":[{"count":0,"href":"https:\/\/global-hookah.com\/de\/wp-json\/wp\/v2\/product\/22485\/revisions"}],"wp:featuredmedia":[{"embeddable":true,"href":"https:\/\/global-hookah.com\/de\/wp-json\/wp\/v2\/media\/22486"}],"wp:attachment":[{"href":"https:\/\/global-hookah.com\/de\/wp-json\/wp\/v2\/media?parent=22485"}],"wp:term":[{"taxonomy":"product_brand","embeddable":true,"href":"https:\/\/global-hookah.com\/de\/wp-json\/wp\/v2\/product_brand?post=22485"},{"taxonomy":"product_cat","embeddable":true,"href":"https:\/\/global-hookah.com\/de\/wp-json\/wp\/v2\/product_cat?post=22485"},{"taxonomy":"product_tag","embeddable":true,"href":"https:\/\/global-hookah.com\/de\/wp-json\/wp\/v2\/product_tag?post=22485"}],"curies":[{"name":"wp","href":"https:\/\/api.w.org\/{rel}","templated":true}]}}