{"id":22494,"date":"2024-05-15T06:35:35","date_gmt":"2024-05-15T06:35:35","guid":{"rendered":"https:\/\/global-hookah.com\/product\/warrior-shape-cannabis-grinder-wholesale\/"},"modified":"2024-05-15T06:35:40","modified_gmt":"2024-05-15T06:35:40","slug":"warrior-shape-cannabis-grinder-wholesale","status":"publish","type":"product","link":"https:\/\/global-hookah.com\/de\/produkt\/warrior-shape-cannabis-grinder-wholesale\/","title":{"rendered":"Warrior Shape Cannabis Grinder Gro\u00dfhandel"},"content":{"rendered":"<div class=\"product-specs-list-container\">\n<ul class=\"product-specs-list util-clearfix\">\n<li class=\"product-prop line-limit-length\"><span\n\t\t\t\t\t\t\t\t\tclass=\"property-title\">Herkunft:&nbsp;<\/span><span\n\t\t\t\t\t\t\t\t\tclass=\"property-desc line-limit-length\">Festland China<\/span>\n\t\t\t\t\t\t<\/li>\n<\/ul><\/div>\n<div class=\"detailmodule_text-image\">\n<p class=\"detail-desc-decorate-content\" style=\"text-overflow: ellipsis;font-family: 'OpenSans';color:'#000';word-wrap: break-word;white-space: pre-wrap;font-weight: 300;font-size: 14px;line-height: 20px;color: #000;margin-bottom: 12px;\">Beschreibung:<br \/>\nScharfe Z\u00e4hne sorgen f\u00fcr ein hervorragendes und gleichm\u00e4\u00dfiges Schleifen.<br \/>\nGeeignet zum Mahlen von Gew\u00fcrzen, Kr\u00e4utern, Tabak, etc.<br \/>\nDer Griff erleichtert den Schleifvorgang.<br \/>\nDie aktualisierte Zahnoberfl\u00e4che sorgt f\u00fcr maximale Reibung, ohne den Schleiffluss zu beeintr\u00e4chtigen.<\/p>\n<p>Kategorie: Zinklegierung Rauchm\u00fchle<br \/>\nFarbe: Schwarz<br \/>\nGr\u00f6\u00dfe:6.5*9cm<br \/>\nMaterial: Aluminiumlegierung<br \/>\nDie Technik: Lack<br \/>\nPaket enthalten\uff1a1 X Zigarettenschleifer<\/p>\n<p>Anmerkung\uff1a<br \/>\nEs gibt 2-3% Unterschied nach der manuellen Messung.<br \/>\nBitte beachten Sie, dass leichte Farbunterschiede aufgrund von Licht und Bildschirm akzeptabel sein sollten.<\/p>\n<p><img decoding=\"async\" src=\"https:\/\/ae03.alicdn.com\/kf\/S3f275679423b4ea6b19e524c90777280W.jpg\"  class=\"detail-desc-decorate-image\" ><img decoding=\"async\" src=\"https:\/\/ae03.alicdn.com\/kf\/Sa3d8a54298f74facba0b053ed7cba9ece.jpg\"  class=\"detail-desc-decorate-image\" ><img decoding=\"async\" src=\"https:\/\/ae03.alicdn.com\/kf\/S1cd6cde194274fbd8c46eb536d0278e4H.jpg\"  class=\"detail-desc-decorate-image\" ><img decoding=\"async\" src=\"https:\/\/ae03.alicdn.com\/kf\/S78559625b13149f79e762c1b16cbb4a7j.jpg\"  class=\"detail-desc-decorate-image\" ><img decoding=\"async\" src=\"https:\/\/ae03.alicdn.com\/kf\/S2c9e821e3b9d49a4b90f2387d5916f3b7.jpg\"  class=\"detail-desc-decorate-image\" ><img decoding=\"async\" src=\"https:\/\/ae03.alicdn.com\/kf\/S905f3cf6363e4da4ae918ea8247e1583M.jpg\"  class=\"detail-desc-decorate-image\" ><\/div>","protected":false},"excerpt":{"rendered":"<p>Herkunft: Festland China Beschreibung: Scharfe Z\u00e4hne sorgen f\u00fcr ausgezeichnetes und gleichm\u00e4\u00dfiges Mahlen. Geeignet zum Mahlen von Gew\u00fcrzen, Kr\u00e4utern, Tabak, etc. Der Griff macht die<\/p>","protected":false},"featured_media":22495,"comment_status":"","ping_status":"closed","template":"","meta":{"iawp_total_views":2,"_joinchat":[]},"product_brand":[],"product_cat":[770],"product_tag":[],"class_list":{"0":"post-22494","1":"product","2":"type-product","3":"status-publish","4":"has-post-thumbnail","6":"product_cat-wholesale-grinder","8":"first","9":"instock","10":"shipping-taxable","11":"purchasable","12":"product-type-variable"},"yoast_head":"<!-- This site is optimized with the Yoast SEO Premium plugin v24.7 (Yoast SEO v26.8) - https:\/\/yoast.com\/product\/yoast-seo-premium-wordpress\/ -->\n<title>Warrior Shape Cannabis Grinder Wholesale - Global Hookah<\/title>\n<meta name=\"robots\" content=\"index, follow, max-snippet:-1, max-image-preview:large, max-video-preview:-1\" \/>\n<link rel=\"canonical\" href=\"https:\/\/global-hookah.com\/de\/pt\/produto\/warrior-shape-cannabis-grinder-wholesale\/\" \/>\n<meta property=\"og:locale\" content=\"de_DE\" \/>\n<meta property=\"og:type\" content=\"article\" \/>\n<meta property=\"og:title\" content=\"Warrior Shape Cannabis Grinder Wholesale\" \/>\n<meta property=\"og:description\" content=\"Origin:&nbsp;Mainland China Description: Sharp teeth ensures excellent and smooth grinding. Suitable for grinding spices, herbs, tobacco, ect. Handle makes the\" \/>\n<meta property=\"og:url\" content=\"https:\/\/global-hookah.com\/de\/pt\/produto\/warrior-shape-cannabis-grinder-wholesale\/\" \/>\n<meta property=\"og:site_name\" content=\"Global Hookah\" \/>\n<meta property=\"article:modified_time\" content=\"2024-05-15T06:35:40+00:00\" \/>\n<meta property=\"og:image\" content=\"https:\/\/global-hookah.com\/wp-content\/uploads\/2024\/05\/kf-S58bc080b769e4ad9a9e9d5bd3399276bK-1Pc-Warrior-Shape-Grinder-With-Storage-Box-Tobacco-Herb-Crusher-Smoke-Smoking-Pipe-Grinders-Cigarette-Accessories.webp\" \/>\n\t<meta property=\"og:image:width\" content=\"800\" \/>\n\t<meta property=\"og:image:height\" content=\"800\" \/>\n\t<meta property=\"og:image:type\" content=\"image\/webp\" \/>\n<meta name=\"twitter:card\" content=\"summary_large_image\" \/>\n<script type=\"application\/ld+json\" class=\"yoast-schema-graph\">{\"@context\":\"https:\/\/schema.org\",\"@graph\":[{\"@type\":\"WebPage\",\"@id\":\"https:\/\/global-hookah.com\/pt\/produto\/warrior-shape-cannabis-grinder-wholesale\/\",\"url\":\"https:\/\/global-hookah.com\/pt\/produto\/warrior-shape-cannabis-grinder-wholesale\/\",\"name\":\"Warrior Shape Cannabis Grinder Wholesale - Global Hookah\",\"isPartOf\":{\"@id\":\"https:\/\/global-hookah.com\/#website\"},\"primaryImageOfPage\":{\"@id\":\"https:\/\/global-hookah.com\/pt\/produto\/warrior-shape-cannabis-grinder-wholesale\/#primaryimage\"},\"image\":{\"@id\":\"https:\/\/global-hookah.com\/pt\/produto\/warrior-shape-cannabis-grinder-wholesale\/#primaryimage\"},\"thumbnailUrl\":\"https:\/\/global-hookah.com\/wp-content\/uploads\/2024\/05\/kf-S58bc080b769e4ad9a9e9d5bd3399276bK-1Pc-Warrior-Shape-Grinder-With-Storage-Box-Tobacco-Herb-Crusher-Smoke-Smoking-Pipe-Grinders-Cigarette-Accessories.webp\",\"datePublished\":\"2024-05-15T06:35:35+00:00\",\"dateModified\":\"2024-05-15T06:35:40+00:00\",\"breadcrumb\":{\"@id\":\"https:\/\/global-hookah.com\/pt\/produto\/warrior-shape-cannabis-grinder-wholesale\/#breadcrumb\"},\"inLanguage\":\"de\",\"potentialAction\":[{\"@type\":\"ReadAction\",\"target\":[\"https:\/\/global-hookah.com\/pt\/produto\/warrior-shape-cannabis-grinder-wholesale\/\"]}]},{\"@type\":\"ImageObject\",\"inLanguage\":\"de\",\"@id\":\"https:\/\/global-hookah.com\/pt\/produto\/warrior-shape-cannabis-grinder-wholesale\/#primaryimage\",\"url\":\"https:\/\/global-hookah.com\/wp-content\/uploads\/2024\/05\/kf-S58bc080b769e4ad9a9e9d5bd3399276bK-1Pc-Warrior-Shape-Grinder-With-Storage-Box-Tobacco-Herb-Crusher-Smoke-Smoking-Pipe-Grinders-Cigarette-Accessories.webp\",\"contentUrl\":\"https:\/\/global-hookah.com\/wp-content\/uploads\/2024\/05\/kf-S58bc080b769e4ad9a9e9d5bd3399276bK-1Pc-Warrior-Shape-Grinder-With-Storage-Box-Tobacco-Herb-Crusher-Smoke-Smoking-Pipe-Grinders-Cigarette-Accessories.webp\",\"width\":800,\"height\":800},{\"@type\":\"BreadcrumbList\",\"@id\":\"https:\/\/global-hookah.com\/pt\/produto\/warrior-shape-cannabis-grinder-wholesale\/#breadcrumb\",\"itemListElement\":[{\"@type\":\"ListItem\",\"position\":1,\"name\":\"Home\",\"item\":\"https:\/\/global-hookah.com\/\"},{\"@type\":\"ListItem\",\"position\":2,\"name\":\"Shop\",\"item\":\"https:\/\/global-hookah.com\/shop\/\"},{\"@type\":\"ListItem\",\"position\":3,\"name\":\"Warrior Shape Cannabis Grinder Wholesale\"}]},{\"@type\":\"WebSite\",\"@id\":\"https:\/\/global-hookah.com\/#website\",\"url\":\"https:\/\/global-hookah.com\/\",\"name\":\"Global Hookah\",\"description\":\"Global Hookah\",\"publisher\":{\"@id\":\"https:\/\/global-hookah.com\/#organization\"},\"potentialAction\":[{\"@type\":\"SearchAction\",\"target\":{\"@type\":\"EntryPoint\",\"urlTemplate\":\"https:\/\/global-hookah.com\/?s={search_term_string}\"},\"query-input\":{\"@type\":\"PropertyValueSpecification\",\"valueRequired\":true,\"valueName\":\"search_term_string\"}}],\"inLanguage\":\"de\"},{\"@type\":\"Organization\",\"@id\":\"https:\/\/global-hookah.com\/#organization\",\"name\":\"Global Hookah\",\"url\":\"https:\/\/global-hookah.com\/\",\"logo\":{\"@type\":\"ImageObject\",\"inLanguage\":\"de\",\"@id\":\"https:\/\/global-hookah.com\/#\/schema\/logo\/image\/\",\"url\":\"https:\/\/global-hookah.com\/wp-content\/uploads\/2021\/10\/cropped-fgg.png\",\"contentUrl\":\"https:\/\/global-hookah.com\/wp-content\/uploads\/2021\/10\/cropped-fgg.png\",\"width\":512,\"height\":512,\"caption\":\"Global Hookah\"},\"image\":{\"@id\":\"https:\/\/global-hookah.com\/#\/schema\/logo\/image\/\"}}]}<\/script>\n<!-- \/ Yoast SEO Premium plugin. -->","yoast_head_json":{"title":"Warrior Shape Cannabis Grinder Gro\u00dfhandel - Global Hookah","robots":{"index":"index","follow":"follow","max-snippet":"max-snippet:-1","max-image-preview":"max-image-preview:large","max-video-preview":"max-video-preview:-1"},"canonical":"https:\/\/global-hookah.com\/de\/pt\/produto\/warrior-shape-cannabis-grinder-wholesale\/","og_locale":"de_DE","og_type":"article","og_title":"Warrior Shape Cannabis Grinder Wholesale","og_description":"Origin:&nbsp;Mainland China Description: Sharp teeth ensures excellent and smooth grinding. Suitable for grinding spices, herbs, tobacco, ect. Handle makes the","og_url":"https:\/\/global-hookah.com\/de\/pt\/produto\/warrior-shape-cannabis-grinder-wholesale\/","og_site_name":"Global Hookah","article_modified_time":"2024-05-15T06:35:40+00:00","og_image":[{"width":800,"height":800,"url":"https:\/\/global-hookah.com\/wp-content\/uploads\/2024\/05\/kf-S58bc080b769e4ad9a9e9d5bd3399276bK-1Pc-Warrior-Shape-Grinder-With-Storage-Box-Tobacco-Herb-Crusher-Smoke-Smoking-Pipe-Grinders-Cigarette-Accessories.webp","type":"image\/webp"}],"twitter_card":"summary_large_image","schema":{"@context":"https:\/\/schema.org","@graph":[{"@type":"WebPage","@id":"https:\/\/global-hookah.com\/pt\/produto\/warrior-shape-cannabis-grinder-wholesale\/","url":"https:\/\/global-hookah.com\/pt\/produto\/warrior-shape-cannabis-grinder-wholesale\/","name":"Warrior Shape Cannabis Grinder Gro\u00dfhandel - Global Hookah","isPartOf":{"@id":"https:\/\/global-hookah.com\/#website"},"primaryImageOfPage":{"@id":"https:\/\/global-hookah.com\/pt\/produto\/warrior-shape-cannabis-grinder-wholesale\/#primaryimage"},"image":{"@id":"https:\/\/global-hookah.com\/pt\/produto\/warrior-shape-cannabis-grinder-wholesale\/#primaryimage"},"thumbnailUrl":"https:\/\/global-hookah.com\/wp-content\/uploads\/2024\/05\/kf-S58bc080b769e4ad9a9e9d5bd3399276bK-1Pc-Warrior-Shape-Grinder-With-Storage-Box-Tobacco-Herb-Crusher-Smoke-Smoking-Pipe-Grinders-Cigarette-Accessories.webp","datePublished":"2024-05-15T06:35:35+00:00","dateModified":"2024-05-15T06:35:40+00:00","breadcrumb":{"@id":"https:\/\/global-hookah.com\/pt\/produto\/warrior-shape-cannabis-grinder-wholesale\/#breadcrumb"},"inLanguage":"de","potentialAction":[{"@type":"ReadAction","target":["https:\/\/global-hookah.com\/pt\/produto\/warrior-shape-cannabis-grinder-wholesale\/"]}]},{"@type":"ImageObject","inLanguage":"de","@id":"https:\/\/global-hookah.com\/pt\/produto\/warrior-shape-cannabis-grinder-wholesale\/#primaryimage","url":"https:\/\/global-hookah.com\/wp-content\/uploads\/2024\/05\/kf-S58bc080b769e4ad9a9e9d5bd3399276bK-1Pc-Warrior-Shape-Grinder-With-Storage-Box-Tobacco-Herb-Crusher-Smoke-Smoking-Pipe-Grinders-Cigarette-Accessories.webp","contentUrl":"https:\/\/global-hookah.com\/wp-content\/uploads\/2024\/05\/kf-S58bc080b769e4ad9a9e9d5bd3399276bK-1Pc-Warrior-Shape-Grinder-With-Storage-Box-Tobacco-Herb-Crusher-Smoke-Smoking-Pipe-Grinders-Cigarette-Accessories.webp","width":800,"height":800},{"@type":"BreadcrumbList","@id":"https:\/\/global-hookah.com\/pt\/produto\/warrior-shape-cannabis-grinder-wholesale\/#breadcrumb","itemListElement":[{"@type":"ListItem","position":1,"name":"Home","item":"https:\/\/global-hookah.com\/"},{"@type":"ListItem","position":2,"name":"Shop","item":"https:\/\/global-hookah.com\/shop\/"},{"@type":"ListItem","position":3,"name":"Warrior Shape Cannabis Grinder Wholesale"}]},{"@type":"WebSite","@id":"https:\/\/global-hookah.com\/#website","url":"https:\/\/global-hookah.com\/","name":"Globale Wasserpfeife","description":"Globale Wasserpfeife","publisher":{"@id":"https:\/\/global-hookah.com\/#organization"},"potentialAction":[{"@type":"SearchAction","target":{"@type":"EntryPoint","urlTemplate":"https:\/\/global-hookah.com\/?s={search_term_string}"},"query-input":{"@type":"PropertyValueSpecification","valueRequired":true,"valueName":"search_term_string"}}],"inLanguage":"de"},{"@type":"Organization","@id":"https:\/\/global-hookah.com\/#organization","name":"Globale Wasserpfeife","url":"https:\/\/global-hookah.com\/","logo":{"@type":"ImageObject","inLanguage":"de","@id":"https:\/\/global-hookah.com\/#\/schema\/logo\/image\/","url":"https:\/\/global-hookah.com\/wp-content\/uploads\/2021\/10\/cropped-fgg.png","contentUrl":"https:\/\/global-hookah.com\/wp-content\/uploads\/2021\/10\/cropped-fgg.png","width":512,"height":512,"caption":"Global Hookah"},"image":{"@id":"https:\/\/global-hookah.com\/#\/schema\/logo\/image\/"}}]}},"_links":{"self":[{"href":"https:\/\/global-hookah.com\/de\/wp-json\/wp\/v2\/product\/22494","targetHints":{"allow":["GET"]}}],"collection":[{"href":"https:\/\/global-hookah.com\/de\/wp-json\/wp\/v2\/product"}],"about":[{"href":"https:\/\/global-hookah.com\/de\/wp-json\/wp\/v2\/types\/product"}],"replies":[{"embeddable":true,"href":"https:\/\/global-hookah.com\/de\/wp-json\/wp\/v2\/comments?post=22494"}],"version-history":[{"count":0,"href":"https:\/\/global-hookah.com\/de\/wp-json\/wp\/v2\/product\/22494\/revisions"}],"wp:featuredmedia":[{"embeddable":true,"href":"https:\/\/global-hookah.com\/de\/wp-json\/wp\/v2\/media\/22495"}],"wp:attachment":[{"href":"https:\/\/global-hookah.com\/de\/wp-json\/wp\/v2\/media?parent=22494"}],"wp:term":[{"taxonomy":"product_brand","embeddable":true,"href":"https:\/\/global-hookah.com\/de\/wp-json\/wp\/v2\/product_brand?post=22494"},{"taxonomy":"product_cat","embeddable":true,"href":"https:\/\/global-hookah.com\/de\/wp-json\/wp\/v2\/product_cat?post=22494"},{"taxonomy":"product_tag","embeddable":true,"href":"https:\/\/global-hookah.com\/de\/wp-json\/wp\/v2\/product_tag?post=22494"}],"curies":[{"name":"wp","href":"https:\/\/api.w.org\/{rel}","templated":true}]}}