{"id":22550,"date":"2024-05-15T07:23:21","date_gmt":"2024-05-15T07:23:21","guid":{"rendered":"https:\/\/global-hookah.com\/product\/4-layer-aluminum-alloy-weed-crusher-wholesale\/"},"modified":"2024-05-15T07:23:26","modified_gmt":"2024-05-15T07:23:26","slug":"4-layer-aluminum-alloy-weed-crusher-wholesale","status":"publish","type":"product","link":"https:\/\/global-hookah.com\/de\/produkt\/4-layer-aluminum-alloy-weed-crusher-wholesale\/","title":{"rendered":"4-Schicht-Aluminium-Legierung Unkraut Brecher Gro\u00dfhandel"},"content":{"rendered":"<div class=\"product-specs-list-container\">\n<ul class=\"product-specs-list util-clearfix\">\n<li class=\"product-prop line-limit-length\"><span\n\t\t\t\t\t\t\t\t\tclass=\"property-title\">Die Form:&nbsp;<\/span><span\n\t\t\t\t\t\t\t\t\tclass=\"property-desc line-limit-length\">Freier Typ<\/span>\n\t\t\t\t\t\t<\/li>\n<li class=\"product-prop line-limit-length\"><span\n\t\t\t\t\t\t\t\t\tclass=\"property-title\">Modellnummer:&nbsp;<\/span><span\n\t\t\t\t\t\t\t\t\tclass=\"property-desc line-limit-length\">Friedensmuster Toabakschleifer<\/span>\n\t\t\t\t\t\t<\/li>\n<li class=\"product-prop line-limit-length\"><span\n\t\t\t\t\t\t\t\t\tclass=\"property-title\">Material:&nbsp;<\/span><span\n\t\t\t\t\t\t\t\t\tclass=\"property-desc line-limit-length\">Metall<\/span>\n\t\t\t\t\t\t<\/li>\n<li class=\"product-prop line-limit-length\"><span\n\t\t\t\t\t\t\t\t\tclass=\"property-title\">Markenname:&nbsp;<\/span><span\n\t\t\t\t\t\t\t\t\tclass=\"property-desc line-limit-length\">Brangdy<\/span>\n\t\t\t\t\t\t<\/li>\n<li class=\"product-prop line-limit-length\"><span\n\t\t\t\t\t\t\t\t\tclass=\"property-title\">Herkunft:&nbsp;<\/span><span\n\t\t\t\t\t\t\t\t\tclass=\"property-desc line-limit-length\">Festland China<\/span>\n\t\t\t\t\t\t<\/li>\n<li class=\"product-prop line-limit-length\"><span\n\t\t\t\t\t\t\t\t\tclass=\"property-title\">Material:&nbsp;<\/span><span\n\t\t\t\t\t\t\t\t\tclass=\"property-desc line-limit-length\">Aluminium-Legierung<\/span>\n\t\t\t\t\t\t<\/li>\n<li class=\"product-prop line-limit-length\"><span\n\t\t\t\t\t\t\t\t\tclass=\"property-title\">Gewicht:&nbsp;<\/span><span\n\t\t\t\t\t\t\t\t\tclass=\"property-desc line-limit-length\">Etwa 150g<\/span>\n\t\t\t\t\t\t<\/li>\n<li class=\"product-prop line-limit-length\"><span\n\t\t\t\t\t\t\t\t\tclass=\"property-title\">Gr\u00f6\u00dfe:&nbsp;<\/span><span\n\t\t\t\t\t\t\t\t\tclass=\"property-desc line-limit-length\">63*45MM<\/span>\n\t\t\t\t\t\t<\/li>\n<li class=\"product-prop line-limit-length\"><span\n\t\t\t\t\t\t\t\t\tclass=\"property-title\">Muster:&nbsp;<\/span><span\n\t\t\t\t\t\t\t\t\tclass=\"property-desc line-limit-length\">3 Muster<\/span>\n\t\t\t\t\t\t<\/li>\n<li class=\"product-prop line-limit-length\"><span\n\t\t\t\t\t\t\t\t\tclass=\"property-title\">Merkmal1:&nbsp;<\/span><span\n\t\t\t\t\t\t\t\t\tclass=\"property-desc line-limit-length\">Schleifmaschinen-Zubeh\u00f6r<\/span>\n\t\t\t\t\t\t<\/li>\n<li class=\"product-prop line-limit-length\"><span\n\t\t\t\t\t\t\t\t\tclass=\"property-title\">Merkmal2:&nbsp;<\/span><span\n\t\t\t\t\t\t\t\t\tclass=\"property-desc line-limit-length\">Tabakschleifer<\/span>\n\t\t\t\t\t\t<\/li>\n<li class=\"product-prop line-limit-length\"><span\n\t\t\t\t\t\t\t\t\tclass=\"property-title\">Merkmal3:&nbsp;<\/span><span\n\t\t\t\t\t\t\t\t\tclass=\"property-desc line-limit-length\">Rauchen Tabak<\/span>\n\t\t\t\t\t\t<\/li>\n<li class=\"product-prop line-limit-length\"><span\n\t\t\t\t\t\t\t\t\tclass=\"property-title\">Merkmal4:&nbsp;<\/span><span\n\t\t\t\t\t\t\t\t\tclass=\"property-desc line-limit-length\">Grasschleifer<\/span>\n\t\t\t\t\t\t<\/li>\n<li class=\"product-prop line-limit-length\"><span\n\t\t\t\t\t\t\t\t\tclass=\"property-title\">Merkmal5:&nbsp;<\/span><span\n\t\t\t\t\t\t\t\t\tclass=\"property-desc line-limit-length\">Blender Kraut<\/span>\n\t\t\t\t\t\t<\/li>\n<li class=\"product-prop line-limit-length\"><span\n\t\t\t\t\t\t\t\t\tclass=\"property-title\">Merkmal6:&nbsp;<\/span><span\n\t\t\t\t\t\t\t\t\tclass=\"property-desc line-limit-length\">M\u00fchle zum R\u00e4uchern<\/span>\n\t\t\t\t\t\t<\/li>\n<li class=\"product-prop line-limit-length\"><span\n\t\t\t\t\t\t\t\t\tclass=\"property-title\">Merkmal7:&nbsp;<\/span><span\n\t\t\t\t\t\t\t\t\tclass=\"property-desc line-limit-length\">Zigarettenschredder<\/span>\n\t\t\t\t\t\t<\/li>\n<\/ul><\/div>\n<div class=\"detailmodule_html\">\n<div class=\"detail-desc-decorate-richtext\">\n<div style=\"margin:10px auto 0 !important;display:inline-block !important;max-width:100% !important;\"><img decoding=\"async\" src=\"https:\/\/ae03.alicdn.com\/kf\/S26516b9570d24eec811bdd673c78cde7A.jpg\" style=\"width:934px !important;\"\/><\/p>\n<div style=\"margin-top:-74.3% !important;\">\n<div style=\"margin-left:0.0% !important;margin-top:0.0% !important;width:25.0% !important; \"><a href=\"http:\/\/www.aliexpress.com\/item\/detail\/1005005461965101.html\" target=\"_blank\" rel=\"noopener nofollow\"><img decoding=\"async\" src=\"https:\/\/ae01.alicdn.com\/kf\/Sde5b7b4fa63142b5a44ebaaaef99f540d.png?width=233&#038;height=347&#038;hash=580\" style=\"width:233px !important;height:347px !important;\"\/><\/a><\/div>\n<div style=\"margin-left:25.0% !important;margin-top:-37.15% !important;width:25.0% !important; \"><a href=\"http:\/\/www.aliexpress.com\/item\/detail\/1005005440524292.html\" target=\"_blank\" rel=\"noopener nofollow\"><img decoding=\"async\" src=\"https:\/\/ae01.alicdn.com\/kf\/Sde5b7b4fa63142b5a44ebaaaef99f540d.png?width=233&#038;height=347&#038;hash=580\" style=\"width:233px !important;height:347px !important;\"\/><\/a><\/div>\n<div style=\"margin-left:50.0% !important;margin-top:-37.15% !important;width:25.0% !important; \"><a href=\"http:\/\/www.aliexpress.com\/item\/detail\/1005005473342594.html\" target=\"_blank\" rel=\"noopener nofollow\"><img decoding=\"async\" src=\"https:\/\/ae01.alicdn.com\/kf\/Sde5b7b4fa63142b5a44ebaaaef99f540d.png?width=233&#038;height=347&#038;hash=580\" style=\"width:233px !important;height:347px !important;\"\/><\/a><\/div>\n<div style=\"margin-left:75.0% !important;margin-top:-37.15% !important;width:25.0% !important; \"><a href=\"http:\/\/www.aliexpress.com\/item\/detail\/1005005550093192.html\" target=\"_blank\" rel=\"noopener nofollow\"><img decoding=\"async\" src=\"https:\/\/ae01.alicdn.com\/kf\/Sde5b7b4fa63142b5a44ebaaaef99f540d.png?width=233&#038;height=347&#038;hash=580\" style=\"width:233px !important;height:347px !important;\"\/><\/a><\/div>\n<div style=\"margin-left:0.0% !important;margin-top:0.0% !important;width:25.0% !important; \"><a href=\"http:\/\/www.aliexpress.com\/item\/detail\/1005005510610661.html\" target=\"_blank\" rel=\"noopener nofollow\"><img decoding=\"async\" src=\"https:\/\/ae01.alicdn.com\/kf\/Sde5b7b4fa63142b5a44ebaaaef99f540d.png?width=233&#038;height=347&#038;hash=580\" style=\"width:233px !important;height:347px !important;\"\/><\/a><\/div>\n<div style=\"margin-left:25.0% !important;margin-top:-37.15% !important;width:25.0% !important; \"><a href=\"http:\/\/www.aliexpress.com\/item\/detail\/1005005459803680.html\" target=\"_blank\" rel=\"noopener nofollow\"><img decoding=\"async\" src=\"https:\/\/ae01.alicdn.com\/kf\/Sde5b7b4fa63142b5a44ebaaaef99f540d.png?width=233&#038;height=347&#038;hash=580\" style=\"width:233px !important;height:347px !important;\"\/><\/a><\/div>\n<div style=\"margin-left:50.0% !important;margin-top:-37.15% !important;width:25.0% !important; \"><a href=\"http:\/\/www.aliexpress.com\/item\/detail\/1005005554826627.html\" target=\"_blank\" rel=\"noopener nofollow\"><img decoding=\"async\" src=\"https:\/\/ae01.alicdn.com\/kf\/Sde5b7b4fa63142b5a44ebaaaef99f540d.png?width=233&#038;height=347&#038;hash=580\" style=\"width:233px !important;height:347px !important;\"\/><\/a><\/div>\n<div style=\"margin-left:75.0% !important;margin-top:-37.15% !important;width:25.0% !important; \"><a href=\"http:\/\/www.aliexpress.com\/item\/detail\/1005005533936807.html\" target=\"_blank\" rel=\"noopener nofollow\"><img decoding=\"async\" src=\"https:\/\/ae01.alicdn.com\/kf\/Sde5b7b4fa63142b5a44ebaaaef99f540d.png?width=233&#038;height=347&#038;hash=580\" style=\"width:233px !important;height:347px !important;\"\/><\/a><\/div>\n<\/div>\n<\/div>\n<div>\n <span style=\"font-size:20px\"><strong><span style=\"background-color:rgb(231, 76, 60)\">Neue 63mm Frieden Muster Toabacco Grinder 4-Schicht-Aluminium-Legierung Herb Crusher Grass Grinders Spice Shredder Rauchen Zubeh\u00f6r<\/span><\/strong><\/span> <\/p>\n<p>Produktname : Peace Pattern Toabacco Grinder<br \/>\n <br \/>Gr\u00f6\u00dfe: 63x63x45mm<br \/>\n <br \/>Muster : 2 Muster zur Auswahl<br \/>\n <br \/>Gewicht: Etwa 150g<br \/>\n <br \/>Material: Aluminiumlegierung <\/p>\n<p> <br \/>\n <img decoding=\"async\" style=\"border:0px;margin:0px;margin-bottom:0px;margin-top:0px;margin-left:0px;margin-right:0px;padding:0px;padding-bottom:0px;padding-top:0px;padding-left:0px;padding-right:0px;max-width:790px;box-sizing:border-box\" class=\"desc-img-loaded\" src=\"https:\/\/ae01.alicdn.com\/kf\/Sa4ff3df2226944d591d81fbccb17ee35R.jpg?width=790&amp;height=790&amp;hash=1580\" slate-data-type=\"image\"><br \/>\n <strong><br \/><\/strong><br \/>\n <img decoding=\"async\" style=\"border:0px;margin:0px;margin-bottom:0px;margin-top:0px;margin-left:0px;margin-right:0px;padding:0px;padding-bottom:0px;padding-top:0px;padding-left:0px;padding-right:0px;max-width:790px;box-sizing:border-box\" class=\"desc-img-loaded\" src=\"https:\/\/ae01.alicdn.com\/kf\/Sa23aa6ff2f674d459722e0bfae03b19dN.jpg?width=790&amp;height=790&amp;hash=1580\" slate-data-type=\"image\">\n<\/div>\n<p style=\"text-align:left;margin:0px;margin-bottom:0px;margin-top:0px;margin-left:0px;margin-right:0px\" align=\"left\"><img decoding=\"async\" src=\"https:\/\/ae01.alicdn.com\/kf\/S7ce86489e8c0417a826919f2057c2840Y.jpg?width=800&amp;height=800&amp;hash=1600\" slate-data-type=\"image\"><img decoding=\"async\" src=\"https:\/\/ae01.alicdn.com\/kf\/Sc7466e6dd0b44b87bbb26aabcbf43e17c.jpg?width=800&amp;height=800&amp;hash=1600\" slate-data-type=\"image\"><img decoding=\"async\" src=\"https:\/\/ae01.alicdn.com\/kf\/S9419bab82a1e4ab388187275a9f29d61R.jpg?width=800&amp;height=800&amp;hash=1600\" slate-data-type=\"image\"><img decoding=\"async\" src=\"https:\/\/ae01.alicdn.com\/kf\/S3b8b58d2cbd54c87b0c60e72cb923c3c6.jpg?width=800&amp;height=800&amp;hash=1600\" slate-data-type=\"image\"><\/p>\n<div>\n <img decoding=\"async\" style=\"border:0px;margin:0px;margin-bottom:0px;margin-top:0px;margin-left:0px;margin-right:0px;padding:0px;padding-bottom:0px;padding-top:0px;padding-left:0px;padding-right:0px;max-width:790px;box-sizing:border-box\" class=\"desc-img-loaded\" src=\"https:\/\/ae01.alicdn.com\/kf\/S4764635ec1c94280a08aef0802659bd1U.jpg?width=790&amp;height=790&amp;hash=1580\" slate-data-type=\"image\"><br \/>\n <strong><\/p>\n<p><\/strong><br \/>\n <img decoding=\"async\" style=\"border:0px;margin:0px;margin-bottom:0px;margin-top:0px;margin-left:0px;margin-right:0px;padding:0px;padding-bottom:0px;padding-top:0px;padding-left:0px;padding-right:0px;max-width:790px;box-sizing:border-box\" class=\"desc-img-loaded\" src=\"https:\/\/ae01.alicdn.com\/kf\/S392bb312e5604d0db649bc7df03b2e28f.jpg?width=790&amp;height=790&amp;hash=1580\" slate-data-type=\"image\"><br \/>\n <strong><\/p>\n<p><\/strong><br \/>\n <img decoding=\"async\" style=\"border:0px;margin:0px;margin-bottom:0px;margin-top:0px;margin-left:0px;margin-right:0px;padding:0px;padding-bottom:0px;padding-top:0px;padding-left:0px;padding-right:0px;max-width:790px;box-sizing:border-box\" class=\"desc-img-loaded\" src=\"https:\/\/ae01.alicdn.com\/kf\/S2f598e71621a40eea5682866a0fb9512G.jpg?width=790&amp;height=790&amp;hash=1580\" slate-data-type=\"image\"><br \/>\n <strong><br \/>Warme Aufforderung:<br \/>1. unterst\u00fctzen f\u00fcr Gro\u00dfhandel, Dropshipping, Logo anpassen, OEM!<br \/>2.+Folgen Sie dem Gesch\u00e4ft und erhalten Sie Rabatte oder Gutscheine.<br \/>3.about Farbe: Ein Teil der Produkte sind zuf\u00e4llige Farbe geschickt, um schnelle Versandgeschwindigkeit zu halten (wenn Sie wollen, welche Farbe, lassen Sie bitte Hinweis oder Nachricht).<br \/>4. \u00fcber Stecker: Egal, welches Land Sie sind aus, wir alle senden Sie Standard-Konvertierung Stecker passt Ihr nationales.Shipping:<br \/>1. wir garantieren, dass wir die Ware innerhalb von 24 Stunden nach Zahlungsbest\u00e4tigung versenden, au\u00dfer an Feiertagen.<br \/>2. wir versenden durch AliExpress Standard Versand, DHL, Fedex, haupts\u00e4chlich entsprechend der Versandmethode Ihrer Wahl.<br \/>3. wir haben reiche Erfahrung im Versand, Sie werden keine Probleme mit dem Zoll haben, bitte 100% Garantie glauben Sie uns.<br \/>4. wenn Sie den Artikel nach 15-45 Tagen nicht erhalten haben, kontaktieren Sie uns bitte, wir werden alles tun, um das Problem zu l\u00f6sen.<br \/>R\u00fcckgabe &amp; R\u00fcckerstattung:<br \/>Wenn irgendeine Frage \u00fcber Einzelteile, nehmen Sie bitte Fotos oder Videos, kontaktieren Sie uns, um erneut zu senden, R\u00fcckkehr oder R\u00fcckerstattung, brauchen Sie nicht \u00f6ffnen den Streit oder \u00dcberpr\u00fcfung.<br \/>Garantie:<br \/>100% Original und Qualit\u00e4tsgarantie! Alle Artikel haben 1-3 Jahre Garantie.<\/strong> <\/p>\n<p> \n<\/div>\n<p><\/div>\n<\/div>","protected":false},"excerpt":{"rendered":"<p>Form: Freier Typ Modellnummer: Peace Pattern Toabacco Grinder Material: Metall Markenname: Brangdy Herkunft: Festland China Material: Aluminium-Legierung Gewicht: Etwa 150g Gr\u00f6\u00dfe: 63*45MM Muster: 3 Muster Feature1: Grinder<\/p>","protected":false},"featured_media":22551,"comment_status":"","ping_status":"closed","template":"","meta":{"iawp_total_views":4,"_joinchat":[]},"product_brand":[],"product_cat":[770],"product_tag":[],"class_list":{"0":"post-22550","1":"product","2":"type-product","3":"status-publish","4":"has-post-thumbnail","6":"product_cat-wholesale-grinder","8":"first","9":"instock","10":"shipping-taxable","11":"purchasable","12":"product-type-variable"},"yoast_head":"<!-- This site is optimized with the Yoast SEO Premium plugin v24.7 (Yoast SEO v26.8) - https:\/\/yoast.com\/product\/yoast-seo-premium-wordpress\/ -->\n<title>4-layer Aluminum Alloy Weed Crusher Wholesale - Global Hookah<\/title>\n<meta name=\"robots\" content=\"index, follow, max-snippet:-1, max-image-preview:large, max-video-preview:-1\" \/>\n<link rel=\"canonical\" href=\"https:\/\/global-hookah.com\/de\/it\/prodotto\/4-layer-aluminum-alloy-weed-crusher-wholesale\/\" \/>\n<meta property=\"og:locale\" content=\"de_DE\" \/>\n<meta property=\"og:type\" content=\"article\" \/>\n<meta property=\"og:title\" content=\"4-layer Aluminum Alloy Weed Crusher Wholesale\" \/>\n<meta property=\"og:description\" content=\"Shape:&nbsp;Free Type Model Number:&nbsp;Peace Pattern Toabacco Grinder Material:&nbsp;Metal Brand Name:&nbsp;Brangdy Origin:&nbsp;Mainland China Material:&nbsp;Aluminum Alloy Weight:&nbsp;About 150g Size:&nbsp;63*45MM Pattern:&nbsp;3 Patterns Feature1:&nbsp;Grinder\" \/>\n<meta property=\"og:url\" content=\"https:\/\/global-hookah.com\/de\/it\/prodotto\/4-layer-aluminum-alloy-weed-crusher-wholesale\/\" \/>\n<meta property=\"og:site_name\" content=\"Global Hookah\" \/>\n<meta property=\"article:modified_time\" content=\"2024-05-15T07:23:26+00:00\" \/>\n<meta property=\"og:image\" content=\"https:\/\/global-hookah.com\/wp-content\/uploads\/2024\/05\/kf-S5c06bbe544b8429a9d935e830778647ad-New-63mm-Peace-Pattern-Tobacco-Grinder-4-layer-Aluminum-Alloy-Herb-Crusher-Grass-Grinders-Spice-Shredder.webp\" \/>\n\t<meta property=\"og:image:width\" content=\"800\" \/>\n\t<meta property=\"og:image:height\" content=\"800\" \/>\n\t<meta property=\"og:image:type\" content=\"image\/webp\" \/>\n<meta name=\"twitter:card\" content=\"summary_large_image\" \/>\n<meta name=\"twitter:label1\" content=\"Gesch\u00e4tzte Lesezeit\" \/>\n\t<meta name=\"twitter:data1\" content=\"1\u00a0Minute\" \/>\n<script type=\"application\/ld+json\" class=\"yoast-schema-graph\">{\"@context\":\"https:\/\/schema.org\",\"@graph\":[{\"@type\":\"WebPage\",\"@id\":\"https:\/\/global-hookah.com\/it\/prodotto\/4-layer-aluminum-alloy-weed-crusher-wholesale\/\",\"url\":\"https:\/\/global-hookah.com\/it\/prodotto\/4-layer-aluminum-alloy-weed-crusher-wholesale\/\",\"name\":\"4-layer Aluminum Alloy Weed Crusher Wholesale - Global Hookah\",\"isPartOf\":{\"@id\":\"https:\/\/global-hookah.com\/#website\"},\"primaryImageOfPage\":{\"@id\":\"https:\/\/global-hookah.com\/it\/prodotto\/4-layer-aluminum-alloy-weed-crusher-wholesale\/#primaryimage\"},\"image\":{\"@id\":\"https:\/\/global-hookah.com\/it\/prodotto\/4-layer-aluminum-alloy-weed-crusher-wholesale\/#primaryimage\"},\"thumbnailUrl\":\"https:\/\/global-hookah.com\/wp-content\/uploads\/2024\/05\/kf-S5c06bbe544b8429a9d935e830778647ad-New-63mm-Peace-Pattern-Tobacco-Grinder-4-layer-Aluminum-Alloy-Herb-Crusher-Grass-Grinders-Spice-Shredder.webp\",\"datePublished\":\"2024-05-15T07:23:21+00:00\",\"dateModified\":\"2024-05-15T07:23:26+00:00\",\"breadcrumb\":{\"@id\":\"https:\/\/global-hookah.com\/it\/prodotto\/4-layer-aluminum-alloy-weed-crusher-wholesale\/#breadcrumb\"},\"inLanguage\":\"de\",\"potentialAction\":[{\"@type\":\"ReadAction\",\"target\":[\"https:\/\/global-hookah.com\/it\/prodotto\/4-layer-aluminum-alloy-weed-crusher-wholesale\/\"]}]},{\"@type\":\"ImageObject\",\"inLanguage\":\"de\",\"@id\":\"https:\/\/global-hookah.com\/it\/prodotto\/4-layer-aluminum-alloy-weed-crusher-wholesale\/#primaryimage\",\"url\":\"https:\/\/global-hookah.com\/wp-content\/uploads\/2024\/05\/kf-S5c06bbe544b8429a9d935e830778647ad-New-63mm-Peace-Pattern-Tobacco-Grinder-4-layer-Aluminum-Alloy-Herb-Crusher-Grass-Grinders-Spice-Shredder.webp\",\"contentUrl\":\"https:\/\/global-hookah.com\/wp-content\/uploads\/2024\/05\/kf-S5c06bbe544b8429a9d935e830778647ad-New-63mm-Peace-Pattern-Tobacco-Grinder-4-layer-Aluminum-Alloy-Herb-Crusher-Grass-Grinders-Spice-Shredder.webp\",\"width\":800,\"height\":800},{\"@type\":\"BreadcrumbList\",\"@id\":\"https:\/\/global-hookah.com\/it\/prodotto\/4-layer-aluminum-alloy-weed-crusher-wholesale\/#breadcrumb\",\"itemListElement\":[{\"@type\":\"ListItem\",\"position\":1,\"name\":\"Home\",\"item\":\"https:\/\/global-hookah.com\/\"},{\"@type\":\"ListItem\",\"position\":2,\"name\":\"Shop\",\"item\":\"https:\/\/global-hookah.com\/shop\/\"},{\"@type\":\"ListItem\",\"position\":3,\"name\":\"4-layer Aluminum Alloy Weed Crusher Wholesale\"}]},{\"@type\":\"WebSite\",\"@id\":\"https:\/\/global-hookah.com\/#website\",\"url\":\"https:\/\/global-hookah.com\/\",\"name\":\"Global Hookah\",\"description\":\"Global Hookah\",\"publisher\":{\"@id\":\"https:\/\/global-hookah.com\/#organization\"},\"potentialAction\":[{\"@type\":\"SearchAction\",\"target\":{\"@type\":\"EntryPoint\",\"urlTemplate\":\"https:\/\/global-hookah.com\/?s={search_term_string}\"},\"query-input\":{\"@type\":\"PropertyValueSpecification\",\"valueRequired\":true,\"valueName\":\"search_term_string\"}}],\"inLanguage\":\"de\"},{\"@type\":\"Organization\",\"@id\":\"https:\/\/global-hookah.com\/#organization\",\"name\":\"Global Hookah\",\"url\":\"https:\/\/global-hookah.com\/\",\"logo\":{\"@type\":\"ImageObject\",\"inLanguage\":\"de\",\"@id\":\"https:\/\/global-hookah.com\/#\/schema\/logo\/image\/\",\"url\":\"https:\/\/global-hookah.com\/wp-content\/uploads\/2021\/10\/cropped-fgg.png\",\"contentUrl\":\"https:\/\/global-hookah.com\/wp-content\/uploads\/2021\/10\/cropped-fgg.png\",\"width\":512,\"height\":512,\"caption\":\"Global Hookah\"},\"image\":{\"@id\":\"https:\/\/global-hookah.com\/#\/schema\/logo\/image\/\"}}]}<\/script>\n<!-- \/ Yoast SEO Premium plugin. -->","yoast_head_json":{"title":"4-Schicht-Aluminium-Legierung Unkraut Brecher Gro\u00dfhandel - Global Hookah","robots":{"index":"index","follow":"follow","max-snippet":"max-snippet:-1","max-image-preview":"max-image-preview:large","max-video-preview":"max-video-preview:-1"},"canonical":"https:\/\/global-hookah.com\/de\/it\/prodotto\/4-layer-aluminum-alloy-weed-crusher-wholesale\/","og_locale":"de_DE","og_type":"article","og_title":"4-layer Aluminum Alloy Weed Crusher Wholesale","og_description":"Shape:&nbsp;Free Type Model Number:&nbsp;Peace Pattern Toabacco Grinder Material:&nbsp;Metal Brand Name:&nbsp;Brangdy Origin:&nbsp;Mainland China Material:&nbsp;Aluminum Alloy Weight:&nbsp;About 150g Size:&nbsp;63*45MM Pattern:&nbsp;3 Patterns Feature1:&nbsp;Grinder","og_url":"https:\/\/global-hookah.com\/de\/it\/prodotto\/4-layer-aluminum-alloy-weed-crusher-wholesale\/","og_site_name":"Global Hookah","article_modified_time":"2024-05-15T07:23:26+00:00","og_image":[{"width":800,"height":800,"url":"https:\/\/global-hookah.com\/wp-content\/uploads\/2024\/05\/kf-S5c06bbe544b8429a9d935e830778647ad-New-63mm-Peace-Pattern-Tobacco-Grinder-4-layer-Aluminum-Alloy-Herb-Crusher-Grass-Grinders-Spice-Shredder.webp","type":"image\/webp"}],"twitter_card":"summary_large_image","twitter_misc":{"Gesch\u00e4tzte Lesezeit":"1\u00a0Minute"},"schema":{"@context":"https:\/\/schema.org","@graph":[{"@type":"WebPage","@id":"https:\/\/global-hookah.com\/it\/prodotto\/4-layer-aluminum-alloy-weed-crusher-wholesale\/","url":"https:\/\/global-hookah.com\/it\/prodotto\/4-layer-aluminum-alloy-weed-crusher-wholesale\/","name":"4-Schicht-Aluminium-Legierung Unkraut Brecher Gro\u00dfhandel - Global Hookah","isPartOf":{"@id":"https:\/\/global-hookah.com\/#website"},"primaryImageOfPage":{"@id":"https:\/\/global-hookah.com\/it\/prodotto\/4-layer-aluminum-alloy-weed-crusher-wholesale\/#primaryimage"},"image":{"@id":"https:\/\/global-hookah.com\/it\/prodotto\/4-layer-aluminum-alloy-weed-crusher-wholesale\/#primaryimage"},"thumbnailUrl":"https:\/\/global-hookah.com\/wp-content\/uploads\/2024\/05\/kf-S5c06bbe544b8429a9d935e830778647ad-New-63mm-Peace-Pattern-Tobacco-Grinder-4-layer-Aluminum-Alloy-Herb-Crusher-Grass-Grinders-Spice-Shredder.webp","datePublished":"2024-05-15T07:23:21+00:00","dateModified":"2024-05-15T07:23:26+00:00","breadcrumb":{"@id":"https:\/\/global-hookah.com\/it\/prodotto\/4-layer-aluminum-alloy-weed-crusher-wholesale\/#breadcrumb"},"inLanguage":"de","potentialAction":[{"@type":"ReadAction","target":["https:\/\/global-hookah.com\/it\/prodotto\/4-layer-aluminum-alloy-weed-crusher-wholesale\/"]}]},{"@type":"ImageObject","inLanguage":"de","@id":"https:\/\/global-hookah.com\/it\/prodotto\/4-layer-aluminum-alloy-weed-crusher-wholesale\/#primaryimage","url":"https:\/\/global-hookah.com\/wp-content\/uploads\/2024\/05\/kf-S5c06bbe544b8429a9d935e830778647ad-New-63mm-Peace-Pattern-Tobacco-Grinder-4-layer-Aluminum-Alloy-Herb-Crusher-Grass-Grinders-Spice-Shredder.webp","contentUrl":"https:\/\/global-hookah.com\/wp-content\/uploads\/2024\/05\/kf-S5c06bbe544b8429a9d935e830778647ad-New-63mm-Peace-Pattern-Tobacco-Grinder-4-layer-Aluminum-Alloy-Herb-Crusher-Grass-Grinders-Spice-Shredder.webp","width":800,"height":800},{"@type":"BreadcrumbList","@id":"https:\/\/global-hookah.com\/it\/prodotto\/4-layer-aluminum-alloy-weed-crusher-wholesale\/#breadcrumb","itemListElement":[{"@type":"ListItem","position":1,"name":"Home","item":"https:\/\/global-hookah.com\/"},{"@type":"ListItem","position":2,"name":"Shop","item":"https:\/\/global-hookah.com\/shop\/"},{"@type":"ListItem","position":3,"name":"4-layer Aluminum Alloy Weed Crusher Wholesale"}]},{"@type":"WebSite","@id":"https:\/\/global-hookah.com\/#website","url":"https:\/\/global-hookah.com\/","name":"Globale Wasserpfeife","description":"Globale Wasserpfeife","publisher":{"@id":"https:\/\/global-hookah.com\/#organization"},"potentialAction":[{"@type":"SearchAction","target":{"@type":"EntryPoint","urlTemplate":"https:\/\/global-hookah.com\/?s={search_term_string}"},"query-input":{"@type":"PropertyValueSpecification","valueRequired":true,"valueName":"search_term_string"}}],"inLanguage":"de"},{"@type":"Organization","@id":"https:\/\/global-hookah.com\/#organization","name":"Globale Wasserpfeife","url":"https:\/\/global-hookah.com\/","logo":{"@type":"ImageObject","inLanguage":"de","@id":"https:\/\/global-hookah.com\/#\/schema\/logo\/image\/","url":"https:\/\/global-hookah.com\/wp-content\/uploads\/2021\/10\/cropped-fgg.png","contentUrl":"https:\/\/global-hookah.com\/wp-content\/uploads\/2021\/10\/cropped-fgg.png","width":512,"height":512,"caption":"Global Hookah"},"image":{"@id":"https:\/\/global-hookah.com\/#\/schema\/logo\/image\/"}}]}},"_links":{"self":[{"href":"https:\/\/global-hookah.com\/de\/wp-json\/wp\/v2\/product\/22550","targetHints":{"allow":["GET"]}}],"collection":[{"href":"https:\/\/global-hookah.com\/de\/wp-json\/wp\/v2\/product"}],"about":[{"href":"https:\/\/global-hookah.com\/de\/wp-json\/wp\/v2\/types\/product"}],"replies":[{"embeddable":true,"href":"https:\/\/global-hookah.com\/de\/wp-json\/wp\/v2\/comments?post=22550"}],"version-history":[{"count":0,"href":"https:\/\/global-hookah.com\/de\/wp-json\/wp\/v2\/product\/22550\/revisions"}],"wp:featuredmedia":[{"embeddable":true,"href":"https:\/\/global-hookah.com\/de\/wp-json\/wp\/v2\/media\/22551"}],"wp:attachment":[{"href":"https:\/\/global-hookah.com\/de\/wp-json\/wp\/v2\/media?parent=22550"}],"wp:term":[{"taxonomy":"product_brand","embeddable":true,"href":"https:\/\/global-hookah.com\/de\/wp-json\/wp\/v2\/product_brand?post=22550"},{"taxonomy":"product_cat","embeddable":true,"href":"https:\/\/global-hookah.com\/de\/wp-json\/wp\/v2\/product_cat?post=22550"},{"taxonomy":"product_tag","embeddable":true,"href":"https:\/\/global-hookah.com\/de\/wp-json\/wp\/v2\/product_tag?post=22550"}],"curies":[{"name":"wp","href":"https:\/\/api.w.org\/{rel}","templated":true}]}}