{"id":22559,"date":"2024-05-15T07:25:36","date_gmt":"2024-05-15T07:25:36","guid":{"rendered":"https:\/\/global-hookah.com\/product\/1-8inch-magic-cube-marijuana-grinder-wholesale\/"},"modified":"2024-05-15T07:25:42","modified_gmt":"2024-05-15T07:25:42","slug":"1-8inch-magic-cube-marijuana-grinder-wholesale","status":"publish","type":"product","link":"https:\/\/global-hookah.com\/de\/produkt\/1-8inch-magic-cube-marijuana-grinder-wholesale\/","title":{"rendered":"1.8Zoll Magischer W\u00fcrfel Marihuana Grinder Gro\u00dfhandel"},"content":{"rendered":"<div class=\"product-specs-list-container\">\n<ul class=\"product-specs-list util-clearfix\">\n<li class=\"product-prop line-limit-length\"><span\n\t\t\t\t\t\t\t\t\tclass=\"property-title\">Herkunft:&nbsp;<\/span><span\n\t\t\t\t\t\t\t\t\tclass=\"property-desc line-limit-length\">Festland China<\/span>\n\t\t\t\t\t\t<\/li>\n<\/ul><\/div>\n<p>\t\t\t<html><br \/>\n <head><\/head><br \/>\n <body><\/p>\n<div class=\"ai-description\">\n<div class=\"origin-part box-sizing\">\n<p style=\"        font-family: 'Open Sans', sans-serif;        font-size: 14px;        font-weight: 400;        letter-spacing: normal;        line-height: inherit;        text-align: start;        white-space: normal;        color: rgb(0, 0, 0);        background-color: rgb(255, 255, 255);        margin: 0px;        margin-bottom: 0px;        margin-top: 0px;        margin-left: 0px;        margin-right: 0px;        padding: 0px;        padding-bottom: 0px;        padding-top: 0px;        padding-left: 0px;        padding-right: 0px;        box-sizing: border-box;      \" align=\"start\"> <span style=\"background-color: rgba(255, 255, 255, 255)\"><strong>- Vier-Schichten-Schleifer :<\/strong><\/span><span style=\"background-color: rgba(255, 255, 255, 255)\">Das Produkt verf\u00fcgt \u00fcber vier Schichten, die zum Zerkleinern verschiedener Materialien verwendet werden k\u00f6nnen, was es vielseitig und effizient macht.<\/span> <\/p>\n<p><\/p>\n<p style=\"        font-family: 'Open Sans', sans-serif;        font-size: 14px;        font-weight: 400;        letter-spacing: normal;        line-height: inherit;        text-align: start;        white-space: normal;        color: rgb(0, 0, 0);        background-color: rgb(255, 255, 255);        margin: 0px;        margin-bottom: 0px;        margin-top: 0px;        margin-left: 0px;        margin-right: 0px;        padding: 0px;        padding-bottom: 0px;        padding-top: 0px;        padding-left: 0px;        padding-right: 0px;        box-sizing: border-box;      \" align=\"start\"> <span style=\"background-color: rgba(255, 255, 255, 255)\"><strong>- Multifunktional :<\/strong><\/span><span style=\"background-color: rgba(255, 255, 255, 255)\">Dieses Produkt kann zum Mahlen von Zigaretten, Gew\u00fcrzen und anderen Materialien verwendet werden, was es zu einem vielseitigen Werkzeug f\u00fcr verschiedene Zwecke macht.<\/span> <\/p>\n<p><\/p>\n<p style=\"        font-family: 'Open Sans', sans-serif;        font-size: 14px;        font-weight: 400;        letter-spacing: normal;        line-height: inherit;        text-align: start;        white-space: normal;        color: rgb(0, 0, 0);        background-color: rgb(255, 255, 255);        margin: 0px;        margin-bottom: 0px;        margin-top: 0px;        margin-left: 0px;        margin-right: 0px;        padding: 0px;        padding-bottom: 0px;        padding-top: 0px;        padding-left: 0px;        padding-right: 0px;        box-sizing: border-box;      \" align=\"start\"> <span style=\"background-color: rgba(255, 255, 255, 255)\"><strong>- 1,8-Zoll-Magie-W\u00fcrfelm\u00fchle :<\/strong><\/span><span style=\"background-color: rgba(255, 255, 255, 255)\">Das Produkt ist ein 1,8-Zoll-W\u00fcrfel, der leicht mitgenommen werden kann und somit auch f\u00fcr unterwegs geeignet ist.<\/span> <\/p>\n<p><\/p>\n<p style=\"        font-family: 'Open Sans', sans-serif;        font-size: 14px;        font-weight: 400;        letter-spacing: normal;        line-height: inherit;        text-align: start;        white-space: normal;        color: rgb(0, 0, 0);        background-color: rgb(255, 255, 255);        margin: 0px;        margin-bottom: 0px;        margin-top: 0px;        margin-left: 0px;        margin-right: 0px;        padding: 0px;        padding-bottom: 0px;        padding-top: 0px;        padding-left: 0px;        padding-right: 0px;        box-sizing: border-box;      \" align=\"start\"> <span style=\"background-color: rgba(255, 255, 255, 255)\"><strong>- Zigarettenschredder :<\/strong><\/span><span style=\"background-color: rgba(255, 255, 255, 255)\">Das Produkt wurde speziell f\u00fcr die Zerkleinerung von Zigaretten entwickelt und ist damit ein wirksames Hilfsmittel f\u00fcr alle, die mit dem Rauchen aufh\u00f6ren wollen.<\/span> <\/p>\n<p><\/p>\n<\/p><\/div>\n<\/p><\/div>\n<p><span style=\"background-color:rgb(255, 255, 255);color:rgb(34, 34, 34);font-size:18px;font-family:miui, system-ui, -apple-system, BlinkMacSystemFont, &quot;.SFNSText-Regular&quot;, Helvetica, Arial, sans-serif\"><strong>Magnet Magischer W\u00fcrfel Vier Schichten Grinder Multifunktional 1.8Inch Magischer W\u00fcrfel Grinder Zigarettenschredder Gew\u00fcrzbrecher<\/strong><\/span><\/p>\n<p><\/p>\n<p><img decoding=\"async\" src=\"https:\/\/ae01.alicdn.com\/kf\/S5e3ddd1e71cf4724b4201eba956673f8a.png\" slate-data-type=\"image\"><img decoding=\"async\" src=\"https:\/\/ae01.alicdn.com\/kf\/S9388bc89446d467885cad76c759f6d31W.png\" slate-data-type=\"image\"><img decoding=\"async\" src=\"https:\/\/ae01.alicdn.com\/kf\/S7af7b56e74114c1e980efb1efb9d1c1et.png\" slate-data-type=\"image\"><img decoding=\"async\" src=\"https:\/\/ae01.alicdn.com\/kf\/S8698be753378426a98c5e625e0ac1d4cF.png\" slate-data-type=\"image\"><img decoding=\"async\" src=\"https:\/\/ae01.alicdn.com\/kf\/S2526cc224db84b199626e9d68abe2f8eo.png\" slate-data-type=\"image\"><img decoding=\"async\" src=\"https:\/\/ae01.alicdn.com\/kf\/Sd47984330934453a84a5084bb21266bcw.png\" slate-data-type=\"image\"><img decoding=\"async\" src=\"https:\/\/ae01.alicdn.com\/kf\/S1f779d5683ec40f2aa8421709144ac38E.png\" slate-data-type=\"image\"><img decoding=\"async\" src=\"https:\/\/ae01.alicdn.com\/kf\/Sa73456b675e849908cc825982b6b71afv.png\" slate-data-type=\"image\"><img decoding=\"async\" src=\"https:\/\/ae01.alicdn.com\/kf\/S115feffb2f72405aac057f10f4316b77g.png\" slate-data-type=\"image\"><\/p>\n<p><\/p>\n<p> <\/body><br \/>\n<\/html><\/p>","protected":false},"excerpt":{"rendered":"<p>Herkunft: Festland China - Four Layers Grinder :Das Produkt hat vier Schichten, die verwendet werden k\u00f6nnen, um verschiedene Materialien zu mahlen, so dass<\/p>","protected":false},"featured_media":22560,"comment_status":"","ping_status":"closed","template":"","meta":{"iawp_total_views":3,"_joinchat":[]},"product_brand":[],"product_cat":[770],"product_tag":[],"class_list":{"0":"post-22559","1":"product","2":"type-product","3":"status-publish","4":"has-post-thumbnail","6":"product_cat-wholesale-grinder","8":"first","9":"instock","10":"shipping-taxable","11":"purchasable","12":"product-type-variable"},"yoast_head":"<!-- This site is optimized with the Yoast SEO Premium plugin v24.7 (Yoast SEO v26.8) - https:\/\/yoast.com\/product\/yoast-seo-premium-wordpress\/ -->\n<title>1.8Inch Magic Cube Marijuana Grinder Wholesale - Global Hookah<\/title>\n<meta name=\"robots\" content=\"index, follow, max-snippet:-1, max-image-preview:large, max-video-preview:-1\" \/>\n<link rel=\"canonical\" href=\"https:\/\/global-hookah.com\/de\/produkt\/1-8inch-magic-cube-marijuana-grinder-wholesale\/\" \/>\n<meta property=\"og:locale\" content=\"de_DE\" \/>\n<meta property=\"og:type\" content=\"article\" \/>\n<meta property=\"og:title\" content=\"1.8Inch Magic Cube Marijuana Grinder Wholesale\" \/>\n<meta property=\"og:description\" content=\"Origin:&nbsp;Mainland China \u2022 Four Layers Grinder :The product has four layers that can be used to grind various materials, making\" \/>\n<meta property=\"og:url\" content=\"https:\/\/global-hookah.com\/de\/produkt\/1-8inch-magic-cube-marijuana-grinder-wholesale\/\" \/>\n<meta property=\"og:site_name\" content=\"Global Hookah\" \/>\n<meta property=\"article:modified_time\" content=\"2024-05-15T07:25:42+00:00\" \/>\n<meta property=\"og:image\" content=\"https:\/\/global-hookah.com\/wp-content\/uploads\/2024\/05\/kf-Sd47984330934453a84a5084bb21266bcw-Magnet-Magic-Cube-Four-Layers-Grinder-Multifunctional-1-8Inch-Magic-Cube-Grinder-Cigarette-Shredder-Spice-Crusher.webp\" \/>\n\t<meta property=\"og:image:width\" content=\"1000\" \/>\n\t<meta property=\"og:image:height\" content=\"1000\" \/>\n\t<meta property=\"og:image:type\" content=\"image\/webp\" \/>\n<meta name=\"twitter:card\" content=\"summary_large_image\" \/>\n<meta name=\"twitter:label1\" content=\"Gesch\u00e4tzte Lesezeit\" \/>\n\t<meta name=\"twitter:data1\" content=\"1\u00a0Minute\" \/>\n<script type=\"application\/ld+json\" class=\"yoast-schema-graph\">{\"@context\":\"https:\/\/schema.org\",\"@graph\":[{\"@type\":\"WebPage\",\"@id\":\"https:\/\/global-hookah.com\/product\/1-8inch-magic-cube-marijuana-grinder-wholesale\/\",\"url\":\"https:\/\/global-hookah.com\/product\/1-8inch-magic-cube-marijuana-grinder-wholesale\/\",\"name\":\"1.8Inch Magic Cube Marijuana Grinder Wholesale - Global Hookah\",\"isPartOf\":{\"@id\":\"https:\/\/global-hookah.com\/#website\"},\"primaryImageOfPage\":{\"@id\":\"https:\/\/global-hookah.com\/product\/1-8inch-magic-cube-marijuana-grinder-wholesale\/#primaryimage\"},\"image\":{\"@id\":\"https:\/\/global-hookah.com\/product\/1-8inch-magic-cube-marijuana-grinder-wholesale\/#primaryimage\"},\"thumbnailUrl\":\"https:\/\/global-hookah.com\/wp-content\/uploads\/2024\/05\/kf-Sd47984330934453a84a5084bb21266bcw-Magnet-Magic-Cube-Four-Layers-Grinder-Multifunctional-1-8Inch-Magic-Cube-Grinder-Cigarette-Shredder-Spice-Crusher.webp\",\"datePublished\":\"2024-05-15T07:25:36+00:00\",\"dateModified\":\"2024-05-15T07:25:42+00:00\",\"breadcrumb\":{\"@id\":\"https:\/\/global-hookah.com\/product\/1-8inch-magic-cube-marijuana-grinder-wholesale\/#breadcrumb\"},\"inLanguage\":\"de\",\"potentialAction\":[{\"@type\":\"ReadAction\",\"target\":[\"https:\/\/global-hookah.com\/product\/1-8inch-magic-cube-marijuana-grinder-wholesale\/\"]}]},{\"@type\":\"ImageObject\",\"inLanguage\":\"de\",\"@id\":\"https:\/\/global-hookah.com\/product\/1-8inch-magic-cube-marijuana-grinder-wholesale\/#primaryimage\",\"url\":\"https:\/\/global-hookah.com\/wp-content\/uploads\/2024\/05\/kf-Sd47984330934453a84a5084bb21266bcw-Magnet-Magic-Cube-Four-Layers-Grinder-Multifunctional-1-8Inch-Magic-Cube-Grinder-Cigarette-Shredder-Spice-Crusher.webp\",\"contentUrl\":\"https:\/\/global-hookah.com\/wp-content\/uploads\/2024\/05\/kf-Sd47984330934453a84a5084bb21266bcw-Magnet-Magic-Cube-Four-Layers-Grinder-Multifunctional-1-8Inch-Magic-Cube-Grinder-Cigarette-Shredder-Spice-Crusher.webp\",\"width\":1000,\"height\":1000},{\"@type\":\"BreadcrumbList\",\"@id\":\"https:\/\/global-hookah.com\/product\/1-8inch-magic-cube-marijuana-grinder-wholesale\/#breadcrumb\",\"itemListElement\":[{\"@type\":\"ListItem\",\"position\":1,\"name\":\"Home\",\"item\":\"https:\/\/global-hookah.com\/\"},{\"@type\":\"ListItem\",\"position\":2,\"name\":\"Shop\",\"item\":\"https:\/\/global-hookah.com\/shop\/\"},{\"@type\":\"ListItem\",\"position\":3,\"name\":\"1.8Inch Magic Cube Marijuana Grinder Wholesale\"}]},{\"@type\":\"WebSite\",\"@id\":\"https:\/\/global-hookah.com\/#website\",\"url\":\"https:\/\/global-hookah.com\/\",\"name\":\"Global Hookah\",\"description\":\"Global Hookah\",\"publisher\":{\"@id\":\"https:\/\/global-hookah.com\/#organization\"},\"potentialAction\":[{\"@type\":\"SearchAction\",\"target\":{\"@type\":\"EntryPoint\",\"urlTemplate\":\"https:\/\/global-hookah.com\/?s={search_term_string}\"},\"query-input\":{\"@type\":\"PropertyValueSpecification\",\"valueRequired\":true,\"valueName\":\"search_term_string\"}}],\"inLanguage\":\"de\"},{\"@type\":\"Organization\",\"@id\":\"https:\/\/global-hookah.com\/#organization\",\"name\":\"Global Hookah\",\"url\":\"https:\/\/global-hookah.com\/\",\"logo\":{\"@type\":\"ImageObject\",\"inLanguage\":\"de\",\"@id\":\"https:\/\/global-hookah.com\/#\/schema\/logo\/image\/\",\"url\":\"https:\/\/global-hookah.com\/wp-content\/uploads\/2021\/10\/cropped-fgg.png\",\"contentUrl\":\"https:\/\/global-hookah.com\/wp-content\/uploads\/2021\/10\/cropped-fgg.png\",\"width\":512,\"height\":512,\"caption\":\"Global Hookah\"},\"image\":{\"@id\":\"https:\/\/global-hookah.com\/#\/schema\/logo\/image\/\"}}]}<\/script>\n<!-- \/ Yoast SEO Premium plugin. -->","yoast_head_json":{"title":"1.8Zoll Magischer W\u00fcrfel Marihuana Grinder Gro\u00dfhandel - Global Hookah","robots":{"index":"index","follow":"follow","max-snippet":"max-snippet:-1","max-image-preview":"max-image-preview:large","max-video-preview":"max-video-preview:-1"},"canonical":"https:\/\/global-hookah.com\/de\/produkt\/1-8inch-magic-cube-marijuana-grinder-wholesale\/","og_locale":"de_DE","og_type":"article","og_title":"1.8Inch Magic Cube Marijuana Grinder Wholesale","og_description":"Origin:&nbsp;Mainland China \u2022 Four Layers Grinder :The product has four layers that can be used to grind various materials, making","og_url":"https:\/\/global-hookah.com\/de\/produkt\/1-8inch-magic-cube-marijuana-grinder-wholesale\/","og_site_name":"Global Hookah","article_modified_time":"2024-05-15T07:25:42+00:00","og_image":[{"width":1000,"height":1000,"url":"https:\/\/global-hookah.com\/wp-content\/uploads\/2024\/05\/kf-Sd47984330934453a84a5084bb21266bcw-Magnet-Magic-Cube-Four-Layers-Grinder-Multifunctional-1-8Inch-Magic-Cube-Grinder-Cigarette-Shredder-Spice-Crusher.webp","type":"image\/webp"}],"twitter_card":"summary_large_image","twitter_misc":{"Gesch\u00e4tzte Lesezeit":"1\u00a0Minute"},"schema":{"@context":"https:\/\/schema.org","@graph":[{"@type":"WebPage","@id":"https:\/\/global-hookah.com\/product\/1-8inch-magic-cube-marijuana-grinder-wholesale\/","url":"https:\/\/global-hookah.com\/product\/1-8inch-magic-cube-marijuana-grinder-wholesale\/","name":"1.8Zoll Magischer W\u00fcrfel Marihuana Grinder Gro\u00dfhandel - Global Hookah","isPartOf":{"@id":"https:\/\/global-hookah.com\/#website"},"primaryImageOfPage":{"@id":"https:\/\/global-hookah.com\/product\/1-8inch-magic-cube-marijuana-grinder-wholesale\/#primaryimage"},"image":{"@id":"https:\/\/global-hookah.com\/product\/1-8inch-magic-cube-marijuana-grinder-wholesale\/#primaryimage"},"thumbnailUrl":"https:\/\/global-hookah.com\/wp-content\/uploads\/2024\/05\/kf-Sd47984330934453a84a5084bb21266bcw-Magnet-Magic-Cube-Four-Layers-Grinder-Multifunctional-1-8Inch-Magic-Cube-Grinder-Cigarette-Shredder-Spice-Crusher.webp","datePublished":"2024-05-15T07:25:36+00:00","dateModified":"2024-05-15T07:25:42+00:00","breadcrumb":{"@id":"https:\/\/global-hookah.com\/product\/1-8inch-magic-cube-marijuana-grinder-wholesale\/#breadcrumb"},"inLanguage":"de","potentialAction":[{"@type":"ReadAction","target":["https:\/\/global-hookah.com\/product\/1-8inch-magic-cube-marijuana-grinder-wholesale\/"]}]},{"@type":"ImageObject","inLanguage":"de","@id":"https:\/\/global-hookah.com\/product\/1-8inch-magic-cube-marijuana-grinder-wholesale\/#primaryimage","url":"https:\/\/global-hookah.com\/wp-content\/uploads\/2024\/05\/kf-Sd47984330934453a84a5084bb21266bcw-Magnet-Magic-Cube-Four-Layers-Grinder-Multifunctional-1-8Inch-Magic-Cube-Grinder-Cigarette-Shredder-Spice-Crusher.webp","contentUrl":"https:\/\/global-hookah.com\/wp-content\/uploads\/2024\/05\/kf-Sd47984330934453a84a5084bb21266bcw-Magnet-Magic-Cube-Four-Layers-Grinder-Multifunctional-1-8Inch-Magic-Cube-Grinder-Cigarette-Shredder-Spice-Crusher.webp","width":1000,"height":1000},{"@type":"BreadcrumbList","@id":"https:\/\/global-hookah.com\/product\/1-8inch-magic-cube-marijuana-grinder-wholesale\/#breadcrumb","itemListElement":[{"@type":"ListItem","position":1,"name":"Home","item":"https:\/\/global-hookah.com\/"},{"@type":"ListItem","position":2,"name":"Shop","item":"https:\/\/global-hookah.com\/shop\/"},{"@type":"ListItem","position":3,"name":"1.8Inch Magic Cube Marijuana Grinder Wholesale"}]},{"@type":"WebSite","@id":"https:\/\/global-hookah.com\/#website","url":"https:\/\/global-hookah.com\/","name":"Globale Wasserpfeife","description":"Globale Wasserpfeife","publisher":{"@id":"https:\/\/global-hookah.com\/#organization"},"potentialAction":[{"@type":"SearchAction","target":{"@type":"EntryPoint","urlTemplate":"https:\/\/global-hookah.com\/?s={search_term_string}"},"query-input":{"@type":"PropertyValueSpecification","valueRequired":true,"valueName":"search_term_string"}}],"inLanguage":"de"},{"@type":"Organization","@id":"https:\/\/global-hookah.com\/#organization","name":"Globale Wasserpfeife","url":"https:\/\/global-hookah.com\/","logo":{"@type":"ImageObject","inLanguage":"de","@id":"https:\/\/global-hookah.com\/#\/schema\/logo\/image\/","url":"https:\/\/global-hookah.com\/wp-content\/uploads\/2021\/10\/cropped-fgg.png","contentUrl":"https:\/\/global-hookah.com\/wp-content\/uploads\/2021\/10\/cropped-fgg.png","width":512,"height":512,"caption":"Global Hookah"},"image":{"@id":"https:\/\/global-hookah.com\/#\/schema\/logo\/image\/"}}]}},"_links":{"self":[{"href":"https:\/\/global-hookah.com\/de\/wp-json\/wp\/v2\/product\/22559","targetHints":{"allow":["GET"]}}],"collection":[{"href":"https:\/\/global-hookah.com\/de\/wp-json\/wp\/v2\/product"}],"about":[{"href":"https:\/\/global-hookah.com\/de\/wp-json\/wp\/v2\/types\/product"}],"replies":[{"embeddable":true,"href":"https:\/\/global-hookah.com\/de\/wp-json\/wp\/v2\/comments?post=22559"}],"version-history":[{"count":0,"href":"https:\/\/global-hookah.com\/de\/wp-json\/wp\/v2\/product\/22559\/revisions"}],"wp:featuredmedia":[{"embeddable":true,"href":"https:\/\/global-hookah.com\/de\/wp-json\/wp\/v2\/media\/22560"}],"wp:attachment":[{"href":"https:\/\/global-hookah.com\/de\/wp-json\/wp\/v2\/media?parent=22559"}],"wp:term":[{"taxonomy":"product_brand","embeddable":true,"href":"https:\/\/global-hookah.com\/de\/wp-json\/wp\/v2\/product_brand?post=22559"},{"taxonomy":"product_cat","embeddable":true,"href":"https:\/\/global-hookah.com\/de\/wp-json\/wp\/v2\/product_cat?post=22559"},{"taxonomy":"product_tag","embeddable":true,"href":"https:\/\/global-hookah.com\/de\/wp-json\/wp\/v2\/product_tag?post=22559"}],"curies":[{"name":"wp","href":"https:\/\/api.w.org\/{rel}","templated":true}]}}