{"id":22577,"date":"2024-05-15T07:32:08","date_gmt":"2024-05-15T07:32:08","guid":{"rendered":"https:\/\/global-hookah.com\/product\/69mm-marijuana-flower-grinder-wholesale\/"},"modified":"2024-05-15T07:32:14","modified_gmt":"2024-05-15T07:32:14","slug":"69mm-marijuana-flower-grinder-wholesale","status":"publish","type":"product","link":"https:\/\/global-hookah.com\/de\/produkt\/69mm-marijuana-flower-grinder-wholesale\/","title":{"rendered":"69mm Marihuana Blume Schleifer Gro\u00dfhandel"},"content":{"rendered":"<div class=\"product-specs-list-container\">\n<ul class=\"product-specs-list util-clearfix\">\n<li class=\"product-prop line-limit-length\"><span\n\t\t\t\t\t\t\t\t\tclass=\"property-title\">Die Form:&nbsp;<\/span><span\n\t\t\t\t\t\t\t\t\tclass=\"property-desc line-limit-length\">Freier Typ<\/span>\n\t\t\t\t\t\t<\/li>\n<li class=\"product-prop line-limit-length\"><span\n\t\t\t\t\t\t\t\t\tclass=\"property-title\">Modellnummer:&nbsp;<\/span><span\n\t\t\t\t\t\t\t\t\tclass=\"property-desc line-limit-length\">FT-03126<\/span>\n\t\t\t\t\t\t<\/li>\n<li class=\"product-prop line-limit-length\"><span\n\t\t\t\t\t\t\t\t\tclass=\"property-title\">Material:&nbsp;<\/span><span\n\t\t\t\t\t\t\t\t\tclass=\"property-desc line-limit-length\">Metall<\/span>\n\t\t\t\t\t\t<\/li>\n<li class=\"product-prop line-limit-length\"><span\n\t\t\t\t\t\t\t\t\tclass=\"property-title\">Herkunft:&nbsp;<\/span><span\n\t\t\t\t\t\t\t\t\tclass=\"property-desc line-limit-length\">Festland China<\/span>\n\t\t\t\t\t\t<\/li>\n<li class=\"product-prop line-limit-length\"><span\n\t\t\t\t\t\t\t\t\tclass=\"property-title\">Herkunftsort:&nbsp;<\/span><span\n\t\t\t\t\t\t\t\t\tclass=\"property-desc line-limit-length\">China<\/span>\n\t\t\t\t\t\t<\/li>\n<li class=\"product-prop line-limit-length\"><span\n\t\t\t\t\t\t\t\t\tclass=\"property-title\">Gr\u00f6\u00dfe:&nbsp;<\/span><span\n\t\t\t\t\t\t\t\t\tclass=\"property-desc line-limit-length\">69mm<\/span>\n\t\t\t\t\t\t<\/li>\n<li class=\"product-prop line-limit-length\"><span\n\t\t\t\t\t\t\t\t\tclass=\"property-title\">Ist ma\u00dfgeschneidert:&nbsp;<\/span><span\n\t\t\t\t\t\t\t\t\tclass=\"property-desc line-limit-length\">Ja<\/span>\n\t\t\t\t\t\t<\/li>\n<li class=\"product-prop line-limit-length\"><span\n\t\t\t\t\t\t\t\t\tclass=\"property-title\">Material:&nbsp;<\/span><span\n\t\t\t\t\t\t\t\t\tclass=\"property-desc line-limit-length\">Zink-Legierung Aluminium<\/span>\n\t\t\t\t\t\t<\/li>\n<li class=\"product-prop line-limit-length\"><span\n\t\t\t\t\t\t\t\t\tclass=\"property-title\">Verwendung:&nbsp;<\/span><span\n\t\t\t\t\t\t\t\t\tclass=\"property-desc line-limit-length\">Grinder Kraut oder Tabak<\/span>\n\t\t\t\t\t\t<\/li>\n<li class=\"product-prop line-limit-length\"><span\n\t\t\t\t\t\t\t\t\tclass=\"property-title\">Art:&nbsp;<\/span><span\n\t\t\t\t\t\t\t\t\tclass=\"property-desc line-limit-length\">4Layers M\u00fchle Mahlwerk f\u00fcr das Rauchen<\/span>\n\t\t\t\t\t\t<\/li>\n<li class=\"product-prop line-limit-length\"><span\n\t\t\t\t\t\t\t\t\tclass=\"property-title\">Funktion:&nbsp;<\/span><span\n\t\t\t\t\t\t\t\t\tclass=\"property-desc line-limit-length\">Tabakzerkleinerer,K\u00fcchenhelfer<\/span>\n\t\t\t\t\t\t<\/li>\n<li class=\"product-prop line-limit-length\"><span\n\t\t\t\t\t\t\t\t\tclass=\"property-title\">Stil:&nbsp;<\/span><span\n\t\t\t\t\t\t\t\t\tclass=\"property-desc line-limit-length\">Mode<\/span>\n\t\t\t\t\t\t<\/li>\n<\/ul><\/div>\n<div class=\"detailmodule_dynamic\"><kse:widget data-widget-type=\"customText\" id=\"1005000000416838\" type=\"undefined\"><\/kse:widget><\/div>\n<div class=\"detailmodule_html\">\n<div class=\"detail-desc-decorate-richtext\">\n<div class=\"detailmodule_html\">\n<div class=\"detail-desc-decorate-richtext\">\n<div>\n<div>\n<div><\/div>\n<\/div>\n<\/div>\n<\/div>\n<div class=\"detailmodule_dynamic\"><\/div>\n<div class=\"detailmodule_html\">\n<div class=\"detail-desc-decorate-richtext\"><\/div>\n<div><\/div>\n<div>\n<p style=\"font-family:OpenSans;font-size:20px;font-weight:900;line-height:28px;white-space:pre-wrap;color:rgb(0, 0, 0);margin-bottom:12px\">Beschreibung:<\/p>\n<\/div>\n<div><\/div>\n<div>\n<p style=\"font-family:OpenSans;font-size:14px;font-weight:300;line-height:20px;white-space:pre-wrap;color:rgb(0, 0, 0);margin-bottom:12px\"><span style=\"font-size:16px;font-family:&quot;comic sans ms&quot;, cursive\">Gr\u00f6\u00dfe: 69*69mm<br \/>Material: Zinklegierung+Aluminium,<br \/>Gewicht: 199g\/Stk.<br \/>Es gibt so viele Arten von Muster Rauch Grinder f\u00fcr Ihre Auswahl.<\/p>\n<p>Und die M\u00fchle Schleifer ist f\u00fcr das Schleifen von Tabak und anderen Gew\u00fcrzen in Pulver gelten. es gibt so viele Arten von Rohr f\u00fcr die Qualit\u00e4t und billig f\u00fcr Ihre Auswahl.<\/p>\n<p>Stil Chip Animierte Figuren Stil<\/p>\n<p>Zigarrenschleifer zum Rauchen von Tabak<br \/>Flachzahn-Rauchschleifer<br \/>Einzelverpackung<br \/>Das Bild, das Sie sehen, ist das, was Sie bekommen.<\/p>\n<p>Nach dem Mahlen hat der Tabak einen wohlriechenden Geruch, verbessert die Tabakqualit\u00e4t, der Geschmack ist ausgepr\u00e4gter und der Abbrand ist gleichm\u00e4\u00dfiger.<\/p>\n<p>Die M\u00fchle der Mund fest geschlossen, Schleifen wird bequemer und effizienter sein.<\/p>\n<p>Der untere Aufnahmekasten nimmt das Mahlgut durch ein undurchsichtiges Edelstahlsieb auf.<\/p>\n<p>Einfache und bequeme Anwendung<br \/><\/span><\/p>\n<\/div>\n<\/div>\n<div class=\"detailmodule_dynamic\"><img decoding=\"async\" src=\"https:\/\/ae01.alicdn.com\/kf\/Hcdf7b5f73c2c4459916ad0a2ea95dd9ap.jpg\" slate-data-type=\"image\"\/><img decoding=\"async\" src=\"https:\/\/ae01.alicdn.com\/kf\/H43a0484157004f369c037aa14e64496ch.jpg\" slate-data-type=\"image\"\/><img decoding=\"async\" src=\"https:\/\/ae01.alicdn.com\/kf\/H1a19e908b6524fd1be850eb8ed842b0a1.jpg\" slate-data-type=\"image\"\/><img decoding=\"async\" src=\"https:\/\/ae01.alicdn.com\/kf\/H8849da0b5e044993bcc9283a4a8a09baj.jpg\" slate-data-type=\"image\"\/><img decoding=\"async\" src=\"https:\/\/ae01.alicdn.com\/kf\/H6069283b50d642d68af38cece384aaaeT.jpg\" slate-data-type=\"image\"\/><img decoding=\"async\" src=\"https:\/\/ae01.alicdn.com\/kf\/H713ffb40da17468d8a1f73bd18931c248.jpg\" slate-data-type=\"image\"\/><img decoding=\"async\" src=\"https:\/\/ae01.alicdn.com\/kf\/H2df1dd344fd7498e929a0363502fdf26n.jpg\" slate-data-type=\"image\"\/><img decoding=\"async\" src=\"https:\/\/ae01.alicdn.com\/kf\/H7f5ba539ceea4264a445452ebe14499eb.jpg\" slate-data-type=\"image\"\/><\/div>\n<div class=\"detailmodule_html\">\n<div><\/div>\n<div>\u00a0<\/div>\n<div><\/div>\n<div>\u00a0<\/div>\n<div><\/div>\n<div><img decoding=\"async\" src=\"https:\/\/ae01.alicdn.com\/kf\/H8564a95961f54c26bbdd97aeec76a7d0k.jpg\" slate-data-type=\"image\"\/><\/div>\n<div><\/div>\n<div>\n<p style=\"font-family:OpenSans;font-size:20px;font-weight:900;line-height:28px;white-space:pre-wrap;color:rgb(0, 0, 0);margin-bottom:12px\">Zahlung und Versand<\/p>\n<\/div>\n<div><\/div>\n<div>\n<p style=\"font-family:OpenSans;font-size:14px;font-weight:300;line-height:20px;white-space:pre-wrap;color:rgb(0, 0, 0);margin-bottom:12px\">Zahlung<\/p>\n<p>1. wir akzeptieren Zahlung durch Escrow, Visa, Qiwi, Webmoney<br \/>2. wenn der Versand mit DHL, Fedex, UPS, die Kosten k\u00f6nnen wieder vor Bestellungen verhandelt werden<br \/>3. die Zahlung und Kosten nicht einschlie\u00dflich Z\u00f6lle, lokale Steuern oder andere Einfuhr Geb\u00fchren<br \/>4.please list your special requests(color,package,value declaration,power adapter etc.) in the Remarks when you make payment<\/p>\n<p>Sendung<\/p>\n<p>1. weltweiter Versand<br \/>2. bearbeitet die Bestellung nach der \u00dcberpr\u00fcfung der Zahlung<br \/>3. wir liefern nur an die Adresse auf Ihre Auftr\u00e4ge, so \u00fcberpr\u00fcfen Sie bitte Adresse Informationen sorgf\u00e4ltig<br \/>4. wir liefern nur an die Adresse auf Ihre Auftr\u00e4ge, so \u00fcberpr\u00fcfen Sie bitte Adresse Informationen sorgf\u00e4ltig<br \/>5.service Transit Time wird durch den Tr\u00e4ger, Wochenenden und Feiertage sind ausgeschlossen, so dass die Versandzeit kann l\u00e4nger sein, als wir versprochen, vor allem w\u00e4hrend der Ferienzeit, so geduldig sein, bitte.<br \/>6. jede Tracking-Informationen aktualisiert werden Sie in der Zeit zu informieren, k\u00f6nnen Sie auch die Tracking-Informationen von der offiziellen Website zu erhalten.<\/p>\n<p>R\u00fcckgabe&amp;Erstattung<br \/>1. wenn Sie das Produkt an uns zur\u00fcckgeschickt haben. Bitte geben Sie die Tracking-Nummer an uns<br \/>2. alle zur\u00fcckgesandten Artikel m\u00fcssen in der Originalverpackung und im Originalzustand sein<br \/>3. wenn die Auftr\u00e4ge nicht in der Zeit angekommen sind, kontaktieren Sie uns bitte, wir werden eine R\u00fccksendung oder eine R\u00fcckerstattung f\u00fcr Sie arrangieren<br \/>4. wenn Sie eine R\u00fcckerstattung w\u00fcnschen, wenden Sie sich bitte an unseren Kundenservice und er\u00f6ffnen Sie nicht direkt einen Streitfall<\/p>\n<p>R\u00fcckmeldung<\/p>\n<p>1.feedback ist sehr wichtig f\u00fcr uns, wir bem\u00fchen uns um 100% Zufriedenheit, wenn Sie irgendwelche Fragen oder Probleme haben, kontaktieren Sie uns bitte zuerst, wir werden es schnell und auf die beste Weise zu l\u00f6sen.<br \/>2. bitte lassen Sie uns positives Feedback und geben Sie uns 5 Sterne, wenn Sie mit unseren Produkten zufrieden sind, Ihre hoch empfehlen ist unsere Motivation, weiter zu bewegen, werden wir wirklich sch\u00e4tzen Ihre Zeit, wenn Sie positives Feedback links.<\/p>\n<\/div>\n<div><\/div>\n<div><img decoding=\"async\" src=\"https:\/\/ae01.alicdn.com\/kf\/Hf032d7a1c047499b83cb73256f590f4aC.jpg\" slate-data-type=\"image\"\/><\/div>\n<div><\/div>\n<div><img decoding=\"async\" src=\"https:\/\/ae01.alicdn.com\/kf\/H977254c9846a4b3b89fbb1f54837463ck.jpg\" slate-data-type=\"image\"\/><img decoding=\"async\" src=\"https:\/\/ae01.alicdn.com\/kf\/H073208aba5fb44d4a38b17460e7aa766j.jpg\" slate-data-type=\"image\"\/><\/div>\n<div><\/div>\n<\/div>\n<\/div>\n<p><\/p>\n<\/div>\n<\/div>\n<p><\/p>","protected":false},"excerpt":{"rendered":"<p>Form: Freier Typ Modellnummer: FT-03126 Material: Metall Herkunft: Festland China Herkunftsort: China Gr\u00f6\u00dfe: 69mm Wird angepasst: Ja Material: Zink-Legierung Aluminium Verwendung: Grinder Kraut oder Tabak<\/p>","protected":false},"featured_media":22578,"comment_status":"","ping_status":"closed","template":"","meta":{"iawp_total_views":1,"_joinchat":[]},"product_brand":[],"product_cat":[770],"product_tag":[],"class_list":{"0":"post-22577","1":"product","2":"type-product","3":"status-publish","4":"has-post-thumbnail","6":"product_cat-wholesale-grinder","8":"first","9":"instock","10":"shipping-taxable","11":"purchasable","12":"product-type-variable"},"yoast_head":"<!-- This site is optimized with the Yoast SEO Premium plugin v24.7 (Yoast SEO v26.8) - https:\/\/yoast.com\/product\/yoast-seo-premium-wordpress\/ -->\n<title>69mm Marijuana Flower Grinder Wholesale - Global Hookah<\/title>\n<meta name=\"robots\" content=\"index, follow, max-snippet:-1, max-image-preview:large, max-video-preview:-1\" \/>\n<link rel=\"canonical\" href=\"https:\/\/global-hookah.com\/de\/pt\/produto\/69mm-marijuana-flower-grinder-wholesale\/\" \/>\n<meta property=\"og:locale\" content=\"de_DE\" \/>\n<meta property=\"og:type\" content=\"article\" \/>\n<meta property=\"og:title\" content=\"69mm Marijuana Flower Grinder Wholesale\" \/>\n<meta property=\"og:description\" content=\"Shape:&nbsp;Free Type Model Number:&nbsp;FT-03126 Material:&nbsp;Metal Origin:&nbsp;Mainland China Place of orgin:&nbsp;China Size:&nbsp;69mm Is customized:&nbsp;Yes Material:&nbsp;Zinc Alloy aluminum Usage:&nbsp;Grinder herb or Tobacco\" \/>\n<meta property=\"og:url\" content=\"https:\/\/global-hookah.com\/de\/pt\/produto\/69mm-marijuana-flower-grinder-wholesale\/\" \/>\n<meta property=\"og:site_name\" content=\"Global Hookah\" \/>\n<meta property=\"article:modified_time\" content=\"2024-05-15T07:32:14+00:00\" \/>\n<meta property=\"og:image\" content=\"https:\/\/global-hookah.com\/wp-content\/uploads\/2024\/05\/kf-H57d1c7c337c547fb8e067184c9a31f4do-FUTENG-69mm-Herbal-Herb-Tobacco-Grinder-Smoke-Grinders-Herb-Grinder-Cigarette-Accessories-Aluminum-Grinder-Herb.webp\" \/>\n\t<meta property=\"og:image:width\" content=\"800\" \/>\n\t<meta property=\"og:image:height\" content=\"800\" \/>\n\t<meta property=\"og:image:type\" content=\"image\/webp\" \/>\n<meta name=\"twitter:card\" content=\"summary_large_image\" \/>\n<meta name=\"twitter:label1\" content=\"Gesch\u00e4tzte Lesezeit\" \/>\n\t<meta name=\"twitter:data1\" content=\"2\u00a0Minuten\" \/>\n<script type=\"application\/ld+json\" class=\"yoast-schema-graph\">{\"@context\":\"https:\/\/schema.org\",\"@graph\":[{\"@type\":\"WebPage\",\"@id\":\"https:\/\/global-hookah.com\/pt\/produto\/69mm-marijuana-flower-grinder-wholesale\/\",\"url\":\"https:\/\/global-hookah.com\/pt\/produto\/69mm-marijuana-flower-grinder-wholesale\/\",\"name\":\"69mm Marijuana Flower Grinder Wholesale - Global Hookah\",\"isPartOf\":{\"@id\":\"https:\/\/global-hookah.com\/#website\"},\"primaryImageOfPage\":{\"@id\":\"https:\/\/global-hookah.com\/pt\/produto\/69mm-marijuana-flower-grinder-wholesale\/#primaryimage\"},\"image\":{\"@id\":\"https:\/\/global-hookah.com\/pt\/produto\/69mm-marijuana-flower-grinder-wholesale\/#primaryimage\"},\"thumbnailUrl\":\"https:\/\/global-hookah.com\/wp-content\/uploads\/2024\/05\/kf-H57d1c7c337c547fb8e067184c9a31f4do-FUTENG-69mm-Herbal-Herb-Tobacco-Grinder-Smoke-Grinders-Herb-Grinder-Cigarette-Accessories-Aluminum-Grinder-Herb.webp\",\"datePublished\":\"2024-05-15T07:32:08+00:00\",\"dateModified\":\"2024-05-15T07:32:14+00:00\",\"breadcrumb\":{\"@id\":\"https:\/\/global-hookah.com\/pt\/produto\/69mm-marijuana-flower-grinder-wholesale\/#breadcrumb\"},\"inLanguage\":\"de\",\"potentialAction\":[{\"@type\":\"ReadAction\",\"target\":[\"https:\/\/global-hookah.com\/pt\/produto\/69mm-marijuana-flower-grinder-wholesale\/\"]}]},{\"@type\":\"ImageObject\",\"inLanguage\":\"de\",\"@id\":\"https:\/\/global-hookah.com\/pt\/produto\/69mm-marijuana-flower-grinder-wholesale\/#primaryimage\",\"url\":\"https:\/\/global-hookah.com\/wp-content\/uploads\/2024\/05\/kf-H57d1c7c337c547fb8e067184c9a31f4do-FUTENG-69mm-Herbal-Herb-Tobacco-Grinder-Smoke-Grinders-Herb-Grinder-Cigarette-Accessories-Aluminum-Grinder-Herb.webp\",\"contentUrl\":\"https:\/\/global-hookah.com\/wp-content\/uploads\/2024\/05\/kf-H57d1c7c337c547fb8e067184c9a31f4do-FUTENG-69mm-Herbal-Herb-Tobacco-Grinder-Smoke-Grinders-Herb-Grinder-Cigarette-Accessories-Aluminum-Grinder-Herb.webp\",\"width\":800,\"height\":800},{\"@type\":\"BreadcrumbList\",\"@id\":\"https:\/\/global-hookah.com\/pt\/produto\/69mm-marijuana-flower-grinder-wholesale\/#breadcrumb\",\"itemListElement\":[{\"@type\":\"ListItem\",\"position\":1,\"name\":\"Home\",\"item\":\"https:\/\/global-hookah.com\/\"},{\"@type\":\"ListItem\",\"position\":2,\"name\":\"Shop\",\"item\":\"https:\/\/global-hookah.com\/shop\/\"},{\"@type\":\"ListItem\",\"position\":3,\"name\":\"69mm Marijuana Flower Grinder Wholesale\"}]},{\"@type\":\"WebSite\",\"@id\":\"https:\/\/global-hookah.com\/#website\",\"url\":\"https:\/\/global-hookah.com\/\",\"name\":\"Global Hookah\",\"description\":\"Global Hookah\",\"publisher\":{\"@id\":\"https:\/\/global-hookah.com\/#organization\"},\"potentialAction\":[{\"@type\":\"SearchAction\",\"target\":{\"@type\":\"EntryPoint\",\"urlTemplate\":\"https:\/\/global-hookah.com\/?s={search_term_string}\"},\"query-input\":{\"@type\":\"PropertyValueSpecification\",\"valueRequired\":true,\"valueName\":\"search_term_string\"}}],\"inLanguage\":\"de\"},{\"@type\":\"Organization\",\"@id\":\"https:\/\/global-hookah.com\/#organization\",\"name\":\"Global Hookah\",\"url\":\"https:\/\/global-hookah.com\/\",\"logo\":{\"@type\":\"ImageObject\",\"inLanguage\":\"de\",\"@id\":\"https:\/\/global-hookah.com\/#\/schema\/logo\/image\/\",\"url\":\"https:\/\/global-hookah.com\/wp-content\/uploads\/2021\/10\/cropped-fgg.png\",\"contentUrl\":\"https:\/\/global-hookah.com\/wp-content\/uploads\/2021\/10\/cropped-fgg.png\",\"width\":512,\"height\":512,\"caption\":\"Global Hookah\"},\"image\":{\"@id\":\"https:\/\/global-hookah.com\/#\/schema\/logo\/image\/\"}}]}<\/script>\n<!-- \/ Yoast SEO Premium plugin. -->","yoast_head_json":{"title":"69mm Marihuana Blume Grinder Gro\u00dfhandel - Global Hookah","robots":{"index":"index","follow":"follow","max-snippet":"max-snippet:-1","max-image-preview":"max-image-preview:large","max-video-preview":"max-video-preview:-1"},"canonical":"https:\/\/global-hookah.com\/de\/pt\/produto\/69mm-marijuana-flower-grinder-wholesale\/","og_locale":"de_DE","og_type":"article","og_title":"69mm Marijuana Flower Grinder Wholesale","og_description":"Shape:&nbsp;Free Type Model Number:&nbsp;FT-03126 Material:&nbsp;Metal Origin:&nbsp;Mainland China Place of orgin:&nbsp;China Size:&nbsp;69mm Is customized:&nbsp;Yes Material:&nbsp;Zinc Alloy aluminum Usage:&nbsp;Grinder herb or Tobacco","og_url":"https:\/\/global-hookah.com\/de\/pt\/produto\/69mm-marijuana-flower-grinder-wholesale\/","og_site_name":"Global Hookah","article_modified_time":"2024-05-15T07:32:14+00:00","og_image":[{"width":800,"height":800,"url":"https:\/\/global-hookah.com\/wp-content\/uploads\/2024\/05\/kf-H57d1c7c337c547fb8e067184c9a31f4do-FUTENG-69mm-Herbal-Herb-Tobacco-Grinder-Smoke-Grinders-Herb-Grinder-Cigarette-Accessories-Aluminum-Grinder-Herb.webp","type":"image\/webp"}],"twitter_card":"summary_large_image","twitter_misc":{"Gesch\u00e4tzte Lesezeit":"2\u00a0Minuten"},"schema":{"@context":"https:\/\/schema.org","@graph":[{"@type":"WebPage","@id":"https:\/\/global-hookah.com\/pt\/produto\/69mm-marijuana-flower-grinder-wholesale\/","url":"https:\/\/global-hookah.com\/pt\/produto\/69mm-marijuana-flower-grinder-wholesale\/","name":"69mm Marihuana Blume Grinder Gro\u00dfhandel - Global Hookah","isPartOf":{"@id":"https:\/\/global-hookah.com\/#website"},"primaryImageOfPage":{"@id":"https:\/\/global-hookah.com\/pt\/produto\/69mm-marijuana-flower-grinder-wholesale\/#primaryimage"},"image":{"@id":"https:\/\/global-hookah.com\/pt\/produto\/69mm-marijuana-flower-grinder-wholesale\/#primaryimage"},"thumbnailUrl":"https:\/\/global-hookah.com\/wp-content\/uploads\/2024\/05\/kf-H57d1c7c337c547fb8e067184c9a31f4do-FUTENG-69mm-Herbal-Herb-Tobacco-Grinder-Smoke-Grinders-Herb-Grinder-Cigarette-Accessories-Aluminum-Grinder-Herb.webp","datePublished":"2024-05-15T07:32:08+00:00","dateModified":"2024-05-15T07:32:14+00:00","breadcrumb":{"@id":"https:\/\/global-hookah.com\/pt\/produto\/69mm-marijuana-flower-grinder-wholesale\/#breadcrumb"},"inLanguage":"de","potentialAction":[{"@type":"ReadAction","target":["https:\/\/global-hookah.com\/pt\/produto\/69mm-marijuana-flower-grinder-wholesale\/"]}]},{"@type":"ImageObject","inLanguage":"de","@id":"https:\/\/global-hookah.com\/pt\/produto\/69mm-marijuana-flower-grinder-wholesale\/#primaryimage","url":"https:\/\/global-hookah.com\/wp-content\/uploads\/2024\/05\/kf-H57d1c7c337c547fb8e067184c9a31f4do-FUTENG-69mm-Herbal-Herb-Tobacco-Grinder-Smoke-Grinders-Herb-Grinder-Cigarette-Accessories-Aluminum-Grinder-Herb.webp","contentUrl":"https:\/\/global-hookah.com\/wp-content\/uploads\/2024\/05\/kf-H57d1c7c337c547fb8e067184c9a31f4do-FUTENG-69mm-Herbal-Herb-Tobacco-Grinder-Smoke-Grinders-Herb-Grinder-Cigarette-Accessories-Aluminum-Grinder-Herb.webp","width":800,"height":800},{"@type":"BreadcrumbList","@id":"https:\/\/global-hookah.com\/pt\/produto\/69mm-marijuana-flower-grinder-wholesale\/#breadcrumb","itemListElement":[{"@type":"ListItem","position":1,"name":"Home","item":"https:\/\/global-hookah.com\/"},{"@type":"ListItem","position":2,"name":"Shop","item":"https:\/\/global-hookah.com\/shop\/"},{"@type":"ListItem","position":3,"name":"69mm Marijuana Flower Grinder Wholesale"}]},{"@type":"WebSite","@id":"https:\/\/global-hookah.com\/#website","url":"https:\/\/global-hookah.com\/","name":"Globale Wasserpfeife","description":"Globale Wasserpfeife","publisher":{"@id":"https:\/\/global-hookah.com\/#organization"},"potentialAction":[{"@type":"SearchAction","target":{"@type":"EntryPoint","urlTemplate":"https:\/\/global-hookah.com\/?s={search_term_string}"},"query-input":{"@type":"PropertyValueSpecification","valueRequired":true,"valueName":"search_term_string"}}],"inLanguage":"de"},{"@type":"Organization","@id":"https:\/\/global-hookah.com\/#organization","name":"Globale Wasserpfeife","url":"https:\/\/global-hookah.com\/","logo":{"@type":"ImageObject","inLanguage":"de","@id":"https:\/\/global-hookah.com\/#\/schema\/logo\/image\/","url":"https:\/\/global-hookah.com\/wp-content\/uploads\/2021\/10\/cropped-fgg.png","contentUrl":"https:\/\/global-hookah.com\/wp-content\/uploads\/2021\/10\/cropped-fgg.png","width":512,"height":512,"caption":"Global Hookah"},"image":{"@id":"https:\/\/global-hookah.com\/#\/schema\/logo\/image\/"}}]}},"_links":{"self":[{"href":"https:\/\/global-hookah.com\/de\/wp-json\/wp\/v2\/product\/22577","targetHints":{"allow":["GET"]}}],"collection":[{"href":"https:\/\/global-hookah.com\/de\/wp-json\/wp\/v2\/product"}],"about":[{"href":"https:\/\/global-hookah.com\/de\/wp-json\/wp\/v2\/types\/product"}],"replies":[{"embeddable":true,"href":"https:\/\/global-hookah.com\/de\/wp-json\/wp\/v2\/comments?post=22577"}],"version-history":[{"count":0,"href":"https:\/\/global-hookah.com\/de\/wp-json\/wp\/v2\/product\/22577\/revisions"}],"wp:featuredmedia":[{"embeddable":true,"href":"https:\/\/global-hookah.com\/de\/wp-json\/wp\/v2\/media\/22578"}],"wp:attachment":[{"href":"https:\/\/global-hookah.com\/de\/wp-json\/wp\/v2\/media?parent=22577"}],"wp:term":[{"taxonomy":"product_brand","embeddable":true,"href":"https:\/\/global-hookah.com\/de\/wp-json\/wp\/v2\/product_brand?post=22577"},{"taxonomy":"product_cat","embeddable":true,"href":"https:\/\/global-hookah.com\/de\/wp-json\/wp\/v2\/product_cat?post=22577"},{"taxonomy":"product_tag","embeddable":true,"href":"https:\/\/global-hookah.com\/de\/wp-json\/wp\/v2\/product_tag?post=22577"}],"curies":[{"name":"wp","href":"https:\/\/api.w.org\/{rel}","templated":true}]}}