{"id":22604,"date":"2024-05-15T07:39:18","date_gmt":"2024-05-15T07:39:18","guid":{"rendered":"https:\/\/global-hookah.com\/product\/hand-crank-weed-grinder-with-kief-collector-wholesale\/"},"modified":"2024-05-15T07:39:30","modified_gmt":"2024-05-15T07:39:30","slug":"hand-crank-weed-grinder-with-kief-collector-wholesale","status":"publish","type":"product","link":"https:\/\/global-hookah.com\/de\/produkt\/hand-crank-weed-grinder-with-kief-collector-wholesale\/","title":{"rendered":"Handkurbel Unkraut Grinder mit Kief Sammler Gro\u00dfhandel"},"content":{"rendered":"<div class=\"product-specs-list-container\">\n<ul class=\"product-specs-list util-clearfix\">\n<li class=\"product-prop line-limit-length\"><span\n\t\t\t\t\t\t\t\t\tclass=\"property-title\">Modellnummer:&nbsp;<\/span><span\n\t\t\t\t\t\t\t\t\tclass=\"property-desc line-limit-length\">L103<\/span>\n\t\t\t\t\t\t<\/li>\n<li class=\"product-prop line-limit-length\"><span\n\t\t\t\t\t\t\t\t\tclass=\"property-title\">Material:&nbsp;<\/span><span\n\t\t\t\t\t\t\t\t\tclass=\"property-desc line-limit-length\">Metall<\/span>\n\t\t\t\t\t\t<\/li>\n<li class=\"product-prop line-limit-length\"><span\n\t\t\t\t\t\t\t\t\tclass=\"property-title\">Herkunft:&nbsp;<\/span><span\n\t\t\t\t\t\t\t\t\tclass=\"property-desc line-limit-length\">Festland China<\/span>\n\t\t\t\t\t\t<\/li>\n<\/ul><\/div>\n<div class=\"detailmodule_html\">\n<div class=\"detail-desc-decorate-richtext\">\n<div>\n<div>\n<div>\n<div>\n<p style=\"font-family:&quot;Open Sans&quot;, sans-serif;font-size:14px;font-weight:400;letter-spacing:normal;line-height:inherit;text-align:start;white-space:normal;color:rgb(0, 0, 0);background-color:rgb(255, 255, 255);margin:0px;margin-bottom:0px;margin-top:0px;margin-left:0px;margin-right:0px;padding:0px;padding-bottom:0px;padding-top:0px;padding-left:0px;padding-right:0px;box-sizing:border-box\" align=\"start\"><span style=\"background-color:rgb(255, 255, 255)\"><strong>- 4-Schicht-Schleifmaschinen :<\/strong><\/span><span style=\"background-color:rgb(255, 255, 255)\">Das 4-lagige Design dieses Mahlwerks sorgt daf\u00fcr, dass Ihre Kr\u00e4uter und Gew\u00fcrze perfekt zerkleinert werden und Sie eine gleichm\u00e4\u00dfige und einheitliche Textur erhalten.<\/span><\/p>\n<p><\/p>\n<p style=\"font-family:&quot;Open Sans&quot;, sans-serif;font-size:14px;font-weight:400;letter-spacing:normal;line-height:inherit;text-align:start;white-space:normal;color:rgb(0, 0, 0);background-color:rgb(255, 255, 255);margin:0px;margin-bottom:0px;margin-top:0px;margin-left:0px;margin-right:0px;padding:0px;padding-bottom:0px;padding-top:0px;padding-left:0px;padding-right:0px;box-sizing:border-box\" align=\"start\"><span style=\"background-color:rgb(255, 255, 255)\"><strong>- Metall Material :<\/strong><\/span><span style=\"background-color:rgb(255, 255, 255)\">Der aus hochwertigem Metall gefertigte Zerkleinerer ist robust und langlebig und damit eine gute Investition f\u00fcr jede K\u00fcche.<\/span><\/p>\n<p><\/p>\n<p style=\"font-family:&quot;Open Sans&quot;, sans-serif;font-size:14px;font-weight:400;letter-spacing:normal;line-height:inherit;text-align:start;white-space:normal;color:rgb(0, 0, 0);background-color:rgb(255, 255, 255);margin:0px;margin-bottom:0px;margin-top:0px;margin-left:0px;margin-right:0px;padding:0px;padding-bottom:0px;padding-top:0px;padding-left:0px;padding-right:0px;box-sizing:border-box\" align=\"start\"><span style=\"background-color:rgb(255, 255, 255)\"><strong>- Manuelle Bedienung :<\/strong><\/span><span style=\"background-color:rgb(255, 255, 255)\">Durch den manuellen Betrieb ben\u00f6tigt dieses Mahlwerk weder Batterien noch Strom, was es einfach zu bedienen und praktisch f\u00fcr den Einsatz unterwegs macht.<\/span><\/p>\n<p><\/p>\n<p style=\"font-family:&quot;Open Sans&quot;, sans-serif;font-size:14px;font-weight:400;letter-spacing:normal;line-height:inherit;text-align:start;white-space:normal;color:rgb(0, 0, 0);background-color:rgb(255, 255, 255);margin:0px;margin-bottom:0px;margin-top:0px;margin-left:0px;margin-right:0px;padding:0px;padding-bottom:0px;padding-top:0px;padding-left:0px;padding-right:0px;box-sizing:border-box\" align=\"start\"><span style=\"background-color:rgb(255, 255, 255)\"><strong>- Vielseitig einsetzbar:<\/strong><\/span><span style=\"background-color:rgb(255, 255, 255)\">Dieses Mahlwerk kann f\u00fcr eine Vielzahl von Kr\u00e4utern und Gew\u00fcrzen verwendet werden, was es zu einer vielseitigen Erg\u00e4nzung f\u00fcr jede K\u00fcche macht.<\/span><\/p>\n<p><\/div>\n<\/div>\n<p>Beschreibung:<\/p>\n<p>Typ:Zinklegierung<\/p>\n<p>Gr\u00f6\u00dfe:40mm\/1.58inch<\/p>\n<p>H\u00f6he:43mm\/1.69inch<\/p>\n<p>Schicht:4<\/p>\n<p>Farbe: schwarz, rot, blau, grau, silber, gr\u00fcn.<\/p>\n<p>Merkmal:<\/p>\n<p>1. kleine Gr\u00f6\u00dfe mit geringem Gewicht, leicht zu tragen f\u00fcr Reisen.<\/p>\n<p>2. perfekte Grind (Sharp Teeth): Doppel-Kante Metallz\u00e4hne konnte feines Schleifen garantieren. Magnetischer Deckel zur Vermeidung von Versch\u00fcttungen.<\/p>\n<p>3. langlebig - Material Zinklegierung: Gefertigt aus einer hochwertigen Zinklegierung, mit 4 Schichten und 3 Kammern, um eine optimale Schleifleistung und au\u00dfergew\u00f6hnliche Haltbarkeit zu gew\u00e4hrleisten.<\/p>\n<p>4. hochwertiges Design (Pollensieb und Reinigungsschaber): Das verbesserte Edelstahlsieb und der zus\u00e4tzliche Schaber machen das Sammeln und Reinigen von Pollen einfacher und bequemer.<\/p>\n<p>5. 4-teilige K\u00fcchenkr\u00e4uterm\u00fchle mit gro\u00dfer Kapazit\u00e4t. Bitte beachten Sie, dass dieses Produkt Pfeffer und andere hartschalige Gew\u00fcrze nicht mahlen kann.<\/p>\n<p>Paket Liste: 1*Tabakschleifer<\/p>\n<p><img decoding=\"async\" src=\"https:\/\/ae01.alicdn.com\/kf\/Se3e099cab594491ab779079e43e90f79J.jpg\" slate-data-type=\"image\"\/><img decoding=\"async\" src=\"https:\/\/ae01.alicdn.com\/kf\/S36703e1510dd41efac3fffec72e0e5397.jpg\" slate-data-type=\"image\"\/><img decoding=\"async\" src=\"https:\/\/ae01.alicdn.com\/kf\/S1497cdc36fe84864a92076c247f64461o.jpg\" slate-data-type=\"image\"\/><img decoding=\"async\" src=\"https:\/\/ae01.alicdn.com\/kf\/S46592ccfbe2b48dabf2e7c4a230dfbed1.jpg\" slate-data-type=\"image\"\/><img decoding=\"async\" src=\"https:\/\/ae01.alicdn.com\/kf\/Sd0cef4a4985d4cff9e0a29ebdf14658ar.jpg\" slate-data-type=\"image\"\/><img decoding=\"async\" src=\"https:\/\/ae01.alicdn.com\/kf\/Sa760cc942c83476ba273efb237bf89767.jpg\" slate-data-type=\"image\"\/><img decoding=\"async\" src=\"https:\/\/ae01.alicdn.com\/kf\/S07929bcca1dd4f189cfd83fc87faeef0x.jpg\" slate-data-type=\"image\"\/><img decoding=\"async\" src=\"https:\/\/ae01.alicdn.com\/kf\/S8412b0e8a3154040afd29d89233cdc91s.jpg\" slate-data-type=\"image\"\/><img decoding=\"async\" src=\"https:\/\/ae01.alicdn.com\/kf\/S280c40bd875842afaa9c7f44906f892cN.jpg\" slate-data-type=\"image\"\/><\/p>\n<p><\/p>\n<p>Anmerkungen:<\/p>\n<p>1. aufgrund der unterschiedlichen Monitor und Lichteffekt, die tats\u00e4chliche Farbe des Artikels k\u00f6nnte etwas anders als die Farbe auf den Bildern gezeigt. Dankesch\u00f6n!<\/p>\n<p>2. bitte erlauben Sie 1-3cm Messabweichung aufgrund der manuellen Messung.<\/p>\n<\/div>\n<\/div>\n<\/div>\n<\/div>\n<p><\/p>","protected":false},"excerpt":{"rendered":"<p>Modell Nummer: L103 Material: Metall Herkunft: Festland China - 4-Layer Grinders :Die 4-Schicht-Design dieses Grinders sorgt daf\u00fcr, dass Ihre Kr\u00e4uter und<\/p>","protected":false},"featured_media":22605,"comment_status":"","ping_status":"closed","template":"","meta":{"iawp_total_views":0,"_joinchat":[]},"product_brand":[],"product_cat":[770],"product_tag":[],"class_list":{"0":"post-22604","1":"product","2":"type-product","3":"status-publish","4":"has-post-thumbnail","6":"product_cat-wholesale-grinder","8":"first","9":"instock","10":"shipping-taxable","11":"purchasable","12":"product-type-variable"},"yoast_head":"<!-- This site is optimized with the Yoast SEO Premium plugin v24.7 (Yoast SEO v26.8) - https:\/\/yoast.com\/product\/yoast-seo-premium-wordpress\/ -->\n<title>Hand Crank Weed Grinder With Kief Collector Wholesale - Global Hookah<\/title>\n<meta name=\"robots\" content=\"index, follow, max-snippet:-1, max-image-preview:large, max-video-preview:-1\" \/>\n<link rel=\"canonical\" href=\"https:\/\/global-hookah.com\/de\/producto\/hand-crank-weed-grinder-with-kief-collector-wholesale\/\" \/>\n<meta property=\"og:locale\" content=\"de_DE\" \/>\n<meta property=\"og:type\" content=\"article\" \/>\n<meta property=\"og:title\" content=\"Hand Crank Weed Grinder With Kief Collector Wholesale\" \/>\n<meta property=\"og:description\" content=\"Model Number:&nbsp;L103 Material:&nbsp;Metal Origin:&nbsp;Mainland China \u2022 4 Layer Grinders :The 4-layer design of this grinder ensures that your herbs and\" \/>\n<meta property=\"og:url\" content=\"https:\/\/global-hookah.com\/de\/producto\/hand-crank-weed-grinder-with-kief-collector-wholesale\/\" \/>\n<meta property=\"og:site_name\" content=\"Global Hookah\" \/>\n<meta property=\"article:modified_time\" content=\"2024-05-15T07:39:30+00:00\" \/>\n<meta property=\"og:image\" content=\"https:\/\/global-hookah.com\/wp-content\/uploads\/2024\/05\/kf-S6a7c1580d95f4c7c8a2030d2e7438114R-40mm-Herbal-Crusher-Tobacco-Grinder-Smoke-Manual-Kitchen-Herb-Metal-4-Layer-Grinders-Spice-Mill-Cigarette.webp\" \/>\n\t<meta property=\"og:image:width\" content=\"1000\" \/>\n\t<meta property=\"og:image:height\" content=\"1000\" \/>\n\t<meta property=\"og:image:type\" content=\"image\/webp\" \/>\n<meta name=\"twitter:card\" content=\"summary_large_image\" \/>\n<meta name=\"twitter:label1\" content=\"Gesch\u00e4tzte Lesezeit\" \/>\n\t<meta name=\"twitter:data1\" content=\"1\u00a0Minute\" \/>\n<script type=\"application\/ld+json\" class=\"yoast-schema-graph\">{\"@context\":\"https:\/\/schema.org\",\"@graph\":[{\"@type\":\"WebPage\",\"@id\":\"https:\/\/global-hookah.com\/es\/producto\/hand-crank-weed-grinder-with-kief-collector-wholesale\/\",\"url\":\"https:\/\/global-hookah.com\/es\/producto\/hand-crank-weed-grinder-with-kief-collector-wholesale\/\",\"name\":\"Hand Crank Weed Grinder With Kief Collector Wholesale - Global Hookah\",\"isPartOf\":{\"@id\":\"https:\/\/global-hookah.com\/#website\"},\"primaryImageOfPage\":{\"@id\":\"https:\/\/global-hookah.com\/es\/producto\/hand-crank-weed-grinder-with-kief-collector-wholesale\/#primaryimage\"},\"image\":{\"@id\":\"https:\/\/global-hookah.com\/es\/producto\/hand-crank-weed-grinder-with-kief-collector-wholesale\/#primaryimage\"},\"thumbnailUrl\":\"https:\/\/global-hookah.com\/wp-content\/uploads\/2024\/05\/kf-S6a7c1580d95f4c7c8a2030d2e7438114R-40mm-Herbal-Crusher-Tobacco-Grinder-Smoke-Manual-Kitchen-Herb-Metal-4-Layer-Grinders-Spice-Mill-Cigarette.webp\",\"datePublished\":\"2024-05-15T07:39:18+00:00\",\"dateModified\":\"2024-05-15T07:39:30+00:00\",\"breadcrumb\":{\"@id\":\"https:\/\/global-hookah.com\/es\/producto\/hand-crank-weed-grinder-with-kief-collector-wholesale\/#breadcrumb\"},\"inLanguage\":\"de\",\"potentialAction\":[{\"@type\":\"ReadAction\",\"target\":[\"https:\/\/global-hookah.com\/es\/producto\/hand-crank-weed-grinder-with-kief-collector-wholesale\/\"]}]},{\"@type\":\"ImageObject\",\"inLanguage\":\"de\",\"@id\":\"https:\/\/global-hookah.com\/es\/producto\/hand-crank-weed-grinder-with-kief-collector-wholesale\/#primaryimage\",\"url\":\"https:\/\/global-hookah.com\/wp-content\/uploads\/2024\/05\/kf-S6a7c1580d95f4c7c8a2030d2e7438114R-40mm-Herbal-Crusher-Tobacco-Grinder-Smoke-Manual-Kitchen-Herb-Metal-4-Layer-Grinders-Spice-Mill-Cigarette.webp\",\"contentUrl\":\"https:\/\/global-hookah.com\/wp-content\/uploads\/2024\/05\/kf-S6a7c1580d95f4c7c8a2030d2e7438114R-40mm-Herbal-Crusher-Tobacco-Grinder-Smoke-Manual-Kitchen-Herb-Metal-4-Layer-Grinders-Spice-Mill-Cigarette.webp\",\"width\":1000,\"height\":1000},{\"@type\":\"BreadcrumbList\",\"@id\":\"https:\/\/global-hookah.com\/es\/producto\/hand-crank-weed-grinder-with-kief-collector-wholesale\/#breadcrumb\",\"itemListElement\":[{\"@type\":\"ListItem\",\"position\":1,\"name\":\"Home\",\"item\":\"https:\/\/global-hookah.com\/\"},{\"@type\":\"ListItem\",\"position\":2,\"name\":\"Shop\",\"item\":\"https:\/\/global-hookah.com\/shop\/\"},{\"@type\":\"ListItem\",\"position\":3,\"name\":\"Hand Crank Weed Grinder With Kief Collector Wholesale\"}]},{\"@type\":\"WebSite\",\"@id\":\"https:\/\/global-hookah.com\/#website\",\"url\":\"https:\/\/global-hookah.com\/\",\"name\":\"Global Hookah\",\"description\":\"Global Hookah\",\"publisher\":{\"@id\":\"https:\/\/global-hookah.com\/#organization\"},\"potentialAction\":[{\"@type\":\"SearchAction\",\"target\":{\"@type\":\"EntryPoint\",\"urlTemplate\":\"https:\/\/global-hookah.com\/?s={search_term_string}\"},\"query-input\":{\"@type\":\"PropertyValueSpecification\",\"valueRequired\":true,\"valueName\":\"search_term_string\"}}],\"inLanguage\":\"de\"},{\"@type\":\"Organization\",\"@id\":\"https:\/\/global-hookah.com\/#organization\",\"name\":\"Global Hookah\",\"url\":\"https:\/\/global-hookah.com\/\",\"logo\":{\"@type\":\"ImageObject\",\"inLanguage\":\"de\",\"@id\":\"https:\/\/global-hookah.com\/#\/schema\/logo\/image\/\",\"url\":\"https:\/\/global-hookah.com\/wp-content\/uploads\/2021\/10\/cropped-fgg.png\",\"contentUrl\":\"https:\/\/global-hookah.com\/wp-content\/uploads\/2021\/10\/cropped-fgg.png\",\"width\":512,\"height\":512,\"caption\":\"Global Hookah\"},\"image\":{\"@id\":\"https:\/\/global-hookah.com\/#\/schema\/logo\/image\/\"}}]}<\/script>\n<!-- \/ Yoast SEO Premium plugin. -->","yoast_head_json":{"title":"Handkurbel Unkraut Grinder mit Kief Sammler Gro\u00dfhandel - Global Hookah","robots":{"index":"index","follow":"follow","max-snippet":"max-snippet:-1","max-image-preview":"max-image-preview:large","max-video-preview":"max-video-preview:-1"},"canonical":"https:\/\/global-hookah.com\/de\/producto\/hand-crank-weed-grinder-with-kief-collector-wholesale\/","og_locale":"de_DE","og_type":"article","og_title":"Hand Crank Weed Grinder With Kief Collector Wholesale","og_description":"Model Number:&nbsp;L103 Material:&nbsp;Metal Origin:&nbsp;Mainland China \u2022 4 Layer Grinders :The 4-layer design of this grinder ensures that your herbs and","og_url":"https:\/\/global-hookah.com\/de\/producto\/hand-crank-weed-grinder-with-kief-collector-wholesale\/","og_site_name":"Global Hookah","article_modified_time":"2024-05-15T07:39:30+00:00","og_image":[{"width":1000,"height":1000,"url":"https:\/\/global-hookah.com\/wp-content\/uploads\/2024\/05\/kf-S6a7c1580d95f4c7c8a2030d2e7438114R-40mm-Herbal-Crusher-Tobacco-Grinder-Smoke-Manual-Kitchen-Herb-Metal-4-Layer-Grinders-Spice-Mill-Cigarette.webp","type":"image\/webp"}],"twitter_card":"summary_large_image","twitter_misc":{"Gesch\u00e4tzte Lesezeit":"1\u00a0Minute"},"schema":{"@context":"https:\/\/schema.org","@graph":[{"@type":"WebPage","@id":"https:\/\/global-hookah.com\/es\/producto\/hand-crank-weed-grinder-with-kief-collector-wholesale\/","url":"https:\/\/global-hookah.com\/es\/producto\/hand-crank-weed-grinder-with-kief-collector-wholesale\/","name":"Handkurbel Unkraut Grinder mit Kief Sammler Gro\u00dfhandel - Global Hookah","isPartOf":{"@id":"https:\/\/global-hookah.com\/#website"},"primaryImageOfPage":{"@id":"https:\/\/global-hookah.com\/es\/producto\/hand-crank-weed-grinder-with-kief-collector-wholesale\/#primaryimage"},"image":{"@id":"https:\/\/global-hookah.com\/es\/producto\/hand-crank-weed-grinder-with-kief-collector-wholesale\/#primaryimage"},"thumbnailUrl":"https:\/\/global-hookah.com\/wp-content\/uploads\/2024\/05\/kf-S6a7c1580d95f4c7c8a2030d2e7438114R-40mm-Herbal-Crusher-Tobacco-Grinder-Smoke-Manual-Kitchen-Herb-Metal-4-Layer-Grinders-Spice-Mill-Cigarette.webp","datePublished":"2024-05-15T07:39:18+00:00","dateModified":"2024-05-15T07:39:30+00:00","breadcrumb":{"@id":"https:\/\/global-hookah.com\/es\/producto\/hand-crank-weed-grinder-with-kief-collector-wholesale\/#breadcrumb"},"inLanguage":"de","potentialAction":[{"@type":"ReadAction","target":["https:\/\/global-hookah.com\/es\/producto\/hand-crank-weed-grinder-with-kief-collector-wholesale\/"]}]},{"@type":"ImageObject","inLanguage":"de","@id":"https:\/\/global-hookah.com\/es\/producto\/hand-crank-weed-grinder-with-kief-collector-wholesale\/#primaryimage","url":"https:\/\/global-hookah.com\/wp-content\/uploads\/2024\/05\/kf-S6a7c1580d95f4c7c8a2030d2e7438114R-40mm-Herbal-Crusher-Tobacco-Grinder-Smoke-Manual-Kitchen-Herb-Metal-4-Layer-Grinders-Spice-Mill-Cigarette.webp","contentUrl":"https:\/\/global-hookah.com\/wp-content\/uploads\/2024\/05\/kf-S6a7c1580d95f4c7c8a2030d2e7438114R-40mm-Herbal-Crusher-Tobacco-Grinder-Smoke-Manual-Kitchen-Herb-Metal-4-Layer-Grinders-Spice-Mill-Cigarette.webp","width":1000,"height":1000},{"@type":"BreadcrumbList","@id":"https:\/\/global-hookah.com\/es\/producto\/hand-crank-weed-grinder-with-kief-collector-wholesale\/#breadcrumb","itemListElement":[{"@type":"ListItem","position":1,"name":"Home","item":"https:\/\/global-hookah.com\/"},{"@type":"ListItem","position":2,"name":"Shop","item":"https:\/\/global-hookah.com\/shop\/"},{"@type":"ListItem","position":3,"name":"Hand Crank Weed Grinder With Kief Collector Wholesale"}]},{"@type":"WebSite","@id":"https:\/\/global-hookah.com\/#website","url":"https:\/\/global-hookah.com\/","name":"Globale Wasserpfeife","description":"Globale Wasserpfeife","publisher":{"@id":"https:\/\/global-hookah.com\/#organization"},"potentialAction":[{"@type":"SearchAction","target":{"@type":"EntryPoint","urlTemplate":"https:\/\/global-hookah.com\/?s={search_term_string}"},"query-input":{"@type":"PropertyValueSpecification","valueRequired":true,"valueName":"search_term_string"}}],"inLanguage":"de"},{"@type":"Organization","@id":"https:\/\/global-hookah.com\/#organization","name":"Globale Wasserpfeife","url":"https:\/\/global-hookah.com\/","logo":{"@type":"ImageObject","inLanguage":"de","@id":"https:\/\/global-hookah.com\/#\/schema\/logo\/image\/","url":"https:\/\/global-hookah.com\/wp-content\/uploads\/2021\/10\/cropped-fgg.png","contentUrl":"https:\/\/global-hookah.com\/wp-content\/uploads\/2021\/10\/cropped-fgg.png","width":512,"height":512,"caption":"Global Hookah"},"image":{"@id":"https:\/\/global-hookah.com\/#\/schema\/logo\/image\/"}}]}},"_links":{"self":[{"href":"https:\/\/global-hookah.com\/de\/wp-json\/wp\/v2\/product\/22604","targetHints":{"allow":["GET"]}}],"collection":[{"href":"https:\/\/global-hookah.com\/de\/wp-json\/wp\/v2\/product"}],"about":[{"href":"https:\/\/global-hookah.com\/de\/wp-json\/wp\/v2\/types\/product"}],"replies":[{"embeddable":true,"href":"https:\/\/global-hookah.com\/de\/wp-json\/wp\/v2\/comments?post=22604"}],"version-history":[{"count":0,"href":"https:\/\/global-hookah.com\/de\/wp-json\/wp\/v2\/product\/22604\/revisions"}],"wp:featuredmedia":[{"embeddable":true,"href":"https:\/\/global-hookah.com\/de\/wp-json\/wp\/v2\/media\/22605"}],"wp:attachment":[{"href":"https:\/\/global-hookah.com\/de\/wp-json\/wp\/v2\/media?parent=22604"}],"wp:term":[{"taxonomy":"product_brand","embeddable":true,"href":"https:\/\/global-hookah.com\/de\/wp-json\/wp\/v2\/product_brand?post=22604"},{"taxonomy":"product_cat","embeddable":true,"href":"https:\/\/global-hookah.com\/de\/wp-json\/wp\/v2\/product_cat?post=22604"},{"taxonomy":"product_tag","embeddable":true,"href":"https:\/\/global-hookah.com\/de\/wp-json\/wp\/v2\/product_tag?post=22604"}],"curies":[{"name":"wp","href":"https:\/\/api.w.org\/{rel}","templated":true}]}}