{"id":22674,"date":"2024-05-15T08:50:27","date_gmt":"2024-05-15T08:50:27","guid":{"rendered":"https:\/\/global-hookah.com\/product\/rick-and-morty-cube-weed-grinder-wholesale\/"},"modified":"2024-05-15T08:50:32","modified_gmt":"2024-05-15T08:50:32","slug":"rick-and-morty-cube-weed-grinder-wholesale","status":"publish","type":"product","link":"https:\/\/global-hookah.com\/de\/produkt\/rick-and-morty-cube-weed-grinder-wholesale\/","title":{"rendered":"Rick und Morty W\u00fcrfel Unkraut Grinder Gro\u00dfhandel"},"content":{"rendered":"<div class=\"product-specs-list-container\">\n<ul class=\"product-specs-list util-clearfix\">\n<li class=\"product-prop line-limit-length\"><span\n\t\t\t\t\t\t\t\t\tclass=\"property-title\">Die Form:&nbsp;<\/span><span\n\t\t\t\t\t\t\t\t\tclass=\"property-desc line-limit-length\">Freier Typ<\/span>\n\t\t\t\t\t\t<\/li>\n<li class=\"product-prop line-limit-length\"><span\n\t\t\t\t\t\t\t\t\tclass=\"property-title\">Modellnummer:&nbsp;<\/span><span\n\t\t\t\t\t\t\t\t\tclass=\"property-desc line-limit-length\">FT-05518<\/span>\n\t\t\t\t\t\t<\/li>\n<li class=\"product-prop line-limit-length\"><span\n\t\t\t\t\t\t\t\t\tclass=\"property-title\">Material:&nbsp;<\/span><span\n\t\t\t\t\t\t\t\t\tclass=\"property-desc line-limit-length\">Acryl<\/span>\n\t\t\t\t\t\t<\/li>\n<li class=\"product-prop line-limit-length\"><span\n\t\t\t\t\t\t\t\t\tclass=\"property-title\">Markenname:&nbsp;<\/span><span\n\t\t\t\t\t\t\t\t\tclass=\"property-desc line-limit-length\">DUNHAO<\/span>\n\t\t\t\t\t\t<\/li>\n<li class=\"product-prop line-limit-length\"><span\n\t\t\t\t\t\t\t\t\tclass=\"property-title\">Herkunft:&nbsp;<\/span><span\n\t\t\t\t\t\t\t\t\tclass=\"property-desc line-limit-length\">Festland China<\/span>\n\t\t\t\t\t\t<\/li>\n<li class=\"product-prop line-limit-length\"><span\n\t\t\t\t\t\t\t\t\tclass=\"property-title\">Ort der Herkunft:&nbsp;<\/span><span\n\t\t\t\t\t\t\t\t\tclass=\"property-desc line-limit-length\">China<\/span>\n\t\t\t\t\t\t<\/li>\n<li class=\"product-prop line-limit-length\"><span\n\t\t\t\t\t\t\t\t\tclass=\"property-title\">Gr\u00f6\u00dfe:&nbsp;<\/span><span\n\t\t\t\t\t\t\t\t\tclass=\"property-desc line-limit-length\">58mm*58mm<\/span>\n\t\t\t\t\t\t<\/li>\n<li class=\"product-prop line-limit-length\"><span\n\t\t\t\t\t\t\t\t\tclass=\"property-title\">Gewicht:&nbsp;<\/span><span\n\t\t\t\t\t\t\t\t\tclass=\"property-desc line-limit-length\">147g\/St\u00fcck<\/span>\n\t\t\t\t\t\t<\/li>\n<li class=\"product-prop line-limit-length\"><span\n\t\t\t\t\t\t\t\t\tclass=\"property-title\">Material:&nbsp;<\/span><span\n\t\t\t\t\t\t\t\t\tclass=\"property-desc line-limit-length\">Zinklegierung<\/span>\n\t\t\t\t\t\t<\/li>\n<li class=\"product-prop line-limit-length\"><span\n\t\t\t\t\t\t\t\t\tclass=\"property-title\">Verwendung:&nbsp;<\/span><span\n\t\t\t\t\t\t\t\t\tclass=\"property-desc line-limit-length\">Tabak zu Rauchpulver mahlen<\/span>\n\t\t\t\t\t\t<\/li>\n<li class=\"product-prop line-limit-length\"><span\n\t\t\t\t\t\t\t\t\tclass=\"property-title\">Farbe:&nbsp;<\/span><span\n\t\t\t\t\t\t\t\t\tclass=\"property-desc line-limit-length\">Wie gezeigt<\/span>\n\t\t\t\t\t\t<\/li>\n<li class=\"product-prop line-limit-length\"><span\n\t\t\t\t\t\t\t\t\tclass=\"property-title\">Pacakge:&nbsp;<\/span><span\n\t\t\t\t\t\t\t\t\tclass=\"property-desc line-limit-length\">1 St\u00fcck nach dem Zufallsprinzip<\/span>\n\t\t\t\t\t\t<\/li>\n<\/ul><\/div>\n<div class=\"detailmodule_dynamic\"><kse:widget data-widget-type=\"customText\" id=\"1005000000210986\" type=\"custom\"><\/kse:widget><\/div>\n<div class=\"detailmodule_text\"><\/div>\n<div class=\"detailmodule_text\">\n<p style=\"font-family:OpenSans;font-size:14px;font-weight:300;line-height:20px;white-space:pre-wrap;color:rgb(0, 0, 0);margin-bottom:12px\" class=\"detail-desc-decorate-content\"><span style=\"font-size:14px;font-family:arial, helvetica, sans-serif\">Gr\u00f6\u00dfe: 58mm*58mm<\/span><\/p>\n<p style=\"font-family:OpenSans;font-size:14px;font-weight:300;line-height:20px;white-space:pre-wrap;color:rgb(0, 0, 0);margin-bottom:12px\" class=\"detail-desc-decorate-content\"><span style=\"font-size:14px;font-family:arial, helvetica, sans-serif\">Material:Zinklegierung <\/span><\/p>\n<p style=\"font-family:OpenSans;font-size:14px;font-weight:300;line-height:20px;white-space:pre-wrap;color:rgb(0, 0, 0);margin-bottom:12px\" class=\"detail-desc-decorate-content\"><span style=\"font-size:14px;font-family:arial, helvetica, sans-serif\">Gewicht: 147g\/St\u00fcck, Paket: 1St\u00fcck zuf\u00e4llig<\/span><\/p>\n<p style=\"font-family:OpenSans;font-size:14px;font-weight:300;line-height:20px;white-space:pre-wrap;color:rgb(0, 0, 0);margin-bottom:12px\" class=\"detail-desc-decorate-content\"><span style=\"font-size:14px;font-family:arial, helvetica, sans-serif\">Tabak Zigarrenschleifer zum Rauchen, 4teilige flache Z\u00e4hne Rauchschleifer<\/span><\/p>\n<p style=\"font-family:OpenSans;font-size:14px;font-weight:300;line-height:20px;white-space:pre-wrap;color:rgb(0, 0, 0);margin-bottom:12px\" class=\"detail-desc-decorate-content\"><span style=\"font-size:14px;font-family:arial, helvetica, sans-serif\">Spezielles Rubik's Cube-Muster immer attraktiv <\/span><\/p>\n<p style=\"font-family:OpenSans;font-size:14px;font-weight:300;line-height:20px;white-space:pre-wrap;color:rgb(0, 0, 0);margin-bottom:12px\" class=\"detail-desc-decorate-content\"><img decoding=\"async\" src=\"https:\/\/ae01.alicdn.com\/kf\/H0076199b69dd4430a405c9904b3addfbd.jpg\" slate-data-type=\"image\"\/><img decoding=\"async\" src=\"https:\/\/ae01.alicdn.com\/kf\/Hcfa802b766ab42cc93cb8a7941b819deM.jpg\" slate-data-type=\"image\"\/><img decoding=\"async\" src=\"https:\/\/ae01.alicdn.com\/kf\/H5fdabea87b36477bbd2816095012b752l.jpg\" slate-data-type=\"image\"\/><img decoding=\"async\" src=\"https:\/\/ae01.alicdn.com\/kf\/H46a13c74c13440ef822ae2ae8a494757o.jpg\" slate-data-type=\"image\"\/><img decoding=\"async\" src=\"https:\/\/ae01.alicdn.com\/kf\/Hae4c064ff2be4ce2bcbd8a7bb3dd9680t.jpg\" slate-data-type=\"image\"\/><\/p>\n<\/div>\n<div class=\"detailmodule_image\"><img decoding=\"async\" src=\"https:\/\/ae01.alicdn.com\/kf\/H07402cf4e8544c0abd8d2cdc938fce24C.jpg\" slate-data-type=\"image\"\/><img decoding=\"async\" src=\"https:\/\/ae01.alicdn.com\/kf\/H425598dbcd6d4797a7714c8a40e4c60am.jpg\" slate-data-type=\"image\"\/><img decoding=\"async\" src=\"https:\/\/ae01.alicdn.com\/kf\/H319d6ef8550d4dd8b83f9e44000adae0P.jpg\" slate-data-type=\"image\"\/><img decoding=\"async\" src=\"https:\/\/ae01.alicdn.com\/kf\/He305e52e357048b18969922cbb94ac032.jpg\" slate-data-type=\"image\"\/><\/div>\n<div class=\"detailmodule_image\"><img decoding=\"async\" class=\"detail-desc-decorate-image\" src=\"https:\/\/ae01.alicdn.com\/kf\/Hcd0bab812c2340b6b7228bf71d978f603.jpg\" slate-data-type=\"image\"\/><\/div>\n<div class=\"detailmodule_image\"><img decoding=\"async\" class=\"detail-desc-decorate-image\" src=\"https:\/\/ae01.alicdn.com\/kf\/Hd208f451ff96438ea8b7be5bfa065f13D.jpg\" slate-data-type=\"image\"\/><\/div>\n<div class=\"detailmodule_image\"><img decoding=\"async\" class=\"detail-desc-decorate-image\" src=\"https:\/\/ae01.alicdn.com\/kf\/He97d3d9fbaef4151a93ad055a1a045bdc.jpg\" slate-data-type=\"image\"\/><\/div>\n<div class=\"detailmodule_image\"><img decoding=\"async\" class=\"detail-desc-decorate-image\" src=\"https:\/\/ae01.alicdn.com\/kf\/Hefaee10a3ef544b7a62c6e27cf6fabc2V.jpg\" slate-data-type=\"image\"\/><\/div>\n<p><\/p>","protected":false},"excerpt":{"rendered":"<p>Form: Freier Typ Modellnummer: FT-05518 Material: Acryl Markenname: DUNHAO Herkunft: Festland China Herkunftsort: China Gr\u00f6\u00dfe: 58mm*58mm Gewicht: 147g\/pc Material: Zinklegierung Verwendung: Tabak zu Pulver mahlen<\/p>","protected":false},"featured_media":22675,"comment_status":"","ping_status":"closed","template":"","meta":{"iawp_total_views":0,"_joinchat":[]},"product_brand":[],"product_cat":[770],"product_tag":[],"class_list":{"0":"post-22674","1":"product","2":"type-product","3":"status-publish","4":"has-post-thumbnail","6":"product_cat-wholesale-grinder","8":"first","9":"instock","10":"shipping-taxable","11":"purchasable","12":"product-type-variable"},"yoast_head":"<!-- This site is optimized with the Yoast SEO Premium plugin v24.7 (Yoast SEO v26.8) - https:\/\/yoast.com\/product\/yoast-seo-premium-wordpress\/ -->\n<title>Rick And Morty Cube Weed Grinder Wholesale - Global Hookah<\/title>\n<meta name=\"robots\" content=\"index, follow, max-snippet:-1, max-image-preview:large, max-video-preview:-1\" \/>\n<link rel=\"canonical\" href=\"https:\/\/global-hookah.com\/de\/producto\/rick-and-morty-cube-weed-grinder-wholesale\/\" \/>\n<meta property=\"og:locale\" content=\"de_DE\" \/>\n<meta property=\"og:type\" content=\"article\" \/>\n<meta property=\"og:title\" content=\"Rick And Morty Cube Weed Grinder Wholesale\" \/>\n<meta property=\"og:description\" content=\"Shape:&nbsp;Free Type Model Number:&nbsp;FT-05518 Material:&nbsp;Acrylic Brand Name:&nbsp;DUNHAO Origin:&nbsp;Mainland China Place of origin:&nbsp;China Size:&nbsp;58mm*58mm Weight:&nbsp;147g\/pc Material:&nbsp;Zinc alloy Useage:&nbsp;Grind tobacco into powder\" \/>\n<meta property=\"og:url\" content=\"https:\/\/global-hookah.com\/de\/producto\/rick-and-morty-cube-weed-grinder-wholesale\/\" \/>\n<meta property=\"og:site_name\" content=\"Global Hookah\" \/>\n<meta property=\"article:modified_time\" content=\"2024-05-15T08:50:32+00:00\" \/>\n<meta property=\"og:image\" content=\"https:\/\/global-hookah.com\/wp-content\/uploads\/2024\/05\/kf-Ha8d92b0110da46c0ac62dd03a3cfc6daK-New-High-magnetic-Cube-Shaped-Smoke-Tobacco-Grinder-58MM-4-Layer-Square-Smoking-Grinding-Spices-Machine.webp\" \/>\n\t<meta property=\"og:image:width\" content=\"800\" \/>\n\t<meta property=\"og:image:height\" content=\"800\" \/>\n\t<meta property=\"og:image:type\" content=\"image\/webp\" \/>\n<meta name=\"twitter:card\" content=\"summary_large_image\" \/>\n<script type=\"application\/ld+json\" class=\"yoast-schema-graph\">{\"@context\":\"https:\/\/schema.org\",\"@graph\":[{\"@type\":\"WebPage\",\"@id\":\"https:\/\/global-hookah.com\/es\/producto\/rick-and-morty-cube-weed-grinder-wholesale\/\",\"url\":\"https:\/\/global-hookah.com\/es\/producto\/rick-and-morty-cube-weed-grinder-wholesale\/\",\"name\":\"Rick And Morty Cube Weed Grinder Wholesale - Global Hookah\",\"isPartOf\":{\"@id\":\"https:\/\/global-hookah.com\/#website\"},\"primaryImageOfPage\":{\"@id\":\"https:\/\/global-hookah.com\/es\/producto\/rick-and-morty-cube-weed-grinder-wholesale\/#primaryimage\"},\"image\":{\"@id\":\"https:\/\/global-hookah.com\/es\/producto\/rick-and-morty-cube-weed-grinder-wholesale\/#primaryimage\"},\"thumbnailUrl\":\"https:\/\/global-hookah.com\/wp-content\/uploads\/2024\/05\/kf-Ha8d92b0110da46c0ac62dd03a3cfc6daK-New-High-magnetic-Cube-Shaped-Smoke-Tobacco-Grinder-58MM-4-Layer-Square-Smoking-Grinding-Spices-Machine.webp\",\"datePublished\":\"2024-05-15T08:50:27+00:00\",\"dateModified\":\"2024-05-15T08:50:32+00:00\",\"breadcrumb\":{\"@id\":\"https:\/\/global-hookah.com\/es\/producto\/rick-and-morty-cube-weed-grinder-wholesale\/#breadcrumb\"},\"inLanguage\":\"de\",\"potentialAction\":[{\"@type\":\"ReadAction\",\"target\":[\"https:\/\/global-hookah.com\/es\/producto\/rick-and-morty-cube-weed-grinder-wholesale\/\"]}]},{\"@type\":\"ImageObject\",\"inLanguage\":\"de\",\"@id\":\"https:\/\/global-hookah.com\/es\/producto\/rick-and-morty-cube-weed-grinder-wholesale\/#primaryimage\",\"url\":\"https:\/\/global-hookah.com\/wp-content\/uploads\/2024\/05\/kf-Ha8d92b0110da46c0ac62dd03a3cfc6daK-New-High-magnetic-Cube-Shaped-Smoke-Tobacco-Grinder-58MM-4-Layer-Square-Smoking-Grinding-Spices-Machine.webp\",\"contentUrl\":\"https:\/\/global-hookah.com\/wp-content\/uploads\/2024\/05\/kf-Ha8d92b0110da46c0ac62dd03a3cfc6daK-New-High-magnetic-Cube-Shaped-Smoke-Tobacco-Grinder-58MM-4-Layer-Square-Smoking-Grinding-Spices-Machine.webp\",\"width\":800,\"height\":800},{\"@type\":\"BreadcrumbList\",\"@id\":\"https:\/\/global-hookah.com\/es\/producto\/rick-and-morty-cube-weed-grinder-wholesale\/#breadcrumb\",\"itemListElement\":[{\"@type\":\"ListItem\",\"position\":1,\"name\":\"Home\",\"item\":\"https:\/\/global-hookah.com\/\"},{\"@type\":\"ListItem\",\"position\":2,\"name\":\"Shop\",\"item\":\"https:\/\/global-hookah.com\/shop\/\"},{\"@type\":\"ListItem\",\"position\":3,\"name\":\"Rick And Morty Cube Weed Grinder Wholesale\"}]},{\"@type\":\"WebSite\",\"@id\":\"https:\/\/global-hookah.com\/#website\",\"url\":\"https:\/\/global-hookah.com\/\",\"name\":\"Global Hookah\",\"description\":\"Global Hookah\",\"publisher\":{\"@id\":\"https:\/\/global-hookah.com\/#organization\"},\"potentialAction\":[{\"@type\":\"SearchAction\",\"target\":{\"@type\":\"EntryPoint\",\"urlTemplate\":\"https:\/\/global-hookah.com\/?s={search_term_string}\"},\"query-input\":{\"@type\":\"PropertyValueSpecification\",\"valueRequired\":true,\"valueName\":\"search_term_string\"}}],\"inLanguage\":\"de\"},{\"@type\":\"Organization\",\"@id\":\"https:\/\/global-hookah.com\/#organization\",\"name\":\"Global Hookah\",\"url\":\"https:\/\/global-hookah.com\/\",\"logo\":{\"@type\":\"ImageObject\",\"inLanguage\":\"de\",\"@id\":\"https:\/\/global-hookah.com\/#\/schema\/logo\/image\/\",\"url\":\"https:\/\/global-hookah.com\/wp-content\/uploads\/2021\/10\/cropped-fgg.png\",\"contentUrl\":\"https:\/\/global-hookah.com\/wp-content\/uploads\/2021\/10\/cropped-fgg.png\",\"width\":512,\"height\":512,\"caption\":\"Global Hookah\"},\"image\":{\"@id\":\"https:\/\/global-hookah.com\/#\/schema\/logo\/image\/\"}}]}<\/script>\n<!-- \/ Yoast SEO Premium plugin. -->","yoast_head_json":{"title":"Rick und Morty W\u00fcrfel Unkraut Grinder Gro\u00dfhandel - Global Hookah","robots":{"index":"index","follow":"follow","max-snippet":"max-snippet:-1","max-image-preview":"max-image-preview:large","max-video-preview":"max-video-preview:-1"},"canonical":"https:\/\/global-hookah.com\/de\/producto\/rick-and-morty-cube-weed-grinder-wholesale\/","og_locale":"de_DE","og_type":"article","og_title":"Rick And Morty Cube Weed Grinder Wholesale","og_description":"Shape:&nbsp;Free Type Model Number:&nbsp;FT-05518 Material:&nbsp;Acrylic Brand Name:&nbsp;DUNHAO Origin:&nbsp;Mainland China Place of origin:&nbsp;China Size:&nbsp;58mm*58mm Weight:&nbsp;147g\/pc Material:&nbsp;Zinc alloy Useage:&nbsp;Grind tobacco into powder","og_url":"https:\/\/global-hookah.com\/de\/producto\/rick-and-morty-cube-weed-grinder-wholesale\/","og_site_name":"Global Hookah","article_modified_time":"2024-05-15T08:50:32+00:00","og_image":[{"width":800,"height":800,"url":"https:\/\/global-hookah.com\/wp-content\/uploads\/2024\/05\/kf-Ha8d92b0110da46c0ac62dd03a3cfc6daK-New-High-magnetic-Cube-Shaped-Smoke-Tobacco-Grinder-58MM-4-Layer-Square-Smoking-Grinding-Spices-Machine.webp","type":"image\/webp"}],"twitter_card":"summary_large_image","schema":{"@context":"https:\/\/schema.org","@graph":[{"@type":"WebPage","@id":"https:\/\/global-hookah.com\/es\/producto\/rick-and-morty-cube-weed-grinder-wholesale\/","url":"https:\/\/global-hookah.com\/es\/producto\/rick-and-morty-cube-weed-grinder-wholesale\/","name":"Rick und Morty W\u00fcrfel Unkraut Grinder Gro\u00dfhandel - Global Hookah","isPartOf":{"@id":"https:\/\/global-hookah.com\/#website"},"primaryImageOfPage":{"@id":"https:\/\/global-hookah.com\/es\/producto\/rick-and-morty-cube-weed-grinder-wholesale\/#primaryimage"},"image":{"@id":"https:\/\/global-hookah.com\/es\/producto\/rick-and-morty-cube-weed-grinder-wholesale\/#primaryimage"},"thumbnailUrl":"https:\/\/global-hookah.com\/wp-content\/uploads\/2024\/05\/kf-Ha8d92b0110da46c0ac62dd03a3cfc6daK-New-High-magnetic-Cube-Shaped-Smoke-Tobacco-Grinder-58MM-4-Layer-Square-Smoking-Grinding-Spices-Machine.webp","datePublished":"2024-05-15T08:50:27+00:00","dateModified":"2024-05-15T08:50:32+00:00","breadcrumb":{"@id":"https:\/\/global-hookah.com\/es\/producto\/rick-and-morty-cube-weed-grinder-wholesale\/#breadcrumb"},"inLanguage":"de","potentialAction":[{"@type":"ReadAction","target":["https:\/\/global-hookah.com\/es\/producto\/rick-and-morty-cube-weed-grinder-wholesale\/"]}]},{"@type":"ImageObject","inLanguage":"de","@id":"https:\/\/global-hookah.com\/es\/producto\/rick-and-morty-cube-weed-grinder-wholesale\/#primaryimage","url":"https:\/\/global-hookah.com\/wp-content\/uploads\/2024\/05\/kf-Ha8d92b0110da46c0ac62dd03a3cfc6daK-New-High-magnetic-Cube-Shaped-Smoke-Tobacco-Grinder-58MM-4-Layer-Square-Smoking-Grinding-Spices-Machine.webp","contentUrl":"https:\/\/global-hookah.com\/wp-content\/uploads\/2024\/05\/kf-Ha8d92b0110da46c0ac62dd03a3cfc6daK-New-High-magnetic-Cube-Shaped-Smoke-Tobacco-Grinder-58MM-4-Layer-Square-Smoking-Grinding-Spices-Machine.webp","width":800,"height":800},{"@type":"BreadcrumbList","@id":"https:\/\/global-hookah.com\/es\/producto\/rick-and-morty-cube-weed-grinder-wholesale\/#breadcrumb","itemListElement":[{"@type":"ListItem","position":1,"name":"Home","item":"https:\/\/global-hookah.com\/"},{"@type":"ListItem","position":2,"name":"Shop","item":"https:\/\/global-hookah.com\/shop\/"},{"@type":"ListItem","position":3,"name":"Rick And Morty Cube Weed Grinder Wholesale"}]},{"@type":"WebSite","@id":"https:\/\/global-hookah.com\/#website","url":"https:\/\/global-hookah.com\/","name":"Globale Wasserpfeife","description":"Globale Wasserpfeife","publisher":{"@id":"https:\/\/global-hookah.com\/#organization"},"potentialAction":[{"@type":"SearchAction","target":{"@type":"EntryPoint","urlTemplate":"https:\/\/global-hookah.com\/?s={search_term_string}"},"query-input":{"@type":"PropertyValueSpecification","valueRequired":true,"valueName":"search_term_string"}}],"inLanguage":"de"},{"@type":"Organization","@id":"https:\/\/global-hookah.com\/#organization","name":"Globale Wasserpfeife","url":"https:\/\/global-hookah.com\/","logo":{"@type":"ImageObject","inLanguage":"de","@id":"https:\/\/global-hookah.com\/#\/schema\/logo\/image\/","url":"https:\/\/global-hookah.com\/wp-content\/uploads\/2021\/10\/cropped-fgg.png","contentUrl":"https:\/\/global-hookah.com\/wp-content\/uploads\/2021\/10\/cropped-fgg.png","width":512,"height":512,"caption":"Global Hookah"},"image":{"@id":"https:\/\/global-hookah.com\/#\/schema\/logo\/image\/"}}]}},"_links":{"self":[{"href":"https:\/\/global-hookah.com\/de\/wp-json\/wp\/v2\/product\/22674","targetHints":{"allow":["GET"]}}],"collection":[{"href":"https:\/\/global-hookah.com\/de\/wp-json\/wp\/v2\/product"}],"about":[{"href":"https:\/\/global-hookah.com\/de\/wp-json\/wp\/v2\/types\/product"}],"replies":[{"embeddable":true,"href":"https:\/\/global-hookah.com\/de\/wp-json\/wp\/v2\/comments?post=22674"}],"version-history":[{"count":0,"href":"https:\/\/global-hookah.com\/de\/wp-json\/wp\/v2\/product\/22674\/revisions"}],"wp:featuredmedia":[{"embeddable":true,"href":"https:\/\/global-hookah.com\/de\/wp-json\/wp\/v2\/media\/22675"}],"wp:attachment":[{"href":"https:\/\/global-hookah.com\/de\/wp-json\/wp\/v2\/media?parent=22674"}],"wp:term":[{"taxonomy":"product_brand","embeddable":true,"href":"https:\/\/global-hookah.com\/de\/wp-json\/wp\/v2\/product_brand?post=22674"},{"taxonomy":"product_cat","embeddable":true,"href":"https:\/\/global-hookah.com\/de\/wp-json\/wp\/v2\/product_cat?post=22674"},{"taxonomy":"product_tag","embeddable":true,"href":"https:\/\/global-hookah.com\/de\/wp-json\/wp\/v2\/product_tag?post=22674"}],"curies":[{"name":"wp","href":"https:\/\/api.w.org\/{rel}","templated":true}]}}