{"id":22724,"date":"2024-05-15T11:13:29","date_gmt":"2024-05-15T11:13:29","guid":{"rendered":"https:\/\/global-hookah.com\/product\/zinc-alloy-4-piece-marijuana-grinder\/"},"modified":"2024-05-17T03:53:17","modified_gmt":"2024-05-17T03:53:17","slug":"zinc-alloy-4-piece-marijuana-grinder","status":"publish","type":"product","link":"https:\/\/global-hookah.com\/de\/produkt\/zinc-alloy-4-piece-marijuana-grinder\/","title":{"rendered":"Zink-Legierung 4 St\u00fcck Marihuana Grinder"},"content":{"rendered":"<p>Diese <strong>Zink-Legierung 4 St\u00fcck Marihuana Grinder<\/strong> ist mit 28 rasiermesserscharfen Schleifz\u00e4hnen ausgestattet, die mit t\u00f6dlicher Pr\u00e4zision CNC-gefr\u00e4st sind. Ein paar sanfte Schl\u00e4ge gen\u00fcgen, um in Sekundenschnelle von grob auf fein zu wechseln.<\/p>\n<p>Das einzigartige Design erm\u00f6glicht ein 360-Grad-Multidirektionales Mahlen f\u00fcr die gr\u00fcndlichsten und gleichm\u00e4\u00dfigsten Ergebnisse. Im Gegensatz zum Flachschleifen k\u00f6nnen diese Schleifz\u00e4hne die Zellw\u00e4nde der Pflanzen maximal aufbrechen, um mehr Wirkstoffe freizusetzen.<\/p>\n<p>Die Kombination aus scharfen Mahlz\u00e4hnen und sorgf\u00e4ltig eingestellter Zahnteilung erm\u00f6glicht nicht nur eine genaue Kontrolle der Mahlpartikelgr\u00f6\u00dfe, sondern auch eine gleichm\u00e4\u00dfige Verteilung des gemahlenen Materials, was f\u00fcr die Herstellung von Cannabiszigaretten oder das F\u00fcllen von Pfeifen sehr geeignet ist.<\/p>\n<div class=\"detailmodule_html\">\n<div class=\"detail-desc-decorate-richtext\">\n<div class=\"detailmodule_text\">\n<div><\/div>\n<p style=\"font-family: 'Open Sans', Roboto, Arial, Helvetica, sans-serif, SimSun; font-size: 14px; font-weight: 400; letter-spacing: normal; line-height: inherit; text-align: start; white-space: normal; color: #222222; margin: 0px; padding: 0px; box-sizing: border-box;\" align=\"start\"><span style=\"font-size: 18px;\">Material: Zink-Legierung<\/span><\/p>\n<p style=\"font-family: 'Open Sans', Roboto, Arial, Helvetica, sans-serif, SimSun; font-size: 14px; font-weight: 400; letter-spacing: normal; line-height: inherit; text-align: start; white-space: normal; color: #222222; margin: 0px; padding: 0px; box-sizing: border-box;\" align=\"start\"><span style=\"font-size: 18px;\">Gr\u00f6\u00dfe: 69MM (H\u00f6he) X63MM (Durchmesser)<\/span><\/p>\n<p style=\"font-family: 'Open Sans', Roboto, Arial, Helvetica, sans-serif, SimSun; font-size: 14px; font-weight: 400; letter-spacing: normal; line-height: inherit; text-align: start; white-space: normal; color: #222222; margin: 0px; padding: 0px; box-sizing: border-box;\" align=\"start\"><span style=\"font-size: 18px;\">Farbe: Wie abgebildet<\/span><\/p>\n<div><\/div>\n<p style=\"font-family: 'Open Sans', Roboto, Arial, Helvetica, sans-serif, SimSun; font-size: 14px; font-weight: 400; letter-spacing: normal; line-height: inherit; text-align: start; white-space: normal; color: #222222; margin: 0px; padding: 0px; box-sizing: border-box;\" align=\"start\"><span style=\"font-size: 18px;\">Das Paket enth\u00e4lt:<\/span><\/p>\n<div><\/div>\n<p style=\"font-family: 'Open Sans', Roboto, Arial, Helvetica, sans-serif, SimSun; font-size: 14px; font-weight: 400; letter-spacing: normal; line-height: inherit; text-align: start; white-space: normal; color: #222222; margin: 0px; padding: 0px; box-sizing: border-box;\" align=\"start\"><span style=\"font-size: 18px;\">1 x R\u00e4ucherm\u00fchle<\/span><\/p>\n<\/div>\n<div class=\"detailmodule_image\"><img decoding=\"async\" src=\"https:\/\/ae01.alicdn.com\/kf\/Sd9a8ba14ea8440d08ae015384241c63dd.jpg\" \/><br \/>\n<img decoding=\"async\" src=\"https:\/\/ae01.alicdn.com\/kf\/S6dd30ef01d664d708fea683b984dcef3E.jpg\" \/><br \/>\n<img decoding=\"async\" src=\"https:\/\/ae01.alicdn.com\/kf\/S0fa0bd4eabb8434caf5ec56d86d0137dH.jpg\" \/><br \/>\n<img decoding=\"async\" src=\"https:\/\/ae01.alicdn.com\/kf\/S2175fabe9c3040838574a8d82eed4781S.jpg\" \/><br \/>\n<img decoding=\"async\" src=\"https:\/\/ae01.alicdn.com\/kf\/S32c2215362a4452186548715d1d351d7M.jpg\" \/><br \/>\n<img decoding=\"async\" src=\"https:\/\/ae01.alicdn.com\/kf\/Sc86dd043cd4a43fa98dcdfeea3d88d20I.jpg\" \/><br \/>\n<img decoding=\"async\" src=\"https:\/\/ae01.alicdn.com\/kf\/Sd725fa0928ad45c9abfb0a394be27e52Z.jpg\" \/><br \/>\n<img decoding=\"async\" src=\"https:\/\/ae01.alicdn.com\/kf\/S96503762ef0848c7a6e741d1c93e1f1eT.jpg\" \/><br \/>\n<img decoding=\"async\" src=\"https:\/\/ae01.alicdn.com\/kf\/S2bd36b1eb53c4b4e95d69a749cb692eaT.jpg\" \/><\/div>\n<div class=\"detailmodule_image\"><\/div>\n<p>&nbsp;<\/p>\n<\/div>\n<\/div>","protected":false},"excerpt":{"rendered":"<p>Dieser 4-teilige Marihuana Grinder aus Zinklegierung ist mit 28 rasiermesserscharfen Schleifz\u00e4hnen ausgestattet, die mit t\u00f6dlicher Pr\u00e4zision CNC-gefr\u00e4st sind. Einfach<\/p>","protected":false},"featured_media":22725,"comment_status":"closed","ping_status":"closed","template":"","meta":{"iawp_total_views":0,"_joinchat":[]},"product_brand":[],"product_cat":[770],"product_tag":[],"class_list":{"0":"post-22724","1":"product","2":"type-product","3":"status-publish","4":"has-post-thumbnail","6":"product_cat-wholesale-grinder","8":"first","9":"instock","10":"shipping-taxable","11":"product-type-external"},"yoast_head":"<!-- This site is optimized with the Yoast SEO Premium plugin v24.7 (Yoast SEO v26.8) - https:\/\/yoast.com\/product\/yoast-seo-premium-wordpress\/ -->\n<title>Zinc Alloy 4 Piece Marijuana Grinder - Global Hookah<\/title>\n<meta name=\"robots\" content=\"index, follow, max-snippet:-1, max-image-preview:large, max-video-preview:-1\" \/>\n<link rel=\"canonical\" href=\"https:\/\/global-hookah.com\/de\/produkt\/zinc-alloy-4-piece-marijuana-grinder\/\" \/>\n<meta property=\"og:locale\" content=\"de_DE\" \/>\n<meta property=\"og:type\" content=\"article\" \/>\n<meta property=\"og:title\" content=\"Zinc Alloy 4 Piece Marijuana Grinder\" \/>\n<meta property=\"og:description\" content=\"This Zinc Alloy 4 Piece Marijuana Grinder comes packed with 28 razor-sharp grinding teeth, CNC machined to deadly precision. Just\" \/>\n<meta property=\"og:url\" content=\"https:\/\/global-hookah.com\/de\/produkt\/zinc-alloy-4-piece-marijuana-grinder\/\" \/>\n<meta property=\"og:site_name\" content=\"Global Hookah\" \/>\n<meta property=\"article:modified_time\" content=\"2024-05-17T03:53:17+00:00\" \/>\n<meta property=\"og:image\" content=\"https:\/\/global-hookah.com\/wp-content\/uploads\/2024\/05\/kf-S4879e14694e84cfd99403b00e33e2c54I-Smoke-Grinder-4-Layer-63MM-Metal-Tobacco-Grinder-Smoke-Zinc-Alloy-Smokimg-Grinder-Pipe-Crusher-Tool.webp\" \/>\n\t<meta property=\"og:image:width\" content=\"1000\" \/>\n\t<meta property=\"og:image:height\" content=\"1000\" \/>\n\t<meta property=\"og:image:type\" content=\"image\/webp\" \/>\n<meta name=\"twitter:card\" content=\"summary_large_image\" \/>\n<meta name=\"twitter:label1\" content=\"Gesch\u00e4tzte Lesezeit\" \/>\n\t<meta name=\"twitter:data1\" content=\"1\u00a0Minute\" \/>\n<script type=\"application\/ld+json\" class=\"yoast-schema-graph\">{\"@context\":\"https:\/\/schema.org\",\"@graph\":[{\"@type\":\"WebPage\",\"@id\":\"https:\/\/global-hookah.com\/product\/zinc-alloy-4-piece-marijuana-grinder\/\",\"url\":\"https:\/\/global-hookah.com\/product\/zinc-alloy-4-piece-marijuana-grinder\/\",\"name\":\"Zinc Alloy 4 Piece Marijuana Grinder - Global Hookah\",\"isPartOf\":{\"@id\":\"https:\/\/global-hookah.com\/#website\"},\"primaryImageOfPage\":{\"@id\":\"https:\/\/global-hookah.com\/product\/zinc-alloy-4-piece-marijuana-grinder\/#primaryimage\"},\"image\":{\"@id\":\"https:\/\/global-hookah.com\/product\/zinc-alloy-4-piece-marijuana-grinder\/#primaryimage\"},\"thumbnailUrl\":\"https:\/\/global-hookah.com\/wp-content\/uploads\/2024\/05\/kf-S4879e14694e84cfd99403b00e33e2c54I-Smoke-Grinder-4-Layer-63MM-Metal-Tobacco-Grinder-Smoke-Zinc-Alloy-Smokimg-Grinder-Pipe-Crusher-Tool.webp\",\"datePublished\":\"2024-05-15T11:13:29+00:00\",\"dateModified\":\"2024-05-17T03:53:17+00:00\",\"breadcrumb\":{\"@id\":\"https:\/\/global-hookah.com\/product\/zinc-alloy-4-piece-marijuana-grinder\/#breadcrumb\"},\"inLanguage\":\"de\",\"potentialAction\":[{\"@type\":\"ReadAction\",\"target\":[\"https:\/\/global-hookah.com\/product\/zinc-alloy-4-piece-marijuana-grinder\/\"]}]},{\"@type\":\"ImageObject\",\"inLanguage\":\"de\",\"@id\":\"https:\/\/global-hookah.com\/product\/zinc-alloy-4-piece-marijuana-grinder\/#primaryimage\",\"url\":\"https:\/\/global-hookah.com\/wp-content\/uploads\/2024\/05\/kf-S4879e14694e84cfd99403b00e33e2c54I-Smoke-Grinder-4-Layer-63MM-Metal-Tobacco-Grinder-Smoke-Zinc-Alloy-Smokimg-Grinder-Pipe-Crusher-Tool.webp\",\"contentUrl\":\"https:\/\/global-hookah.com\/wp-content\/uploads\/2024\/05\/kf-S4879e14694e84cfd99403b00e33e2c54I-Smoke-Grinder-4-Layer-63MM-Metal-Tobacco-Grinder-Smoke-Zinc-Alloy-Smokimg-Grinder-Pipe-Crusher-Tool.webp\",\"width\":1000,\"height\":1000,\"caption\":\"Zinc Alloy 4 Piece Marijuana Grinder\"},{\"@type\":\"BreadcrumbList\",\"@id\":\"https:\/\/global-hookah.com\/product\/zinc-alloy-4-piece-marijuana-grinder\/#breadcrumb\",\"itemListElement\":[{\"@type\":\"ListItem\",\"position\":1,\"name\":\"Home\",\"item\":\"https:\/\/global-hookah.com\/\"},{\"@type\":\"ListItem\",\"position\":2,\"name\":\"Shop\",\"item\":\"https:\/\/global-hookah.com\/shop\/\"},{\"@type\":\"ListItem\",\"position\":3,\"name\":\"Zinc Alloy 4 Piece Marijuana Grinder\"}]},{\"@type\":\"WebSite\",\"@id\":\"https:\/\/global-hookah.com\/#website\",\"url\":\"https:\/\/global-hookah.com\/\",\"name\":\"Global Hookah\",\"description\":\"Global Hookah\",\"publisher\":{\"@id\":\"https:\/\/global-hookah.com\/#organization\"},\"potentialAction\":[{\"@type\":\"SearchAction\",\"target\":{\"@type\":\"EntryPoint\",\"urlTemplate\":\"https:\/\/global-hookah.com\/?s={search_term_string}\"},\"query-input\":{\"@type\":\"PropertyValueSpecification\",\"valueRequired\":true,\"valueName\":\"search_term_string\"}}],\"inLanguage\":\"de\"},{\"@type\":\"Organization\",\"@id\":\"https:\/\/global-hookah.com\/#organization\",\"name\":\"Global Hookah\",\"url\":\"https:\/\/global-hookah.com\/\",\"logo\":{\"@type\":\"ImageObject\",\"inLanguage\":\"de\",\"@id\":\"https:\/\/global-hookah.com\/#\/schema\/logo\/image\/\",\"url\":\"https:\/\/global-hookah.com\/wp-content\/uploads\/2021\/10\/cropped-fgg.png\",\"contentUrl\":\"https:\/\/global-hookah.com\/wp-content\/uploads\/2021\/10\/cropped-fgg.png\",\"width\":512,\"height\":512,\"caption\":\"Global Hookah\"},\"image\":{\"@id\":\"https:\/\/global-hookah.com\/#\/schema\/logo\/image\/\"}}]}<\/script>\n<!-- \/ Yoast SEO Premium plugin. -->","yoast_head_json":{"title":"Zink-Legierung 4 St\u00fcck Marihuana Grinder - Global Hookah","robots":{"index":"index","follow":"follow","max-snippet":"max-snippet:-1","max-image-preview":"max-image-preview:large","max-video-preview":"max-video-preview:-1"},"canonical":"https:\/\/global-hookah.com\/de\/produkt\/zinc-alloy-4-piece-marijuana-grinder\/","og_locale":"de_DE","og_type":"article","og_title":"Zinc Alloy 4 Piece Marijuana Grinder","og_description":"This Zinc Alloy 4 Piece Marijuana Grinder comes packed with 28 razor-sharp grinding teeth, CNC machined to deadly precision. Just","og_url":"https:\/\/global-hookah.com\/de\/produkt\/zinc-alloy-4-piece-marijuana-grinder\/","og_site_name":"Global Hookah","article_modified_time":"2024-05-17T03:53:17+00:00","og_image":[{"width":1000,"height":1000,"url":"https:\/\/global-hookah.com\/wp-content\/uploads\/2024\/05\/kf-S4879e14694e84cfd99403b00e33e2c54I-Smoke-Grinder-4-Layer-63MM-Metal-Tobacco-Grinder-Smoke-Zinc-Alloy-Smokimg-Grinder-Pipe-Crusher-Tool.webp","type":"image\/webp"}],"twitter_card":"summary_large_image","twitter_misc":{"Gesch\u00e4tzte Lesezeit":"1\u00a0Minute"},"schema":{"@context":"https:\/\/schema.org","@graph":[{"@type":"WebPage","@id":"https:\/\/global-hookah.com\/product\/zinc-alloy-4-piece-marijuana-grinder\/","url":"https:\/\/global-hookah.com\/product\/zinc-alloy-4-piece-marijuana-grinder\/","name":"Zink-Legierung 4 St\u00fcck Marihuana Grinder - Global Hookah","isPartOf":{"@id":"https:\/\/global-hookah.com\/#website"},"primaryImageOfPage":{"@id":"https:\/\/global-hookah.com\/product\/zinc-alloy-4-piece-marijuana-grinder\/#primaryimage"},"image":{"@id":"https:\/\/global-hookah.com\/product\/zinc-alloy-4-piece-marijuana-grinder\/#primaryimage"},"thumbnailUrl":"https:\/\/global-hookah.com\/wp-content\/uploads\/2024\/05\/kf-S4879e14694e84cfd99403b00e33e2c54I-Smoke-Grinder-4-Layer-63MM-Metal-Tobacco-Grinder-Smoke-Zinc-Alloy-Smokimg-Grinder-Pipe-Crusher-Tool.webp","datePublished":"2024-05-15T11:13:29+00:00","dateModified":"2024-05-17T03:53:17+00:00","breadcrumb":{"@id":"https:\/\/global-hookah.com\/product\/zinc-alloy-4-piece-marijuana-grinder\/#breadcrumb"},"inLanguage":"de","potentialAction":[{"@type":"ReadAction","target":["https:\/\/global-hookah.com\/product\/zinc-alloy-4-piece-marijuana-grinder\/"]}]},{"@type":"ImageObject","inLanguage":"de","@id":"https:\/\/global-hookah.com\/product\/zinc-alloy-4-piece-marijuana-grinder\/#primaryimage","url":"https:\/\/global-hookah.com\/wp-content\/uploads\/2024\/05\/kf-S4879e14694e84cfd99403b00e33e2c54I-Smoke-Grinder-4-Layer-63MM-Metal-Tobacco-Grinder-Smoke-Zinc-Alloy-Smokimg-Grinder-Pipe-Crusher-Tool.webp","contentUrl":"https:\/\/global-hookah.com\/wp-content\/uploads\/2024\/05\/kf-S4879e14694e84cfd99403b00e33e2c54I-Smoke-Grinder-4-Layer-63MM-Metal-Tobacco-Grinder-Smoke-Zinc-Alloy-Smokimg-Grinder-Pipe-Crusher-Tool.webp","width":1000,"height":1000,"caption":"Zinc Alloy 4 Piece Marijuana Grinder"},{"@type":"BreadcrumbList","@id":"https:\/\/global-hookah.com\/product\/zinc-alloy-4-piece-marijuana-grinder\/#breadcrumb","itemListElement":[{"@type":"ListItem","position":1,"name":"Home","item":"https:\/\/global-hookah.com\/"},{"@type":"ListItem","position":2,"name":"Shop","item":"https:\/\/global-hookah.com\/shop\/"},{"@type":"ListItem","position":3,"name":"Zinc Alloy 4 Piece Marijuana Grinder"}]},{"@type":"WebSite","@id":"https:\/\/global-hookah.com\/#website","url":"https:\/\/global-hookah.com\/","name":"Globale Wasserpfeife","description":"Globale Wasserpfeife","publisher":{"@id":"https:\/\/global-hookah.com\/#organization"},"potentialAction":[{"@type":"SearchAction","target":{"@type":"EntryPoint","urlTemplate":"https:\/\/global-hookah.com\/?s={search_term_string}"},"query-input":{"@type":"PropertyValueSpecification","valueRequired":true,"valueName":"search_term_string"}}],"inLanguage":"de"},{"@type":"Organization","@id":"https:\/\/global-hookah.com\/#organization","name":"Globale Wasserpfeife","url":"https:\/\/global-hookah.com\/","logo":{"@type":"ImageObject","inLanguage":"de","@id":"https:\/\/global-hookah.com\/#\/schema\/logo\/image\/","url":"https:\/\/global-hookah.com\/wp-content\/uploads\/2021\/10\/cropped-fgg.png","contentUrl":"https:\/\/global-hookah.com\/wp-content\/uploads\/2021\/10\/cropped-fgg.png","width":512,"height":512,"caption":"Global Hookah"},"image":{"@id":"https:\/\/global-hookah.com\/#\/schema\/logo\/image\/"}}]}},"_links":{"self":[{"href":"https:\/\/global-hookah.com\/de\/wp-json\/wp\/v2\/product\/22724","targetHints":{"allow":["GET"]}}],"collection":[{"href":"https:\/\/global-hookah.com\/de\/wp-json\/wp\/v2\/product"}],"about":[{"href":"https:\/\/global-hookah.com\/de\/wp-json\/wp\/v2\/types\/product"}],"replies":[{"embeddable":true,"href":"https:\/\/global-hookah.com\/de\/wp-json\/wp\/v2\/comments?post=22724"}],"version-history":[{"count":0,"href":"https:\/\/global-hookah.com\/de\/wp-json\/wp\/v2\/product\/22724\/revisions"}],"wp:featuredmedia":[{"embeddable":true,"href":"https:\/\/global-hookah.com\/de\/wp-json\/wp\/v2\/media\/22725"}],"wp:attachment":[{"href":"https:\/\/global-hookah.com\/de\/wp-json\/wp\/v2\/media?parent=22724"}],"wp:term":[{"taxonomy":"product_brand","embeddable":true,"href":"https:\/\/global-hookah.com\/de\/wp-json\/wp\/v2\/product_brand?post=22724"},{"taxonomy":"product_cat","embeddable":true,"href":"https:\/\/global-hookah.com\/de\/wp-json\/wp\/v2\/product_cat?post=22724"},{"taxonomy":"product_tag","embeddable":true,"href":"https:\/\/global-hookah.com\/de\/wp-json\/wp\/v2\/product_tag?post=22724"}],"curies":[{"name":"wp","href":"https:\/\/api.w.org\/{rel}","templated":true}]}}