{"id":22769,"date":"2024-05-15T12:00:49","date_gmt":"2024-05-15T12:00:49","guid":{"rendered":"https:\/\/global-hookah.com\/product\/ceramic-cannabis-grinder-wholesale\/"},"modified":"2024-05-17T02:01:34","modified_gmt":"2024-05-17T02:01:34","slug":"ceramic-cannabis-grinder-wholesale","status":"publish","type":"product","link":"https:\/\/global-hookah.com\/de\/produkt\/ceramic-cannabis-grinder-wholesale\/","title":{"rendered":"Keramische Cannabis-M\u00fchle Gro\u00dfhandel"},"content":{"rendered":"<p>F\u00fcr den Anfang, diese<strong> Keramischer Cannabis Grinder<\/strong> ist komplett aus Premium-Keramik gefertigt, nicht aus diesem billigen Plastikm\u00fcll, der nach ein paar Mal benutzen kaputt geht. Die Keramik ist hart AF und bietet die glattesten mahlen \u00fcberhaupt.<\/p>\n<p>Aber es geht nicht nur um das Aussehen. Das keramische Material erzeugt genau die richtige Menge an Reibung, um Deine Knospen zu einer perfekt fluffigen Textur zu zermahlen. Ich spreche davon, dass sie perfekt zum Drehen, Verpacken von Schalen, Verdampfen und so weiter ist! Es mahlt sanft, ohne das Gras zu sehr zu zerkleinern oder es zu fein zu machen.<\/p>\n<p>Und die Reinigung ist ein Kinderspiel mit dem <strong>Keramischer Cannabis Grinder<\/strong> da es nicht wie ein <a href=\"https:\/\/global-hookah.com\/product-category\/wholesale-grinders\/\">Metallschleifer<\/a> tut. Alle Teile lassen sich leicht auseinandernehmen und schnell mit Iso waschen, damit es wie neu aussieht. Und es f\u00fchlt sich so sch\u00f6n in der Hand mit diesem k\u00fchlen Keramik Gef\u00fchl.<\/p>\n<div class=\"detailmodule_html\">\n<div class=\"detail-desc-decorate-richtext\">\n<div>\n<div>\n<p><img decoding=\"async\" src=\"https:\/\/ae03.alicdn.com\/kf\/S201b27691b5148a3b9f44ba1cedb5bafq.jpg\" \/><\/p>\n<div>\n<div>\n<div>\n<div style=\"text-align: center;\" align=\"center\">\n<p><img decoding=\"async\" src=\"https:\/\/ae01.alicdn.com\/kf\/S84f2c956a4774940bcde71e59316ba935.jpg\" \/><\/div>\n<\/div>\n<div>\n<div style=\"text-align: center;\" align=\"center\">\n<p><img decoding=\"async\" src=\"https:\/\/ae01.alicdn.com\/kf\/S65c6d037ede345bd92e37409914cbf06V.jpg\" \/><\/div>\n<\/div>\n<div>\n<div style=\"text-align: center;\" align=\"center\">\n<p><img decoding=\"async\" src=\"https:\/\/ae01.alicdn.com\/kf\/S37ea3d860f9141b6ac9b84a937172b2cp.jpg\" \/><\/div>\n<\/div>\n<div>\n<div style=\"text-align: center;\" align=\"center\">\n<p><img decoding=\"async\" src=\"https:\/\/ae01.alicdn.com\/kf\/Sc1051df63fcb48b0b2e6c244d9028280l.jpg\" \/> <img decoding=\"async\" src=\"https:\/\/ae01.alicdn.com\/kf\/S8c143434ed2e406596fc2c11a8fbc439n.jpg\" \/><\/div>\n<\/div>\n<\/div>\n<\/div>\n<\/div>\n<\/div>\n<\/div>\n<\/div>\n<p>&nbsp;<\/p>","protected":false},"excerpt":{"rendered":"<p>F\u00fcr den Anfang ist dieser Ceramic Cannabis Grinder komplett aus Premium-Keramik gefertigt, nicht aus billigem Plastikm\u00fcll, der schon nach kurzer Zeit kaputt geht.<\/p>","protected":false},"featured_media":22770,"comment_status":"closed","ping_status":"closed","template":"","meta":{"iawp_total_views":0,"_joinchat":[]},"product_brand":[],"product_cat":[770],"product_tag":[],"class_list":{"0":"post-22769","1":"product","2":"type-product","3":"status-publish","4":"has-post-thumbnail","6":"product_cat-wholesale-grinder","8":"first","9":"instock","10":"shipping-taxable","11":"product-type-external"},"yoast_head":"<!-- This site is optimized with the Yoast SEO Premium plugin v24.7 (Yoast SEO v26.8) - https:\/\/yoast.com\/product\/yoast-seo-premium-wordpress\/ -->\n<title>Ceramic Cannabis Grinder Wholesale - Global Hookah<\/title>\n<meta name=\"robots\" content=\"index, follow, max-snippet:-1, max-image-preview:large, max-video-preview:-1\" \/>\n<link rel=\"canonical\" href=\"https:\/\/global-hookah.com\/de\/it\/prodotto\/macina-cannabis-in-ceramica-allingrosso\/\" \/>\n<meta property=\"og:locale\" content=\"de_DE\" \/>\n<meta property=\"og:type\" content=\"article\" \/>\n<meta property=\"og:title\" content=\"Ceramic Cannabis Grinder Wholesale\" \/>\n<meta property=\"og:description\" content=\"For starters, this Ceramic Cannabis Grinder is made entirely from premium ceramic, not that cheap plastic junk that breaks after\" \/>\n<meta property=\"og:url\" content=\"https:\/\/global-hookah.com\/de\/it\/prodotto\/macina-cannabis-in-ceramica-allingrosso\/\" \/>\n<meta property=\"og:site_name\" content=\"Global Hookah\" \/>\n<meta property=\"article:modified_time\" content=\"2024-05-17T02:01:34+00:00\" \/>\n<meta property=\"og:image\" content=\"https:\/\/global-hookah.com\/wp-content\/uploads\/2024\/05\/kf-S61408722aa3c47f891e7683d2b09205aj-Ceramic-Coating-Spice-Grinder-White-Nonstick-Ceramic-Coating-Metal-Grinder-4-Layers-63mm-2-5.webp\" \/>\n\t<meta property=\"og:image:width\" content=\"1000\" \/>\n\t<meta property=\"og:image:height\" content=\"1000\" \/>\n\t<meta property=\"og:image:type\" content=\"image\/webp\" \/>\n<meta name=\"twitter:card\" content=\"summary_large_image\" \/>\n<meta name=\"twitter:label1\" content=\"Gesch\u00e4tzte Lesezeit\" \/>\n\t<meta name=\"twitter:data1\" content=\"3\u00a0Minuten\" \/>\n<script type=\"application\/ld+json\" class=\"yoast-schema-graph\">{\"@context\":\"https:\/\/schema.org\",\"@graph\":[{\"@type\":\"WebPage\",\"@id\":\"https:\/\/global-hookah.com\/it\/prodotto\/macina-cannabis-in-ceramica-allingrosso\/\",\"url\":\"https:\/\/global-hookah.com\/it\/prodotto\/macina-cannabis-in-ceramica-allingrosso\/\",\"name\":\"Ceramic Cannabis Grinder Wholesale - Global Hookah\",\"isPartOf\":{\"@id\":\"https:\/\/global-hookah.com\/#website\"},\"primaryImageOfPage\":{\"@id\":\"https:\/\/global-hookah.com\/it\/prodotto\/macina-cannabis-in-ceramica-allingrosso\/#primaryimage\"},\"image\":{\"@id\":\"https:\/\/global-hookah.com\/it\/prodotto\/macina-cannabis-in-ceramica-allingrosso\/#primaryimage\"},\"thumbnailUrl\":\"https:\/\/global-hookah.com\/wp-content\/uploads\/2024\/05\/kf-S61408722aa3c47f891e7683d2b09205aj-Ceramic-Coating-Spice-Grinder-White-Nonstick-Ceramic-Coating-Metal-Grinder-4-Layers-63mm-2-5.webp\",\"datePublished\":\"2024-05-15T12:00:49+00:00\",\"dateModified\":\"2024-05-17T02:01:34+00:00\",\"breadcrumb\":{\"@id\":\"https:\/\/global-hookah.com\/it\/prodotto\/macina-cannabis-in-ceramica-allingrosso\/#breadcrumb\"},\"inLanguage\":\"de\",\"potentialAction\":[{\"@type\":\"ReadAction\",\"target\":[\"https:\/\/global-hookah.com\/it\/prodotto\/macina-cannabis-in-ceramica-allingrosso\/\"]}]},{\"@type\":\"ImageObject\",\"inLanguage\":\"de\",\"@id\":\"https:\/\/global-hookah.com\/it\/prodotto\/macina-cannabis-in-ceramica-allingrosso\/#primaryimage\",\"url\":\"https:\/\/global-hookah.com\/wp-content\/uploads\/2024\/05\/kf-S61408722aa3c47f891e7683d2b09205aj-Ceramic-Coating-Spice-Grinder-White-Nonstick-Ceramic-Coating-Metal-Grinder-4-Layers-63mm-2-5.webp\",\"contentUrl\":\"https:\/\/global-hookah.com\/wp-content\/uploads\/2024\/05\/kf-S61408722aa3c47f891e7683d2b09205aj-Ceramic-Coating-Spice-Grinder-White-Nonstick-Ceramic-Coating-Metal-Grinder-4-Layers-63mm-2-5.webp\",\"width\":1000,\"height\":1000,\"caption\":\"Ceramic Cannabis Grinder Wholesale\"},{\"@type\":\"BreadcrumbList\",\"@id\":\"https:\/\/global-hookah.com\/it\/prodotto\/macina-cannabis-in-ceramica-allingrosso\/#breadcrumb\",\"itemListElement\":[{\"@type\":\"ListItem\",\"position\":1,\"name\":\"Home\",\"item\":\"https:\/\/global-hookah.com\/\"},{\"@type\":\"ListItem\",\"position\":2,\"name\":\"Shop\",\"item\":\"https:\/\/global-hookah.com\/shop\/\"},{\"@type\":\"ListItem\",\"position\":3,\"name\":\"Ceramic Cannabis Grinder Wholesale\"}]},{\"@type\":\"WebSite\",\"@id\":\"https:\/\/global-hookah.com\/#website\",\"url\":\"https:\/\/global-hookah.com\/\",\"name\":\"Global Hookah\",\"description\":\"Global Hookah\",\"publisher\":{\"@id\":\"https:\/\/global-hookah.com\/#organization\"},\"potentialAction\":[{\"@type\":\"SearchAction\",\"target\":{\"@type\":\"EntryPoint\",\"urlTemplate\":\"https:\/\/global-hookah.com\/?s={search_term_string}\"},\"query-input\":{\"@type\":\"PropertyValueSpecification\",\"valueRequired\":true,\"valueName\":\"search_term_string\"}}],\"inLanguage\":\"de\"},{\"@type\":\"Organization\",\"@id\":\"https:\/\/global-hookah.com\/#organization\",\"name\":\"Global Hookah\",\"url\":\"https:\/\/global-hookah.com\/\",\"logo\":{\"@type\":\"ImageObject\",\"inLanguage\":\"de\",\"@id\":\"https:\/\/global-hookah.com\/#\/schema\/logo\/image\/\",\"url\":\"https:\/\/global-hookah.com\/wp-content\/uploads\/2021\/10\/cropped-fgg.png\",\"contentUrl\":\"https:\/\/global-hookah.com\/wp-content\/uploads\/2021\/10\/cropped-fgg.png\",\"width\":512,\"height\":512,\"caption\":\"Global Hookah\"},\"image\":{\"@id\":\"https:\/\/global-hookah.com\/#\/schema\/logo\/image\/\"}}]}<\/script>\n<!-- \/ Yoast SEO Premium plugin. -->","yoast_head_json":{"title":"Keramische Cannabis-M\u00fchle Gro\u00dfhandel - Global Hookah","robots":{"index":"index","follow":"follow","max-snippet":"max-snippet:-1","max-image-preview":"max-image-preview:large","max-video-preview":"max-video-preview:-1"},"canonical":"https:\/\/global-hookah.com\/de\/it\/prodotto\/macina-cannabis-in-ceramica-allingrosso\/","og_locale":"de_DE","og_type":"article","og_title":"Ceramic Cannabis Grinder Wholesale","og_description":"For starters, this Ceramic Cannabis Grinder is made entirely from premium ceramic, not that cheap plastic junk that breaks after","og_url":"https:\/\/global-hookah.com\/de\/it\/prodotto\/macina-cannabis-in-ceramica-allingrosso\/","og_site_name":"Global Hookah","article_modified_time":"2024-05-17T02:01:34+00:00","og_image":[{"width":1000,"height":1000,"url":"https:\/\/global-hookah.com\/wp-content\/uploads\/2024\/05\/kf-S61408722aa3c47f891e7683d2b09205aj-Ceramic-Coating-Spice-Grinder-White-Nonstick-Ceramic-Coating-Metal-Grinder-4-Layers-63mm-2-5.webp","type":"image\/webp"}],"twitter_card":"summary_large_image","twitter_misc":{"Gesch\u00e4tzte Lesezeit":"3\u00a0Minuten"},"schema":{"@context":"https:\/\/schema.org","@graph":[{"@type":"WebPage","@id":"https:\/\/global-hookah.com\/it\/prodotto\/macina-cannabis-in-ceramica-allingrosso\/","url":"https:\/\/global-hookah.com\/it\/prodotto\/macina-cannabis-in-ceramica-allingrosso\/","name":"Keramische Cannabis-M\u00fchle Gro\u00dfhandel - Global Hookah","isPartOf":{"@id":"https:\/\/global-hookah.com\/#website"},"primaryImageOfPage":{"@id":"https:\/\/global-hookah.com\/it\/prodotto\/macina-cannabis-in-ceramica-allingrosso\/#primaryimage"},"image":{"@id":"https:\/\/global-hookah.com\/it\/prodotto\/macina-cannabis-in-ceramica-allingrosso\/#primaryimage"},"thumbnailUrl":"https:\/\/global-hookah.com\/wp-content\/uploads\/2024\/05\/kf-S61408722aa3c47f891e7683d2b09205aj-Ceramic-Coating-Spice-Grinder-White-Nonstick-Ceramic-Coating-Metal-Grinder-4-Layers-63mm-2-5.webp","datePublished":"2024-05-15T12:00:49+00:00","dateModified":"2024-05-17T02:01:34+00:00","breadcrumb":{"@id":"https:\/\/global-hookah.com\/it\/prodotto\/macina-cannabis-in-ceramica-allingrosso\/#breadcrumb"},"inLanguage":"de","potentialAction":[{"@type":"ReadAction","target":["https:\/\/global-hookah.com\/it\/prodotto\/macina-cannabis-in-ceramica-allingrosso\/"]}]},{"@type":"ImageObject","inLanguage":"de","@id":"https:\/\/global-hookah.com\/it\/prodotto\/macina-cannabis-in-ceramica-allingrosso\/#primaryimage","url":"https:\/\/global-hookah.com\/wp-content\/uploads\/2024\/05\/kf-S61408722aa3c47f891e7683d2b09205aj-Ceramic-Coating-Spice-Grinder-White-Nonstick-Ceramic-Coating-Metal-Grinder-4-Layers-63mm-2-5.webp","contentUrl":"https:\/\/global-hookah.com\/wp-content\/uploads\/2024\/05\/kf-S61408722aa3c47f891e7683d2b09205aj-Ceramic-Coating-Spice-Grinder-White-Nonstick-Ceramic-Coating-Metal-Grinder-4-Layers-63mm-2-5.webp","width":1000,"height":1000,"caption":"Ceramic Cannabis Grinder Wholesale"},{"@type":"BreadcrumbList","@id":"https:\/\/global-hookah.com\/it\/prodotto\/macina-cannabis-in-ceramica-allingrosso\/#breadcrumb","itemListElement":[{"@type":"ListItem","position":1,"name":"Home","item":"https:\/\/global-hookah.com\/"},{"@type":"ListItem","position":2,"name":"Shop","item":"https:\/\/global-hookah.com\/shop\/"},{"@type":"ListItem","position":3,"name":"Ceramic Cannabis Grinder Wholesale"}]},{"@type":"WebSite","@id":"https:\/\/global-hookah.com\/#website","url":"https:\/\/global-hookah.com\/","name":"Globale Wasserpfeife","description":"Globale Wasserpfeife","publisher":{"@id":"https:\/\/global-hookah.com\/#organization"},"potentialAction":[{"@type":"SearchAction","target":{"@type":"EntryPoint","urlTemplate":"https:\/\/global-hookah.com\/?s={search_term_string}"},"query-input":{"@type":"PropertyValueSpecification","valueRequired":true,"valueName":"search_term_string"}}],"inLanguage":"de"},{"@type":"Organization","@id":"https:\/\/global-hookah.com\/#organization","name":"Globale Wasserpfeife","url":"https:\/\/global-hookah.com\/","logo":{"@type":"ImageObject","inLanguage":"de","@id":"https:\/\/global-hookah.com\/#\/schema\/logo\/image\/","url":"https:\/\/global-hookah.com\/wp-content\/uploads\/2021\/10\/cropped-fgg.png","contentUrl":"https:\/\/global-hookah.com\/wp-content\/uploads\/2021\/10\/cropped-fgg.png","width":512,"height":512,"caption":"Global Hookah"},"image":{"@id":"https:\/\/global-hookah.com\/#\/schema\/logo\/image\/"}}]}},"_links":{"self":[{"href":"https:\/\/global-hookah.com\/de\/wp-json\/wp\/v2\/product\/22769","targetHints":{"allow":["GET"]}}],"collection":[{"href":"https:\/\/global-hookah.com\/de\/wp-json\/wp\/v2\/product"}],"about":[{"href":"https:\/\/global-hookah.com\/de\/wp-json\/wp\/v2\/types\/product"}],"replies":[{"embeddable":true,"href":"https:\/\/global-hookah.com\/de\/wp-json\/wp\/v2\/comments?post=22769"}],"version-history":[{"count":0,"href":"https:\/\/global-hookah.com\/de\/wp-json\/wp\/v2\/product\/22769\/revisions"}],"wp:featuredmedia":[{"embeddable":true,"href":"https:\/\/global-hookah.com\/de\/wp-json\/wp\/v2\/media\/22770"}],"wp:attachment":[{"href":"https:\/\/global-hookah.com\/de\/wp-json\/wp\/v2\/media?parent=22769"}],"wp:term":[{"taxonomy":"product_brand","embeddable":true,"href":"https:\/\/global-hookah.com\/de\/wp-json\/wp\/v2\/product_brand?post=22769"},{"taxonomy":"product_cat","embeddable":true,"href":"https:\/\/global-hookah.com\/de\/wp-json\/wp\/v2\/product_cat?post=22769"},{"taxonomy":"product_tag","embeddable":true,"href":"https:\/\/global-hookah.com\/de\/wp-json\/wp\/v2\/product_tag?post=22769"}],"curies":[{"name":"wp","href":"https:\/\/api.w.org\/{rel}","templated":true}]}}