{"id":22783,"date":"2024-05-15T12:12:14","date_gmt":"2024-05-15T12:12:14","guid":{"rendered":"https:\/\/global-hookah.com\/product\/custom-zinc-alloy-weed-crusher-wholesale\/"},"modified":"2024-05-15T13:40:35","modified_gmt":"2024-05-15T13:40:35","slug":"custom-zinc-alloy-weed-crusher-wholesale","status":"publish","type":"product","link":"https:\/\/global-hookah.com\/de\/produkt\/custom-zinc-alloy-weed-crusher-wholesale\/","title":{"rendered":"Benutzerdefinierte Zink-Legierung Unkraut Brecher Gro\u00dfhandel"},"content":{"rendered":"<div class=\"product-specs-list-container\">\n<ul class=\"product-specs-list util-clearfix\">\n<li class=\"product-prop line-limit-length\">Die Z\u00e4hne unserer <strong>Zinklegierung Unkrautzerkleinerer<\/strong> sind aus hochwertigem Metall gefertigt - bis zu 80% schneller als herk\u00f6mmliche Modelle. In nur wenigen Sekunden wird Ihr Tabak zu einer idealen, feinen Textur gemahlen, die diese reichen, aromatischen Aromen freisetzt, nach denen Sie sich sehnen. Ich wei\u00df nicht, wie es Ihnen geht, aber ich kann es nicht ertragen, wenn mein Tabak austrocknet und seinen kr\u00e4ftigen, aromatischen Geruch verliert. Mit dieser <strong>Zinklegierung Unkrautzerkleinerer<\/strong>Der Tabak kommt so duftend und frisch heraus, dass er das Raucherlebnis wirklich bereichert.\n<p>Und die Oberfl\u00e4che ist poliert, so dass sie sich angenehm anf\u00fchlt und nicht so leicht abrutscht. Die gro\u00dfvolumige Mahlkammer kann eine gro\u00dfe Menge Tabak zur Verarbeitung auf einmal einf\u00fcllen. Der Boden ist mit einem Edelstahlfilter ausgestattet, der feines Pulver in die Sammelkammer filtern kann, um Abfall zu vermeiden.<\/p>\n<p><strong>Unkrautbrecher aus Zinklegierung<\/strong> Das ringf\u00f6rmige Dichtungsdesign verbessert die Dichtheit und verhindert Fehlbedienungen w\u00e4hrend des Gebrauchs.<\/li>\n<\/ul>\n<\/div>\n<div class=\"detailmodule_html\">\n<div class=\"detail-desc-decorate-richtext\">\n<p><img decoding=\"async\" title=\"\" src=\"https:\/\/ae01.alicdn.com\/kf\/S3d7f3feabbd84601bd08f6509e14b6bes.jpg\" alt=\"null\" data-spm-anchor-id=\"a2g0o.detail.1000023.i5.35094eb6x4hNGb\" \/><\/p>\n<p><img decoding=\"async\" style=\"max-width: 100%;\" src=\"https:\/\/ae01.alicdn.com\/kf\/S5cd77b2d4e1444abb9c1ca23f869c5fbB.jpg\" \/><br \/>\n<img decoding=\"async\" style=\"max-width: 100%;\" src=\"https:\/\/ae01.alicdn.com\/kf\/Sf2a92b60510a4c61bd5d13640dd4ec2cW.jpg\" \/><br \/>\n<img decoding=\"async\" style=\"max-width: 100%;\" src=\"https:\/\/ae01.alicdn.com\/kf\/Sc4ae8b4f3dfb487ab1814aaa0b0063d99.jpg\" \/><br \/>\n<img decoding=\"async\" style=\"max-width: 100%;\" src=\"https:\/\/ae01.alicdn.com\/kf\/Sa12cee3a68924ec2ba848d69b2c293359.jpg\" \/><br \/>\n<img decoding=\"async\" style=\"max-width: 100%;\" src=\"https:\/\/ae01.alicdn.com\/kf\/S9c45dfde48d940f4a54055111d79cb0ad.jpg\" \/><br \/>\n<img decoding=\"async\" style=\"max-width: 100%;\" src=\"https:\/\/ae01.alicdn.com\/kf\/Sf263b3d189a24462937255c8de28c795n.jpg\" \/><br \/>\n<img decoding=\"async\" style=\"max-width: 100%;\" src=\"https:\/\/ae01.alicdn.com\/kf\/Sa60c54a61a7742a3a00e2edba0953484h.jpg\" \/><br \/>\n<img decoding=\"async\" style=\"max-width: 100%;\" src=\"https:\/\/ae01.alicdn.com\/kf\/S596c3c31eed545b1ae3b95347b82d8f5z.jpg\" \/><br \/>\n<img decoding=\"async\" style=\"max-width: 100%;\" src=\"https:\/\/ae01.alicdn.com\/kf\/S2ba9eef7f02f4e848b3932cbe2072681w.jpg\" \/><br \/>\n<img decoding=\"async\" style=\"max-width: 100%;\" src=\"https:\/\/ae01.alicdn.com\/kf\/Sdbd749b5d3504447a33592af9b02cc62A.jpg\" \/><\/p>\n<p><img decoding=\"async\" title=\"\" src=\"https:\/\/ae01.alicdn.com\/kf\/S4307e3fb67c74381879679f22f00d2790.jpg\" alt=\"null\" data-spm-anchor-id=\"a2g0o.detail.1000023.i3.35094eb6x4hNGb\" \/><\/p>\n<p><span style=\"font-weight: bold; font-size: 14px;\">1. WELTWEITER VERSAND.<\/span>\u00a0(Au\u00dfer einige L\u00e4nder und APO\/FPO)<br \/>\n2. Die Bestellungen werden rechtzeitig nach der Zahlungs\u00fcberpr\u00fcfung bearbeitet.<br \/>\n3. Wir versenden nur an best\u00e4tigte Bestelladressen. Ihre Bestelladresse MUSS mit Ihrer Lieferadresse \u00fcbereinstimmen.<br \/>\n4. Die gezeigten Bilder sind nicht das tats\u00e4chliche Element und sind nur als Referenz.<br \/>\n5.<br \/>\nDie SERVICE-TRANSITZEIT wird vom Bef\u00f6rderer angegeben und gilt nicht f\u00fcr Wochenenden.<br \/>\nund Feiertage. Die Transitzeiten k\u00f6nnen variieren, insbesondere w\u00e4hrend der Ferienzeiten<br \/>\nSaison.<br \/>\n6. Wenn Sie Ihre Sendung nicht innerhalb von 30 Tagen nach Erhalt erhalten haben<br \/>\nZahlung, kontaktieren Sie uns bitte. Wir werden die Sendung verfolgen und uns bei Ihnen melden<br \/>\nIhnen so schnell wie m\u00f6glich eine Antwort zukommen lassen. Unser Ziel ist die Kundenzufriedenheit!<br \/>\n7.<br \/>\nAufgrund des Lagerbestands und der Zeitverschiebung werden wir den Versand Ihrer<br \/>\nArtikel aus unserem ersten verf\u00fcgbaren Lager f\u00fcr eine schnelle Lieferung.<\/p>\n<p><img fetchpriority=\"high\" decoding=\"async\" style=\"color: #333333; font-family: arial, verdana, sans-serif; font-size: 12px; white-space: normal;\" src=\"https:\/\/ae01.alicdn.com\/kf\/S14c6cb93050645fba036c342cae6ea7d0.jpg\" alt=\"\" width=\"615\" height=\"332\" data-kse-saved-src=\"https:\/\/ae01.alicdn.com\/kf\/S14c6cb93050645fba036c342cae6ea7d0.jpg\" \/><\/p>\n<p><img decoding=\"async\" title=\"\" src=\"https:\/\/ae01.alicdn.com\/kf\/S8c912ce060984d2aa0c295791498aa2aN.jpg\" alt=\"null\" data-spm-anchor-id=\"a2g0o.detail.1000023.i2.35094eb6x4hNGb\" \/><\/p>\n<p>1. Sie haben 7 Tage, um uns zu kontaktieren und 30 Tage, um es ab dem Datum zur\u00fcckzugeben<br \/>\ner erhalten wurde. Wenn dieser Artikel l\u00e4nger als 7 Tage in Ihrem Besitz ist, wird er<br \/>\ngilt als gebraucht und wir werden Ihnen weder eine R\u00fcckerstattung noch einen Ersatz ausstellen.<br \/>\nEs gibt KEINE AUSNAHMEN! Die Versandkosten werden sowohl vom Verk\u00e4ufer als auch vom K\u00e4ufer getragen<br \/>\nhalbiert.<br \/>\n2. Alle zur\u00fcckgesandten Artikel M\u00dcSSEN in der Originalverpackung sein und<br \/>\nSie M\u00dcSSEN uns die Nummer der Sendungsverfolgung und den Grund daf\u00fcr mitteilen.<br \/>\nf\u00fcr die R\u00fccksendung und Ihre po#.<br \/>\n3. Wir erstatten IHR GESAMTES GEWINNGEBOT<br \/>\nAMOUNT, nach Erhalt des Artikels in seinem Originalzustand und<br \/>\nVerpackung mit allen Komponenten und Zubeh\u00f6rteilen, NACHDEM BEIDE K\u00e4ufer<br \/>\nund Verk\u00e4ufer stornieren die Transaktion von aliexpress. ODER, Sie k\u00f6nnen w\u00e4hlen<br \/>\num einen Ersatz zu haben.<br \/>\n4.  Wir werden alle Versandkosten tragen, wenn das Produkt (e) ist (sind) nicht wie beworben.<\/p>\n<p><img decoding=\"async\" title=\"\" src=\"https:\/\/ae01.alicdn.com\/kf\/S7c6c22efc637485fb95d3a331e85c895O.jpg\" alt=\"null\" data-spm-anchor-id=\"a2g0o.detail.1000023.i1.35094eb6x4hNGb\" \/><\/p>\n<p>1. 12 Monate eingeschr\u00e4nkte Herstellergarantie f\u00fcr defekte Artikel<br \/>\n(ausgenommen sind Artikel, die nach Erhalt besch\u00e4digt und\/oder missbraucht wurden). Zubeh\u00f6r kommt<br \/>\nmit einer 3-monatigen Garantie.<br \/>\n2. Defekte Artikel M\u00dcSSEN gemeldet werden und<br \/>\ninnerhalb der Garantiezeit zur\u00fcckgeschickt werden (und in der Originalverpackung, falls<br \/>\nm\u00f6glich). Sie m\u00fcssen uns den Mangel mitteilen und uns Ihre Bestellung geben<br \/>\nNummer. WIR REPARIEREN ODER ERSETZEN KEINE ARTIKEL, DEREN GARANTIE ABGELAUFEN IST.<br \/>\nSie stimmen allen oben genannten Richtlinien zu, wenn Sie bei aliexpress bestellen!<\/p>\n<p><img decoding=\"async\" title=\"\" src=\"https:\/\/ae01.alicdn.com\/kf\/Sfc486530f46a43de8106f5de16a0ce95u.jpg\" alt=\"null\" data-spm-anchor-id=\"a2g0o.detail.1000023.i6.35094eb6x4hNGb\" \/><\/p>\n<p>Wir halten hohe Qualit\u00e4tsstandards aufrecht und streben nach 100% Kunden<br \/>\nZufriedenheit! Feedback ist sehr wichtig Wir bitten Sie, uns zu kontaktieren<br \/>\nsofort, BEVOR Sie uns ein neutrales oder negatives Feedback geben, damit wir<br \/>\nIhre Anliegen zufriedenstellend l\u00f6sen k\u00f6nnen.<br \/>\nEs ist unm\u00f6glich, Probleme anzugehen, wenn wir nicht \u00fcber sie Bescheid wissen!<\/p>\n<\/div>\n<\/div>","protected":false},"excerpt":{"rendered":"<p>Die Z\u00e4hne unseres Unkrautbrechers aus Zinklegierung sind aus hochwertigem Metall gefertigt - bis zu 80% schneller als herk\u00f6mmliche<\/p>","protected":false},"featured_media":22784,"comment_status":"closed","ping_status":"closed","template":"","meta":{"iawp_total_views":0,"_joinchat":[]},"product_brand":[],"product_cat":[770],"product_tag":[],"class_list":{"0":"post-22783","1":"product","2":"type-product","3":"status-publish","4":"has-post-thumbnail","6":"product_cat-wholesale-grinder","8":"first","9":"instock","10":"shipping-taxable","11":"purchasable","12":"product-type-simple"},"yoast_head":"<!-- This site is optimized with the Yoast SEO Premium plugin v24.7 (Yoast SEO v26.8) - https:\/\/yoast.com\/product\/yoast-seo-premium-wordpress\/ -->\n<title>Custom Zinc Alloy Weed Crusher Wholesale - Global Hookah<\/title>\n<meta name=\"robots\" content=\"index, follow, max-snippet:-1, max-image-preview:large, max-video-preview:-1\" \/>\n<link rel=\"canonical\" href=\"https:\/\/global-hookah.com\/de\/ru\/\u043f\u0440\u043e\u0434\u0443\u043a\u0442\/custom-zinc-alloy-weed-crusher-wholesale\/\" \/>\n<meta property=\"og:locale\" content=\"de_DE\" \/>\n<meta property=\"og:type\" content=\"article\" \/>\n<meta property=\"og:title\" content=\"Custom Zinc Alloy Weed Crusher Wholesale\" \/>\n<meta property=\"og:description\" content=\"The teeth of our Zinc Alloy Weed Crusher are made from high-quality metal &#8211; up to 80% faster than traditional\" \/>\n<meta property=\"og:url\" content=\"https:\/\/global-hookah.com\/de\/ru\/\u043f\u0440\u043e\u0434\u0443\u043a\u0442\/custom-zinc-alloy-weed-crusher-wholesale\/\" \/>\n<meta property=\"og:site_name\" content=\"Global Hookah\" \/>\n<meta property=\"article:modified_time\" content=\"2024-05-15T13:40:35+00:00\" \/>\n<meta property=\"og:image\" content=\"https:\/\/global-hookah.com\/wp-content\/uploads\/2024\/05\/kf-S3ce8d8daede343b4bcf3e740fb9369651-Manual-Hand-4-layer-63mm-Herb-Tobacco-Grinder-Cigarette-Accessories-Transparent-Smoking-Herb-Cutter-Zinc-Alloy.webp\" \/>\n\t<meta property=\"og:image:width\" content=\"1000\" \/>\n\t<meta property=\"og:image:height\" content=\"1000\" \/>\n\t<meta property=\"og:image:type\" content=\"image\/webp\" \/>\n<meta name=\"twitter:card\" content=\"summary_large_image\" \/>\n<meta name=\"twitter:label1\" content=\"Gesch\u00e4tzte Lesezeit\" \/>\n\t<meta name=\"twitter:data1\" content=\"7\u00a0Minuten\" \/>\n<script type=\"application\/ld+json\" class=\"yoast-schema-graph\">{\"@context\":\"https:\/\/schema.org\",\"@graph\":[{\"@type\":\"WebPage\",\"@id\":\"https:\/\/global-hookah.com\/ru\/\u043f\u0440\u043e\u0434\u0443\u043a\u0442\/custom-zinc-alloy-weed-crusher-wholesale\/\",\"url\":\"https:\/\/global-hookah.com\/ru\/\u043f\u0440\u043e\u0434\u0443\u043a\u0442\/custom-zinc-alloy-weed-crusher-wholesale\/\",\"name\":\"Custom Zinc Alloy Weed Crusher Wholesale - Global Hookah\",\"isPartOf\":{\"@id\":\"https:\/\/global-hookah.com\/#website\"},\"primaryImageOfPage\":{\"@id\":\"https:\/\/global-hookah.com\/ru\/\u043f\u0440\u043e\u0434\u0443\u043a\u0442\/custom-zinc-alloy-weed-crusher-wholesale\/#primaryimage\"},\"image\":{\"@id\":\"https:\/\/global-hookah.com\/ru\/\u043f\u0440\u043e\u0434\u0443\u043a\u0442\/custom-zinc-alloy-weed-crusher-wholesale\/#primaryimage\"},\"thumbnailUrl\":\"https:\/\/global-hookah.com\/wp-content\/uploads\/2024\/05\/kf-S3ce8d8daede343b4bcf3e740fb9369651-Manual-Hand-4-layer-63mm-Herb-Tobacco-Grinder-Cigarette-Accessories-Transparent-Smoking-Herb-Cutter-Zinc-Alloy.webp\",\"datePublished\":\"2024-05-15T12:12:14+00:00\",\"dateModified\":\"2024-05-15T13:40:35+00:00\",\"breadcrumb\":{\"@id\":\"https:\/\/global-hookah.com\/ru\/\u043f\u0440\u043e\u0434\u0443\u043a\u0442\/custom-zinc-alloy-weed-crusher-wholesale\/#breadcrumb\"},\"inLanguage\":\"de\",\"potentialAction\":[{\"@type\":\"ReadAction\",\"target\":[\"https:\/\/global-hookah.com\/ru\/\u043f\u0440\u043e\u0434\u0443\u043a\u0442\/custom-zinc-alloy-weed-crusher-wholesale\/\"]}]},{\"@type\":\"ImageObject\",\"inLanguage\":\"de\",\"@id\":\"https:\/\/global-hookah.com\/ru\/\u043f\u0440\u043e\u0434\u0443\u043a\u0442\/custom-zinc-alloy-weed-crusher-wholesale\/#primaryimage\",\"url\":\"https:\/\/global-hookah.com\/wp-content\/uploads\/2024\/05\/kf-S3ce8d8daede343b4bcf3e740fb9369651-Manual-Hand-4-layer-63mm-Herb-Tobacco-Grinder-Cigarette-Accessories-Transparent-Smoking-Herb-Cutter-Zinc-Alloy.webp\",\"contentUrl\":\"https:\/\/global-hookah.com\/wp-content\/uploads\/2024\/05\/kf-S3ce8d8daede343b4bcf3e740fb9369651-Manual-Hand-4-layer-63mm-Herb-Tobacco-Grinder-Cigarette-Accessories-Transparent-Smoking-Herb-Cutter-Zinc-Alloy.webp\",\"width\":1000,\"height\":1000,\"caption\":\"Custom Zinc Alloy Weed Crusher Wholesale\"},{\"@type\":\"BreadcrumbList\",\"@id\":\"https:\/\/global-hookah.com\/ru\/\u043f\u0440\u043e\u0434\u0443\u043a\u0442\/custom-zinc-alloy-weed-crusher-wholesale\/#breadcrumb\",\"itemListElement\":[{\"@type\":\"ListItem\",\"position\":1,\"name\":\"Home\",\"item\":\"https:\/\/global-hookah.com\/\"},{\"@type\":\"ListItem\",\"position\":2,\"name\":\"Shop\",\"item\":\"https:\/\/global-hookah.com\/shop\/\"},{\"@type\":\"ListItem\",\"position\":3,\"name\":\"Custom Zinc Alloy Weed Crusher Wholesale\"}]},{\"@type\":\"WebSite\",\"@id\":\"https:\/\/global-hookah.com\/#website\",\"url\":\"https:\/\/global-hookah.com\/\",\"name\":\"Global Hookah\",\"description\":\"Global Hookah\",\"publisher\":{\"@id\":\"https:\/\/global-hookah.com\/#organization\"},\"potentialAction\":[{\"@type\":\"SearchAction\",\"target\":{\"@type\":\"EntryPoint\",\"urlTemplate\":\"https:\/\/global-hookah.com\/?s={search_term_string}\"},\"query-input\":{\"@type\":\"PropertyValueSpecification\",\"valueRequired\":true,\"valueName\":\"search_term_string\"}}],\"inLanguage\":\"de\"},{\"@type\":\"Organization\",\"@id\":\"https:\/\/global-hookah.com\/#organization\",\"name\":\"Global Hookah\",\"url\":\"https:\/\/global-hookah.com\/\",\"logo\":{\"@type\":\"ImageObject\",\"inLanguage\":\"de\",\"@id\":\"https:\/\/global-hookah.com\/#\/schema\/logo\/image\/\",\"url\":\"https:\/\/global-hookah.com\/wp-content\/uploads\/2021\/10\/cropped-fgg.png\",\"contentUrl\":\"https:\/\/global-hookah.com\/wp-content\/uploads\/2021\/10\/cropped-fgg.png\",\"width\":512,\"height\":512,\"caption\":\"Global Hookah\"},\"image\":{\"@id\":\"https:\/\/global-hookah.com\/#\/schema\/logo\/image\/\"}}]}<\/script>\n<!-- \/ Yoast SEO Premium plugin. -->","yoast_head_json":{"title":"Benutzerdefinierte Zink-Legierung Unkraut Brecher Gro\u00dfhandel - Global Hookah","robots":{"index":"index","follow":"follow","max-snippet":"max-snippet:-1","max-image-preview":"max-image-preview:large","max-video-preview":"max-video-preview:-1"},"canonical":"https:\/\/global-hookah.com\/de\/ru\/\u043f\u0440\u043e\u0434\u0443\u043a\u0442\/custom-zinc-alloy-weed-crusher-wholesale\/","og_locale":"de_DE","og_type":"article","og_title":"Custom Zinc Alloy Weed Crusher Wholesale","og_description":"The teeth of our Zinc Alloy Weed Crusher are made from high-quality metal &#8211; up to 80% faster than traditional","og_url":"https:\/\/global-hookah.com\/de\/ru\/\u043f\u0440\u043e\u0434\u0443\u043a\u0442\/custom-zinc-alloy-weed-crusher-wholesale\/","og_site_name":"Global Hookah","article_modified_time":"2024-05-15T13:40:35+00:00","og_image":[{"width":1000,"height":1000,"url":"https:\/\/global-hookah.com\/wp-content\/uploads\/2024\/05\/kf-S3ce8d8daede343b4bcf3e740fb9369651-Manual-Hand-4-layer-63mm-Herb-Tobacco-Grinder-Cigarette-Accessories-Transparent-Smoking-Herb-Cutter-Zinc-Alloy.webp","type":"image\/webp"}],"twitter_card":"summary_large_image","twitter_misc":{"Gesch\u00e4tzte Lesezeit":"7\u00a0Minuten"},"schema":{"@context":"https:\/\/schema.org","@graph":[{"@type":"WebPage","@id":"https:\/\/global-hookah.com\/ru\/\u043f\u0440\u043e\u0434\u0443\u043a\u0442\/custom-zinc-alloy-weed-crusher-wholesale\/","url":"https:\/\/global-hookah.com\/ru\/\u043f\u0440\u043e\u0434\u0443\u043a\u0442\/custom-zinc-alloy-weed-crusher-wholesale\/","name":"Benutzerdefinierte Zink-Legierung Unkraut Brecher Gro\u00dfhandel - Global Hookah","isPartOf":{"@id":"https:\/\/global-hookah.com\/#website"},"primaryImageOfPage":{"@id":"https:\/\/global-hookah.com\/ru\/\u043f\u0440\u043e\u0434\u0443\u043a\u0442\/custom-zinc-alloy-weed-crusher-wholesale\/#primaryimage"},"image":{"@id":"https:\/\/global-hookah.com\/ru\/\u043f\u0440\u043e\u0434\u0443\u043a\u0442\/custom-zinc-alloy-weed-crusher-wholesale\/#primaryimage"},"thumbnailUrl":"https:\/\/global-hookah.com\/wp-content\/uploads\/2024\/05\/kf-S3ce8d8daede343b4bcf3e740fb9369651-Manual-Hand-4-layer-63mm-Herb-Tobacco-Grinder-Cigarette-Accessories-Transparent-Smoking-Herb-Cutter-Zinc-Alloy.webp","datePublished":"2024-05-15T12:12:14+00:00","dateModified":"2024-05-15T13:40:35+00:00","breadcrumb":{"@id":"https:\/\/global-hookah.com\/ru\/\u043f\u0440\u043e\u0434\u0443\u043a\u0442\/custom-zinc-alloy-weed-crusher-wholesale\/#breadcrumb"},"inLanguage":"de","potentialAction":[{"@type":"ReadAction","target":["https:\/\/global-hookah.com\/ru\/\u043f\u0440\u043e\u0434\u0443\u043a\u0442\/custom-zinc-alloy-weed-crusher-wholesale\/"]}]},{"@type":"ImageObject","inLanguage":"de","@id":"https:\/\/global-hookah.com\/ru\/\u043f\u0440\u043e\u0434\u0443\u043a\u0442\/custom-zinc-alloy-weed-crusher-wholesale\/#primaryimage","url":"https:\/\/global-hookah.com\/wp-content\/uploads\/2024\/05\/kf-S3ce8d8daede343b4bcf3e740fb9369651-Manual-Hand-4-layer-63mm-Herb-Tobacco-Grinder-Cigarette-Accessories-Transparent-Smoking-Herb-Cutter-Zinc-Alloy.webp","contentUrl":"https:\/\/global-hookah.com\/wp-content\/uploads\/2024\/05\/kf-S3ce8d8daede343b4bcf3e740fb9369651-Manual-Hand-4-layer-63mm-Herb-Tobacco-Grinder-Cigarette-Accessories-Transparent-Smoking-Herb-Cutter-Zinc-Alloy.webp","width":1000,"height":1000,"caption":"Custom Zinc Alloy Weed Crusher Wholesale"},{"@type":"BreadcrumbList","@id":"https:\/\/global-hookah.com\/ru\/\u043f\u0440\u043e\u0434\u0443\u043a\u0442\/custom-zinc-alloy-weed-crusher-wholesale\/#breadcrumb","itemListElement":[{"@type":"ListItem","position":1,"name":"Home","item":"https:\/\/global-hookah.com\/"},{"@type":"ListItem","position":2,"name":"Shop","item":"https:\/\/global-hookah.com\/shop\/"},{"@type":"ListItem","position":3,"name":"Custom Zinc Alloy Weed Crusher Wholesale"}]},{"@type":"WebSite","@id":"https:\/\/global-hookah.com\/#website","url":"https:\/\/global-hookah.com\/","name":"Globale Wasserpfeife","description":"Globale Wasserpfeife","publisher":{"@id":"https:\/\/global-hookah.com\/#organization"},"potentialAction":[{"@type":"SearchAction","target":{"@type":"EntryPoint","urlTemplate":"https:\/\/global-hookah.com\/?s={search_term_string}"},"query-input":{"@type":"PropertyValueSpecification","valueRequired":true,"valueName":"search_term_string"}}],"inLanguage":"de"},{"@type":"Organization","@id":"https:\/\/global-hookah.com\/#organization","name":"Globale Wasserpfeife","url":"https:\/\/global-hookah.com\/","logo":{"@type":"ImageObject","inLanguage":"de","@id":"https:\/\/global-hookah.com\/#\/schema\/logo\/image\/","url":"https:\/\/global-hookah.com\/wp-content\/uploads\/2021\/10\/cropped-fgg.png","contentUrl":"https:\/\/global-hookah.com\/wp-content\/uploads\/2021\/10\/cropped-fgg.png","width":512,"height":512,"caption":"Global Hookah"},"image":{"@id":"https:\/\/global-hookah.com\/#\/schema\/logo\/image\/"}}]}},"_links":{"self":[{"href":"https:\/\/global-hookah.com\/de\/wp-json\/wp\/v2\/product\/22783","targetHints":{"allow":["GET"]}}],"collection":[{"href":"https:\/\/global-hookah.com\/de\/wp-json\/wp\/v2\/product"}],"about":[{"href":"https:\/\/global-hookah.com\/de\/wp-json\/wp\/v2\/types\/product"}],"replies":[{"embeddable":true,"href":"https:\/\/global-hookah.com\/de\/wp-json\/wp\/v2\/comments?post=22783"}],"version-history":[{"count":0,"href":"https:\/\/global-hookah.com\/de\/wp-json\/wp\/v2\/product\/22783\/revisions"}],"wp:featuredmedia":[{"embeddable":true,"href":"https:\/\/global-hookah.com\/de\/wp-json\/wp\/v2\/media\/22784"}],"wp:attachment":[{"href":"https:\/\/global-hookah.com\/de\/wp-json\/wp\/v2\/media?parent=22783"}],"wp:term":[{"taxonomy":"product_brand","embeddable":true,"href":"https:\/\/global-hookah.com\/de\/wp-json\/wp\/v2\/product_brand?post=22783"},{"taxonomy":"product_cat","embeddable":true,"href":"https:\/\/global-hookah.com\/de\/wp-json\/wp\/v2\/product_cat?post=22783"},{"taxonomy":"product_tag","embeddable":true,"href":"https:\/\/global-hookah.com\/de\/wp-json\/wp\/v2\/product_tag?post=22783"}],"curies":[{"name":"wp","href":"https:\/\/api.w.org\/{rel}","templated":true}]}}