{"id":24220,"date":"2024-05-21T03:31:56","date_gmt":"2024-05-21T03:31:56","guid":{"rendered":"https:\/\/global-hookah.com\/product\/40pcs-colorful-pre-rolled-cone-roll-paper-with-stainless-steel-box-packaging-translucent-pre-rolled-cone-rolling-paper-108cmu002f4-2in-slow-burning-household-gadget-valentines-day-gift-new-y\/"},"modified":"2024-05-21T09:01:15","modified_gmt":"2024-05-21T09:01:15","slug":"colorful-blunt-pre-rolled-cones-wholesale","status":"publish","type":"product","link":"https:\/\/global-hookah.com\/de\/produkt\/colorful-blunt-pre-rolled-cones-wholesale\/","title":{"rendered":"Bunte stumpfe vorgerollte Kegel Gro\u00dfhandel"},"content":{"rendered":"<div>\n<p>Diese <strong>Bunte stumpfe vorgerollte Kegel<\/strong> machen das Drehen der eigenen Kegel \u00fcberfl\u00fcssig - einfach stopfen, packen, drehen und schon kann es losgehen. Jeder Kegel ist makellos gewellt und brennt jedes Mal gleichm\u00e4\u00dfig. Und es gibt sie in einem Kaleidoskop von Farben, von klassischem Gr\u00fcn bis zu psychedelischen Batikfarben.<\/p>\n<p>Hergestellt aus glatt gepresster Zellulose f\u00fcr <a href=\"https:\/\/global-hookah.com\/product\/50u002f100pcs-mini-pre-rolled-cones-with-tips-3-inch-u002f-78mm-brown-rolling-papers-cigarette-paper-cigarette-rolling-paper-cones-ultra-thin-natural-rolling-papers-slow-burning-smoking-acces\/\">langsame Verbrennung<\/a>Auch diese T\u00fcten sind v\u00f6llig chlorfrei. Du wirst in jedem Zug reine, ungebleichte Papierg\u00fcte schmecken. Keine ekligen Chemikalien hier!<\/p>\n<p>Das abwechslungsreiche 12er-Pack bietet etwas f\u00fcr jede Stimmung und Laune. Und <a href=\"https:\/\/global-hookah.com\/product\/17-glass-hookah-bulk-buy\/\">Kauf in gro\u00dfen Mengen<\/a> Gro\u00dfhandel bedeutet mehr Zapfen f\u00fcr Ihr Geld.<\/p>\n<\/div>\n<div><img decoding=\"async\" src=\"https:\/\/global-hookah.com\/wp-content\/uploads\/2024\/05\/8e8bd73c-9bfb-4d12-a95c-dc601d752456-1.jpg\" \/><\/div>\n<div><img decoding=\"async\" src=\"https:\/\/global-hookah.com\/wp-content\/uploads\/2024\/05\/88b2a312-4e6a-4445-a844-8ef25abd91d0-1.jpg\" \/><\/div>\n<div><img decoding=\"async\" src=\"https:\/\/global-hookah.com\/wp-content\/uploads\/2024\/05\/4062b9f0-3771-4b18-b5c6-780270cfad51-1.jpg\" \/><\/div>\n<div><img decoding=\"async\" src=\"https:\/\/global-hookah.com\/wp-content\/uploads\/2024\/05\/ad14a3ee-5478-40fb-be90-10f7e6546780-1.jpg\" \/><\/div>\n<div><img decoding=\"async\" src=\"https:\/\/global-hookah.com\/wp-content\/uploads\/2024\/05\/d56db699-6699-431e-a2c8-2365c1874c75-1.jpg\" \/><\/div>\n<div><img decoding=\"async\" src=\"https:\/\/global-hookah.com\/wp-content\/uploads\/2024\/05\/cf518f3f-f0a8-48a6-84ed-13bed67bff7b-1.jpg\" \/><\/div>","protected":false},"excerpt":{"rendered":"<p>Mit diesen farbenfrohen, stumpfen, vorgerollten T\u00fcten ist es nicht mehr n\u00f6tig, eigene T\u00fcten zu rollen - einfach f\u00fcllen, verpacken, drehen,<\/p>","protected":false},"featured_media":24003,"comment_status":"closed","ping_status":"closed","template":"","meta":{"iawp_total_views":2,"_joinchat":[]},"product_brand":[],"product_cat":[415,769],"product_tag":[],"class_list":{"0":"post-24220","1":"product","2":"type-product","3":"status-publish","4":"has-post-thumbnail","6":"product_cat-accessories","7":"product_cat-wholesale-pre-rolls","9":"first","10":"instock","11":"shipping-taxable","12":"product-type-external"},"yoast_head":"<!-- This site is optimized with the Yoast SEO Premium plugin v24.7 (Yoast SEO v26.8) - https:\/\/yoast.com\/product\/yoast-seo-premium-wordpress\/ -->\n<title>Colorful Blunt Pre Rolled Cones Wholesale - Global Hookah<\/title>\n<meta name=\"robots\" content=\"index, follow, max-snippet:-1, max-image-preview:large, max-video-preview:-1\" \/>\n<link rel=\"canonical\" href=\"https:\/\/global-hookah.com\/de\/it\/prodotto\/colorful-blunt-pre-rolled-cones-wholesale\/\" \/>\n<meta property=\"og:locale\" content=\"de_DE\" \/>\n<meta property=\"og:type\" content=\"article\" \/>\n<meta property=\"og:title\" content=\"Colorful Blunt Pre Rolled Cones Wholesale\" \/>\n<meta property=\"og:description\" content=\"These Colorful Blunt Pre Rolled Cones take all the hassle out of rolling your own &#8211; just stuff, pack, twist,\" \/>\n<meta property=\"og:url\" content=\"https:\/\/global-hookah.com\/de\/it\/prodotto\/colorful-blunt-pre-rolled-cones-wholesale\/\" \/>\n<meta property=\"og:site_name\" content=\"Global Hookah\" \/>\n<meta property=\"article:modified_time\" content=\"2024-05-21T09:01:15+00:00\" \/>\n<meta property=\"og:image\" content=\"https:\/\/global-hookah.com\/wp-content\/uploads\/2024\/05\/8e8bd73c-9bfb-4d12-a95c-dc601d752456-1.jpg\" \/>\n\t<meta property=\"og:image:width\" content=\"800\" \/>\n\t<meta property=\"og:image:height\" content=\"800\" \/>\n\t<meta property=\"og:image:type\" content=\"image\/jpeg\" \/>\n<meta name=\"twitter:card\" content=\"summary_large_image\" \/>\n<script type=\"application\/ld+json\" class=\"yoast-schema-graph\">{\"@context\":\"https:\/\/schema.org\",\"@graph\":[{\"@type\":\"WebPage\",\"@id\":\"https:\/\/global-hookah.com\/it\/prodotto\/colorful-blunt-pre-rolled-cones-wholesale\/\",\"url\":\"https:\/\/global-hookah.com\/it\/prodotto\/colorful-blunt-pre-rolled-cones-wholesale\/\",\"name\":\"Colorful Blunt Pre Rolled Cones Wholesale - Global Hookah\",\"isPartOf\":{\"@id\":\"https:\/\/global-hookah.com\/#website\"},\"primaryImageOfPage\":{\"@id\":\"https:\/\/global-hookah.com\/it\/prodotto\/colorful-blunt-pre-rolled-cones-wholesale\/#primaryimage\"},\"image\":{\"@id\":\"https:\/\/global-hookah.com\/it\/prodotto\/colorful-blunt-pre-rolled-cones-wholesale\/#primaryimage\"},\"thumbnailUrl\":\"https:\/\/global-hookah.com\/wp-content\/uploads\/2024\/05\/8e8bd73c-9bfb-4d12-a95c-dc601d752456-1.jpg\",\"datePublished\":\"2024-05-21T03:31:56+00:00\",\"dateModified\":\"2024-05-21T09:01:15+00:00\",\"breadcrumb\":{\"@id\":\"https:\/\/global-hookah.com\/it\/prodotto\/colorful-blunt-pre-rolled-cones-wholesale\/#breadcrumb\"},\"inLanguage\":\"de\",\"potentialAction\":[{\"@type\":\"ReadAction\",\"target\":[\"https:\/\/global-hookah.com\/it\/prodotto\/colorful-blunt-pre-rolled-cones-wholesale\/\"]}]},{\"@type\":\"ImageObject\",\"inLanguage\":\"de\",\"@id\":\"https:\/\/global-hookah.com\/it\/prodotto\/colorful-blunt-pre-rolled-cones-wholesale\/#primaryimage\",\"url\":\"https:\/\/global-hookah.com\/wp-content\/uploads\/2024\/05\/8e8bd73c-9bfb-4d12-a95c-dc601d752456-1.jpg\",\"contentUrl\":\"https:\/\/global-hookah.com\/wp-content\/uploads\/2024\/05\/8e8bd73c-9bfb-4d12-a95c-dc601d752456-1.jpg\",\"width\":800,\"height\":800,\"caption\":\"Colorful Blunt Pre Rolled Cones Wholesale\"},{\"@type\":\"BreadcrumbList\",\"@id\":\"https:\/\/global-hookah.com\/it\/prodotto\/colorful-blunt-pre-rolled-cones-wholesale\/#breadcrumb\",\"itemListElement\":[{\"@type\":\"ListItem\",\"position\":1,\"name\":\"Home\",\"item\":\"https:\/\/global-hookah.com\/\"},{\"@type\":\"ListItem\",\"position\":2,\"name\":\"Shop\",\"item\":\"https:\/\/global-hookah.com\/shop\/\"},{\"@type\":\"ListItem\",\"position\":3,\"name\":\"Colorful Blunt Pre Rolled Cones Wholesale\"}]},{\"@type\":\"WebSite\",\"@id\":\"https:\/\/global-hookah.com\/#website\",\"url\":\"https:\/\/global-hookah.com\/\",\"name\":\"Global Hookah\",\"description\":\"Global Hookah\",\"publisher\":{\"@id\":\"https:\/\/global-hookah.com\/#organization\"},\"potentialAction\":[{\"@type\":\"SearchAction\",\"target\":{\"@type\":\"EntryPoint\",\"urlTemplate\":\"https:\/\/global-hookah.com\/?s={search_term_string}\"},\"query-input\":{\"@type\":\"PropertyValueSpecification\",\"valueRequired\":true,\"valueName\":\"search_term_string\"}}],\"inLanguage\":\"de\"},{\"@type\":\"Organization\",\"@id\":\"https:\/\/global-hookah.com\/#organization\",\"name\":\"Global Hookah\",\"url\":\"https:\/\/global-hookah.com\/\",\"logo\":{\"@type\":\"ImageObject\",\"inLanguage\":\"de\",\"@id\":\"https:\/\/global-hookah.com\/#\/schema\/logo\/image\/\",\"url\":\"https:\/\/global-hookah.com\/wp-content\/uploads\/2021\/10\/cropped-fgg.png\",\"contentUrl\":\"https:\/\/global-hookah.com\/wp-content\/uploads\/2021\/10\/cropped-fgg.png\",\"width\":512,\"height\":512,\"caption\":\"Global Hookah\"},\"image\":{\"@id\":\"https:\/\/global-hookah.com\/#\/schema\/logo\/image\/\"}}]}<\/script>\n<!-- \/ Yoast SEO Premium plugin. -->","yoast_head_json":{"title":"Bunte stumpfe vorgerollte Kegel Gro\u00dfhandel - Global Hookah","robots":{"index":"index","follow":"follow","max-snippet":"max-snippet:-1","max-image-preview":"max-image-preview:large","max-video-preview":"max-video-preview:-1"},"canonical":"https:\/\/global-hookah.com\/de\/it\/prodotto\/colorful-blunt-pre-rolled-cones-wholesale\/","og_locale":"de_DE","og_type":"article","og_title":"Colorful Blunt Pre Rolled Cones Wholesale","og_description":"These Colorful Blunt Pre Rolled Cones take all the hassle out of rolling your own &#8211; just stuff, pack, twist,","og_url":"https:\/\/global-hookah.com\/de\/it\/prodotto\/colorful-blunt-pre-rolled-cones-wholesale\/","og_site_name":"Global Hookah","article_modified_time":"2024-05-21T09:01:15+00:00","og_image":[{"width":800,"height":800,"url":"https:\/\/global-hookah.com\/wp-content\/uploads\/2024\/05\/8e8bd73c-9bfb-4d12-a95c-dc601d752456-1.jpg","type":"image\/jpeg"}],"twitter_card":"summary_large_image","schema":{"@context":"https:\/\/schema.org","@graph":[{"@type":"WebPage","@id":"https:\/\/global-hookah.com\/it\/prodotto\/colorful-blunt-pre-rolled-cones-wholesale\/","url":"https:\/\/global-hookah.com\/it\/prodotto\/colorful-blunt-pre-rolled-cones-wholesale\/","name":"Bunte stumpfe vorgerollte Kegel Gro\u00dfhandel - Global Hookah","isPartOf":{"@id":"https:\/\/global-hookah.com\/#website"},"primaryImageOfPage":{"@id":"https:\/\/global-hookah.com\/it\/prodotto\/colorful-blunt-pre-rolled-cones-wholesale\/#primaryimage"},"image":{"@id":"https:\/\/global-hookah.com\/it\/prodotto\/colorful-blunt-pre-rolled-cones-wholesale\/#primaryimage"},"thumbnailUrl":"https:\/\/global-hookah.com\/wp-content\/uploads\/2024\/05\/8e8bd73c-9bfb-4d12-a95c-dc601d752456-1.jpg","datePublished":"2024-05-21T03:31:56+00:00","dateModified":"2024-05-21T09:01:15+00:00","breadcrumb":{"@id":"https:\/\/global-hookah.com\/it\/prodotto\/colorful-blunt-pre-rolled-cones-wholesale\/#breadcrumb"},"inLanguage":"de","potentialAction":[{"@type":"ReadAction","target":["https:\/\/global-hookah.com\/it\/prodotto\/colorful-blunt-pre-rolled-cones-wholesale\/"]}]},{"@type":"ImageObject","inLanguage":"de","@id":"https:\/\/global-hookah.com\/it\/prodotto\/colorful-blunt-pre-rolled-cones-wholesale\/#primaryimage","url":"https:\/\/global-hookah.com\/wp-content\/uploads\/2024\/05\/8e8bd73c-9bfb-4d12-a95c-dc601d752456-1.jpg","contentUrl":"https:\/\/global-hookah.com\/wp-content\/uploads\/2024\/05\/8e8bd73c-9bfb-4d12-a95c-dc601d752456-1.jpg","width":800,"height":800,"caption":"Colorful Blunt Pre Rolled Cones Wholesale"},{"@type":"BreadcrumbList","@id":"https:\/\/global-hookah.com\/it\/prodotto\/colorful-blunt-pre-rolled-cones-wholesale\/#breadcrumb","itemListElement":[{"@type":"ListItem","position":1,"name":"Home","item":"https:\/\/global-hookah.com\/"},{"@type":"ListItem","position":2,"name":"Shop","item":"https:\/\/global-hookah.com\/shop\/"},{"@type":"ListItem","position":3,"name":"Colorful Blunt Pre Rolled Cones Wholesale"}]},{"@type":"WebSite","@id":"https:\/\/global-hookah.com\/#website","url":"https:\/\/global-hookah.com\/","name":"Globale Wasserpfeife","description":"Globale Wasserpfeife","publisher":{"@id":"https:\/\/global-hookah.com\/#organization"},"potentialAction":[{"@type":"SearchAction","target":{"@type":"EntryPoint","urlTemplate":"https:\/\/global-hookah.com\/?s={search_term_string}"},"query-input":{"@type":"PropertyValueSpecification","valueRequired":true,"valueName":"search_term_string"}}],"inLanguage":"de"},{"@type":"Organization","@id":"https:\/\/global-hookah.com\/#organization","name":"Globale Wasserpfeife","url":"https:\/\/global-hookah.com\/","logo":{"@type":"ImageObject","inLanguage":"de","@id":"https:\/\/global-hookah.com\/#\/schema\/logo\/image\/","url":"https:\/\/global-hookah.com\/wp-content\/uploads\/2021\/10\/cropped-fgg.png","contentUrl":"https:\/\/global-hookah.com\/wp-content\/uploads\/2021\/10\/cropped-fgg.png","width":512,"height":512,"caption":"Global Hookah"},"image":{"@id":"https:\/\/global-hookah.com\/#\/schema\/logo\/image\/"}}]}},"_links":{"self":[{"href":"https:\/\/global-hookah.com\/de\/wp-json\/wp\/v2\/product\/24220","targetHints":{"allow":["GET"]}}],"collection":[{"href":"https:\/\/global-hookah.com\/de\/wp-json\/wp\/v2\/product"}],"about":[{"href":"https:\/\/global-hookah.com\/de\/wp-json\/wp\/v2\/types\/product"}],"replies":[{"embeddable":true,"href":"https:\/\/global-hookah.com\/de\/wp-json\/wp\/v2\/comments?post=24220"}],"version-history":[{"count":0,"href":"https:\/\/global-hookah.com\/de\/wp-json\/wp\/v2\/product\/24220\/revisions"}],"wp:featuredmedia":[{"embeddable":true,"href":"https:\/\/global-hookah.com\/de\/wp-json\/wp\/v2\/media\/24003"}],"wp:attachment":[{"href":"https:\/\/global-hookah.com\/de\/wp-json\/wp\/v2\/media?parent=24220"}],"wp:term":[{"taxonomy":"product_brand","embeddable":true,"href":"https:\/\/global-hookah.com\/de\/wp-json\/wp\/v2\/product_brand?post=24220"},{"taxonomy":"product_cat","embeddable":true,"href":"https:\/\/global-hookah.com\/de\/wp-json\/wp\/v2\/product_cat?post=24220"},{"taxonomy":"product_tag","embeddable":true,"href":"https:\/\/global-hookah.com\/de\/wp-json\/wp\/v2\/product_tag?post=24220"}],"curies":[{"name":"wp","href":"https:\/\/api.w.org\/{rel}","templated":true}]}}