{"id":24492,"date":"2024-05-21T03:32:21","date_gmt":"2024-05-21T03:32:21","guid":{"rendered":"https:\/\/global-hookah.com\/product\/6pcs-pack-apple-flavored-rolling-papers-4-33inches-pre-rolled-cones-slow-burning-personalized-cigarette-rolling-papers-lime-green\/"},"modified":"2024-05-21T11:13:32","modified_gmt":"2024-05-21T11:13:32","slug":"6pcs-pack-apple-flavored-pre-rolled-cones-wholesale","status":"publish","type":"product","link":"https:\/\/global-hookah.com\/de\/produkt\/6pcs-pack-apple-flavored-pre-rolled-cones-wholesale\/","title":{"rendered":"6pcs\/Pack Apfelgeschmack Pre gerollt Kegel Gro\u00dfhandel"},"content":{"rendered":"<p>Unser <strong>vorgerollte Zigarettenh\u00fclsen mit Apfelgeschmack<\/strong> werden aus hochwertigen Cannabisbl\u00e4ttern hergestellt und k\u00f6nnen bei der Verwendung perfekt mit Ihrem Cannabis gef\u00fcllt werden, wobei eine vollst\u00e4ndige 360\u00b0-Versiegelung erreicht wird.<\/p>\n<p>Dieses vorgerollte Zigarettenpapier basiert auf traditionellem Zigarettenpapier und enth\u00e4lt nat\u00fcrliches Apfelaroma, was ihm einen einzigartigen Apfelgeschmack verleiht, der das Highlight des gesamten Produkts ist! Jedes Mal, wenn Sie rauchen, k\u00f6nnen Sie das s\u00fc\u00dfe Apfelaroma sp\u00fcren.<\/p>\n<p>Kaufen Sie unser <strong>Apfel <\/strong><a href=\"https:\/\/global-hookah.com\/product\/24pcs-fruit-flavored-pre-rolled-cones-tapered-paper-with-tips-on-the-roll-suitable-for-regular-herb-grinder-flavor-paper-translucent-pre-rolled-cones-cigarette-paper-hornet-natural-unrefined-rol\/\">aromatisierte vorgerollte T\u00fcten<\/a> in gro\u00dfen Mengen und Sie sind sicher, gro\u00dfen Cannabis-Spa\u00df zu einem g\u00fcnstigen Preis zu bekommen.<\/p>","protected":false},"excerpt":{"rendered":"<p>Unsere vorgerollten Zigarettenh\u00fclsen mit Apfelgeschmack werden aus hochwertigen Cannabisbl\u00e4ttern hergestellt und k\u00f6nnen perfekt mit Ihrem Cannabis bef\u00fcllt werden, wenn<\/p>","protected":false},"featured_media":24780,"comment_status":"closed","ping_status":"closed","template":"","meta":{"iawp_total_views":2,"_joinchat":[]},"product_brand":[],"product_cat":[415,769],"product_tag":[],"class_list":{"0":"post-24492","1":"product","2":"type-product","3":"status-publish","4":"has-post-thumbnail","6":"product_cat-accessories","7":"product_cat-wholesale-pre-rolls","9":"first","10":"instock","11":"shipping-taxable","12":"product-type-external"},"yoast_head":"<!-- This site is optimized with the Yoast SEO Premium plugin v24.7 (Yoast SEO v26.8) - https:\/\/yoast.com\/product\/yoast-seo-premium-wordpress\/ -->\n<title>6pcs\/Pack Apple Flavored Pre Rolled Cones Wholesale - Global Hookah<\/title>\n<meta name=\"robots\" content=\"index, follow, max-snippet:-1, max-image-preview:large, max-video-preview:-1\" \/>\n<link rel=\"canonical\" href=\"https:\/\/global-hookah.com\/de\/it\/prodotto\/6-pezzi-confezione-di-coni-prearrotolati-al-gusto-di-mela-allingrosso\/\" \/>\n<meta property=\"og:locale\" content=\"de_DE\" \/>\n<meta property=\"og:type\" content=\"article\" \/>\n<meta property=\"og:title\" content=\"6pcs\/Pack Apple Flavored Pre Rolled Cones Wholesale\" \/>\n<meta property=\"og:description\" content=\"Our apple-flavored pre-rolled cigarette cones are made from high-quality cannabis leaves and can be perfectly filled with your cannabis when\" \/>\n<meta property=\"og:url\" content=\"https:\/\/global-hookah.com\/de\/it\/prodotto\/6-pezzi-confezione-di-coni-prearrotolati-al-gusto-di-mela-allingrosso\/\" \/>\n<meta property=\"og:site_name\" content=\"Global Hookah\" \/>\n<meta property=\"article:modified_time\" content=\"2024-05-21T11:13:32+00:00\" \/>\n<meta property=\"og:image\" content=\"https:\/\/global-hookah.com\/wp-content\/uploads\/2024\/05\/1697042757473a46f8928260322bdc767daa6b5424.jpg\" \/>\n\t<meta property=\"og:image:width\" content=\"1340\" \/>\n\t<meta property=\"og:image:height\" content=\"1785\" \/>\n\t<meta property=\"og:image:type\" content=\"image\/jpeg\" \/>\n<meta name=\"twitter:card\" content=\"summary_large_image\" \/>\n<script type=\"application\/ld+json\" class=\"yoast-schema-graph\">{\"@context\":\"https:\/\/schema.org\",\"@graph\":[{\"@type\":\"WebPage\",\"@id\":\"https:\/\/global-hookah.com\/it\/prodotto\/6-pezzi-confezione-di-coni-prearrotolati-al-gusto-di-mela-allingrosso\/\",\"url\":\"https:\/\/global-hookah.com\/it\/prodotto\/6-pezzi-confezione-di-coni-prearrotolati-al-gusto-di-mela-allingrosso\/\",\"name\":\"6pcs\/Pack Apple Flavored Pre Rolled Cones Wholesale - Global Hookah\",\"isPartOf\":{\"@id\":\"https:\/\/global-hookah.com\/#website\"},\"primaryImageOfPage\":{\"@id\":\"https:\/\/global-hookah.com\/it\/prodotto\/6-pezzi-confezione-di-coni-prearrotolati-al-gusto-di-mela-allingrosso\/#primaryimage\"},\"image\":{\"@id\":\"https:\/\/global-hookah.com\/it\/prodotto\/6-pezzi-confezione-di-coni-prearrotolati-al-gusto-di-mela-allingrosso\/#primaryimage\"},\"thumbnailUrl\":\"https:\/\/global-hookah.com\/wp-content\/uploads\/2024\/05\/1697042757473a46f8928260322bdc767daa6b5424.jpg\",\"datePublished\":\"2024-05-21T03:32:21+00:00\",\"dateModified\":\"2024-05-21T11:13:32+00:00\",\"breadcrumb\":{\"@id\":\"https:\/\/global-hookah.com\/it\/prodotto\/6-pezzi-confezione-di-coni-prearrotolati-al-gusto-di-mela-allingrosso\/#breadcrumb\"},\"inLanguage\":\"de\",\"potentialAction\":[{\"@type\":\"ReadAction\",\"target\":[\"https:\/\/global-hookah.com\/it\/prodotto\/6-pezzi-confezione-di-coni-prearrotolati-al-gusto-di-mela-allingrosso\/\"]}]},{\"@type\":\"ImageObject\",\"inLanguage\":\"de\",\"@id\":\"https:\/\/global-hookah.com\/it\/prodotto\/6-pezzi-confezione-di-coni-prearrotolati-al-gusto-di-mela-allingrosso\/#primaryimage\",\"url\":\"https:\/\/global-hookah.com\/wp-content\/uploads\/2024\/05\/1697042757473a46f8928260322bdc767daa6b5424.jpg\",\"contentUrl\":\"https:\/\/global-hookah.com\/wp-content\/uploads\/2024\/05\/1697042757473a46f8928260322bdc767daa6b5424.jpg\",\"width\":1340,\"height\":1785,\"caption\":\"6pcs\/Pack Apple Flavored Pre Rolled Cones Wholesale\"},{\"@type\":\"BreadcrumbList\",\"@id\":\"https:\/\/global-hookah.com\/it\/prodotto\/6-pezzi-confezione-di-coni-prearrotolati-al-gusto-di-mela-allingrosso\/#breadcrumb\",\"itemListElement\":[{\"@type\":\"ListItem\",\"position\":1,\"name\":\"Home\",\"item\":\"https:\/\/global-hookah.com\/\"},{\"@type\":\"ListItem\",\"position\":2,\"name\":\"Shop\",\"item\":\"https:\/\/global-hookah.com\/shop\/\"},{\"@type\":\"ListItem\",\"position\":3,\"name\":\"6pcs\/Pack Apple Flavored Pre Rolled Cones Wholesale\"}]},{\"@type\":\"WebSite\",\"@id\":\"https:\/\/global-hookah.com\/#website\",\"url\":\"https:\/\/global-hookah.com\/\",\"name\":\"Global Hookah\",\"description\":\"Global Hookah\",\"publisher\":{\"@id\":\"https:\/\/global-hookah.com\/#organization\"},\"potentialAction\":[{\"@type\":\"SearchAction\",\"target\":{\"@type\":\"EntryPoint\",\"urlTemplate\":\"https:\/\/global-hookah.com\/?s={search_term_string}\"},\"query-input\":{\"@type\":\"PropertyValueSpecification\",\"valueRequired\":true,\"valueName\":\"search_term_string\"}}],\"inLanguage\":\"de\"},{\"@type\":\"Organization\",\"@id\":\"https:\/\/global-hookah.com\/#organization\",\"name\":\"Global Hookah\",\"url\":\"https:\/\/global-hookah.com\/\",\"logo\":{\"@type\":\"ImageObject\",\"inLanguage\":\"de\",\"@id\":\"https:\/\/global-hookah.com\/#\/schema\/logo\/image\/\",\"url\":\"https:\/\/global-hookah.com\/wp-content\/uploads\/2021\/10\/cropped-fgg.png\",\"contentUrl\":\"https:\/\/global-hookah.com\/wp-content\/uploads\/2021\/10\/cropped-fgg.png\",\"width\":512,\"height\":512,\"caption\":\"Global Hookah\"},\"image\":{\"@id\":\"https:\/\/global-hookah.com\/#\/schema\/logo\/image\/\"}}]}<\/script>\n<!-- \/ Yoast SEO Premium plugin. -->","yoast_head_json":{"title":"6pcs\/Pack Apfel aromatisiert Pre gerollt Kegel Gro\u00dfhandel - Global Hookah","robots":{"index":"index","follow":"follow","max-snippet":"max-snippet:-1","max-image-preview":"max-image-preview:large","max-video-preview":"max-video-preview:-1"},"canonical":"https:\/\/global-hookah.com\/de\/it\/prodotto\/6-pezzi-confezione-di-coni-prearrotolati-al-gusto-di-mela-allingrosso\/","og_locale":"de_DE","og_type":"article","og_title":"6pcs\/Pack Apple Flavored Pre Rolled Cones Wholesale","og_description":"Our apple-flavored pre-rolled cigarette cones are made from high-quality cannabis leaves and can be perfectly filled with your cannabis when","og_url":"https:\/\/global-hookah.com\/de\/it\/prodotto\/6-pezzi-confezione-di-coni-prearrotolati-al-gusto-di-mela-allingrosso\/","og_site_name":"Global Hookah","article_modified_time":"2024-05-21T11:13:32+00:00","og_image":[{"width":1340,"height":1785,"url":"https:\/\/global-hookah.com\/wp-content\/uploads\/2024\/05\/1697042757473a46f8928260322bdc767daa6b5424.jpg","type":"image\/jpeg"}],"twitter_card":"summary_large_image","schema":{"@context":"https:\/\/schema.org","@graph":[{"@type":"WebPage","@id":"https:\/\/global-hookah.com\/it\/prodotto\/6-pezzi-confezione-di-coni-prearrotolati-al-gusto-di-mela-allingrosso\/","url":"https:\/\/global-hookah.com\/it\/prodotto\/6-pezzi-confezione-di-coni-prearrotolati-al-gusto-di-mela-allingrosso\/","name":"6pcs\/Pack Apfel aromatisiert Pre gerollt Kegel Gro\u00dfhandel - Global Hookah","isPartOf":{"@id":"https:\/\/global-hookah.com\/#website"},"primaryImageOfPage":{"@id":"https:\/\/global-hookah.com\/it\/prodotto\/6-pezzi-confezione-di-coni-prearrotolati-al-gusto-di-mela-allingrosso\/#primaryimage"},"image":{"@id":"https:\/\/global-hookah.com\/it\/prodotto\/6-pezzi-confezione-di-coni-prearrotolati-al-gusto-di-mela-allingrosso\/#primaryimage"},"thumbnailUrl":"https:\/\/global-hookah.com\/wp-content\/uploads\/2024\/05\/1697042757473a46f8928260322bdc767daa6b5424.jpg","datePublished":"2024-05-21T03:32:21+00:00","dateModified":"2024-05-21T11:13:32+00:00","breadcrumb":{"@id":"https:\/\/global-hookah.com\/it\/prodotto\/6-pezzi-confezione-di-coni-prearrotolati-al-gusto-di-mela-allingrosso\/#breadcrumb"},"inLanguage":"de","potentialAction":[{"@type":"ReadAction","target":["https:\/\/global-hookah.com\/it\/prodotto\/6-pezzi-confezione-di-coni-prearrotolati-al-gusto-di-mela-allingrosso\/"]}]},{"@type":"ImageObject","inLanguage":"de","@id":"https:\/\/global-hookah.com\/it\/prodotto\/6-pezzi-confezione-di-coni-prearrotolati-al-gusto-di-mela-allingrosso\/#primaryimage","url":"https:\/\/global-hookah.com\/wp-content\/uploads\/2024\/05\/1697042757473a46f8928260322bdc767daa6b5424.jpg","contentUrl":"https:\/\/global-hookah.com\/wp-content\/uploads\/2024\/05\/1697042757473a46f8928260322bdc767daa6b5424.jpg","width":1340,"height":1785,"caption":"6pcs\/Pack Apple Flavored Pre Rolled Cones Wholesale"},{"@type":"BreadcrumbList","@id":"https:\/\/global-hookah.com\/it\/prodotto\/6-pezzi-confezione-di-coni-prearrotolati-al-gusto-di-mela-allingrosso\/#breadcrumb","itemListElement":[{"@type":"ListItem","position":1,"name":"Home","item":"https:\/\/global-hookah.com\/"},{"@type":"ListItem","position":2,"name":"Shop","item":"https:\/\/global-hookah.com\/shop\/"},{"@type":"ListItem","position":3,"name":"6pcs\/Pack Apple Flavored Pre Rolled Cones Wholesale"}]},{"@type":"WebSite","@id":"https:\/\/global-hookah.com\/#website","url":"https:\/\/global-hookah.com\/","name":"Globale Wasserpfeife","description":"Globale Wasserpfeife","publisher":{"@id":"https:\/\/global-hookah.com\/#organization"},"potentialAction":[{"@type":"SearchAction","target":{"@type":"EntryPoint","urlTemplate":"https:\/\/global-hookah.com\/?s={search_term_string}"},"query-input":{"@type":"PropertyValueSpecification","valueRequired":true,"valueName":"search_term_string"}}],"inLanguage":"de"},{"@type":"Organization","@id":"https:\/\/global-hookah.com\/#organization","name":"Globale Wasserpfeife","url":"https:\/\/global-hookah.com\/","logo":{"@type":"ImageObject","inLanguage":"de","@id":"https:\/\/global-hookah.com\/#\/schema\/logo\/image\/","url":"https:\/\/global-hookah.com\/wp-content\/uploads\/2021\/10\/cropped-fgg.png","contentUrl":"https:\/\/global-hookah.com\/wp-content\/uploads\/2021\/10\/cropped-fgg.png","width":512,"height":512,"caption":"Global Hookah"},"image":{"@id":"https:\/\/global-hookah.com\/#\/schema\/logo\/image\/"}}]}},"_links":{"self":[{"href":"https:\/\/global-hookah.com\/de\/wp-json\/wp\/v2\/product\/24492","targetHints":{"allow":["GET"]}}],"collection":[{"href":"https:\/\/global-hookah.com\/de\/wp-json\/wp\/v2\/product"}],"about":[{"href":"https:\/\/global-hookah.com\/de\/wp-json\/wp\/v2\/types\/product"}],"replies":[{"embeddable":true,"href":"https:\/\/global-hookah.com\/de\/wp-json\/wp\/v2\/comments?post=24492"}],"version-history":[{"count":0,"href":"https:\/\/global-hookah.com\/de\/wp-json\/wp\/v2\/product\/24492\/revisions"}],"wp:featuredmedia":[{"embeddable":true,"href":"https:\/\/global-hookah.com\/de\/wp-json\/wp\/v2\/media\/24780"}],"wp:attachment":[{"href":"https:\/\/global-hookah.com\/de\/wp-json\/wp\/v2\/media?parent=24492"}],"wp:term":[{"taxonomy":"product_brand","embeddable":true,"href":"https:\/\/global-hookah.com\/de\/wp-json\/wp\/v2\/product_brand?post=24492"},{"taxonomy":"product_cat","embeddable":true,"href":"https:\/\/global-hookah.com\/de\/wp-json\/wp\/v2\/product_cat?post=24492"},{"taxonomy":"product_tag","embeddable":true,"href":"https:\/\/global-hookah.com\/de\/wp-json\/wp\/v2\/product_tag?post=24492"}],"curies":[{"name":"wp","href":"https:\/\/api.w.org\/{rel}","templated":true}]}}