{"id":25173,"date":"2024-05-22T00:55:59","date_gmt":"2024-05-22T00:55:59","guid":{"rendered":"https:\/\/global-hookah.com\/product\/17-5-hookah-set-with-1-hose-glass-hookah-kit-with-shisha-accessories-hot-pink\/"},"modified":"2024-05-27T07:21:10","modified_gmt":"2024-05-27T07:21:10","slug":"17-5-glass-hookah-set-with-shisha-accessories-wholesale","status":"publish","type":"product","link":"https:\/\/global-hookah.com\/de\/produkt\/17-5-glass-hookah-set-with-shisha-accessories-wholesale\/","title":{"rendered":"17,5\u2033 Glas Wasserpfeife Set mit Shisha Zubeh\u00f6r Gro\u00dfhandel"},"content":{"rendered":"<p>Leute, das <strong>Wasserpfeifen-Set<\/strong> mit einer 17,5-Zoll-extragro\u00dfen Glasvase ist im Begriff, einige ernsthaft glatte Sitzungen zu bringen. Die dicke 5mm geh\u00e4rtetem Glas K\u00f6rper ist gebaut, um zu halten. Und die Premium-Silikon-Rauchschlauch drastisch verbessert Luftstrom f\u00fcr die vollsten zieht.<\/p>\n<p>Diese vollst\u00e4ndige <strong>17.5\u2033 Glas Wasserpfeife Set<\/strong> wird mit einer Glasvase, einer Glasschale, einem flexiblen Schlauch, einem Mundst\u00fcck und 5 Packungen Filter geliefert. Das Mundst\u00fcck und der Schlauch bestehen aus weichem, bequemem Fl\u00fcssigsilikon f\u00fcr maximalen Genuss. Mit all diesem hochwertigen Zubeh\u00f6r sind Sie f\u00fcr den gesamten Prozess der Tabakzubereitung ger\u00fcstet.<\/p>\n<p>Das modulare Design erm\u00f6glicht eine einfache Demontage und alle Teile wie das Glas, der Schlauch und die Anschl\u00fcsse sind EN-gepr\u00fcft und geben keine giftigen Stoffe ab. Das bedeutet, dass Sie in dem Wissen, dass es sicher und gesund ist, problemlos pusten k\u00f6nnen.<\/p>\n<p>Wenn Sie also Ihr Shisha-Erlebnis mit k\u00fchneren, sanfteren Sessions aufwerten m\u00f6chten, ist dieses <strong>17.5\u2033 Glas Wasserpfeife Set<\/strong>. Lehnen Sie sich einfach zur\u00fcck, entspannen Sie sich und genie\u00dfen Sie den Rausch von Cannabis!<\/p>","protected":false},"excerpt":{"rendered":"<p>Leute, diese Wasserpfeife Set mit einem 17,5-Zoll-extra gro\u00dfe Glasvase ist \u00fcber einige ernsthaft glatt Sitzungen zu bringen. Die<\/p>","protected":false},"featured_media":25367,"comment_status":"closed","ping_status":"closed","template":"","meta":{"iawp_total_views":5,"_joinchat":[]},"product_brand":[],"product_cat":[415,119],"product_tag":[],"class_list":{"0":"post-25173","1":"product","2":"type-product","3":"status-publish","4":"has-post-thumbnail","6":"product_cat-accessories","7":"product_cat-wholesale-hookah","9":"first","10":"instock","11":"shipping-taxable","12":"product-type-external"},"yoast_head":"<!-- This site is optimized with the Yoast SEO Premium plugin v24.7 (Yoast SEO v26.8) - https:\/\/yoast.com\/product\/yoast-seo-premium-wordpress\/ -->\n<title>17.5&quot; Glass Hookah Set With Shisha Accessories Wholesale - Global Hookah<\/title>\n<meta name=\"robots\" content=\"index, follow, max-snippet:-1, max-image-preview:large, max-video-preview:-1\" \/>\n<link rel=\"canonical\" href=\"https:\/\/global-hookah.com\/de\/pt\/produto\/17-5-glass-hookah-set-with-shisha-accessories-wholesale\/\" \/>\n<meta property=\"og:locale\" content=\"de_DE\" \/>\n<meta property=\"og:type\" content=\"article\" \/>\n<meta property=\"og:title\" content=\"17.5&quot; Glass Hookah Set With Shisha Accessories Wholesale\" \/>\n<meta property=\"og:description\" content=\"Folks, this hookah set with a 17.5-inch extra large glass vase is about to bring some seriously smooth sessions. The\" \/>\n<meta property=\"og:url\" content=\"https:\/\/global-hookah.com\/de\/pt\/produto\/17-5-glass-hookah-set-with-shisha-accessories-wholesale\/\" \/>\n<meta property=\"og:site_name\" content=\"Global Hookah\" \/>\n<meta property=\"article:modified_time\" content=\"2024-05-27T07:21:10+00:00\" \/>\n<meta property=\"og:image\" content=\"https:\/\/global-hookah.com\/wp-content\/uploads\/2024\/05\/17157806496dda9e9117391a40fd7177bb1ac24b07_square.png\" \/>\n\t<meta property=\"og:image:width\" content=\"1000\" \/>\n\t<meta property=\"og:image:height\" content=\"1333\" \/>\n\t<meta property=\"og:image:type\" content=\"image\/png\" \/>\n<meta name=\"twitter:card\" content=\"summary_large_image\" \/>\n<meta name=\"twitter:label1\" content=\"Gesch\u00e4tzte Lesezeit\" \/>\n\t<meta name=\"twitter:data1\" content=\"1\u00a0Minute\" \/>\n<script type=\"application\/ld+json\" class=\"yoast-schema-graph\">{\"@context\":\"https:\/\/schema.org\",\"@graph\":[{\"@type\":\"WebPage\",\"@id\":\"https:\/\/global-hookah.com\/pt\/produto\/17-5-glass-hookah-set-with-shisha-accessories-wholesale\/\",\"url\":\"https:\/\/global-hookah.com\/pt\/produto\/17-5-glass-hookah-set-with-shisha-accessories-wholesale\/\",\"name\":\"17.5\\\" Glass Hookah Set With Shisha Accessories Wholesale - Global Hookah\",\"isPartOf\":{\"@id\":\"https:\/\/global-hookah.com\/#website\"},\"primaryImageOfPage\":{\"@id\":\"https:\/\/global-hookah.com\/pt\/produto\/17-5-glass-hookah-set-with-shisha-accessories-wholesale\/#primaryimage\"},\"image\":{\"@id\":\"https:\/\/global-hookah.com\/pt\/produto\/17-5-glass-hookah-set-with-shisha-accessories-wholesale\/#primaryimage\"},\"thumbnailUrl\":\"https:\/\/global-hookah.com\/wp-content\/uploads\/2024\/05\/17157806496dda9e9117391a40fd7177bb1ac24b07_square.png\",\"datePublished\":\"2024-05-22T00:55:59+00:00\",\"dateModified\":\"2024-05-27T07:21:10+00:00\",\"breadcrumb\":{\"@id\":\"https:\/\/global-hookah.com\/pt\/produto\/17-5-glass-hookah-set-with-shisha-accessories-wholesale\/#breadcrumb\"},\"inLanguage\":\"de\",\"potentialAction\":[{\"@type\":\"ReadAction\",\"target\":[\"https:\/\/global-hookah.com\/pt\/produto\/17-5-glass-hookah-set-with-shisha-accessories-wholesale\/\"]}]},{\"@type\":\"ImageObject\",\"inLanguage\":\"de\",\"@id\":\"https:\/\/global-hookah.com\/pt\/produto\/17-5-glass-hookah-set-with-shisha-accessories-wholesale\/#primaryimage\",\"url\":\"https:\/\/global-hookah.com\/wp-content\/uploads\/2024\/05\/17157806496dda9e9117391a40fd7177bb1ac24b07_square.png\",\"contentUrl\":\"https:\/\/global-hookah.com\/wp-content\/uploads\/2024\/05\/17157806496dda9e9117391a40fd7177bb1ac24b07_square.png\",\"width\":1000,\"height\":1333,\"caption\":\"17.5\\\" Glass Hookah Set With Shisha Accessories Wholesale\"},{\"@type\":\"BreadcrumbList\",\"@id\":\"https:\/\/global-hookah.com\/pt\/produto\/17-5-glass-hookah-set-with-shisha-accessories-wholesale\/#breadcrumb\",\"itemListElement\":[{\"@type\":\"ListItem\",\"position\":1,\"name\":\"Home\",\"item\":\"https:\/\/global-hookah.com\/\"},{\"@type\":\"ListItem\",\"position\":2,\"name\":\"Shop\",\"item\":\"https:\/\/global-hookah.com\/shop\/\"},{\"@type\":\"ListItem\",\"position\":3,\"name\":\"17.5&#8243; Glass Hookah Set With Shisha Accessories Wholesale\"}]},{\"@type\":\"WebSite\",\"@id\":\"https:\/\/global-hookah.com\/#website\",\"url\":\"https:\/\/global-hookah.com\/\",\"name\":\"Global Hookah\",\"description\":\"Global Hookah\",\"publisher\":{\"@id\":\"https:\/\/global-hookah.com\/#organization\"},\"potentialAction\":[{\"@type\":\"SearchAction\",\"target\":{\"@type\":\"EntryPoint\",\"urlTemplate\":\"https:\/\/global-hookah.com\/?s={search_term_string}\"},\"query-input\":{\"@type\":\"PropertyValueSpecification\",\"valueRequired\":true,\"valueName\":\"search_term_string\"}}],\"inLanguage\":\"de\"},{\"@type\":\"Organization\",\"@id\":\"https:\/\/global-hookah.com\/#organization\",\"name\":\"Global Hookah\",\"url\":\"https:\/\/global-hookah.com\/\",\"logo\":{\"@type\":\"ImageObject\",\"inLanguage\":\"de\",\"@id\":\"https:\/\/global-hookah.com\/#\/schema\/logo\/image\/\",\"url\":\"https:\/\/global-hookah.com\/wp-content\/uploads\/2021\/10\/cropped-fgg.png\",\"contentUrl\":\"https:\/\/global-hookah.com\/wp-content\/uploads\/2021\/10\/cropped-fgg.png\",\"width\":512,\"height\":512,\"caption\":\"Global Hookah\"},\"image\":{\"@id\":\"https:\/\/global-hookah.com\/#\/schema\/logo\/image\/\"}}]}<\/script>\n<!-- \/ Yoast SEO Premium plugin. -->","yoast_head_json":{"title":"17,5\" Glas Wasserpfeife Set mit Shisha Zubeh\u00f6r Gro\u00dfhandel - Global Hookah","robots":{"index":"index","follow":"follow","max-snippet":"max-snippet:-1","max-image-preview":"max-image-preview:large","max-video-preview":"max-video-preview:-1"},"canonical":"https:\/\/global-hookah.com\/de\/pt\/produto\/17-5-glass-hookah-set-with-shisha-accessories-wholesale\/","og_locale":"de_DE","og_type":"article","og_title":"17.5\" Glass Hookah Set With Shisha Accessories Wholesale","og_description":"Folks, this hookah set with a 17.5-inch extra large glass vase is about to bring some seriously smooth sessions. The","og_url":"https:\/\/global-hookah.com\/de\/pt\/produto\/17-5-glass-hookah-set-with-shisha-accessories-wholesale\/","og_site_name":"Global Hookah","article_modified_time":"2024-05-27T07:21:10+00:00","og_image":[{"width":1000,"height":1333,"url":"https:\/\/global-hookah.com\/wp-content\/uploads\/2024\/05\/17157806496dda9e9117391a40fd7177bb1ac24b07_square.png","type":"image\/png"}],"twitter_card":"summary_large_image","twitter_misc":{"Gesch\u00e4tzte Lesezeit":"1\u00a0Minute"},"schema":{"@context":"https:\/\/schema.org","@graph":[{"@type":"WebPage","@id":"https:\/\/global-hookah.com\/pt\/produto\/17-5-glass-hookah-set-with-shisha-accessories-wholesale\/","url":"https:\/\/global-hookah.com\/pt\/produto\/17-5-glass-hookah-set-with-shisha-accessories-wholesale\/","name":"17,5\" Glas Wasserpfeife Set mit Shisha Zubeh\u00f6r Gro\u00dfhandel - Global Hookah","isPartOf":{"@id":"https:\/\/global-hookah.com\/#website"},"primaryImageOfPage":{"@id":"https:\/\/global-hookah.com\/pt\/produto\/17-5-glass-hookah-set-with-shisha-accessories-wholesale\/#primaryimage"},"image":{"@id":"https:\/\/global-hookah.com\/pt\/produto\/17-5-glass-hookah-set-with-shisha-accessories-wholesale\/#primaryimage"},"thumbnailUrl":"https:\/\/global-hookah.com\/wp-content\/uploads\/2024\/05\/17157806496dda9e9117391a40fd7177bb1ac24b07_square.png","datePublished":"2024-05-22T00:55:59+00:00","dateModified":"2024-05-27T07:21:10+00:00","breadcrumb":{"@id":"https:\/\/global-hookah.com\/pt\/produto\/17-5-glass-hookah-set-with-shisha-accessories-wholesale\/#breadcrumb"},"inLanguage":"de","potentialAction":[{"@type":"ReadAction","target":["https:\/\/global-hookah.com\/pt\/produto\/17-5-glass-hookah-set-with-shisha-accessories-wholesale\/"]}]},{"@type":"ImageObject","inLanguage":"de","@id":"https:\/\/global-hookah.com\/pt\/produto\/17-5-glass-hookah-set-with-shisha-accessories-wholesale\/#primaryimage","url":"https:\/\/global-hookah.com\/wp-content\/uploads\/2024\/05\/17157806496dda9e9117391a40fd7177bb1ac24b07_square.png","contentUrl":"https:\/\/global-hookah.com\/wp-content\/uploads\/2024\/05\/17157806496dda9e9117391a40fd7177bb1ac24b07_square.png","width":1000,"height":1333,"caption":"17.5\" Glass Hookah Set With Shisha Accessories Wholesale"},{"@type":"BreadcrumbList","@id":"https:\/\/global-hookah.com\/pt\/produto\/17-5-glass-hookah-set-with-shisha-accessories-wholesale\/#breadcrumb","itemListElement":[{"@type":"ListItem","position":1,"name":"Home","item":"https:\/\/global-hookah.com\/"},{"@type":"ListItem","position":2,"name":"Shop","item":"https:\/\/global-hookah.com\/shop\/"},{"@type":"ListItem","position":3,"name":"17.5&#8243; Glass Hookah Set With Shisha Accessories Wholesale"}]},{"@type":"WebSite","@id":"https:\/\/global-hookah.com\/#website","url":"https:\/\/global-hookah.com\/","name":"Globale Wasserpfeife","description":"Globale Wasserpfeife","publisher":{"@id":"https:\/\/global-hookah.com\/#organization"},"potentialAction":[{"@type":"SearchAction","target":{"@type":"EntryPoint","urlTemplate":"https:\/\/global-hookah.com\/?s={search_term_string}"},"query-input":{"@type":"PropertyValueSpecification","valueRequired":true,"valueName":"search_term_string"}}],"inLanguage":"de"},{"@type":"Organization","@id":"https:\/\/global-hookah.com\/#organization","name":"Globale Wasserpfeife","url":"https:\/\/global-hookah.com\/","logo":{"@type":"ImageObject","inLanguage":"de","@id":"https:\/\/global-hookah.com\/#\/schema\/logo\/image\/","url":"https:\/\/global-hookah.com\/wp-content\/uploads\/2021\/10\/cropped-fgg.png","contentUrl":"https:\/\/global-hookah.com\/wp-content\/uploads\/2021\/10\/cropped-fgg.png","width":512,"height":512,"caption":"Global Hookah"},"image":{"@id":"https:\/\/global-hookah.com\/#\/schema\/logo\/image\/"}}]}},"_links":{"self":[{"href":"https:\/\/global-hookah.com\/de\/wp-json\/wp\/v2\/product\/25173","targetHints":{"allow":["GET"]}}],"collection":[{"href":"https:\/\/global-hookah.com\/de\/wp-json\/wp\/v2\/product"}],"about":[{"href":"https:\/\/global-hookah.com\/de\/wp-json\/wp\/v2\/types\/product"}],"replies":[{"embeddable":true,"href":"https:\/\/global-hookah.com\/de\/wp-json\/wp\/v2\/comments?post=25173"}],"version-history":[{"count":0,"href":"https:\/\/global-hookah.com\/de\/wp-json\/wp\/v2\/product\/25173\/revisions"}],"wp:featuredmedia":[{"embeddable":true,"href":"https:\/\/global-hookah.com\/de\/wp-json\/wp\/v2\/media\/25367"}],"wp:attachment":[{"href":"https:\/\/global-hookah.com\/de\/wp-json\/wp\/v2\/media?parent=25173"}],"wp:term":[{"taxonomy":"product_brand","embeddable":true,"href":"https:\/\/global-hookah.com\/de\/wp-json\/wp\/v2\/product_brand?post=25173"},{"taxonomy":"product_cat","embeddable":true,"href":"https:\/\/global-hookah.com\/de\/wp-json\/wp\/v2\/product_cat?post=25173"},{"taxonomy":"product_tag","embeddable":true,"href":"https:\/\/global-hookah.com\/de\/wp-json\/wp\/v2\/product_tag?post=25173"}],"curies":[{"name":"wp","href":"https:\/\/api.w.org\/{rel}","templated":true}]}}