{"id":25195,"date":"2024-05-22T00:56:05","date_gmt":"2024-05-22T00:56:05","guid":{"rendered":"https:\/\/global-hookah.com\/product\/luxury-4-hose-hookah-set-comes-with-100-disposable-mouth-tips-50-pre-punched-aluminum-foils-and-1-carbon-clip-black\/"},"modified":"2024-05-23T05:57:39","modified_gmt":"2024-05-23T05:57:39","slug":"luxury-4-hose-hookah-set-wholesale","status":"publish","type":"product","link":"https:\/\/global-hookah.com\/de\/produkt\/luxury-4-hose-hookah-set-wholesale\/","title":{"rendered":"Luxus 4 Schlauch Hookah Set Gro\u00dfhandel"},"content":{"rendered":"<p>Ich schw\u00f6re, das <strong>Luxus 4 Schlauch Hookah Set<\/strong> wird Ihre Shisha-Erfahrung definitiv auf ein neues Niveau bringen! Es verwendet hochwertigen 304-Edelstahl als Hauptk\u00f6rper, der sich k\u00fchl anf\u00fchlt und sehr stark und haltbar ist. Und die Vier-Schlauch-Schnittstelle Design erm\u00f6glicht es Ihnen und Ihren Freunden, Wasserpfeife zur gleichen Zeit zu rauchen. Diese <a href=\"https:\/\/global-hookah.com\/product\/bar-aluminum-social-smoke-hookah-pipe\/\">Rauchen ist einfach die beste Art, Kontakte zu kn\u00fcpfen.<\/a>.<\/p>\n<p>Bequemes Anz\u00fcnden Ihres Lieblingstabaks. Es kann eine Menge Rauch produzieren, und der Raucheffekt ist auch sehr seidig und glatt, was f\u00fcr mich sehr wichtig ist! Weil ich eine sehr w\u00e4hlerische Person bin<\/p>\n<p>Was mir am meisten gef\u00e4llt, ist sein Design. Das traditionelle indische Kunstmuster und der moderne Stil sind perfekt. Es ist wirklich erstaunlich! Wenn Sie das Licht <a href=\"https:\/\/global-hookah.com\/product\/golden-russian-hookah-pipe\/\">Wasserpfeife<\/a>,<\/p>\n<p>&nbsp;<\/p>","protected":false},"excerpt":{"rendered":"<p>Ich schw\u00f6re, dieses Luxury 4 Hose Hookah Set wird definitiv Ihre Shisha-Erfahrung auf ein neues Level bringen! Es verwendet<\/p>","protected":false},"featured_media":25387,"comment_status":"closed","ping_status":"closed","template":"","meta":{"iawp_total_views":18,"_joinchat":[]},"product_brand":[],"product_cat":[415,119],"product_tag":[],"class_list":{"0":"post-25195","1":"product","2":"type-product","3":"status-publish","4":"has-post-thumbnail","6":"product_cat-accessories","7":"product_cat-wholesale-hookah","9":"first","10":"instock","11":"shipping-taxable","12":"product-type-external"},"yoast_head":"<!-- This site is optimized with the Yoast SEO Premium plugin v24.7 (Yoast SEO v26.8) - https:\/\/yoast.com\/product\/yoast-seo-premium-wordpress\/ -->\n<title>Luxury 4 Hose Hookah Set Wholesale - Global Hookah<\/title>\n<meta name=\"robots\" content=\"index, follow, max-snippet:-1, max-image-preview:large, max-video-preview:-1\" \/>\n<link rel=\"canonical\" href=\"https:\/\/global-hookah.com\/de\/produkt\/luxus-4-schlauch-wasserpfeife-set-groshandel\/\" \/>\n<meta property=\"og:locale\" content=\"de_DE\" \/>\n<meta property=\"og:type\" content=\"article\" \/>\n<meta property=\"og:title\" content=\"Luxury 4 Hose Hookah Set Wholesale\" \/>\n<meta property=\"og:description\" content=\"I swear, this Luxury 4 Hose Hookah Set will definitely take your hookah experience to a new level! It uses\" \/>\n<meta property=\"og:url\" content=\"https:\/\/global-hookah.com\/de\/produkt\/luxus-4-schlauch-wasserpfeife-set-groshandel\/\" \/>\n<meta property=\"og:site_name\" content=\"Global Hookah\" \/>\n<meta property=\"article:modified_time\" content=\"2024-05-23T05:57:39+00:00\" \/>\n<meta property=\"og:image\" content=\"https:\/\/global-hookah.com\/wp-content\/uploads\/2024\/05\/1710824748408e9bc01d133b0ad8e3fb42fc971882_square.jpg\" \/>\n\t<meta property=\"og:image:width\" content=\"2000\" \/>\n\t<meta property=\"og:image:height\" content=\"2666\" \/>\n\t<meta property=\"og:image:type\" content=\"image\/jpeg\" \/>\n<meta name=\"twitter:card\" content=\"summary_large_image\" \/>\n<meta name=\"twitter:label1\" content=\"Gesch\u00e4tzte Lesezeit\" \/>\n\t<meta name=\"twitter:data1\" content=\"1\u00a0Minute\" \/>\n<script type=\"application\/ld+json\" class=\"yoast-schema-graph\">{\"@context\":\"https:\/\/schema.org\",\"@graph\":[{\"@type\":\"WebPage\",\"@id\":\"https:\/\/global-hookah.com\/de\/produkt\/luxus-4-schlauch-wasserpfeife-set-groshandel\/\",\"url\":\"https:\/\/global-hookah.com\/de\/produkt\/luxus-4-schlauch-wasserpfeife-set-groshandel\/\",\"name\":\"Luxury 4 Hose Hookah Set Wholesale - Global Hookah\",\"isPartOf\":{\"@id\":\"https:\/\/global-hookah.com\/#website\"},\"primaryImageOfPage\":{\"@id\":\"https:\/\/global-hookah.com\/de\/produkt\/luxus-4-schlauch-wasserpfeife-set-groshandel\/#primaryimage\"},\"image\":{\"@id\":\"https:\/\/global-hookah.com\/de\/produkt\/luxus-4-schlauch-wasserpfeife-set-groshandel\/#primaryimage\"},\"thumbnailUrl\":\"https:\/\/global-hookah.com\/wp-content\/uploads\/2024\/05\/1710824748408e9bc01d133b0ad8e3fb42fc971882_square-scaled.jpg\",\"datePublished\":\"2024-05-22T00:56:05+00:00\",\"dateModified\":\"2024-05-23T05:57:39+00:00\",\"breadcrumb\":{\"@id\":\"https:\/\/global-hookah.com\/de\/produkt\/luxus-4-schlauch-wasserpfeife-set-groshandel\/#breadcrumb\"},\"inLanguage\":\"de\",\"potentialAction\":[{\"@type\":\"ReadAction\",\"target\":[\"https:\/\/global-hookah.com\/de\/produkt\/luxus-4-schlauch-wasserpfeife-set-groshandel\/\"]}]},{\"@type\":\"ImageObject\",\"inLanguage\":\"de\",\"@id\":\"https:\/\/global-hookah.com\/de\/produkt\/luxus-4-schlauch-wasserpfeife-set-groshandel\/#primaryimage\",\"url\":\"https:\/\/global-hookah.com\/wp-content\/uploads\/2024\/05\/1710824748408e9bc01d133b0ad8e3fb42fc971882_square-scaled.jpg\",\"contentUrl\":\"https:\/\/global-hookah.com\/wp-content\/uploads\/2024\/05\/1710824748408e9bc01d133b0ad8e3fb42fc971882_square-scaled.jpg\",\"width\":1920,\"height\":2560,\"caption\":\"Luxury 4 Hose Hookah Set Wholesale\"},{\"@type\":\"BreadcrumbList\",\"@id\":\"https:\/\/global-hookah.com\/de\/produkt\/luxus-4-schlauch-wasserpfeife-set-groshandel\/#breadcrumb\",\"itemListElement\":[{\"@type\":\"ListItem\",\"position\":1,\"name\":\"Home\",\"item\":\"https:\/\/global-hookah.com\/\"},{\"@type\":\"ListItem\",\"position\":2,\"name\":\"Shop\",\"item\":\"https:\/\/global-hookah.com\/shop\/\"},{\"@type\":\"ListItem\",\"position\":3,\"name\":\"Luxury 4 Hose Hookah Set Wholesale\"}]},{\"@type\":\"WebSite\",\"@id\":\"https:\/\/global-hookah.com\/#website\",\"url\":\"https:\/\/global-hookah.com\/\",\"name\":\"Global Hookah\",\"description\":\"Global Hookah\",\"publisher\":{\"@id\":\"https:\/\/global-hookah.com\/#organization\"},\"potentialAction\":[{\"@type\":\"SearchAction\",\"target\":{\"@type\":\"EntryPoint\",\"urlTemplate\":\"https:\/\/global-hookah.com\/?s={search_term_string}\"},\"query-input\":{\"@type\":\"PropertyValueSpecification\",\"valueRequired\":true,\"valueName\":\"search_term_string\"}}],\"inLanguage\":\"de\"},{\"@type\":\"Organization\",\"@id\":\"https:\/\/global-hookah.com\/#organization\",\"name\":\"Global Hookah\",\"url\":\"https:\/\/global-hookah.com\/\",\"logo\":{\"@type\":\"ImageObject\",\"inLanguage\":\"de\",\"@id\":\"https:\/\/global-hookah.com\/#\/schema\/logo\/image\/\",\"url\":\"https:\/\/global-hookah.com\/wp-content\/uploads\/2021\/10\/cropped-fgg.png\",\"contentUrl\":\"https:\/\/global-hookah.com\/wp-content\/uploads\/2021\/10\/cropped-fgg.png\",\"width\":512,\"height\":512,\"caption\":\"Global Hookah\"},\"image\":{\"@id\":\"https:\/\/global-hookah.com\/#\/schema\/logo\/image\/\"}}]}<\/script>\n<!-- \/ Yoast SEO Premium plugin. -->","yoast_head_json":{"title":"Luxus 4 Schlauch Hookah Set Gro\u00dfhandel - Global Hookah","robots":{"index":"index","follow":"follow","max-snippet":"max-snippet:-1","max-image-preview":"max-image-preview:large","max-video-preview":"max-video-preview:-1"},"canonical":"https:\/\/global-hookah.com\/de\/produkt\/luxus-4-schlauch-wasserpfeife-set-groshandel\/","og_locale":"de_DE","og_type":"article","og_title":"Luxury 4 Hose Hookah Set Wholesale","og_description":"I swear, this Luxury 4 Hose Hookah Set will definitely take your hookah experience to a new level! It uses","og_url":"https:\/\/global-hookah.com\/de\/produkt\/luxus-4-schlauch-wasserpfeife-set-groshandel\/","og_site_name":"Global Hookah","article_modified_time":"2024-05-23T05:57:39+00:00","og_image":[{"width":2000,"height":2666,"url":"https:\/\/global-hookah.com\/wp-content\/uploads\/2024\/05\/1710824748408e9bc01d133b0ad8e3fb42fc971882_square.jpg","type":"image\/jpeg"}],"twitter_card":"summary_large_image","twitter_misc":{"Gesch\u00e4tzte Lesezeit":"1\u00a0Minute"},"schema":{"@context":"https:\/\/schema.org","@graph":[{"@type":"WebPage","@id":"https:\/\/global-hookah.com\/de\/produkt\/luxus-4-schlauch-wasserpfeife-set-groshandel\/","url":"https:\/\/global-hookah.com\/de\/produkt\/luxus-4-schlauch-wasserpfeife-set-groshandel\/","name":"Luxus 4 Schlauch Hookah Set Gro\u00dfhandel - Global Hookah","isPartOf":{"@id":"https:\/\/global-hookah.com\/#website"},"primaryImageOfPage":{"@id":"https:\/\/global-hookah.com\/de\/produkt\/luxus-4-schlauch-wasserpfeife-set-groshandel\/#primaryimage"},"image":{"@id":"https:\/\/global-hookah.com\/de\/produkt\/luxus-4-schlauch-wasserpfeife-set-groshandel\/#primaryimage"},"thumbnailUrl":"https:\/\/global-hookah.com\/wp-content\/uploads\/2024\/05\/1710824748408e9bc01d133b0ad8e3fb42fc971882_square-scaled.jpg","datePublished":"2024-05-22T00:56:05+00:00","dateModified":"2024-05-23T05:57:39+00:00","breadcrumb":{"@id":"https:\/\/global-hookah.com\/de\/produkt\/luxus-4-schlauch-wasserpfeife-set-groshandel\/#breadcrumb"},"inLanguage":"de","potentialAction":[{"@type":"ReadAction","target":["https:\/\/global-hookah.com\/de\/produkt\/luxus-4-schlauch-wasserpfeife-set-groshandel\/"]}]},{"@type":"ImageObject","inLanguage":"de","@id":"https:\/\/global-hookah.com\/de\/produkt\/luxus-4-schlauch-wasserpfeife-set-groshandel\/#primaryimage","url":"https:\/\/global-hookah.com\/wp-content\/uploads\/2024\/05\/1710824748408e9bc01d133b0ad8e3fb42fc971882_square-scaled.jpg","contentUrl":"https:\/\/global-hookah.com\/wp-content\/uploads\/2024\/05\/1710824748408e9bc01d133b0ad8e3fb42fc971882_square-scaled.jpg","width":1920,"height":2560,"caption":"Luxury 4 Hose Hookah Set Wholesale"},{"@type":"BreadcrumbList","@id":"https:\/\/global-hookah.com\/de\/produkt\/luxus-4-schlauch-wasserpfeife-set-groshandel\/#breadcrumb","itemListElement":[{"@type":"ListItem","position":1,"name":"Home","item":"https:\/\/global-hookah.com\/"},{"@type":"ListItem","position":2,"name":"Shop","item":"https:\/\/global-hookah.com\/shop\/"},{"@type":"ListItem","position":3,"name":"Luxury 4 Hose Hookah Set Wholesale"}]},{"@type":"WebSite","@id":"https:\/\/global-hookah.com\/#website","url":"https:\/\/global-hookah.com\/","name":"Globale Wasserpfeife","description":"Globale Wasserpfeife","publisher":{"@id":"https:\/\/global-hookah.com\/#organization"},"potentialAction":[{"@type":"SearchAction","target":{"@type":"EntryPoint","urlTemplate":"https:\/\/global-hookah.com\/?s={search_term_string}"},"query-input":{"@type":"PropertyValueSpecification","valueRequired":true,"valueName":"search_term_string"}}],"inLanguage":"de"},{"@type":"Organization","@id":"https:\/\/global-hookah.com\/#organization","name":"Globale Wasserpfeife","url":"https:\/\/global-hookah.com\/","logo":{"@type":"ImageObject","inLanguage":"de","@id":"https:\/\/global-hookah.com\/#\/schema\/logo\/image\/","url":"https:\/\/global-hookah.com\/wp-content\/uploads\/2021\/10\/cropped-fgg.png","contentUrl":"https:\/\/global-hookah.com\/wp-content\/uploads\/2021\/10\/cropped-fgg.png","width":512,"height":512,"caption":"Global Hookah"},"image":{"@id":"https:\/\/global-hookah.com\/#\/schema\/logo\/image\/"}}]}},"_links":{"self":[{"href":"https:\/\/global-hookah.com\/de\/wp-json\/wp\/v2\/product\/25195","targetHints":{"allow":["GET"]}}],"collection":[{"href":"https:\/\/global-hookah.com\/de\/wp-json\/wp\/v2\/product"}],"about":[{"href":"https:\/\/global-hookah.com\/de\/wp-json\/wp\/v2\/types\/product"}],"replies":[{"embeddable":true,"href":"https:\/\/global-hookah.com\/de\/wp-json\/wp\/v2\/comments?post=25195"}],"version-history":[{"count":0,"href":"https:\/\/global-hookah.com\/de\/wp-json\/wp\/v2\/product\/25195\/revisions"}],"wp:featuredmedia":[{"embeddable":true,"href":"https:\/\/global-hookah.com\/de\/wp-json\/wp\/v2\/media\/25387"}],"wp:attachment":[{"href":"https:\/\/global-hookah.com\/de\/wp-json\/wp\/v2\/media?parent=25195"}],"wp:term":[{"taxonomy":"product_brand","embeddable":true,"href":"https:\/\/global-hookah.com\/de\/wp-json\/wp\/v2\/product_brand?post=25195"},{"taxonomy":"product_cat","embeddable":true,"href":"https:\/\/global-hookah.com\/de\/wp-json\/wp\/v2\/product_cat?post=25195"},{"taxonomy":"product_tag","embeddable":true,"href":"https:\/\/global-hookah.com\/de\/wp-json\/wp\/v2\/product_tag?post=25195"}],"curies":[{"name":"wp","href":"https:\/\/api.w.org\/{rel}","templated":true}]}}