{"id":25220,"date":"2024-05-22T00:56:07","date_gmt":"2024-05-22T00:56:07","guid":{"rendered":"https:\/\/global-hookah.com\/product\/1pc-german-quality-complete-hookah-set-with-silicone-hose-and-glass-hookah-green\/"},"modified":"2024-05-30T03:51:40","modified_gmt":"2024-05-30T03:51:40","slug":"russian-glass-hookah-set-wholesale-3","status":"publish","type":"product","link":"https:\/\/global-hookah.com\/de\/produkt\/russian-glass-hookah-set-wholesale-3\/","title":{"rendered":"Russisches Glas Hookah Set Gro\u00dfhandel"},"content":{"rendered":"<p>Diese <strong>Russische Glas Wasserpfeife Set<\/strong> wird von unseren Handwerkern in Handarbeit aus hochwertigem Borosilikatglas hergestellt - beachten Sie, dass Borosilikatglas wohl das beste Material f\u00fcr die sanftesten Treffer ist. Es kann Temperaturen von bis zu 160\u00b0C standhalten,<\/p>\n<p>Ein weiterer H\u00f6hepunkt dieser<strong> Russische Wasserpfeife aus Glas<\/strong> ist das leichte Design mit einer gro\u00dfen Kapazit\u00e4t. Dies gibt dem Rauch weniger Widerstand f\u00fcr die vollsten, geschmackvollsten Z\u00fcge m\u00f6glich, viel besser als Metall oder <a href=\"https:\/\/global-hookah.com\/product\/plastic-hookah-wholesale\/\">Plastik Wasserpfeife<\/a>. Sie werden die nat\u00fcrliche Essenz des Tabaks bei jedem Zug schmecken!<br \/>\nDie <strong>Russisches Wasserpfeifen-Set<\/strong> verwendet einen speziell angefertigten Diamantboden aus Glas, um die Stabilit\u00e4t zu verbessern. Der obere Schlauchanschluss kann um 360\u00b0 gedreht werden, um ein Verdrehen des Schlauchs zu verhindern. Er wird mit einer soliden Windabdeckung f\u00fcr einen gleichm\u00e4\u00dfigen Luftstrom geliefert.<\/p>\n<p>Im Inneren findest Du ein doppeltes Filtersystem, einschlie\u00dflich eines leistungsstarken Zyklon-Diffusors, der Verunreinigungen und Teerpartikel perfekt auff\u00e4ngt und Dir den saubersten, sanftesten Zug bietet. Nur das beste aus Deutschland importierte Silikon in medizinischer Qualit\u00e4t wird f\u00fcr den Schlauch und die Anschl\u00fcsse verwendet, um eine luftdichte Perfektion zu gew\u00e4hrleisten.<\/p>\n<p>Wir <a href=\"https:\/\/global-hookah.com\/product\/premium-hookah-set-glass-shisha-set-wholesale\/\">Gro\u00dfhandel eine breite Palette von stilvollen Glas Shisha<\/a> Designs f\u00fcr jeden pers\u00f6nlichen Geschmack, egal ob Sie Produkte f\u00fcr einen Smoke-Shop oder eine Shisha-Lounge suchen, wir sind Ihr geeigneter Shisha-Gro\u00dfh\u00e4ndler<\/p>","protected":false},"excerpt":{"rendered":"<p>Dieses russische Glas-Hookah-Set wird von unseren Handwerkern aus hochwertigem Borosilikatglas handgefertigt - beachten Sie, dass Borosilikatglas<\/p>","protected":false},"featured_media":25410,"comment_status":"closed","ping_status":"closed","template":"","meta":{"iawp_total_views":4,"_joinchat":[]},"product_brand":[],"product_cat":[415,119],"product_tag":[],"class_list":{"0":"post-25220","1":"product","2":"type-product","3":"status-publish","4":"has-post-thumbnail","6":"product_cat-accessories","7":"product_cat-wholesale-hookah","9":"first","10":"instock","11":"shipping-taxable","12":"product-type-external"},"yoast_head":"<!-- This site is optimized with the Yoast SEO Premium plugin v24.7 (Yoast SEO v26.8) - https:\/\/yoast.com\/product\/yoast-seo-premium-wordpress\/ -->\n<title>Russian Glass Hookah Set Wholesale - Global Hookah<\/title>\n<meta name=\"robots\" content=\"index, follow, max-snippet:-1, max-image-preview:large, max-video-preview:-1\" \/>\n<link rel=\"canonical\" href=\"https:\/\/global-hookah.com\/de\/produkt\/russian-glass-hookah-set-wholesale-3\/\" \/>\n<meta property=\"og:locale\" content=\"de_DE\" \/>\n<meta property=\"og:type\" content=\"article\" \/>\n<meta property=\"og:title\" content=\"Russian Glass Hookah Set Wholesale\" \/>\n<meta property=\"og:description\" content=\"This Russian Glass Hookah Set is handcrafted by our craftsmen using top-quality borosilicate glass &#8211; be aware that borosilicate glass\" \/>\n<meta property=\"og:url\" content=\"https:\/\/global-hookah.com\/de\/produkt\/russian-glass-hookah-set-wholesale-3\/\" \/>\n<meta property=\"og:site_name\" content=\"Global Hookah\" \/>\n<meta property=\"article:modified_time\" content=\"2024-05-30T03:51:40+00:00\" \/>\n<meta property=\"og:image\" content=\"https:\/\/global-hookah.com\/wp-content\/uploads\/2024\/05\/1713166722d63dfd9e7d334139cb75d1a67cfb83ee_square.jpg\" \/>\n\t<meta property=\"og:image:width\" content=\"900\" \/>\n\t<meta property=\"og:image:height\" content=\"1200\" \/>\n\t<meta property=\"og:image:type\" content=\"image\/jpeg\" \/>\n<meta name=\"twitter:card\" content=\"summary_large_image\" \/>\n<meta name=\"twitter:label1\" content=\"Gesch\u00e4tzte Lesezeit\" \/>\n\t<meta name=\"twitter:data1\" content=\"1\u00a0Minute\" \/>\n<script type=\"application\/ld+json\" class=\"yoast-schema-graph\">{\"@context\":\"https:\/\/schema.org\",\"@graph\":[{\"@type\":\"WebPage\",\"@id\":\"https:\/\/global-hookah.com\/product\/russian-glass-hookah-set-wholesale-3\/\",\"url\":\"https:\/\/global-hookah.com\/product\/russian-glass-hookah-set-wholesale-3\/\",\"name\":\"Russian Glass Hookah Set Wholesale - Global Hookah\",\"isPartOf\":{\"@id\":\"https:\/\/global-hookah.com\/#website\"},\"primaryImageOfPage\":{\"@id\":\"https:\/\/global-hookah.com\/product\/russian-glass-hookah-set-wholesale-3\/#primaryimage\"},\"image\":{\"@id\":\"https:\/\/global-hookah.com\/product\/russian-glass-hookah-set-wholesale-3\/#primaryimage\"},\"thumbnailUrl\":\"https:\/\/global-hookah.com\/wp-content\/uploads\/2024\/05\/1713166722d63dfd9e7d334139cb75d1a67cfb83ee_square.jpg\",\"datePublished\":\"2024-05-22T00:56:07+00:00\",\"dateModified\":\"2024-05-30T03:51:40+00:00\",\"breadcrumb\":{\"@id\":\"https:\/\/global-hookah.com\/product\/russian-glass-hookah-set-wholesale-3\/#breadcrumb\"},\"inLanguage\":\"de\",\"potentialAction\":[{\"@type\":\"ReadAction\",\"target\":[\"https:\/\/global-hookah.com\/product\/russian-glass-hookah-set-wholesale-3\/\"]}]},{\"@type\":\"ImageObject\",\"inLanguage\":\"de\",\"@id\":\"https:\/\/global-hookah.com\/product\/russian-glass-hookah-set-wholesale-3\/#primaryimage\",\"url\":\"https:\/\/global-hookah.com\/wp-content\/uploads\/2024\/05\/1713166722d63dfd9e7d334139cb75d1a67cfb83ee_square.jpg\",\"contentUrl\":\"https:\/\/global-hookah.com\/wp-content\/uploads\/2024\/05\/1713166722d63dfd9e7d334139cb75d1a67cfb83ee_square.jpg\",\"width\":900,\"height\":1200,\"caption\":\"Russian Glass Hookah Set Wholesale\"},{\"@type\":\"BreadcrumbList\",\"@id\":\"https:\/\/global-hookah.com\/product\/russian-glass-hookah-set-wholesale-3\/#breadcrumb\",\"itemListElement\":[{\"@type\":\"ListItem\",\"position\":1,\"name\":\"Home\",\"item\":\"https:\/\/global-hookah.com\/\"},{\"@type\":\"ListItem\",\"position\":2,\"name\":\"Shop\",\"item\":\"https:\/\/global-hookah.com\/shop\/\"},{\"@type\":\"ListItem\",\"position\":3,\"name\":\"Russian Glass Hookah Set Wholesale\"}]},{\"@type\":\"WebSite\",\"@id\":\"https:\/\/global-hookah.com\/#website\",\"url\":\"https:\/\/global-hookah.com\/\",\"name\":\"Global Hookah\",\"description\":\"Global Hookah\",\"publisher\":{\"@id\":\"https:\/\/global-hookah.com\/#organization\"},\"potentialAction\":[{\"@type\":\"SearchAction\",\"target\":{\"@type\":\"EntryPoint\",\"urlTemplate\":\"https:\/\/global-hookah.com\/?s={search_term_string}\"},\"query-input\":{\"@type\":\"PropertyValueSpecification\",\"valueRequired\":true,\"valueName\":\"search_term_string\"}}],\"inLanguage\":\"de\"},{\"@type\":\"Organization\",\"@id\":\"https:\/\/global-hookah.com\/#organization\",\"name\":\"Global Hookah\",\"url\":\"https:\/\/global-hookah.com\/\",\"logo\":{\"@type\":\"ImageObject\",\"inLanguage\":\"de\",\"@id\":\"https:\/\/global-hookah.com\/#\/schema\/logo\/image\/\",\"url\":\"https:\/\/global-hookah.com\/wp-content\/uploads\/2021\/10\/cropped-fgg.png\",\"contentUrl\":\"https:\/\/global-hookah.com\/wp-content\/uploads\/2021\/10\/cropped-fgg.png\",\"width\":512,\"height\":512,\"caption\":\"Global Hookah\"},\"image\":{\"@id\":\"https:\/\/global-hookah.com\/#\/schema\/logo\/image\/\"}}]}<\/script>\n<!-- \/ Yoast SEO Premium plugin. -->","yoast_head_json":{"title":"Russische Glas Wasserpfeife Set Gro\u00dfhandel - Global Hookah","robots":{"index":"index","follow":"follow","max-snippet":"max-snippet:-1","max-image-preview":"max-image-preview:large","max-video-preview":"max-video-preview:-1"},"canonical":"https:\/\/global-hookah.com\/de\/produkt\/russian-glass-hookah-set-wholesale-3\/","og_locale":"de_DE","og_type":"article","og_title":"Russian Glass Hookah Set Wholesale","og_description":"This Russian Glass Hookah Set is handcrafted by our craftsmen using top-quality borosilicate glass &#8211; be aware that borosilicate glass","og_url":"https:\/\/global-hookah.com\/de\/produkt\/russian-glass-hookah-set-wholesale-3\/","og_site_name":"Global Hookah","article_modified_time":"2024-05-30T03:51:40+00:00","og_image":[{"width":900,"height":1200,"url":"https:\/\/global-hookah.com\/wp-content\/uploads\/2024\/05\/1713166722d63dfd9e7d334139cb75d1a67cfb83ee_square.jpg","type":"image\/jpeg"}],"twitter_card":"summary_large_image","twitter_misc":{"Gesch\u00e4tzte Lesezeit":"1\u00a0Minute"},"schema":{"@context":"https:\/\/schema.org","@graph":[{"@type":"WebPage","@id":"https:\/\/global-hookah.com\/product\/russian-glass-hookah-set-wholesale-3\/","url":"https:\/\/global-hookah.com\/product\/russian-glass-hookah-set-wholesale-3\/","name":"Russische Glas Wasserpfeife Set Gro\u00dfhandel - Global Hookah","isPartOf":{"@id":"https:\/\/global-hookah.com\/#website"},"primaryImageOfPage":{"@id":"https:\/\/global-hookah.com\/product\/russian-glass-hookah-set-wholesale-3\/#primaryimage"},"image":{"@id":"https:\/\/global-hookah.com\/product\/russian-glass-hookah-set-wholesale-3\/#primaryimage"},"thumbnailUrl":"https:\/\/global-hookah.com\/wp-content\/uploads\/2024\/05\/1713166722d63dfd9e7d334139cb75d1a67cfb83ee_square.jpg","datePublished":"2024-05-22T00:56:07+00:00","dateModified":"2024-05-30T03:51:40+00:00","breadcrumb":{"@id":"https:\/\/global-hookah.com\/product\/russian-glass-hookah-set-wholesale-3\/#breadcrumb"},"inLanguage":"de","potentialAction":[{"@type":"ReadAction","target":["https:\/\/global-hookah.com\/product\/russian-glass-hookah-set-wholesale-3\/"]}]},{"@type":"ImageObject","inLanguage":"de","@id":"https:\/\/global-hookah.com\/product\/russian-glass-hookah-set-wholesale-3\/#primaryimage","url":"https:\/\/global-hookah.com\/wp-content\/uploads\/2024\/05\/1713166722d63dfd9e7d334139cb75d1a67cfb83ee_square.jpg","contentUrl":"https:\/\/global-hookah.com\/wp-content\/uploads\/2024\/05\/1713166722d63dfd9e7d334139cb75d1a67cfb83ee_square.jpg","width":900,"height":1200,"caption":"Russian Glass Hookah Set Wholesale"},{"@type":"BreadcrumbList","@id":"https:\/\/global-hookah.com\/product\/russian-glass-hookah-set-wholesale-3\/#breadcrumb","itemListElement":[{"@type":"ListItem","position":1,"name":"Home","item":"https:\/\/global-hookah.com\/"},{"@type":"ListItem","position":2,"name":"Shop","item":"https:\/\/global-hookah.com\/shop\/"},{"@type":"ListItem","position":3,"name":"Russian Glass Hookah Set Wholesale"}]},{"@type":"WebSite","@id":"https:\/\/global-hookah.com\/#website","url":"https:\/\/global-hookah.com\/","name":"Globale Wasserpfeife","description":"Globale Wasserpfeife","publisher":{"@id":"https:\/\/global-hookah.com\/#organization"},"potentialAction":[{"@type":"SearchAction","target":{"@type":"EntryPoint","urlTemplate":"https:\/\/global-hookah.com\/?s={search_term_string}"},"query-input":{"@type":"PropertyValueSpecification","valueRequired":true,"valueName":"search_term_string"}}],"inLanguage":"de"},{"@type":"Organization","@id":"https:\/\/global-hookah.com\/#organization","name":"Globale Wasserpfeife","url":"https:\/\/global-hookah.com\/","logo":{"@type":"ImageObject","inLanguage":"de","@id":"https:\/\/global-hookah.com\/#\/schema\/logo\/image\/","url":"https:\/\/global-hookah.com\/wp-content\/uploads\/2021\/10\/cropped-fgg.png","contentUrl":"https:\/\/global-hookah.com\/wp-content\/uploads\/2021\/10\/cropped-fgg.png","width":512,"height":512,"caption":"Global Hookah"},"image":{"@id":"https:\/\/global-hookah.com\/#\/schema\/logo\/image\/"}}]}},"_links":{"self":[{"href":"https:\/\/global-hookah.com\/de\/wp-json\/wp\/v2\/product\/25220","targetHints":{"allow":["GET"]}}],"collection":[{"href":"https:\/\/global-hookah.com\/de\/wp-json\/wp\/v2\/product"}],"about":[{"href":"https:\/\/global-hookah.com\/de\/wp-json\/wp\/v2\/types\/product"}],"replies":[{"embeddable":true,"href":"https:\/\/global-hookah.com\/de\/wp-json\/wp\/v2\/comments?post=25220"}],"version-history":[{"count":0,"href":"https:\/\/global-hookah.com\/de\/wp-json\/wp\/v2\/product\/25220\/revisions"}],"wp:featuredmedia":[{"embeddable":true,"href":"https:\/\/global-hookah.com\/de\/wp-json\/wp\/v2\/media\/25410"}],"wp:attachment":[{"href":"https:\/\/global-hookah.com\/de\/wp-json\/wp\/v2\/media?parent=25220"}],"wp:term":[{"taxonomy":"product_brand","embeddable":true,"href":"https:\/\/global-hookah.com\/de\/wp-json\/wp\/v2\/product_brand?post=25220"},{"taxonomy":"product_cat","embeddable":true,"href":"https:\/\/global-hookah.com\/de\/wp-json\/wp\/v2\/product_cat?post=25220"},{"taxonomy":"product_tag","embeddable":true,"href":"https:\/\/global-hookah.com\/de\/wp-json\/wp\/v2\/product_tag?post=25220"}],"curies":[{"name":"wp","href":"https:\/\/api.w.org\/{rel}","templated":true}]}}