{"id":25237,"date":"2024-05-22T00:56:08","date_gmt":"2024-05-22T00:56:08","guid":{"rendered":"https:\/\/global-hookah.com\/product\/1pc-arabic-shisha-hookah-large-size-aluminum-alloy-spring-design-hookah-with-silicon-hose-aluminum-handle-spring-guard-clip-ceramic-bowl-hand-blown-colored-glaze-glass-bottle-red\/"},"modified":"2024-05-30T03:51:39","modified_gmt":"2024-05-30T03:51:39","slug":"aluminum-alloy-modern-hookah-pipe-wholesale","status":"publish","type":"product","link":"https:\/\/global-hookah.com\/de\/produkt\/aluminum-alloy-modern-hookah-pipe-wholesale\/","title":{"rendered":"Aluminiumlegierung Modern Hookah Rohr Gro\u00dfhandel"},"content":{"rendered":"<table>\n<tbody>\n<tr>\n<td>Farbe<\/td>\n<td>Rot<\/td>\n<\/tr>\n<tr>\n<td>Material<\/td>\n<td>Aluminium-Legierung<\/td>\n<\/tr>\n<tr>\n<td>Stromversorgung<\/td>\n<td>Keine<\/td>\n<\/tr>\n<tr>\n<td>Inklusive Batterien<\/td>\n<td>Nein<\/td>\n<\/tr>\n<\/tbody>\n<\/table>\n<ul>\n<li><strong>Gesamth\u00f6he<\/strong>: 60 cm \/ 23,62 Zoll<\/li>\n<li><strong>Tablett-Durchmesser<\/strong>: 20 cm \/ 7,87 Zoll<\/li>\n<li><strong>Eigenschaften<\/strong>:\n<ul>\n<li>Schnellverschluss-System, einfach zu installieren<\/li>\n<li>Hochwertiger Schlauch, Aluminiumgriff<\/li>\n<li>Anders als bei einem durchschnittlichen <a href=\"https:\/\/global-hookah.com\/product-category\/wholesale-hookah\/glass-hookah-wholesale\/\">Glaswasserpfeife<\/a>diese <strong>Aluminiumlegierung Modernes Wasserpfeifenrohr<\/strong> nutzt ein Zirkulationsdesign, das den Rauch durch mehrere Filterstufen zirkulieren l\u00e4sst - wir sprechen hier von einer Gl\u00e4ttung und K\u00fchlung der n\u00e4chsten Stufe. Die Verbindungen und Wege sind alle fein poliert, um Verunreinigungen abzufangen, so dass jeder Zug, den Du nimmst, die nat\u00fcrliche Essenz Deines Tabaks oder Marihuanas hervorhebt, frei von jeglicher Sch\u00e4rfe. <a href=\"https:\/\/global-hookah.com\/product\/bar-aluminum-social-smoke-hookah-pipe\/\">Aluminiumgeh\u00e4use bedeutet h\u00f6chste Robustheit, w\u00e4hrend das mittelgro\u00dfe Rohr<\/a> mit einem Eisw\u00fcrfelbeh\u00e4lter bietet eine gro\u00dfe K\u00fchloberfl\u00e4che. Legen Sie einfach ein paar Eisw\u00fcrfel in den Auffangbeh\u00e4lter und sehen Sie zu, wie Ihr Rauch abk\u00fchlt, bevor er \u00fcberhaupt Ihren Mund erreicht! Noch interessanter ist die Recycler-Kammer. Sie filtert und k\u00fchlt den zirkulierenden Rauch kontinuierlich - und sorgt so f\u00fcr erfrischenden Rauch!\n<p>Mit den leicht abnehmbaren Modulen brauchen Sie sich um die Reinigung nicht zu k\u00fcmmern. Sanit\u00e4rprofis raten, regelm\u00e4\u00dfig alle Bakterienansammlungen zu entfernen, die mit der Zeit Ihre Atemwege reizen k\u00f6nnten. Aber mit all diesen praktischen Funktionen ist dieses <strong>moderne Wasserpfeife<\/strong> ist die Reinigung ein Kinderspiel!<\/li>\n<\/ul>\n<\/li>\n<\/ul>","protected":false},"excerpt":{"rendered":"<p>Farbe: Rot Material: Aluminiumlegierung Stromversorgung: Keine Batterien: Nein Gesamth\u00f6he: 60 cm \/ 23,62 Zoll Tablettdurchmesser:<\/p>","protected":false},"featured_media":25426,"comment_status":"closed","ping_status":"closed","template":"","meta":{"iawp_total_views":0,"_joinchat":[]},"product_brand":[],"product_cat":[415,119],"product_tag":[],"class_list":{"0":"post-25237","1":"product","2":"type-product","3":"status-publish","4":"has-post-thumbnail","6":"product_cat-accessories","7":"product_cat-wholesale-hookah","9":"first","10":"instock","11":"shipping-taxable","12":"product-type-external"},"yoast_head":"<!-- This site is optimized with the Yoast SEO Premium plugin v24.7 (Yoast SEO v26.8) - https:\/\/yoast.com\/product\/yoast-seo-premium-wordpress\/ -->\n<title>Aluminum Alloy Modern Hookah Pipe Wholesale - Global Hookah<\/title>\n<meta name=\"robots\" content=\"index, follow, max-snippet:-1, max-image-preview:large, max-video-preview:-1\" \/>\n<link rel=\"canonical\" href=\"https:\/\/global-hookah.com\/de\/producto\/aluminum-alloy-modern-hookah-pipe-wholesale\/\" \/>\n<meta property=\"og:locale\" content=\"de_DE\" \/>\n<meta property=\"og:type\" content=\"article\" \/>\n<meta property=\"og:title\" content=\"Aluminum Alloy Modern Hookah Pipe Wholesale\" \/>\n<meta property=\"og:description\" content=\"Color Red Material Aluminum Alloy Power Supply None Batteries Included No Total Height: 60 cm \/ 23.62 inches Tray Diameter:\" \/>\n<meta property=\"og:url\" content=\"https:\/\/global-hookah.com\/de\/producto\/aluminum-alloy-modern-hookah-pipe-wholesale\/\" \/>\n<meta property=\"og:site_name\" content=\"Global Hookah\" \/>\n<meta property=\"article:modified_time\" content=\"2024-05-30T03:51:39+00:00\" \/>\n<meta property=\"og:image\" content=\"https:\/\/global-hookah.com\/wp-content\/uploads\/2024\/05\/1713236988ecd2c180ae3ed2c4e2428e0998aee193_square.jpg\" \/>\n\t<meta property=\"og:image:width\" content=\"900\" \/>\n\t<meta property=\"og:image:height\" content=\"1200\" \/>\n\t<meta property=\"og:image:type\" content=\"image\/jpeg\" \/>\n<meta name=\"twitter:card\" content=\"summary_large_image\" \/>\n<meta name=\"twitter:label1\" content=\"Gesch\u00e4tzte Lesezeit\" \/>\n\t<meta name=\"twitter:data1\" content=\"1\u00a0Minute\" \/>\n<script type=\"application\/ld+json\" class=\"yoast-schema-graph\">{\"@context\":\"https:\/\/schema.org\",\"@graph\":[{\"@type\":\"WebPage\",\"@id\":\"https:\/\/global-hookah.com\/es\/producto\/aluminum-alloy-modern-hookah-pipe-wholesale\/\",\"url\":\"https:\/\/global-hookah.com\/es\/producto\/aluminum-alloy-modern-hookah-pipe-wholesale\/\",\"name\":\"Aluminum Alloy Modern Hookah Pipe Wholesale - Global Hookah\",\"isPartOf\":{\"@id\":\"https:\/\/global-hookah.com\/#website\"},\"primaryImageOfPage\":{\"@id\":\"https:\/\/global-hookah.com\/es\/producto\/aluminum-alloy-modern-hookah-pipe-wholesale\/#primaryimage\"},\"image\":{\"@id\":\"https:\/\/global-hookah.com\/es\/producto\/aluminum-alloy-modern-hookah-pipe-wholesale\/#primaryimage\"},\"thumbnailUrl\":\"https:\/\/global-hookah.com\/wp-content\/uploads\/2024\/05\/1713236988ecd2c180ae3ed2c4e2428e0998aee193_square.jpg\",\"datePublished\":\"2024-05-22T00:56:08+00:00\",\"dateModified\":\"2024-05-30T03:51:39+00:00\",\"breadcrumb\":{\"@id\":\"https:\/\/global-hookah.com\/es\/producto\/aluminum-alloy-modern-hookah-pipe-wholesale\/#breadcrumb\"},\"inLanguage\":\"de\",\"potentialAction\":[{\"@type\":\"ReadAction\",\"target\":[\"https:\/\/global-hookah.com\/es\/producto\/aluminum-alloy-modern-hookah-pipe-wholesale\/\"]}]},{\"@type\":\"ImageObject\",\"inLanguage\":\"de\",\"@id\":\"https:\/\/global-hookah.com\/es\/producto\/aluminum-alloy-modern-hookah-pipe-wholesale\/#primaryimage\",\"url\":\"https:\/\/global-hookah.com\/wp-content\/uploads\/2024\/05\/1713236988ecd2c180ae3ed2c4e2428e0998aee193_square.jpg\",\"contentUrl\":\"https:\/\/global-hookah.com\/wp-content\/uploads\/2024\/05\/1713236988ecd2c180ae3ed2c4e2428e0998aee193_square.jpg\",\"width\":900,\"height\":1200,\"caption\":\"Aluminum Alloy Modern Hookah Pipe Wholesale\"},{\"@type\":\"BreadcrumbList\",\"@id\":\"https:\/\/global-hookah.com\/es\/producto\/aluminum-alloy-modern-hookah-pipe-wholesale\/#breadcrumb\",\"itemListElement\":[{\"@type\":\"ListItem\",\"position\":1,\"name\":\"Home\",\"item\":\"https:\/\/global-hookah.com\/\"},{\"@type\":\"ListItem\",\"position\":2,\"name\":\"Shop\",\"item\":\"https:\/\/global-hookah.com\/shop\/\"},{\"@type\":\"ListItem\",\"position\":3,\"name\":\"Aluminum Alloy Modern Hookah Pipe Wholesale\"}]},{\"@type\":\"WebSite\",\"@id\":\"https:\/\/global-hookah.com\/#website\",\"url\":\"https:\/\/global-hookah.com\/\",\"name\":\"Global Hookah\",\"description\":\"Global Hookah\",\"publisher\":{\"@id\":\"https:\/\/global-hookah.com\/#organization\"},\"potentialAction\":[{\"@type\":\"SearchAction\",\"target\":{\"@type\":\"EntryPoint\",\"urlTemplate\":\"https:\/\/global-hookah.com\/?s={search_term_string}\"},\"query-input\":{\"@type\":\"PropertyValueSpecification\",\"valueRequired\":true,\"valueName\":\"search_term_string\"}}],\"inLanguage\":\"de\"},{\"@type\":\"Organization\",\"@id\":\"https:\/\/global-hookah.com\/#organization\",\"name\":\"Global Hookah\",\"url\":\"https:\/\/global-hookah.com\/\",\"logo\":{\"@type\":\"ImageObject\",\"inLanguage\":\"de\",\"@id\":\"https:\/\/global-hookah.com\/#\/schema\/logo\/image\/\",\"url\":\"https:\/\/global-hookah.com\/wp-content\/uploads\/2021\/10\/cropped-fgg.png\",\"contentUrl\":\"https:\/\/global-hookah.com\/wp-content\/uploads\/2021\/10\/cropped-fgg.png\",\"width\":512,\"height\":512,\"caption\":\"Global Hookah\"},\"image\":{\"@id\":\"https:\/\/global-hookah.com\/#\/schema\/logo\/image\/\"}}]}<\/script>\n<!-- \/ Yoast SEO Premium plugin. -->","yoast_head_json":{"title":"Aluminium-Legierung Moderne Wasserpfeife Rohr Gro\u00dfhandel - Global Hookah","robots":{"index":"index","follow":"follow","max-snippet":"max-snippet:-1","max-image-preview":"max-image-preview:large","max-video-preview":"max-video-preview:-1"},"canonical":"https:\/\/global-hookah.com\/de\/producto\/aluminum-alloy-modern-hookah-pipe-wholesale\/","og_locale":"de_DE","og_type":"article","og_title":"Aluminum Alloy Modern Hookah Pipe Wholesale","og_description":"Color Red Material Aluminum Alloy Power Supply None Batteries Included No Total Height: 60 cm \/ 23.62 inches Tray Diameter:","og_url":"https:\/\/global-hookah.com\/de\/producto\/aluminum-alloy-modern-hookah-pipe-wholesale\/","og_site_name":"Global Hookah","article_modified_time":"2024-05-30T03:51:39+00:00","og_image":[{"width":900,"height":1200,"url":"https:\/\/global-hookah.com\/wp-content\/uploads\/2024\/05\/1713236988ecd2c180ae3ed2c4e2428e0998aee193_square.jpg","type":"image\/jpeg"}],"twitter_card":"summary_large_image","twitter_misc":{"Gesch\u00e4tzte Lesezeit":"1\u00a0Minute"},"schema":{"@context":"https:\/\/schema.org","@graph":[{"@type":"WebPage","@id":"https:\/\/global-hookah.com\/es\/producto\/aluminum-alloy-modern-hookah-pipe-wholesale\/","url":"https:\/\/global-hookah.com\/es\/producto\/aluminum-alloy-modern-hookah-pipe-wholesale\/","name":"Aluminium-Legierung Moderne Wasserpfeife Rohr Gro\u00dfhandel - Global Hookah","isPartOf":{"@id":"https:\/\/global-hookah.com\/#website"},"primaryImageOfPage":{"@id":"https:\/\/global-hookah.com\/es\/producto\/aluminum-alloy-modern-hookah-pipe-wholesale\/#primaryimage"},"image":{"@id":"https:\/\/global-hookah.com\/es\/producto\/aluminum-alloy-modern-hookah-pipe-wholesale\/#primaryimage"},"thumbnailUrl":"https:\/\/global-hookah.com\/wp-content\/uploads\/2024\/05\/1713236988ecd2c180ae3ed2c4e2428e0998aee193_square.jpg","datePublished":"2024-05-22T00:56:08+00:00","dateModified":"2024-05-30T03:51:39+00:00","breadcrumb":{"@id":"https:\/\/global-hookah.com\/es\/producto\/aluminum-alloy-modern-hookah-pipe-wholesale\/#breadcrumb"},"inLanguage":"de","potentialAction":[{"@type":"ReadAction","target":["https:\/\/global-hookah.com\/es\/producto\/aluminum-alloy-modern-hookah-pipe-wholesale\/"]}]},{"@type":"ImageObject","inLanguage":"de","@id":"https:\/\/global-hookah.com\/es\/producto\/aluminum-alloy-modern-hookah-pipe-wholesale\/#primaryimage","url":"https:\/\/global-hookah.com\/wp-content\/uploads\/2024\/05\/1713236988ecd2c180ae3ed2c4e2428e0998aee193_square.jpg","contentUrl":"https:\/\/global-hookah.com\/wp-content\/uploads\/2024\/05\/1713236988ecd2c180ae3ed2c4e2428e0998aee193_square.jpg","width":900,"height":1200,"caption":"Aluminum Alloy Modern Hookah Pipe Wholesale"},{"@type":"BreadcrumbList","@id":"https:\/\/global-hookah.com\/es\/producto\/aluminum-alloy-modern-hookah-pipe-wholesale\/#breadcrumb","itemListElement":[{"@type":"ListItem","position":1,"name":"Home","item":"https:\/\/global-hookah.com\/"},{"@type":"ListItem","position":2,"name":"Shop","item":"https:\/\/global-hookah.com\/shop\/"},{"@type":"ListItem","position":3,"name":"Aluminum Alloy Modern Hookah Pipe Wholesale"}]},{"@type":"WebSite","@id":"https:\/\/global-hookah.com\/#website","url":"https:\/\/global-hookah.com\/","name":"Globale Wasserpfeife","description":"Globale Wasserpfeife","publisher":{"@id":"https:\/\/global-hookah.com\/#organization"},"potentialAction":[{"@type":"SearchAction","target":{"@type":"EntryPoint","urlTemplate":"https:\/\/global-hookah.com\/?s={search_term_string}"},"query-input":{"@type":"PropertyValueSpecification","valueRequired":true,"valueName":"search_term_string"}}],"inLanguage":"de"},{"@type":"Organization","@id":"https:\/\/global-hookah.com\/#organization","name":"Globale Wasserpfeife","url":"https:\/\/global-hookah.com\/","logo":{"@type":"ImageObject","inLanguage":"de","@id":"https:\/\/global-hookah.com\/#\/schema\/logo\/image\/","url":"https:\/\/global-hookah.com\/wp-content\/uploads\/2021\/10\/cropped-fgg.png","contentUrl":"https:\/\/global-hookah.com\/wp-content\/uploads\/2021\/10\/cropped-fgg.png","width":512,"height":512,"caption":"Global Hookah"},"image":{"@id":"https:\/\/global-hookah.com\/#\/schema\/logo\/image\/"}}]}},"_links":{"self":[{"href":"https:\/\/global-hookah.com\/de\/wp-json\/wp\/v2\/product\/25237","targetHints":{"allow":["GET"]}}],"collection":[{"href":"https:\/\/global-hookah.com\/de\/wp-json\/wp\/v2\/product"}],"about":[{"href":"https:\/\/global-hookah.com\/de\/wp-json\/wp\/v2\/types\/product"}],"replies":[{"embeddable":true,"href":"https:\/\/global-hookah.com\/de\/wp-json\/wp\/v2\/comments?post=25237"}],"version-history":[{"count":0,"href":"https:\/\/global-hookah.com\/de\/wp-json\/wp\/v2\/product\/25237\/revisions"}],"wp:featuredmedia":[{"embeddable":true,"href":"https:\/\/global-hookah.com\/de\/wp-json\/wp\/v2\/media\/25426"}],"wp:attachment":[{"href":"https:\/\/global-hookah.com\/de\/wp-json\/wp\/v2\/media?parent=25237"}],"wp:term":[{"taxonomy":"product_brand","embeddable":true,"href":"https:\/\/global-hookah.com\/de\/wp-json\/wp\/v2\/product_brand?post=25237"},{"taxonomy":"product_cat","embeddable":true,"href":"https:\/\/global-hookah.com\/de\/wp-json\/wp\/v2\/product_cat?post=25237"},{"taxonomy":"product_tag","embeddable":true,"href":"https:\/\/global-hookah.com\/de\/wp-json\/wp\/v2\/product_tag?post=25237"}],"curies":[{"name":"wp","href":"https:\/\/api.w.org\/{rel}","templated":true}]}}