{"id":25252,"date":"2024-05-22T00:56:12","date_gmt":"2024-05-22T00:56:12","guid":{"rendered":"https:\/\/global-hookah.com\/product\/1pc-quality-german-full-set-hookah-with-single-silicon-hose-blue\/"},"modified":"2024-05-30T03:51:38","modified_gmt":"2024-05-30T03:51:38","slug":"german-full-shisha-hookah-set-wholesale","status":"publish","type":"product","link":"https:\/\/global-hookah.com\/de\/produkt\/german-full-shisha-hookah-set-wholesale\/","title":{"rendered":"Deutsch voll Shisha Hookah Set Gro\u00dfhandel"},"content":{"rendered":"<p>Produktparameter:<\/p>\n<p>Gesamth\u00f6he: 54 cm \/ 21,2 Zoll<br \/>\nHochwertiger Silikon Hookah Schlauch:<br \/>\nGew\u00e4hrleistet Haltbarkeit und Flexibilit\u00e4t<br \/>\nDie meisten <a href=\"https:\/\/global-hookah.com\/product\/stainless-steel-hookah-single-pipe-complete-set-wholesale\/\">Vollst\u00e4ndiger Satz<\/a> auf Amazon:<br \/>\nBeinhaltet alle notwendigen <a href=\"https:\/\/global-hookah.com\/product\/wholesale-hookah-shisha-pipe-with-smoking-accessories\/\">Zubeh\u00f6r f\u00fcr eine komplette Wasserpfeife<\/a> erleben<br \/>\nEinzigartiges Design und Erfahrung:<br \/>\nBietet eine visuell ansprechende<br \/>\nVase aus verdicktem und geh\u00e4rtetem Glas:<br \/>\nHergestellt aus verst\u00e4rktem<\/p>\n<p>Diese<strong> elegante importierte deutsche Wasserpfeife aus rostfreiem Stahl<\/strong> ist solide gebaut und langlebig. Die ger\u00e4umige 1-Liter-Rauchkammer bietet reichlich \u00fcppige Wolken f\u00fcr lange Rauch-Sessions mit Freunden. Der breite Rauchkanal minimiert den Luftwiderstand beim Inhalieren, so dass Sie tiefe und ungehinderte Z\u00fcge genie\u00dfen k\u00f6nnen.<\/p>\n<p>Mit der Auswahl an verschiedenen Schalen k\u00f6nnen Sie kreativ werden und verschiedene Materialien wie Tabak, Kr\u00e4utersirup oder Cannabiskonzentrate einf\u00fcllen. Mit der Vielzahl an Filtern kannst Du das Gef\u00fchl genau so anpassen, wie Du es m\u00f6chtest - Du kannst Keramikkugeln, Aktivkohle, Eisw\u00fcrfel und mehr ausprobieren.<\/p>\n<p>Dar\u00fcber hinaus ist diese <strong>Deutsches Wasserpfeifenset<\/strong> wird mit zwei weichen Schl\u00e4uchen geliefert, so dass Sie und ein Kumpel gleichzeitig rauchen k\u00f6nnen und sich dabei gut unterhalten k\u00f6nnen. Egal, ob Sie Zeit mit Freunden oder einer besonderen Person verbringen, diese<strong> Deutsches Wasserpfeifenset<\/strong> f\u00f6rdert Intimit\u00e4t und Verbindung.<\/p>","protected":false},"excerpt":{"rendered":"<p>Produkt-Parameter: Gesamth\u00f6he: 54 cm \/ 21,2 Zoll Hochwertige Silikon Hookah Schlauch: Garantiert Haltbarkeit und Flexibilit\u00e4t Die meisten<\/p>","protected":false},"featured_media":25440,"comment_status":"closed","ping_status":"closed","template":"","meta":{"iawp_total_views":7,"_joinchat":[]},"product_brand":[],"product_cat":[415,119],"product_tag":[],"class_list":{"0":"post-25252","1":"product","2":"type-product","3":"status-publish","4":"has-post-thumbnail","6":"product_cat-accessories","7":"product_cat-wholesale-hookah","9":"first","10":"instock","11":"shipping-taxable","12":"product-type-external"},"yoast_head":"<!-- This site is optimized with the Yoast SEO Premium plugin v24.7 (Yoast SEO v26.8) - https:\/\/yoast.com\/product\/yoast-seo-premium-wordpress\/ -->\n<title>German Full Shisha Hookah Set Wholesale - Global Hookah<\/title>\n<meta name=\"robots\" content=\"index, follow, max-snippet:-1, max-image-preview:large, max-video-preview:-1\" \/>\n<link rel=\"canonical\" href=\"https:\/\/global-hookah.com\/de\/produkt\/german-full-shisha-hookah-set-wholesale\/\" \/>\n<meta property=\"og:locale\" content=\"de_DE\" \/>\n<meta property=\"og:type\" content=\"article\" \/>\n<meta property=\"og:title\" content=\"German Full Shisha Hookah Set Wholesale\" \/>\n<meta property=\"og:description\" content=\"Product parameters: Total Height: 54 cm \/ 21.2 inches High Quality Silicone Hookah Hose: Ensures durability and flexibility The Most\" \/>\n<meta property=\"og:url\" content=\"https:\/\/global-hookah.com\/de\/produkt\/german-full-shisha-hookah-set-wholesale\/\" \/>\n<meta property=\"og:site_name\" content=\"Global Hookah\" \/>\n<meta property=\"article:modified_time\" content=\"2024-05-30T03:51:38+00:00\" \/>\n<meta property=\"og:image\" content=\"https:\/\/global-hookah.com\/wp-content\/uploads\/2024\/05\/171316668018dd63cf540f316aaf633ae418c3018c_square.jpg\" \/>\n\t<meta property=\"og:image:width\" content=\"900\" \/>\n\t<meta property=\"og:image:height\" content=\"1200\" \/>\n\t<meta property=\"og:image:type\" content=\"image\/jpeg\" \/>\n<meta name=\"twitter:card\" content=\"summary_large_image\" \/>\n<meta name=\"twitter:label1\" content=\"Gesch\u00e4tzte Lesezeit\" \/>\n\t<meta name=\"twitter:data1\" content=\"1\u00a0Minute\" \/>\n<script type=\"application\/ld+json\" class=\"yoast-schema-graph\">{\"@context\":\"https:\/\/schema.org\",\"@graph\":[{\"@type\":\"WebPage\",\"@id\":\"https:\/\/global-hookah.com\/product\/german-full-shisha-hookah-set-wholesale\/\",\"url\":\"https:\/\/global-hookah.com\/product\/german-full-shisha-hookah-set-wholesale\/\",\"name\":\"German Full Shisha Hookah Set Wholesale - Global Hookah\",\"isPartOf\":{\"@id\":\"https:\/\/global-hookah.com\/#website\"},\"primaryImageOfPage\":{\"@id\":\"https:\/\/global-hookah.com\/product\/german-full-shisha-hookah-set-wholesale\/#primaryimage\"},\"image\":{\"@id\":\"https:\/\/global-hookah.com\/product\/german-full-shisha-hookah-set-wholesale\/#primaryimage\"},\"thumbnailUrl\":\"https:\/\/global-hookah.com\/wp-content\/uploads\/2024\/05\/171316668018dd63cf540f316aaf633ae418c3018c_square.jpg\",\"datePublished\":\"2024-05-22T00:56:12+00:00\",\"dateModified\":\"2024-05-30T03:51:38+00:00\",\"breadcrumb\":{\"@id\":\"https:\/\/global-hookah.com\/product\/german-full-shisha-hookah-set-wholesale\/#breadcrumb\"},\"inLanguage\":\"de\",\"potentialAction\":[{\"@type\":\"ReadAction\",\"target\":[\"https:\/\/global-hookah.com\/product\/german-full-shisha-hookah-set-wholesale\/\"]}]},{\"@type\":\"ImageObject\",\"inLanguage\":\"de\",\"@id\":\"https:\/\/global-hookah.com\/product\/german-full-shisha-hookah-set-wholesale\/#primaryimage\",\"url\":\"https:\/\/global-hookah.com\/wp-content\/uploads\/2024\/05\/171316668018dd63cf540f316aaf633ae418c3018c_square.jpg\",\"contentUrl\":\"https:\/\/global-hookah.com\/wp-content\/uploads\/2024\/05\/171316668018dd63cf540f316aaf633ae418c3018c_square.jpg\",\"width\":900,\"height\":1200,\"caption\":\"German Full Shisha Hookah Set Wholesale\"},{\"@type\":\"BreadcrumbList\",\"@id\":\"https:\/\/global-hookah.com\/product\/german-full-shisha-hookah-set-wholesale\/#breadcrumb\",\"itemListElement\":[{\"@type\":\"ListItem\",\"position\":1,\"name\":\"Home\",\"item\":\"https:\/\/global-hookah.com\/\"},{\"@type\":\"ListItem\",\"position\":2,\"name\":\"Shop\",\"item\":\"https:\/\/global-hookah.com\/shop\/\"},{\"@type\":\"ListItem\",\"position\":3,\"name\":\"German Full Shisha Hookah Set Wholesale\"}]},{\"@type\":\"WebSite\",\"@id\":\"https:\/\/global-hookah.com\/#website\",\"url\":\"https:\/\/global-hookah.com\/\",\"name\":\"Global Hookah\",\"description\":\"Global Hookah\",\"publisher\":{\"@id\":\"https:\/\/global-hookah.com\/#organization\"},\"potentialAction\":[{\"@type\":\"SearchAction\",\"target\":{\"@type\":\"EntryPoint\",\"urlTemplate\":\"https:\/\/global-hookah.com\/?s={search_term_string}\"},\"query-input\":{\"@type\":\"PropertyValueSpecification\",\"valueRequired\":true,\"valueName\":\"search_term_string\"}}],\"inLanguage\":\"de\"},{\"@type\":\"Organization\",\"@id\":\"https:\/\/global-hookah.com\/#organization\",\"name\":\"Global Hookah\",\"url\":\"https:\/\/global-hookah.com\/\",\"logo\":{\"@type\":\"ImageObject\",\"inLanguage\":\"de\",\"@id\":\"https:\/\/global-hookah.com\/#\/schema\/logo\/image\/\",\"url\":\"https:\/\/global-hookah.com\/wp-content\/uploads\/2021\/10\/cropped-fgg.png\",\"contentUrl\":\"https:\/\/global-hookah.com\/wp-content\/uploads\/2021\/10\/cropped-fgg.png\",\"width\":512,\"height\":512,\"caption\":\"Global Hookah\"},\"image\":{\"@id\":\"https:\/\/global-hookah.com\/#\/schema\/logo\/image\/\"}}]}<\/script>\n<!-- \/ Yoast SEO Premium plugin. -->","yoast_head_json":{"title":"Deutsch Full Shisha Wasserpfeife Set Gro\u00dfhandel - Global Hookah","robots":{"index":"index","follow":"follow","max-snippet":"max-snippet:-1","max-image-preview":"max-image-preview:large","max-video-preview":"max-video-preview:-1"},"canonical":"https:\/\/global-hookah.com\/de\/produkt\/german-full-shisha-hookah-set-wholesale\/","og_locale":"de_DE","og_type":"article","og_title":"German Full Shisha Hookah Set Wholesale","og_description":"Product parameters: Total Height: 54 cm \/ 21.2 inches High Quality Silicone Hookah Hose: Ensures durability and flexibility The Most","og_url":"https:\/\/global-hookah.com\/de\/produkt\/german-full-shisha-hookah-set-wholesale\/","og_site_name":"Global Hookah","article_modified_time":"2024-05-30T03:51:38+00:00","og_image":[{"width":900,"height":1200,"url":"https:\/\/global-hookah.com\/wp-content\/uploads\/2024\/05\/171316668018dd63cf540f316aaf633ae418c3018c_square.jpg","type":"image\/jpeg"}],"twitter_card":"summary_large_image","twitter_misc":{"Gesch\u00e4tzte Lesezeit":"1\u00a0Minute"},"schema":{"@context":"https:\/\/schema.org","@graph":[{"@type":"WebPage","@id":"https:\/\/global-hookah.com\/product\/german-full-shisha-hookah-set-wholesale\/","url":"https:\/\/global-hookah.com\/product\/german-full-shisha-hookah-set-wholesale\/","name":"Deutsch Full Shisha Wasserpfeife Set Gro\u00dfhandel - Global Hookah","isPartOf":{"@id":"https:\/\/global-hookah.com\/#website"},"primaryImageOfPage":{"@id":"https:\/\/global-hookah.com\/product\/german-full-shisha-hookah-set-wholesale\/#primaryimage"},"image":{"@id":"https:\/\/global-hookah.com\/product\/german-full-shisha-hookah-set-wholesale\/#primaryimage"},"thumbnailUrl":"https:\/\/global-hookah.com\/wp-content\/uploads\/2024\/05\/171316668018dd63cf540f316aaf633ae418c3018c_square.jpg","datePublished":"2024-05-22T00:56:12+00:00","dateModified":"2024-05-30T03:51:38+00:00","breadcrumb":{"@id":"https:\/\/global-hookah.com\/product\/german-full-shisha-hookah-set-wholesale\/#breadcrumb"},"inLanguage":"de","potentialAction":[{"@type":"ReadAction","target":["https:\/\/global-hookah.com\/product\/german-full-shisha-hookah-set-wholesale\/"]}]},{"@type":"ImageObject","inLanguage":"de","@id":"https:\/\/global-hookah.com\/product\/german-full-shisha-hookah-set-wholesale\/#primaryimage","url":"https:\/\/global-hookah.com\/wp-content\/uploads\/2024\/05\/171316668018dd63cf540f316aaf633ae418c3018c_square.jpg","contentUrl":"https:\/\/global-hookah.com\/wp-content\/uploads\/2024\/05\/171316668018dd63cf540f316aaf633ae418c3018c_square.jpg","width":900,"height":1200,"caption":"German Full Shisha Hookah Set Wholesale"},{"@type":"BreadcrumbList","@id":"https:\/\/global-hookah.com\/product\/german-full-shisha-hookah-set-wholesale\/#breadcrumb","itemListElement":[{"@type":"ListItem","position":1,"name":"Home","item":"https:\/\/global-hookah.com\/"},{"@type":"ListItem","position":2,"name":"Shop","item":"https:\/\/global-hookah.com\/shop\/"},{"@type":"ListItem","position":3,"name":"German Full Shisha Hookah Set Wholesale"}]},{"@type":"WebSite","@id":"https:\/\/global-hookah.com\/#website","url":"https:\/\/global-hookah.com\/","name":"Globale Wasserpfeife","description":"Globale Wasserpfeife","publisher":{"@id":"https:\/\/global-hookah.com\/#organization"},"potentialAction":[{"@type":"SearchAction","target":{"@type":"EntryPoint","urlTemplate":"https:\/\/global-hookah.com\/?s={search_term_string}"},"query-input":{"@type":"PropertyValueSpecification","valueRequired":true,"valueName":"search_term_string"}}],"inLanguage":"de"},{"@type":"Organization","@id":"https:\/\/global-hookah.com\/#organization","name":"Globale Wasserpfeife","url":"https:\/\/global-hookah.com\/","logo":{"@type":"ImageObject","inLanguage":"de","@id":"https:\/\/global-hookah.com\/#\/schema\/logo\/image\/","url":"https:\/\/global-hookah.com\/wp-content\/uploads\/2021\/10\/cropped-fgg.png","contentUrl":"https:\/\/global-hookah.com\/wp-content\/uploads\/2021\/10\/cropped-fgg.png","width":512,"height":512,"caption":"Global Hookah"},"image":{"@id":"https:\/\/global-hookah.com\/#\/schema\/logo\/image\/"}}]}},"_links":{"self":[{"href":"https:\/\/global-hookah.com\/de\/wp-json\/wp\/v2\/product\/25252","targetHints":{"allow":["GET"]}}],"collection":[{"href":"https:\/\/global-hookah.com\/de\/wp-json\/wp\/v2\/product"}],"about":[{"href":"https:\/\/global-hookah.com\/de\/wp-json\/wp\/v2\/types\/product"}],"replies":[{"embeddable":true,"href":"https:\/\/global-hookah.com\/de\/wp-json\/wp\/v2\/comments?post=25252"}],"version-history":[{"count":0,"href":"https:\/\/global-hookah.com\/de\/wp-json\/wp\/v2\/product\/25252\/revisions"}],"wp:featuredmedia":[{"embeddable":true,"href":"https:\/\/global-hookah.com\/de\/wp-json\/wp\/v2\/media\/25440"}],"wp:attachment":[{"href":"https:\/\/global-hookah.com\/de\/wp-json\/wp\/v2\/media?parent=25252"}],"wp:term":[{"taxonomy":"product_brand","embeddable":true,"href":"https:\/\/global-hookah.com\/de\/wp-json\/wp\/v2\/product_brand?post=25252"},{"taxonomy":"product_cat","embeddable":true,"href":"https:\/\/global-hookah.com\/de\/wp-json\/wp\/v2\/product_cat?post=25252"},{"taxonomy":"product_tag","embeddable":true,"href":"https:\/\/global-hookah.com\/de\/wp-json\/wp\/v2\/product_tag?post=25252"}],"curies":[{"name":"wp","href":"https:\/\/api.w.org\/{rel}","templated":true}]}}