{"id":25467,"date":"2024-05-22T02:05:12","date_gmt":"2024-05-22T02:05:12","guid":{"rendered":"https:\/\/global-hookah.com\/product\/1pc-pink-transparent-glass-heart-ornament-pink\/"},"modified":"2025-05-05T01:09:09","modified_gmt":"2025-05-05T01:09:09","slug":"pink-weed-bong-wholesale","status":"publish","type":"product","link":"https:\/\/global-hookah.com\/de\/produkt\/pink-weed-bong-wholesale\/","title":{"rendered":"Rosa Unkraut Bong Gro\u00dfhandel"},"content":{"rendered":"<p>Das herzf\u00f6rmige Design des <strong>Rosa Herz Weed Bong<\/strong> ist ihr herausragendes Merkmal, das sie von herk\u00f6mmlichen Bongs abhebt. Was die Praktikabilit\u00e4t betrifft, so ist diese <strong>Herz-Kraut-Bong<\/strong> ist durchdacht konstruiert und verf\u00fcgt \u00fcber eine breite Basis, die ein Umkippen w\u00e4hrend des Gebrauchs verhindert.<\/p>\n<p>Die ganz in Rosa gehaltene Farbgebung verleiht diesem <strong>Rosa Unkraut Bong<\/strong> eine verspielte Pers\u00f6nlichkeit. Allerdings ist die transparente <a href=\"https:\/\/global-hookah.com\/product\/borosilicate-glass-bong-wholesale\/\">Borosilikatglas<\/a> bewahrt Reinheit und Qualit\u00e4t. Der Becherfu\u00df sorgt f\u00fcr Stabilit\u00e4t, w\u00e4hrend die geschwungene Silhouette bequem zu greifen ist.<\/p>\n<p>Mehr als nur ein h\u00fcbsches <a href=\"https:\/\/global-hookah.com\/product-category\/bong-wholesale\/wholesale-glass-bong\/\">Glasbong<\/a> Die Glasst\u00e4rke und die Form des Glases sind f\u00fcr eine optimale Haltbarkeit ergonomisch gestaltet. Diese <strong>Rosa <\/strong><a href=\"https:\/\/global-hookah.com\/product\/silicone-weed-bong-wholesale\/\">Unkraut-Bong<\/a> ist auch sehr praktisch, wenn Sie auf einer Party sind. Es hat eine breite Basis und ist sehr gut ausbalanciert, auch im Vergleich zu einigen High-End-Whookahs. Der Winkel, in dem das Mundst\u00fcck gehalten wird, ist auch ziemlich bequem, so dass jede Sitzung wird einfach wie Kuchen.<\/p>\n<p>Ebenso beeindruckend ist sein hochwertiger Filter, der den Geschmack des Getr\u00e4nks deutlich verbessert. <a href=\"https:\/\/global-hookah.com\/\">Wasserpfeife<\/a> durch Hinzuf\u00fcgen von Eisw\u00fcrfeln, um den Rauch zu k\u00fchlen. Diese Funktion wird besonders von Nutzern gesch\u00e4tzt, die ein sanftes Rauchgef\u00fchl suchen und die Reizung des Rachens vermeiden wollen, die bei minderwertigen Bongs \u00fcblich ist.<\/p>\n<p>Passen Sie Ihr Erlebnis mit abnehmbaren diffusen oder Baumperlen an. Diese<strong> vielseitiges Rosa <a class=\"wpil_keyword_link\" title=\"Unkraut-Pfeife\" href=\"https:\/\/global-hookah.com\/product-category\/wholesale-weed-pipes\/\" data-wpil-keyword-link=\"linked\">Unkraut-Pfeife<\/a><\/strong> eignet sich gut f\u00fcr Blumen, Konzentrate oder Aromatherapiekr\u00e4uter.<\/p>\n<p>&nbsp;<\/p>","protected":false},"excerpt":{"rendered":"<p>Das herzf\u00f6rmige Design der Pink Heart Weed Bong ist das herausragende Merkmal, das sie von herk\u00f6mmlichen Bongs unterscheidet. Unter<\/p>","protected":false},"featured_media":25500,"comment_status":"closed","ping_status":"closed","template":"","meta":{"iawp_total_views":3,"_joinchat":[]},"product_brand":[],"product_cat":[415,249,535,119],"product_tag":[],"class_list":{"0":"post-25467","1":"product","2":"type-product","3":"status-publish","4":"has-post-thumbnail","6":"product_cat-accessories","7":"product_cat-bong-wholesale","8":"product_cat-wholesale-glass-bong","9":"product_cat-wholesale-hookah","11":"first","12":"instock","13":"shipping-taxable","14":"product-type-external"},"yoast_head":"<!-- This site is optimized with the Yoast SEO Premium plugin v24.7 (Yoast SEO v26.8) - https:\/\/yoast.com\/product\/yoast-seo-premium-wordpress\/ -->\n<title>Pink Weed Bong Wholesale - Global Hookah<\/title>\n<meta name=\"robots\" content=\"index, follow, max-snippet:-1, max-image-preview:large, max-video-preview:-1\" \/>\n<link rel=\"canonical\" href=\"https:\/\/global-hookah.com\/de\/produkt\/pink-weed-bong-wholesale\/\" \/>\n<meta property=\"og:locale\" content=\"de_DE\" \/>\n<meta property=\"og:type\" content=\"article\" \/>\n<meta property=\"og:title\" content=\"Pink Weed Bong Wholesale\" \/>\n<meta property=\"og:description\" content=\"The heart-shaped design of the Pink Heart Weed Bong is its standout feature, setting it apart from traditional bongs. In\" \/>\n<meta property=\"og:url\" content=\"https:\/\/global-hookah.com\/de\/produkt\/pink-weed-bong-wholesale\/\" \/>\n<meta property=\"og:site_name\" content=\"Global Hookah\" \/>\n<meta property=\"article:modified_time\" content=\"2025-05-05T01:09:09+00:00\" \/>\n<meta property=\"og:image\" content=\"https:\/\/global-hookah.com\/wp-content\/uploads\/2024\/05\/171292640222f931ebbccdfa4471845710e2fc5ad3.jpg\" \/>\n\t<meta property=\"og:image:width\" content=\"1340\" \/>\n\t<meta property=\"og:image:height\" content=\"1785\" \/>\n\t<meta property=\"og:image:type\" content=\"image\/jpeg\" \/>\n<meta name=\"twitter:card\" content=\"summary_large_image\" \/>\n<meta name=\"twitter:label1\" content=\"Gesch\u00e4tzte Lesezeit\" \/>\n\t<meta name=\"twitter:data1\" content=\"1\u00a0Minute\" \/>\n<script type=\"application\/ld+json\" class=\"yoast-schema-graph\">{\"@context\":\"https:\/\/schema.org\",\"@graph\":[{\"@type\":\"WebPage\",\"@id\":\"https:\/\/global-hookah.com\/product\/pink-weed-bong-wholesale\/\",\"url\":\"https:\/\/global-hookah.com\/product\/pink-weed-bong-wholesale\/\",\"name\":\"Pink Weed Bong Wholesale - Global Hookah\",\"isPartOf\":{\"@id\":\"https:\/\/global-hookah.com\/#website\"},\"primaryImageOfPage\":{\"@id\":\"https:\/\/global-hookah.com\/product\/pink-weed-bong-wholesale\/#primaryimage\"},\"image\":{\"@id\":\"https:\/\/global-hookah.com\/product\/pink-weed-bong-wholesale\/#primaryimage\"},\"thumbnailUrl\":\"https:\/\/global-hookah.com\/wp-content\/uploads\/2024\/05\/171292640222f931ebbccdfa4471845710e2fc5ad3.jpg\",\"datePublished\":\"2024-05-22T02:05:12+00:00\",\"dateModified\":\"2025-05-05T01:09:09+00:00\",\"breadcrumb\":{\"@id\":\"https:\/\/global-hookah.com\/product\/pink-weed-bong-wholesale\/#breadcrumb\"},\"inLanguage\":\"de\",\"potentialAction\":[{\"@type\":\"ReadAction\",\"target\":[\"https:\/\/global-hookah.com\/product\/pink-weed-bong-wholesale\/\"]}]},{\"@type\":\"ImageObject\",\"inLanguage\":\"de\",\"@id\":\"https:\/\/global-hookah.com\/product\/pink-weed-bong-wholesale\/#primaryimage\",\"url\":\"https:\/\/global-hookah.com\/wp-content\/uploads\/2024\/05\/171292640222f931ebbccdfa4471845710e2fc5ad3.jpg\",\"contentUrl\":\"https:\/\/global-hookah.com\/wp-content\/uploads\/2024\/05\/171292640222f931ebbccdfa4471845710e2fc5ad3.jpg\",\"width\":1340,\"height\":1785,\"caption\":\"Pink Weed Bong Wholesale\"},{\"@type\":\"BreadcrumbList\",\"@id\":\"https:\/\/global-hookah.com\/product\/pink-weed-bong-wholesale\/#breadcrumb\",\"itemListElement\":[{\"@type\":\"ListItem\",\"position\":1,\"name\":\"Home\",\"item\":\"https:\/\/global-hookah.com\/\"},{\"@type\":\"ListItem\",\"position\":2,\"name\":\"Shop\",\"item\":\"https:\/\/global-hookah.com\/shop\/\"},{\"@type\":\"ListItem\",\"position\":3,\"name\":\"Pink Weed Bong Wholesale\"}]},{\"@type\":\"WebSite\",\"@id\":\"https:\/\/global-hookah.com\/#website\",\"url\":\"https:\/\/global-hookah.com\/\",\"name\":\"Global Hookah\",\"description\":\"Global Hookah\",\"publisher\":{\"@id\":\"https:\/\/global-hookah.com\/#organization\"},\"potentialAction\":[{\"@type\":\"SearchAction\",\"target\":{\"@type\":\"EntryPoint\",\"urlTemplate\":\"https:\/\/global-hookah.com\/?s={search_term_string}\"},\"query-input\":{\"@type\":\"PropertyValueSpecification\",\"valueRequired\":true,\"valueName\":\"search_term_string\"}}],\"inLanguage\":\"de\"},{\"@type\":\"Organization\",\"@id\":\"https:\/\/global-hookah.com\/#organization\",\"name\":\"Global Hookah\",\"url\":\"https:\/\/global-hookah.com\/\",\"logo\":{\"@type\":\"ImageObject\",\"inLanguage\":\"de\",\"@id\":\"https:\/\/global-hookah.com\/#\/schema\/logo\/image\/\",\"url\":\"https:\/\/global-hookah.com\/wp-content\/uploads\/2021\/10\/cropped-fgg.png\",\"contentUrl\":\"https:\/\/global-hookah.com\/wp-content\/uploads\/2021\/10\/cropped-fgg.png\",\"width\":512,\"height\":512,\"caption\":\"Global Hookah\"},\"image\":{\"@id\":\"https:\/\/global-hookah.com\/#\/schema\/logo\/image\/\"}}]}<\/script>\n<!-- \/ Yoast SEO Premium plugin. -->","yoast_head_json":{"title":"Rosa Unkraut Bong Gro\u00dfhandel - Global Hookah","robots":{"index":"index","follow":"follow","max-snippet":"max-snippet:-1","max-image-preview":"max-image-preview:large","max-video-preview":"max-video-preview:-1"},"canonical":"https:\/\/global-hookah.com\/de\/produkt\/pink-weed-bong-wholesale\/","og_locale":"de_DE","og_type":"article","og_title":"Pink Weed Bong Wholesale","og_description":"The heart-shaped design of the Pink Heart Weed Bong is its standout feature, setting it apart from traditional bongs. In","og_url":"https:\/\/global-hookah.com\/de\/produkt\/pink-weed-bong-wholesale\/","og_site_name":"Global Hookah","article_modified_time":"2025-05-05T01:09:09+00:00","og_image":[{"width":1340,"height":1785,"url":"https:\/\/global-hookah.com\/wp-content\/uploads\/2024\/05\/171292640222f931ebbccdfa4471845710e2fc5ad3.jpg","type":"image\/jpeg"}],"twitter_card":"summary_large_image","twitter_misc":{"Gesch\u00e4tzte Lesezeit":"1\u00a0Minute"},"schema":{"@context":"https:\/\/schema.org","@graph":[{"@type":"WebPage","@id":"https:\/\/global-hookah.com\/product\/pink-weed-bong-wholesale\/","url":"https:\/\/global-hookah.com\/product\/pink-weed-bong-wholesale\/","name":"Rosa Unkraut Bong Gro\u00dfhandel - Global Hookah","isPartOf":{"@id":"https:\/\/global-hookah.com\/#website"},"primaryImageOfPage":{"@id":"https:\/\/global-hookah.com\/product\/pink-weed-bong-wholesale\/#primaryimage"},"image":{"@id":"https:\/\/global-hookah.com\/product\/pink-weed-bong-wholesale\/#primaryimage"},"thumbnailUrl":"https:\/\/global-hookah.com\/wp-content\/uploads\/2024\/05\/171292640222f931ebbccdfa4471845710e2fc5ad3.jpg","datePublished":"2024-05-22T02:05:12+00:00","dateModified":"2025-05-05T01:09:09+00:00","breadcrumb":{"@id":"https:\/\/global-hookah.com\/product\/pink-weed-bong-wholesale\/#breadcrumb"},"inLanguage":"de","potentialAction":[{"@type":"ReadAction","target":["https:\/\/global-hookah.com\/product\/pink-weed-bong-wholesale\/"]}]},{"@type":"ImageObject","inLanguage":"de","@id":"https:\/\/global-hookah.com\/product\/pink-weed-bong-wholesale\/#primaryimage","url":"https:\/\/global-hookah.com\/wp-content\/uploads\/2024\/05\/171292640222f931ebbccdfa4471845710e2fc5ad3.jpg","contentUrl":"https:\/\/global-hookah.com\/wp-content\/uploads\/2024\/05\/171292640222f931ebbccdfa4471845710e2fc5ad3.jpg","width":1340,"height":1785,"caption":"Pink Weed Bong Wholesale"},{"@type":"BreadcrumbList","@id":"https:\/\/global-hookah.com\/product\/pink-weed-bong-wholesale\/#breadcrumb","itemListElement":[{"@type":"ListItem","position":1,"name":"Home","item":"https:\/\/global-hookah.com\/"},{"@type":"ListItem","position":2,"name":"Shop","item":"https:\/\/global-hookah.com\/shop\/"},{"@type":"ListItem","position":3,"name":"Pink Weed Bong Wholesale"}]},{"@type":"WebSite","@id":"https:\/\/global-hookah.com\/#website","url":"https:\/\/global-hookah.com\/","name":"Globale Wasserpfeife","description":"Globale Wasserpfeife","publisher":{"@id":"https:\/\/global-hookah.com\/#organization"},"potentialAction":[{"@type":"SearchAction","target":{"@type":"EntryPoint","urlTemplate":"https:\/\/global-hookah.com\/?s={search_term_string}"},"query-input":{"@type":"PropertyValueSpecification","valueRequired":true,"valueName":"search_term_string"}}],"inLanguage":"de"},{"@type":"Organization","@id":"https:\/\/global-hookah.com\/#organization","name":"Globale Wasserpfeife","url":"https:\/\/global-hookah.com\/","logo":{"@type":"ImageObject","inLanguage":"de","@id":"https:\/\/global-hookah.com\/#\/schema\/logo\/image\/","url":"https:\/\/global-hookah.com\/wp-content\/uploads\/2021\/10\/cropped-fgg.png","contentUrl":"https:\/\/global-hookah.com\/wp-content\/uploads\/2021\/10\/cropped-fgg.png","width":512,"height":512,"caption":"Global Hookah"},"image":{"@id":"https:\/\/global-hookah.com\/#\/schema\/logo\/image\/"}}]}},"_links":{"self":[{"href":"https:\/\/global-hookah.com\/de\/wp-json\/wp\/v2\/product\/25467","targetHints":{"allow":["GET"]}}],"collection":[{"href":"https:\/\/global-hookah.com\/de\/wp-json\/wp\/v2\/product"}],"about":[{"href":"https:\/\/global-hookah.com\/de\/wp-json\/wp\/v2\/types\/product"}],"replies":[{"embeddable":true,"href":"https:\/\/global-hookah.com\/de\/wp-json\/wp\/v2\/comments?post=25467"}],"version-history":[{"count":0,"href":"https:\/\/global-hookah.com\/de\/wp-json\/wp\/v2\/product\/25467\/revisions"}],"wp:featuredmedia":[{"embeddable":true,"href":"https:\/\/global-hookah.com\/de\/wp-json\/wp\/v2\/media\/25500"}],"wp:attachment":[{"href":"https:\/\/global-hookah.com\/de\/wp-json\/wp\/v2\/media?parent=25467"}],"wp:term":[{"taxonomy":"product_brand","embeddable":true,"href":"https:\/\/global-hookah.com\/de\/wp-json\/wp\/v2\/product_brand?post=25467"},{"taxonomy":"product_cat","embeddable":true,"href":"https:\/\/global-hookah.com\/de\/wp-json\/wp\/v2\/product_cat?post=25467"},{"taxonomy":"product_tag","embeddable":true,"href":"https:\/\/global-hookah.com\/de\/wp-json\/wp\/v2\/product_tag?post=25467"}],"curies":[{"name":"wp","href":"https:\/\/api.w.org\/{rel}","templated":true}]}}