{"id":25963,"date":"2024-06-03T07:09:25","date_gmt":"2024-06-03T07:09:25","guid":{"rendered":"https:\/\/global-hookah.com\/?post_type=product&#038;p=25963"},"modified":"2025-01-15T08:31:27","modified_gmt":"2025-01-15T08:31:27","slug":"funny-halloween-style-glass-bong-wholesale","status":"publish","type":"product","link":"https:\/\/global-hookah.com\/de\/produkt\/funny-halloween-style-glass-bong-wholesale\/","title":{"rendered":"Lustige Halloween Style Glas Bong Gro\u00dfhandel"},"content":{"rendered":"<p>Produktmerkmale<\/p>\n<p>Unser <strong>Halloween-Thema Rauchende Bong<\/strong> ist aus FDA-zugelassenem Silikon in Lebensmittelqualit\u00e4t hergestellt. Obwohl Silikon Ger\u00fcche st\u00e4rker absorbiert als Glas oder Keramik Wasserpfeifen, ist die gute Nachricht, dass Silikon fast unzerbrechlich ist und auch bei Outdoor-Aktivit\u00e4ten gut funktioniert. Diese Haltbarkeit macht unsere Bong zur idealen Wahl f\u00fcr Benutzer mit einem aktiven Lebensstil. Ich wette, wenn du gerne reist, wirst du diese Bong lieben <strong>Kreative R\u00e4ucher-Bongs f\u00fcr Halloween<\/strong>!<\/p>\n<p>Humorvolles Design<br \/>\nDie <strong>Lustige Glasbong im Halloween-Stil<\/strong> l\u00e4sst sich von klassischen Halloween-Elementen wie K\u00fcrbissen, Totenk\u00f6pfen und Gespenstern inspirieren. Wir haben verschiedene Bestseller akribisch studiert <a href=\"https:\/\/global-hookah.com\/product\/handmade-pineapple-design-glass-bong-wholesale\/\">Glasbongs<\/a> auf dem Markt und stellt sicher, dass jedes Detail humorvoll gestaltet ist. Diese Liebe zum Detail garantiert, dass Sie bei jeder Veranstaltung im Mittelpunkt stehen werden, wenn Sie dieses einzigartige St\u00fcck benutzen.<\/p>\n<p>Ergonomisches Mundst\u00fcck<\/p>\n<p>Diese <a href=\"https:\/\/global-hookah.com\/product\/hookah-adapter-mouthpiece-wholesale\/\">Wasserpfeife ist mit einem vorteilhaften Mundst\u00fcck ausgestattet<\/a>dessen einzigartiges Konturdesign ergonomisch ist. Im Vergleich zu herk\u00f6mmlichen Wasserpfeifen reduziert das Design unseres Mundst\u00fccks effektiv die Reizung des Rachens w\u00e4hrend des Inhalierens und macht jeden Zug des Rauches sanfter.<\/p>\n<p>Hex Tek Vorbau<\/p>\n<p>Unsere Halloween Glasbongs f\u00fchren die innovative Hex Tek Downstem Technologie ein, die entwickelt wurde, um die Anzahl der Blasen, die sich w\u00e4hrend des Gebrauchs bilden, zu erh\u00f6hen. Diese erh\u00f6hte Blasenbildung k\u00fchlt den Rauch effektiver, was zu einem sanfteren und k\u00fchleren Inhalationserlebnis f\u00fchrt. In Verbindung mit unserem ergonomischen Mundst\u00fcck verbessert diese Funktion nicht nur das allgemeine <a href=\"https:\/\/global-hookah.com\/how-to-make-hookah-smoke-thicker-help-you-improve-your-hookah-experience\/\">Raucherlebnis<\/a> sondern minimiert auch die Reizung des Rachens.<\/p>","protected":false},"excerpt":{"rendered":"<p>Produkteigenschaften Unsere Halloween-Rauchbong ist aus FDA-zugelassenem, lebensmittelechtem Silikon hergestellt. Obwohl Silikon Ger\u00fcche st\u00e4rker absorbiert als Glas oder<\/p>","protected":false},"featured_media":25965,"comment_status":"closed","ping_status":"closed","template":"","meta":{"iawp_total_views":29,"_joinchat":[]},"product_brand":[],"product_cat":[534],"product_tag":[],"class_list":{"0":"post-25963","1":"product","2":"type-product","3":"status-publish","4":"has-post-thumbnail","6":"product_cat-silicone-bong-wholesale","8":"first","9":"instock","10":"shipping-taxable","11":"product-type-external"},"yoast_head":"<!-- This site is optimized with the Yoast SEO Premium plugin v24.7 (Yoast SEO v26.8) - https:\/\/yoast.com\/product\/yoast-seo-premium-wordpress\/ -->\n<title>Funny Halloween Style Glass Bong Wholesale - Global Hookah<\/title>\n<meta name=\"robots\" content=\"index, follow, max-snippet:-1, max-image-preview:large, max-video-preview:-1\" \/>\n<link rel=\"canonical\" href=\"https:\/\/global-hookah.com\/de\/produkt\/funny-halloween-style-glass-bong-wholesale\/\" \/>\n<meta property=\"og:locale\" content=\"de_DE\" \/>\n<meta property=\"og:type\" content=\"article\" \/>\n<meta property=\"og:title\" content=\"Funny Halloween Style Glass Bong Wholesale\" \/>\n<meta property=\"og:description\" content=\"Product Features Our Halloween-themed Smoking Bong is made of FDA-approved food-grade silicone. Although silicone absorbs odors more than glass or\" \/>\n<meta property=\"og:url\" content=\"https:\/\/global-hookah.com\/de\/produkt\/funny-halloween-style-glass-bong-wholesale\/\" \/>\n<meta property=\"og:site_name\" content=\"Global Hookah\" \/>\n<meta property=\"article:modified_time\" content=\"2025-01-15T08:31:27+00:00\" \/>\n<meta property=\"og:image\" content=\"https:\/\/global-hookah.com\/wp-content\/uploads\/2024\/06\/24bc7ce1-abda-4fda-94e6-fdd330b94646.webp\" \/>\n\t<meta property=\"og:image:width\" content=\"800\" \/>\n\t<meta property=\"og:image:height\" content=\"800\" \/>\n\t<meta property=\"og:image:type\" content=\"image\/webp\" \/>\n<meta name=\"twitter:card\" content=\"summary_large_image\" \/>\n<meta name=\"twitter:label1\" content=\"Gesch\u00e4tzte Lesezeit\" \/>\n\t<meta name=\"twitter:data1\" content=\"1\u00a0Minute\" \/>\n<script type=\"application\/ld+json\" class=\"yoast-schema-graph\">{\"@context\":\"https:\/\/schema.org\",\"@graph\":[{\"@type\":\"WebPage\",\"@id\":\"https:\/\/global-hookah.com\/product\/funny-halloween-style-glass-bong-wholesale\/\",\"url\":\"https:\/\/global-hookah.com\/product\/funny-halloween-style-glass-bong-wholesale\/\",\"name\":\"Funny Halloween Style Glass Bong Wholesale - Global Hookah\",\"isPartOf\":{\"@id\":\"https:\/\/global-hookah.com\/#website\"},\"primaryImageOfPage\":{\"@id\":\"https:\/\/global-hookah.com\/product\/funny-halloween-style-glass-bong-wholesale\/#primaryimage\"},\"image\":{\"@id\":\"https:\/\/global-hookah.com\/product\/funny-halloween-style-glass-bong-wholesale\/#primaryimage\"},\"thumbnailUrl\":\"https:\/\/global-hookah.com\/wp-content\/uploads\/2024\/06\/24bc7ce1-abda-4fda-94e6-fdd330b94646.webp\",\"datePublished\":\"2024-06-03T07:09:25+00:00\",\"dateModified\":\"2025-01-15T08:31:27+00:00\",\"breadcrumb\":{\"@id\":\"https:\/\/global-hookah.com\/product\/funny-halloween-style-glass-bong-wholesale\/#breadcrumb\"},\"inLanguage\":\"de\",\"potentialAction\":[{\"@type\":\"ReadAction\",\"target\":[\"https:\/\/global-hookah.com\/product\/funny-halloween-style-glass-bong-wholesale\/\"]}]},{\"@type\":\"ImageObject\",\"inLanguage\":\"de\",\"@id\":\"https:\/\/global-hookah.com\/product\/funny-halloween-style-glass-bong-wholesale\/#primaryimage\",\"url\":\"https:\/\/global-hookah.com\/wp-content\/uploads\/2024\/06\/24bc7ce1-abda-4fda-94e6-fdd330b94646.webp\",\"contentUrl\":\"https:\/\/global-hookah.com\/wp-content\/uploads\/2024\/06\/24bc7ce1-abda-4fda-94e6-fdd330b94646.webp\",\"width\":800,\"height\":800,\"caption\":\"Funny Halloween Style Glass Bong Wholesale\"},{\"@type\":\"BreadcrumbList\",\"@id\":\"https:\/\/global-hookah.com\/product\/funny-halloween-style-glass-bong-wholesale\/#breadcrumb\",\"itemListElement\":[{\"@type\":\"ListItem\",\"position\":1,\"name\":\"Home\",\"item\":\"https:\/\/global-hookah.com\/\"},{\"@type\":\"ListItem\",\"position\":2,\"name\":\"Shop\",\"item\":\"https:\/\/global-hookah.com\/shop\/\"},{\"@type\":\"ListItem\",\"position\":3,\"name\":\"Funny Halloween Style Glass Bong Wholesale\"}]},{\"@type\":\"WebSite\",\"@id\":\"https:\/\/global-hookah.com\/#website\",\"url\":\"https:\/\/global-hookah.com\/\",\"name\":\"Global Hookah\",\"description\":\"Global Hookah\",\"publisher\":{\"@id\":\"https:\/\/global-hookah.com\/#organization\"},\"potentialAction\":[{\"@type\":\"SearchAction\",\"target\":{\"@type\":\"EntryPoint\",\"urlTemplate\":\"https:\/\/global-hookah.com\/?s={search_term_string}\"},\"query-input\":{\"@type\":\"PropertyValueSpecification\",\"valueRequired\":true,\"valueName\":\"search_term_string\"}}],\"inLanguage\":\"de\"},{\"@type\":\"Organization\",\"@id\":\"https:\/\/global-hookah.com\/#organization\",\"name\":\"Global Hookah\",\"url\":\"https:\/\/global-hookah.com\/\",\"logo\":{\"@type\":\"ImageObject\",\"inLanguage\":\"de\",\"@id\":\"https:\/\/global-hookah.com\/#\/schema\/logo\/image\/\",\"url\":\"https:\/\/global-hookah.com\/wp-content\/uploads\/2021\/10\/cropped-fgg.png\",\"contentUrl\":\"https:\/\/global-hookah.com\/wp-content\/uploads\/2021\/10\/cropped-fgg.png\",\"width\":512,\"height\":512,\"caption\":\"Global Hookah\"},\"image\":{\"@id\":\"https:\/\/global-hookah.com\/#\/schema\/logo\/image\/\"}}]}<\/script>\n<!-- \/ Yoast SEO Premium plugin. -->","yoast_head_json":{"title":"Lustige Halloween Stil Glas Bong Gro\u00dfhandel - Global Hookah","robots":{"index":"index","follow":"follow","max-snippet":"max-snippet:-1","max-image-preview":"max-image-preview:large","max-video-preview":"max-video-preview:-1"},"canonical":"https:\/\/global-hookah.com\/de\/produkt\/funny-halloween-style-glass-bong-wholesale\/","og_locale":"de_DE","og_type":"article","og_title":"Funny Halloween Style Glass Bong Wholesale","og_description":"Product Features Our Halloween-themed Smoking Bong is made of FDA-approved food-grade silicone. Although silicone absorbs odors more than glass or","og_url":"https:\/\/global-hookah.com\/de\/produkt\/funny-halloween-style-glass-bong-wholesale\/","og_site_name":"Global Hookah","article_modified_time":"2025-01-15T08:31:27+00:00","og_image":[{"width":800,"height":800,"url":"https:\/\/global-hookah.com\/wp-content\/uploads\/2024\/06\/24bc7ce1-abda-4fda-94e6-fdd330b94646.webp","type":"image\/webp"}],"twitter_card":"summary_large_image","twitter_misc":{"Gesch\u00e4tzte Lesezeit":"1\u00a0Minute"},"schema":{"@context":"https:\/\/schema.org","@graph":[{"@type":"WebPage","@id":"https:\/\/global-hookah.com\/product\/funny-halloween-style-glass-bong-wholesale\/","url":"https:\/\/global-hookah.com\/product\/funny-halloween-style-glass-bong-wholesale\/","name":"Lustige Halloween Stil Glas Bong Gro\u00dfhandel - Global Hookah","isPartOf":{"@id":"https:\/\/global-hookah.com\/#website"},"primaryImageOfPage":{"@id":"https:\/\/global-hookah.com\/product\/funny-halloween-style-glass-bong-wholesale\/#primaryimage"},"image":{"@id":"https:\/\/global-hookah.com\/product\/funny-halloween-style-glass-bong-wholesale\/#primaryimage"},"thumbnailUrl":"https:\/\/global-hookah.com\/wp-content\/uploads\/2024\/06\/24bc7ce1-abda-4fda-94e6-fdd330b94646.webp","datePublished":"2024-06-03T07:09:25+00:00","dateModified":"2025-01-15T08:31:27+00:00","breadcrumb":{"@id":"https:\/\/global-hookah.com\/product\/funny-halloween-style-glass-bong-wholesale\/#breadcrumb"},"inLanguage":"de","potentialAction":[{"@type":"ReadAction","target":["https:\/\/global-hookah.com\/product\/funny-halloween-style-glass-bong-wholesale\/"]}]},{"@type":"ImageObject","inLanguage":"de","@id":"https:\/\/global-hookah.com\/product\/funny-halloween-style-glass-bong-wholesale\/#primaryimage","url":"https:\/\/global-hookah.com\/wp-content\/uploads\/2024\/06\/24bc7ce1-abda-4fda-94e6-fdd330b94646.webp","contentUrl":"https:\/\/global-hookah.com\/wp-content\/uploads\/2024\/06\/24bc7ce1-abda-4fda-94e6-fdd330b94646.webp","width":800,"height":800,"caption":"Funny Halloween Style Glass Bong Wholesale"},{"@type":"BreadcrumbList","@id":"https:\/\/global-hookah.com\/product\/funny-halloween-style-glass-bong-wholesale\/#breadcrumb","itemListElement":[{"@type":"ListItem","position":1,"name":"Home","item":"https:\/\/global-hookah.com\/"},{"@type":"ListItem","position":2,"name":"Shop","item":"https:\/\/global-hookah.com\/shop\/"},{"@type":"ListItem","position":3,"name":"Funny Halloween Style Glass Bong Wholesale"}]},{"@type":"WebSite","@id":"https:\/\/global-hookah.com\/#website","url":"https:\/\/global-hookah.com\/","name":"Globale Wasserpfeife","description":"Globale Wasserpfeife","publisher":{"@id":"https:\/\/global-hookah.com\/#organization"},"potentialAction":[{"@type":"SearchAction","target":{"@type":"EntryPoint","urlTemplate":"https:\/\/global-hookah.com\/?s={search_term_string}"},"query-input":{"@type":"PropertyValueSpecification","valueRequired":true,"valueName":"search_term_string"}}],"inLanguage":"de"},{"@type":"Organization","@id":"https:\/\/global-hookah.com\/#organization","name":"Globale Wasserpfeife","url":"https:\/\/global-hookah.com\/","logo":{"@type":"ImageObject","inLanguage":"de","@id":"https:\/\/global-hookah.com\/#\/schema\/logo\/image\/","url":"https:\/\/global-hookah.com\/wp-content\/uploads\/2021\/10\/cropped-fgg.png","contentUrl":"https:\/\/global-hookah.com\/wp-content\/uploads\/2021\/10\/cropped-fgg.png","width":512,"height":512,"caption":"Global Hookah"},"image":{"@id":"https:\/\/global-hookah.com\/#\/schema\/logo\/image\/"}}]}},"_links":{"self":[{"href":"https:\/\/global-hookah.com\/de\/wp-json\/wp\/v2\/product\/25963","targetHints":{"allow":["GET"]}}],"collection":[{"href":"https:\/\/global-hookah.com\/de\/wp-json\/wp\/v2\/product"}],"about":[{"href":"https:\/\/global-hookah.com\/de\/wp-json\/wp\/v2\/types\/product"}],"replies":[{"embeddable":true,"href":"https:\/\/global-hookah.com\/de\/wp-json\/wp\/v2\/comments?post=25963"}],"version-history":[{"count":0,"href":"https:\/\/global-hookah.com\/de\/wp-json\/wp\/v2\/product\/25963\/revisions"}],"wp:featuredmedia":[{"embeddable":true,"href":"https:\/\/global-hookah.com\/de\/wp-json\/wp\/v2\/media\/25965"}],"wp:attachment":[{"href":"https:\/\/global-hookah.com\/de\/wp-json\/wp\/v2\/media?parent=25963"}],"wp:term":[{"taxonomy":"product_brand","embeddable":true,"href":"https:\/\/global-hookah.com\/de\/wp-json\/wp\/v2\/product_brand?post=25963"},{"taxonomy":"product_cat","embeddable":true,"href":"https:\/\/global-hookah.com\/de\/wp-json\/wp\/v2\/product_cat?post=25963"},{"taxonomy":"product_tag","embeddable":true,"href":"https:\/\/global-hookah.com\/de\/wp-json\/wp\/v2\/product_tag?post=25963"}],"curies":[{"name":"wp","href":"https:\/\/api.w.org\/{rel}","templated":true}]}}