{"id":25971,"date":"2024-06-03T07:22:10","date_gmt":"2024-06-03T07:22:10","guid":{"rendered":"https:\/\/global-hookah.com\/?post_type=product&#038;p=25971"},"modified":"2024-06-03T07:22:11","modified_gmt":"2024-06-03T07:22:11","slug":"recycled-oil-drilling-rig-glass-smoke-gun-water-pipe-wholesale","status":"publish","type":"product","link":"https:\/\/global-hookah.com\/de\/produkt\/recycled-oil-drilling-rig-glass-smoke-gun-water-pipe-wholesale\/","title":{"rendered":"Recycelte \u00d6lbohrinsel Glas Rauchkanone Wasserpfeife Gro\u00dfhandel"},"content":{"rendered":"<p>Du suchst nach einem ultrasanften Wasserpfeifenerlebnis in einem kleinen Paket? Dann sollten Sie diese Glas-Wasserpfeife ins Visier nehmen - sie hat es in sich!<\/p>\n<p>Mit einer H\u00f6he von nur 8,6 Zoll ist diese kleine Sch\u00f6nheit komplett aus hochwertigem Borosilikatglas gefertigt. Sie mag zwar winzig klein sein, aber sie produziert m\u00e4chtige milchige Risse.<\/p>\n<p>Sobald Du Deine Knospe in der 14 mm gro\u00dfen m\u00e4nnlichen Schale angez\u00fcndet hast, kannst Du staunend beobachten, wie der Rauch nach unten in die Wasserfilterkammer gezogen wird. Er tanzt und wirbelt durch die Glasperkussion und wird durch das Wasser gereinigt. Wenn er dann Deine Lippen erreicht, ist der Rauch k\u00fchler, weicher und frei von Sch\u00e4rfe.<\/p>\n<p>Jedes Detail wurde sorgf\u00e4ltig f\u00fcr einen optimalen Luftstrom und optimale Filterung entwickelt.<\/p>\n<p>Hergestellt aus 5mm dickem Glas ist diese Bong robust gebaut. Schlagen Sie die 50mm Glasrohr, 14mm Gelenk, und feste untere Rohr mit einem 14mm m\u00e4nnlichen Schale f\u00fcr integrierte Exzellenz ausgestattet.<\/p>\n<p>Drehen und wirbeln gehen Rauch in der auff\u00e4lligen Recycler-Kammer, immer von jeder H\u00e4rte f\u00fcr einen Zug so glatt werden Sie hypnotisiert werden gel\u00f6scht. Die extra gro\u00dfe Flasche K\u00f6rper h\u00e4lt verr\u00fcckt Wasser f\u00fcr maximale K\u00fchle.<\/p>","protected":false},"excerpt":{"rendered":"<p>Suchst du nach einem ultrasanften Wasserpfeifenerlebnis in einem zierlichen Paket? Dann richten Sie Ihr Augenmerk auf dieses Glas Wasser<\/p>","protected":false},"featured_media":25975,"comment_status":"closed","ping_status":"closed","template":"","meta":{"iawp_total_views":0,"_joinchat":[]},"product_brand":[],"product_cat":[415],"product_tag":[],"class_list":{"0":"post-25971","1":"product","2":"type-product","3":"status-publish","4":"has-post-thumbnail","6":"product_cat-accessories","8":"first","9":"instock","10":"shipping-taxable","11":"product-type-external"},"yoast_head":"<!-- This site is optimized with the Yoast SEO Premium plugin v24.7 (Yoast SEO v26.8) - https:\/\/yoast.com\/product\/yoast-seo-premium-wordpress\/ -->\n<title>Recycled Oil Drilling Rig Glass Smoke Gun Water Pipe Wholesale - Global Hookah<\/title>\n<meta name=\"robots\" content=\"index, follow, max-snippet:-1, max-image-preview:large, max-video-preview:-1\" \/>\n<link rel=\"canonical\" href=\"https:\/\/global-hookah.com\/de\/produkt\/recycled-oil-drilling-rig-glass-smoke-gun-water-pipe-wholesale\/\" \/>\n<meta property=\"og:locale\" content=\"de_DE\" \/>\n<meta property=\"og:type\" content=\"article\" \/>\n<meta property=\"og:title\" content=\"Recycled Oil Drilling Rig Glass Smoke Gun Water Pipe Wholesale\" \/>\n<meta property=\"og:description\" content=\"Looking for an ultra-smooth water pipe experience condensed into a petite package? Then set your sights on this glass water\" \/>\n<meta property=\"og:url\" content=\"https:\/\/global-hookah.com\/de\/produkt\/recycled-oil-drilling-rig-glass-smoke-gun-water-pipe-wholesale\/\" \/>\n<meta property=\"og:site_name\" content=\"Global Hookah\" \/>\n<meta property=\"article:modified_time\" content=\"2024-06-03T07:22:11+00:00\" \/>\n<meta property=\"og:image\" content=\"https:\/\/global-hookah.com\/wp-content\/uploads\/2024\/06\/889aef4c-3673-48e3-9643-b5a2e7496fbb.webp\" \/>\n\t<meta property=\"og:image:width\" content=\"800\" \/>\n\t<meta property=\"og:image:height\" content=\"800\" \/>\n\t<meta property=\"og:image:type\" content=\"image\/webp\" \/>\n<meta name=\"twitter:card\" content=\"summary_large_image\" \/>\n<meta name=\"twitter:label1\" content=\"Gesch\u00e4tzte Lesezeit\" \/>\n\t<meta name=\"twitter:data1\" content=\"1\u00a0Minute\" \/>\n<script type=\"application\/ld+json\" class=\"yoast-schema-graph\">{\"@context\":\"https:\/\/schema.org\",\"@graph\":[{\"@type\":\"WebPage\",\"@id\":\"https:\/\/global-hookah.com\/product\/recycled-oil-drilling-rig-glass-smoke-gun-water-pipe-wholesale\/\",\"url\":\"https:\/\/global-hookah.com\/product\/recycled-oil-drilling-rig-glass-smoke-gun-water-pipe-wholesale\/\",\"name\":\"Recycled Oil Drilling Rig Glass Smoke Gun Water Pipe Wholesale - Global Hookah\",\"isPartOf\":{\"@id\":\"https:\/\/global-hookah.com\/#website\"},\"primaryImageOfPage\":{\"@id\":\"https:\/\/global-hookah.com\/product\/recycled-oil-drilling-rig-glass-smoke-gun-water-pipe-wholesale\/#primaryimage\"},\"image\":{\"@id\":\"https:\/\/global-hookah.com\/product\/recycled-oil-drilling-rig-glass-smoke-gun-water-pipe-wholesale\/#primaryimage\"},\"thumbnailUrl\":\"https:\/\/global-hookah.com\/wp-content\/uploads\/2024\/06\/889aef4c-3673-48e3-9643-b5a2e7496fbb.webp\",\"datePublished\":\"2024-06-03T07:22:10+00:00\",\"dateModified\":\"2024-06-03T07:22:11+00:00\",\"breadcrumb\":{\"@id\":\"https:\/\/global-hookah.com\/product\/recycled-oil-drilling-rig-glass-smoke-gun-water-pipe-wholesale\/#breadcrumb\"},\"inLanguage\":\"de\",\"potentialAction\":[{\"@type\":\"ReadAction\",\"target\":[\"https:\/\/global-hookah.com\/product\/recycled-oil-drilling-rig-glass-smoke-gun-water-pipe-wholesale\/\"]}]},{\"@type\":\"ImageObject\",\"inLanguage\":\"de\",\"@id\":\"https:\/\/global-hookah.com\/product\/recycled-oil-drilling-rig-glass-smoke-gun-water-pipe-wholesale\/#primaryimage\",\"url\":\"https:\/\/global-hookah.com\/wp-content\/uploads\/2024\/06\/889aef4c-3673-48e3-9643-b5a2e7496fbb.webp\",\"contentUrl\":\"https:\/\/global-hookah.com\/wp-content\/uploads\/2024\/06\/889aef4c-3673-48e3-9643-b5a2e7496fbb.webp\",\"width\":800,\"height\":800,\"caption\":\"Recycled Oil Drilling Rig Glass Smoke Gun Water Pipe Wholesale\"},{\"@type\":\"BreadcrumbList\",\"@id\":\"https:\/\/global-hookah.com\/product\/recycled-oil-drilling-rig-glass-smoke-gun-water-pipe-wholesale\/#breadcrumb\",\"itemListElement\":[{\"@type\":\"ListItem\",\"position\":1,\"name\":\"Home\",\"item\":\"https:\/\/global-hookah.com\/\"},{\"@type\":\"ListItem\",\"position\":2,\"name\":\"Shop\",\"item\":\"https:\/\/global-hookah.com\/shop\/\"},{\"@type\":\"ListItem\",\"position\":3,\"name\":\"Recycled Oil Drilling Rig Glass Smoke Gun Water Pipe Wholesale\"}]},{\"@type\":\"WebSite\",\"@id\":\"https:\/\/global-hookah.com\/#website\",\"url\":\"https:\/\/global-hookah.com\/\",\"name\":\"Global Hookah\",\"description\":\"Global Hookah\",\"publisher\":{\"@id\":\"https:\/\/global-hookah.com\/#organization\"},\"potentialAction\":[{\"@type\":\"SearchAction\",\"target\":{\"@type\":\"EntryPoint\",\"urlTemplate\":\"https:\/\/global-hookah.com\/?s={search_term_string}\"},\"query-input\":{\"@type\":\"PropertyValueSpecification\",\"valueRequired\":true,\"valueName\":\"search_term_string\"}}],\"inLanguage\":\"de\"},{\"@type\":\"Organization\",\"@id\":\"https:\/\/global-hookah.com\/#organization\",\"name\":\"Global Hookah\",\"url\":\"https:\/\/global-hookah.com\/\",\"logo\":{\"@type\":\"ImageObject\",\"inLanguage\":\"de\",\"@id\":\"https:\/\/global-hookah.com\/#\/schema\/logo\/image\/\",\"url\":\"https:\/\/global-hookah.com\/wp-content\/uploads\/2021\/10\/cropped-fgg.png\",\"contentUrl\":\"https:\/\/global-hookah.com\/wp-content\/uploads\/2021\/10\/cropped-fgg.png\",\"width\":512,\"height\":512,\"caption\":\"Global Hookah\"},\"image\":{\"@id\":\"https:\/\/global-hookah.com\/#\/schema\/logo\/image\/\"}}]}<\/script>\n<!-- \/ Yoast SEO Premium plugin. -->","yoast_head_json":{"title":"Recyceltes \u00d6l Bohrinsel Glas Rauch Waffe Wasserpfeife Gro\u00dfhandel - Global Hookah","robots":{"index":"index","follow":"follow","max-snippet":"max-snippet:-1","max-image-preview":"max-image-preview:large","max-video-preview":"max-video-preview:-1"},"canonical":"https:\/\/global-hookah.com\/de\/produkt\/recycled-oil-drilling-rig-glass-smoke-gun-water-pipe-wholesale\/","og_locale":"de_DE","og_type":"article","og_title":"Recycled Oil Drilling Rig Glass Smoke Gun Water Pipe Wholesale","og_description":"Looking for an ultra-smooth water pipe experience condensed into a petite package? Then set your sights on this glass water","og_url":"https:\/\/global-hookah.com\/de\/produkt\/recycled-oil-drilling-rig-glass-smoke-gun-water-pipe-wholesale\/","og_site_name":"Global Hookah","article_modified_time":"2024-06-03T07:22:11+00:00","og_image":[{"width":800,"height":800,"url":"https:\/\/global-hookah.com\/wp-content\/uploads\/2024\/06\/889aef4c-3673-48e3-9643-b5a2e7496fbb.webp","type":"image\/webp"}],"twitter_card":"summary_large_image","twitter_misc":{"Gesch\u00e4tzte Lesezeit":"1\u00a0Minute"},"schema":{"@context":"https:\/\/schema.org","@graph":[{"@type":"WebPage","@id":"https:\/\/global-hookah.com\/product\/recycled-oil-drilling-rig-glass-smoke-gun-water-pipe-wholesale\/","url":"https:\/\/global-hookah.com\/product\/recycled-oil-drilling-rig-glass-smoke-gun-water-pipe-wholesale\/","name":"Recyceltes \u00d6l Bohrinsel Glas Rauch Waffe Wasserpfeife Gro\u00dfhandel - Global Hookah","isPartOf":{"@id":"https:\/\/global-hookah.com\/#website"},"primaryImageOfPage":{"@id":"https:\/\/global-hookah.com\/product\/recycled-oil-drilling-rig-glass-smoke-gun-water-pipe-wholesale\/#primaryimage"},"image":{"@id":"https:\/\/global-hookah.com\/product\/recycled-oil-drilling-rig-glass-smoke-gun-water-pipe-wholesale\/#primaryimage"},"thumbnailUrl":"https:\/\/global-hookah.com\/wp-content\/uploads\/2024\/06\/889aef4c-3673-48e3-9643-b5a2e7496fbb.webp","datePublished":"2024-06-03T07:22:10+00:00","dateModified":"2024-06-03T07:22:11+00:00","breadcrumb":{"@id":"https:\/\/global-hookah.com\/product\/recycled-oil-drilling-rig-glass-smoke-gun-water-pipe-wholesale\/#breadcrumb"},"inLanguage":"de","potentialAction":[{"@type":"ReadAction","target":["https:\/\/global-hookah.com\/product\/recycled-oil-drilling-rig-glass-smoke-gun-water-pipe-wholesale\/"]}]},{"@type":"ImageObject","inLanguage":"de","@id":"https:\/\/global-hookah.com\/product\/recycled-oil-drilling-rig-glass-smoke-gun-water-pipe-wholesale\/#primaryimage","url":"https:\/\/global-hookah.com\/wp-content\/uploads\/2024\/06\/889aef4c-3673-48e3-9643-b5a2e7496fbb.webp","contentUrl":"https:\/\/global-hookah.com\/wp-content\/uploads\/2024\/06\/889aef4c-3673-48e3-9643-b5a2e7496fbb.webp","width":800,"height":800,"caption":"Recycled Oil Drilling Rig Glass Smoke Gun Water Pipe Wholesale"},{"@type":"BreadcrumbList","@id":"https:\/\/global-hookah.com\/product\/recycled-oil-drilling-rig-glass-smoke-gun-water-pipe-wholesale\/#breadcrumb","itemListElement":[{"@type":"ListItem","position":1,"name":"Home","item":"https:\/\/global-hookah.com\/"},{"@type":"ListItem","position":2,"name":"Shop","item":"https:\/\/global-hookah.com\/shop\/"},{"@type":"ListItem","position":3,"name":"Recycled Oil Drilling Rig Glass Smoke Gun Water Pipe Wholesale"}]},{"@type":"WebSite","@id":"https:\/\/global-hookah.com\/#website","url":"https:\/\/global-hookah.com\/","name":"Globale Wasserpfeife","description":"Globale Wasserpfeife","publisher":{"@id":"https:\/\/global-hookah.com\/#organization"},"potentialAction":[{"@type":"SearchAction","target":{"@type":"EntryPoint","urlTemplate":"https:\/\/global-hookah.com\/?s={search_term_string}"},"query-input":{"@type":"PropertyValueSpecification","valueRequired":true,"valueName":"search_term_string"}}],"inLanguage":"de"},{"@type":"Organization","@id":"https:\/\/global-hookah.com\/#organization","name":"Globale Wasserpfeife","url":"https:\/\/global-hookah.com\/","logo":{"@type":"ImageObject","inLanguage":"de","@id":"https:\/\/global-hookah.com\/#\/schema\/logo\/image\/","url":"https:\/\/global-hookah.com\/wp-content\/uploads\/2021\/10\/cropped-fgg.png","contentUrl":"https:\/\/global-hookah.com\/wp-content\/uploads\/2021\/10\/cropped-fgg.png","width":512,"height":512,"caption":"Global Hookah"},"image":{"@id":"https:\/\/global-hookah.com\/#\/schema\/logo\/image\/"}}]}},"_links":{"self":[{"href":"https:\/\/global-hookah.com\/de\/wp-json\/wp\/v2\/product\/25971","targetHints":{"allow":["GET"]}}],"collection":[{"href":"https:\/\/global-hookah.com\/de\/wp-json\/wp\/v2\/product"}],"about":[{"href":"https:\/\/global-hookah.com\/de\/wp-json\/wp\/v2\/types\/product"}],"replies":[{"embeddable":true,"href":"https:\/\/global-hookah.com\/de\/wp-json\/wp\/v2\/comments?post=25971"}],"version-history":[{"count":0,"href":"https:\/\/global-hookah.com\/de\/wp-json\/wp\/v2\/product\/25971\/revisions"}],"wp:featuredmedia":[{"embeddable":true,"href":"https:\/\/global-hookah.com\/de\/wp-json\/wp\/v2\/media\/25975"}],"wp:attachment":[{"href":"https:\/\/global-hookah.com\/de\/wp-json\/wp\/v2\/media?parent=25971"}],"wp:term":[{"taxonomy":"product_brand","embeddable":true,"href":"https:\/\/global-hookah.com\/de\/wp-json\/wp\/v2\/product_brand?post=25971"},{"taxonomy":"product_cat","embeddable":true,"href":"https:\/\/global-hookah.com\/de\/wp-json\/wp\/v2\/product_cat?post=25971"},{"taxonomy":"product_tag","embeddable":true,"href":"https:\/\/global-hookah.com\/de\/wp-json\/wp\/v2\/product_tag?post=25971"}],"curies":[{"name":"wp","href":"https:\/\/api.w.org\/{rel}","templated":true}]}}