{"id":25996,"date":"2024-06-03T08:04:11","date_gmt":"2024-06-03T08:04:11","guid":{"rendered":"https:\/\/global-hookah.com\/?post_type=product&#038;p=25996"},"modified":"2024-06-03T08:05:21","modified_gmt":"2024-06-03T08:05:21","slug":"10-inch-stained-glass-bong-wholesale","status":"publish","type":"product","link":"https:\/\/global-hookah.com\/de\/produkt\/10-inch-stained-glass-bong-wholesale\/","title":{"rendered":"10-Zoll-Buntglas-Bong Gro\u00dfhandel"},"content":{"rendered":"<p>Material: Glas<\/p>\n<p>Form: Geschenkkarton<\/p>\n<p>Dicke: 5,0 mm<\/p>\n<p>Unterer Stiel: 12.7cm\/5inch (14mm-19mm)<\/p>\n<p>Eis fangen: Ja<\/p>\n<p>Produkttyp: Glasbong<\/p>\n<p>Rohrdurchmesser: 38mm<\/p>\n<p>Glasschale: 14,4 mm Au\u00dfengewinde (entspricht 14 mm oder 14,5 mm)<\/p>\n<p>H\u00f6he: 25 cm\/9,8 Zoll<\/p>\n<p>Funktion: Tabak und \u00d6l<\/p>\n<p>Gelenkgr\u00f6\u00dfe: 18,8 mm Buchse (entspricht 18 mm oder 19 mm)<\/p>\n<p>Wesentliche Merkmale:<\/p>\n<ul>\n<li>Konstruktion aus 5 mm dickem Borosilikatglas<\/li>\n<li>Geschenkkartonform f\u00fcr sch\u00f6ne Pr\u00e4sentation<\/li>\n<li>12,7 cm langer Stiel mit 14-mm-Stecker auf 19-mm-Buchse<\/li>\n<li>Eisfangdesign f\u00fcr k\u00fchlere Treffer<\/li>\n<li>38mm breites Rohr f\u00fcr guten Luftstrom<\/li>\n<li>14,4 mm Au\u00dfengewinde mit 14 mm oder 14,5 mm Innengewinde<\/li>\n<li>H\u00f6he von 25cm\/9.8 Zoll<\/li>\n<li>Hergestellt f\u00fcr Rauchtabak und \u00d6le<\/li>\n<li>18,8-mm-Buchse (18-mm- oder 19-mm-Stecker passt)<\/li>\n<\/ul>","protected":false},"excerpt":{"rendered":"<p>Material: Glas Form: Geschenkbox Dicke: 5,0 mm Stiel nach unten: 12,7cm\/5inch (14mm-19mm) Eisw\u00fcrfel: Ja Produkttyp: Glasbong Rohrdurchmesser:<\/p>","protected":false},"featured_media":25999,"comment_status":"closed","ping_status":"closed","template":"","meta":{"iawp_total_views":15,"_joinchat":[]},"product_brand":[],"product_cat":[535],"product_tag":[],"class_list":{"0":"post-25996","1":"product","2":"type-product","3":"status-publish","4":"has-post-thumbnail","6":"product_cat-wholesale-glass-bong","8":"first","9":"instock","10":"shipping-taxable","11":"product-type-external"},"yoast_head":"<!-- This site is optimized with the Yoast SEO Premium plugin v24.7 (Yoast SEO v26.8) - https:\/\/yoast.com\/product\/yoast-seo-premium-wordpress\/ -->\n<title>10 Inch Stained Glass Bong Wholesale - Global Hookah<\/title>\n<meta name=\"robots\" content=\"index, follow, max-snippet:-1, max-image-preview:large, max-video-preview:-1\" \/>\n<link rel=\"canonical\" href=\"https:\/\/global-hookah.com\/de\/produkt\/10-inch-stained-glass-bong-wholesale\/\" \/>\n<meta property=\"og:locale\" content=\"de_DE\" \/>\n<meta property=\"og:type\" content=\"article\" \/>\n<meta property=\"og:title\" content=\"10 Inch Stained Glass Bong Wholesale\" \/>\n<meta property=\"og:description\" content=\"Material: Glass Shape: Gift box Thickness: 5.0 mm Downstem: 12.7cm\/5inch (14mm-19mm) Ice Catch: Yes Product Type: Glass bong Tube Diameter:\" \/>\n<meta property=\"og:url\" content=\"https:\/\/global-hookah.com\/de\/produkt\/10-inch-stained-glass-bong-wholesale\/\" \/>\n<meta property=\"og:site_name\" content=\"Global Hookah\" \/>\n<meta property=\"article:modified_time\" content=\"2024-06-03T08:05:21+00:00\" \/>\n<meta property=\"og:image\" content=\"https:\/\/global-hookah.com\/wp-content\/uploads\/2024\/06\/b61779df-bdae-454b-b0c0-535a3ea35bad.webp\" \/>\n\t<meta property=\"og:image:width\" content=\"1000\" \/>\n\t<meta property=\"og:image:height\" content=\"1000\" \/>\n\t<meta property=\"og:image:type\" content=\"image\/webp\" \/>\n<meta name=\"twitter:card\" content=\"summary_large_image\" \/>\n<meta name=\"twitter:label1\" content=\"Gesch\u00e4tzte Lesezeit\" \/>\n\t<meta name=\"twitter:data1\" content=\"1\u00a0Minute\" \/>\n<script type=\"application\/ld+json\" class=\"yoast-schema-graph\">{\"@context\":\"https:\/\/schema.org\",\"@graph\":[{\"@type\":\"WebPage\",\"@id\":\"https:\/\/global-hookah.com\/product\/10-inch-stained-glass-bong-wholesale\/\",\"url\":\"https:\/\/global-hookah.com\/product\/10-inch-stained-glass-bong-wholesale\/\",\"name\":\"10 Inch Stained Glass Bong Wholesale - Global Hookah\",\"isPartOf\":{\"@id\":\"https:\/\/global-hookah.com\/#website\"},\"primaryImageOfPage\":{\"@id\":\"https:\/\/global-hookah.com\/product\/10-inch-stained-glass-bong-wholesale\/#primaryimage\"},\"image\":{\"@id\":\"https:\/\/global-hookah.com\/product\/10-inch-stained-glass-bong-wholesale\/#primaryimage\"},\"thumbnailUrl\":\"https:\/\/global-hookah.com\/wp-content\/uploads\/2024\/06\/b61779df-bdae-454b-b0c0-535a3ea35bad.webp\",\"datePublished\":\"2024-06-03T08:04:11+00:00\",\"dateModified\":\"2024-06-03T08:05:21+00:00\",\"breadcrumb\":{\"@id\":\"https:\/\/global-hookah.com\/product\/10-inch-stained-glass-bong-wholesale\/#breadcrumb\"},\"inLanguage\":\"de\",\"potentialAction\":[{\"@type\":\"ReadAction\",\"target\":[\"https:\/\/global-hookah.com\/product\/10-inch-stained-glass-bong-wholesale\/\"]}]},{\"@type\":\"ImageObject\",\"inLanguage\":\"de\",\"@id\":\"https:\/\/global-hookah.com\/product\/10-inch-stained-glass-bong-wholesale\/#primaryimage\",\"url\":\"https:\/\/global-hookah.com\/wp-content\/uploads\/2024\/06\/b61779df-bdae-454b-b0c0-535a3ea35bad.webp\",\"contentUrl\":\"https:\/\/global-hookah.com\/wp-content\/uploads\/2024\/06\/b61779df-bdae-454b-b0c0-535a3ea35bad.webp\",\"width\":1000,\"height\":1000,\"caption\":\"10 Inch Stained Glass Bong Wholesale\"},{\"@type\":\"BreadcrumbList\",\"@id\":\"https:\/\/global-hookah.com\/product\/10-inch-stained-glass-bong-wholesale\/#breadcrumb\",\"itemListElement\":[{\"@type\":\"ListItem\",\"position\":1,\"name\":\"Home\",\"item\":\"https:\/\/global-hookah.com\/\"},{\"@type\":\"ListItem\",\"position\":2,\"name\":\"Shop\",\"item\":\"https:\/\/global-hookah.com\/shop\/\"},{\"@type\":\"ListItem\",\"position\":3,\"name\":\"10 Inch Stained Glass Bong Wholesale\"}]},{\"@type\":\"WebSite\",\"@id\":\"https:\/\/global-hookah.com\/#website\",\"url\":\"https:\/\/global-hookah.com\/\",\"name\":\"Global Hookah\",\"description\":\"Global Hookah\",\"publisher\":{\"@id\":\"https:\/\/global-hookah.com\/#organization\"},\"potentialAction\":[{\"@type\":\"SearchAction\",\"target\":{\"@type\":\"EntryPoint\",\"urlTemplate\":\"https:\/\/global-hookah.com\/?s={search_term_string}\"},\"query-input\":{\"@type\":\"PropertyValueSpecification\",\"valueRequired\":true,\"valueName\":\"search_term_string\"}}],\"inLanguage\":\"de\"},{\"@type\":\"Organization\",\"@id\":\"https:\/\/global-hookah.com\/#organization\",\"name\":\"Global Hookah\",\"url\":\"https:\/\/global-hookah.com\/\",\"logo\":{\"@type\":\"ImageObject\",\"inLanguage\":\"de\",\"@id\":\"https:\/\/global-hookah.com\/#\/schema\/logo\/image\/\",\"url\":\"https:\/\/global-hookah.com\/wp-content\/uploads\/2021\/10\/cropped-fgg.png\",\"contentUrl\":\"https:\/\/global-hookah.com\/wp-content\/uploads\/2021\/10\/cropped-fgg.png\",\"width\":512,\"height\":512,\"caption\":\"Global Hookah\"},\"image\":{\"@id\":\"https:\/\/global-hookah.com\/#\/schema\/logo\/image\/\"}}]}<\/script>\n<!-- \/ Yoast SEO Premium plugin. -->","yoast_head_json":{"title":"10 Zoll Buntglas-Bong Gro\u00dfhandel - Global Hookah","robots":{"index":"index","follow":"follow","max-snippet":"max-snippet:-1","max-image-preview":"max-image-preview:large","max-video-preview":"max-video-preview:-1"},"canonical":"https:\/\/global-hookah.com\/de\/produkt\/10-inch-stained-glass-bong-wholesale\/","og_locale":"de_DE","og_type":"article","og_title":"10 Inch Stained Glass Bong Wholesale","og_description":"Material: Glass Shape: Gift box Thickness: 5.0 mm Downstem: 12.7cm\/5inch (14mm-19mm) Ice Catch: Yes Product Type: Glass bong Tube Diameter:","og_url":"https:\/\/global-hookah.com\/de\/produkt\/10-inch-stained-glass-bong-wholesale\/","og_site_name":"Global Hookah","article_modified_time":"2024-06-03T08:05:21+00:00","og_image":[{"width":1000,"height":1000,"url":"https:\/\/global-hookah.com\/wp-content\/uploads\/2024\/06\/b61779df-bdae-454b-b0c0-535a3ea35bad.webp","type":"image\/webp"}],"twitter_card":"summary_large_image","twitter_misc":{"Gesch\u00e4tzte Lesezeit":"1\u00a0Minute"},"schema":{"@context":"https:\/\/schema.org","@graph":[{"@type":"WebPage","@id":"https:\/\/global-hookah.com\/product\/10-inch-stained-glass-bong-wholesale\/","url":"https:\/\/global-hookah.com\/product\/10-inch-stained-glass-bong-wholesale\/","name":"10 Zoll Buntglas-Bong Gro\u00dfhandel - Global Hookah","isPartOf":{"@id":"https:\/\/global-hookah.com\/#website"},"primaryImageOfPage":{"@id":"https:\/\/global-hookah.com\/product\/10-inch-stained-glass-bong-wholesale\/#primaryimage"},"image":{"@id":"https:\/\/global-hookah.com\/product\/10-inch-stained-glass-bong-wholesale\/#primaryimage"},"thumbnailUrl":"https:\/\/global-hookah.com\/wp-content\/uploads\/2024\/06\/b61779df-bdae-454b-b0c0-535a3ea35bad.webp","datePublished":"2024-06-03T08:04:11+00:00","dateModified":"2024-06-03T08:05:21+00:00","breadcrumb":{"@id":"https:\/\/global-hookah.com\/product\/10-inch-stained-glass-bong-wholesale\/#breadcrumb"},"inLanguage":"de","potentialAction":[{"@type":"ReadAction","target":["https:\/\/global-hookah.com\/product\/10-inch-stained-glass-bong-wholesale\/"]}]},{"@type":"ImageObject","inLanguage":"de","@id":"https:\/\/global-hookah.com\/product\/10-inch-stained-glass-bong-wholesale\/#primaryimage","url":"https:\/\/global-hookah.com\/wp-content\/uploads\/2024\/06\/b61779df-bdae-454b-b0c0-535a3ea35bad.webp","contentUrl":"https:\/\/global-hookah.com\/wp-content\/uploads\/2024\/06\/b61779df-bdae-454b-b0c0-535a3ea35bad.webp","width":1000,"height":1000,"caption":"10 Inch Stained Glass Bong Wholesale"},{"@type":"BreadcrumbList","@id":"https:\/\/global-hookah.com\/product\/10-inch-stained-glass-bong-wholesale\/#breadcrumb","itemListElement":[{"@type":"ListItem","position":1,"name":"Home","item":"https:\/\/global-hookah.com\/"},{"@type":"ListItem","position":2,"name":"Shop","item":"https:\/\/global-hookah.com\/shop\/"},{"@type":"ListItem","position":3,"name":"10 Inch Stained Glass Bong Wholesale"}]},{"@type":"WebSite","@id":"https:\/\/global-hookah.com\/#website","url":"https:\/\/global-hookah.com\/","name":"Globale Wasserpfeife","description":"Globale Wasserpfeife","publisher":{"@id":"https:\/\/global-hookah.com\/#organization"},"potentialAction":[{"@type":"SearchAction","target":{"@type":"EntryPoint","urlTemplate":"https:\/\/global-hookah.com\/?s={search_term_string}"},"query-input":{"@type":"PropertyValueSpecification","valueRequired":true,"valueName":"search_term_string"}}],"inLanguage":"de"},{"@type":"Organization","@id":"https:\/\/global-hookah.com\/#organization","name":"Globale Wasserpfeife","url":"https:\/\/global-hookah.com\/","logo":{"@type":"ImageObject","inLanguage":"de","@id":"https:\/\/global-hookah.com\/#\/schema\/logo\/image\/","url":"https:\/\/global-hookah.com\/wp-content\/uploads\/2021\/10\/cropped-fgg.png","contentUrl":"https:\/\/global-hookah.com\/wp-content\/uploads\/2021\/10\/cropped-fgg.png","width":512,"height":512,"caption":"Global Hookah"},"image":{"@id":"https:\/\/global-hookah.com\/#\/schema\/logo\/image\/"}}]}},"_links":{"self":[{"href":"https:\/\/global-hookah.com\/de\/wp-json\/wp\/v2\/product\/25996","targetHints":{"allow":["GET"]}}],"collection":[{"href":"https:\/\/global-hookah.com\/de\/wp-json\/wp\/v2\/product"}],"about":[{"href":"https:\/\/global-hookah.com\/de\/wp-json\/wp\/v2\/types\/product"}],"replies":[{"embeddable":true,"href":"https:\/\/global-hookah.com\/de\/wp-json\/wp\/v2\/comments?post=25996"}],"version-history":[{"count":0,"href":"https:\/\/global-hookah.com\/de\/wp-json\/wp\/v2\/product\/25996\/revisions"}],"wp:featuredmedia":[{"embeddable":true,"href":"https:\/\/global-hookah.com\/de\/wp-json\/wp\/v2\/media\/25999"}],"wp:attachment":[{"href":"https:\/\/global-hookah.com\/de\/wp-json\/wp\/v2\/media?parent=25996"}],"wp:term":[{"taxonomy":"product_brand","embeddable":true,"href":"https:\/\/global-hookah.com\/de\/wp-json\/wp\/v2\/product_brand?post=25996"},{"taxonomy":"product_cat","embeddable":true,"href":"https:\/\/global-hookah.com\/de\/wp-json\/wp\/v2\/product_cat?post=25996"},{"taxonomy":"product_tag","embeddable":true,"href":"https:\/\/global-hookah.com\/de\/wp-json\/wp\/v2\/product_tag?post=25996"}],"curies":[{"name":"wp","href":"https:\/\/api.w.org\/{rel}","templated":true}]}}