{"id":26352,"date":"2024-06-06T06:12:27","date_gmt":"2024-06-06T06:12:27","guid":{"rendered":"https:\/\/global-hookah.com\/product\/2-dia-cast-aluminum-grinders-dry-herbal-spice-tobacco-crusher-red-coating\/"},"modified":"2024-06-07T06:11:20","modified_gmt":"2024-06-07T06:11:20","slug":"red-aluminum-tobacco-crusher-wholesale","status":"publish","type":"product","link":"https:\/\/global-hookah.com\/de\/produkt\/red-aluminum-tobacco-crusher-wholesale\/","title":{"rendered":"Roter Aluminium-Tabak-Brecher Gro\u00dfhandel"},"content":{"rendered":"<div>\n<p><strong>Roter Aluminium-Tabak-Brecher<\/strong>ist ein stilvolles Must-have f\u00fcr Tabakliebhaber. Diese Maschine bietet den ultimativen Komfort, wenn es darum geht, Knospen aufzubrechen, Zigaretten zu drehen oder Pfeifentabak zuzubereiten.<\/p>\n<p>Dieser robuste Metallzerkleinerer ist dank der Konstruktion aus Flugzeugaluminium f\u00fcr jahrelangen, t\u00e4glichen Gebrauch ausgelegt. Die einzigartigen, gezackten Z\u00e4hne sorgen f\u00fcr maximale Zerkleinerungseffizienz und bewahren gleichzeitig die \u00e4therischen \u00d6le f\u00fcr das reichhaltigste Aroma und den besten Geschmack. Er zerkleinert Kr\u00e4uter zu einer idealen, fluffigen, gleichm\u00e4\u00dfigen Textur, die sich zum Rollen oder Verpacken in Schalen eignet.<\/p>\n<p>Vorbei sind die Zeiten, in denen man trockene Klumpen mit den Fingern zerpfl\u00fccken oder mit Messern durcheinander hacken musste. Mit ein paar schnellen Drehungen dieses <strong>Roter Aluminium-Tabak-Brecher<\/strong> Ihre R\u00e4uchermischungen erhalten die perfekte Konsistenz f\u00fcr einen gleichm\u00e4\u00dfigen Abbrand.<\/p>\n<p>Seine Reisefreundlichkeit und seine Gr\u00f6\u00dfe von 2 Zoll machen ihn vielseitig und handtellergro\u00df genug, um ihn unterwegs diskret zu verwenden. Stecken Sie ihn in Ihre Tasche oder Ihren Rucksack, damit Sie \u00fcberall Tabak zubereiten k\u00f6nnen. Au\u00dferdem kann das Sieb abgenommen werden, damit nach dem Zerkleinern des Tabaks usw. kein feines Pulver zur\u00fcckbleibt.<\/p>\n<p>&nbsp;<\/p>\n<p><img decoding=\"async\" src=\"https:\/\/global-hookah.com\/wp-content\/uploads\/2024\/06\/c73f5f11-c9b4-41be-9d6c-cdcf64616af8.jpg\" \/><\/div>\n<div><img decoding=\"async\" src=\"https:\/\/global-hookah.com\/wp-content\/uploads\/2024\/06\/41a6d79a-7148-447d-99cd-dc6bf75e1ba6.jpg\" \/><\/div>\n<div><img decoding=\"async\" src=\"https:\/\/global-hookah.com\/wp-content\/uploads\/2024\/06\/b21cabe2-0330-4691-a2c1-9c5f71001929.jpg\" \/><\/div>\n<div><img decoding=\"async\" src=\"https:\/\/global-hookah.com\/wp-content\/uploads\/2024\/06\/cc2cb8aa-7600-4157-9cfd-7fadd7004354.jpg\" \/><\/div>\n<div><img decoding=\"async\" src=\"https:\/\/global-hookah.com\/wp-content\/uploads\/2024\/06\/dae9413e-7f75-4079-9f0c-40cdd45fc101.jpg\" \/><\/div>\n<div><img decoding=\"async\" src=\"https:\/\/global-hookah.com\/wp-content\/uploads\/2024\/06\/196aec47-cd32-42b5-96b8-cfbd67e0c1ba.jpg\" \/><\/div>\n<div><img decoding=\"async\" src=\"https:\/\/global-hookah.com\/wp-content\/uploads\/2024\/06\/94dbfd65-5233-4cb3-bd78-49c6d93647e1.jpg\" \/><\/div>","protected":false},"excerpt":{"rendered":"<p>Red Aluminum Tobacco Crusher, ist ein stilvolles Must-Have f\u00fcr Tabakliebhaber. Diese Maschine bietet den ultimativen Komfort, wenn es<\/p>","protected":false},"featured_media":26472,"comment_status":"closed","ping_status":"closed","template":"","meta":{"iawp_total_views":0,"_joinchat":[]},"product_brand":[],"product_cat":[770],"product_tag":[],"class_list":{"0":"post-26352","1":"product","2":"type-product","3":"status-publish","4":"has-post-thumbnail","6":"product_cat-wholesale-grinder","8":"first","9":"instock","10":"shipping-taxable","11":"product-type-external"},"yoast_head":"<!-- This site is optimized with the Yoast SEO Premium plugin v24.7 (Yoast SEO v26.8) - https:\/\/yoast.com\/product\/yoast-seo-premium-wordpress\/ -->\n<title>Red Aluminum Tobacco Crusher Wholesale - Global Hookah<\/title>\n<meta name=\"robots\" content=\"index, follow, max-snippet:-1, max-image-preview:large, max-video-preview:-1\" \/>\n<link rel=\"canonical\" href=\"https:\/\/global-hookah.com\/de\/produkt\/red-aluminum-tobacco-crusher-wholesale\/\" \/>\n<meta property=\"og:locale\" content=\"de_DE\" \/>\n<meta property=\"og:type\" content=\"article\" \/>\n<meta property=\"og:title\" content=\"Red Aluminum Tobacco Crusher Wholesale\" \/>\n<meta property=\"og:description\" content=\"Red Aluminum Tobacco Crusher, is a stylish must-have item for tobacco connoisseurs. This machine delivers the ultimate convenience when it\" \/>\n<meta property=\"og:url\" content=\"https:\/\/global-hookah.com\/de\/produkt\/red-aluminum-tobacco-crusher-wholesale\/\" \/>\n<meta property=\"og:site_name\" content=\"Global Hookah\" \/>\n<meta property=\"article:modified_time\" content=\"2024-06-07T06:11:20+00:00\" \/>\n<meta property=\"og:image\" content=\"https:\/\/global-hookah.com\/wp-content\/uploads\/2024\/06\/c73f5f11-c9b4-41be-9d6c-cdcf64616af8.jpg\" \/>\n\t<meta property=\"og:image:width\" content=\"800\" \/>\n\t<meta property=\"og:image:height\" content=\"800\" \/>\n\t<meta property=\"og:image:type\" content=\"image\/jpeg\" \/>\n<meta name=\"twitter:card\" content=\"summary_large_image\" \/>\n<meta name=\"twitter:label1\" content=\"Gesch\u00e4tzte Lesezeit\" \/>\n\t<meta name=\"twitter:data1\" content=\"3\u00a0Minuten\" \/>\n<script type=\"application\/ld+json\" class=\"yoast-schema-graph\">{\"@context\":\"https:\/\/schema.org\",\"@graph\":[{\"@type\":\"WebPage\",\"@id\":\"https:\/\/global-hookah.com\/product\/red-aluminum-tobacco-crusher-wholesale\/\",\"url\":\"https:\/\/global-hookah.com\/product\/red-aluminum-tobacco-crusher-wholesale\/\",\"name\":\"Red Aluminum Tobacco Crusher Wholesale - Global Hookah\",\"isPartOf\":{\"@id\":\"https:\/\/global-hookah.com\/#website\"},\"primaryImageOfPage\":{\"@id\":\"https:\/\/global-hookah.com\/product\/red-aluminum-tobacco-crusher-wholesale\/#primaryimage\"},\"image\":{\"@id\":\"https:\/\/global-hookah.com\/product\/red-aluminum-tobacco-crusher-wholesale\/#primaryimage\"},\"thumbnailUrl\":\"https:\/\/global-hookah.com\/wp-content\/uploads\/2024\/06\/c73f5f11-c9b4-41be-9d6c-cdcf64616af8.jpg\",\"datePublished\":\"2024-06-06T06:12:27+00:00\",\"dateModified\":\"2024-06-07T06:11:20+00:00\",\"breadcrumb\":{\"@id\":\"https:\/\/global-hookah.com\/product\/red-aluminum-tobacco-crusher-wholesale\/#breadcrumb\"},\"inLanguage\":\"de\",\"potentialAction\":[{\"@type\":\"ReadAction\",\"target\":[\"https:\/\/global-hookah.com\/product\/red-aluminum-tobacco-crusher-wholesale\/\"]}]},{\"@type\":\"ImageObject\",\"inLanguage\":\"de\",\"@id\":\"https:\/\/global-hookah.com\/product\/red-aluminum-tobacco-crusher-wholesale\/#primaryimage\",\"url\":\"https:\/\/global-hookah.com\/wp-content\/uploads\/2024\/06\/c73f5f11-c9b4-41be-9d6c-cdcf64616af8.jpg\",\"contentUrl\":\"https:\/\/global-hookah.com\/wp-content\/uploads\/2024\/06\/c73f5f11-c9b4-41be-9d6c-cdcf64616af8.jpg\",\"width\":800,\"height\":800,\"caption\":\"Red Aluminum Tobacco Crusher Wholesale\"},{\"@type\":\"BreadcrumbList\",\"@id\":\"https:\/\/global-hookah.com\/product\/red-aluminum-tobacco-crusher-wholesale\/#breadcrumb\",\"itemListElement\":[{\"@type\":\"ListItem\",\"position\":1,\"name\":\"Home\",\"item\":\"https:\/\/global-hookah.com\/\"},{\"@type\":\"ListItem\",\"position\":2,\"name\":\"Shop\",\"item\":\"https:\/\/global-hookah.com\/shop\/\"},{\"@type\":\"ListItem\",\"position\":3,\"name\":\"Red Aluminum Tobacco Crusher Wholesale\"}]},{\"@type\":\"WebSite\",\"@id\":\"https:\/\/global-hookah.com\/#website\",\"url\":\"https:\/\/global-hookah.com\/\",\"name\":\"Global Hookah\",\"description\":\"Global Hookah\",\"publisher\":{\"@id\":\"https:\/\/global-hookah.com\/#organization\"},\"potentialAction\":[{\"@type\":\"SearchAction\",\"target\":{\"@type\":\"EntryPoint\",\"urlTemplate\":\"https:\/\/global-hookah.com\/?s={search_term_string}\"},\"query-input\":{\"@type\":\"PropertyValueSpecification\",\"valueRequired\":true,\"valueName\":\"search_term_string\"}}],\"inLanguage\":\"de\"},{\"@type\":\"Organization\",\"@id\":\"https:\/\/global-hookah.com\/#organization\",\"name\":\"Global Hookah\",\"url\":\"https:\/\/global-hookah.com\/\",\"logo\":{\"@type\":\"ImageObject\",\"inLanguage\":\"de\",\"@id\":\"https:\/\/global-hookah.com\/#\/schema\/logo\/image\/\",\"url\":\"https:\/\/global-hookah.com\/wp-content\/uploads\/2021\/10\/cropped-fgg.png\",\"contentUrl\":\"https:\/\/global-hookah.com\/wp-content\/uploads\/2021\/10\/cropped-fgg.png\",\"width\":512,\"height\":512,\"caption\":\"Global Hookah\"},\"image\":{\"@id\":\"https:\/\/global-hookah.com\/#\/schema\/logo\/image\/\"}}]}<\/script>\n<!-- \/ Yoast SEO Premium plugin. -->","yoast_head_json":{"title":"Roter Aluminium-Tabak-Brecher Gro\u00dfhandel - Global Hookah","robots":{"index":"index","follow":"follow","max-snippet":"max-snippet:-1","max-image-preview":"max-image-preview:large","max-video-preview":"max-video-preview:-1"},"canonical":"https:\/\/global-hookah.com\/de\/produkt\/red-aluminum-tobacco-crusher-wholesale\/","og_locale":"de_DE","og_type":"article","og_title":"Red Aluminum Tobacco Crusher Wholesale","og_description":"Red Aluminum Tobacco Crusher, is a stylish must-have item for tobacco connoisseurs. This machine delivers the ultimate convenience when it","og_url":"https:\/\/global-hookah.com\/de\/produkt\/red-aluminum-tobacco-crusher-wholesale\/","og_site_name":"Global Hookah","article_modified_time":"2024-06-07T06:11:20+00:00","og_image":[{"width":800,"height":800,"url":"https:\/\/global-hookah.com\/wp-content\/uploads\/2024\/06\/c73f5f11-c9b4-41be-9d6c-cdcf64616af8.jpg","type":"image\/jpeg"}],"twitter_card":"summary_large_image","twitter_misc":{"Gesch\u00e4tzte Lesezeit":"3\u00a0Minuten"},"schema":{"@context":"https:\/\/schema.org","@graph":[{"@type":"WebPage","@id":"https:\/\/global-hookah.com\/product\/red-aluminum-tobacco-crusher-wholesale\/","url":"https:\/\/global-hookah.com\/product\/red-aluminum-tobacco-crusher-wholesale\/","name":"Roter Aluminium-Tabak-Brecher Gro\u00dfhandel - Global Hookah","isPartOf":{"@id":"https:\/\/global-hookah.com\/#website"},"primaryImageOfPage":{"@id":"https:\/\/global-hookah.com\/product\/red-aluminum-tobacco-crusher-wholesale\/#primaryimage"},"image":{"@id":"https:\/\/global-hookah.com\/product\/red-aluminum-tobacco-crusher-wholesale\/#primaryimage"},"thumbnailUrl":"https:\/\/global-hookah.com\/wp-content\/uploads\/2024\/06\/c73f5f11-c9b4-41be-9d6c-cdcf64616af8.jpg","datePublished":"2024-06-06T06:12:27+00:00","dateModified":"2024-06-07T06:11:20+00:00","breadcrumb":{"@id":"https:\/\/global-hookah.com\/product\/red-aluminum-tobacco-crusher-wholesale\/#breadcrumb"},"inLanguage":"de","potentialAction":[{"@type":"ReadAction","target":["https:\/\/global-hookah.com\/product\/red-aluminum-tobacco-crusher-wholesale\/"]}]},{"@type":"ImageObject","inLanguage":"de","@id":"https:\/\/global-hookah.com\/product\/red-aluminum-tobacco-crusher-wholesale\/#primaryimage","url":"https:\/\/global-hookah.com\/wp-content\/uploads\/2024\/06\/c73f5f11-c9b4-41be-9d6c-cdcf64616af8.jpg","contentUrl":"https:\/\/global-hookah.com\/wp-content\/uploads\/2024\/06\/c73f5f11-c9b4-41be-9d6c-cdcf64616af8.jpg","width":800,"height":800,"caption":"Red Aluminum Tobacco Crusher Wholesale"},{"@type":"BreadcrumbList","@id":"https:\/\/global-hookah.com\/product\/red-aluminum-tobacco-crusher-wholesale\/#breadcrumb","itemListElement":[{"@type":"ListItem","position":1,"name":"Home","item":"https:\/\/global-hookah.com\/"},{"@type":"ListItem","position":2,"name":"Shop","item":"https:\/\/global-hookah.com\/shop\/"},{"@type":"ListItem","position":3,"name":"Red Aluminum Tobacco Crusher Wholesale"}]},{"@type":"WebSite","@id":"https:\/\/global-hookah.com\/#website","url":"https:\/\/global-hookah.com\/","name":"Globale Wasserpfeife","description":"Globale Wasserpfeife","publisher":{"@id":"https:\/\/global-hookah.com\/#organization"},"potentialAction":[{"@type":"SearchAction","target":{"@type":"EntryPoint","urlTemplate":"https:\/\/global-hookah.com\/?s={search_term_string}"},"query-input":{"@type":"PropertyValueSpecification","valueRequired":true,"valueName":"search_term_string"}}],"inLanguage":"de"},{"@type":"Organization","@id":"https:\/\/global-hookah.com\/#organization","name":"Globale Wasserpfeife","url":"https:\/\/global-hookah.com\/","logo":{"@type":"ImageObject","inLanguage":"de","@id":"https:\/\/global-hookah.com\/#\/schema\/logo\/image\/","url":"https:\/\/global-hookah.com\/wp-content\/uploads\/2021\/10\/cropped-fgg.png","contentUrl":"https:\/\/global-hookah.com\/wp-content\/uploads\/2021\/10\/cropped-fgg.png","width":512,"height":512,"caption":"Global Hookah"},"image":{"@id":"https:\/\/global-hookah.com\/#\/schema\/logo\/image\/"}}]}},"_links":{"self":[{"href":"https:\/\/global-hookah.com\/de\/wp-json\/wp\/v2\/product\/26352","targetHints":{"allow":["GET"]}}],"collection":[{"href":"https:\/\/global-hookah.com\/de\/wp-json\/wp\/v2\/product"}],"about":[{"href":"https:\/\/global-hookah.com\/de\/wp-json\/wp\/v2\/types\/product"}],"replies":[{"embeddable":true,"href":"https:\/\/global-hookah.com\/de\/wp-json\/wp\/v2\/comments?post=26352"}],"version-history":[{"count":0,"href":"https:\/\/global-hookah.com\/de\/wp-json\/wp\/v2\/product\/26352\/revisions"}],"wp:featuredmedia":[{"embeddable":true,"href":"https:\/\/global-hookah.com\/de\/wp-json\/wp\/v2\/media\/26472"}],"wp:attachment":[{"href":"https:\/\/global-hookah.com\/de\/wp-json\/wp\/v2\/media?parent=26352"}],"wp:term":[{"taxonomy":"product_brand","embeddable":true,"href":"https:\/\/global-hookah.com\/de\/wp-json\/wp\/v2\/product_brand?post=26352"},{"taxonomy":"product_cat","embeddable":true,"href":"https:\/\/global-hookah.com\/de\/wp-json\/wp\/v2\/product_cat?post=26352"},{"taxonomy":"product_tag","embeddable":true,"href":"https:\/\/global-hookah.com\/de\/wp-json\/wp\/v2\/product_tag?post=26352"}],"curies":[{"name":"wp","href":"https:\/\/api.w.org\/{rel}","templated":true}]}}