{"id":26418,"date":"2024-06-06T06:12:46","date_gmt":"2024-06-06T06:12:46","guid":{"rendered":"https:\/\/global-hookah.com\/product\/"},"modified":"2026-02-04T02:09:01","modified_gmt":"2026-02-04T02:09:01","slug":"weed-grinder-custom-logo","status":"publish","type":"product","link":"https:\/\/global-hookah.com\/de\/produkt\/weed-grinder-custom-logo\/","title":{"rendered":"Unkrautschleifer Benutzerdefiniertes Logo"},"content":{"rendered":"<div>\n<p>Diese<strong> High-End-Schleifer<\/strong> ist aus einer Aluminiumlegierung in medizinischer Qualit\u00e4t in einem St\u00fcck gefertigt und verzichtet auf das typische Gewindedesign zugunsten einer revolution\u00e4ren gewindelosen Magnetstruktur und einer kugelgelagerten \u201cHochgeschwindigkeits-Drehabdeckung\u201d. Mit einer einzigen Ber\u00fchrung beginnt das Schleifen sofort.<\/p>\n<p>Sei es der Name, die Initialen, der Lieblingsspruch oder eine tolle Grafik mit gro\u00dfen Farben; wir bringen Ihr pers\u00f6nliches Logo direkt auf dem Deckel an. Sie werden es bei der Zubereitung von Kr\u00e4utern nie vergessen.<\/p>\n<p>Die rautenf\u00f6rmigen Z\u00e4hne in seinem Inneren sind der Schl\u00fcssel dazu <a href=\"https:\/\/global-hookah.com\/product-category\/wholesale-grinder\/\"><strong>Marihuana-Brecher<\/strong><\/a>: Diamantf\u00f6rmige Z\u00e4hne: vierseitige Schneiden mit einem Winkel von ca. 60-90 Grad erm\u00f6glichen eine effiziente Zerkleinerung in zahlreiche Richtungen. Unabh\u00e4ngig davon, wie die Kr\u00e4uter eingelegt werden, werden sie gleichm\u00e4\u00dfig zerkleinert, wodurch mittelfeine und sehr gleichm\u00e4\u00dfige Partikel entstehen. Vor allem aber erleichtert das Diamant-Design das \u201cHerausschieben\u201d des Materials f\u00fcr einen nat\u00fcrlichen Abwurf durch Optimierung des Materialflusses. In der Regel sind weniger Umdrehungen erforderlich, um leicht gro\u00dfe Chargen zu bew\u00e4ltigen, was die Effizienz erh\u00f6ht und manuelle Eingriffe \u00fcberfl\u00fcssig macht.<\/p>\n<p><a href=\"https:\/\/global-hookah.com\/product\/63mm-herb-grinder-smoke-cigarette-accessories-tobacco-miller-crusher-5-layer-dry-herb-spices-grass-metal-grinders-diamond-rudder\/\"><strong>Trockenes Kraut The Grinder's<\/strong><\/a> Die einzigartige matte Oberfl\u00e4che erzeugt eine luxuri\u00f6se matte Textur, die mir am besten gef\u00e4llt. Diese interessante Designinspiration stammt aus der Technik des Edelsteinschleifens. Die facettenreiche geometrische Form hat nicht nur einen starken Sinn f\u00fcr Dreidimensionalit\u00e4t und Licht- und Schattenspannung, sondern bietet auch hervorragende Griffpunkte mit Reibung beim Drehen.<\/p>\n<p>&nbsp;<\/p>\n<p><img decoding=\"async\" src=\"https:\/\/global-hookah.com\/wp-content\/uploads\/2024\/06\/de86a584-cc30-4a2f-bf12-1fe32a935298.jpg\" \/><\/p>\n<\/div>\n<div><img decoding=\"async\" src=\"https:\/\/global-hookah.com\/wp-content\/uploads\/2024\/06\/5cf82288-5d5c-4ade-bf05-0b5a9f15c6c4.jpg\" \/><\/div>\n<div><img decoding=\"async\" src=\"https:\/\/global-hookah.com\/wp-content\/uploads\/2024\/06\/a96c03ce-0efa-11ef-8963-0a580a69c424.jpg\" \/><\/div>\n<div><img decoding=\"async\" src=\"https:\/\/global-hookah.com\/wp-content\/uploads\/2024\/06\/03cc3fc5-b8d5-4b7c-aff2-ce0060bdaff4.jpg\" \/><\/div>\n<div><img decoding=\"async\" src=\"https:\/\/global-hookah.com\/wp-content\/uploads\/2024\/06\/756cb5fe-7aec-4eda-a0cc-0def80c329f2.jpg\" \/><\/div>","protected":false},"excerpt":{"rendered":"<p>Diese High-End-Schleifmaschine ist aus einer Aluminiumlegierung in medizinischer Qualit\u00e4t in einem einzigen St\u00fcck gefertigt und verzichtet auf das typische Gewindedesign zugunsten von<\/p>","protected":false},"featured_media":26600,"comment_status":"closed","ping_status":"closed","template":"","meta":{"iawp_total_views":0,"_joinchat":[]},"product_brand":[],"product_cat":[770],"product_tag":[],"class_list":{"0":"post-26418","1":"product","2":"type-product","3":"status-publish","4":"has-post-thumbnail","6":"product_cat-wholesale-grinder","8":"first","9":"instock","10":"shipping-taxable","11":"product-type-external"},"yoast_head":"<!-- This site is optimized with the Yoast SEO Premium plugin v24.7 (Yoast SEO v26.8) - https:\/\/yoast.com\/product\/yoast-seo-premium-wordpress\/ -->\n<title>Weed Grinder Custom Logo - Global Hookah<\/title>\n<meta name=\"robots\" content=\"index, follow, max-snippet:-1, max-image-preview:large, max-video-preview:-1\" \/>\n<link rel=\"canonical\" href=\"https:\/\/global-hookah.com\/de\/produkt\/weed-grinder-custom-logo\/\" \/>\n<meta property=\"og:locale\" content=\"de_DE\" \/>\n<meta property=\"og:type\" content=\"article\" \/>\n<meta property=\"og:title\" content=\"Weed Grinder Custom Logo\" \/>\n<meta property=\"og:description\" content=\"This high-end grinder is manufactured of medical-grade aluminum alloy in a single piece, eschewing the typical threaded design in favor\" \/>\n<meta property=\"og:url\" content=\"https:\/\/global-hookah.com\/de\/produkt\/weed-grinder-custom-logo\/\" \/>\n<meta property=\"og:site_name\" content=\"Global Hookah\" \/>\n<meta property=\"article:modified_time\" content=\"2026-02-04T02:09:01+00:00\" \/>\n<meta property=\"og:image\" content=\"https:\/\/global-hookah.com\/wp-content\/uploads\/2024\/06\/de86a584-cc30-4a2f-bf12-1fe32a935298.jpg\" \/>\n\t<meta property=\"og:image:width\" content=\"800\" \/>\n\t<meta property=\"og:image:height\" content=\"800\" \/>\n\t<meta property=\"og:image:type\" content=\"image\/jpeg\" \/>\n<meta name=\"twitter:card\" content=\"summary_large_image\" \/>\n<meta name=\"twitter:label1\" content=\"Gesch\u00e4tzte Lesezeit\" \/>\n\t<meta name=\"twitter:data1\" content=\"3\u00a0Minuten\" \/>\n<script type=\"application\/ld+json\" class=\"yoast-schema-graph\">{\"@context\":\"https:\/\/schema.org\",\"@graph\":[{\"@type\":\"WebPage\",\"@id\":\"https:\/\/global-hookah.com\/product\/weed-grinder-custom-logo\/\",\"url\":\"https:\/\/global-hookah.com\/product\/weed-grinder-custom-logo\/\",\"name\":\"Weed Grinder Custom Logo - Global Hookah\",\"isPartOf\":{\"@id\":\"https:\/\/global-hookah.com\/#website\"},\"primaryImageOfPage\":{\"@id\":\"https:\/\/global-hookah.com\/product\/weed-grinder-custom-logo\/#primaryimage\"},\"image\":{\"@id\":\"https:\/\/global-hookah.com\/product\/weed-grinder-custom-logo\/#primaryimage\"},\"thumbnailUrl\":\"https:\/\/global-hookah.com\/wp-content\/uploads\/2024\/06\/de86a584-cc30-4a2f-bf12-1fe32a935298.jpg\",\"datePublished\":\"2024-06-06T06:12:46+00:00\",\"dateModified\":\"2026-02-04T02:09:01+00:00\",\"breadcrumb\":{\"@id\":\"https:\/\/global-hookah.com\/product\/weed-grinder-custom-logo\/#breadcrumb\"},\"inLanguage\":\"de\",\"potentialAction\":[{\"@type\":\"ReadAction\",\"target\":[\"https:\/\/global-hookah.com\/product\/weed-grinder-custom-logo\/\"]}]},{\"@type\":\"ImageObject\",\"inLanguage\":\"de\",\"@id\":\"https:\/\/global-hookah.com\/product\/weed-grinder-custom-logo\/#primaryimage\",\"url\":\"https:\/\/global-hookah.com\/wp-content\/uploads\/2024\/06\/de86a584-cc30-4a2f-bf12-1fe32a935298.jpg\",\"contentUrl\":\"https:\/\/global-hookah.com\/wp-content\/uploads\/2024\/06\/de86a584-cc30-4a2f-bf12-1fe32a935298.jpg\",\"width\":800,\"height\":800,\"caption\":\"Weed Grinder Custom Logo\"},{\"@type\":\"BreadcrumbList\",\"@id\":\"https:\/\/global-hookah.com\/product\/weed-grinder-custom-logo\/#breadcrumb\",\"itemListElement\":[{\"@type\":\"ListItem\",\"position\":1,\"name\":\"Home\",\"item\":\"https:\/\/global-hookah.com\/\"},{\"@type\":\"ListItem\",\"position\":2,\"name\":\"Shop\",\"item\":\"https:\/\/global-hookah.com\/shop\/\"},{\"@type\":\"ListItem\",\"position\":3,\"name\":\"Weed Grinder Custom Logo\"}]},{\"@type\":\"WebSite\",\"@id\":\"https:\/\/global-hookah.com\/#website\",\"url\":\"https:\/\/global-hookah.com\/\",\"name\":\"Global Hookah\",\"description\":\"Global Hookah\",\"publisher\":{\"@id\":\"https:\/\/global-hookah.com\/#organization\"},\"potentialAction\":[{\"@type\":\"SearchAction\",\"target\":{\"@type\":\"EntryPoint\",\"urlTemplate\":\"https:\/\/global-hookah.com\/?s={search_term_string}\"},\"query-input\":{\"@type\":\"PropertyValueSpecification\",\"valueRequired\":true,\"valueName\":\"search_term_string\"}}],\"inLanguage\":\"de\"},{\"@type\":\"Organization\",\"@id\":\"https:\/\/global-hookah.com\/#organization\",\"name\":\"Global Hookah\",\"url\":\"https:\/\/global-hookah.com\/\",\"logo\":{\"@type\":\"ImageObject\",\"inLanguage\":\"de\",\"@id\":\"https:\/\/global-hookah.com\/#\/schema\/logo\/image\/\",\"url\":\"https:\/\/global-hookah.com\/wp-content\/uploads\/2021\/10\/cropped-fgg.png\",\"contentUrl\":\"https:\/\/global-hookah.com\/wp-content\/uploads\/2021\/10\/cropped-fgg.png\",\"width\":512,\"height\":512,\"caption\":\"Global Hookah\"},\"image\":{\"@id\":\"https:\/\/global-hookah.com\/#\/schema\/logo\/image\/\"}}]}<\/script>\n<!-- \/ Yoast SEO Premium plugin. -->","yoast_head_json":{"title":"Kundenspezifisches Logo f\u00fcr Unkrautmahlwerk - Global Hookah","robots":{"index":"index","follow":"follow","max-snippet":"max-snippet:-1","max-image-preview":"max-image-preview:large","max-video-preview":"max-video-preview:-1"},"canonical":"https:\/\/global-hookah.com\/de\/produkt\/weed-grinder-custom-logo\/","og_locale":"de_DE","og_type":"article","og_title":"Weed Grinder Custom Logo","og_description":"This high-end grinder is manufactured of medical-grade aluminum alloy in a single piece, eschewing the typical threaded design in favor","og_url":"https:\/\/global-hookah.com\/de\/produkt\/weed-grinder-custom-logo\/","og_site_name":"Global Hookah","article_modified_time":"2026-02-04T02:09:01+00:00","og_image":[{"width":800,"height":800,"url":"https:\/\/global-hookah.com\/wp-content\/uploads\/2024\/06\/de86a584-cc30-4a2f-bf12-1fe32a935298.jpg","type":"image\/jpeg"}],"twitter_card":"summary_large_image","twitter_misc":{"Gesch\u00e4tzte Lesezeit":"3\u00a0Minuten"},"schema":{"@context":"https:\/\/schema.org","@graph":[{"@type":"WebPage","@id":"https:\/\/global-hookah.com\/product\/weed-grinder-custom-logo\/","url":"https:\/\/global-hookah.com\/product\/weed-grinder-custom-logo\/","name":"Kundenspezifisches Logo f\u00fcr Unkrautmahlwerk - Global Hookah","isPartOf":{"@id":"https:\/\/global-hookah.com\/#website"},"primaryImageOfPage":{"@id":"https:\/\/global-hookah.com\/product\/weed-grinder-custom-logo\/#primaryimage"},"image":{"@id":"https:\/\/global-hookah.com\/product\/weed-grinder-custom-logo\/#primaryimage"},"thumbnailUrl":"https:\/\/global-hookah.com\/wp-content\/uploads\/2024\/06\/de86a584-cc30-4a2f-bf12-1fe32a935298.jpg","datePublished":"2024-06-06T06:12:46+00:00","dateModified":"2026-02-04T02:09:01+00:00","breadcrumb":{"@id":"https:\/\/global-hookah.com\/product\/weed-grinder-custom-logo\/#breadcrumb"},"inLanguage":"de","potentialAction":[{"@type":"ReadAction","target":["https:\/\/global-hookah.com\/product\/weed-grinder-custom-logo\/"]}]},{"@type":"ImageObject","inLanguage":"de","@id":"https:\/\/global-hookah.com\/product\/weed-grinder-custom-logo\/#primaryimage","url":"https:\/\/global-hookah.com\/wp-content\/uploads\/2024\/06\/de86a584-cc30-4a2f-bf12-1fe32a935298.jpg","contentUrl":"https:\/\/global-hookah.com\/wp-content\/uploads\/2024\/06\/de86a584-cc30-4a2f-bf12-1fe32a935298.jpg","width":800,"height":800,"caption":"Weed Grinder Custom Logo"},{"@type":"BreadcrumbList","@id":"https:\/\/global-hookah.com\/product\/weed-grinder-custom-logo\/#breadcrumb","itemListElement":[{"@type":"ListItem","position":1,"name":"Home","item":"https:\/\/global-hookah.com\/"},{"@type":"ListItem","position":2,"name":"Shop","item":"https:\/\/global-hookah.com\/shop\/"},{"@type":"ListItem","position":3,"name":"Weed Grinder Custom Logo"}]},{"@type":"WebSite","@id":"https:\/\/global-hookah.com\/#website","url":"https:\/\/global-hookah.com\/","name":"Globale Wasserpfeife","description":"Globale Wasserpfeife","publisher":{"@id":"https:\/\/global-hookah.com\/#organization"},"potentialAction":[{"@type":"SearchAction","target":{"@type":"EntryPoint","urlTemplate":"https:\/\/global-hookah.com\/?s={search_term_string}"},"query-input":{"@type":"PropertyValueSpecification","valueRequired":true,"valueName":"search_term_string"}}],"inLanguage":"de"},{"@type":"Organization","@id":"https:\/\/global-hookah.com\/#organization","name":"Globale Wasserpfeife","url":"https:\/\/global-hookah.com\/","logo":{"@type":"ImageObject","inLanguage":"de","@id":"https:\/\/global-hookah.com\/#\/schema\/logo\/image\/","url":"https:\/\/global-hookah.com\/wp-content\/uploads\/2021\/10\/cropped-fgg.png","contentUrl":"https:\/\/global-hookah.com\/wp-content\/uploads\/2021\/10\/cropped-fgg.png","width":512,"height":512,"caption":"Global Hookah"},"image":{"@id":"https:\/\/global-hookah.com\/#\/schema\/logo\/image\/"}}]}},"_links":{"self":[{"href":"https:\/\/global-hookah.com\/de\/wp-json\/wp\/v2\/product\/26418","targetHints":{"allow":["GET"]}}],"collection":[{"href":"https:\/\/global-hookah.com\/de\/wp-json\/wp\/v2\/product"}],"about":[{"href":"https:\/\/global-hookah.com\/de\/wp-json\/wp\/v2\/types\/product"}],"replies":[{"embeddable":true,"href":"https:\/\/global-hookah.com\/de\/wp-json\/wp\/v2\/comments?post=26418"}],"version-history":[{"count":3,"href":"https:\/\/global-hookah.com\/de\/wp-json\/wp\/v2\/product\/26418\/revisions"}],"predecessor-version":[{"id":33123,"href":"https:\/\/global-hookah.com\/de\/wp-json\/wp\/v2\/product\/26418\/revisions\/33123"}],"wp:featuredmedia":[{"embeddable":true,"href":"https:\/\/global-hookah.com\/de\/wp-json\/wp\/v2\/media\/26600"}],"wp:attachment":[{"href":"https:\/\/global-hookah.com\/de\/wp-json\/wp\/v2\/media?parent=26418"}],"wp:term":[{"taxonomy":"product_brand","embeddable":true,"href":"https:\/\/global-hookah.com\/de\/wp-json\/wp\/v2\/product_brand?post=26418"},{"taxonomy":"product_cat","embeddable":true,"href":"https:\/\/global-hookah.com\/de\/wp-json\/wp\/v2\/product_cat?post=26418"},{"taxonomy":"product_tag","embeddable":true,"href":"https:\/\/global-hookah.com\/de\/wp-json\/wp\/v2\/product_tag?post=26418"}],"curies":[{"name":"wp","href":"https:\/\/api.w.org\/{rel}","templated":true}]}}