{"id":27080,"date":"2024-06-07T03:13:24","date_gmt":"2024-06-07T03:13:24","guid":{"rendered":"https:\/\/global-hookah.com\/product\/1pc-creative-pattern-grinder-metal-grinder-spice-grinder-grinding-machine-herb-grinder-spice-crusher-kitchen-supplies-christmas-gifts-christmas-party-supplies\/"},"modified":"2024-06-07T06:05:42","modified_gmt":"2024-06-07T06:05:42","slug":"bulk-wholesale-black-weed-grinder-portable","status":"publish","type":"product","link":"https:\/\/global-hookah.com\/de\/produkt\/bulk-wholesale-black-weed-grinder-portable\/","title":{"rendered":"Bulk Gro\u00dfhandel Schwarz Unkraut Grinder Portable"},"content":{"rendered":"<div><\/div>\n<div>\n<p>Produktspezifikationen<br \/>\nAbmessungen:<\/p>\n<p>H\u00f6he: 40 mm \/ 1,57 Zoll<br \/>\nDurchmesser: 55 mm \/ 2,16 Zoll<br \/>\nMaterial:<\/p>\n<p>Geh\u00e4use: Zink-Legierung<br \/>\nFarbe: Schwarz<\/p>\n<p>Merkmale:<\/p>\n<p>Ultra-scharfe Z\u00e4hne: 54 langlebige und scharfe diamantf\u00f6rmige Z\u00e4hne sorgen f\u00fcr einen gleichm\u00e4\u00dfigen und perfekten Schliff \u00fcber Jahre hinweg.<br \/>\nEdelstahl-Sieb: H\u00e4lt gro\u00dfe Mengen an Kr\u00e4utern und filtert gleichzeitig Pollen heraus.<br \/>\nSockel aus Zinklegierung mit Abstreifwerkzeug: Macht das Sammeln Ihrer kostbaren gefilterten Kr\u00e4uter einfacher und m\u00fcheloser.<\/p>\n<p><img decoding=\"async\" src=\"https:\/\/global-hookah.com\/wp-content\/uploads\/2024\/06\/39ad2037a437e8db13a9b3ee13610773.jpg\" \/><\/div>\n<div><img decoding=\"async\" src=\"https:\/\/global-hookah.com\/wp-content\/uploads\/2024\/06\/c1e36e9b764dcbe11a80323b46a4fb71.jpg\" \/><\/div>\n<div><img decoding=\"async\" src=\"https:\/\/global-hookah.com\/wp-content\/uploads\/2024\/06\/d452fb0f074d026b776dced4d8b7b7b2.jpg\" \/><\/div>\n<div><img decoding=\"async\" src=\"https:\/\/global-hookah.com\/wp-content\/uploads\/2024\/06\/de8a471eacb44b6fdce1b29328789c7d.jpg\" \/><\/div>\n<div><img decoding=\"async\" src=\"https:\/\/global-hookah.com\/wp-content\/uploads\/2024\/06\/05a3cf1805d071f7957979e5ca863558.jpg\" \/><\/div>\n<div><img decoding=\"async\" src=\"https:\/\/global-hookah.com\/wp-content\/uploads\/2024\/06\/f81f3820e46a67c56bfe23e7291470ce.jpg\" \/><\/div>\n<div><img decoding=\"async\" src=\"https:\/\/global-hookah.com\/wp-content\/uploads\/2024\/06\/7138e99d6f3d65635ad12727529b076b.jpg\" \/><\/div>\n<div><img decoding=\"async\" src=\"https:\/\/global-hookah.com\/wp-content\/uploads\/2024\/06\/cd4c94df5dfa6291eef54342772acb5a.jpg\" \/><\/div>","protected":false},"excerpt":{"rendered":"<p>Produktspezifikationen Abmessungen: H\u00f6he: 40 mm \/ 1,57 Zoll Durchmesser: 55 mm \/ 2,16 Zoll Material: K\u00f6rper: Zink-Legierung Farbe:<\/p>","protected":false},"featured_media":27272,"comment_status":"closed","ping_status":"closed","template":"","meta":{"iawp_total_views":2,"_joinchat":[]},"product_brand":[],"product_cat":[890,909,770],"product_tag":[],"class_list":{"0":"post-27080","1":"product","2":"type-product","3":"status-publish","4":"has-post-thumbnail","6":"product_cat-metal-grinder-wholesale","7":"product_cat-portable-weed-grinder-wholesale","8":"product_cat-wholesale-grinder","10":"first","11":"instock","12":"shipping-taxable","13":"purchasable","14":"product-type-simple"},"yoast_head":"<!-- This site is optimized with the Yoast SEO Premium plugin v24.7 (Yoast SEO v26.8) - https:\/\/yoast.com\/product\/yoast-seo-premium-wordpress\/ -->\n<title>Bulk Wholesale Black Weed Grinder Portable - Global Hookah<\/title>\n<meta name=\"robots\" content=\"index, follow, max-snippet:-1, max-image-preview:large, max-video-preview:-1\" \/>\n<link rel=\"canonical\" href=\"https:\/\/global-hookah.com\/de\/produkt\/bulk-wholesale-black-weed-grinder-portable\/\" \/>\n<meta property=\"og:locale\" content=\"de_DE\" \/>\n<meta property=\"og:type\" content=\"article\" \/>\n<meta property=\"og:title\" content=\"Bulk Wholesale Black Weed Grinder Portable\" \/>\n<meta property=\"og:description\" content=\"Product Specifications Dimensions: Height: 40 mm \/ 1.57 inches Diameter: 55 mm \/ 2.16 inches Material: Body: Zinc Alloy Color:\" \/>\n<meta property=\"og:url\" content=\"https:\/\/global-hookah.com\/de\/produkt\/bulk-wholesale-black-weed-grinder-portable\/\" \/>\n<meta property=\"og:site_name\" content=\"Global Hookah\" \/>\n<meta property=\"article:modified_time\" content=\"2024-06-07T06:05:42+00:00\" \/>\n<meta property=\"og:image\" content=\"https:\/\/global-hookah.com\/wp-content\/uploads\/2024\/06\/39ad2037a437e8db13a9b3ee13610773.jpg\" \/>\n\t<meta property=\"og:image:width\" content=\"1600\" \/>\n\t<meta property=\"og:image:height\" content=\"1600\" \/>\n\t<meta property=\"og:image:type\" content=\"image\/jpeg\" \/>\n<meta name=\"twitter:card\" content=\"summary_large_image\" \/>\n<meta name=\"twitter:label1\" content=\"Gesch\u00e4tzte Lesezeit\" \/>\n\t<meta name=\"twitter:data1\" content=\"3\u00a0Minuten\" \/>\n<script type=\"application\/ld+json\" class=\"yoast-schema-graph\">{\"@context\":\"https:\/\/schema.org\",\"@graph\":[{\"@type\":\"WebPage\",\"@id\":\"https:\/\/global-hookah.com\/product\/bulk-wholesale-black-weed-grinder-portable\/\",\"url\":\"https:\/\/global-hookah.com\/product\/bulk-wholesale-black-weed-grinder-portable\/\",\"name\":\"Bulk Wholesale Black Weed Grinder Portable - Global Hookah\",\"isPartOf\":{\"@id\":\"https:\/\/global-hookah.com\/#website\"},\"primaryImageOfPage\":{\"@id\":\"https:\/\/global-hookah.com\/product\/bulk-wholesale-black-weed-grinder-portable\/#primaryimage\"},\"image\":{\"@id\":\"https:\/\/global-hookah.com\/product\/bulk-wholesale-black-weed-grinder-portable\/#primaryimage\"},\"thumbnailUrl\":\"https:\/\/global-hookah.com\/wp-content\/uploads\/2024\/06\/39ad2037a437e8db13a9b3ee13610773.jpg\",\"datePublished\":\"2024-06-07T03:13:24+00:00\",\"dateModified\":\"2024-06-07T06:05:42+00:00\",\"breadcrumb\":{\"@id\":\"https:\/\/global-hookah.com\/product\/bulk-wholesale-black-weed-grinder-portable\/#breadcrumb\"},\"inLanguage\":\"de\",\"potentialAction\":[{\"@type\":\"ReadAction\",\"target\":[\"https:\/\/global-hookah.com\/product\/bulk-wholesale-black-weed-grinder-portable\/\"]}]},{\"@type\":\"ImageObject\",\"inLanguage\":\"de\",\"@id\":\"https:\/\/global-hookah.com\/product\/bulk-wholesale-black-weed-grinder-portable\/#primaryimage\",\"url\":\"https:\/\/global-hookah.com\/wp-content\/uploads\/2024\/06\/39ad2037a437e8db13a9b3ee13610773.jpg\",\"contentUrl\":\"https:\/\/global-hookah.com\/wp-content\/uploads\/2024\/06\/39ad2037a437e8db13a9b3ee13610773.jpg\",\"width\":1600,\"height\":1600},{\"@type\":\"BreadcrumbList\",\"@id\":\"https:\/\/global-hookah.com\/product\/bulk-wholesale-black-weed-grinder-portable\/#breadcrumb\",\"itemListElement\":[{\"@type\":\"ListItem\",\"position\":1,\"name\":\"Home\",\"item\":\"https:\/\/global-hookah.com\/\"},{\"@type\":\"ListItem\",\"position\":2,\"name\":\"Shop\",\"item\":\"https:\/\/global-hookah.com\/shop\/\"},{\"@type\":\"ListItem\",\"position\":3,\"name\":\"Bulk Wholesale Black Weed Grinder Portable\"}]},{\"@type\":\"WebSite\",\"@id\":\"https:\/\/global-hookah.com\/#website\",\"url\":\"https:\/\/global-hookah.com\/\",\"name\":\"Global Hookah\",\"description\":\"Global Hookah\",\"publisher\":{\"@id\":\"https:\/\/global-hookah.com\/#organization\"},\"potentialAction\":[{\"@type\":\"SearchAction\",\"target\":{\"@type\":\"EntryPoint\",\"urlTemplate\":\"https:\/\/global-hookah.com\/?s={search_term_string}\"},\"query-input\":{\"@type\":\"PropertyValueSpecification\",\"valueRequired\":true,\"valueName\":\"search_term_string\"}}],\"inLanguage\":\"de\"},{\"@type\":\"Organization\",\"@id\":\"https:\/\/global-hookah.com\/#organization\",\"name\":\"Global Hookah\",\"url\":\"https:\/\/global-hookah.com\/\",\"logo\":{\"@type\":\"ImageObject\",\"inLanguage\":\"de\",\"@id\":\"https:\/\/global-hookah.com\/#\/schema\/logo\/image\/\",\"url\":\"https:\/\/global-hookah.com\/wp-content\/uploads\/2021\/10\/cropped-fgg.png\",\"contentUrl\":\"https:\/\/global-hookah.com\/wp-content\/uploads\/2021\/10\/cropped-fgg.png\",\"width\":512,\"height\":512,\"caption\":\"Global Hookah\"},\"image\":{\"@id\":\"https:\/\/global-hookah.com\/#\/schema\/logo\/image\/\"}}]}<\/script>\n<!-- \/ Yoast SEO Premium plugin. -->","yoast_head_json":{"title":"Bulk Gro\u00dfhandel Schwarzes Unkraut Grinder Portable - Global Hookah","robots":{"index":"index","follow":"follow","max-snippet":"max-snippet:-1","max-image-preview":"max-image-preview:large","max-video-preview":"max-video-preview:-1"},"canonical":"https:\/\/global-hookah.com\/de\/produkt\/bulk-wholesale-black-weed-grinder-portable\/","og_locale":"de_DE","og_type":"article","og_title":"Bulk Wholesale Black Weed Grinder Portable","og_description":"Product Specifications Dimensions: Height: 40 mm \/ 1.57 inches Diameter: 55 mm \/ 2.16 inches Material: Body: Zinc Alloy Color:","og_url":"https:\/\/global-hookah.com\/de\/produkt\/bulk-wholesale-black-weed-grinder-portable\/","og_site_name":"Global Hookah","article_modified_time":"2024-06-07T06:05:42+00:00","og_image":[{"width":1600,"height":1600,"url":"https:\/\/global-hookah.com\/wp-content\/uploads\/2024\/06\/39ad2037a437e8db13a9b3ee13610773.jpg","type":"image\/jpeg"}],"twitter_card":"summary_large_image","twitter_misc":{"Gesch\u00e4tzte Lesezeit":"3\u00a0Minuten"},"schema":{"@context":"https:\/\/schema.org","@graph":[{"@type":"WebPage","@id":"https:\/\/global-hookah.com\/product\/bulk-wholesale-black-weed-grinder-portable\/","url":"https:\/\/global-hookah.com\/product\/bulk-wholesale-black-weed-grinder-portable\/","name":"Bulk Gro\u00dfhandel Schwarzes Unkraut Grinder Portable - Global Hookah","isPartOf":{"@id":"https:\/\/global-hookah.com\/#website"},"primaryImageOfPage":{"@id":"https:\/\/global-hookah.com\/product\/bulk-wholesale-black-weed-grinder-portable\/#primaryimage"},"image":{"@id":"https:\/\/global-hookah.com\/product\/bulk-wholesale-black-weed-grinder-portable\/#primaryimage"},"thumbnailUrl":"https:\/\/global-hookah.com\/wp-content\/uploads\/2024\/06\/39ad2037a437e8db13a9b3ee13610773.jpg","datePublished":"2024-06-07T03:13:24+00:00","dateModified":"2024-06-07T06:05:42+00:00","breadcrumb":{"@id":"https:\/\/global-hookah.com\/product\/bulk-wholesale-black-weed-grinder-portable\/#breadcrumb"},"inLanguage":"de","potentialAction":[{"@type":"ReadAction","target":["https:\/\/global-hookah.com\/product\/bulk-wholesale-black-weed-grinder-portable\/"]}]},{"@type":"ImageObject","inLanguage":"de","@id":"https:\/\/global-hookah.com\/product\/bulk-wholesale-black-weed-grinder-portable\/#primaryimage","url":"https:\/\/global-hookah.com\/wp-content\/uploads\/2024\/06\/39ad2037a437e8db13a9b3ee13610773.jpg","contentUrl":"https:\/\/global-hookah.com\/wp-content\/uploads\/2024\/06\/39ad2037a437e8db13a9b3ee13610773.jpg","width":1600,"height":1600},{"@type":"BreadcrumbList","@id":"https:\/\/global-hookah.com\/product\/bulk-wholesale-black-weed-grinder-portable\/#breadcrumb","itemListElement":[{"@type":"ListItem","position":1,"name":"Home","item":"https:\/\/global-hookah.com\/"},{"@type":"ListItem","position":2,"name":"Shop","item":"https:\/\/global-hookah.com\/shop\/"},{"@type":"ListItem","position":3,"name":"Bulk Wholesale Black Weed Grinder Portable"}]},{"@type":"WebSite","@id":"https:\/\/global-hookah.com\/#website","url":"https:\/\/global-hookah.com\/","name":"Globale Wasserpfeife","description":"Globale Wasserpfeife","publisher":{"@id":"https:\/\/global-hookah.com\/#organization"},"potentialAction":[{"@type":"SearchAction","target":{"@type":"EntryPoint","urlTemplate":"https:\/\/global-hookah.com\/?s={search_term_string}"},"query-input":{"@type":"PropertyValueSpecification","valueRequired":true,"valueName":"search_term_string"}}],"inLanguage":"de"},{"@type":"Organization","@id":"https:\/\/global-hookah.com\/#organization","name":"Globale Wasserpfeife","url":"https:\/\/global-hookah.com\/","logo":{"@type":"ImageObject","inLanguage":"de","@id":"https:\/\/global-hookah.com\/#\/schema\/logo\/image\/","url":"https:\/\/global-hookah.com\/wp-content\/uploads\/2021\/10\/cropped-fgg.png","contentUrl":"https:\/\/global-hookah.com\/wp-content\/uploads\/2021\/10\/cropped-fgg.png","width":512,"height":512,"caption":"Global Hookah"},"image":{"@id":"https:\/\/global-hookah.com\/#\/schema\/logo\/image\/"}}]}},"_links":{"self":[{"href":"https:\/\/global-hookah.com\/de\/wp-json\/wp\/v2\/product\/27080","targetHints":{"allow":["GET"]}}],"collection":[{"href":"https:\/\/global-hookah.com\/de\/wp-json\/wp\/v2\/product"}],"about":[{"href":"https:\/\/global-hookah.com\/de\/wp-json\/wp\/v2\/types\/product"}],"replies":[{"embeddable":true,"href":"https:\/\/global-hookah.com\/de\/wp-json\/wp\/v2\/comments?post=27080"}],"version-history":[{"count":0,"href":"https:\/\/global-hookah.com\/de\/wp-json\/wp\/v2\/product\/27080\/revisions"}],"wp:featuredmedia":[{"embeddable":true,"href":"https:\/\/global-hookah.com\/de\/wp-json\/wp\/v2\/media\/27272"}],"wp:attachment":[{"href":"https:\/\/global-hookah.com\/de\/wp-json\/wp\/v2\/media?parent=27080"}],"wp:term":[{"taxonomy":"product_brand","embeddable":true,"href":"https:\/\/global-hookah.com\/de\/wp-json\/wp\/v2\/product_brand?post=27080"},{"taxonomy":"product_cat","embeddable":true,"href":"https:\/\/global-hookah.com\/de\/wp-json\/wp\/v2\/product_cat?post=27080"},{"taxonomy":"product_tag","embeddable":true,"href":"https:\/\/global-hookah.com\/de\/wp-json\/wp\/v2\/product_tag?post=27080"}],"curies":[{"name":"wp","href":"https:\/\/api.w.org\/{rel}","templated":true}]}}