{"id":27460,"date":"2024-06-07T06:30:03","date_gmt":"2024-06-07T06:30:03","guid":{"rendered":"https:\/\/global-hookah.com\/product\/1set-hookahs-with-two-hole-set-premium-arabic-smoking-product-double-hose-smoking-product-suitable-for-bar-party-household-gadgets-holiday-gift-birthday-gift-gift-for-friends-modern-shisha-sm\/"},"modified":"2025-05-05T02:29:22","modified_gmt":"2025-05-05T02:29:22","slug":"bulk-wholesale-hookah-shisha-starter-kits","status":"publish","type":"product","link":"https:\/\/global-hookah.com\/de\/produkt\/bulk-wholesale-hookah-shisha-starter-kits\/","title":{"rendered":"Bulk Gro\u00dfhandel Hookah Shisha Starter Kits"},"content":{"rendered":"<div>\n<p>Unsere Designer bei <strong>Globale Wasserpfeife<\/strong> entworfen <strong>Wasserpfeife Shisha Starter Kits<\/strong> mit dem Gedanken an Reisen und Freizeit, so dass Sie es auf Reisen, insbesondere im Urlaub, leicht benutzen k\u00f6nnen.<\/p>\n<p>Mit unserem einzigartigen Design, das im<strong> Wasserpfeife Shisha Starter Kits<\/strong>Ein bemerkenswerter vertikaler Abgasrauch des Systems sowie ein verbessertes geschlossenes Luftkammersystem und ein neu gestalteter Shisha-Kopf sorgen daf\u00fcr, dass die Eleganz jeden Zug \u00fcberdauert Das geschlossene System der dedizierten Luftkammer hat einen noch weicheren, nuancierteren Rauch mit einem unendlich angenehmen Geschmack.<\/p>\n<p>Hergestellt aus rostfreiem Metall und dickem Glas, bruchsicher und langlebig. Das robuste Design und die schweren Vasen sorgen zusammen mit dem Rest des Shisha-Sets f\u00fcr eine zuverl\u00e4ssige Nutzung \u00fcber Jahre hinweg.<\/p>\n<p>Die <strong>Wasserpfeifen-Bausatz<\/strong> ist voll ausgestattet mit allen grundlegenden Bolt-on Artikel: Wasserpfeife Vase, Stahl Wasserpfeife Stiel mit einem Diffusor, Lebensmittel Silikonschlauch, Stahl Mundst\u00fcck, Trigger Wasserpfeife Zange und schwarzem Ton Sch\u00fcssel Set. Dies ist definitiv die beste Wahl f\u00fcr Gro\u00dfh\u00e4ndler, die <a href=\"https:\/\/global-hookah.com\/product-category\/wholesale-hookah\/\"><strong>Gro\u00dfhandel ein komplettes Set von Wasserpfeifen-Sets<\/strong><\/a><\/p>\n<p>Das Design unserer Wasserpfeife erm\u00f6glicht einen idealen Luftstrom, so dass sie bei jedem Zug eine geschmackvolle Shisha und dichte, befriedigende Wolken produziert. Genie\u00dfen Sie entspannte Stunden mit Freunden, nachdem Sie sie mit Ihren Lieblings-Shisha-Aromen kombiniert haben.<\/p>\n<p><img decoding=\"async\" src=\"https:\/\/global-hookah.com\/wp-content\/uploads\/2024\/06\/db771e05-1470-45f7-8274-fbe82913d302.jpg\" \/><\/p>\n<\/div>\n<div><img decoding=\"async\" src=\"https:\/\/global-hookah.com\/wp-content\/uploads\/2024\/06\/3759c913-c18c-4f3d-8cdb-394a9f7cc68c.jpg\" \/><\/div>\n<div><img decoding=\"async\" src=\"https:\/\/global-hookah.com\/wp-content\/uploads\/2024\/06\/6947d0af-f3c5-4751-ad09-f322cd4ee7d9.jpg\" \/><\/div>\n<div><img decoding=\"async\" src=\"https:\/\/global-hookah.com\/wp-content\/uploads\/2024\/06\/8d67a058-805e-4576-92b5-a13b78c8a83a.jpg\" \/><\/div>\n<div><img decoding=\"async\" src=\"https:\/\/global-hookah.com\/wp-content\/uploads\/2024\/06\/6532c511-28d2-48f4-b9e5-4a3942538871.jpg\" \/><\/div>\n<div><img decoding=\"async\" src=\"https:\/\/global-hookah.com\/wp-content\/uploads\/2024\/06\/ce37d467-29c9-45e3-a596-c827e80ded34.jpg\" \/><\/div>","protected":false},"excerpt":{"rendered":"<p>Unsere Designer bei Global Hookah haben dieses Shisha-Starterset mit Blick auf Reisen und Freizeit entworfen, damit Sie<\/p>","protected":false},"featured_media":27592,"comment_status":"closed","ping_status":"closed","template":"","meta":{"iawp_total_views":1,"_joinchat":[]},"product_brand":[],"product_cat":[119],"product_tag":[],"class_list":{"0":"post-27460","1":"product","2":"type-product","3":"status-publish","4":"has-post-thumbnail","6":"product_cat-wholesale-hookah","8":"first","9":"instock","10":"shipping-taxable","11":"product-type-external"},"yoast_head":"<!-- This site is optimized with the Yoast SEO Premium plugin v24.7 (Yoast SEO v26.8) - https:\/\/yoast.com\/product\/yoast-seo-premium-wordpress\/ -->\n<title>Bulk Wholesale Hookah Shisha Starter Kits - Global Hookah<\/title>\n<meta name=\"robots\" content=\"index, follow, max-snippet:-1, max-image-preview:large, max-video-preview:-1\" \/>\n<link rel=\"canonical\" href=\"https:\/\/global-hookah.com\/de\/produkt\/1set-hookahs-with-two-hole-set-premium-arabic-smoking-product-double-hose-smoking-product-suitable-for-bar-party-household-gadgets-holiday-gift-birthday-gift-gift-for-friends-modern-shisha-sm\/\" \/>\n<meta property=\"og:locale\" content=\"de_DE\" \/>\n<meta property=\"og:type\" content=\"article\" \/>\n<meta property=\"og:title\" content=\"Bulk Wholesale Hookah Shisha Starter Kits\" \/>\n<meta property=\"og:description\" content=\"Our designers at Global Hookah designed this Hookah Shisha Starter Kits with travel and leisure in mind, so that you\" \/>\n<meta property=\"og:url\" content=\"https:\/\/global-hookah.com\/de\/produkt\/1set-hookahs-with-two-hole-set-premium-arabic-smoking-product-double-hose-smoking-product-suitable-for-bar-party-household-gadgets-holiday-gift-birthday-gift-gift-for-friends-modern-shisha-sm\/\" \/>\n<meta property=\"og:site_name\" content=\"Global Hookah\" \/>\n<meta property=\"article:modified_time\" content=\"2025-05-05T02:29:22+00:00\" \/>\n<meta property=\"og:image\" content=\"https:\/\/global-hookah.com\/wp-content\/uploads\/2024\/06\/db771e05-1470-45f7-8274-fbe82913d302.jpg\" \/>\n\t<meta property=\"og:image:width\" content=\"1600\" \/>\n\t<meta property=\"og:image:height\" content=\"1600\" \/>\n\t<meta property=\"og:image:type\" content=\"image\/jpeg\" \/>\n<meta name=\"twitter:card\" content=\"summary_large_image\" \/>\n<meta name=\"twitter:label1\" content=\"Gesch\u00e4tzte Lesezeit\" \/>\n\t<meta name=\"twitter:data1\" content=\"2\u00a0Minuten\" \/>\n<script type=\"application\/ld+json\" class=\"yoast-schema-graph\">{\"@context\":\"https:\/\/schema.org\",\"@graph\":[{\"@type\":\"WebPage\",\"@id\":\"https:\/\/global-hookah.com\/product\/1set-hookahs-with-two-hole-set-premium-arabic-smoking-product-double-hose-smoking-product-suitable-for-bar-party-household-gadgets-holiday-gift-birthday-gift-gift-for-friends-modern-shisha-sm\/\",\"url\":\"https:\/\/global-hookah.com\/product\/1set-hookahs-with-two-hole-set-premium-arabic-smoking-product-double-hose-smoking-product-suitable-for-bar-party-household-gadgets-holiday-gift-birthday-gift-gift-for-friends-modern-shisha-sm\/\",\"name\":\"Bulk Wholesale Hookah Shisha Starter Kits - Global Hookah\",\"isPartOf\":{\"@id\":\"https:\/\/global-hookah.com\/#website\"},\"primaryImageOfPage\":{\"@id\":\"https:\/\/global-hookah.com\/product\/1set-hookahs-with-two-hole-set-premium-arabic-smoking-product-double-hose-smoking-product-suitable-for-bar-party-household-gadgets-holiday-gift-birthday-gift-gift-for-friends-modern-shisha-sm\/#primaryimage\"},\"image\":{\"@id\":\"https:\/\/global-hookah.com\/product\/1set-hookahs-with-two-hole-set-premium-arabic-smoking-product-double-hose-smoking-product-suitable-for-bar-party-household-gadgets-holiday-gift-birthday-gift-gift-for-friends-modern-shisha-sm\/#primaryimage\"},\"thumbnailUrl\":\"https:\/\/global-hookah.com\/wp-content\/uploads\/2024\/06\/db771e05-1470-45f7-8274-fbe82913d302.jpg\",\"datePublished\":\"2024-06-07T06:30:03+00:00\",\"dateModified\":\"2025-05-05T02:29:22+00:00\",\"breadcrumb\":{\"@id\":\"https:\/\/global-hookah.com\/product\/1set-hookahs-with-two-hole-set-premium-arabic-smoking-product-double-hose-smoking-product-suitable-for-bar-party-household-gadgets-holiday-gift-birthday-gift-gift-for-friends-modern-shisha-sm\/#breadcrumb\"},\"inLanguage\":\"de\",\"potentialAction\":[{\"@type\":\"ReadAction\",\"target\":[\"https:\/\/global-hookah.com\/product\/1set-hookahs-with-two-hole-set-premium-arabic-smoking-product-double-hose-smoking-product-suitable-for-bar-party-household-gadgets-holiday-gift-birthday-gift-gift-for-friends-modern-shisha-sm\/\"]}]},{\"@type\":\"ImageObject\",\"inLanguage\":\"de\",\"@id\":\"https:\/\/global-hookah.com\/product\/1set-hookahs-with-two-hole-set-premium-arabic-smoking-product-double-hose-smoking-product-suitable-for-bar-party-household-gadgets-holiday-gift-birthday-gift-gift-for-friends-modern-shisha-sm\/#primaryimage\",\"url\":\"https:\/\/global-hookah.com\/wp-content\/uploads\/2024\/06\/db771e05-1470-45f7-8274-fbe82913d302.jpg\",\"contentUrl\":\"https:\/\/global-hookah.com\/wp-content\/uploads\/2024\/06\/db771e05-1470-45f7-8274-fbe82913d302.jpg\",\"width\":1600,\"height\":1600,\"caption\":\"Bulk Wholesale Hookah Shisha Starter Kits\"},{\"@type\":\"BreadcrumbList\",\"@id\":\"https:\/\/global-hookah.com\/product\/1set-hookahs-with-two-hole-set-premium-arabic-smoking-product-double-hose-smoking-product-suitable-for-bar-party-household-gadgets-holiday-gift-birthday-gift-gift-for-friends-modern-shisha-sm\/#breadcrumb\",\"itemListElement\":[{\"@type\":\"ListItem\",\"position\":1,\"name\":\"Home\",\"item\":\"https:\/\/global-hookah.com\/\"},{\"@type\":\"ListItem\",\"position\":2,\"name\":\"Shop\",\"item\":\"https:\/\/global-hookah.com\/shop\/\"},{\"@type\":\"ListItem\",\"position\":3,\"name\":\"Bulk Wholesale Hookah Shisha Starter Kits\"}]},{\"@type\":\"WebSite\",\"@id\":\"https:\/\/global-hookah.com\/#website\",\"url\":\"https:\/\/global-hookah.com\/\",\"name\":\"Global Hookah\",\"description\":\"Global Hookah\",\"publisher\":{\"@id\":\"https:\/\/global-hookah.com\/#organization\"},\"potentialAction\":[{\"@type\":\"SearchAction\",\"target\":{\"@type\":\"EntryPoint\",\"urlTemplate\":\"https:\/\/global-hookah.com\/?s={search_term_string}\"},\"query-input\":{\"@type\":\"PropertyValueSpecification\",\"valueRequired\":true,\"valueName\":\"search_term_string\"}}],\"inLanguage\":\"de\"},{\"@type\":\"Organization\",\"@id\":\"https:\/\/global-hookah.com\/#organization\",\"name\":\"Global Hookah\",\"url\":\"https:\/\/global-hookah.com\/\",\"logo\":{\"@type\":\"ImageObject\",\"inLanguage\":\"de\",\"@id\":\"https:\/\/global-hookah.com\/#\/schema\/logo\/image\/\",\"url\":\"https:\/\/global-hookah.com\/wp-content\/uploads\/2021\/10\/cropped-fgg.png\",\"contentUrl\":\"https:\/\/global-hookah.com\/wp-content\/uploads\/2021\/10\/cropped-fgg.png\",\"width\":512,\"height\":512,\"caption\":\"Global Hookah\"},\"image\":{\"@id\":\"https:\/\/global-hookah.com\/#\/schema\/logo\/image\/\"}}]}<\/script>\n<!-- \/ Yoast SEO Premium plugin. -->","yoast_head_json":{"title":"Bulk Gro\u00dfhandel Hookah Shisha Starter Kits - Global Hookah","robots":{"index":"index","follow":"follow","max-snippet":"max-snippet:-1","max-image-preview":"max-image-preview:large","max-video-preview":"max-video-preview:-1"},"canonical":"https:\/\/global-hookah.com\/de\/produkt\/1set-hookahs-with-two-hole-set-premium-arabic-smoking-product-double-hose-smoking-product-suitable-for-bar-party-household-gadgets-holiday-gift-birthday-gift-gift-for-friends-modern-shisha-sm\/","og_locale":"de_DE","og_type":"article","og_title":"Bulk Wholesale Hookah Shisha Starter Kits","og_description":"Our designers at Global Hookah designed this Hookah Shisha Starter Kits with travel and leisure in mind, so that you","og_url":"https:\/\/global-hookah.com\/de\/produkt\/1set-hookahs-with-two-hole-set-premium-arabic-smoking-product-double-hose-smoking-product-suitable-for-bar-party-household-gadgets-holiday-gift-birthday-gift-gift-for-friends-modern-shisha-sm\/","og_site_name":"Global Hookah","article_modified_time":"2025-05-05T02:29:22+00:00","og_image":[{"width":1600,"height":1600,"url":"https:\/\/global-hookah.com\/wp-content\/uploads\/2024\/06\/db771e05-1470-45f7-8274-fbe82913d302.jpg","type":"image\/jpeg"}],"twitter_card":"summary_large_image","twitter_misc":{"Gesch\u00e4tzte Lesezeit":"2\u00a0Minuten"},"schema":{"@context":"https:\/\/schema.org","@graph":[{"@type":"WebPage","@id":"https:\/\/global-hookah.com\/product\/1set-hookahs-with-two-hole-set-premium-arabic-smoking-product-double-hose-smoking-product-suitable-for-bar-party-household-gadgets-holiday-gift-birthday-gift-gift-for-friends-modern-shisha-sm\/","url":"https:\/\/global-hookah.com\/product\/1set-hookahs-with-two-hole-set-premium-arabic-smoking-product-double-hose-smoking-product-suitable-for-bar-party-household-gadgets-holiday-gift-birthday-gift-gift-for-friends-modern-shisha-sm\/","name":"Bulk Gro\u00dfhandel Hookah Shisha Starter Kits - Global Hookah","isPartOf":{"@id":"https:\/\/global-hookah.com\/#website"},"primaryImageOfPage":{"@id":"https:\/\/global-hookah.com\/product\/1set-hookahs-with-two-hole-set-premium-arabic-smoking-product-double-hose-smoking-product-suitable-for-bar-party-household-gadgets-holiday-gift-birthday-gift-gift-for-friends-modern-shisha-sm\/#primaryimage"},"image":{"@id":"https:\/\/global-hookah.com\/product\/1set-hookahs-with-two-hole-set-premium-arabic-smoking-product-double-hose-smoking-product-suitable-for-bar-party-household-gadgets-holiday-gift-birthday-gift-gift-for-friends-modern-shisha-sm\/#primaryimage"},"thumbnailUrl":"https:\/\/global-hookah.com\/wp-content\/uploads\/2024\/06\/db771e05-1470-45f7-8274-fbe82913d302.jpg","datePublished":"2024-06-07T06:30:03+00:00","dateModified":"2025-05-05T02:29:22+00:00","breadcrumb":{"@id":"https:\/\/global-hookah.com\/product\/1set-hookahs-with-two-hole-set-premium-arabic-smoking-product-double-hose-smoking-product-suitable-for-bar-party-household-gadgets-holiday-gift-birthday-gift-gift-for-friends-modern-shisha-sm\/#breadcrumb"},"inLanguage":"de","potentialAction":[{"@type":"ReadAction","target":["https:\/\/global-hookah.com\/product\/1set-hookahs-with-two-hole-set-premium-arabic-smoking-product-double-hose-smoking-product-suitable-for-bar-party-household-gadgets-holiday-gift-birthday-gift-gift-for-friends-modern-shisha-sm\/"]}]},{"@type":"ImageObject","inLanguage":"de","@id":"https:\/\/global-hookah.com\/product\/1set-hookahs-with-two-hole-set-premium-arabic-smoking-product-double-hose-smoking-product-suitable-for-bar-party-household-gadgets-holiday-gift-birthday-gift-gift-for-friends-modern-shisha-sm\/#primaryimage","url":"https:\/\/global-hookah.com\/wp-content\/uploads\/2024\/06\/db771e05-1470-45f7-8274-fbe82913d302.jpg","contentUrl":"https:\/\/global-hookah.com\/wp-content\/uploads\/2024\/06\/db771e05-1470-45f7-8274-fbe82913d302.jpg","width":1600,"height":1600,"caption":"Bulk Wholesale Hookah Shisha Starter Kits"},{"@type":"BreadcrumbList","@id":"https:\/\/global-hookah.com\/product\/1set-hookahs-with-two-hole-set-premium-arabic-smoking-product-double-hose-smoking-product-suitable-for-bar-party-household-gadgets-holiday-gift-birthday-gift-gift-for-friends-modern-shisha-sm\/#breadcrumb","itemListElement":[{"@type":"ListItem","position":1,"name":"Home","item":"https:\/\/global-hookah.com\/"},{"@type":"ListItem","position":2,"name":"Shop","item":"https:\/\/global-hookah.com\/shop\/"},{"@type":"ListItem","position":3,"name":"Bulk Wholesale Hookah Shisha Starter Kits"}]},{"@type":"WebSite","@id":"https:\/\/global-hookah.com\/#website","url":"https:\/\/global-hookah.com\/","name":"Globale Wasserpfeife","description":"Globale Wasserpfeife","publisher":{"@id":"https:\/\/global-hookah.com\/#organization"},"potentialAction":[{"@type":"SearchAction","target":{"@type":"EntryPoint","urlTemplate":"https:\/\/global-hookah.com\/?s={search_term_string}"},"query-input":{"@type":"PropertyValueSpecification","valueRequired":true,"valueName":"search_term_string"}}],"inLanguage":"de"},{"@type":"Organization","@id":"https:\/\/global-hookah.com\/#organization","name":"Globale Wasserpfeife","url":"https:\/\/global-hookah.com\/","logo":{"@type":"ImageObject","inLanguage":"de","@id":"https:\/\/global-hookah.com\/#\/schema\/logo\/image\/","url":"https:\/\/global-hookah.com\/wp-content\/uploads\/2021\/10\/cropped-fgg.png","contentUrl":"https:\/\/global-hookah.com\/wp-content\/uploads\/2021\/10\/cropped-fgg.png","width":512,"height":512,"caption":"Global Hookah"},"image":{"@id":"https:\/\/global-hookah.com\/#\/schema\/logo\/image\/"}}]}},"_links":{"self":[{"href":"https:\/\/global-hookah.com\/de\/wp-json\/wp\/v2\/product\/27460","targetHints":{"allow":["GET"]}}],"collection":[{"href":"https:\/\/global-hookah.com\/de\/wp-json\/wp\/v2\/product"}],"about":[{"href":"https:\/\/global-hookah.com\/de\/wp-json\/wp\/v2\/types\/product"}],"replies":[{"embeddable":true,"href":"https:\/\/global-hookah.com\/de\/wp-json\/wp\/v2\/comments?post=27460"}],"version-history":[{"count":0,"href":"https:\/\/global-hookah.com\/de\/wp-json\/wp\/v2\/product\/27460\/revisions"}],"wp:featuredmedia":[{"embeddable":true,"href":"https:\/\/global-hookah.com\/de\/wp-json\/wp\/v2\/media\/27592"}],"wp:attachment":[{"href":"https:\/\/global-hookah.com\/de\/wp-json\/wp\/v2\/media?parent=27460"}],"wp:term":[{"taxonomy":"product_brand","embeddable":true,"href":"https:\/\/global-hookah.com\/de\/wp-json\/wp\/v2\/product_brand?post=27460"},{"taxonomy":"product_cat","embeddable":true,"href":"https:\/\/global-hookah.com\/de\/wp-json\/wp\/v2\/product_cat?post=27460"},{"taxonomy":"product_tag","embeddable":true,"href":"https:\/\/global-hookah.com\/de\/wp-json\/wp\/v2\/product_tag?post=27460"}],"curies":[{"name":"wp","href":"https:\/\/api.w.org\/{rel}","templated":true}]}}