{"id":27539,"date":"2024-06-07T06:30:19","date_gmt":"2024-06-07T06:30:19","guid":{"rendered":"https:\/\/global-hookah.com\/product\/1pc-arabic-hookah-with-carrying-canvas-bag-37cm-14-56inches-full-aluminum-alloy-material-sticker-technology-with-heavy-duty-ceramic-bowl-stainless-steel-carbon-tray-clamp-sticker-silicone-hose-"},"modified":"2024-06-08T09:02:03","modified_gmt":"2024-06-08T09:02:03","slug":"wholesale-customized-14-56inches-full-aluminum-alloy-hookah-pipe-with-heavy-duty-ceramic-bowl","status":"publish","type":"product","link":"https:\/\/global-hookah.com\/de\/produkt\/wholesale-customized-14-56inches-full-aluminum-alloy-hookah-pipe-with-heavy-duty-ceramic-bowl\/","title":{"rendered":"Gro\u00dfhandel Customized 14,56 Zoll Vollaluminium-Legierung Hookah Rohr mit Heavy Duty Keramikschale"},"content":{"rendered":"<table>\n<tbody>\n<tr>\n<td>Farbe<\/td>\n<td>Aluminium-Legierung Wasserpfeife mit Reisetasche 001<\/td>\n<\/tr>\n<tr>\n<td>Material<\/td>\n<td>Aluminium-Legierung<\/td>\n<\/tr>\n<\/tbody>\n<\/table>\n<p>Sicherlich haben wir ein gemeinsames Interesse an Wasserpfeife, nicht wahr? Wie f\u00fcr heute, m\u00f6chte ich Sie auf diese fantastische 14,56-Zoll-Vollaluminium-Legierung Hookah Pfeife mit Heavy Duty Ceramic Bowl beraten. Ich bin sicher, Sie werden sich einfach in sie verlieben und sie nur ungern aus der Hand legen!<\/p>\n<p>Es ist eine komplette Voll-Aluminium-Legierung Wasserpfeife Topf, der eine einfache, aber modischen Look hat und f\u00fchlt sich gro\u00dfartig als auch! Die k\u00fchle Ber\u00fchrung der dicken Aluminiumlegierung Rohr und die exquisite Handwerkskunst sind alle erstklassig! Dank der schweren Keramikschale ist diese Wasserpfeife definitiv erstaunlich! Sie verwendet hochtemperaturgebrannte Keramikmaterialien, die hitzebest\u00e4ndiger als gew\u00f6hnliche Plastikschalen sind. Im Gegensatz zu anderen regelm\u00e4\u00dfigen Shishas, kann es Ihnen st\u00e4rker, aber glatter Rauch bieten.<\/p>\n<p>Au\u00dferdem ist der 38,5 cm lange Stiel ergonomisch geformt, so dass der Rauch beim Durchstr\u00f6men des Rohrs ausreichend abk\u00fchlt. Selbst wenn man stark pafft, wird sich der Mund nicht hei\u00df anf\u00fchlen. Dieses Design ist sehr geeignet f\u00fcr die meisten Menschen die Nutzung habit.so nicht mehr brennen Schmerzen Sorgen mehr!<\/p>","protected":false},"excerpt":{"rendered":"<p>Farbe Aluminiumlegierung Wasserpfeife mit Reisetasche 001 Material Aluminiumlegierung Sicherlich haben wir ein gemeinsames Interesse an Wasserpfeife, nicht wahr?<\/p>","protected":false},"featured_media":27653,"comment_status":"closed","ping_status":"closed","template":"","meta":{"iawp_total_views":6,"_joinchat":[]},"product_brand":[],"product_cat":[119],"product_tag":[],"class_list":{"0":"post-27539","1":"product","2":"type-product","3":"status-publish","4":"has-post-thumbnail","6":"product_cat-wholesale-hookah","8":"first","9":"instock","10":"shipping-taxable","11":"product-type-external"},"yoast_head":"<!-- This site is optimized with the Yoast SEO Premium plugin v24.7 (Yoast SEO v26.8) - https:\/\/yoast.com\/product\/yoast-seo-premium-wordpress\/ -->\n<title>Wholesale Customized 14.56inches Full Aluminum Alloy Hookah pipe with Heavy Duty Ceramic Bowl - Global Hookah<\/title>\n<meta name=\"robots\" content=\"index, follow, max-snippet:-1, max-image-preview:large, max-video-preview:-1\" \/>\n<link rel=\"canonical\" href=\"https:\/\/global-hookah.com\/de\/produkt\/wholesale-customized-14-56inches-full-aluminum-alloy-hookah-pipe-with-heavy-duty-ceramic-bowl\/\" \/>\n<meta property=\"og:locale\" content=\"de_DE\" \/>\n<meta property=\"og:type\" content=\"article\" \/>\n<meta property=\"og:title\" content=\"Wholesale Customized 14.56inches Full Aluminum Alloy Hookah pipe with Heavy Duty Ceramic Bowl\" \/>\n<meta property=\"og:description\" content=\"Color Aluminum Alloy Hookah With Travel Bag 001 Material Aluminum Alloy Certainly, we have a mutual interest in hookah, right?\" \/>\n<meta property=\"og:url\" content=\"https:\/\/global-hookah.com\/de\/produkt\/wholesale-customized-14-56inches-full-aluminum-alloy-hookah-pipe-with-heavy-duty-ceramic-bowl\/\" \/>\n<meta property=\"og:site_name\" content=\"Global Hookah\" \/>\n<meta property=\"article:modified_time\" content=\"2024-06-08T09:02:03+00:00\" \/>\n<meta property=\"og:image\" content=\"https:\/\/global-hookah.com\/wp-content\/uploads\/2024\/06\/17164412689381323c6afa499a94c63205e3736877_square.jpg\" \/>\n\t<meta property=\"og:image:width\" content=\"900\" \/>\n\t<meta property=\"og:image:height\" content=\"1200\" \/>\n\t<meta property=\"og:image:type\" content=\"image\/jpeg\" \/>\n<meta name=\"twitter:card\" content=\"summary_large_image\" \/>\n<meta name=\"twitter:label1\" content=\"Gesch\u00e4tzte Lesezeit\" \/>\n\t<meta name=\"twitter:data1\" content=\"2\u00a0Minuten\" \/>\n<script type=\"application\/ld+json\" class=\"yoast-schema-graph\">{\"@context\":\"https:\/\/schema.org\",\"@graph\":[{\"@type\":\"WebPage\",\"@id\":\"https:\/\/global-hookah.com\/product\/wholesale-customized-14-56inches-full-aluminum-alloy-hookah-pipe-with-heavy-duty-ceramic-bowl\/\",\"url\":\"https:\/\/global-hookah.com\/product\/wholesale-customized-14-56inches-full-aluminum-alloy-hookah-pipe-with-heavy-duty-ceramic-bowl\/\",\"name\":\"Wholesale Customized 14.56inches Full Aluminum Alloy Hookah pipe with Heavy Duty Ceramic Bowl - Global Hookah\",\"isPartOf\":{\"@id\":\"https:\/\/global-hookah.com\/#website\"},\"primaryImageOfPage\":{\"@id\":\"https:\/\/global-hookah.com\/product\/wholesale-customized-14-56inches-full-aluminum-alloy-hookah-pipe-with-heavy-duty-ceramic-bowl\/#primaryimage\"},\"image\":{\"@id\":\"https:\/\/global-hookah.com\/product\/wholesale-customized-14-56inches-full-aluminum-alloy-hookah-pipe-with-heavy-duty-ceramic-bowl\/#primaryimage\"},\"thumbnailUrl\":\"https:\/\/global-hookah.com\/wp-content\/uploads\/2024\/06\/17164412689381323c6afa499a94c63205e3736877_square.jpg\",\"datePublished\":\"2024-06-07T06:30:19+00:00\",\"dateModified\":\"2024-06-08T09:02:03+00:00\",\"breadcrumb\":{\"@id\":\"https:\/\/global-hookah.com\/product\/wholesale-customized-14-56inches-full-aluminum-alloy-hookah-pipe-with-heavy-duty-ceramic-bowl\/#breadcrumb\"},\"inLanguage\":\"de\",\"potentialAction\":[{\"@type\":\"ReadAction\",\"target\":[\"https:\/\/global-hookah.com\/product\/wholesale-customized-14-56inches-full-aluminum-alloy-hookah-pipe-with-heavy-duty-ceramic-bowl\/\"]}]},{\"@type\":\"ImageObject\",\"inLanguage\":\"de\",\"@id\":\"https:\/\/global-hookah.com\/product\/wholesale-customized-14-56inches-full-aluminum-alloy-hookah-pipe-with-heavy-duty-ceramic-bowl\/#primaryimage\",\"url\":\"https:\/\/global-hookah.com\/wp-content\/uploads\/2024\/06\/17164412689381323c6afa499a94c63205e3736877_square.jpg\",\"contentUrl\":\"https:\/\/global-hookah.com\/wp-content\/uploads\/2024\/06\/17164412689381323c6afa499a94c63205e3736877_square.jpg\",\"width\":900,\"height\":1200},{\"@type\":\"BreadcrumbList\",\"@id\":\"https:\/\/global-hookah.com\/product\/wholesale-customized-14-56inches-full-aluminum-alloy-hookah-pipe-with-heavy-duty-ceramic-bowl\/#breadcrumb\",\"itemListElement\":[{\"@type\":\"ListItem\",\"position\":1,\"name\":\"Home\",\"item\":\"https:\/\/global-hookah.com\/\"},{\"@type\":\"ListItem\",\"position\":2,\"name\":\"Shop\",\"item\":\"https:\/\/global-hookah.com\/shop\/\"},{\"@type\":\"ListItem\",\"position\":3,\"name\":\"Wholesale Customized 14.56inches Full Aluminum Alloy Hookah pipe with Heavy Duty Ceramic Bowl\"}]},{\"@type\":\"WebSite\",\"@id\":\"https:\/\/global-hookah.com\/#website\",\"url\":\"https:\/\/global-hookah.com\/\",\"name\":\"Global Hookah\",\"description\":\"Global Hookah\",\"publisher\":{\"@id\":\"https:\/\/global-hookah.com\/#organization\"},\"potentialAction\":[{\"@type\":\"SearchAction\",\"target\":{\"@type\":\"EntryPoint\",\"urlTemplate\":\"https:\/\/global-hookah.com\/?s={search_term_string}\"},\"query-input\":{\"@type\":\"PropertyValueSpecification\",\"valueRequired\":true,\"valueName\":\"search_term_string\"}}],\"inLanguage\":\"de\"},{\"@type\":\"Organization\",\"@id\":\"https:\/\/global-hookah.com\/#organization\",\"name\":\"Global Hookah\",\"url\":\"https:\/\/global-hookah.com\/\",\"logo\":{\"@type\":\"ImageObject\",\"inLanguage\":\"de\",\"@id\":\"https:\/\/global-hookah.com\/#\/schema\/logo\/image\/\",\"url\":\"https:\/\/global-hookah.com\/wp-content\/uploads\/2021\/10\/cropped-fgg.png\",\"contentUrl\":\"https:\/\/global-hookah.com\/wp-content\/uploads\/2021\/10\/cropped-fgg.png\",\"width\":512,\"height\":512,\"caption\":\"Global Hookah\"},\"image\":{\"@id\":\"https:\/\/global-hookah.com\/#\/schema\/logo\/image\/\"}}]}<\/script>\n<!-- \/ Yoast SEO Premium plugin. -->","yoast_head_json":{"title":"Gro\u00dfhandel Customized 14,56 Zoll Vollaluminium-Legierung Hookah Rohr mit Heavy Duty Keramikschale - Global Hookah","robots":{"index":"index","follow":"follow","max-snippet":"max-snippet:-1","max-image-preview":"max-image-preview:large","max-video-preview":"max-video-preview:-1"},"canonical":"https:\/\/global-hookah.com\/de\/produkt\/wholesale-customized-14-56inches-full-aluminum-alloy-hookah-pipe-with-heavy-duty-ceramic-bowl\/","og_locale":"de_DE","og_type":"article","og_title":"Wholesale Customized 14.56inches Full Aluminum Alloy Hookah pipe with Heavy Duty Ceramic Bowl","og_description":"Color Aluminum Alloy Hookah With Travel Bag 001 Material Aluminum Alloy Certainly, we have a mutual interest in hookah, right?","og_url":"https:\/\/global-hookah.com\/de\/produkt\/wholesale-customized-14-56inches-full-aluminum-alloy-hookah-pipe-with-heavy-duty-ceramic-bowl\/","og_site_name":"Global Hookah","article_modified_time":"2024-06-08T09:02:03+00:00","og_image":[{"width":900,"height":1200,"url":"https:\/\/global-hookah.com\/wp-content\/uploads\/2024\/06\/17164412689381323c6afa499a94c63205e3736877_square.jpg","type":"image\/jpeg"}],"twitter_card":"summary_large_image","twitter_misc":{"Gesch\u00e4tzte Lesezeit":"2\u00a0Minuten"},"schema":{"@context":"https:\/\/schema.org","@graph":[{"@type":"WebPage","@id":"https:\/\/global-hookah.com\/product\/wholesale-customized-14-56inches-full-aluminum-alloy-hookah-pipe-with-heavy-duty-ceramic-bowl\/","url":"https:\/\/global-hookah.com\/product\/wholesale-customized-14-56inches-full-aluminum-alloy-hookah-pipe-with-heavy-duty-ceramic-bowl\/","name":"Gro\u00dfhandel Customized 14,56 Zoll Vollaluminium-Legierung Hookah Rohr mit Heavy Duty Keramikschale - Global Hookah","isPartOf":{"@id":"https:\/\/global-hookah.com\/#website"},"primaryImageOfPage":{"@id":"https:\/\/global-hookah.com\/product\/wholesale-customized-14-56inches-full-aluminum-alloy-hookah-pipe-with-heavy-duty-ceramic-bowl\/#primaryimage"},"image":{"@id":"https:\/\/global-hookah.com\/product\/wholesale-customized-14-56inches-full-aluminum-alloy-hookah-pipe-with-heavy-duty-ceramic-bowl\/#primaryimage"},"thumbnailUrl":"https:\/\/global-hookah.com\/wp-content\/uploads\/2024\/06\/17164412689381323c6afa499a94c63205e3736877_square.jpg","datePublished":"2024-06-07T06:30:19+00:00","dateModified":"2024-06-08T09:02:03+00:00","breadcrumb":{"@id":"https:\/\/global-hookah.com\/product\/wholesale-customized-14-56inches-full-aluminum-alloy-hookah-pipe-with-heavy-duty-ceramic-bowl\/#breadcrumb"},"inLanguage":"de","potentialAction":[{"@type":"ReadAction","target":["https:\/\/global-hookah.com\/product\/wholesale-customized-14-56inches-full-aluminum-alloy-hookah-pipe-with-heavy-duty-ceramic-bowl\/"]}]},{"@type":"ImageObject","inLanguage":"de","@id":"https:\/\/global-hookah.com\/product\/wholesale-customized-14-56inches-full-aluminum-alloy-hookah-pipe-with-heavy-duty-ceramic-bowl\/#primaryimage","url":"https:\/\/global-hookah.com\/wp-content\/uploads\/2024\/06\/17164412689381323c6afa499a94c63205e3736877_square.jpg","contentUrl":"https:\/\/global-hookah.com\/wp-content\/uploads\/2024\/06\/17164412689381323c6afa499a94c63205e3736877_square.jpg","width":900,"height":1200},{"@type":"BreadcrumbList","@id":"https:\/\/global-hookah.com\/product\/wholesale-customized-14-56inches-full-aluminum-alloy-hookah-pipe-with-heavy-duty-ceramic-bowl\/#breadcrumb","itemListElement":[{"@type":"ListItem","position":1,"name":"Home","item":"https:\/\/global-hookah.com\/"},{"@type":"ListItem","position":2,"name":"Shop","item":"https:\/\/global-hookah.com\/shop\/"},{"@type":"ListItem","position":3,"name":"Wholesale Customized 14.56inches Full Aluminum Alloy Hookah pipe with Heavy Duty Ceramic Bowl"}]},{"@type":"WebSite","@id":"https:\/\/global-hookah.com\/#website","url":"https:\/\/global-hookah.com\/","name":"Globale Wasserpfeife","description":"Globale Wasserpfeife","publisher":{"@id":"https:\/\/global-hookah.com\/#organization"},"potentialAction":[{"@type":"SearchAction","target":{"@type":"EntryPoint","urlTemplate":"https:\/\/global-hookah.com\/?s={search_term_string}"},"query-input":{"@type":"PropertyValueSpecification","valueRequired":true,"valueName":"search_term_string"}}],"inLanguage":"de"},{"@type":"Organization","@id":"https:\/\/global-hookah.com\/#organization","name":"Globale Wasserpfeife","url":"https:\/\/global-hookah.com\/","logo":{"@type":"ImageObject","inLanguage":"de","@id":"https:\/\/global-hookah.com\/#\/schema\/logo\/image\/","url":"https:\/\/global-hookah.com\/wp-content\/uploads\/2021\/10\/cropped-fgg.png","contentUrl":"https:\/\/global-hookah.com\/wp-content\/uploads\/2021\/10\/cropped-fgg.png","width":512,"height":512,"caption":"Global Hookah"},"image":{"@id":"https:\/\/global-hookah.com\/#\/schema\/logo\/image\/"}}]}},"_links":{"self":[{"href":"https:\/\/global-hookah.com\/de\/wp-json\/wp\/v2\/product\/27539","targetHints":{"allow":["GET"]}}],"collection":[{"href":"https:\/\/global-hookah.com\/de\/wp-json\/wp\/v2\/product"}],"about":[{"href":"https:\/\/global-hookah.com\/de\/wp-json\/wp\/v2\/types\/product"}],"replies":[{"embeddable":true,"href":"https:\/\/global-hookah.com\/de\/wp-json\/wp\/v2\/comments?post=27539"}],"version-history":[{"count":0,"href":"https:\/\/global-hookah.com\/de\/wp-json\/wp\/v2\/product\/27539\/revisions"}],"wp:featuredmedia":[{"embeddable":true,"href":"https:\/\/global-hookah.com\/de\/wp-json\/wp\/v2\/media\/27653"}],"wp:attachment":[{"href":"https:\/\/global-hookah.com\/de\/wp-json\/wp\/v2\/media?parent=27539"}],"wp:term":[{"taxonomy":"product_brand","embeddable":true,"href":"https:\/\/global-hookah.com\/de\/wp-json\/wp\/v2\/product_brand?post=27539"},{"taxonomy":"product_cat","embeddable":true,"href":"https:\/\/global-hookah.com\/de\/wp-json\/wp\/v2\/product_cat?post=27539"},{"taxonomy":"product_tag","embeddable":true,"href":"https:\/\/global-hookah.com\/de\/wp-json\/wp\/v2\/product_tag?post=27539"}],"curies":[{"name":"wp","href":"https:\/\/api.w.org\/{rel}","templated":true}]}}