{"id":27552,"date":"2024-06-07T06:30:21","date_gmt":"2024-06-07T06:30:21","guid":{"rendered":"https:\/\/global-hookah.com\/product\/1pc-large-size-aluminum-hookah-with-silicone-hose-aluminum-handle-spring-protector-clip-ceramic-bowl-handmade-glazed-glass-bottle-rose-gold\/"},"modified":"2024-06-26T05:47:55","modified_gmt":"2024-06-26T05:47:55","slug":"bulk-wholesale-large-size-aluminum-hookah-with-silicone-hose","status":"publish","type":"product","link":"https:\/\/global-hookah.com\/de\/produkt\/bulk-wholesale-large-size-aluminum-hookah-with-silicone-hose\/","title":{"rendered":"Bulk Gro\u00dfhandel gro\u00dfe Gr\u00f6\u00dfe Aluminium Hookah mit Silikonschlauch"},"content":{"rendered":"<table>\n<tbody>\n<tr>\n<td>Farbe<\/td>\n<td>Rose Gold<\/td>\n<\/tr>\n<tr>\n<td>Material<\/td>\n<td>Aluminium-Legierung<\/td>\n<\/tr>\n<tr>\n<td>Stromversorgung<\/td>\n<td>Keine<\/td>\n<\/tr>\n<tr>\n<td>Inklusive Batterien<\/td>\n<td>Nein<\/td>\n<\/tr>\n<\/tbody>\n<\/table>","protected":false},"excerpt":{"rendered":"<p>Farbe Rose Gold Material Aluminiumlegierung Stromversorgung Keine Batterien enthalten Nein<\/p>","protected":false},"featured_media":27665,"comment_status":"closed","ping_status":"closed","template":"","meta":{"iawp_total_views":4,"_joinchat":[]},"product_brand":[],"product_cat":[119],"product_tag":[],"class_list":{"0":"post-27552","1":"product","2":"type-product","3":"status-publish","4":"has-post-thumbnail","6":"product_cat-wholesale-hookah","8":"first","9":"instock","10":"shipping-taxable","11":"purchasable","12":"product-type-variable"},"yoast_head":"<!-- This site is optimized with the Yoast SEO Premium plugin v24.7 (Yoast SEO v26.8) - https:\/\/yoast.com\/product\/yoast-seo-premium-wordpress\/ -->\n<title>Bulk Wholesale Large Size Aluminum Hookah With Silicone Hose - Global Hookah<\/title>\n<meta name=\"robots\" content=\"index, follow, max-snippet:-1, max-image-preview:large, max-video-preview:-1\" \/>\n<link rel=\"canonical\" href=\"https:\/\/global-hookah.com\/de\/produkt\/1pc-large-size-aluminum-hookah-with-silicone-hose-aluminum-handle-spring-protector-clip-ceramic-bowl-handmade-glazed-glass-bottle-rose-gold\/\" \/>\n<meta property=\"og:locale\" content=\"de_DE\" \/>\n<meta property=\"og:type\" content=\"article\" \/>\n<meta property=\"og:title\" content=\"Bulk Wholesale Large Size Aluminum Hookah With Silicone Hose\" \/>\n<meta property=\"og:description\" content=\"Color Rose Gold Material Aluminum Alloy Power Supply None Batteries Included No\" \/>\n<meta property=\"og:url\" content=\"https:\/\/global-hookah.com\/de\/produkt\/1pc-large-size-aluminum-hookah-with-silicone-hose-aluminum-handle-spring-protector-clip-ceramic-bowl-handmade-glazed-glass-bottle-rose-gold\/\" \/>\n<meta property=\"og:site_name\" content=\"Global Hookah\" \/>\n<meta property=\"article:modified_time\" content=\"2024-06-26T05:47:55+00:00\" \/>\n<meta property=\"og:image\" content=\"https:\/\/global-hookah.com\/wp-content\/uploads\/2024\/06\/1713237020a63696ff54c2e4ef5151a2f10e7ecdf3_square.jpg\" \/>\n\t<meta property=\"og:image:width\" content=\"900\" \/>\n\t<meta property=\"og:image:height\" content=\"1200\" \/>\n\t<meta property=\"og:image:type\" content=\"image\/jpeg\" \/>\n<meta name=\"twitter:card\" content=\"summary_large_image\" \/>\n<script type=\"application\/ld+json\" class=\"yoast-schema-graph\">{\"@context\":\"https:\/\/schema.org\",\"@graph\":[{\"@type\":\"WebPage\",\"@id\":\"https:\/\/global-hookah.com\/product\/1pc-large-size-aluminum-hookah-with-silicone-hose-aluminum-handle-spring-protector-clip-ceramic-bowl-handmade-glazed-glass-bottle-rose-gold\/\",\"url\":\"https:\/\/global-hookah.com\/product\/1pc-large-size-aluminum-hookah-with-silicone-hose-aluminum-handle-spring-protector-clip-ceramic-bowl-handmade-glazed-glass-bottle-rose-gold\/\",\"name\":\"Bulk Wholesale Large Size Aluminum Hookah With Silicone Hose - Global Hookah\",\"isPartOf\":{\"@id\":\"https:\/\/global-hookah.com\/#website\"},\"primaryImageOfPage\":{\"@id\":\"https:\/\/global-hookah.com\/product\/1pc-large-size-aluminum-hookah-with-silicone-hose-aluminum-handle-spring-protector-clip-ceramic-bowl-handmade-glazed-glass-bottle-rose-gold\/#primaryimage\"},\"image\":{\"@id\":\"https:\/\/global-hookah.com\/product\/1pc-large-size-aluminum-hookah-with-silicone-hose-aluminum-handle-spring-protector-clip-ceramic-bowl-handmade-glazed-glass-bottle-rose-gold\/#primaryimage\"},\"thumbnailUrl\":\"https:\/\/global-hookah.com\/wp-content\/uploads\/2024\/06\/1713237020a63696ff54c2e4ef5151a2f10e7ecdf3_square.jpg\",\"datePublished\":\"2024-06-07T06:30:21+00:00\",\"dateModified\":\"2024-06-26T05:47:55+00:00\",\"breadcrumb\":{\"@id\":\"https:\/\/global-hookah.com\/product\/1pc-large-size-aluminum-hookah-with-silicone-hose-aluminum-handle-spring-protector-clip-ceramic-bowl-handmade-glazed-glass-bottle-rose-gold\/#breadcrumb\"},\"inLanguage\":\"de\",\"potentialAction\":[{\"@type\":\"ReadAction\",\"target\":[\"https:\/\/global-hookah.com\/product\/1pc-large-size-aluminum-hookah-with-silicone-hose-aluminum-handle-spring-protector-clip-ceramic-bowl-handmade-glazed-glass-bottle-rose-gold\/\"]}]},{\"@type\":\"ImageObject\",\"inLanguage\":\"de\",\"@id\":\"https:\/\/global-hookah.com\/product\/1pc-large-size-aluminum-hookah-with-silicone-hose-aluminum-handle-spring-protector-clip-ceramic-bowl-handmade-glazed-glass-bottle-rose-gold\/#primaryimage\",\"url\":\"https:\/\/global-hookah.com\/wp-content\/uploads\/2024\/06\/1713237020a63696ff54c2e4ef5151a2f10e7ecdf3_square.jpg\",\"contentUrl\":\"https:\/\/global-hookah.com\/wp-content\/uploads\/2024\/06\/1713237020a63696ff54c2e4ef5151a2f10e7ecdf3_square.jpg\",\"width\":900,\"height\":1200},{\"@type\":\"BreadcrumbList\",\"@id\":\"https:\/\/global-hookah.com\/product\/1pc-large-size-aluminum-hookah-with-silicone-hose-aluminum-handle-spring-protector-clip-ceramic-bowl-handmade-glazed-glass-bottle-rose-gold\/#breadcrumb\",\"itemListElement\":[{\"@type\":\"ListItem\",\"position\":1,\"name\":\"Home\",\"item\":\"https:\/\/global-hookah.com\/\"},{\"@type\":\"ListItem\",\"position\":2,\"name\":\"Shop\",\"item\":\"https:\/\/global-hookah.com\/shop\/\"},{\"@type\":\"ListItem\",\"position\":3,\"name\":\"1pc Large Size Aluminum Hookah With Silicone Hose, Aluminum Handle, Spring Protector &#038; Clip, Ceramic Bowl, Handmade Glazed Glass Bottle Rose Gold\"}]},{\"@type\":\"WebSite\",\"@id\":\"https:\/\/global-hookah.com\/#website\",\"url\":\"https:\/\/global-hookah.com\/\",\"name\":\"Global Hookah\",\"description\":\"Global Hookah\",\"publisher\":{\"@id\":\"https:\/\/global-hookah.com\/#organization\"},\"potentialAction\":[{\"@type\":\"SearchAction\",\"target\":{\"@type\":\"EntryPoint\",\"urlTemplate\":\"https:\/\/global-hookah.com\/?s={search_term_string}\"},\"query-input\":{\"@type\":\"PropertyValueSpecification\",\"valueRequired\":true,\"valueName\":\"search_term_string\"}}],\"inLanguage\":\"de\"},{\"@type\":\"Organization\",\"@id\":\"https:\/\/global-hookah.com\/#organization\",\"name\":\"Global Hookah\",\"url\":\"https:\/\/global-hookah.com\/\",\"logo\":{\"@type\":\"ImageObject\",\"inLanguage\":\"de\",\"@id\":\"https:\/\/global-hookah.com\/#\/schema\/logo\/image\/\",\"url\":\"https:\/\/global-hookah.com\/wp-content\/uploads\/2021\/10\/cropped-fgg.png\",\"contentUrl\":\"https:\/\/global-hookah.com\/wp-content\/uploads\/2021\/10\/cropped-fgg.png\",\"width\":512,\"height\":512,\"caption\":\"Global Hookah\"},\"image\":{\"@id\":\"https:\/\/global-hookah.com\/#\/schema\/logo\/image\/\"}}]}<\/script>\n<!-- \/ Yoast SEO Premium plugin. -->","yoast_head_json":{"title":"Bulk Gro\u00dfhandel gro\u00dfe Gr\u00f6\u00dfe Aluminium Wasserpfeife mit Silikonschlauch - Global Hookah","robots":{"index":"index","follow":"follow","max-snippet":"max-snippet:-1","max-image-preview":"max-image-preview:large","max-video-preview":"max-video-preview:-1"},"canonical":"https:\/\/global-hookah.com\/de\/produkt\/1pc-large-size-aluminum-hookah-with-silicone-hose-aluminum-handle-spring-protector-clip-ceramic-bowl-handmade-glazed-glass-bottle-rose-gold\/","og_locale":"de_DE","og_type":"article","og_title":"Bulk Wholesale Large Size Aluminum Hookah With Silicone Hose","og_description":"Color Rose Gold Material Aluminum Alloy Power Supply None Batteries Included No","og_url":"https:\/\/global-hookah.com\/de\/produkt\/1pc-large-size-aluminum-hookah-with-silicone-hose-aluminum-handle-spring-protector-clip-ceramic-bowl-handmade-glazed-glass-bottle-rose-gold\/","og_site_name":"Global Hookah","article_modified_time":"2024-06-26T05:47:55+00:00","og_image":[{"width":900,"height":1200,"url":"https:\/\/global-hookah.com\/wp-content\/uploads\/2024\/06\/1713237020a63696ff54c2e4ef5151a2f10e7ecdf3_square.jpg","type":"image\/jpeg"}],"twitter_card":"summary_large_image","schema":{"@context":"https:\/\/schema.org","@graph":[{"@type":"WebPage","@id":"https:\/\/global-hookah.com\/product\/1pc-large-size-aluminum-hookah-with-silicone-hose-aluminum-handle-spring-protector-clip-ceramic-bowl-handmade-glazed-glass-bottle-rose-gold\/","url":"https:\/\/global-hookah.com\/product\/1pc-large-size-aluminum-hookah-with-silicone-hose-aluminum-handle-spring-protector-clip-ceramic-bowl-handmade-glazed-glass-bottle-rose-gold\/","name":"Bulk Gro\u00dfhandel gro\u00dfe Gr\u00f6\u00dfe Aluminium Wasserpfeife mit Silikonschlauch - Global Hookah","isPartOf":{"@id":"https:\/\/global-hookah.com\/#website"},"primaryImageOfPage":{"@id":"https:\/\/global-hookah.com\/product\/1pc-large-size-aluminum-hookah-with-silicone-hose-aluminum-handle-spring-protector-clip-ceramic-bowl-handmade-glazed-glass-bottle-rose-gold\/#primaryimage"},"image":{"@id":"https:\/\/global-hookah.com\/product\/1pc-large-size-aluminum-hookah-with-silicone-hose-aluminum-handle-spring-protector-clip-ceramic-bowl-handmade-glazed-glass-bottle-rose-gold\/#primaryimage"},"thumbnailUrl":"https:\/\/global-hookah.com\/wp-content\/uploads\/2024\/06\/1713237020a63696ff54c2e4ef5151a2f10e7ecdf3_square.jpg","datePublished":"2024-06-07T06:30:21+00:00","dateModified":"2024-06-26T05:47:55+00:00","breadcrumb":{"@id":"https:\/\/global-hookah.com\/product\/1pc-large-size-aluminum-hookah-with-silicone-hose-aluminum-handle-spring-protector-clip-ceramic-bowl-handmade-glazed-glass-bottle-rose-gold\/#breadcrumb"},"inLanguage":"de","potentialAction":[{"@type":"ReadAction","target":["https:\/\/global-hookah.com\/product\/1pc-large-size-aluminum-hookah-with-silicone-hose-aluminum-handle-spring-protector-clip-ceramic-bowl-handmade-glazed-glass-bottle-rose-gold\/"]}]},{"@type":"ImageObject","inLanguage":"de","@id":"https:\/\/global-hookah.com\/product\/1pc-large-size-aluminum-hookah-with-silicone-hose-aluminum-handle-spring-protector-clip-ceramic-bowl-handmade-glazed-glass-bottle-rose-gold\/#primaryimage","url":"https:\/\/global-hookah.com\/wp-content\/uploads\/2024\/06\/1713237020a63696ff54c2e4ef5151a2f10e7ecdf3_square.jpg","contentUrl":"https:\/\/global-hookah.com\/wp-content\/uploads\/2024\/06\/1713237020a63696ff54c2e4ef5151a2f10e7ecdf3_square.jpg","width":900,"height":1200},{"@type":"BreadcrumbList","@id":"https:\/\/global-hookah.com\/product\/1pc-large-size-aluminum-hookah-with-silicone-hose-aluminum-handle-spring-protector-clip-ceramic-bowl-handmade-glazed-glass-bottle-rose-gold\/#breadcrumb","itemListElement":[{"@type":"ListItem","position":1,"name":"Home","item":"https:\/\/global-hookah.com\/"},{"@type":"ListItem","position":2,"name":"Shop","item":"https:\/\/global-hookah.com\/shop\/"},{"@type":"ListItem","position":3,"name":"1pc Large Size Aluminum Hookah With Silicone Hose, Aluminum Handle, Spring Protector &#038; Clip, Ceramic Bowl, Handmade Glazed Glass Bottle Rose Gold"}]},{"@type":"WebSite","@id":"https:\/\/global-hookah.com\/#website","url":"https:\/\/global-hookah.com\/","name":"Globale Wasserpfeife","description":"Globale Wasserpfeife","publisher":{"@id":"https:\/\/global-hookah.com\/#organization"},"potentialAction":[{"@type":"SearchAction","target":{"@type":"EntryPoint","urlTemplate":"https:\/\/global-hookah.com\/?s={search_term_string}"},"query-input":{"@type":"PropertyValueSpecification","valueRequired":true,"valueName":"search_term_string"}}],"inLanguage":"de"},{"@type":"Organization","@id":"https:\/\/global-hookah.com\/#organization","name":"Globale Wasserpfeife","url":"https:\/\/global-hookah.com\/","logo":{"@type":"ImageObject","inLanguage":"de","@id":"https:\/\/global-hookah.com\/#\/schema\/logo\/image\/","url":"https:\/\/global-hookah.com\/wp-content\/uploads\/2021\/10\/cropped-fgg.png","contentUrl":"https:\/\/global-hookah.com\/wp-content\/uploads\/2021\/10\/cropped-fgg.png","width":512,"height":512,"caption":"Global Hookah"},"image":{"@id":"https:\/\/global-hookah.com\/#\/schema\/logo\/image\/"}}]}},"_links":{"self":[{"href":"https:\/\/global-hookah.com\/de\/wp-json\/wp\/v2\/product\/27552","targetHints":{"allow":["GET"]}}],"collection":[{"href":"https:\/\/global-hookah.com\/de\/wp-json\/wp\/v2\/product"}],"about":[{"href":"https:\/\/global-hookah.com\/de\/wp-json\/wp\/v2\/types\/product"}],"replies":[{"embeddable":true,"href":"https:\/\/global-hookah.com\/de\/wp-json\/wp\/v2\/comments?post=27552"}],"version-history":[{"count":0,"href":"https:\/\/global-hookah.com\/de\/wp-json\/wp\/v2\/product\/27552\/revisions"}],"wp:featuredmedia":[{"embeddable":true,"href":"https:\/\/global-hookah.com\/de\/wp-json\/wp\/v2\/media\/27665"}],"wp:attachment":[{"href":"https:\/\/global-hookah.com\/de\/wp-json\/wp\/v2\/media?parent=27552"}],"wp:term":[{"taxonomy":"product_brand","embeddable":true,"href":"https:\/\/global-hookah.com\/de\/wp-json\/wp\/v2\/product_brand?post=27552"},{"taxonomy":"product_cat","embeddable":true,"href":"https:\/\/global-hookah.com\/de\/wp-json\/wp\/v2\/product_cat?post=27552"},{"taxonomy":"product_tag","embeddable":true,"href":"https:\/\/global-hookah.com\/de\/wp-json\/wp\/v2\/product_tag?post=27552"}],"curies":[{"name":"wp","href":"https:\/\/api.w.org\/{rel}","templated":true}]}}