{"id":27786,"date":"2024-06-08T05:55:10","date_gmt":"2024-06-08T05:55:10","guid":{"rendered":"https:\/\/global-hookah.com\/product\/1pc-creative-pattern-60mm-4-layer-square-grinder-spice-grinder-grinding-machine-herb-grinder-spice-crusher-kitchen-supplies-household-gadget-christmas-gifts-christmas-supplies-christmas-part\/"},"modified":"2024-06-26T07:56:56","modified_gmt":"2024-06-26T07:56:56","slug":"wholesale-custom-4-layer-anime-square-weed-grinder","status":"publish","type":"product","link":"https:\/\/global-hookah.com\/de\/produkt\/wholesale-custom-4-layer-anime-square-weed-grinder\/","title":{"rendered":"Gro\u00dfhandel benutzerdefinierte 4-Schicht-Anime Quadrat Unkraut Schleifer"},"content":{"rendered":"<div>\n<p>Unter Verwendung erstklassiger metallischer Legierungen wird <strong>Quadratisches Unkraut Grinde<\/strong>r ist so konstruiert, dass er das richtige Gewicht hat und sich beim Schleifen gut anf\u00fchlt und strukturiert ist. Dies ist nicht nur eine Frage des Gewichts, sondern auch der Schl\u00fcssel zu Ihrem Schleifprozess, durch den Sie ein hervorragendes Tastgef\u00fchl haben k\u00f6nnen, Eingebettete starke Magnete sorgen f\u00fcr eine nahtlose Ausrichtung zwischen den Schichten, auch bei wiederholter Demontage und Wiedermontage.<\/p>\n<p>Diese Art von <strong>Anime Square Unkrautschleifer<\/strong> zerkleinert jede trockene Marihuanabl\u00fcte im Handumdrehen in Pulverform. Indem man dies umdreht <strong>Anime Square Unkrautschleifer<\/strong> und durch mehrmaliges Drehen erhalten Sie eine noch feinere Mahlung; diese feinen Mahlg\u00fcter werden von der in der unteren Aufbewahrungskammer eingebauten Siebschicht leicht aufgefangen.<\/p>\n<p>Es speichert bequem wichtige Cannabiskristalle, die sp\u00e4ter f\u00fcr andere Zwecke verwendet werden k\u00f6nnen, w\u00e4hrend es sie gleichzeitig effektiv in seinem eigenen Kief-Sammelfach auff\u00e4ngt. Mit einer solchen Konzentration auf die kleinere Fl\u00e4che des Kief-Sammelfachs k\u00f6nnen Sie leicht die Menge an Cannabis entnehmen, die Sie ben\u00f6tigen<\/p>\n<p>Wenn Sie jedoch m\u00f6chten, dass Ihr <a href=\"https:\/\/global-hookah.com\/product-category\/wholesale-grinders\/\"><strong>pers\u00f6nlichste M\u00fchle<\/strong> <\/a>dann kontaktieren Sie uns per E-Mail, damit wir dies f\u00fcr Sie erledigen k\u00f6nnen. <strong>4-Schicht Anime Quadrat Unkraut Schleifer<\/strong> f\u00fcr dich oder jemand anderen in verschiedenen Farben.<\/p>\n<p><img decoding=\"async\" src=\"https:\/\/img.kwcdn.com\/product\/Fancyalgo\/VirtualModelMatting\/1990cb32fe8ec0d4bec825ad95085dd5.jpg\" \/><\/div>\n<div><img decoding=\"async\" src=\"https:\/\/img.kwcdn.com\/product\/Fancyalgo\/VirtualModelMatting\/0a654c8affd2af27a098260353c2aab5.jpg\" \/><\/div>\n<div><img decoding=\"async\" src=\"https:\/\/img.kwcdn.com\/product\/Fancyalgo\/VirtualModelMatting\/79bb015e14239d579e15c20b6a9adab7.jpg\" \/><\/div>\n<div><img decoding=\"async\" src=\"https:\/\/img.kwcdn.com\/product\/Fancyalgo\/VirtualModelMatting\/03c54c69451781d046ea9ec1e2abd955.jpg\" \/><\/div>\n<div><img decoding=\"async\" src=\"https:\/\/img.kwcdn.com\/product\/Fancyalgo\/VirtualModelMatting\/6c091850c11cca34a1be4a7527a5a5cf.jpg\" \/><\/div>\n<div><img decoding=\"async\" src=\"https:\/\/img.kwcdn.com\/product\/Fancyalgo\/VirtualModelMatting\/1b415439606220bc0e946b23fa273425.jpg\" \/><\/div>","protected":false},"excerpt":{"rendered":"<p>Durch die Verwendung von erstklassigen Metalllegierungen ist dieser Square Weed Grinder so konstruiert, dass er das richtige Gewicht hat und Ihnen ein gutes Gef\u00fchl gibt.<\/p>","protected":false},"featured_media":27785,"comment_status":"open","ping_status":"closed","template":"","meta":{"iawp_total_views":1,"_joinchat":[]},"product_brand":[],"product_cat":[894,770],"product_tag":[],"class_list":{"0":"post-27786","1":"product","2":"type-product","3":"status-publish","4":"has-post-thumbnail","6":"product_cat-4-piece-grinder-wholesale","7":"product_cat-wholesale-grinder","9":"first","10":"instock","11":"shipping-taxable","12":"product-type-external"},"yoast_head":"<!-- This site is optimized with the Yoast SEO Premium plugin v24.7 (Yoast SEO v26.8) - https:\/\/yoast.com\/product\/yoast-seo-premium-wordpress\/ -->\n<title>Wholesale Custom 4-layer Anime Square Weed Grinder - Global Hookah<\/title>\n<meta name=\"robots\" content=\"index, follow, max-snippet:-1, max-image-preview:large, max-video-preview:-1\" \/>\n<link rel=\"canonical\" href=\"https:\/\/global-hookah.com\/de\/produkt\/wholesale-custom-4-layer-anime-square-weed-grinder\/\" \/>\n<meta property=\"og:locale\" content=\"de_DE\" \/>\n<meta property=\"og:type\" content=\"article\" \/>\n<meta property=\"og:title\" content=\"Wholesale Custom 4-layer Anime Square Weed Grinder\" \/>\n<meta property=\"og:description\" content=\"Using first-class metallic alloys, this Square Weed Grinder is constructed to have the right heft, giving you a great feel\" \/>\n<meta property=\"og:url\" content=\"https:\/\/global-hookah.com\/de\/produkt\/wholesale-custom-4-layer-anime-square-weed-grinder\/\" \/>\n<meta property=\"og:site_name\" content=\"Global Hookah\" \/>\n<meta property=\"article:modified_time\" content=\"2024-06-26T07:56:56+00:00\" \/>\n<meta property=\"og:image\" content=\"https:\/\/global-hookah.com\/wp-content\/uploads\/2024\/06\/1990cb32fe8ec0d4bec825ad95085dd5.jpg\" \/>\n\t<meta property=\"og:image:width\" content=\"1600\" \/>\n\t<meta property=\"og:image:height\" content=\"1600\" \/>\n\t<meta property=\"og:image:type\" content=\"image\/jpeg\" \/>\n<meta name=\"twitter:card\" content=\"summary_large_image\" \/>\n<meta name=\"twitter:label1\" content=\"Gesch\u00e4tzte Lesezeit\" \/>\n\t<meta name=\"twitter:data1\" content=\"3\u00a0Minuten\" \/>\n<script type=\"application\/ld+json\" class=\"yoast-schema-graph\">{\"@context\":\"https:\/\/schema.org\",\"@graph\":[{\"@type\":\"WebPage\",\"@id\":\"https:\/\/global-hookah.com\/product\/wholesale-custom-4-layer-anime-square-weed-grinder\/\",\"url\":\"https:\/\/global-hookah.com\/product\/wholesale-custom-4-layer-anime-square-weed-grinder\/\",\"name\":\"Wholesale Custom 4-layer Anime Square Weed Grinder - Global Hookah\",\"isPartOf\":{\"@id\":\"https:\/\/global-hookah.com\/#website\"},\"primaryImageOfPage\":{\"@id\":\"https:\/\/global-hookah.com\/product\/wholesale-custom-4-layer-anime-square-weed-grinder\/#primaryimage\"},\"image\":{\"@id\":\"https:\/\/global-hookah.com\/product\/wholesale-custom-4-layer-anime-square-weed-grinder\/#primaryimage\"},\"thumbnailUrl\":\"https:\/\/global-hookah.com\/wp-content\/uploads\/2024\/06\/1990cb32fe8ec0d4bec825ad95085dd5.jpg\",\"datePublished\":\"2024-06-08T05:55:10+00:00\",\"dateModified\":\"2024-06-26T07:56:56+00:00\",\"breadcrumb\":{\"@id\":\"https:\/\/global-hookah.com\/product\/wholesale-custom-4-layer-anime-square-weed-grinder\/#breadcrumb\"},\"inLanguage\":\"de\",\"potentialAction\":[{\"@type\":\"ReadAction\",\"target\":[\"https:\/\/global-hookah.com\/product\/wholesale-custom-4-layer-anime-square-weed-grinder\/\"]}]},{\"@type\":\"ImageObject\",\"inLanguage\":\"de\",\"@id\":\"https:\/\/global-hookah.com\/product\/wholesale-custom-4-layer-anime-square-weed-grinder\/#primaryimage\",\"url\":\"https:\/\/global-hookah.com\/wp-content\/uploads\/2024\/06\/1990cb32fe8ec0d4bec825ad95085dd5.jpg\",\"contentUrl\":\"https:\/\/global-hookah.com\/wp-content\/uploads\/2024\/06\/1990cb32fe8ec0d4bec825ad95085dd5.jpg\",\"width\":1600,\"height\":1600,\"caption\":\"Wholesale Custom 4-layer Anime Square Weed Grinder\"},{\"@type\":\"BreadcrumbList\",\"@id\":\"https:\/\/global-hookah.com\/product\/wholesale-custom-4-layer-anime-square-weed-grinder\/#breadcrumb\",\"itemListElement\":[{\"@type\":\"ListItem\",\"position\":1,\"name\":\"Home\",\"item\":\"https:\/\/global-hookah.com\/\"},{\"@type\":\"ListItem\",\"position\":2,\"name\":\"Shop\",\"item\":\"https:\/\/global-hookah.com\/shop\/\"},{\"@type\":\"ListItem\",\"position\":3,\"name\":\"Wholesale Custom 4-layer Anime Square Weed Grinder\"}]},{\"@type\":\"WebSite\",\"@id\":\"https:\/\/global-hookah.com\/#website\",\"url\":\"https:\/\/global-hookah.com\/\",\"name\":\"Global Hookah\",\"description\":\"Global Hookah\",\"publisher\":{\"@id\":\"https:\/\/global-hookah.com\/#organization\"},\"potentialAction\":[{\"@type\":\"SearchAction\",\"target\":{\"@type\":\"EntryPoint\",\"urlTemplate\":\"https:\/\/global-hookah.com\/?s={search_term_string}\"},\"query-input\":{\"@type\":\"PropertyValueSpecification\",\"valueRequired\":true,\"valueName\":\"search_term_string\"}}],\"inLanguage\":\"de\"},{\"@type\":\"Organization\",\"@id\":\"https:\/\/global-hookah.com\/#organization\",\"name\":\"Global Hookah\",\"url\":\"https:\/\/global-hookah.com\/\",\"logo\":{\"@type\":\"ImageObject\",\"inLanguage\":\"de\",\"@id\":\"https:\/\/global-hookah.com\/#\/schema\/logo\/image\/\",\"url\":\"https:\/\/global-hookah.com\/wp-content\/uploads\/2021\/10\/cropped-fgg.png\",\"contentUrl\":\"https:\/\/global-hookah.com\/wp-content\/uploads\/2021\/10\/cropped-fgg.png\",\"width\":512,\"height\":512,\"caption\":\"Global Hookah\"},\"image\":{\"@id\":\"https:\/\/global-hookah.com\/#\/schema\/logo\/image\/\"}}]}<\/script>\n<!-- \/ Yoast SEO Premium plugin. -->","yoast_head_json":{"title":"Gro\u00dfhandel benutzerdefinierte 4-Schicht-Anime Quadrat Unkraut Schleifer - Global Hookah","robots":{"index":"index","follow":"follow","max-snippet":"max-snippet:-1","max-image-preview":"max-image-preview:large","max-video-preview":"max-video-preview:-1"},"canonical":"https:\/\/global-hookah.com\/de\/produkt\/wholesale-custom-4-layer-anime-square-weed-grinder\/","og_locale":"de_DE","og_type":"article","og_title":"Wholesale Custom 4-layer Anime Square Weed Grinder","og_description":"Using first-class metallic alloys, this Square Weed Grinder is constructed to have the right heft, giving you a great feel","og_url":"https:\/\/global-hookah.com\/de\/produkt\/wholesale-custom-4-layer-anime-square-weed-grinder\/","og_site_name":"Global Hookah","article_modified_time":"2024-06-26T07:56:56+00:00","og_image":[{"width":1600,"height":1600,"url":"https:\/\/global-hookah.com\/wp-content\/uploads\/2024\/06\/1990cb32fe8ec0d4bec825ad95085dd5.jpg","type":"image\/jpeg"}],"twitter_card":"summary_large_image","twitter_misc":{"Gesch\u00e4tzte Lesezeit":"3\u00a0Minuten"},"schema":{"@context":"https:\/\/schema.org","@graph":[{"@type":"WebPage","@id":"https:\/\/global-hookah.com\/product\/wholesale-custom-4-layer-anime-square-weed-grinder\/","url":"https:\/\/global-hookah.com\/product\/wholesale-custom-4-layer-anime-square-weed-grinder\/","name":"Gro\u00dfhandel benutzerdefinierte 4-Schicht-Anime Quadrat Unkraut Schleifer - Global Hookah","isPartOf":{"@id":"https:\/\/global-hookah.com\/#website"},"primaryImageOfPage":{"@id":"https:\/\/global-hookah.com\/product\/wholesale-custom-4-layer-anime-square-weed-grinder\/#primaryimage"},"image":{"@id":"https:\/\/global-hookah.com\/product\/wholesale-custom-4-layer-anime-square-weed-grinder\/#primaryimage"},"thumbnailUrl":"https:\/\/global-hookah.com\/wp-content\/uploads\/2024\/06\/1990cb32fe8ec0d4bec825ad95085dd5.jpg","datePublished":"2024-06-08T05:55:10+00:00","dateModified":"2024-06-26T07:56:56+00:00","breadcrumb":{"@id":"https:\/\/global-hookah.com\/product\/wholesale-custom-4-layer-anime-square-weed-grinder\/#breadcrumb"},"inLanguage":"de","potentialAction":[{"@type":"ReadAction","target":["https:\/\/global-hookah.com\/product\/wholesale-custom-4-layer-anime-square-weed-grinder\/"]}]},{"@type":"ImageObject","inLanguage":"de","@id":"https:\/\/global-hookah.com\/product\/wholesale-custom-4-layer-anime-square-weed-grinder\/#primaryimage","url":"https:\/\/global-hookah.com\/wp-content\/uploads\/2024\/06\/1990cb32fe8ec0d4bec825ad95085dd5.jpg","contentUrl":"https:\/\/global-hookah.com\/wp-content\/uploads\/2024\/06\/1990cb32fe8ec0d4bec825ad95085dd5.jpg","width":1600,"height":1600,"caption":"Wholesale Custom 4-layer Anime Square Weed Grinder"},{"@type":"BreadcrumbList","@id":"https:\/\/global-hookah.com\/product\/wholesale-custom-4-layer-anime-square-weed-grinder\/#breadcrumb","itemListElement":[{"@type":"ListItem","position":1,"name":"Home","item":"https:\/\/global-hookah.com\/"},{"@type":"ListItem","position":2,"name":"Shop","item":"https:\/\/global-hookah.com\/shop\/"},{"@type":"ListItem","position":3,"name":"Wholesale Custom 4-layer Anime Square Weed Grinder"}]},{"@type":"WebSite","@id":"https:\/\/global-hookah.com\/#website","url":"https:\/\/global-hookah.com\/","name":"Globale Wasserpfeife","description":"Globale Wasserpfeife","publisher":{"@id":"https:\/\/global-hookah.com\/#organization"},"potentialAction":[{"@type":"SearchAction","target":{"@type":"EntryPoint","urlTemplate":"https:\/\/global-hookah.com\/?s={search_term_string}"},"query-input":{"@type":"PropertyValueSpecification","valueRequired":true,"valueName":"search_term_string"}}],"inLanguage":"de"},{"@type":"Organization","@id":"https:\/\/global-hookah.com\/#organization","name":"Globale Wasserpfeife","url":"https:\/\/global-hookah.com\/","logo":{"@type":"ImageObject","inLanguage":"de","@id":"https:\/\/global-hookah.com\/#\/schema\/logo\/image\/","url":"https:\/\/global-hookah.com\/wp-content\/uploads\/2021\/10\/cropped-fgg.png","contentUrl":"https:\/\/global-hookah.com\/wp-content\/uploads\/2021\/10\/cropped-fgg.png","width":512,"height":512,"caption":"Global Hookah"},"image":{"@id":"https:\/\/global-hookah.com\/#\/schema\/logo\/image\/"}}]}},"_links":{"self":[{"href":"https:\/\/global-hookah.com\/de\/wp-json\/wp\/v2\/product\/27786","targetHints":{"allow":["GET"]}}],"collection":[{"href":"https:\/\/global-hookah.com\/de\/wp-json\/wp\/v2\/product"}],"about":[{"href":"https:\/\/global-hookah.com\/de\/wp-json\/wp\/v2\/types\/product"}],"replies":[{"embeddable":true,"href":"https:\/\/global-hookah.com\/de\/wp-json\/wp\/v2\/comments?post=27786"}],"version-history":[{"count":0,"href":"https:\/\/global-hookah.com\/de\/wp-json\/wp\/v2\/product\/27786\/revisions"}],"wp:featuredmedia":[{"embeddable":true,"href":"https:\/\/global-hookah.com\/de\/wp-json\/wp\/v2\/media\/27785"}],"wp:attachment":[{"href":"https:\/\/global-hookah.com\/de\/wp-json\/wp\/v2\/media?parent=27786"}],"wp:term":[{"taxonomy":"product_brand","embeddable":true,"href":"https:\/\/global-hookah.com\/de\/wp-json\/wp\/v2\/product_brand?post=27786"},{"taxonomy":"product_cat","embeddable":true,"href":"https:\/\/global-hookah.com\/de\/wp-json\/wp\/v2\/product_cat?post=27786"},{"taxonomy":"product_tag","embeddable":true,"href":"https:\/\/global-hookah.com\/de\/wp-json\/wp\/v2\/product_tag?post=27786"}],"curies":[{"name":"wp","href":"https:\/\/api.w.org\/{rel}","templated":true}]}}