{"id":27820,"date":"2024-06-08T05:57:05","date_gmt":"2024-06-08T05:57:05","guid":{"rendered":"https:\/\/global-hookah.com\/product\/premium-metal-tobacco-grinder-with-pollen-catcher-non-slip-grooves-windowed-4-layer-barrel-design-manual-handheld-herb-crusher-durable-grinder-for-herbs-and-spices-no-electricity-needed\/"},"modified":"2024-06-26T06:45:27","modified_gmt":"2024-06-26T06:45:27","slug":"custom-wholesale-premium-metal-tobacco-grinder-with-pollen-catcher","status":"publish","type":"product","link":"https:\/\/global-hookah.com\/de\/produkt\/custom-wholesale-premium-metal-tobacco-grinder-with-pollen-catcher\/","title":{"rendered":"Benutzerdefinierte Gro\u00dfhandel Premium-Metall-Tabak-M\u00fchle mit Pollenf\u00e4nger"},"content":{"rendered":"<div>\n<p>Diese <strong>Metall-Tabakschleifer mit Pollenf\u00e4nger<\/strong> hat Aluminiumz\u00e4hne, die ein erstaunlich gleichm\u00e4\u00dfiges Mahlen erm\u00f6glichen, wobei die Trichome intakt bleiben und die \u00e4therischen \u00d6le erhalten bleiben.<\/p>\n<p>Eine weitere coole Sache ist, dass sie einen professionellen Pollenf\u00e4nger hat. Du kannst diese kostbaren, klebrigen, harzigen Trichome mit nur einer Drehung der Mahlkammer ernten. Verwenden Sie sie, um verschiedene Aromen oder Tabakmischungen zu genie\u00dfen - Sie werden keine Schwierigkeiten haben, Pollen zu sammeln, solange Sie dieses Ger\u00e4t haben.<strong> <a href=\"https:\/\/global-hookah.com\/product\/63mm-herb-grinder-smoke-cigarette-accessories-tobacco-miller-crusher-5-layer-dry-herb-spices-grass-metal-grinders-diamond-rudder\/\">Metall-Tabakschleifer<\/a> mit Pollenf\u00e4nger<\/strong>.<\/p>\n<p>Diese <strong>Unkrautschleifer Pollensammler<\/strong> funktioniert nicht nur gut, sondern verteidigt auch Marihuana. Der Neodym-Magnet auf dem <a href=\"https:\/\/global-hookah.com\/product\/1-8inch-magic-cube-marijuana-grinder-wholesale\/\">Mahlwerk h\u00e4lt das Aroma und die Frische des Marihuanas<\/a> und verhindert, dass das Marihuana trocken erscheint, zumindest bis man es \u00f6ffnet. Nimmt auch den Cannabisgeruch weg, so dass der Geschmack des Marihuanas st\u00e4rker ist<\/p>\n<p><img decoding=\"async\" src=\"https:\/\/img.kwcdn.com\/product\/fancy\/24753e2b-af34-49b1-89f5-6edcf3f7cf1a.jpg\" \/><\/p>\n<\/div>\n<div><img decoding=\"async\" src=\"https:\/\/img.kwcdn.com\/product\/fancy\/ea9add56-21c4-4025-8da6-bd45602d8951.jpg\" \/><\/div>\n<div><img decoding=\"async\" src=\"https:\/\/img.kwcdn.com\/product\/fancy\/8be4a75f-17a8-4103-b06e-0f9ff776f454.jpg\" \/><\/div>\n<div><img decoding=\"async\" src=\"https:\/\/img.kwcdn.com\/product\/fancy\/2cd854b0-b2c9-4d08-8c43-0aef5a6739f9.jpg\" \/><\/div>\n<div><img decoding=\"async\" src=\"https:\/\/img.kwcdn.com\/product\/fancy\/9cf35839-36bd-41e3-abc2-6c66abd25fe8.jpg\" \/><\/div>\n<div><img decoding=\"async\" src=\"https:\/\/img.kwcdn.com\/product\/fancyalgo\/toaster-api\/toaster-processor-image-cm2in\/d2abdbe2-0f6d-11ef-ba0d-0a580a660884.jpg\" \/><\/div>","protected":false},"excerpt":{"rendered":"<p>Dieser Metall-Tabakschleifer mit Pollenf\u00e4nger hat Aluminiumz\u00e4hne, die einen erstaunlich gleichm\u00e4\u00dfigen Schliff erzeugen und die Trichome intakt halten<\/p>","protected":false},"featured_media":27819,"comment_status":"open","ping_status":"closed","template":"","meta":{"iawp_total_views":3,"_joinchat":[]},"product_brand":[],"product_cat":[770,891],"product_tag":[],"class_list":{"0":"post-27820","1":"product","2":"type-product","3":"status-publish","4":"has-post-thumbnail","6":"product_cat-wholesale-grinder","7":"product_cat-wholesale-grinder-with-kief-catcher","9":"first","10":"instock","11":"shipping-taxable","12":"product-type-external"},"yoast_head":"<!-- This site is optimized with the Yoast SEO Premium plugin v24.7 (Yoast SEO v26.8) - https:\/\/yoast.com\/product\/yoast-seo-premium-wordpress\/ -->\n<title>Custom Wholesale Premium Metal Tobacco Grinder with Pollen Catcher - Global Hookah<\/title>\n<meta name=\"robots\" content=\"index, follow, max-snippet:-1, max-image-preview:large, max-video-preview:-1\" \/>\n<link rel=\"canonical\" href=\"https:\/\/global-hookah.com\/de\/produkt\/custom-wholesale-premium-metal-tobacco-grinder-with-pollen-catcher\/\" \/>\n<meta property=\"og:locale\" content=\"de_DE\" \/>\n<meta property=\"og:type\" content=\"article\" \/>\n<meta property=\"og:title\" content=\"Custom Wholesale Premium Metal Tobacco Grinder with Pollen Catcher\" \/>\n<meta property=\"og:description\" content=\"This Metal Tobacco Grinder with Pollen Catcher has aluminum teeth that produce an amazingly even grind, keeping the trichomes intact\" \/>\n<meta property=\"og:url\" content=\"https:\/\/global-hookah.com\/de\/produkt\/custom-wholesale-premium-metal-tobacco-grinder-with-pollen-catcher\/\" \/>\n<meta property=\"og:site_name\" content=\"Global Hookah\" \/>\n<meta property=\"article:modified_time\" content=\"2024-06-26T06:45:27+00:00\" \/>\n<meta property=\"og:image\" content=\"https:\/\/global-hookah.com\/wp-content\/uploads\/2024\/06\/24753e2b-af34-49b1-89f5-6edcf3f7cf1a.jpg\" \/>\n\t<meta property=\"og:image:width\" content=\"800\" \/>\n\t<meta property=\"og:image:height\" content=\"800\" \/>\n\t<meta property=\"og:image:type\" content=\"image\/jpeg\" \/>\n<meta name=\"twitter:card\" content=\"summary_large_image\" \/>\n<meta name=\"twitter:label1\" content=\"Gesch\u00e4tzte Lesezeit\" \/>\n\t<meta name=\"twitter:data1\" content=\"3\u00a0Minuten\" \/>\n<script type=\"application\/ld+json\" class=\"yoast-schema-graph\">{\"@context\":\"https:\/\/schema.org\",\"@graph\":[{\"@type\":\"WebPage\",\"@id\":\"https:\/\/global-hookah.com\/product\/custom-wholesale-premium-metal-tobacco-grinder-with-pollen-catcher\/\",\"url\":\"https:\/\/global-hookah.com\/product\/custom-wholesale-premium-metal-tobacco-grinder-with-pollen-catcher\/\",\"name\":\"Custom Wholesale Premium Metal Tobacco Grinder with Pollen Catcher - Global Hookah\",\"isPartOf\":{\"@id\":\"https:\/\/global-hookah.com\/#website\"},\"primaryImageOfPage\":{\"@id\":\"https:\/\/global-hookah.com\/product\/custom-wholesale-premium-metal-tobacco-grinder-with-pollen-catcher\/#primaryimage\"},\"image\":{\"@id\":\"https:\/\/global-hookah.com\/product\/custom-wholesale-premium-metal-tobacco-grinder-with-pollen-catcher\/#primaryimage\"},\"thumbnailUrl\":\"https:\/\/global-hookah.com\/wp-content\/uploads\/2024\/06\/24753e2b-af34-49b1-89f5-6edcf3f7cf1a.jpg\",\"datePublished\":\"2024-06-08T05:57:05+00:00\",\"dateModified\":\"2024-06-26T06:45:27+00:00\",\"breadcrumb\":{\"@id\":\"https:\/\/global-hookah.com\/product\/custom-wholesale-premium-metal-tobacco-grinder-with-pollen-catcher\/#breadcrumb\"},\"inLanguage\":\"de\",\"potentialAction\":[{\"@type\":\"ReadAction\",\"target\":[\"https:\/\/global-hookah.com\/product\/custom-wholesale-premium-metal-tobacco-grinder-with-pollen-catcher\/\"]}]},{\"@type\":\"ImageObject\",\"inLanguage\":\"de\",\"@id\":\"https:\/\/global-hookah.com\/product\/custom-wholesale-premium-metal-tobacco-grinder-with-pollen-catcher\/#primaryimage\",\"url\":\"https:\/\/global-hookah.com\/wp-content\/uploads\/2024\/06\/24753e2b-af34-49b1-89f5-6edcf3f7cf1a.jpg\",\"contentUrl\":\"https:\/\/global-hookah.com\/wp-content\/uploads\/2024\/06\/24753e2b-af34-49b1-89f5-6edcf3f7cf1a.jpg\",\"width\":800,\"height\":800,\"caption\":\"Custom Wholesale Premium Metal Tobacco Grinder with Pollen Catcher\"},{\"@type\":\"BreadcrumbList\",\"@id\":\"https:\/\/global-hookah.com\/product\/custom-wholesale-premium-metal-tobacco-grinder-with-pollen-catcher\/#breadcrumb\",\"itemListElement\":[{\"@type\":\"ListItem\",\"position\":1,\"name\":\"Home\",\"item\":\"https:\/\/global-hookah.com\/\"},{\"@type\":\"ListItem\",\"position\":2,\"name\":\"Shop\",\"item\":\"https:\/\/global-hookah.com\/shop\/\"},{\"@type\":\"ListItem\",\"position\":3,\"name\":\"Custom Wholesale Premium Metal Tobacco Grinder with Pollen Catcher\"}]},{\"@type\":\"WebSite\",\"@id\":\"https:\/\/global-hookah.com\/#website\",\"url\":\"https:\/\/global-hookah.com\/\",\"name\":\"Global Hookah\",\"description\":\"Global Hookah\",\"publisher\":{\"@id\":\"https:\/\/global-hookah.com\/#organization\"},\"potentialAction\":[{\"@type\":\"SearchAction\",\"target\":{\"@type\":\"EntryPoint\",\"urlTemplate\":\"https:\/\/global-hookah.com\/?s={search_term_string}\"},\"query-input\":{\"@type\":\"PropertyValueSpecification\",\"valueRequired\":true,\"valueName\":\"search_term_string\"}}],\"inLanguage\":\"de\"},{\"@type\":\"Organization\",\"@id\":\"https:\/\/global-hookah.com\/#organization\",\"name\":\"Global Hookah\",\"url\":\"https:\/\/global-hookah.com\/\",\"logo\":{\"@type\":\"ImageObject\",\"inLanguage\":\"de\",\"@id\":\"https:\/\/global-hookah.com\/#\/schema\/logo\/image\/\",\"url\":\"https:\/\/global-hookah.com\/wp-content\/uploads\/2021\/10\/cropped-fgg.png\",\"contentUrl\":\"https:\/\/global-hookah.com\/wp-content\/uploads\/2021\/10\/cropped-fgg.png\",\"width\":512,\"height\":512,\"caption\":\"Global Hookah\"},\"image\":{\"@id\":\"https:\/\/global-hookah.com\/#\/schema\/logo\/image\/\"}}]}<\/script>\n<!-- \/ Yoast SEO Premium plugin. -->","yoast_head_json":{"title":"Benutzerdefinierte Gro\u00dfhandel Premium-Metall-Tabak-M\u00fchle mit Pollenf\u00e4nger - Global Hookah","robots":{"index":"index","follow":"follow","max-snippet":"max-snippet:-1","max-image-preview":"max-image-preview:large","max-video-preview":"max-video-preview:-1"},"canonical":"https:\/\/global-hookah.com\/de\/produkt\/custom-wholesale-premium-metal-tobacco-grinder-with-pollen-catcher\/","og_locale":"de_DE","og_type":"article","og_title":"Custom Wholesale Premium Metal Tobacco Grinder with Pollen Catcher","og_description":"This Metal Tobacco Grinder with Pollen Catcher has aluminum teeth that produce an amazingly even grind, keeping the trichomes intact","og_url":"https:\/\/global-hookah.com\/de\/produkt\/custom-wholesale-premium-metal-tobacco-grinder-with-pollen-catcher\/","og_site_name":"Global Hookah","article_modified_time":"2024-06-26T06:45:27+00:00","og_image":[{"width":800,"height":800,"url":"https:\/\/global-hookah.com\/wp-content\/uploads\/2024\/06\/24753e2b-af34-49b1-89f5-6edcf3f7cf1a.jpg","type":"image\/jpeg"}],"twitter_card":"summary_large_image","twitter_misc":{"Gesch\u00e4tzte Lesezeit":"3\u00a0Minuten"},"schema":{"@context":"https:\/\/schema.org","@graph":[{"@type":"WebPage","@id":"https:\/\/global-hookah.com\/product\/custom-wholesale-premium-metal-tobacco-grinder-with-pollen-catcher\/","url":"https:\/\/global-hookah.com\/product\/custom-wholesale-premium-metal-tobacco-grinder-with-pollen-catcher\/","name":"Benutzerdefinierte Gro\u00dfhandel Premium-Metall-Tabak-M\u00fchle mit Pollenf\u00e4nger - Global Hookah","isPartOf":{"@id":"https:\/\/global-hookah.com\/#website"},"primaryImageOfPage":{"@id":"https:\/\/global-hookah.com\/product\/custom-wholesale-premium-metal-tobacco-grinder-with-pollen-catcher\/#primaryimage"},"image":{"@id":"https:\/\/global-hookah.com\/product\/custom-wholesale-premium-metal-tobacco-grinder-with-pollen-catcher\/#primaryimage"},"thumbnailUrl":"https:\/\/global-hookah.com\/wp-content\/uploads\/2024\/06\/24753e2b-af34-49b1-89f5-6edcf3f7cf1a.jpg","datePublished":"2024-06-08T05:57:05+00:00","dateModified":"2024-06-26T06:45:27+00:00","breadcrumb":{"@id":"https:\/\/global-hookah.com\/product\/custom-wholesale-premium-metal-tobacco-grinder-with-pollen-catcher\/#breadcrumb"},"inLanguage":"de","potentialAction":[{"@type":"ReadAction","target":["https:\/\/global-hookah.com\/product\/custom-wholesale-premium-metal-tobacco-grinder-with-pollen-catcher\/"]}]},{"@type":"ImageObject","inLanguage":"de","@id":"https:\/\/global-hookah.com\/product\/custom-wholesale-premium-metal-tobacco-grinder-with-pollen-catcher\/#primaryimage","url":"https:\/\/global-hookah.com\/wp-content\/uploads\/2024\/06\/24753e2b-af34-49b1-89f5-6edcf3f7cf1a.jpg","contentUrl":"https:\/\/global-hookah.com\/wp-content\/uploads\/2024\/06\/24753e2b-af34-49b1-89f5-6edcf3f7cf1a.jpg","width":800,"height":800,"caption":"Custom Wholesale Premium Metal Tobacco Grinder with Pollen Catcher"},{"@type":"BreadcrumbList","@id":"https:\/\/global-hookah.com\/product\/custom-wholesale-premium-metal-tobacco-grinder-with-pollen-catcher\/#breadcrumb","itemListElement":[{"@type":"ListItem","position":1,"name":"Home","item":"https:\/\/global-hookah.com\/"},{"@type":"ListItem","position":2,"name":"Shop","item":"https:\/\/global-hookah.com\/shop\/"},{"@type":"ListItem","position":3,"name":"Custom Wholesale Premium Metal Tobacco Grinder with Pollen Catcher"}]},{"@type":"WebSite","@id":"https:\/\/global-hookah.com\/#website","url":"https:\/\/global-hookah.com\/","name":"Globale Wasserpfeife","description":"Globale Wasserpfeife","publisher":{"@id":"https:\/\/global-hookah.com\/#organization"},"potentialAction":[{"@type":"SearchAction","target":{"@type":"EntryPoint","urlTemplate":"https:\/\/global-hookah.com\/?s={search_term_string}"},"query-input":{"@type":"PropertyValueSpecification","valueRequired":true,"valueName":"search_term_string"}}],"inLanguage":"de"},{"@type":"Organization","@id":"https:\/\/global-hookah.com\/#organization","name":"Globale Wasserpfeife","url":"https:\/\/global-hookah.com\/","logo":{"@type":"ImageObject","inLanguage":"de","@id":"https:\/\/global-hookah.com\/#\/schema\/logo\/image\/","url":"https:\/\/global-hookah.com\/wp-content\/uploads\/2021\/10\/cropped-fgg.png","contentUrl":"https:\/\/global-hookah.com\/wp-content\/uploads\/2021\/10\/cropped-fgg.png","width":512,"height":512,"caption":"Global Hookah"},"image":{"@id":"https:\/\/global-hookah.com\/#\/schema\/logo\/image\/"}}]}},"_links":{"self":[{"href":"https:\/\/global-hookah.com\/de\/wp-json\/wp\/v2\/product\/27820","targetHints":{"allow":["GET"]}}],"collection":[{"href":"https:\/\/global-hookah.com\/de\/wp-json\/wp\/v2\/product"}],"about":[{"href":"https:\/\/global-hookah.com\/de\/wp-json\/wp\/v2\/types\/product"}],"replies":[{"embeddable":true,"href":"https:\/\/global-hookah.com\/de\/wp-json\/wp\/v2\/comments?post=27820"}],"version-history":[{"count":0,"href":"https:\/\/global-hookah.com\/de\/wp-json\/wp\/v2\/product\/27820\/revisions"}],"wp:featuredmedia":[{"embeddable":true,"href":"https:\/\/global-hookah.com\/de\/wp-json\/wp\/v2\/media\/27819"}],"wp:attachment":[{"href":"https:\/\/global-hookah.com\/de\/wp-json\/wp\/v2\/media?parent=27820"}],"wp:term":[{"taxonomy":"product_brand","embeddable":true,"href":"https:\/\/global-hookah.com\/de\/wp-json\/wp\/v2\/product_brand?post=27820"},{"taxonomy":"product_cat","embeddable":true,"href":"https:\/\/global-hookah.com\/de\/wp-json\/wp\/v2\/product_cat?post=27820"},{"taxonomy":"product_tag","embeddable":true,"href":"https:\/\/global-hookah.com\/de\/wp-json\/wp\/v2\/product_tag?post=27820"}],"curies":[{"name":"wp","href":"https:\/\/api.w.org\/{rel}","templated":true}]}}