{"id":27838,"date":"2024-06-08T05:58:36","date_gmt":"2024-06-08T05:58:36","guid":{"rendered":"https:\/\/global-hookah.com\/product\/spice-grinder-2-inch-grinder-for-tobacco-herb-4-piece-crusher-aluminum-grinder-blue\/"},"modified":"2024-06-26T06:21:02","modified_gmt":"2024-06-26T06:21:02","slug":"bulk-wholesale-2-inch-blue-herb-grinder","status":"publish","type":"product","link":"https:\/\/global-hookah.com\/de\/produkt\/bulk-wholesale-2-inch-blue-herb-grinder\/","title":{"rendered":"Bulk Gro\u00dfhandel 2 Zoll blau Kr\u00e4uterm\u00fchle"},"content":{"rendered":"<div>\n<p>Sind Sie das langweilige Mahlen von Kr\u00e4utern von Hand leid? Kaufen Sie die<strong> 2-Zoll-Blaukr\u00e4uter-Grinde<\/strong>r! Die Flower Mill 4-teilige Kr\u00e4uterm\u00fchle hat das Mahlen von Kr\u00e4utern auf ein neues Niveau gebracht, indem sie stilvolles Design und die neueste Technologie integriert hat, was sie zu einer der besten M\u00fchlen auf dem heutigen Markt macht.<\/p>\n<p>Die <strong>4 St\u00fcck Blaue Kr\u00e4uterm\u00fchle<\/strong> unterscheidet sich von herk\u00f6mmlichen Grindern durch ein au\u00dfergew\u00f6hnliches Mahlwerk, das Ihre Kr\u00e4uter sanft zerkleinert, ohne sie \u00fcberm\u00e4\u00dfig zu besch\u00e4digen. Das bedeutet, dass Sie nach dem Zerkleinern Ihrer Kr\u00e4uter eine zarte, weiche Textur zur\u00fcckbehalten, die Ihnen ein wirklich erstaunliches Nutzungserlebnis bietet.<\/p>\n<p>Der Hersteller hat diese<strong> Blaue Kr\u00e4uterm\u00fchle, 4-teilig<\/strong> aus hochwertigem 6061er Aluminium, das f\u00fcr ein besseres Aussehen mit einer Eloxalschicht versehen ist. Die Aufregung h\u00f6rt dort nicht auf, da die K\u00e4ufer k\u00f6nnen uns kontaktieren, um ihre anpassen <a href=\"https:\/\/global-hookah.com\/product-category\/wholesale-grinders\/\">Kr\u00e4uterm\u00fchlen <\/a>Farbschema mit Hilfe unseres \"Farbvorschau-Tools\" auf unserer Website, so dass sie etwas ganz Pers\u00f6nliches haben k\u00f6nnen.<\/p>\n<p>Der Charme des <strong>Kr\u00e4uterm\u00fchle 4-teilig<\/strong> liegt nicht nur in seinem Aussehen. Das Innere dieses <strong>Kr\u00e4uterm\u00fchle mit Kiefauffangbeh\u00e4lter<\/strong> ist mit einigen sehr High-Tech-Magneten ausgestattet, die Ihre Kr\u00e4uter vor dem Austrocknen bewahren, w\u00e4hrend sie gelagert werden. Dieser Grinder verwendet Neodym diametral magnetisierte zylindrische Seltene Erden-Magnete mit Nickel-Kupfer-Nickel-Dreifachbeschichtung.\" Diese Magnete sind sowohl stark und langlebig als auch korrosionsbest\u00e4ndig.<\/p>\n<p>Die hervorragende Verarbeitung und der starke Magnetismus des <strong>Kr\u00e4uterm\u00fchle mit dem Kief-F\u00e4nger<\/strong> erg\u00e4nzen sich gegenseitig und erbringen eine bemerkenswerte Leistung. Es verhindert nicht nur das Austrocknen des Krauts, sondern verringert auch etwas die Geruchsentwicklung. F\u00fcr mich, einen erfahrenen Grasraucher, w\u00fcrde ich das gro\u00dfe 4-teilige Modell empfehlen, weil ich manchmal gerne etwas Kief auf meine Bowls streue.<\/p>\n<p><img decoding=\"async\" src=\"https:\/\/img.kwcdn.com\/product\/fancy\/74d5e575-340a-4a52-8181-1cea40d14b71.jpg\" \/><\/div>\n<div><img decoding=\"async\" src=\"https:\/\/img.kwcdn.com\/product\/fancy\/5a4eee5d-064e-4d88-9ead-21168d0dafe1.jpg\" \/><\/div>\n<div><img decoding=\"async\" src=\"https:\/\/img.kwcdn.com\/product\/fancy\/68344042-3ea4-4ec1-adab-ab32d5d5a78e.jpg\" \/><\/div>\n<div><img decoding=\"async\" src=\"https:\/\/img.kwcdn.com\/product\/fancy\/3e0ecb1e-00ce-44f1-b542-ca076e32ace3.jpg\" \/><\/div>\n<div><img decoding=\"async\" src=\"https:\/\/img.kwcdn.com\/product\/fancy\/b17ec971-97b6-495c-a072-d1dd87631c48.jpg\" \/><\/div>\n<div><img decoding=\"async\" src=\"https:\/\/img.kwcdn.com\/product\/fancy\/50a624de-863e-4935-9c8c-eb9cdad6651d.jpg\" \/><\/div>","protected":false},"excerpt":{"rendered":"<p>Sind Sie das langweilige manuelle Mahlen von Kr\u00e4utern leid? Kaufen Sie die blaue 2-Zoll-Kr\u00e4uterm\u00fchle! Die Blumenm\u00fchle<\/p>","protected":false},"featured_media":27837,"comment_status":"open","ping_status":"closed","template":"","meta":{"iawp_total_views":3,"_joinchat":[]},"product_brand":[],"product_cat":[415,909],"product_tag":[],"class_list":{"0":"post-27838","1":"product","2":"type-product","3":"status-publish","4":"has-post-thumbnail","6":"product_cat-accessories","7":"product_cat-portable-weed-grinder-wholesale","9":"first","10":"instock","11":"shipping-taxable","12":"product-type-external"},"yoast_head":"<!-- This site is optimized with the Yoast SEO Premium plugin v24.7 (Yoast SEO v26.8) - https:\/\/yoast.com\/product\/yoast-seo-premium-wordpress\/ -->\n<title>Bulk Wholesale 2 Inch Blue Herb Grinder - Global Hookah<\/title>\n<meta name=\"robots\" content=\"index, follow, max-snippet:-1, max-image-preview:large, max-video-preview:-1\" \/>\n<link rel=\"canonical\" href=\"https:\/\/global-hookah.com\/de\/produkt\/bulk-wholesale-2-inch-blue-herb-grinder\/\" \/>\n<meta property=\"og:locale\" content=\"de_DE\" \/>\n<meta property=\"og:type\" content=\"article\" \/>\n<meta property=\"og:title\" content=\"Bulk Wholesale 2 Inch Blue Herb Grinder\" \/>\n<meta property=\"og:description\" content=\"Do you get weary of the boring manual grinding of herbs? Buy the 2-inch Blue Herb Grinder! The Flower Mill\" \/>\n<meta property=\"og:url\" content=\"https:\/\/global-hookah.com\/de\/produkt\/bulk-wholesale-2-inch-blue-herb-grinder\/\" \/>\n<meta property=\"og:site_name\" content=\"Global Hookah\" \/>\n<meta property=\"article:modified_time\" content=\"2024-06-26T06:21:02+00:00\" \/>\n<meta property=\"og:image\" content=\"https:\/\/global-hookah.com\/wp-content\/uploads\/2024\/06\/74d5e575-340a-4a52-8181-1cea40d14b71.jpg\" \/>\n\t<meta property=\"og:image:width\" content=\"1600\" \/>\n\t<meta property=\"og:image:height\" content=\"1600\" \/>\n\t<meta property=\"og:image:type\" content=\"image\/jpeg\" \/>\n<meta name=\"twitter:card\" content=\"summary_large_image\" \/>\n<meta name=\"twitter:label1\" content=\"Gesch\u00e4tzte Lesezeit\" \/>\n\t<meta name=\"twitter:data1\" content=\"4\u00a0Minuten\" \/>\n<script type=\"application\/ld+json\" class=\"yoast-schema-graph\">{\"@context\":\"https:\/\/schema.org\",\"@graph\":[{\"@type\":\"WebPage\",\"@id\":\"https:\/\/global-hookah.com\/product\/bulk-wholesale-2-inch-blue-herb-grinder\/\",\"url\":\"https:\/\/global-hookah.com\/product\/bulk-wholesale-2-inch-blue-herb-grinder\/\",\"name\":\"Bulk Wholesale 2 Inch Blue Herb Grinder - Global Hookah\",\"isPartOf\":{\"@id\":\"https:\/\/global-hookah.com\/#website\"},\"primaryImageOfPage\":{\"@id\":\"https:\/\/global-hookah.com\/product\/bulk-wholesale-2-inch-blue-herb-grinder\/#primaryimage\"},\"image\":{\"@id\":\"https:\/\/global-hookah.com\/product\/bulk-wholesale-2-inch-blue-herb-grinder\/#primaryimage\"},\"thumbnailUrl\":\"https:\/\/global-hookah.com\/wp-content\/uploads\/2024\/06\/74d5e575-340a-4a52-8181-1cea40d14b71.jpg\",\"datePublished\":\"2024-06-08T05:58:36+00:00\",\"dateModified\":\"2024-06-26T06:21:02+00:00\",\"breadcrumb\":{\"@id\":\"https:\/\/global-hookah.com\/product\/bulk-wholesale-2-inch-blue-herb-grinder\/#breadcrumb\"},\"inLanguage\":\"de\",\"potentialAction\":[{\"@type\":\"ReadAction\",\"target\":[\"https:\/\/global-hookah.com\/product\/bulk-wholesale-2-inch-blue-herb-grinder\/\"]}]},{\"@type\":\"ImageObject\",\"inLanguage\":\"de\",\"@id\":\"https:\/\/global-hookah.com\/product\/bulk-wholesale-2-inch-blue-herb-grinder\/#primaryimage\",\"url\":\"https:\/\/global-hookah.com\/wp-content\/uploads\/2024\/06\/74d5e575-340a-4a52-8181-1cea40d14b71.jpg\",\"contentUrl\":\"https:\/\/global-hookah.com\/wp-content\/uploads\/2024\/06\/74d5e575-340a-4a52-8181-1cea40d14b71.jpg\",\"width\":1600,\"height\":1600,\"caption\":\"Bulk Wholesale 2 Inch Blue Herb Grinder\"},{\"@type\":\"BreadcrumbList\",\"@id\":\"https:\/\/global-hookah.com\/product\/bulk-wholesale-2-inch-blue-herb-grinder\/#breadcrumb\",\"itemListElement\":[{\"@type\":\"ListItem\",\"position\":1,\"name\":\"Home\",\"item\":\"https:\/\/global-hookah.com\/\"},{\"@type\":\"ListItem\",\"position\":2,\"name\":\"Shop\",\"item\":\"https:\/\/global-hookah.com\/shop\/\"},{\"@type\":\"ListItem\",\"position\":3,\"name\":\"Bulk Wholesale 2 Inch Blue Herb Grinder\"}]},{\"@type\":\"WebSite\",\"@id\":\"https:\/\/global-hookah.com\/#website\",\"url\":\"https:\/\/global-hookah.com\/\",\"name\":\"Global Hookah\",\"description\":\"Global Hookah\",\"publisher\":{\"@id\":\"https:\/\/global-hookah.com\/#organization\"},\"potentialAction\":[{\"@type\":\"SearchAction\",\"target\":{\"@type\":\"EntryPoint\",\"urlTemplate\":\"https:\/\/global-hookah.com\/?s={search_term_string}\"},\"query-input\":{\"@type\":\"PropertyValueSpecification\",\"valueRequired\":true,\"valueName\":\"search_term_string\"}}],\"inLanguage\":\"de\"},{\"@type\":\"Organization\",\"@id\":\"https:\/\/global-hookah.com\/#organization\",\"name\":\"Global Hookah\",\"url\":\"https:\/\/global-hookah.com\/\",\"logo\":{\"@type\":\"ImageObject\",\"inLanguage\":\"de\",\"@id\":\"https:\/\/global-hookah.com\/#\/schema\/logo\/image\/\",\"url\":\"https:\/\/global-hookah.com\/wp-content\/uploads\/2021\/10\/cropped-fgg.png\",\"contentUrl\":\"https:\/\/global-hookah.com\/wp-content\/uploads\/2021\/10\/cropped-fgg.png\",\"width\":512,\"height\":512,\"caption\":\"Global Hookah\"},\"image\":{\"@id\":\"https:\/\/global-hookah.com\/#\/schema\/logo\/image\/\"}}]}<\/script>\n<!-- \/ Yoast SEO Premium plugin. -->","yoast_head_json":{"title":"Bulk Gro\u00dfhandel 2 Zoll blau Herb Grinder - Global Hookah","robots":{"index":"index","follow":"follow","max-snippet":"max-snippet:-1","max-image-preview":"max-image-preview:large","max-video-preview":"max-video-preview:-1"},"canonical":"https:\/\/global-hookah.com\/de\/produkt\/bulk-wholesale-2-inch-blue-herb-grinder\/","og_locale":"de_DE","og_type":"article","og_title":"Bulk Wholesale 2 Inch Blue Herb Grinder","og_description":"Do you get weary of the boring manual grinding of herbs? Buy the 2-inch Blue Herb Grinder! The Flower Mill","og_url":"https:\/\/global-hookah.com\/de\/produkt\/bulk-wholesale-2-inch-blue-herb-grinder\/","og_site_name":"Global Hookah","article_modified_time":"2024-06-26T06:21:02+00:00","og_image":[{"width":1600,"height":1600,"url":"https:\/\/global-hookah.com\/wp-content\/uploads\/2024\/06\/74d5e575-340a-4a52-8181-1cea40d14b71.jpg","type":"image\/jpeg"}],"twitter_card":"summary_large_image","twitter_misc":{"Gesch\u00e4tzte Lesezeit":"4\u00a0Minuten"},"schema":{"@context":"https:\/\/schema.org","@graph":[{"@type":"WebPage","@id":"https:\/\/global-hookah.com\/product\/bulk-wholesale-2-inch-blue-herb-grinder\/","url":"https:\/\/global-hookah.com\/product\/bulk-wholesale-2-inch-blue-herb-grinder\/","name":"Bulk Gro\u00dfhandel 2 Zoll blau Herb Grinder - Global Hookah","isPartOf":{"@id":"https:\/\/global-hookah.com\/#website"},"primaryImageOfPage":{"@id":"https:\/\/global-hookah.com\/product\/bulk-wholesale-2-inch-blue-herb-grinder\/#primaryimage"},"image":{"@id":"https:\/\/global-hookah.com\/product\/bulk-wholesale-2-inch-blue-herb-grinder\/#primaryimage"},"thumbnailUrl":"https:\/\/global-hookah.com\/wp-content\/uploads\/2024\/06\/74d5e575-340a-4a52-8181-1cea40d14b71.jpg","datePublished":"2024-06-08T05:58:36+00:00","dateModified":"2024-06-26T06:21:02+00:00","breadcrumb":{"@id":"https:\/\/global-hookah.com\/product\/bulk-wholesale-2-inch-blue-herb-grinder\/#breadcrumb"},"inLanguage":"de","potentialAction":[{"@type":"ReadAction","target":["https:\/\/global-hookah.com\/product\/bulk-wholesale-2-inch-blue-herb-grinder\/"]}]},{"@type":"ImageObject","inLanguage":"de","@id":"https:\/\/global-hookah.com\/product\/bulk-wholesale-2-inch-blue-herb-grinder\/#primaryimage","url":"https:\/\/global-hookah.com\/wp-content\/uploads\/2024\/06\/74d5e575-340a-4a52-8181-1cea40d14b71.jpg","contentUrl":"https:\/\/global-hookah.com\/wp-content\/uploads\/2024\/06\/74d5e575-340a-4a52-8181-1cea40d14b71.jpg","width":1600,"height":1600,"caption":"Bulk Wholesale 2 Inch Blue Herb Grinder"},{"@type":"BreadcrumbList","@id":"https:\/\/global-hookah.com\/product\/bulk-wholesale-2-inch-blue-herb-grinder\/#breadcrumb","itemListElement":[{"@type":"ListItem","position":1,"name":"Home","item":"https:\/\/global-hookah.com\/"},{"@type":"ListItem","position":2,"name":"Shop","item":"https:\/\/global-hookah.com\/shop\/"},{"@type":"ListItem","position":3,"name":"Bulk Wholesale 2 Inch Blue Herb Grinder"}]},{"@type":"WebSite","@id":"https:\/\/global-hookah.com\/#website","url":"https:\/\/global-hookah.com\/","name":"Globale Wasserpfeife","description":"Globale Wasserpfeife","publisher":{"@id":"https:\/\/global-hookah.com\/#organization"},"potentialAction":[{"@type":"SearchAction","target":{"@type":"EntryPoint","urlTemplate":"https:\/\/global-hookah.com\/?s={search_term_string}"},"query-input":{"@type":"PropertyValueSpecification","valueRequired":true,"valueName":"search_term_string"}}],"inLanguage":"de"},{"@type":"Organization","@id":"https:\/\/global-hookah.com\/#organization","name":"Globale Wasserpfeife","url":"https:\/\/global-hookah.com\/","logo":{"@type":"ImageObject","inLanguage":"de","@id":"https:\/\/global-hookah.com\/#\/schema\/logo\/image\/","url":"https:\/\/global-hookah.com\/wp-content\/uploads\/2021\/10\/cropped-fgg.png","contentUrl":"https:\/\/global-hookah.com\/wp-content\/uploads\/2021\/10\/cropped-fgg.png","width":512,"height":512,"caption":"Global Hookah"},"image":{"@id":"https:\/\/global-hookah.com\/#\/schema\/logo\/image\/"}}]}},"_links":{"self":[{"href":"https:\/\/global-hookah.com\/de\/wp-json\/wp\/v2\/product\/27838","targetHints":{"allow":["GET"]}}],"collection":[{"href":"https:\/\/global-hookah.com\/de\/wp-json\/wp\/v2\/product"}],"about":[{"href":"https:\/\/global-hookah.com\/de\/wp-json\/wp\/v2\/types\/product"}],"replies":[{"embeddable":true,"href":"https:\/\/global-hookah.com\/de\/wp-json\/wp\/v2\/comments?post=27838"}],"version-history":[{"count":0,"href":"https:\/\/global-hookah.com\/de\/wp-json\/wp\/v2\/product\/27838\/revisions"}],"wp:featuredmedia":[{"embeddable":true,"href":"https:\/\/global-hookah.com\/de\/wp-json\/wp\/v2\/media\/27837"}],"wp:attachment":[{"href":"https:\/\/global-hookah.com\/de\/wp-json\/wp\/v2\/media?parent=27838"}],"wp:term":[{"taxonomy":"product_brand","embeddable":true,"href":"https:\/\/global-hookah.com\/de\/wp-json\/wp\/v2\/product_brand?post=27838"},{"taxonomy":"product_cat","embeddable":true,"href":"https:\/\/global-hookah.com\/de\/wp-json\/wp\/v2\/product_cat?post=27838"},{"taxonomy":"product_tag","embeddable":true,"href":"https:\/\/global-hookah.com\/de\/wp-json\/wp\/v2\/product_tag?post=27838"}],"curies":[{"name":"wp","href":"https:\/\/api.w.org\/{rel}","templated":true}]}}