{"id":27902,"date":"2024-06-08T06:03:58","date_gmt":"2024-06-08T06:03:58","guid":{"rendered":"https:\/\/global-hookah.com\/product\/1pc-4-layers-50mm-zinc-alloy-grinder-pepper-mill-metal-grinder-spice-grinder-grinding-machine-herb-grinder-tobacco-grinder-spice-crusher-kitchen-supplies-chrismas-gifts-halloween-gifts-hal\/"},"modified":"2024-06-13T11:32:55","modified_gmt":"2024-06-13T11:32:55","slug":"4-layers-50mm-zinc-alloy-bud-grinder-wholesale","status":"publish","type":"product","link":"https:\/\/global-hookah.com\/de\/produkt\/4-layers-50mm-zinc-alloy-bud-grinder-wholesale\/","title":{"rendered":"4 Schichten 50MM Zinklegierung Knospenschleifer Gro\u00dfhandel"},"content":{"rendered":"<div>\n<p>Unser <strong>50MM Zinklegierung Knospenschleifer<\/strong> ist aus einer hochwertigen Zinklegierung gefertigt, die fachm\u00e4nnisch CNC-gefr\u00e4st wurde, um eine glatte Oberfl\u00e4che zu gew\u00e4hrleisten. Dies verleiht ihm nicht nur ein elegantes Aussehen, sondern sorgt auch f\u00fcr Konsistenz beim Schleifen.<\/p>\n<p>Au\u00dferdem ist die <strong>Knospenschleifer aus Zinklegierung<\/strong> enth\u00e4lt 4 Siebschichten mit unterschiedlichen Maschenweiten und ist f\u00fcr eine mehrstufige Absiebung gedacht, die feinere, fluffigere Mahlg\u00fcter liefert. Die erste <a href=\"https:\/\/global-hookah.com\/product\/big-size-4-layers-aluminum-alloy-weed-crusher-wholesale\/\">Schicht tr\u00e4gt dickere L\u00f6cher f\u00fcr den Grobschliff, w\u00e4hrend die zweite und dritte Schicht L\u00f6cher mit abnehmender Gr\u00f6\u00dfe aufweisen<\/a> um feines Mahlgut zu erzeugen. Die vierte Schicht hat noch viel kleinere L\u00f6cher, die superfeines Pulver sieben.<\/p>\n<p>Schlie\u00dflich ist unser<strong> <a href=\"https:\/\/global-hookah.com\/product\/rotary-gyro-design-zinc-alloy-hemp-grinder-wholesale\/\">Knospenschleifer aus Zinklegierung<\/strong> hat ein leicht zu tragendes Deckeldesign<\/a>. Aus diesem Grund k\u00f6nnen Sie ihn nach dem Gebrauch mit einem Deckel verschlie\u00dfen, damit Sie ihn leicht bewegen k\u00f6nnen und kein Material versehentlich versch\u00fcttet wird. Au\u00dferdem verf\u00fcgt der Sockel \u00fcber starke Magnete, die w\u00e4hrend des Betriebs fest auf metallischen Oberfl\u00e4chen halten.<\/p>\n<p><img decoding=\"async\" src=\"https:\/\/img.kwcdn.com\/product\/Fancyalgo\/VirtualModelMatting\/030459f48e08a9ddb576183cc24b25e7.jpg\" \/><\/p>\n<\/div>\n<div><img decoding=\"async\" src=\"https:\/\/img.kwcdn.com\/product\/Fancyalgo\/VirtualModelMatting\/de82d66bf8817d7f7d4295301af3926c.jpg\" \/><\/div>\n<div><img decoding=\"async\" src=\"https:\/\/img.kwcdn.com\/product\/Fancyalgo\/VirtualModelMatting\/af3cb3315bf91c9a83b0a74587cd7aab.jpg\" \/><\/div>\n<div><img decoding=\"async\" src=\"https:\/\/img.kwcdn.com\/product\/Fancyalgo\/VirtualModelMatting\/57da96296b5daca7aea0c3ace800a64b.jpg\" \/><\/div>\n<div><img decoding=\"async\" src=\"https:\/\/img.kwcdn.com\/product\/Fancyalgo\/VirtualModelMatting\/24e5ea19b8669af31181b94a5bf19ca2.jpg\" \/><\/div>\n<div><img decoding=\"async\" src=\"https:\/\/img.kwcdn.com\/product\/Fancyalgo\/VirtualModelMatting\/cc1cfee5c98362d4bec7a163c7bc1db1.jpg\" \/><\/div>\n<div><img decoding=\"async\" src=\"https:\/\/img.kwcdn.com\/product\/Fancyalgo\/VirtualModelMatting\/6348f20add3d2ec2d1b335ef99d0eaf1.jpg\" \/><\/div>","protected":false},"excerpt":{"rendered":"<p>Unser 50MM Zinklegierungsknospenschleifer ist aus einer hochwertigen Zinklegierung hergestellt, die fachm\u00e4nnisch CNC-gefr\u00e4st wurde, um sicherzustellen, dass<\/p>","protected":false},"featured_media":27901,"comment_status":"open","ping_status":"closed","template":"","meta":{"iawp_total_views":6,"_joinchat":[]},"product_brand":[],"product_cat":[894,770],"product_tag":[],"class_list":{"0":"post-27902","1":"product","2":"type-product","3":"status-publish","4":"has-post-thumbnail","6":"product_cat-4-piece-grinder-wholesale","7":"product_cat-wholesale-grinder","9":"first","10":"instock","11":"shipping-taxable","12":"product-type-external"},"yoast_head":"<!-- This site is optimized with the Yoast SEO Premium plugin v24.7 (Yoast SEO v26.8) - https:\/\/yoast.com\/product\/yoast-seo-premium-wordpress\/ -->\n<title>4 Layers 50MM Zinc Alloy Bud Grinder Wholesale - Global Hookah<\/title>\n<meta name=\"robots\" content=\"index, follow, max-snippet:-1, max-image-preview:large, max-video-preview:-1\" \/>\n<link rel=\"canonical\" href=\"https:\/\/global-hookah.com\/de\/produkt\/4-layers-50mm-zinc-alloy-bud-grinder-wholesale\/\" \/>\n<meta property=\"og:locale\" content=\"de_DE\" \/>\n<meta property=\"og:type\" content=\"article\" \/>\n<meta property=\"og:title\" content=\"4 Layers 50MM Zinc Alloy Bud Grinder Wholesale\" \/>\n<meta property=\"og:description\" content=\"Our 50MM Zinc Alloy Bud Grinder is made of high-quality zinc alloy, which has been expertly CNC machined to ensure\" \/>\n<meta property=\"og:url\" content=\"https:\/\/global-hookah.com\/de\/produkt\/4-layers-50mm-zinc-alloy-bud-grinder-wholesale\/\" \/>\n<meta property=\"og:site_name\" content=\"Global Hookah\" \/>\n<meta property=\"article:modified_time\" content=\"2024-06-13T11:32:55+00:00\" \/>\n<meta property=\"og:image\" content=\"https:\/\/global-hookah.com\/wp-content\/uploads\/2024\/06\/030459f48e08a9ddb576183cc24b25e7.jpg\" \/>\n\t<meta property=\"og:image:width\" content=\"900\" \/>\n\t<meta property=\"og:image:height\" content=\"900\" \/>\n\t<meta property=\"og:image:type\" content=\"image\/jpeg\" \/>\n<meta name=\"twitter:card\" content=\"summary_large_image\" \/>\n<meta name=\"twitter:label1\" content=\"Gesch\u00e4tzte Lesezeit\" \/>\n\t<meta name=\"twitter:data1\" content=\"3\u00a0Minuten\" \/>\n<script type=\"application\/ld+json\" class=\"yoast-schema-graph\">{\"@context\":\"https:\/\/schema.org\",\"@graph\":[{\"@type\":\"WebPage\",\"@id\":\"https:\/\/global-hookah.com\/product\/4-layers-50mm-zinc-alloy-bud-grinder-wholesale\/\",\"url\":\"https:\/\/global-hookah.com\/product\/4-layers-50mm-zinc-alloy-bud-grinder-wholesale\/\",\"name\":\"4 Layers 50MM Zinc Alloy Bud Grinder Wholesale - Global Hookah\",\"isPartOf\":{\"@id\":\"https:\/\/global-hookah.com\/#website\"},\"primaryImageOfPage\":{\"@id\":\"https:\/\/global-hookah.com\/product\/4-layers-50mm-zinc-alloy-bud-grinder-wholesale\/#primaryimage\"},\"image\":{\"@id\":\"https:\/\/global-hookah.com\/product\/4-layers-50mm-zinc-alloy-bud-grinder-wholesale\/#primaryimage\"},\"thumbnailUrl\":\"https:\/\/global-hookah.com\/wp-content\/uploads\/2024\/06\/030459f48e08a9ddb576183cc24b25e7.jpg\",\"datePublished\":\"2024-06-08T06:03:58+00:00\",\"dateModified\":\"2024-06-13T11:32:55+00:00\",\"breadcrumb\":{\"@id\":\"https:\/\/global-hookah.com\/product\/4-layers-50mm-zinc-alloy-bud-grinder-wholesale\/#breadcrumb\"},\"inLanguage\":\"de\",\"potentialAction\":[{\"@type\":\"ReadAction\",\"target\":[\"https:\/\/global-hookah.com\/product\/4-layers-50mm-zinc-alloy-bud-grinder-wholesale\/\"]}]},{\"@type\":\"ImageObject\",\"inLanguage\":\"de\",\"@id\":\"https:\/\/global-hookah.com\/product\/4-layers-50mm-zinc-alloy-bud-grinder-wholesale\/#primaryimage\",\"url\":\"https:\/\/global-hookah.com\/wp-content\/uploads\/2024\/06\/030459f48e08a9ddb576183cc24b25e7.jpg\",\"contentUrl\":\"https:\/\/global-hookah.com\/wp-content\/uploads\/2024\/06\/030459f48e08a9ddb576183cc24b25e7.jpg\",\"width\":900,\"height\":900,\"caption\":\"4 Layers 50MM Zinc Alloy Bud Grinder Wholesale\"},{\"@type\":\"BreadcrumbList\",\"@id\":\"https:\/\/global-hookah.com\/product\/4-layers-50mm-zinc-alloy-bud-grinder-wholesale\/#breadcrumb\",\"itemListElement\":[{\"@type\":\"ListItem\",\"position\":1,\"name\":\"Home\",\"item\":\"https:\/\/global-hookah.com\/\"},{\"@type\":\"ListItem\",\"position\":2,\"name\":\"Shop\",\"item\":\"https:\/\/global-hookah.com\/shop\/\"},{\"@type\":\"ListItem\",\"position\":3,\"name\":\"4 Layers 50MM Zinc Alloy Bud Grinder Wholesale\"}]},{\"@type\":\"WebSite\",\"@id\":\"https:\/\/global-hookah.com\/#website\",\"url\":\"https:\/\/global-hookah.com\/\",\"name\":\"Global Hookah\",\"description\":\"Global Hookah\",\"publisher\":{\"@id\":\"https:\/\/global-hookah.com\/#organization\"},\"potentialAction\":[{\"@type\":\"SearchAction\",\"target\":{\"@type\":\"EntryPoint\",\"urlTemplate\":\"https:\/\/global-hookah.com\/?s={search_term_string}\"},\"query-input\":{\"@type\":\"PropertyValueSpecification\",\"valueRequired\":true,\"valueName\":\"search_term_string\"}}],\"inLanguage\":\"de\"},{\"@type\":\"Organization\",\"@id\":\"https:\/\/global-hookah.com\/#organization\",\"name\":\"Global Hookah\",\"url\":\"https:\/\/global-hookah.com\/\",\"logo\":{\"@type\":\"ImageObject\",\"inLanguage\":\"de\",\"@id\":\"https:\/\/global-hookah.com\/#\/schema\/logo\/image\/\",\"url\":\"https:\/\/global-hookah.com\/wp-content\/uploads\/2021\/10\/cropped-fgg.png\",\"contentUrl\":\"https:\/\/global-hookah.com\/wp-content\/uploads\/2021\/10\/cropped-fgg.png\",\"width\":512,\"height\":512,\"caption\":\"Global Hookah\"},\"image\":{\"@id\":\"https:\/\/global-hookah.com\/#\/schema\/logo\/image\/\"}}]}<\/script>\n<!-- \/ Yoast SEO Premium plugin. -->","yoast_head_json":{"title":"4 Schichten 50MM Zink-Legierung Knospe Grinder Gro\u00dfhandel - Global Hookah","robots":{"index":"index","follow":"follow","max-snippet":"max-snippet:-1","max-image-preview":"max-image-preview:large","max-video-preview":"max-video-preview:-1"},"canonical":"https:\/\/global-hookah.com\/de\/produkt\/4-layers-50mm-zinc-alloy-bud-grinder-wholesale\/","og_locale":"de_DE","og_type":"article","og_title":"4 Layers 50MM Zinc Alloy Bud Grinder Wholesale","og_description":"Our 50MM Zinc Alloy Bud Grinder is made of high-quality zinc alloy, which has been expertly CNC machined to ensure","og_url":"https:\/\/global-hookah.com\/de\/produkt\/4-layers-50mm-zinc-alloy-bud-grinder-wholesale\/","og_site_name":"Global Hookah","article_modified_time":"2024-06-13T11:32:55+00:00","og_image":[{"width":900,"height":900,"url":"https:\/\/global-hookah.com\/wp-content\/uploads\/2024\/06\/030459f48e08a9ddb576183cc24b25e7.jpg","type":"image\/jpeg"}],"twitter_card":"summary_large_image","twitter_misc":{"Gesch\u00e4tzte Lesezeit":"3\u00a0Minuten"},"schema":{"@context":"https:\/\/schema.org","@graph":[{"@type":"WebPage","@id":"https:\/\/global-hookah.com\/product\/4-layers-50mm-zinc-alloy-bud-grinder-wholesale\/","url":"https:\/\/global-hookah.com\/product\/4-layers-50mm-zinc-alloy-bud-grinder-wholesale\/","name":"4 Schichten 50MM Zink-Legierung Knospe Grinder Gro\u00dfhandel - Global Hookah","isPartOf":{"@id":"https:\/\/global-hookah.com\/#website"},"primaryImageOfPage":{"@id":"https:\/\/global-hookah.com\/product\/4-layers-50mm-zinc-alloy-bud-grinder-wholesale\/#primaryimage"},"image":{"@id":"https:\/\/global-hookah.com\/product\/4-layers-50mm-zinc-alloy-bud-grinder-wholesale\/#primaryimage"},"thumbnailUrl":"https:\/\/global-hookah.com\/wp-content\/uploads\/2024\/06\/030459f48e08a9ddb576183cc24b25e7.jpg","datePublished":"2024-06-08T06:03:58+00:00","dateModified":"2024-06-13T11:32:55+00:00","breadcrumb":{"@id":"https:\/\/global-hookah.com\/product\/4-layers-50mm-zinc-alloy-bud-grinder-wholesale\/#breadcrumb"},"inLanguage":"de","potentialAction":[{"@type":"ReadAction","target":["https:\/\/global-hookah.com\/product\/4-layers-50mm-zinc-alloy-bud-grinder-wholesale\/"]}]},{"@type":"ImageObject","inLanguage":"de","@id":"https:\/\/global-hookah.com\/product\/4-layers-50mm-zinc-alloy-bud-grinder-wholesale\/#primaryimage","url":"https:\/\/global-hookah.com\/wp-content\/uploads\/2024\/06\/030459f48e08a9ddb576183cc24b25e7.jpg","contentUrl":"https:\/\/global-hookah.com\/wp-content\/uploads\/2024\/06\/030459f48e08a9ddb576183cc24b25e7.jpg","width":900,"height":900,"caption":"4 Layers 50MM Zinc Alloy Bud Grinder Wholesale"},{"@type":"BreadcrumbList","@id":"https:\/\/global-hookah.com\/product\/4-layers-50mm-zinc-alloy-bud-grinder-wholesale\/#breadcrumb","itemListElement":[{"@type":"ListItem","position":1,"name":"Home","item":"https:\/\/global-hookah.com\/"},{"@type":"ListItem","position":2,"name":"Shop","item":"https:\/\/global-hookah.com\/shop\/"},{"@type":"ListItem","position":3,"name":"4 Layers 50MM Zinc Alloy Bud Grinder Wholesale"}]},{"@type":"WebSite","@id":"https:\/\/global-hookah.com\/#website","url":"https:\/\/global-hookah.com\/","name":"Globale Wasserpfeife","description":"Globale Wasserpfeife","publisher":{"@id":"https:\/\/global-hookah.com\/#organization"},"potentialAction":[{"@type":"SearchAction","target":{"@type":"EntryPoint","urlTemplate":"https:\/\/global-hookah.com\/?s={search_term_string}"},"query-input":{"@type":"PropertyValueSpecification","valueRequired":true,"valueName":"search_term_string"}}],"inLanguage":"de"},{"@type":"Organization","@id":"https:\/\/global-hookah.com\/#organization","name":"Globale Wasserpfeife","url":"https:\/\/global-hookah.com\/","logo":{"@type":"ImageObject","inLanguage":"de","@id":"https:\/\/global-hookah.com\/#\/schema\/logo\/image\/","url":"https:\/\/global-hookah.com\/wp-content\/uploads\/2021\/10\/cropped-fgg.png","contentUrl":"https:\/\/global-hookah.com\/wp-content\/uploads\/2021\/10\/cropped-fgg.png","width":512,"height":512,"caption":"Global Hookah"},"image":{"@id":"https:\/\/global-hookah.com\/#\/schema\/logo\/image\/"}}]}},"_links":{"self":[{"href":"https:\/\/global-hookah.com\/de\/wp-json\/wp\/v2\/product\/27902","targetHints":{"allow":["GET"]}}],"collection":[{"href":"https:\/\/global-hookah.com\/de\/wp-json\/wp\/v2\/product"}],"about":[{"href":"https:\/\/global-hookah.com\/de\/wp-json\/wp\/v2\/types\/product"}],"replies":[{"embeddable":true,"href":"https:\/\/global-hookah.com\/de\/wp-json\/wp\/v2\/comments?post=27902"}],"version-history":[{"count":0,"href":"https:\/\/global-hookah.com\/de\/wp-json\/wp\/v2\/product\/27902\/revisions"}],"wp:featuredmedia":[{"embeddable":true,"href":"https:\/\/global-hookah.com\/de\/wp-json\/wp\/v2\/media\/27901"}],"wp:attachment":[{"href":"https:\/\/global-hookah.com\/de\/wp-json\/wp\/v2\/media?parent=27902"}],"wp:term":[{"taxonomy":"product_brand","embeddable":true,"href":"https:\/\/global-hookah.com\/de\/wp-json\/wp\/v2\/product_brand?post=27902"},{"taxonomy":"product_cat","embeddable":true,"href":"https:\/\/global-hookah.com\/de\/wp-json\/wp\/v2\/product_cat?post=27902"},{"taxonomy":"product_tag","embeddable":true,"href":"https:\/\/global-hookah.com\/de\/wp-json\/wp\/v2\/product_tag?post=27902"}],"curies":[{"name":"wp","href":"https:\/\/api.w.org\/{rel}","templated":true}]}}