{"id":27953,"date":"2024-06-08T06:06:45","date_gmt":"2024-06-08T06:06:45","guid":{"rendered":"https:\/\/global-hookah.com\/product\/4-layer-plastic-cigarette-grinder-with-built-in-storage-and-waste-bin-compact-design\/"},"modified":"2024-06-13T11:03:17","modified_gmt":"2024-06-13T11:03:17","slug":"wholesale-4-layer-plastic-hemp-grinder-with-built-in-storage","status":"publish","type":"product","link":"https:\/\/global-hookah.com\/de\/produkt\/wholesale-4-layer-plastic-hemp-grinder-with-built-in-storage\/","title":{"rendered":"Gro\u00dfhandel 4-Schicht Kunststoff Hanf Grinder mit integrierter Lagerung"},"content":{"rendered":"<div>\n<p>Suchen Sie nach einem leicht zu bedienenden und ger\u00e4umigen Grinder? Werfen Sie einen Blick auf unseren 4-lagigen Kunststoff-Hanfgrinder mit integrierter Aufbewahrung!<\/p>\n<p>Sie ist aus langlebigem, lebensmittelechtem ABS-Kunststoff gefertigt, der ideal f\u00fcr die Leistung ist. Mit seinen vier Schichten mahlt er Hanfbl\u00fcten und Tabak gut, w\u00e4hrend das sehr feine Sieb winzige Partikel zur\u00fcckh\u00e4lt. Die leichtg\u00e4ngige Drehung <a href=\"https:\/\/global-hookah.com\/product\/1pc-54cm-21-25inch-arabic-hookah-with-aluminum-alloy-material-comes-with-50pcs-long-mouth-tips-50pcs-aluminum-foil-papers-silicone-hose-spring-silicone-bowl-aluminum-alloy-handle-and-charcoal-to\/\">der Griff sorgt f\u00fcr eine einfache Bedienung, da der obere Einf\u00fcllschacht viel Material aufnimmt<\/a> sofort.<\/p>\n<p>Au\u00dferdem kann dieser eingebaute Aufbewahrungsbeh\u00e4lter sehr n\u00fctzlich sein, wenn Sie Ihr frisch gemahlenes Produkt an Ort und Stelle aufbewahren und verhindern wollen, dass Ger\u00fcche entweichen. In diesem Fall verf\u00fcgt der Beh\u00e4lter \u00fcber eine dicht schlie\u00dfende Schraube am Deckel, um den Inhalt zu verschlie\u00dfen.<\/p>\n<p><img decoding=\"async\" src=\"https:\/\/img.kwcdn.com\/product\/fancy\/663be8c0-c321-4968-aece-025acbbf6888.jpg\" \/><\/p>\n<\/div>\n<div><img decoding=\"async\" src=\"https:\/\/img.kwcdn.com\/product\/fancy\/51d55e82-d270-4f77-a151-c1dbc967d78b.jpg\" \/><\/div>\n<div><img decoding=\"async\" src=\"https:\/\/img.kwcdn.com\/product\/fancy\/ff719b6a-f441-4ec8-98a1-8c82f9184ca5.jpg\" \/><\/div>\n<div><img decoding=\"async\" src=\"https:\/\/img.kwcdn.com\/product\/fancy\/515b34f7-fad2-439b-88bc-6727dc1a10a4.jpg\" \/><\/div>\n<div><img decoding=\"async\" src=\"https:\/\/img.kwcdn.com\/product\/fancy\/a71f6a0f-1ecf-44a9-bf44-e7269828fba3.jpg\" \/><\/div>\n<div><img decoding=\"async\" src=\"https:\/\/img.kwcdn.com\/product\/fancy\/57187f7d-2cff-4d40-9260-f31959dce64f.jpg\" \/><\/div>","protected":false},"excerpt":{"rendered":"<p>Auf der Suche nach einem leicht zu bedienenden und ger\u00e4umigen Grinder? Werfen Sie einen Blick auf unseren 4-lagigen Kunststoff-Hanfgrinder mit integriertem<\/p>","protected":false},"featured_media":27952,"comment_status":"open","ping_status":"closed","template":"","meta":{"iawp_total_views":1,"_joinchat":[]},"product_brand":[],"product_cat":[894,770],"product_tag":[],"class_list":{"0":"post-27953","1":"product","2":"type-product","3":"status-publish","4":"has-post-thumbnail","6":"product_cat-4-piece-grinder-wholesale","7":"product_cat-wholesale-grinder","9":"first","10":"instock","11":"shipping-taxable","12":"product-type-external"},"yoast_head":"<!-- This site is optimized with the Yoast SEO Premium plugin v24.7 (Yoast SEO v26.8) - https:\/\/yoast.com\/product\/yoast-seo-premium-wordpress\/ -->\n<title>Wholesale 4-Layer Plastic Hemp Grinder with Built-In Storage - Global Hookah<\/title>\n<meta name=\"robots\" content=\"index, follow, max-snippet:-1, max-image-preview:large, max-video-preview:-1\" \/>\n<link rel=\"canonical\" href=\"https:\/\/global-hookah.com\/de\/produkt\/wholesale-4-layer-plastic-hemp-grinder-with-built-in-storage\/\" \/>\n<meta property=\"og:locale\" content=\"de_DE\" \/>\n<meta property=\"og:type\" content=\"article\" \/>\n<meta property=\"og:title\" content=\"Wholesale 4-Layer Plastic Hemp Grinder with Built-In Storage\" \/>\n<meta property=\"og:description\" content=\"Searching for an easily utilized and spacious herb grinder? Take a look at our 4-layer plastic hemp grinder with in-built\" \/>\n<meta property=\"og:url\" content=\"https:\/\/global-hookah.com\/de\/produkt\/wholesale-4-layer-plastic-hemp-grinder-with-built-in-storage\/\" \/>\n<meta property=\"og:site_name\" content=\"Global Hookah\" \/>\n<meta property=\"article:modified_time\" content=\"2024-06-13T11:03:17+00:00\" \/>\n<meta property=\"og:image\" content=\"https:\/\/global-hookah.com\/wp-content\/uploads\/2024\/06\/663be8c0-c321-4968-aece-025acbbf6888.jpg\" \/>\n\t<meta property=\"og:image:width\" content=\"1000\" \/>\n\t<meta property=\"og:image:height\" content=\"1000\" \/>\n\t<meta property=\"og:image:type\" content=\"image\/jpeg\" \/>\n<meta name=\"twitter:card\" content=\"summary_large_image\" \/>\n<meta name=\"twitter:label1\" content=\"Gesch\u00e4tzte Lesezeit\" \/>\n\t<meta name=\"twitter:data1\" content=\"2\u00a0Minuten\" \/>\n<script type=\"application\/ld+json\" class=\"yoast-schema-graph\">{\"@context\":\"https:\/\/schema.org\",\"@graph\":[{\"@type\":\"WebPage\",\"@id\":\"https:\/\/global-hookah.com\/product\/wholesale-4-layer-plastic-hemp-grinder-with-built-in-storage\/\",\"url\":\"https:\/\/global-hookah.com\/product\/wholesale-4-layer-plastic-hemp-grinder-with-built-in-storage\/\",\"name\":\"Wholesale 4-Layer Plastic Hemp Grinder with Built-In Storage - Global Hookah\",\"isPartOf\":{\"@id\":\"https:\/\/global-hookah.com\/#website\"},\"primaryImageOfPage\":{\"@id\":\"https:\/\/global-hookah.com\/product\/wholesale-4-layer-plastic-hemp-grinder-with-built-in-storage\/#primaryimage\"},\"image\":{\"@id\":\"https:\/\/global-hookah.com\/product\/wholesale-4-layer-plastic-hemp-grinder-with-built-in-storage\/#primaryimage\"},\"thumbnailUrl\":\"https:\/\/global-hookah.com\/wp-content\/uploads\/2024\/06\/663be8c0-c321-4968-aece-025acbbf6888.jpg\",\"datePublished\":\"2024-06-08T06:06:45+00:00\",\"dateModified\":\"2024-06-13T11:03:17+00:00\",\"breadcrumb\":{\"@id\":\"https:\/\/global-hookah.com\/product\/wholesale-4-layer-plastic-hemp-grinder-with-built-in-storage\/#breadcrumb\"},\"inLanguage\":\"de\",\"potentialAction\":[{\"@type\":\"ReadAction\",\"target\":[\"https:\/\/global-hookah.com\/product\/wholesale-4-layer-plastic-hemp-grinder-with-built-in-storage\/\"]}]},{\"@type\":\"ImageObject\",\"inLanguage\":\"de\",\"@id\":\"https:\/\/global-hookah.com\/product\/wholesale-4-layer-plastic-hemp-grinder-with-built-in-storage\/#primaryimage\",\"url\":\"https:\/\/global-hookah.com\/wp-content\/uploads\/2024\/06\/663be8c0-c321-4968-aece-025acbbf6888.jpg\",\"contentUrl\":\"https:\/\/global-hookah.com\/wp-content\/uploads\/2024\/06\/663be8c0-c321-4968-aece-025acbbf6888.jpg\",\"width\":1000,\"height\":1000,\"caption\":\"Wholesale 4-Layer Plastic Hemp Grinder with Built-In Storage\"},{\"@type\":\"BreadcrumbList\",\"@id\":\"https:\/\/global-hookah.com\/product\/wholesale-4-layer-plastic-hemp-grinder-with-built-in-storage\/#breadcrumb\",\"itemListElement\":[{\"@type\":\"ListItem\",\"position\":1,\"name\":\"Home\",\"item\":\"https:\/\/global-hookah.com\/\"},{\"@type\":\"ListItem\",\"position\":2,\"name\":\"Shop\",\"item\":\"https:\/\/global-hookah.com\/shop\/\"},{\"@type\":\"ListItem\",\"position\":3,\"name\":\"Wholesale 4-Layer Plastic Hemp Grinder with Built-In Storage\"}]},{\"@type\":\"WebSite\",\"@id\":\"https:\/\/global-hookah.com\/#website\",\"url\":\"https:\/\/global-hookah.com\/\",\"name\":\"Global Hookah\",\"description\":\"Global Hookah\",\"publisher\":{\"@id\":\"https:\/\/global-hookah.com\/#organization\"},\"potentialAction\":[{\"@type\":\"SearchAction\",\"target\":{\"@type\":\"EntryPoint\",\"urlTemplate\":\"https:\/\/global-hookah.com\/?s={search_term_string}\"},\"query-input\":{\"@type\":\"PropertyValueSpecification\",\"valueRequired\":true,\"valueName\":\"search_term_string\"}}],\"inLanguage\":\"de\"},{\"@type\":\"Organization\",\"@id\":\"https:\/\/global-hookah.com\/#organization\",\"name\":\"Global Hookah\",\"url\":\"https:\/\/global-hookah.com\/\",\"logo\":{\"@type\":\"ImageObject\",\"inLanguage\":\"de\",\"@id\":\"https:\/\/global-hookah.com\/#\/schema\/logo\/image\/\",\"url\":\"https:\/\/global-hookah.com\/wp-content\/uploads\/2021\/10\/cropped-fgg.png\",\"contentUrl\":\"https:\/\/global-hookah.com\/wp-content\/uploads\/2021\/10\/cropped-fgg.png\",\"width\":512,\"height\":512,\"caption\":\"Global Hookah\"},\"image\":{\"@id\":\"https:\/\/global-hookah.com\/#\/schema\/logo\/image\/\"}}]}<\/script>\n<!-- \/ Yoast SEO Premium plugin. -->","yoast_head_json":{"title":"Gro\u00dfhandel 4-Schicht-Kunststoff-Hanf-M\u00fchle mit Built-in Lagerung - Global Hookah","robots":{"index":"index","follow":"follow","max-snippet":"max-snippet:-1","max-image-preview":"max-image-preview:large","max-video-preview":"max-video-preview:-1"},"canonical":"https:\/\/global-hookah.com\/de\/produkt\/wholesale-4-layer-plastic-hemp-grinder-with-built-in-storage\/","og_locale":"de_DE","og_type":"article","og_title":"Wholesale 4-Layer Plastic Hemp Grinder with Built-In Storage","og_description":"Searching for an easily utilized and spacious herb grinder? Take a look at our 4-layer plastic hemp grinder with in-built","og_url":"https:\/\/global-hookah.com\/de\/produkt\/wholesale-4-layer-plastic-hemp-grinder-with-built-in-storage\/","og_site_name":"Global Hookah","article_modified_time":"2024-06-13T11:03:17+00:00","og_image":[{"width":1000,"height":1000,"url":"https:\/\/global-hookah.com\/wp-content\/uploads\/2024\/06\/663be8c0-c321-4968-aece-025acbbf6888.jpg","type":"image\/jpeg"}],"twitter_card":"summary_large_image","twitter_misc":{"Gesch\u00e4tzte Lesezeit":"2\u00a0Minuten"},"schema":{"@context":"https:\/\/schema.org","@graph":[{"@type":"WebPage","@id":"https:\/\/global-hookah.com\/product\/wholesale-4-layer-plastic-hemp-grinder-with-built-in-storage\/","url":"https:\/\/global-hookah.com\/product\/wholesale-4-layer-plastic-hemp-grinder-with-built-in-storage\/","name":"Gro\u00dfhandel 4-Schicht-Kunststoff-Hanf-M\u00fchle mit Built-in Lagerung - Global Hookah","isPartOf":{"@id":"https:\/\/global-hookah.com\/#website"},"primaryImageOfPage":{"@id":"https:\/\/global-hookah.com\/product\/wholesale-4-layer-plastic-hemp-grinder-with-built-in-storage\/#primaryimage"},"image":{"@id":"https:\/\/global-hookah.com\/product\/wholesale-4-layer-plastic-hemp-grinder-with-built-in-storage\/#primaryimage"},"thumbnailUrl":"https:\/\/global-hookah.com\/wp-content\/uploads\/2024\/06\/663be8c0-c321-4968-aece-025acbbf6888.jpg","datePublished":"2024-06-08T06:06:45+00:00","dateModified":"2024-06-13T11:03:17+00:00","breadcrumb":{"@id":"https:\/\/global-hookah.com\/product\/wholesale-4-layer-plastic-hemp-grinder-with-built-in-storage\/#breadcrumb"},"inLanguage":"de","potentialAction":[{"@type":"ReadAction","target":["https:\/\/global-hookah.com\/product\/wholesale-4-layer-plastic-hemp-grinder-with-built-in-storage\/"]}]},{"@type":"ImageObject","inLanguage":"de","@id":"https:\/\/global-hookah.com\/product\/wholesale-4-layer-plastic-hemp-grinder-with-built-in-storage\/#primaryimage","url":"https:\/\/global-hookah.com\/wp-content\/uploads\/2024\/06\/663be8c0-c321-4968-aece-025acbbf6888.jpg","contentUrl":"https:\/\/global-hookah.com\/wp-content\/uploads\/2024\/06\/663be8c0-c321-4968-aece-025acbbf6888.jpg","width":1000,"height":1000,"caption":"Wholesale 4-Layer Plastic Hemp Grinder with Built-In Storage"},{"@type":"BreadcrumbList","@id":"https:\/\/global-hookah.com\/product\/wholesale-4-layer-plastic-hemp-grinder-with-built-in-storage\/#breadcrumb","itemListElement":[{"@type":"ListItem","position":1,"name":"Home","item":"https:\/\/global-hookah.com\/"},{"@type":"ListItem","position":2,"name":"Shop","item":"https:\/\/global-hookah.com\/shop\/"},{"@type":"ListItem","position":3,"name":"Wholesale 4-Layer Plastic Hemp Grinder with Built-In Storage"}]},{"@type":"WebSite","@id":"https:\/\/global-hookah.com\/#website","url":"https:\/\/global-hookah.com\/","name":"Globale Wasserpfeife","description":"Globale Wasserpfeife","publisher":{"@id":"https:\/\/global-hookah.com\/#organization"},"potentialAction":[{"@type":"SearchAction","target":{"@type":"EntryPoint","urlTemplate":"https:\/\/global-hookah.com\/?s={search_term_string}"},"query-input":{"@type":"PropertyValueSpecification","valueRequired":true,"valueName":"search_term_string"}}],"inLanguage":"de"},{"@type":"Organization","@id":"https:\/\/global-hookah.com\/#organization","name":"Globale Wasserpfeife","url":"https:\/\/global-hookah.com\/","logo":{"@type":"ImageObject","inLanguage":"de","@id":"https:\/\/global-hookah.com\/#\/schema\/logo\/image\/","url":"https:\/\/global-hookah.com\/wp-content\/uploads\/2021\/10\/cropped-fgg.png","contentUrl":"https:\/\/global-hookah.com\/wp-content\/uploads\/2021\/10\/cropped-fgg.png","width":512,"height":512,"caption":"Global Hookah"},"image":{"@id":"https:\/\/global-hookah.com\/#\/schema\/logo\/image\/"}}]}},"_links":{"self":[{"href":"https:\/\/global-hookah.com\/de\/wp-json\/wp\/v2\/product\/27953","targetHints":{"allow":["GET"]}}],"collection":[{"href":"https:\/\/global-hookah.com\/de\/wp-json\/wp\/v2\/product"}],"about":[{"href":"https:\/\/global-hookah.com\/de\/wp-json\/wp\/v2\/types\/product"}],"replies":[{"embeddable":true,"href":"https:\/\/global-hookah.com\/de\/wp-json\/wp\/v2\/comments?post=27953"}],"version-history":[{"count":0,"href":"https:\/\/global-hookah.com\/de\/wp-json\/wp\/v2\/product\/27953\/revisions"}],"wp:featuredmedia":[{"embeddable":true,"href":"https:\/\/global-hookah.com\/de\/wp-json\/wp\/v2\/media\/27952"}],"wp:attachment":[{"href":"https:\/\/global-hookah.com\/de\/wp-json\/wp\/v2\/media?parent=27953"}],"wp:term":[{"taxonomy":"product_brand","embeddable":true,"href":"https:\/\/global-hookah.com\/de\/wp-json\/wp\/v2\/product_brand?post=27953"},{"taxonomy":"product_cat","embeddable":true,"href":"https:\/\/global-hookah.com\/de\/wp-json\/wp\/v2\/product_cat?post=27953"},{"taxonomy":"product_tag","embeddable":true,"href":"https:\/\/global-hookah.com\/de\/wp-json\/wp\/v2\/product_tag?post=27953"}],"curies":[{"name":"wp","href":"https:\/\/api.w.org\/{rel}","templated":true}]}}