{"id":27960,"date":"2024-06-08T06:07:24","date_gmt":"2024-06-08T06:07:24","guid":{"rendered":"https:\/\/global-hookah.com\/product\/1pc-butterfly-pattern-grinder-metal-grinder-spice-grinder-grinding-machine-kitchen-grinder-spice-crusher-kitchen-supplies-household-gadgets-holiday-gift-birthday-gift-gift-for-friends\/"},"modified":"2024-06-26T03:58:00","modified_gmt":"2024-06-26T03:58:00","slug":"butterfly-pattern-metal-weed-grinder-wholesale","status":"publish","type":"product","link":"https:\/\/global-hookah.com\/de\/produkt\/butterfly-pattern-metal-weed-grinder-wholesale\/","title":{"rendered":"Schmetterling-Muster Metall Unkraut Grinder Gro\u00dfhandel"},"content":{"rendered":"<div>\n<p>Die gegebene <strong>Schmetterlingsmuster Metall Unkraut Grind<\/strong>r wird aus einem Metallmaterial hergestellt und sp\u00e4ter professionell galvanisiert. Auch gibt es Sicherheit bei der Verwendung dieses Produkts, da es haupts\u00e4chlich aus einer Zinklegierung besteht, die lange h\u00e4lt, w\u00e4hrend das Design eines Schmetterlings es einfach macht, nat\u00fcrlich und bequem zu greifen. In der gleichen Vene, die Benutzererfahrung dieser <a href=\"https:\/\/global-hookah.com\/product-category\/wholesale-grinders\/metal-grinder-wholesale\/\"><strong>Metall-Unkrautschleifer<\/strong><\/a> wird durch ein bestimmtes Design, wie z. B. gro\u00dfe Partikelsammelmaschen und aufgeraute Kanten, die das Greifen erleichtern, deutlich erh\u00f6ht.<\/p>\n<p>Ein weiteres vorteilhaftes Merkmal dieses <strong>Schmetterlingsmuster Metall Unkrautschleifer<\/strong> ist seine ergonomische Bauweise sowie sein rutschfester Boden, der es Ihnen erm\u00f6glicht, auch im nassen Zustand frei zu arbeiten, aber fest zuzugreifen. Dar\u00fcber hinaus gibt es ein gro\u00dfes Staufach in hier machen Sie mahlen mehr f\u00fcr die zuk\u00fcnftige Verwendung oder wann immer man es wieder verwenden m\u00fcssen.<\/p>\n<h2>Produkt-Parameter<\/h2>\n<ul>\n<li><strong>Material<\/strong>: Metall<\/li>\n<li><strong>Form<\/strong>: Rund<\/li>\n<li><strong>Abmessungen<\/strong>:\n<ul>\n<li><strong>Durchmesser<\/strong>: 2 Zoll (5 cm)<\/li>\n<li><strong>H\u00f6he<\/strong>: 1,5 Zoll (4 cm)<\/li>\n<\/ul>\n<\/li>\n<\/ul>\n<p><img decoding=\"async\" src=\"https:\/\/img.kwcdn.com\/product\/fancy\/bfe2af43-f908-4603-930e-0f3e6e633f28.jpg\" \/><\/p>\n<\/div>\n<div><img decoding=\"async\" src=\"https:\/\/img.kwcdn.com\/product\/fancy\/8d32cf81-f3fa-4302-b25a-eaf2515c81b3.jpg\" \/><\/div>\n<div><img decoding=\"async\" src=\"https:\/\/img.kwcdn.com\/product\/fancy\/d38a909c-273a-45ab-8ae4-b8d5aca216ee.jpg\" \/><\/div>\n<div><img decoding=\"async\" src=\"https:\/\/img.kwcdn.com\/product\/fancy\/bf4cab52-cbf0-4ec4-9a66-61d7f7930332.jpg\" \/><\/div>\n<div><img decoding=\"async\" src=\"https:\/\/img.kwcdn.com\/product\/fancy\/02a64561-7dbf-4eff-8431-39c5d21e947f.jpg\" \/><\/div>\n<div><img decoding=\"async\" src=\"https:\/\/img.kwcdn.com\/product\/fancy\/f39bd62a-6451-48d9-9aa4-9082e11c5a12.jpg\" \/><\/div>\n<div><img decoding=\"async\" src=\"https:\/\/img.kwcdn.com\/product\/fancy\/0b17115f-9b42-4455-b19c-800608d50485.jpg\" \/><\/div>\n<div><img decoding=\"async\" src=\"https:\/\/img.kwcdn.com\/product\/fancy\/b9a9036e-9ab7-4e60-b482-0215945be368.jpg\" \/><\/div>","protected":false},"excerpt":{"rendered":"<p>Der angegebene Schmetterlingsmuster Metall Unkrautstecher ist aus einem Metallmaterial hergestellt und wird sp\u00e4ter professionell galvanisiert. Auch,<\/p>","protected":false},"featured_media":27959,"comment_status":"open","ping_status":"closed","template":"","meta":{"iawp_total_views":2,"_joinchat":[]},"product_brand":[],"product_cat":[890,770],"product_tag":[],"class_list":{"0":"post-27960","1":"product","2":"type-product","3":"status-publish","4":"has-post-thumbnail","6":"product_cat-metal-grinder-wholesale","7":"product_cat-wholesale-grinder","9":"first","10":"instock","11":"shipping-taxable","12":"product-type-external"},"yoast_head":"<!-- This site is optimized with the Yoast SEO Premium plugin v24.7 (Yoast SEO v26.8) - https:\/\/yoast.com\/product\/yoast-seo-premium-wordpress\/ -->\n<title>Butterfly Pattern Metal Weed Grinder Wholesale - Global Hookah<\/title>\n<meta name=\"robots\" content=\"index, follow, max-snippet:-1, max-image-preview:large, max-video-preview:-1\" \/>\n<link rel=\"canonical\" href=\"https:\/\/global-hookah.com\/de\/produkt\/butterfly-pattern-metal-weed-grinder-wholesale\/\" \/>\n<meta property=\"og:locale\" content=\"de_DE\" \/>\n<meta property=\"og:type\" content=\"article\" \/>\n<meta property=\"og:title\" content=\"Butterfly Pattern Metal Weed Grinder Wholesale\" \/>\n<meta property=\"og:description\" content=\"The given Butterfly Pattern Metal Weed Grinder is made from a metal material and is later on electroplated professionally. Also,\" \/>\n<meta property=\"og:url\" content=\"https:\/\/global-hookah.com\/de\/produkt\/butterfly-pattern-metal-weed-grinder-wholesale\/\" \/>\n<meta property=\"og:site_name\" content=\"Global Hookah\" \/>\n<meta property=\"article:modified_time\" content=\"2024-06-26T03:58:00+00:00\" \/>\n<meta property=\"og:image\" content=\"https:\/\/global-hookah.com\/wp-content\/uploads\/2024\/06\/bfe2af43-f908-4603-930e-0f3e6e633f28.jpg\" \/>\n\t<meta property=\"og:image:width\" content=\"800\" \/>\n\t<meta property=\"og:image:height\" content=\"800\" \/>\n\t<meta property=\"og:image:type\" content=\"image\/jpeg\" \/>\n<meta name=\"twitter:card\" content=\"summary_large_image\" \/>\n<meta name=\"twitter:label1\" content=\"Gesch\u00e4tzte Lesezeit\" \/>\n\t<meta name=\"twitter:data1\" content=\"3\u00a0Minuten\" \/>\n<script type=\"application\/ld+json\" class=\"yoast-schema-graph\">{\"@context\":\"https:\/\/schema.org\",\"@graph\":[{\"@type\":\"WebPage\",\"@id\":\"https:\/\/global-hookah.com\/product\/butterfly-pattern-metal-weed-grinder-wholesale\/\",\"url\":\"https:\/\/global-hookah.com\/product\/butterfly-pattern-metal-weed-grinder-wholesale\/\",\"name\":\"Butterfly Pattern Metal Weed Grinder Wholesale - Global Hookah\",\"isPartOf\":{\"@id\":\"https:\/\/global-hookah.com\/#website\"},\"primaryImageOfPage\":{\"@id\":\"https:\/\/global-hookah.com\/product\/butterfly-pattern-metal-weed-grinder-wholesale\/#primaryimage\"},\"image\":{\"@id\":\"https:\/\/global-hookah.com\/product\/butterfly-pattern-metal-weed-grinder-wholesale\/#primaryimage\"},\"thumbnailUrl\":\"https:\/\/global-hookah.com\/wp-content\/uploads\/2024\/06\/bfe2af43-f908-4603-930e-0f3e6e633f28.jpg\",\"datePublished\":\"2024-06-08T06:07:24+00:00\",\"dateModified\":\"2024-06-26T03:58:00+00:00\",\"breadcrumb\":{\"@id\":\"https:\/\/global-hookah.com\/product\/butterfly-pattern-metal-weed-grinder-wholesale\/#breadcrumb\"},\"inLanguage\":\"de\",\"potentialAction\":[{\"@type\":\"ReadAction\",\"target\":[\"https:\/\/global-hookah.com\/product\/butterfly-pattern-metal-weed-grinder-wholesale\/\"]}]},{\"@type\":\"ImageObject\",\"inLanguage\":\"de\",\"@id\":\"https:\/\/global-hookah.com\/product\/butterfly-pattern-metal-weed-grinder-wholesale\/#primaryimage\",\"url\":\"https:\/\/global-hookah.com\/wp-content\/uploads\/2024\/06\/bfe2af43-f908-4603-930e-0f3e6e633f28.jpg\",\"contentUrl\":\"https:\/\/global-hookah.com\/wp-content\/uploads\/2024\/06\/bfe2af43-f908-4603-930e-0f3e6e633f28.jpg\",\"width\":800,\"height\":800,\"caption\":\"Butterfly Pattern Metal Weed Grinder Wholesale\"},{\"@type\":\"BreadcrumbList\",\"@id\":\"https:\/\/global-hookah.com\/product\/butterfly-pattern-metal-weed-grinder-wholesale\/#breadcrumb\",\"itemListElement\":[{\"@type\":\"ListItem\",\"position\":1,\"name\":\"Home\",\"item\":\"https:\/\/global-hookah.com\/\"},{\"@type\":\"ListItem\",\"position\":2,\"name\":\"Shop\",\"item\":\"https:\/\/global-hookah.com\/shop\/\"},{\"@type\":\"ListItem\",\"position\":3,\"name\":\"Butterfly Pattern Metal Weed Grinder Wholesale\"}]},{\"@type\":\"WebSite\",\"@id\":\"https:\/\/global-hookah.com\/#website\",\"url\":\"https:\/\/global-hookah.com\/\",\"name\":\"Global Hookah\",\"description\":\"Global Hookah\",\"publisher\":{\"@id\":\"https:\/\/global-hookah.com\/#organization\"},\"potentialAction\":[{\"@type\":\"SearchAction\",\"target\":{\"@type\":\"EntryPoint\",\"urlTemplate\":\"https:\/\/global-hookah.com\/?s={search_term_string}\"},\"query-input\":{\"@type\":\"PropertyValueSpecification\",\"valueRequired\":true,\"valueName\":\"search_term_string\"}}],\"inLanguage\":\"de\"},{\"@type\":\"Organization\",\"@id\":\"https:\/\/global-hookah.com\/#organization\",\"name\":\"Global Hookah\",\"url\":\"https:\/\/global-hookah.com\/\",\"logo\":{\"@type\":\"ImageObject\",\"inLanguage\":\"de\",\"@id\":\"https:\/\/global-hookah.com\/#\/schema\/logo\/image\/\",\"url\":\"https:\/\/global-hookah.com\/wp-content\/uploads\/2021\/10\/cropped-fgg.png\",\"contentUrl\":\"https:\/\/global-hookah.com\/wp-content\/uploads\/2021\/10\/cropped-fgg.png\",\"width\":512,\"height\":512,\"caption\":\"Global Hookah\"},\"image\":{\"@id\":\"https:\/\/global-hookah.com\/#\/schema\/logo\/image\/\"}}]}<\/script>\n<!-- \/ Yoast SEO Premium plugin. -->","yoast_head_json":{"title":"Schmetterling-Muster Metall Unkraut Grinder Gro\u00dfhandel - Global Hookah","robots":{"index":"index","follow":"follow","max-snippet":"max-snippet:-1","max-image-preview":"max-image-preview:large","max-video-preview":"max-video-preview:-1"},"canonical":"https:\/\/global-hookah.com\/de\/produkt\/butterfly-pattern-metal-weed-grinder-wholesale\/","og_locale":"de_DE","og_type":"article","og_title":"Butterfly Pattern Metal Weed Grinder Wholesale","og_description":"The given Butterfly Pattern Metal Weed Grinder is made from a metal material and is later on electroplated professionally. Also,","og_url":"https:\/\/global-hookah.com\/de\/produkt\/butterfly-pattern-metal-weed-grinder-wholesale\/","og_site_name":"Global Hookah","article_modified_time":"2024-06-26T03:58:00+00:00","og_image":[{"width":800,"height":800,"url":"https:\/\/global-hookah.com\/wp-content\/uploads\/2024\/06\/bfe2af43-f908-4603-930e-0f3e6e633f28.jpg","type":"image\/jpeg"}],"twitter_card":"summary_large_image","twitter_misc":{"Gesch\u00e4tzte Lesezeit":"3\u00a0Minuten"},"schema":{"@context":"https:\/\/schema.org","@graph":[{"@type":"WebPage","@id":"https:\/\/global-hookah.com\/product\/butterfly-pattern-metal-weed-grinder-wholesale\/","url":"https:\/\/global-hookah.com\/product\/butterfly-pattern-metal-weed-grinder-wholesale\/","name":"Schmetterling-Muster Metall Unkraut Grinder Gro\u00dfhandel - Global Hookah","isPartOf":{"@id":"https:\/\/global-hookah.com\/#website"},"primaryImageOfPage":{"@id":"https:\/\/global-hookah.com\/product\/butterfly-pattern-metal-weed-grinder-wholesale\/#primaryimage"},"image":{"@id":"https:\/\/global-hookah.com\/product\/butterfly-pattern-metal-weed-grinder-wholesale\/#primaryimage"},"thumbnailUrl":"https:\/\/global-hookah.com\/wp-content\/uploads\/2024\/06\/bfe2af43-f908-4603-930e-0f3e6e633f28.jpg","datePublished":"2024-06-08T06:07:24+00:00","dateModified":"2024-06-26T03:58:00+00:00","breadcrumb":{"@id":"https:\/\/global-hookah.com\/product\/butterfly-pattern-metal-weed-grinder-wholesale\/#breadcrumb"},"inLanguage":"de","potentialAction":[{"@type":"ReadAction","target":["https:\/\/global-hookah.com\/product\/butterfly-pattern-metal-weed-grinder-wholesale\/"]}]},{"@type":"ImageObject","inLanguage":"de","@id":"https:\/\/global-hookah.com\/product\/butterfly-pattern-metal-weed-grinder-wholesale\/#primaryimage","url":"https:\/\/global-hookah.com\/wp-content\/uploads\/2024\/06\/bfe2af43-f908-4603-930e-0f3e6e633f28.jpg","contentUrl":"https:\/\/global-hookah.com\/wp-content\/uploads\/2024\/06\/bfe2af43-f908-4603-930e-0f3e6e633f28.jpg","width":800,"height":800,"caption":"Butterfly Pattern Metal Weed Grinder Wholesale"},{"@type":"BreadcrumbList","@id":"https:\/\/global-hookah.com\/product\/butterfly-pattern-metal-weed-grinder-wholesale\/#breadcrumb","itemListElement":[{"@type":"ListItem","position":1,"name":"Home","item":"https:\/\/global-hookah.com\/"},{"@type":"ListItem","position":2,"name":"Shop","item":"https:\/\/global-hookah.com\/shop\/"},{"@type":"ListItem","position":3,"name":"Butterfly Pattern Metal Weed Grinder Wholesale"}]},{"@type":"WebSite","@id":"https:\/\/global-hookah.com\/#website","url":"https:\/\/global-hookah.com\/","name":"Globale Wasserpfeife","description":"Globale Wasserpfeife","publisher":{"@id":"https:\/\/global-hookah.com\/#organization"},"potentialAction":[{"@type":"SearchAction","target":{"@type":"EntryPoint","urlTemplate":"https:\/\/global-hookah.com\/?s={search_term_string}"},"query-input":{"@type":"PropertyValueSpecification","valueRequired":true,"valueName":"search_term_string"}}],"inLanguage":"de"},{"@type":"Organization","@id":"https:\/\/global-hookah.com\/#organization","name":"Globale Wasserpfeife","url":"https:\/\/global-hookah.com\/","logo":{"@type":"ImageObject","inLanguage":"de","@id":"https:\/\/global-hookah.com\/#\/schema\/logo\/image\/","url":"https:\/\/global-hookah.com\/wp-content\/uploads\/2021\/10\/cropped-fgg.png","contentUrl":"https:\/\/global-hookah.com\/wp-content\/uploads\/2021\/10\/cropped-fgg.png","width":512,"height":512,"caption":"Global Hookah"},"image":{"@id":"https:\/\/global-hookah.com\/#\/schema\/logo\/image\/"}}]}},"_links":{"self":[{"href":"https:\/\/global-hookah.com\/de\/wp-json\/wp\/v2\/product\/27960","targetHints":{"allow":["GET"]}}],"collection":[{"href":"https:\/\/global-hookah.com\/de\/wp-json\/wp\/v2\/product"}],"about":[{"href":"https:\/\/global-hookah.com\/de\/wp-json\/wp\/v2\/types\/product"}],"replies":[{"embeddable":true,"href":"https:\/\/global-hookah.com\/de\/wp-json\/wp\/v2\/comments?post=27960"}],"version-history":[{"count":0,"href":"https:\/\/global-hookah.com\/de\/wp-json\/wp\/v2\/product\/27960\/revisions"}],"wp:featuredmedia":[{"embeddable":true,"href":"https:\/\/global-hookah.com\/de\/wp-json\/wp\/v2\/media\/27959"}],"wp:attachment":[{"href":"https:\/\/global-hookah.com\/de\/wp-json\/wp\/v2\/media?parent=27960"}],"wp:term":[{"taxonomy":"product_brand","embeddable":true,"href":"https:\/\/global-hookah.com\/de\/wp-json\/wp\/v2\/product_brand?post=27960"},{"taxonomy":"product_cat","embeddable":true,"href":"https:\/\/global-hookah.com\/de\/wp-json\/wp\/v2\/product_cat?post=27960"},{"taxonomy":"product_tag","embeddable":true,"href":"https:\/\/global-hookah.com\/de\/wp-json\/wp\/v2\/product_tag?post=27960"}],"curies":[{"name":"wp","href":"https:\/\/api.w.org\/{rel}","templated":true}]}}