{"id":28060,"date":"2024-06-18T00:42:56","date_gmt":"2024-06-18T00:42:56","guid":{"rendered":"https:\/\/global-hookah.com\/?post_type=product&#038;p=28060"},"modified":"2024-06-26T03:27:23","modified_gmt":"2024-06-26T03:27:23","slug":"glycerin-glass-spoon-hand-pipe-wholesale","status":"publish","type":"product","link":"https:\/\/global-hookah.com\/de\/produkt\/glycerin-glass-spoon-hand-pipe-wholesale\/","title":{"rendered":"Glycerin Glasl\u00f6ffel Handpfeife Gro\u00dfhandel"},"content":{"rendered":"<p>Anders als die herk\u00f6mmlichen Metallrohre ist dieses <strong>besonderes Handrohr<\/strong> besteht aus hochwertigem Glas, das Ihnen einen reineren und authentischeren Rauchgeschmack bietet, der viel besser f\u00fcr Ihre Kr\u00e4uter ist. Sein einzigartiges halbtransparentes Design vermittelt einen Eindruck von m\u00fcheloser Eleganz in seiner Gesamtheit.<\/p>\n<p>Unter anderem wird der Herstellungsprozess dieses <strong>Glyzerin-Handpfeifen<\/strong> Spezialglas und ein internes Glycerin-K\u00fchlsystem senken die Temperatur des Rauches erheblich und sorgen so f\u00fcr einen au\u00dfergew\u00f6hnlich milden, erfrischenden Zug. Zus\u00e4tzlich tr\u00e4gt das durchdachte Straight Stem Design nicht nur zu seiner \u00c4sthetik bei, sondern sorgt auch daf\u00fcr, dass der Rauch beim Inhalieren vollst\u00e4ndig abgek\u00fchlt wird.<\/p>\n<p>Die Stabilit\u00e4t, die der ergonomische, abgerundete Griff bietet, und der Komfort bei der Benutzung machen die Handhabung einfach. Ausreichend breit <a href=\"https:\/\/global-hookah.com\/product\/1pc-54cm-21-25inch-arabic-hookah-with-aluminum-alloy-material-comes-with-50pcs-long-mouth-tips-50pcs-aluminum-foil-papers-silicone-hose-spring-silicone-bowl-aluminum-alloy-handle-and-charcoal-to\/\">Die Schale erm\u00f6glicht es, mehr Rauchmaterial zu lagern.<\/a> f\u00fcr l\u00e4ngere Sitzungen.<\/p>\n<p>F\u00fcr den harten Einsatz konzipiert, ist diese <strong>Glyzerin <\/strong><a href=\"https:\/\/global-hookah.com\/product\/hand-carved-briar-pipe\/\">Handrohr<\/a> h\u00e4lt einem starken Inhalationsdruck stand, ohne zu brechen. Mit seiner ausgepr\u00e4gten inneren Struktur bietet er optimale F\u00fchrung und <a href=\"https:\/\/global-hookah.com\/product\/stainless-steel-led-remote-control-lamp-water-cigarette-pot-super-large-smoke-plate-wholesale\/\">Kontrolle von Rauch<\/a> Durchfluss, was im Allgemeinen zu einer h\u00f6heren Effizienz des Rauchens f\u00fchrt.<\/p>","protected":false},"excerpt":{"rendered":"<p>Anders als die konventionellen Metallpfeifen ist diese spezielle Handpfeife aus hochwertigem Glas gefertigt, das Sie mit<\/p>","protected":false},"featured_media":28066,"comment_status":"closed","ping_status":"closed","template":"","meta":{"iawp_total_views":0,"_joinchat":[]},"product_brand":[],"product_cat":[562,397],"product_tag":[],"class_list":{"0":"post-28060","1":"product","2":"type-product","3":"status-publish","4":"has-post-thumbnail","6":"product_cat-glass-pipe-wholesale","7":"product_cat-wholesale-weed-pipes","9":"first","10":"instock","11":"shipping-taxable","12":"product-type-external"},"yoast_head":"<!-- This site is optimized with the Yoast SEO Premium plugin v24.7 (Yoast SEO v26.8) - https:\/\/yoast.com\/product\/yoast-seo-premium-wordpress\/ -->\n<title>Glycerin Glass Spoon Hand Pipe Wholesale - Global Hookah<\/title>\n<meta name=\"robots\" content=\"index, follow, max-snippet:-1, max-image-preview:large, max-video-preview:-1\" \/>\n<link rel=\"canonical\" href=\"https:\/\/global-hookah.com\/de\/produkt\/glycerin-glass-spoon-hand-pipe-wholesale\/\" \/>\n<meta property=\"og:locale\" content=\"de_DE\" \/>\n<meta property=\"og:type\" content=\"article\" \/>\n<meta property=\"og:title\" content=\"Glycerin Glass Spoon Hand Pipe Wholesale\" \/>\n<meta property=\"og:description\" content=\"Different from the conventional metallic pipes, this particular hand pipe is constructed with high-quality glass that can provide you with\" \/>\n<meta property=\"og:url\" content=\"https:\/\/global-hookah.com\/de\/produkt\/glycerin-glass-spoon-hand-pipe-wholesale\/\" \/>\n<meta property=\"og:site_name\" content=\"Global Hookah\" \/>\n<meta property=\"article:modified_time\" content=\"2024-06-26T03:27:23+00:00\" \/>\n<meta property=\"og:image\" content=\"https:\/\/global-hookah.com\/wp-content\/uploads\/2024\/06\/f8320661-bc33-4018-a471-718229496a1e.webp\" \/>\n\t<meta property=\"og:image:width\" content=\"800\" \/>\n\t<meta property=\"og:image:height\" content=\"800\" \/>\n\t<meta property=\"og:image:type\" content=\"image\/webp\" \/>\n<meta name=\"twitter:card\" content=\"summary_large_image\" \/>\n<meta name=\"twitter:label1\" content=\"Gesch\u00e4tzte Lesezeit\" \/>\n\t<meta name=\"twitter:data1\" content=\"1\u00a0Minute\" \/>\n<script type=\"application\/ld+json\" class=\"yoast-schema-graph\">{\"@context\":\"https:\/\/schema.org\",\"@graph\":[{\"@type\":\"WebPage\",\"@id\":\"https:\/\/global-hookah.com\/product\/glycerin-glass-spoon-hand-pipe-wholesale\/\",\"url\":\"https:\/\/global-hookah.com\/product\/glycerin-glass-spoon-hand-pipe-wholesale\/\",\"name\":\"Glycerin Glass Spoon Hand Pipe Wholesale - Global Hookah\",\"isPartOf\":{\"@id\":\"https:\/\/global-hookah.com\/#website\"},\"primaryImageOfPage\":{\"@id\":\"https:\/\/global-hookah.com\/product\/glycerin-glass-spoon-hand-pipe-wholesale\/#primaryimage\"},\"image\":{\"@id\":\"https:\/\/global-hookah.com\/product\/glycerin-glass-spoon-hand-pipe-wholesale\/#primaryimage\"},\"thumbnailUrl\":\"https:\/\/global-hookah.com\/wp-content\/uploads\/2024\/06\/f8320661-bc33-4018-a471-718229496a1e.webp\",\"datePublished\":\"2024-06-18T00:42:56+00:00\",\"dateModified\":\"2024-06-26T03:27:23+00:00\",\"breadcrumb\":{\"@id\":\"https:\/\/global-hookah.com\/product\/glycerin-glass-spoon-hand-pipe-wholesale\/#breadcrumb\"},\"inLanguage\":\"de\",\"potentialAction\":[{\"@type\":\"ReadAction\",\"target\":[\"https:\/\/global-hookah.com\/product\/glycerin-glass-spoon-hand-pipe-wholesale\/\"]}]},{\"@type\":\"ImageObject\",\"inLanguage\":\"de\",\"@id\":\"https:\/\/global-hookah.com\/product\/glycerin-glass-spoon-hand-pipe-wholesale\/#primaryimage\",\"url\":\"https:\/\/global-hookah.com\/wp-content\/uploads\/2024\/06\/f8320661-bc33-4018-a471-718229496a1e.webp\",\"contentUrl\":\"https:\/\/global-hookah.com\/wp-content\/uploads\/2024\/06\/f8320661-bc33-4018-a471-718229496a1e.webp\",\"width\":800,\"height\":800,\"caption\":\"Glycerin Glass Spoon Hand Pipe Wholesale\"},{\"@type\":\"BreadcrumbList\",\"@id\":\"https:\/\/global-hookah.com\/product\/glycerin-glass-spoon-hand-pipe-wholesale\/#breadcrumb\",\"itemListElement\":[{\"@type\":\"ListItem\",\"position\":1,\"name\":\"Home\",\"item\":\"https:\/\/global-hookah.com\/\"},{\"@type\":\"ListItem\",\"position\":2,\"name\":\"Shop\",\"item\":\"https:\/\/global-hookah.com\/shop\/\"},{\"@type\":\"ListItem\",\"position\":3,\"name\":\"Glycerin Glass Spoon Hand Pipe Wholesale\"}]},{\"@type\":\"WebSite\",\"@id\":\"https:\/\/global-hookah.com\/#website\",\"url\":\"https:\/\/global-hookah.com\/\",\"name\":\"Global Hookah\",\"description\":\"Global Hookah\",\"publisher\":{\"@id\":\"https:\/\/global-hookah.com\/#organization\"},\"potentialAction\":[{\"@type\":\"SearchAction\",\"target\":{\"@type\":\"EntryPoint\",\"urlTemplate\":\"https:\/\/global-hookah.com\/?s={search_term_string}\"},\"query-input\":{\"@type\":\"PropertyValueSpecification\",\"valueRequired\":true,\"valueName\":\"search_term_string\"}}],\"inLanguage\":\"de\"},{\"@type\":\"Organization\",\"@id\":\"https:\/\/global-hookah.com\/#organization\",\"name\":\"Global Hookah\",\"url\":\"https:\/\/global-hookah.com\/\",\"logo\":{\"@type\":\"ImageObject\",\"inLanguage\":\"de\",\"@id\":\"https:\/\/global-hookah.com\/#\/schema\/logo\/image\/\",\"url\":\"https:\/\/global-hookah.com\/wp-content\/uploads\/2021\/10\/cropped-fgg.png\",\"contentUrl\":\"https:\/\/global-hookah.com\/wp-content\/uploads\/2021\/10\/cropped-fgg.png\",\"width\":512,\"height\":512,\"caption\":\"Global Hookah\"},\"image\":{\"@id\":\"https:\/\/global-hookah.com\/#\/schema\/logo\/image\/\"}}]}<\/script>\n<!-- \/ Yoast SEO Premium plugin. -->","yoast_head_json":{"title":"Glycerin Glas L\u00f6ffel Handpfeife Gro\u00dfhandel - Global Hookah","robots":{"index":"index","follow":"follow","max-snippet":"max-snippet:-1","max-image-preview":"max-image-preview:large","max-video-preview":"max-video-preview:-1"},"canonical":"https:\/\/global-hookah.com\/de\/produkt\/glycerin-glass-spoon-hand-pipe-wholesale\/","og_locale":"de_DE","og_type":"article","og_title":"Glycerin Glass Spoon Hand Pipe Wholesale","og_description":"Different from the conventional metallic pipes, this particular hand pipe is constructed with high-quality glass that can provide you with","og_url":"https:\/\/global-hookah.com\/de\/produkt\/glycerin-glass-spoon-hand-pipe-wholesale\/","og_site_name":"Global Hookah","article_modified_time":"2024-06-26T03:27:23+00:00","og_image":[{"width":800,"height":800,"url":"https:\/\/global-hookah.com\/wp-content\/uploads\/2024\/06\/f8320661-bc33-4018-a471-718229496a1e.webp","type":"image\/webp"}],"twitter_card":"summary_large_image","twitter_misc":{"Gesch\u00e4tzte Lesezeit":"1\u00a0Minute"},"schema":{"@context":"https:\/\/schema.org","@graph":[{"@type":"WebPage","@id":"https:\/\/global-hookah.com\/product\/glycerin-glass-spoon-hand-pipe-wholesale\/","url":"https:\/\/global-hookah.com\/product\/glycerin-glass-spoon-hand-pipe-wholesale\/","name":"Glycerin Glas L\u00f6ffel Handpfeife Gro\u00dfhandel - Global Hookah","isPartOf":{"@id":"https:\/\/global-hookah.com\/#website"},"primaryImageOfPage":{"@id":"https:\/\/global-hookah.com\/product\/glycerin-glass-spoon-hand-pipe-wholesale\/#primaryimage"},"image":{"@id":"https:\/\/global-hookah.com\/product\/glycerin-glass-spoon-hand-pipe-wholesale\/#primaryimage"},"thumbnailUrl":"https:\/\/global-hookah.com\/wp-content\/uploads\/2024\/06\/f8320661-bc33-4018-a471-718229496a1e.webp","datePublished":"2024-06-18T00:42:56+00:00","dateModified":"2024-06-26T03:27:23+00:00","breadcrumb":{"@id":"https:\/\/global-hookah.com\/product\/glycerin-glass-spoon-hand-pipe-wholesale\/#breadcrumb"},"inLanguage":"de","potentialAction":[{"@type":"ReadAction","target":["https:\/\/global-hookah.com\/product\/glycerin-glass-spoon-hand-pipe-wholesale\/"]}]},{"@type":"ImageObject","inLanguage":"de","@id":"https:\/\/global-hookah.com\/product\/glycerin-glass-spoon-hand-pipe-wholesale\/#primaryimage","url":"https:\/\/global-hookah.com\/wp-content\/uploads\/2024\/06\/f8320661-bc33-4018-a471-718229496a1e.webp","contentUrl":"https:\/\/global-hookah.com\/wp-content\/uploads\/2024\/06\/f8320661-bc33-4018-a471-718229496a1e.webp","width":800,"height":800,"caption":"Glycerin Glass Spoon Hand Pipe Wholesale"},{"@type":"BreadcrumbList","@id":"https:\/\/global-hookah.com\/product\/glycerin-glass-spoon-hand-pipe-wholesale\/#breadcrumb","itemListElement":[{"@type":"ListItem","position":1,"name":"Home","item":"https:\/\/global-hookah.com\/"},{"@type":"ListItem","position":2,"name":"Shop","item":"https:\/\/global-hookah.com\/shop\/"},{"@type":"ListItem","position":3,"name":"Glycerin Glass Spoon Hand Pipe Wholesale"}]},{"@type":"WebSite","@id":"https:\/\/global-hookah.com\/#website","url":"https:\/\/global-hookah.com\/","name":"Globale Wasserpfeife","description":"Globale Wasserpfeife","publisher":{"@id":"https:\/\/global-hookah.com\/#organization"},"potentialAction":[{"@type":"SearchAction","target":{"@type":"EntryPoint","urlTemplate":"https:\/\/global-hookah.com\/?s={search_term_string}"},"query-input":{"@type":"PropertyValueSpecification","valueRequired":true,"valueName":"search_term_string"}}],"inLanguage":"de"},{"@type":"Organization","@id":"https:\/\/global-hookah.com\/#organization","name":"Globale Wasserpfeife","url":"https:\/\/global-hookah.com\/","logo":{"@type":"ImageObject","inLanguage":"de","@id":"https:\/\/global-hookah.com\/#\/schema\/logo\/image\/","url":"https:\/\/global-hookah.com\/wp-content\/uploads\/2021\/10\/cropped-fgg.png","contentUrl":"https:\/\/global-hookah.com\/wp-content\/uploads\/2021\/10\/cropped-fgg.png","width":512,"height":512,"caption":"Global Hookah"},"image":{"@id":"https:\/\/global-hookah.com\/#\/schema\/logo\/image\/"}}]}},"_links":{"self":[{"href":"https:\/\/global-hookah.com\/de\/wp-json\/wp\/v2\/product\/28060","targetHints":{"allow":["GET"]}}],"collection":[{"href":"https:\/\/global-hookah.com\/de\/wp-json\/wp\/v2\/product"}],"about":[{"href":"https:\/\/global-hookah.com\/de\/wp-json\/wp\/v2\/types\/product"}],"replies":[{"embeddable":true,"href":"https:\/\/global-hookah.com\/de\/wp-json\/wp\/v2\/comments?post=28060"}],"version-history":[{"count":0,"href":"https:\/\/global-hookah.com\/de\/wp-json\/wp\/v2\/product\/28060\/revisions"}],"wp:featuredmedia":[{"embeddable":true,"href":"https:\/\/global-hookah.com\/de\/wp-json\/wp\/v2\/media\/28066"}],"wp:attachment":[{"href":"https:\/\/global-hookah.com\/de\/wp-json\/wp\/v2\/media?parent=28060"}],"wp:term":[{"taxonomy":"product_brand","embeddable":true,"href":"https:\/\/global-hookah.com\/de\/wp-json\/wp\/v2\/product_brand?post=28060"},{"taxonomy":"product_cat","embeddable":true,"href":"https:\/\/global-hookah.com\/de\/wp-json\/wp\/v2\/product_cat?post=28060"},{"taxonomy":"product_tag","embeddable":true,"href":"https:\/\/global-hookah.com\/de\/wp-json\/wp\/v2\/product_tag?post=28060"}],"curies":[{"name":"wp","href":"https:\/\/api.w.org\/{rel}","templated":true}]}}