{"id":28323,"date":"2024-07-09T08:25:02","date_gmt":"2024-07-09T08:25:02","guid":{"rendered":"https:\/\/global-hookah.com\/?post_type=product&#038;p=28323"},"modified":"2024-07-13T03:19:07","modified_gmt":"2024-07-13T03:19:07","slug":"wake-and-bake-pipe-mug","status":"publish","type":"product","link":"https:\/\/global-hookah.com\/de\/produkt\/wake-and-bake-pipe-mug\/","title":{"rendered":"Wake And Bake Pfeifenbecher Gro\u00dfhandel"},"content":{"rendered":"","protected":false},"excerpt":{"rendered":"<ul class=\"a-unordered-list a-vertical a-spacing-mini\">\n<li>Mehrzweck-Becher<\/li>\n<li>Wecken und Backen<\/li>\n<li>Das beste Geschenk aller Zeiten!<\/li>\n<li>Kann Anpassungen unterst\u00fctzen<\/li>\n<li>Gro\u00dfhandel kann unterst\u00fctzt werden<\/li>\n<li>Dieses Produkt unterst\u00fctzt Gro\u00dfhandel, die minimale Gro\u00dfhandelsmenge ist 50, wenn Sie Gro\u00dfhandelspreis erhalten m\u00fcssen, kontaktieren Sie uns bitte online<\/li>\n<\/ul>\n<p>[block id=\"85889-2\u2033]<\/p>\n<p>&nbsp;<\/p>","protected":false},"featured_media":28358,"comment_status":"closed","ping_status":"closed","template":"","meta":{"iawp_total_views":2,"_joinchat":[]},"product_brand":[],"product_cat":[921],"product_tag":[],"class_list":{"0":"post-28323","1":"product","2":"type-product","3":"status-publish","4":"has-post-thumbnail","6":"product_cat-wake-and-bake-mug-wholesale","8":"first","9":"instock","10":"shipping-taxable","11":"product-type-external"},"yoast_head":"<!-- This site is optimized with the Yoast SEO Premium plugin v24.7 (Yoast SEO v26.8) - https:\/\/yoast.com\/product\/yoast-seo-premium-wordpress\/ -->\n<title>Wake And Bake Pipe Mug Wholesale - Global Hookah<\/title>\n<meta name=\"robots\" content=\"index, follow, max-snippet:-1, max-image-preview:large, max-video-preview:-1\" \/>\n<link rel=\"canonical\" href=\"https:\/\/global-hookah.com\/de\/produkt\/wake-and-bake-pipe-mug\/\" \/>\n<meta property=\"og:locale\" content=\"de_DE\" \/>\n<meta property=\"og:type\" content=\"article\" \/>\n<meta property=\"og:title\" content=\"Wake And Bake Pipe Mug Wholesale\" \/>\n<meta property=\"og:description\" content=\"Multipurpose Mug  Wake and Bake  Best Gift Ever!  Can support customization  Wholesale can be supported  This product supports wholesale, the minimum wholesale quantity is 50, if you need to get wholesale price, please contact us online  [block id=&quot;85889-2&quot;]  &nbsp;\" \/>\n<meta property=\"og:url\" content=\"https:\/\/global-hookah.com\/de\/produkt\/wake-and-bake-pipe-mug\/\" \/>\n<meta property=\"og:site_name\" content=\"Global Hookah\" \/>\n<meta property=\"article:modified_time\" content=\"2024-07-13T03:19:07+00:00\" \/>\n<meta property=\"og:image\" content=\"https:\/\/global-hookah.com\/wp-content\/uploads\/2024\/07\/O1CN01KCBCQ21cAz7nQaCoZ_1779663561-0-cib.jpg\" \/>\n\t<meta property=\"og:image:width\" content=\"750\" \/>\n\t<meta property=\"og:image:height\" content=\"750\" \/>\n\t<meta property=\"og:image:type\" content=\"image\/jpeg\" \/>\n<meta name=\"twitter:card\" content=\"summary_large_image\" \/>\n<meta name=\"twitter:label1\" content=\"Gesch\u00e4tzte Lesezeit\" \/>\n\t<meta name=\"twitter:data1\" content=\"1\u00a0Minute\" \/>\n<script type=\"application\/ld+json\" class=\"yoast-schema-graph\">{\"@context\":\"https:\/\/schema.org\",\"@graph\":[{\"@type\":\"WebPage\",\"@id\":\"https:\/\/global-hookah.com\/product\/wake-and-bake-pipe-mug\/\",\"url\":\"https:\/\/global-hookah.com\/product\/wake-and-bake-pipe-mug\/\",\"name\":\"Wake And Bake Pipe Mug Wholesale - Global Hookah\",\"isPartOf\":{\"@id\":\"https:\/\/global-hookah.com\/#website\"},\"primaryImageOfPage\":{\"@id\":\"https:\/\/global-hookah.com\/product\/wake-and-bake-pipe-mug\/#primaryimage\"},\"image\":{\"@id\":\"https:\/\/global-hookah.com\/product\/wake-and-bake-pipe-mug\/#primaryimage\"},\"thumbnailUrl\":\"https:\/\/global-hookah.com\/wp-content\/uploads\/2024\/07\/O1CN01KCBCQ21cAz7nQaCoZ_1779663561-0-cib.jpg\",\"datePublished\":\"2024-07-09T08:25:02+00:00\",\"dateModified\":\"2024-07-13T03:19:07+00:00\",\"breadcrumb\":{\"@id\":\"https:\/\/global-hookah.com\/product\/wake-and-bake-pipe-mug\/#breadcrumb\"},\"inLanguage\":\"de\",\"potentialAction\":[{\"@type\":\"ReadAction\",\"target\":[\"https:\/\/global-hookah.com\/product\/wake-and-bake-pipe-mug\/\"]}]},{\"@type\":\"ImageObject\",\"inLanguage\":\"de\",\"@id\":\"https:\/\/global-hookah.com\/product\/wake-and-bake-pipe-mug\/#primaryimage\",\"url\":\"https:\/\/global-hookah.com\/wp-content\/uploads\/2024\/07\/O1CN01KCBCQ21cAz7nQaCoZ_1779663561-0-cib.jpg\",\"contentUrl\":\"https:\/\/global-hookah.com\/wp-content\/uploads\/2024\/07\/O1CN01KCBCQ21cAz7nQaCoZ_1779663561-0-cib.jpg\",\"width\":750,\"height\":750},{\"@type\":\"BreadcrumbList\",\"@id\":\"https:\/\/global-hookah.com\/product\/wake-and-bake-pipe-mug\/#breadcrumb\",\"itemListElement\":[{\"@type\":\"ListItem\",\"position\":1,\"name\":\"Home\",\"item\":\"https:\/\/global-hookah.com\/\"},{\"@type\":\"ListItem\",\"position\":2,\"name\":\"Shop\",\"item\":\"https:\/\/global-hookah.com\/shop\/\"},{\"@type\":\"ListItem\",\"position\":3,\"name\":\"Wake And Bake Pipe Mug Wholesale\"}]},{\"@type\":\"WebSite\",\"@id\":\"https:\/\/global-hookah.com\/#website\",\"url\":\"https:\/\/global-hookah.com\/\",\"name\":\"Global Hookah\",\"description\":\"Global Hookah\",\"publisher\":{\"@id\":\"https:\/\/global-hookah.com\/#organization\"},\"potentialAction\":[{\"@type\":\"SearchAction\",\"target\":{\"@type\":\"EntryPoint\",\"urlTemplate\":\"https:\/\/global-hookah.com\/?s={search_term_string}\"},\"query-input\":{\"@type\":\"PropertyValueSpecification\",\"valueRequired\":true,\"valueName\":\"search_term_string\"}}],\"inLanguage\":\"de\"},{\"@type\":\"Organization\",\"@id\":\"https:\/\/global-hookah.com\/#organization\",\"name\":\"Global Hookah\",\"url\":\"https:\/\/global-hookah.com\/\",\"logo\":{\"@type\":\"ImageObject\",\"inLanguage\":\"de\",\"@id\":\"https:\/\/global-hookah.com\/#\/schema\/logo\/image\/\",\"url\":\"https:\/\/global-hookah.com\/wp-content\/uploads\/2021\/10\/cropped-fgg.png\",\"contentUrl\":\"https:\/\/global-hookah.com\/wp-content\/uploads\/2021\/10\/cropped-fgg.png\",\"width\":512,\"height\":512,\"caption\":\"Global Hookah\"},\"image\":{\"@id\":\"https:\/\/global-hookah.com\/#\/schema\/logo\/image\/\"}}]}<\/script>\n<!-- \/ Yoast SEO Premium plugin. -->","yoast_head_json":{"title":"Wake And Bake Pfeifenbecher Gro\u00dfhandel - Global Hookah","robots":{"index":"index","follow":"follow","max-snippet":"max-snippet:-1","max-image-preview":"max-image-preview:large","max-video-preview":"max-video-preview:-1"},"canonical":"https:\/\/global-hookah.com\/de\/produkt\/wake-and-bake-pipe-mug\/","og_locale":"de_DE","og_type":"article","og_title":"Wake And Bake Pipe Mug Wholesale","og_description":"Multipurpose Mug  Wake and Bake  Best Gift Ever!  Can support customization  Wholesale can be supported  This product supports wholesale, the minimum wholesale quantity is 50, if you need to get wholesale price, please contact us online  [block id=\"85889-2\"]  &nbsp;","og_url":"https:\/\/global-hookah.com\/de\/produkt\/wake-and-bake-pipe-mug\/","og_site_name":"Global Hookah","article_modified_time":"2024-07-13T03:19:07+00:00","og_image":[{"width":750,"height":750,"url":"https:\/\/global-hookah.com\/wp-content\/uploads\/2024\/07\/O1CN01KCBCQ21cAz7nQaCoZ_1779663561-0-cib.jpg","type":"image\/jpeg"}],"twitter_card":"summary_large_image","twitter_misc":{"Gesch\u00e4tzte Lesezeit":"1\u00a0Minute"},"schema":{"@context":"https:\/\/schema.org","@graph":[{"@type":"WebPage","@id":"https:\/\/global-hookah.com\/product\/wake-and-bake-pipe-mug\/","url":"https:\/\/global-hookah.com\/product\/wake-and-bake-pipe-mug\/","name":"Wake And Bake Pfeifenbecher Gro\u00dfhandel - Global Hookah","isPartOf":{"@id":"https:\/\/global-hookah.com\/#website"},"primaryImageOfPage":{"@id":"https:\/\/global-hookah.com\/product\/wake-and-bake-pipe-mug\/#primaryimage"},"image":{"@id":"https:\/\/global-hookah.com\/product\/wake-and-bake-pipe-mug\/#primaryimage"},"thumbnailUrl":"https:\/\/global-hookah.com\/wp-content\/uploads\/2024\/07\/O1CN01KCBCQ21cAz7nQaCoZ_1779663561-0-cib.jpg","datePublished":"2024-07-09T08:25:02+00:00","dateModified":"2024-07-13T03:19:07+00:00","breadcrumb":{"@id":"https:\/\/global-hookah.com\/product\/wake-and-bake-pipe-mug\/#breadcrumb"},"inLanguage":"de","potentialAction":[{"@type":"ReadAction","target":["https:\/\/global-hookah.com\/product\/wake-and-bake-pipe-mug\/"]}]},{"@type":"ImageObject","inLanguage":"de","@id":"https:\/\/global-hookah.com\/product\/wake-and-bake-pipe-mug\/#primaryimage","url":"https:\/\/global-hookah.com\/wp-content\/uploads\/2024\/07\/O1CN01KCBCQ21cAz7nQaCoZ_1779663561-0-cib.jpg","contentUrl":"https:\/\/global-hookah.com\/wp-content\/uploads\/2024\/07\/O1CN01KCBCQ21cAz7nQaCoZ_1779663561-0-cib.jpg","width":750,"height":750},{"@type":"BreadcrumbList","@id":"https:\/\/global-hookah.com\/product\/wake-and-bake-pipe-mug\/#breadcrumb","itemListElement":[{"@type":"ListItem","position":1,"name":"Home","item":"https:\/\/global-hookah.com\/"},{"@type":"ListItem","position":2,"name":"Shop","item":"https:\/\/global-hookah.com\/shop\/"},{"@type":"ListItem","position":3,"name":"Wake And Bake Pipe Mug Wholesale"}]},{"@type":"WebSite","@id":"https:\/\/global-hookah.com\/#website","url":"https:\/\/global-hookah.com\/","name":"Globale Wasserpfeife","description":"Globale Wasserpfeife","publisher":{"@id":"https:\/\/global-hookah.com\/#organization"},"potentialAction":[{"@type":"SearchAction","target":{"@type":"EntryPoint","urlTemplate":"https:\/\/global-hookah.com\/?s={search_term_string}"},"query-input":{"@type":"PropertyValueSpecification","valueRequired":true,"valueName":"search_term_string"}}],"inLanguage":"de"},{"@type":"Organization","@id":"https:\/\/global-hookah.com\/#organization","name":"Globale Wasserpfeife","url":"https:\/\/global-hookah.com\/","logo":{"@type":"ImageObject","inLanguage":"de","@id":"https:\/\/global-hookah.com\/#\/schema\/logo\/image\/","url":"https:\/\/global-hookah.com\/wp-content\/uploads\/2021\/10\/cropped-fgg.png","contentUrl":"https:\/\/global-hookah.com\/wp-content\/uploads\/2021\/10\/cropped-fgg.png","width":512,"height":512,"caption":"Global Hookah"},"image":{"@id":"https:\/\/global-hookah.com\/#\/schema\/logo\/image\/"}}]}},"_links":{"self":[{"href":"https:\/\/global-hookah.com\/de\/wp-json\/wp\/v2\/product\/28323","targetHints":{"allow":["GET"]}}],"collection":[{"href":"https:\/\/global-hookah.com\/de\/wp-json\/wp\/v2\/product"}],"about":[{"href":"https:\/\/global-hookah.com\/de\/wp-json\/wp\/v2\/types\/product"}],"replies":[{"embeddable":true,"href":"https:\/\/global-hookah.com\/de\/wp-json\/wp\/v2\/comments?post=28323"}],"version-history":[{"count":0,"href":"https:\/\/global-hookah.com\/de\/wp-json\/wp\/v2\/product\/28323\/revisions"}],"wp:featuredmedia":[{"embeddable":true,"href":"https:\/\/global-hookah.com\/de\/wp-json\/wp\/v2\/media\/28358"}],"wp:attachment":[{"href":"https:\/\/global-hookah.com\/de\/wp-json\/wp\/v2\/media?parent=28323"}],"wp:term":[{"taxonomy":"product_brand","embeddable":true,"href":"https:\/\/global-hookah.com\/de\/wp-json\/wp\/v2\/product_brand?post=28323"},{"taxonomy":"product_cat","embeddable":true,"href":"https:\/\/global-hookah.com\/de\/wp-json\/wp\/v2\/product_cat?post=28323"},{"taxonomy":"product_tag","embeddable":true,"href":"https:\/\/global-hookah.com\/de\/wp-json\/wp\/v2\/product_tag?post=28323"}],"curies":[{"name":"wp","href":"https:\/\/api.w.org\/{rel}","templated":true}]}}