{"id":28324,"date":"2024-07-09T08:25:02","date_gmt":"2024-07-09T08:25:02","guid":{"rendered":"https:\/\/global-hookah.com\/?post_type=product&#038;p=28324"},"modified":"2024-07-13T03:19:22","modified_gmt":"2024-07-13T03:19:22","slug":"strawberry-pipe-mug","status":"publish","type":"product","link":"https:\/\/global-hookah.com\/de\/produkt\/strawberry-pipe-mug\/","title":{"rendered":"Erdbeere Pfeife Becher Gro\u00dfhandel"},"content":{"rendered":"<p>Dieser niedlich aussehende Becher hat die Form einer Erdbeere. Es hat ein auff\u00e4lliges Design, das einzigartig in seiner eigenen ist. Das Design selbst unterscheidet ihn von anderen Pfeifenbechern, die heute auf dem Markt erh\u00e4ltlich sind. Wenn du auf fruchtige Farben stehst, dann ist dies der richtige Becher f\u00fcr dich; und er kann auch als normaler Becher verwendet werden. Es nimmt bis zu 50ml jedes Getr\u00e4nk, das Sie bevorzugen k\u00f6nnen, hat einen kleinen Griff auf der R\u00fcckseite, die es einfacher zu halten, wenn das Trinken macht.<\/p>\n<p>Er besteht aus Keramik und ist daher f\u00fcr jedermann sicher; sogar Kinder k\u00f6nnen ihn benutzen, ohne sich Sorgen zu machen, verletzt oder vergiftet zu werden. Die Farbglasurtechnik, die bei diesem Pfeifenbecher verwendet wird, macht ihn lebendiger und heller als andere, die anderswo zum Verkauf stehen - so zart, dass die Reinigung einfach wird und auch die Sp\u00fclmaschinensicherheit durch solche bei der Herstellung eingesetzten Methoden gew\u00e4hrleistet ist. Dieses besondere St\u00fcck sieht au\u00dfergew\u00f6hnlich gut aus, weil bei seiner Herstellung farbige Glasuren aufgetragen wurden, was ihm insgesamt ein attraktives Aussehen verleiht.<\/p>\n<p>Die Pfeifen k\u00f6nnen f\u00fcr viele Zwecke verwendet werden, wie z.B. zum Kaffee- oder Teetrinken, aber nicht nur... Man kann sie auch verschenken, vor allem, wenn sie f\u00fcr Personen bestimmt sind, die gerne Tabakpfeifen oder Unkrautpfeifen rauchen! Jeder, der einen Sinn f\u00fcr Spa\u00df an seinem <a href=\"https:\/\/global-hookah.com\/product\/wholesale-hookah-shisha-pipe-with-smoking-accessories\/\">Raucherzubeh\u00f6r<\/a> werden diese Artikel ansprechend finden, da sie in leuchtenden roten Farben und mit verspielten Mustern versehen sind.<\/p>\n<p>Wenn man auf der Suche nach einer ausgefallenen Geschenkidee ist, die sich speziell an jemanden richtet, der den ganzen Tag Pfeife raucht - dann ist man hier genau richtig, denn schon das \u00d6ffnen solcher Pakete w\u00fcrde beim Empf\u00e4nger f\u00fcr Gel\u00e4chter sorgen!<\/p>","protected":false},"excerpt":{"rendered":"<ul class=\"a-unordered-list a-vertical a-spacing-mini\">\n<li>Einzigartiges Design in Form einer Erdbeere<\/li>\n<li><a href=\"https:\/\/global-hookah.com\/product\/wake-and-bake-pipe-mug-wholesale\/\">Wecken und Backen<\/a><\/li>\n<li>Strawberry Pipe Mug ist ein perfektes Geschenk<\/li>\n<li>Kann Anpassungen unterst\u00fctzen<\/li>\n<li>Gro\u00dfhandel kann unterst\u00fctzt werden<\/li>\n<li>Dieses Produkt unterst\u00fctzt Gro\u00dfhandel, die minimale Gro\u00dfhandelsmenge ist 50, wenn Sie Gro\u00dfhandelspreis erhalten m\u00fcssen, kontaktieren Sie uns bitte online<\/li>\n<\/ul>\n<p>[block id=\"85889-2\u2033]<\/p>","protected":false},"featured_media":28368,"comment_status":"closed","ping_status":"closed","template":"","meta":{"iawp_total_views":0,"_joinchat":[]},"product_brand":[],"product_cat":[921],"product_tag":[],"class_list":{"0":"post-28324","1":"product","2":"type-product","3":"status-publish","4":"has-post-thumbnail","6":"product_cat-wake-and-bake-mug-wholesale","8":"first","9":"instock","10":"shipping-taxable","11":"product-type-external"},"yoast_head":"<!-- This site is optimized with the Yoast SEO Premium plugin v24.7 (Yoast SEO v26.8) - https:\/\/yoast.com\/product\/yoast-seo-premium-wordpress\/ -->\n<title>Strawberry Pipe Mug Wholesale - Global Hookah<\/title>\n<meta name=\"robots\" content=\"index, follow, max-snippet:-1, max-image-preview:large, max-video-preview:-1\" \/>\n<link rel=\"canonical\" href=\"https:\/\/global-hookah.com\/de\/produkt\/strawberry-pipe-mug\/\" \/>\n<meta property=\"og:locale\" content=\"de_DE\" \/>\n<meta property=\"og:type\" content=\"article\" \/>\n<meta property=\"og:title\" content=\"Strawberry Pipe Mug Wholesale\" \/>\n<meta property=\"og:description\" content=\"Unique Strawberry Shape Design  Wake And Bake  Strawberry Pipe Mug Is A Perfect Gift  Can support customization  Wholesale can be supported  This product supports wholesale, the minimum wholesale quantity is 50, if you need to get wholesale price, please contact us online  [block id=&quot;85889-2&quot;]\" \/>\n<meta property=\"og:url\" content=\"https:\/\/global-hookah.com\/de\/produkt\/strawberry-pipe-mug\/\" \/>\n<meta property=\"og:site_name\" content=\"Global Hookah\" \/>\n<meta property=\"article:modified_time\" content=\"2024-07-13T03:19:22+00:00\" \/>\n<meta property=\"og:image\" content=\"https:\/\/global-hookah.com\/wp-content\/uploads\/2024\/07\/2b3d31f5bf1ed0a52e39fd8b735824d.jpg\" \/>\n\t<meta property=\"og:image:width\" content=\"800\" \/>\n\t<meta property=\"og:image:height\" content=\"800\" \/>\n\t<meta property=\"og:image:type\" content=\"image\/jpeg\" \/>\n<meta name=\"twitter:card\" content=\"summary_large_image\" \/>\n<meta name=\"twitter:label1\" content=\"Gesch\u00e4tzte Lesezeit\" \/>\n\t<meta name=\"twitter:data1\" content=\"2\u00a0Minuten\" \/>\n<script type=\"application\/ld+json\" class=\"yoast-schema-graph\">{\"@context\":\"https:\/\/schema.org\",\"@graph\":[{\"@type\":\"WebPage\",\"@id\":\"https:\/\/global-hookah.com\/product\/strawberry-pipe-mug\/\",\"url\":\"https:\/\/global-hookah.com\/product\/strawberry-pipe-mug\/\",\"name\":\"Strawberry Pipe Mug Wholesale - Global Hookah\",\"isPartOf\":{\"@id\":\"https:\/\/global-hookah.com\/#website\"},\"primaryImageOfPage\":{\"@id\":\"https:\/\/global-hookah.com\/product\/strawberry-pipe-mug\/#primaryimage\"},\"image\":{\"@id\":\"https:\/\/global-hookah.com\/product\/strawberry-pipe-mug\/#primaryimage\"},\"thumbnailUrl\":\"https:\/\/global-hookah.com\/wp-content\/uploads\/2024\/07\/2b3d31f5bf1ed0a52e39fd8b735824d.jpg\",\"datePublished\":\"2024-07-09T08:25:02+00:00\",\"dateModified\":\"2024-07-13T03:19:22+00:00\",\"breadcrumb\":{\"@id\":\"https:\/\/global-hookah.com\/product\/strawberry-pipe-mug\/#breadcrumb\"},\"inLanguage\":\"de\",\"potentialAction\":[{\"@type\":\"ReadAction\",\"target\":[\"https:\/\/global-hookah.com\/product\/strawberry-pipe-mug\/\"]}]},{\"@type\":\"ImageObject\",\"inLanguage\":\"de\",\"@id\":\"https:\/\/global-hookah.com\/product\/strawberry-pipe-mug\/#primaryimage\",\"url\":\"https:\/\/global-hookah.com\/wp-content\/uploads\/2024\/07\/2b3d31f5bf1ed0a52e39fd8b735824d.jpg\",\"contentUrl\":\"https:\/\/global-hookah.com\/wp-content\/uploads\/2024\/07\/2b3d31f5bf1ed0a52e39fd8b735824d.jpg\",\"width\":800,\"height\":800},{\"@type\":\"BreadcrumbList\",\"@id\":\"https:\/\/global-hookah.com\/product\/strawberry-pipe-mug\/#breadcrumb\",\"itemListElement\":[{\"@type\":\"ListItem\",\"position\":1,\"name\":\"Home\",\"item\":\"https:\/\/global-hookah.com\/\"},{\"@type\":\"ListItem\",\"position\":2,\"name\":\"Shop\",\"item\":\"https:\/\/global-hookah.com\/shop\/\"},{\"@type\":\"ListItem\",\"position\":3,\"name\":\"Strawberry Pipe Mug Wholesale\"}]},{\"@type\":\"WebSite\",\"@id\":\"https:\/\/global-hookah.com\/#website\",\"url\":\"https:\/\/global-hookah.com\/\",\"name\":\"Global Hookah\",\"description\":\"Global Hookah\",\"publisher\":{\"@id\":\"https:\/\/global-hookah.com\/#organization\"},\"potentialAction\":[{\"@type\":\"SearchAction\",\"target\":{\"@type\":\"EntryPoint\",\"urlTemplate\":\"https:\/\/global-hookah.com\/?s={search_term_string}\"},\"query-input\":{\"@type\":\"PropertyValueSpecification\",\"valueRequired\":true,\"valueName\":\"search_term_string\"}}],\"inLanguage\":\"de\"},{\"@type\":\"Organization\",\"@id\":\"https:\/\/global-hookah.com\/#organization\",\"name\":\"Global Hookah\",\"url\":\"https:\/\/global-hookah.com\/\",\"logo\":{\"@type\":\"ImageObject\",\"inLanguage\":\"de\",\"@id\":\"https:\/\/global-hookah.com\/#\/schema\/logo\/image\/\",\"url\":\"https:\/\/global-hookah.com\/wp-content\/uploads\/2021\/10\/cropped-fgg.png\",\"contentUrl\":\"https:\/\/global-hookah.com\/wp-content\/uploads\/2021\/10\/cropped-fgg.png\",\"width\":512,\"height\":512,\"caption\":\"Global Hookah\"},\"image\":{\"@id\":\"https:\/\/global-hookah.com\/#\/schema\/logo\/image\/\"}}]}<\/script>\n<!-- \/ Yoast SEO Premium plugin. -->","yoast_head_json":{"title":"Erdbeerpfeifenbecher Gro\u00dfhandel - Global Hookah","robots":{"index":"index","follow":"follow","max-snippet":"max-snippet:-1","max-image-preview":"max-image-preview:large","max-video-preview":"max-video-preview:-1"},"canonical":"https:\/\/global-hookah.com\/de\/produkt\/strawberry-pipe-mug\/","og_locale":"de_DE","og_type":"article","og_title":"Strawberry Pipe Mug Wholesale","og_description":"Unique Strawberry Shape Design  Wake And Bake  Strawberry Pipe Mug Is A Perfect Gift  Can support customization  Wholesale can be supported  This product supports wholesale, the minimum wholesale quantity is 50, if you need to get wholesale price, please contact us online  [block id=\"85889-2\"]","og_url":"https:\/\/global-hookah.com\/de\/produkt\/strawberry-pipe-mug\/","og_site_name":"Global Hookah","article_modified_time":"2024-07-13T03:19:22+00:00","og_image":[{"width":800,"height":800,"url":"https:\/\/global-hookah.com\/wp-content\/uploads\/2024\/07\/2b3d31f5bf1ed0a52e39fd8b735824d.jpg","type":"image\/jpeg"}],"twitter_card":"summary_large_image","twitter_misc":{"Gesch\u00e4tzte Lesezeit":"2\u00a0Minuten"},"schema":{"@context":"https:\/\/schema.org","@graph":[{"@type":"WebPage","@id":"https:\/\/global-hookah.com\/product\/strawberry-pipe-mug\/","url":"https:\/\/global-hookah.com\/product\/strawberry-pipe-mug\/","name":"Erdbeerpfeifenbecher Gro\u00dfhandel - Global Hookah","isPartOf":{"@id":"https:\/\/global-hookah.com\/#website"},"primaryImageOfPage":{"@id":"https:\/\/global-hookah.com\/product\/strawberry-pipe-mug\/#primaryimage"},"image":{"@id":"https:\/\/global-hookah.com\/product\/strawberry-pipe-mug\/#primaryimage"},"thumbnailUrl":"https:\/\/global-hookah.com\/wp-content\/uploads\/2024\/07\/2b3d31f5bf1ed0a52e39fd8b735824d.jpg","datePublished":"2024-07-09T08:25:02+00:00","dateModified":"2024-07-13T03:19:22+00:00","breadcrumb":{"@id":"https:\/\/global-hookah.com\/product\/strawberry-pipe-mug\/#breadcrumb"},"inLanguage":"de","potentialAction":[{"@type":"ReadAction","target":["https:\/\/global-hookah.com\/product\/strawberry-pipe-mug\/"]}]},{"@type":"ImageObject","inLanguage":"de","@id":"https:\/\/global-hookah.com\/product\/strawberry-pipe-mug\/#primaryimage","url":"https:\/\/global-hookah.com\/wp-content\/uploads\/2024\/07\/2b3d31f5bf1ed0a52e39fd8b735824d.jpg","contentUrl":"https:\/\/global-hookah.com\/wp-content\/uploads\/2024\/07\/2b3d31f5bf1ed0a52e39fd8b735824d.jpg","width":800,"height":800},{"@type":"BreadcrumbList","@id":"https:\/\/global-hookah.com\/product\/strawberry-pipe-mug\/#breadcrumb","itemListElement":[{"@type":"ListItem","position":1,"name":"Home","item":"https:\/\/global-hookah.com\/"},{"@type":"ListItem","position":2,"name":"Shop","item":"https:\/\/global-hookah.com\/shop\/"},{"@type":"ListItem","position":3,"name":"Strawberry Pipe Mug Wholesale"}]},{"@type":"WebSite","@id":"https:\/\/global-hookah.com\/#website","url":"https:\/\/global-hookah.com\/","name":"Globale Wasserpfeife","description":"Globale Wasserpfeife","publisher":{"@id":"https:\/\/global-hookah.com\/#organization"},"potentialAction":[{"@type":"SearchAction","target":{"@type":"EntryPoint","urlTemplate":"https:\/\/global-hookah.com\/?s={search_term_string}"},"query-input":{"@type":"PropertyValueSpecification","valueRequired":true,"valueName":"search_term_string"}}],"inLanguage":"de"},{"@type":"Organization","@id":"https:\/\/global-hookah.com\/#organization","name":"Globale Wasserpfeife","url":"https:\/\/global-hookah.com\/","logo":{"@type":"ImageObject","inLanguage":"de","@id":"https:\/\/global-hookah.com\/#\/schema\/logo\/image\/","url":"https:\/\/global-hookah.com\/wp-content\/uploads\/2021\/10\/cropped-fgg.png","contentUrl":"https:\/\/global-hookah.com\/wp-content\/uploads\/2021\/10\/cropped-fgg.png","width":512,"height":512,"caption":"Global Hookah"},"image":{"@id":"https:\/\/global-hookah.com\/#\/schema\/logo\/image\/"}}]}},"_links":{"self":[{"href":"https:\/\/global-hookah.com\/de\/wp-json\/wp\/v2\/product\/28324","targetHints":{"allow":["GET"]}}],"collection":[{"href":"https:\/\/global-hookah.com\/de\/wp-json\/wp\/v2\/product"}],"about":[{"href":"https:\/\/global-hookah.com\/de\/wp-json\/wp\/v2\/types\/product"}],"replies":[{"embeddable":true,"href":"https:\/\/global-hookah.com\/de\/wp-json\/wp\/v2\/comments?post=28324"}],"version-history":[{"count":0,"href":"https:\/\/global-hookah.com\/de\/wp-json\/wp\/v2\/product\/28324\/revisions"}],"wp:featuredmedia":[{"embeddable":true,"href":"https:\/\/global-hookah.com\/de\/wp-json\/wp\/v2\/media\/28368"}],"wp:attachment":[{"href":"https:\/\/global-hookah.com\/de\/wp-json\/wp\/v2\/media?parent=28324"}],"wp:term":[{"taxonomy":"product_brand","embeddable":true,"href":"https:\/\/global-hookah.com\/de\/wp-json\/wp\/v2\/product_brand?post=28324"},{"taxonomy":"product_cat","embeddable":true,"href":"https:\/\/global-hookah.com\/de\/wp-json\/wp\/v2\/product_cat?post=28324"},{"taxonomy":"product_tag","embeddable":true,"href":"https:\/\/global-hookah.com\/de\/wp-json\/wp\/v2\/product_tag?post=28324"}],"curies":[{"name":"wp","href":"https:\/\/api.w.org\/{rel}","templated":true}]}}