{"id":28325,"date":"2024-07-09T08:25:02","date_gmt":"2024-07-09T08:25:02","guid":{"rendered":"https:\/\/global-hookah.com\/?post_type=product&#038;p=28325"},"modified":"2024-07-12T02:13:07","modified_gmt":"2024-07-12T02:13:07","slug":"coffee-pipe-mug-wholesale","status":"publish","type":"product","link":"https:\/\/global-hookah.com\/de\/produkt\/coffee-pipe-mug-wholesale\/","title":{"rendered":"Kaffeepfeife Becher Gro\u00dfhandel"},"content":{"rendered":"<p>Wenn Sie beim Rauchen an Ihrem Tee oder Kaffee nippen m\u00f6chten, dann ist der Coffee Pipe Mug genau das Richtige f\u00fcr Sie. Mit einem Loch in der Mitte erm\u00f6glicht diese Tasse das Rauchen von Tabak, ohne ihn aus der Tasse nehmen zu m\u00fcssen; und sie funktioniert auch mit Kr\u00e4utern - was auch immer Ihr Favorit ist.<\/p>\n<p>Manche Menschen, die gerne Kaffee trinken, verwenden lieber eine Kaffeetasse in Pfeifenform als irgendeine andere Art. Wenn Sie gleichzeitig Kaffee trinken und Tabak rauchen m\u00f6chten, ist dies ideal.<\/p>\n<p>Ein weiterer Vorteil dieses Pfeifenbechers ist, dass er ohne zus\u00e4tzliches Werkzeug oder Zubeh\u00f6r funktioniert. Einfach mit Wasser f\u00fcllen, Tabak hineinlegen, anz\u00fcnden... und losrauchen!<\/p>\n<p>Au\u00dferdem ist sie mikrowellen- und sp\u00fclmaschinengeeignet, was die Reinigung nach dem Gebrauch zu einem Kinderspiel macht! Dies kann auch als eine gute Geschenkidee f\u00fcr Kollegen, Freunde, Familienmitglieder usw. dienen, abgesehen davon, dass es ein weiteres Sammlerst\u00fcck ist.<\/p>\n<p>Sie k\u00f6nnen jede Fl\u00fcssigkeit in diesen Becher gie\u00dfen, ohne seine Form \u00fcberhaupt zu ver\u00e4ndern. Er ist sowohl f\u00fcr kalte als auch f\u00fcr hei\u00dfe Getr\u00e4nke geeignet - ob Kaffee, Tee, Wasser oder Whiskey, alles passt hinein! Die Becher sind aus Keramik gefertigt und haben ein attraktives Design, das sie viel besser aussehen l\u00e4sst als andere Modelle, die heute auf dem Markt erh\u00e4ltlich sind.<\/p>","protected":false},"excerpt":{"rendered":"<ul class=\"a-unordered-list a-vertical a-spacing-mini\">\n<li>Dieser Coffee Pipe Mug ist eine der besten M\u00f6glichkeiten, Ihre Kaffeezeit zu genie\u00dfen.<\/li>\n<li>Der Becher ist aus Keramik gefertigt und fasst 15 Unzen Fl\u00fcssigkeit.<\/li>\n<li>Das keramische Material macht diesen Becher stabiler und hitzebest\u00e4ndiger, so dass er in der Mikrowelle und in der Sp\u00fclmaschine verwendet werden kann.<\/li>\n<li>Sie k\u00f6nnen das Rauchen bei einer Tasse Kaffee genie\u00dfen.<\/li>\n<li>Gr\u00f6\u00dfe: 13.8cm*12.5cm*9.00cm<\/li>\n<li>Kann Anpassungen unterst\u00fctzen<\/li>\n<li><a href=\"https:\/\/www.muxiang.shop\/product-category\/pipe-mug\/\">Gro\u00dfhandel kann unterst\u00fctzt werden<\/a><\/li>\n<\/ul>\n<p>[block id=\"85889-2\u2033]<\/p>","protected":false},"featured_media":28374,"comment_status":"closed","ping_status":"closed","template":"","meta":{"iawp_total_views":1,"_joinchat":[]},"product_brand":[],"product_cat":[921],"product_tag":[],"class_list":{"0":"post-28325","1":"product","2":"type-product","3":"status-publish","4":"has-post-thumbnail","6":"product_cat-wake-and-bake-mug-wholesale","8":"first","9":"instock","10":"shipping-taxable","11":"product-type-external"},"yoast_head":"<!-- This site is optimized with the Yoast SEO Premium plugin v24.7 (Yoast SEO v26.8) - https:\/\/yoast.com\/product\/yoast-seo-premium-wordpress\/ -->\n<title>Coffee Pipe Mug Wholesale - Global Hookah<\/title>\n<meta name=\"robots\" content=\"index, follow, max-snippet:-1, max-image-preview:large, max-video-preview:-1\" \/>\n<link rel=\"canonical\" href=\"https:\/\/global-hookah.com\/de\/produkt\/coffee-pipe-mug-wholesale\/\" \/>\n<meta property=\"og:locale\" content=\"de_DE\" \/>\n<meta property=\"og:type\" content=\"article\" \/>\n<meta property=\"og:title\" content=\"Coffee Pipe Mug Wholesale\" \/>\n<meta property=\"og:description\" content=\"This Coffee Pipe Mug is one of the greatest way to enjoy your coffee time.  The mug is made of ceramic and holds 15 ounces of liquid.  Ceramic material makes this mug sturdier and heat resistant, which is safe to use in microwave oven and dishwasher.  you can enjoy smoking while having a cup of coffee.  Size: 13.8cm*12.5cm*9.00cm  Can support customization  Wholesale can be supported  [block id=&quot;85889-2&quot;]\" \/>\n<meta property=\"og:url\" content=\"https:\/\/global-hookah.com\/de\/produkt\/coffee-pipe-mug-wholesale\/\" \/>\n<meta property=\"og:site_name\" content=\"Global Hookah\" \/>\n<meta property=\"article:modified_time\" content=\"2024-07-12T02:13:07+00:00\" \/>\n<meta property=\"og:image\" content=\"https:\/\/global-hookah.com\/wp-content\/uploads\/2024\/07\/2862213780_1062217536.jpg\" \/>\n\t<meta property=\"og:image:width\" content=\"800\" \/>\n\t<meta property=\"og:image:height\" content=\"800\" \/>\n\t<meta property=\"og:image:type\" content=\"image\/jpeg\" \/>\n<meta name=\"twitter:card\" content=\"summary_large_image\" \/>\n<meta name=\"twitter:label1\" content=\"Gesch\u00e4tzte Lesezeit\" \/>\n\t<meta name=\"twitter:data1\" content=\"2\u00a0Minuten\" \/>\n<script type=\"application\/ld+json\" class=\"yoast-schema-graph\">{\"@context\":\"https:\/\/schema.org\",\"@graph\":[{\"@type\":\"WebPage\",\"@id\":\"https:\/\/global-hookah.com\/product\/coffee-pipe-mug-wholesale\/\",\"url\":\"https:\/\/global-hookah.com\/product\/coffee-pipe-mug-wholesale\/\",\"name\":\"Coffee Pipe Mug Wholesale - Global Hookah\",\"isPartOf\":{\"@id\":\"https:\/\/global-hookah.com\/#website\"},\"primaryImageOfPage\":{\"@id\":\"https:\/\/global-hookah.com\/product\/coffee-pipe-mug-wholesale\/#primaryimage\"},\"image\":{\"@id\":\"https:\/\/global-hookah.com\/product\/coffee-pipe-mug-wholesale\/#primaryimage\"},\"thumbnailUrl\":\"https:\/\/global-hookah.com\/wp-content\/uploads\/2024\/07\/2862213780_1062217536.jpg\",\"datePublished\":\"2024-07-09T08:25:02+00:00\",\"dateModified\":\"2024-07-12T02:13:07+00:00\",\"breadcrumb\":{\"@id\":\"https:\/\/global-hookah.com\/product\/coffee-pipe-mug-wholesale\/#breadcrumb\"},\"inLanguage\":\"de\",\"potentialAction\":[{\"@type\":\"ReadAction\",\"target\":[\"https:\/\/global-hookah.com\/product\/coffee-pipe-mug-wholesale\/\"]}]},{\"@type\":\"ImageObject\",\"inLanguage\":\"de\",\"@id\":\"https:\/\/global-hookah.com\/product\/coffee-pipe-mug-wholesale\/#primaryimage\",\"url\":\"https:\/\/global-hookah.com\/wp-content\/uploads\/2024\/07\/2862213780_1062217536.jpg\",\"contentUrl\":\"https:\/\/global-hookah.com\/wp-content\/uploads\/2024\/07\/2862213780_1062217536.jpg\",\"width\":800,\"height\":800},{\"@type\":\"BreadcrumbList\",\"@id\":\"https:\/\/global-hookah.com\/product\/coffee-pipe-mug-wholesale\/#breadcrumb\",\"itemListElement\":[{\"@type\":\"ListItem\",\"position\":1,\"name\":\"Home\",\"item\":\"https:\/\/global-hookah.com\/\"},{\"@type\":\"ListItem\",\"position\":2,\"name\":\"Shop\",\"item\":\"https:\/\/global-hookah.com\/shop\/\"},{\"@type\":\"ListItem\",\"position\":3,\"name\":\"Coffee Pipe Mug Wholesale\"}]},{\"@type\":\"WebSite\",\"@id\":\"https:\/\/global-hookah.com\/#website\",\"url\":\"https:\/\/global-hookah.com\/\",\"name\":\"Global Hookah\",\"description\":\"Global Hookah\",\"publisher\":{\"@id\":\"https:\/\/global-hookah.com\/#organization\"},\"potentialAction\":[{\"@type\":\"SearchAction\",\"target\":{\"@type\":\"EntryPoint\",\"urlTemplate\":\"https:\/\/global-hookah.com\/?s={search_term_string}\"},\"query-input\":{\"@type\":\"PropertyValueSpecification\",\"valueRequired\":true,\"valueName\":\"search_term_string\"}}],\"inLanguage\":\"de\"},{\"@type\":\"Organization\",\"@id\":\"https:\/\/global-hookah.com\/#organization\",\"name\":\"Global Hookah\",\"url\":\"https:\/\/global-hookah.com\/\",\"logo\":{\"@type\":\"ImageObject\",\"inLanguage\":\"de\",\"@id\":\"https:\/\/global-hookah.com\/#\/schema\/logo\/image\/\",\"url\":\"https:\/\/global-hookah.com\/wp-content\/uploads\/2021\/10\/cropped-fgg.png\",\"contentUrl\":\"https:\/\/global-hookah.com\/wp-content\/uploads\/2021\/10\/cropped-fgg.png\",\"width\":512,\"height\":512,\"caption\":\"Global Hookah\"},\"image\":{\"@id\":\"https:\/\/global-hookah.com\/#\/schema\/logo\/image\/\"}}]}<\/script>\n<!-- \/ Yoast SEO Premium plugin. -->","yoast_head_json":{"title":"Kaffeepfeifenbecher Gro\u00dfhandel - Global Hookah","robots":{"index":"index","follow":"follow","max-snippet":"max-snippet:-1","max-image-preview":"max-image-preview:large","max-video-preview":"max-video-preview:-1"},"canonical":"https:\/\/global-hookah.com\/de\/produkt\/coffee-pipe-mug-wholesale\/","og_locale":"de_DE","og_type":"article","og_title":"Coffee Pipe Mug Wholesale","og_description":"This Coffee Pipe Mug is one of the greatest way to enjoy your coffee time.  The mug is made of ceramic and holds 15 ounces of liquid.  Ceramic material makes this mug sturdier and heat resistant, which is safe to use in microwave oven and dishwasher.  you can enjoy smoking while having a cup of coffee.  Size: 13.8cm*12.5cm*9.00cm  Can support customization  Wholesale can be supported  [block id=\"85889-2\"]","og_url":"https:\/\/global-hookah.com\/de\/produkt\/coffee-pipe-mug-wholesale\/","og_site_name":"Global Hookah","article_modified_time":"2024-07-12T02:13:07+00:00","og_image":[{"width":800,"height":800,"url":"https:\/\/global-hookah.com\/wp-content\/uploads\/2024\/07\/2862213780_1062217536.jpg","type":"image\/jpeg"}],"twitter_card":"summary_large_image","twitter_misc":{"Gesch\u00e4tzte Lesezeit":"2\u00a0Minuten"},"schema":{"@context":"https:\/\/schema.org","@graph":[{"@type":"WebPage","@id":"https:\/\/global-hookah.com\/product\/coffee-pipe-mug-wholesale\/","url":"https:\/\/global-hookah.com\/product\/coffee-pipe-mug-wholesale\/","name":"Kaffeepfeifenbecher Gro\u00dfhandel - Global Hookah","isPartOf":{"@id":"https:\/\/global-hookah.com\/#website"},"primaryImageOfPage":{"@id":"https:\/\/global-hookah.com\/product\/coffee-pipe-mug-wholesale\/#primaryimage"},"image":{"@id":"https:\/\/global-hookah.com\/product\/coffee-pipe-mug-wholesale\/#primaryimage"},"thumbnailUrl":"https:\/\/global-hookah.com\/wp-content\/uploads\/2024\/07\/2862213780_1062217536.jpg","datePublished":"2024-07-09T08:25:02+00:00","dateModified":"2024-07-12T02:13:07+00:00","breadcrumb":{"@id":"https:\/\/global-hookah.com\/product\/coffee-pipe-mug-wholesale\/#breadcrumb"},"inLanguage":"de","potentialAction":[{"@type":"ReadAction","target":["https:\/\/global-hookah.com\/product\/coffee-pipe-mug-wholesale\/"]}]},{"@type":"ImageObject","inLanguage":"de","@id":"https:\/\/global-hookah.com\/product\/coffee-pipe-mug-wholesale\/#primaryimage","url":"https:\/\/global-hookah.com\/wp-content\/uploads\/2024\/07\/2862213780_1062217536.jpg","contentUrl":"https:\/\/global-hookah.com\/wp-content\/uploads\/2024\/07\/2862213780_1062217536.jpg","width":800,"height":800},{"@type":"BreadcrumbList","@id":"https:\/\/global-hookah.com\/product\/coffee-pipe-mug-wholesale\/#breadcrumb","itemListElement":[{"@type":"ListItem","position":1,"name":"Home","item":"https:\/\/global-hookah.com\/"},{"@type":"ListItem","position":2,"name":"Shop","item":"https:\/\/global-hookah.com\/shop\/"},{"@type":"ListItem","position":3,"name":"Coffee Pipe Mug Wholesale"}]},{"@type":"WebSite","@id":"https:\/\/global-hookah.com\/#website","url":"https:\/\/global-hookah.com\/","name":"Globale Wasserpfeife","description":"Globale Wasserpfeife","publisher":{"@id":"https:\/\/global-hookah.com\/#organization"},"potentialAction":[{"@type":"SearchAction","target":{"@type":"EntryPoint","urlTemplate":"https:\/\/global-hookah.com\/?s={search_term_string}"},"query-input":{"@type":"PropertyValueSpecification","valueRequired":true,"valueName":"search_term_string"}}],"inLanguage":"de"},{"@type":"Organization","@id":"https:\/\/global-hookah.com\/#organization","name":"Globale Wasserpfeife","url":"https:\/\/global-hookah.com\/","logo":{"@type":"ImageObject","inLanguage":"de","@id":"https:\/\/global-hookah.com\/#\/schema\/logo\/image\/","url":"https:\/\/global-hookah.com\/wp-content\/uploads\/2021\/10\/cropped-fgg.png","contentUrl":"https:\/\/global-hookah.com\/wp-content\/uploads\/2021\/10\/cropped-fgg.png","width":512,"height":512,"caption":"Global Hookah"},"image":{"@id":"https:\/\/global-hookah.com\/#\/schema\/logo\/image\/"}}]}},"_links":{"self":[{"href":"https:\/\/global-hookah.com\/de\/wp-json\/wp\/v2\/product\/28325","targetHints":{"allow":["GET"]}}],"collection":[{"href":"https:\/\/global-hookah.com\/de\/wp-json\/wp\/v2\/product"}],"about":[{"href":"https:\/\/global-hookah.com\/de\/wp-json\/wp\/v2\/types\/product"}],"replies":[{"embeddable":true,"href":"https:\/\/global-hookah.com\/de\/wp-json\/wp\/v2\/comments?post=28325"}],"version-history":[{"count":0,"href":"https:\/\/global-hookah.com\/de\/wp-json\/wp\/v2\/product\/28325\/revisions"}],"wp:featuredmedia":[{"embeddable":true,"href":"https:\/\/global-hookah.com\/de\/wp-json\/wp\/v2\/media\/28374"}],"wp:attachment":[{"href":"https:\/\/global-hookah.com\/de\/wp-json\/wp\/v2\/media?parent=28325"}],"wp:term":[{"taxonomy":"product_brand","embeddable":true,"href":"https:\/\/global-hookah.com\/de\/wp-json\/wp\/v2\/product_brand?post=28325"},{"taxonomy":"product_cat","embeddable":true,"href":"https:\/\/global-hookah.com\/de\/wp-json\/wp\/v2\/product_cat?post=28325"},{"taxonomy":"product_tag","embeddable":true,"href":"https:\/\/global-hookah.com\/de\/wp-json\/wp\/v2\/product_tag?post=28325"}],"curies":[{"name":"wp","href":"https:\/\/api.w.org\/{rel}","templated":true}]}}