{"id":28326,"date":"2024-07-09T08:25:02","date_gmt":"2024-07-09T08:25:02","guid":{"rendered":"https:\/\/global-hookah.com\/?post_type=product&#038;p=28326"},"modified":"2024-07-13T03:18:26","modified_gmt":"2024-07-13T03:18:26","slug":"black-smoking-pipe-mug","status":"publish","type":"product","link":"https:\/\/global-hookah.com\/de\/produkt\/black-smoking-pipe-mug\/","title":{"rendered":"Schwarz Rauchen Pfeife Mug Gro\u00dfhandel"},"content":{"rendered":"<p>Der Smoking Pipe Mug ist aus erstklassiger Keramik gefertigt und widerstandsf\u00e4higer als selbst der st\u00e4rkste Kaffee oder Tee - ob Sie nun an einer Tasse Kaffee oder einem hei\u00dfen Kakao nippen, dieses Ding h\u00e4lt Ihr Getr\u00e4nk dank seiner doppelwandigen Isolierung den ganzen Tag lang auf der perfekten Temperatur.<\/p>\n<p>Dieser Becher eignet sich hervorragend f\u00fcr jeden passionierten Pfeifenraucher und ist ein hervorragendes Geschenk. Alle Tassen werden mit bleifreien Glasuren hergestellt, die hoch gebrannt werden, was bedeutet, dass sie sich nicht so leicht abnutzen wie andere Keramikprodukte.<\/p>\n<p>Sein minimalistisches Design sorgt daf\u00fcr, dass er sich in jede Art von Inneneinrichtung einf\u00fcgt und dennoch eine klassische und moderne Ausstrahlung hat. Mit seinem ergonomischen Griff l\u00e4sst er sich leicht festhalten und ist ein praktisches Accessoire f\u00fcr das morgendliche Einschenken von Kaffee oder Tee.<\/p>\n<p>Pipe Mug hat au\u00dferdem ein Loch im Boden, in dem man seine Pfeife w\u00e4hrend einer Rauchpause abstellen kann.<\/p>\n<p>Dadurch, dass das Rohr aufrecht und stabil gehalten wird, wird ein Auslaufen verhindert, wenn der Becher umkippt oder umf\u00e4llt, weil er zu schwer mit Fl\u00fcssigkeit gef\u00fcllt ist.<\/p>\n<p>Diese Raucherpfeife Becher ist perfekt f\u00fcr jeden, der liebt, Dinge zu rauchen - Nat\u00fcrlich k\u00f6nnen Sie auch kontaktieren Sie uns Ihr Lieblings-Logo oder Text anpassen, werden wir Ihnen helfen, Ihre eigenen Raucherpfeife Becher anpassen!<\/p>","protected":false},"excerpt":{"rendered":"<ul class=\"a-unordered-list a-vertical a-spacing-mini\">\n<li>Nordisch-minimalistisches Design<\/li>\n<li>Die besten Geschenke f\u00fcr R\u00e4ucherliebhaber<\/li>\n<li>Leicht zu reinigen<\/li>\n<li>Mikrowellen- und sp\u00fclmaschinenfest<\/li>\n<li>Kann Anpassungen unterst\u00fctzen<\/li>\n<li>Gro\u00dfhandel kann unterst\u00fctzt werden<\/li>\n<\/ul>\n<p>[block id=\"85889-2\u2033]<\/p>","protected":false},"featured_media":28382,"comment_status":"closed","ping_status":"closed","template":"","meta":{"iawp_total_views":3,"_joinchat":[]},"product_brand":[],"product_cat":[921],"product_tag":[],"class_list":{"0":"post-28326","1":"product","2":"type-product","3":"status-publish","4":"has-post-thumbnail","6":"product_cat-wake-and-bake-mug-wholesale","8":"first","9":"instock","10":"shipping-taxable","11":"product-type-external"},"yoast_head":"<!-- This site is optimized with the Yoast SEO Premium plugin v24.7 (Yoast SEO v26.8) - https:\/\/yoast.com\/product\/yoast-seo-premium-wordpress\/ -->\n<title>Black Smoking Pipe Mug Wholesale - Global Hookah<\/title>\n<meta name=\"robots\" content=\"index, follow, max-snippet:-1, max-image-preview:large, max-video-preview:-1\" \/>\n<link rel=\"canonical\" href=\"https:\/\/global-hookah.com\/de\/produkt\/black-smoking-pipe-mug\/\" \/>\n<meta property=\"og:locale\" content=\"de_DE\" \/>\n<meta property=\"og:type\" content=\"article\" \/>\n<meta property=\"og:title\" content=\"Black Smoking Pipe Mug Wholesale\" \/>\n<meta property=\"og:description\" content=\"Nordic Minimalist Design  The Best Gifts For Smoking Lovers  Easy To Clean  Microwave And Dishwasher Safe  Can Support Customization  Wholesale Can Be Supported  [block id=&quot;85889-2&quot;]\" \/>\n<meta property=\"og:url\" content=\"https:\/\/global-hookah.com\/de\/produkt\/black-smoking-pipe-mug\/\" \/>\n<meta property=\"og:site_name\" content=\"Global Hookah\" \/>\n<meta property=\"article:modified_time\" content=\"2024-07-13T03:18:26+00:00\" \/>\n<meta property=\"og:image\" content=\"https:\/\/global-hookah.com\/wp-content\/uploads\/2024\/07\/O1CN01W5f0gq1cAz7xOffFW_1779663561-0-cib.jpg\" \/>\n\t<meta property=\"og:image:width\" content=\"800\" \/>\n\t<meta property=\"og:image:height\" content=\"800\" \/>\n\t<meta property=\"og:image:type\" content=\"image\/jpeg\" \/>\n<meta name=\"twitter:card\" content=\"summary_large_image\" \/>\n<meta name=\"twitter:label1\" content=\"Gesch\u00e4tzte Lesezeit\" \/>\n\t<meta name=\"twitter:data1\" content=\"2\u00a0Minuten\" \/>\n<script type=\"application\/ld+json\" class=\"yoast-schema-graph\">{\"@context\":\"https:\/\/schema.org\",\"@graph\":[{\"@type\":\"WebPage\",\"@id\":\"https:\/\/global-hookah.com\/product\/black-smoking-pipe-mug\/\",\"url\":\"https:\/\/global-hookah.com\/product\/black-smoking-pipe-mug\/\",\"name\":\"Black Smoking Pipe Mug Wholesale - Global Hookah\",\"isPartOf\":{\"@id\":\"https:\/\/global-hookah.com\/#website\"},\"primaryImageOfPage\":{\"@id\":\"https:\/\/global-hookah.com\/product\/black-smoking-pipe-mug\/#primaryimage\"},\"image\":{\"@id\":\"https:\/\/global-hookah.com\/product\/black-smoking-pipe-mug\/#primaryimage\"},\"thumbnailUrl\":\"https:\/\/global-hookah.com\/wp-content\/uploads\/2024\/07\/O1CN01W5f0gq1cAz7xOffFW_1779663561-0-cib.jpg\",\"datePublished\":\"2024-07-09T08:25:02+00:00\",\"dateModified\":\"2024-07-13T03:18:26+00:00\",\"breadcrumb\":{\"@id\":\"https:\/\/global-hookah.com\/product\/black-smoking-pipe-mug\/#breadcrumb\"},\"inLanguage\":\"de\",\"potentialAction\":[{\"@type\":\"ReadAction\",\"target\":[\"https:\/\/global-hookah.com\/product\/black-smoking-pipe-mug\/\"]}]},{\"@type\":\"ImageObject\",\"inLanguage\":\"de\",\"@id\":\"https:\/\/global-hookah.com\/product\/black-smoking-pipe-mug\/#primaryimage\",\"url\":\"https:\/\/global-hookah.com\/wp-content\/uploads\/2024\/07\/O1CN01W5f0gq1cAz7xOffFW_1779663561-0-cib.jpg\",\"contentUrl\":\"https:\/\/global-hookah.com\/wp-content\/uploads\/2024\/07\/O1CN01W5f0gq1cAz7xOffFW_1779663561-0-cib.jpg\",\"width\":800,\"height\":800},{\"@type\":\"BreadcrumbList\",\"@id\":\"https:\/\/global-hookah.com\/product\/black-smoking-pipe-mug\/#breadcrumb\",\"itemListElement\":[{\"@type\":\"ListItem\",\"position\":1,\"name\":\"Home\",\"item\":\"https:\/\/global-hookah.com\/\"},{\"@type\":\"ListItem\",\"position\":2,\"name\":\"Shop\",\"item\":\"https:\/\/global-hookah.com\/shop\/\"},{\"@type\":\"ListItem\",\"position\":3,\"name\":\"Black Smoking Pipe Mug Wholesale\"}]},{\"@type\":\"WebSite\",\"@id\":\"https:\/\/global-hookah.com\/#website\",\"url\":\"https:\/\/global-hookah.com\/\",\"name\":\"Global Hookah\",\"description\":\"Global Hookah\",\"publisher\":{\"@id\":\"https:\/\/global-hookah.com\/#organization\"},\"potentialAction\":[{\"@type\":\"SearchAction\",\"target\":{\"@type\":\"EntryPoint\",\"urlTemplate\":\"https:\/\/global-hookah.com\/?s={search_term_string}\"},\"query-input\":{\"@type\":\"PropertyValueSpecification\",\"valueRequired\":true,\"valueName\":\"search_term_string\"}}],\"inLanguage\":\"de\"},{\"@type\":\"Organization\",\"@id\":\"https:\/\/global-hookah.com\/#organization\",\"name\":\"Global Hookah\",\"url\":\"https:\/\/global-hookah.com\/\",\"logo\":{\"@type\":\"ImageObject\",\"inLanguage\":\"de\",\"@id\":\"https:\/\/global-hookah.com\/#\/schema\/logo\/image\/\",\"url\":\"https:\/\/global-hookah.com\/wp-content\/uploads\/2021\/10\/cropped-fgg.png\",\"contentUrl\":\"https:\/\/global-hookah.com\/wp-content\/uploads\/2021\/10\/cropped-fgg.png\",\"width\":512,\"height\":512,\"caption\":\"Global Hookah\"},\"image\":{\"@id\":\"https:\/\/global-hookah.com\/#\/schema\/logo\/image\/\"}}]}<\/script>\n<!-- \/ Yoast SEO Premium plugin. -->","yoast_head_json":{"title":"Schwarz Rauchen Pfeife Becher Gro\u00dfhandel - Global Hookah","robots":{"index":"index","follow":"follow","max-snippet":"max-snippet:-1","max-image-preview":"max-image-preview:large","max-video-preview":"max-video-preview:-1"},"canonical":"https:\/\/global-hookah.com\/de\/produkt\/black-smoking-pipe-mug\/","og_locale":"de_DE","og_type":"article","og_title":"Black Smoking Pipe Mug Wholesale","og_description":"Nordic Minimalist Design  The Best Gifts For Smoking Lovers  Easy To Clean  Microwave And Dishwasher Safe  Can Support Customization  Wholesale Can Be Supported  [block id=\"85889-2\"]","og_url":"https:\/\/global-hookah.com\/de\/produkt\/black-smoking-pipe-mug\/","og_site_name":"Global Hookah","article_modified_time":"2024-07-13T03:18:26+00:00","og_image":[{"width":800,"height":800,"url":"https:\/\/global-hookah.com\/wp-content\/uploads\/2024\/07\/O1CN01W5f0gq1cAz7xOffFW_1779663561-0-cib.jpg","type":"image\/jpeg"}],"twitter_card":"summary_large_image","twitter_misc":{"Gesch\u00e4tzte Lesezeit":"2\u00a0Minuten"},"schema":{"@context":"https:\/\/schema.org","@graph":[{"@type":"WebPage","@id":"https:\/\/global-hookah.com\/product\/black-smoking-pipe-mug\/","url":"https:\/\/global-hookah.com\/product\/black-smoking-pipe-mug\/","name":"Schwarz Rauchen Pfeife Becher Gro\u00dfhandel - Global Hookah","isPartOf":{"@id":"https:\/\/global-hookah.com\/#website"},"primaryImageOfPage":{"@id":"https:\/\/global-hookah.com\/product\/black-smoking-pipe-mug\/#primaryimage"},"image":{"@id":"https:\/\/global-hookah.com\/product\/black-smoking-pipe-mug\/#primaryimage"},"thumbnailUrl":"https:\/\/global-hookah.com\/wp-content\/uploads\/2024\/07\/O1CN01W5f0gq1cAz7xOffFW_1779663561-0-cib.jpg","datePublished":"2024-07-09T08:25:02+00:00","dateModified":"2024-07-13T03:18:26+00:00","breadcrumb":{"@id":"https:\/\/global-hookah.com\/product\/black-smoking-pipe-mug\/#breadcrumb"},"inLanguage":"de","potentialAction":[{"@type":"ReadAction","target":["https:\/\/global-hookah.com\/product\/black-smoking-pipe-mug\/"]}]},{"@type":"ImageObject","inLanguage":"de","@id":"https:\/\/global-hookah.com\/product\/black-smoking-pipe-mug\/#primaryimage","url":"https:\/\/global-hookah.com\/wp-content\/uploads\/2024\/07\/O1CN01W5f0gq1cAz7xOffFW_1779663561-0-cib.jpg","contentUrl":"https:\/\/global-hookah.com\/wp-content\/uploads\/2024\/07\/O1CN01W5f0gq1cAz7xOffFW_1779663561-0-cib.jpg","width":800,"height":800},{"@type":"BreadcrumbList","@id":"https:\/\/global-hookah.com\/product\/black-smoking-pipe-mug\/#breadcrumb","itemListElement":[{"@type":"ListItem","position":1,"name":"Home","item":"https:\/\/global-hookah.com\/"},{"@type":"ListItem","position":2,"name":"Shop","item":"https:\/\/global-hookah.com\/shop\/"},{"@type":"ListItem","position":3,"name":"Black Smoking Pipe Mug Wholesale"}]},{"@type":"WebSite","@id":"https:\/\/global-hookah.com\/#website","url":"https:\/\/global-hookah.com\/","name":"Globale Wasserpfeife","description":"Globale Wasserpfeife","publisher":{"@id":"https:\/\/global-hookah.com\/#organization"},"potentialAction":[{"@type":"SearchAction","target":{"@type":"EntryPoint","urlTemplate":"https:\/\/global-hookah.com\/?s={search_term_string}"},"query-input":{"@type":"PropertyValueSpecification","valueRequired":true,"valueName":"search_term_string"}}],"inLanguage":"de"},{"@type":"Organization","@id":"https:\/\/global-hookah.com\/#organization","name":"Globale Wasserpfeife","url":"https:\/\/global-hookah.com\/","logo":{"@type":"ImageObject","inLanguage":"de","@id":"https:\/\/global-hookah.com\/#\/schema\/logo\/image\/","url":"https:\/\/global-hookah.com\/wp-content\/uploads\/2021\/10\/cropped-fgg.png","contentUrl":"https:\/\/global-hookah.com\/wp-content\/uploads\/2021\/10\/cropped-fgg.png","width":512,"height":512,"caption":"Global Hookah"},"image":{"@id":"https:\/\/global-hookah.com\/#\/schema\/logo\/image\/"}}]}},"_links":{"self":[{"href":"https:\/\/global-hookah.com\/de\/wp-json\/wp\/v2\/product\/28326","targetHints":{"allow":["GET"]}}],"collection":[{"href":"https:\/\/global-hookah.com\/de\/wp-json\/wp\/v2\/product"}],"about":[{"href":"https:\/\/global-hookah.com\/de\/wp-json\/wp\/v2\/types\/product"}],"replies":[{"embeddable":true,"href":"https:\/\/global-hookah.com\/de\/wp-json\/wp\/v2\/comments?post=28326"}],"version-history":[{"count":0,"href":"https:\/\/global-hookah.com\/de\/wp-json\/wp\/v2\/product\/28326\/revisions"}],"wp:featuredmedia":[{"embeddable":true,"href":"https:\/\/global-hookah.com\/de\/wp-json\/wp\/v2\/media\/28382"}],"wp:attachment":[{"href":"https:\/\/global-hookah.com\/de\/wp-json\/wp\/v2\/media?parent=28326"}],"wp:term":[{"taxonomy":"product_brand","embeddable":true,"href":"https:\/\/global-hookah.com\/de\/wp-json\/wp\/v2\/product_brand?post=28326"},{"taxonomy":"product_cat","embeddable":true,"href":"https:\/\/global-hookah.com\/de\/wp-json\/wp\/v2\/product_cat?post=28326"},{"taxonomy":"product_tag","embeddable":true,"href":"https:\/\/global-hookah.com\/de\/wp-json\/wp\/v2\/product_tag?post=28326"}],"curies":[{"name":"wp","href":"https:\/\/api.w.org\/{rel}","templated":true}]}}