{"id":28327,"date":"2024-07-09T08:25:02","date_gmt":"2024-07-09T08:25:02","guid":{"rendered":"https:\/\/global-hookah.com\/?post_type=product&#038;p=28327"},"modified":"2024-07-13T03:18:45","modified_gmt":"2024-07-13T03:18:45","slug":"ceramic-smoking-pipe-mug-wholesale","status":"publish","type":"product","link":"https:\/\/global-hookah.com\/de\/produkt\/ceramic-smoking-pipe-mug-wholesale\/","title":{"rendered":"Keramik-Rauchpfeife Becher Gro\u00dfhandel"},"content":{"rendered":"<p>&nbsp;<\/p>\n<p>Dieser Pfeifenbecher aus Keramik ist die perfekte M\u00f6glichkeit, Ihr Lieblingshei\u00dfgetr\u00e4nk zu rauchen. Die Tasse ist einer Pfeife nachempfunden und hat oben einen kugelf\u00f6rmigen Bereich, in den du Tabak einf\u00fcllen kannst. An einer Seite befindet sich ein kleines Loch, durch das du den Rauch aus der Schale ziehen kannst, w\u00e4hrend du an deinem Kaffee nippst.<\/p>\n<p>Dieser Keramikpfeifenbecher ist die beste Art, den Morgen zu beginnen! Die eingebaute Keramikpfeife h\u00e4lt Ihren Kaffee oder Tee warm, und an der Vorderseite des Bechers befindet sich ein Pfeifenkopf, so dass Sie eine Zigarette genie\u00dfen k\u00f6nnen, ohne eine zus\u00e4tzliche Pfeife mit sich herumtragen zu m\u00fcssen. Au\u00dferdem verf\u00fcgt der Becher \u00fcber einen bequemen Griff, der das Trinken erleichtert, und sein Mundst\u00fcck sorgt daf\u00fcr, dass der Rauch senkrecht nach oben zieht.<\/p>\n<p>Diejenigen, die immer unterwegs sind und ihre Getr\u00e4nke gerne unterwegs genie\u00dfen, werden diesen Keramik-Pfeifenkrug mit seinem stabilen Griff zu sch\u00e4tzen wissen, der einen besseren Halt bietet. Dieser elegant aussehende Becher eignet sich gut f\u00fcr jede Veranstaltung, da er aufgrund seines Keramikmaterials die W\u00e4rme viel l\u00e4nger speichert.<\/p>\n<p>Sie m\u00fcssen sich keine Gedanken \u00fcber die Reinigung nach der Verwendung dieses Produkts machen, denn es ist sp\u00fclmaschinenfest und mikrowellengeeignet! Egal, ob Sie eine weitere Tasse f\u00fcr sich selbst ben\u00f6tigen oder jemand anderem eine schenken m\u00f6chten, unsere individuell gestaltbare Keramikpfeifentasse wird zweifellos all Ihre Bed\u00fcrfnisse erf\u00fcllen.<\/p>\n<p>&nbsp;<\/p>","protected":false},"excerpt":{"rendered":"<ul class=\"a-unordered-list a-vertical a-spacing-mini\">\n<li>Ein tolles Geschenk!<\/li>\n<li>Gr\u00f6\u00dfe \uff1a11.2cm*10.3cm*9.6cm<\/li>\n<li>H\u00e4lt\uff1a 301ml-400ml<\/li>\n<li>Mikrowellen- und sp\u00fclmaschinenfest<\/li>\n<li>Kundenspezifisches Logo (Mindestbestellmenge 100 St\u00fcck)<br \/>\nKundenspezifische Verpackung (Mindestbestellung 100 St\u00fcck)<br \/>\nGrafikanpassung (Mindestbestellmenge 100 St\u00fcck)<\/li>\n<\/ul>\n<p>[block id=\"85889-2\u2033]<\/p>","protected":false},"featured_media":28388,"comment_status":"open","ping_status":"closed","template":"","meta":{"iawp_total_views":4,"_joinchat":[]},"product_brand":[],"product_cat":[921],"product_tag":[],"class_list":{"0":"post-28327","1":"product","2":"type-product","3":"status-publish","4":"has-post-thumbnail","6":"product_cat-wake-and-bake-mug-wholesale","8":"first","9":"instock","10":"shipping-taxable","11":"product-type-external"},"yoast_head":"<!-- This site is optimized with the Yoast SEO Premium plugin v24.7 (Yoast SEO v26.8) - https:\/\/yoast.com\/product\/yoast-seo-premium-wordpress\/ -->\n<title>Ceramic Smoking Pipe Mug Wholesale - Global Hookah<\/title>\n<meta name=\"robots\" content=\"index, follow, max-snippet:-1, max-image-preview:large, max-video-preview:-1\" \/>\n<link rel=\"canonical\" href=\"https:\/\/global-hookah.com\/de\/produkt\/ceramic-smoking-pipe-mug-wholesale\/\" \/>\n<meta property=\"og:locale\" content=\"de_DE\" \/>\n<meta property=\"og:type\" content=\"article\" \/>\n<meta property=\"og:title\" content=\"Ceramic Smoking Pipe Mug Wholesale\" \/>\n<meta property=\"og:description\" content=\"Makes Great Gift!  Size \uff1a11.2cm*10.3cm*9.6cm  Holds\uff1a 301ml-400ml  Microwave And Dishwasher Safe  Customized logo(Min. order 100 pieces) Customized packaging(Min. order 100 pieces) Graphic customization(Min. order 100 pieces)  [block id=&quot;85889-2&quot;]\" \/>\n<meta property=\"og:url\" content=\"https:\/\/global-hookah.com\/de\/produkt\/ceramic-smoking-pipe-mug-wholesale\/\" \/>\n<meta property=\"og:site_name\" content=\"Global Hookah\" \/>\n<meta property=\"article:modified_time\" content=\"2024-07-13T03:18:45+00:00\" \/>\n<meta property=\"og:image\" content=\"https:\/\/global-hookah.com\/wp-content\/uploads\/2024\/07\/11715880751_1062217536.jpg\" \/>\n\t<meta property=\"og:image:width\" content=\"800\" \/>\n\t<meta property=\"og:image:height\" content=\"800\" \/>\n\t<meta property=\"og:image:type\" content=\"image\/jpeg\" \/>\n<meta name=\"twitter:card\" content=\"summary_large_image\" \/>\n<meta name=\"twitter:label1\" content=\"Gesch\u00e4tzte Lesezeit\" \/>\n\t<meta name=\"twitter:data1\" content=\"2\u00a0Minuten\" \/>\n<script type=\"application\/ld+json\" class=\"yoast-schema-graph\">{\"@context\":\"https:\/\/schema.org\",\"@graph\":[{\"@type\":\"WebPage\",\"@id\":\"https:\/\/global-hookah.com\/product\/ceramic-smoking-pipe-mug-wholesale\/\",\"url\":\"https:\/\/global-hookah.com\/product\/ceramic-smoking-pipe-mug-wholesale\/\",\"name\":\"Ceramic Smoking Pipe Mug Wholesale - Global Hookah\",\"isPartOf\":{\"@id\":\"https:\/\/global-hookah.com\/#website\"},\"primaryImageOfPage\":{\"@id\":\"https:\/\/global-hookah.com\/product\/ceramic-smoking-pipe-mug-wholesale\/#primaryimage\"},\"image\":{\"@id\":\"https:\/\/global-hookah.com\/product\/ceramic-smoking-pipe-mug-wholesale\/#primaryimage\"},\"thumbnailUrl\":\"https:\/\/global-hookah.com\/wp-content\/uploads\/2024\/07\/11715880751_1062217536.jpg\",\"datePublished\":\"2024-07-09T08:25:02+00:00\",\"dateModified\":\"2024-07-13T03:18:45+00:00\",\"breadcrumb\":{\"@id\":\"https:\/\/global-hookah.com\/product\/ceramic-smoking-pipe-mug-wholesale\/#breadcrumb\"},\"inLanguage\":\"de\",\"potentialAction\":[{\"@type\":\"ReadAction\",\"target\":[\"https:\/\/global-hookah.com\/product\/ceramic-smoking-pipe-mug-wholesale\/\"]}]},{\"@type\":\"ImageObject\",\"inLanguage\":\"de\",\"@id\":\"https:\/\/global-hookah.com\/product\/ceramic-smoking-pipe-mug-wholesale\/#primaryimage\",\"url\":\"https:\/\/global-hookah.com\/wp-content\/uploads\/2024\/07\/11715880751_1062217536.jpg\",\"contentUrl\":\"https:\/\/global-hookah.com\/wp-content\/uploads\/2024\/07\/11715880751_1062217536.jpg\",\"width\":800,\"height\":800},{\"@type\":\"BreadcrumbList\",\"@id\":\"https:\/\/global-hookah.com\/product\/ceramic-smoking-pipe-mug-wholesale\/#breadcrumb\",\"itemListElement\":[{\"@type\":\"ListItem\",\"position\":1,\"name\":\"Home\",\"item\":\"https:\/\/global-hookah.com\/\"},{\"@type\":\"ListItem\",\"position\":2,\"name\":\"Shop\",\"item\":\"https:\/\/global-hookah.com\/shop\/\"},{\"@type\":\"ListItem\",\"position\":3,\"name\":\"Ceramic Smoking Pipe Mug Wholesale\"}]},{\"@type\":\"WebSite\",\"@id\":\"https:\/\/global-hookah.com\/#website\",\"url\":\"https:\/\/global-hookah.com\/\",\"name\":\"Global Hookah\",\"description\":\"Global Hookah\",\"publisher\":{\"@id\":\"https:\/\/global-hookah.com\/#organization\"},\"potentialAction\":[{\"@type\":\"SearchAction\",\"target\":{\"@type\":\"EntryPoint\",\"urlTemplate\":\"https:\/\/global-hookah.com\/?s={search_term_string}\"},\"query-input\":{\"@type\":\"PropertyValueSpecification\",\"valueRequired\":true,\"valueName\":\"search_term_string\"}}],\"inLanguage\":\"de\"},{\"@type\":\"Organization\",\"@id\":\"https:\/\/global-hookah.com\/#organization\",\"name\":\"Global Hookah\",\"url\":\"https:\/\/global-hookah.com\/\",\"logo\":{\"@type\":\"ImageObject\",\"inLanguage\":\"de\",\"@id\":\"https:\/\/global-hookah.com\/#\/schema\/logo\/image\/\",\"url\":\"https:\/\/global-hookah.com\/wp-content\/uploads\/2021\/10\/cropped-fgg.png\",\"contentUrl\":\"https:\/\/global-hookah.com\/wp-content\/uploads\/2021\/10\/cropped-fgg.png\",\"width\":512,\"height\":512,\"caption\":\"Global Hookah\"},\"image\":{\"@id\":\"https:\/\/global-hookah.com\/#\/schema\/logo\/image\/\"}}]}<\/script>\n<!-- \/ Yoast SEO Premium plugin. -->","yoast_head_json":{"title":"Keramik-Rauchpfeife Becher Gro\u00dfhandel - Global Hookah","robots":{"index":"index","follow":"follow","max-snippet":"max-snippet:-1","max-image-preview":"max-image-preview:large","max-video-preview":"max-video-preview:-1"},"canonical":"https:\/\/global-hookah.com\/de\/produkt\/ceramic-smoking-pipe-mug-wholesale\/","og_locale":"de_DE","og_type":"article","og_title":"Ceramic Smoking Pipe Mug Wholesale","og_description":"Makes Great Gift!  Size \uff1a11.2cm*10.3cm*9.6cm  Holds\uff1a 301ml-400ml  Microwave And Dishwasher Safe  Customized logo(Min. order 100 pieces) Customized packaging(Min. order 100 pieces) Graphic customization(Min. order 100 pieces)  [block id=\"85889-2\"]","og_url":"https:\/\/global-hookah.com\/de\/produkt\/ceramic-smoking-pipe-mug-wholesale\/","og_site_name":"Global Hookah","article_modified_time":"2024-07-13T03:18:45+00:00","og_image":[{"width":800,"height":800,"url":"https:\/\/global-hookah.com\/wp-content\/uploads\/2024\/07\/11715880751_1062217536.jpg","type":"image\/jpeg"}],"twitter_card":"summary_large_image","twitter_misc":{"Gesch\u00e4tzte Lesezeit":"2\u00a0Minuten"},"schema":{"@context":"https:\/\/schema.org","@graph":[{"@type":"WebPage","@id":"https:\/\/global-hookah.com\/product\/ceramic-smoking-pipe-mug-wholesale\/","url":"https:\/\/global-hookah.com\/product\/ceramic-smoking-pipe-mug-wholesale\/","name":"Keramik-Rauchpfeife Becher Gro\u00dfhandel - Global Hookah","isPartOf":{"@id":"https:\/\/global-hookah.com\/#website"},"primaryImageOfPage":{"@id":"https:\/\/global-hookah.com\/product\/ceramic-smoking-pipe-mug-wholesale\/#primaryimage"},"image":{"@id":"https:\/\/global-hookah.com\/product\/ceramic-smoking-pipe-mug-wholesale\/#primaryimage"},"thumbnailUrl":"https:\/\/global-hookah.com\/wp-content\/uploads\/2024\/07\/11715880751_1062217536.jpg","datePublished":"2024-07-09T08:25:02+00:00","dateModified":"2024-07-13T03:18:45+00:00","breadcrumb":{"@id":"https:\/\/global-hookah.com\/product\/ceramic-smoking-pipe-mug-wholesale\/#breadcrumb"},"inLanguage":"de","potentialAction":[{"@type":"ReadAction","target":["https:\/\/global-hookah.com\/product\/ceramic-smoking-pipe-mug-wholesale\/"]}]},{"@type":"ImageObject","inLanguage":"de","@id":"https:\/\/global-hookah.com\/product\/ceramic-smoking-pipe-mug-wholesale\/#primaryimage","url":"https:\/\/global-hookah.com\/wp-content\/uploads\/2024\/07\/11715880751_1062217536.jpg","contentUrl":"https:\/\/global-hookah.com\/wp-content\/uploads\/2024\/07\/11715880751_1062217536.jpg","width":800,"height":800},{"@type":"BreadcrumbList","@id":"https:\/\/global-hookah.com\/product\/ceramic-smoking-pipe-mug-wholesale\/#breadcrumb","itemListElement":[{"@type":"ListItem","position":1,"name":"Home","item":"https:\/\/global-hookah.com\/"},{"@type":"ListItem","position":2,"name":"Shop","item":"https:\/\/global-hookah.com\/shop\/"},{"@type":"ListItem","position":3,"name":"Ceramic Smoking Pipe Mug Wholesale"}]},{"@type":"WebSite","@id":"https:\/\/global-hookah.com\/#website","url":"https:\/\/global-hookah.com\/","name":"Globale Wasserpfeife","description":"Globale Wasserpfeife","publisher":{"@id":"https:\/\/global-hookah.com\/#organization"},"potentialAction":[{"@type":"SearchAction","target":{"@type":"EntryPoint","urlTemplate":"https:\/\/global-hookah.com\/?s={search_term_string}"},"query-input":{"@type":"PropertyValueSpecification","valueRequired":true,"valueName":"search_term_string"}}],"inLanguage":"de"},{"@type":"Organization","@id":"https:\/\/global-hookah.com\/#organization","name":"Globale Wasserpfeife","url":"https:\/\/global-hookah.com\/","logo":{"@type":"ImageObject","inLanguage":"de","@id":"https:\/\/global-hookah.com\/#\/schema\/logo\/image\/","url":"https:\/\/global-hookah.com\/wp-content\/uploads\/2021\/10\/cropped-fgg.png","contentUrl":"https:\/\/global-hookah.com\/wp-content\/uploads\/2021\/10\/cropped-fgg.png","width":512,"height":512,"caption":"Global Hookah"},"image":{"@id":"https:\/\/global-hookah.com\/#\/schema\/logo\/image\/"}}]}},"_links":{"self":[{"href":"https:\/\/global-hookah.com\/de\/wp-json\/wp\/v2\/product\/28327","targetHints":{"allow":["GET"]}}],"collection":[{"href":"https:\/\/global-hookah.com\/de\/wp-json\/wp\/v2\/product"}],"about":[{"href":"https:\/\/global-hookah.com\/de\/wp-json\/wp\/v2\/types\/product"}],"replies":[{"embeddable":true,"href":"https:\/\/global-hookah.com\/de\/wp-json\/wp\/v2\/comments?post=28327"}],"version-history":[{"count":0,"href":"https:\/\/global-hookah.com\/de\/wp-json\/wp\/v2\/product\/28327\/revisions"}],"wp:featuredmedia":[{"embeddable":true,"href":"https:\/\/global-hookah.com\/de\/wp-json\/wp\/v2\/media\/28388"}],"wp:attachment":[{"href":"https:\/\/global-hookah.com\/de\/wp-json\/wp\/v2\/media?parent=28327"}],"wp:term":[{"taxonomy":"product_brand","embeddable":true,"href":"https:\/\/global-hookah.com\/de\/wp-json\/wp\/v2\/product_brand?post=28327"},{"taxonomy":"product_cat","embeddable":true,"href":"https:\/\/global-hookah.com\/de\/wp-json\/wp\/v2\/product_cat?post=28327"},{"taxonomy":"product_tag","embeddable":true,"href":"https:\/\/global-hookah.com\/de\/wp-json\/wp\/v2\/product_tag?post=28327"}],"curies":[{"name":"wp","href":"https:\/\/api.w.org\/{rel}","templated":true}]}}