{"id":28328,"date":"2024-07-09T08:25:03","date_gmt":"2024-07-09T08:25:03","guid":{"rendered":"https:\/\/global-hookah.com\/?post_type=product&#038;p=28328"},"modified":"2024-07-13T03:17:06","modified_gmt":"2024-07-13T03:17:06","slug":"multifunctional-pipe-mug","status":"publish","type":"product","link":"https:\/\/global-hookah.com\/de\/produkt\/multifunctional-pipe-mug\/","title":{"rendered":"Multifunktionale Rohrbecher Gro\u00dfhandel"},"content":{"rendered":"<table>\n<tbody>\n<tr>\n<td width=\"284\">Produktname<\/td>\n<td width=\"284\">Tabakspfeife Becher<\/td>\n<\/tr>\n<tr>\n<td width=\"284\">Material<\/td>\n<td width=\"284\">keramik<\/td>\n<\/tr>\n<tr>\n<td width=\"284\">Umfang der Anwendung<\/td>\n<td width=\"284\">Backofen, Mikrowelle, Geschirrsp\u00fcler, Sterilisator<\/td>\n<\/tr>\n<tr>\n<td width=\"284\">Ob die Anpassung unterst\u00fctzt werden soll<\/td>\n<td width=\"284\">Unterst\u00fctzung der Anpassung<\/td>\n<\/tr>\n<\/tbody>\n<\/table>\n<p>Unser <a href=\"https:\/\/global-hookah.com\/product\/handmade-ceramic-pipes\/\">Die Rohre sind aus hochwertiger Keramik gefertigt<\/a> was eine lange Lebensdauer und eine einfache Reinigung gew\u00e4hrleistet. Es handelt sich auch nicht um eine gew\u00f6hnliche Kaffeetasse - sie ist mit einem <a href=\"https:\/\/global-hookah.com\/product\/custom-design-creative-portable-water-pipe-wholesale\/\">kreatives Design f\u00fcr schwarze Krieger<\/a> die sowohl faszinierend als auch innovativ ist.<\/p>\n<p>Seit Menschengedenken, <a href=\"https:\/\/global-hookah.com\/product\/purple-skull-glass-tobacco-pipe\/\">Tabakraucher haben Pfeifen benutzt<\/a> um ihre Lieblingsmischungen zu rauchen. Aber was w\u00e4re, wenn Sie auch trinken k\u00f6nnten? <a href=\"https:\/\/global-hookah.com\/product\/water-pipe-cup-wholesale\/\">kochend hei\u00dfe Tassen<\/a> Tee oder Kaffee von ihnen?<\/p>\n<p>Unser <a href=\"https:\/\/global-hookah.com\/product\/handmade-sherlock-holmes-tobacco-pipe\/\">Tabakspfeife<\/a> Becher ist die Antwort! Mit einer <a href=\"https:\/\/global-hookah.com\/product\/handcrafted-sandblasted-large-bowl-pipe\/\">Schale in Form einer Pfeife<\/a> auf der Seite, so dass der Benutzer seinen Tee oder Kaffee schl\u00fcrfen kann, w\u00e4hrend er seine Kr\u00e4uter raucht.<\/p>\n<p>Der Becher selbst besteht aus Keramik und kann sicher in der Sp\u00fclmaschine gereinigt oder in der Mikrowelle erhitzt werden. Au\u00dferdem enth\u00e4lt er kein Blei und ist von der FDA f\u00fcr die Verwendung mit Lebensmitteln zugelassen. Sein Fassungsverm\u00f6gen betr\u00e4gt 600 ml, so dass Sie ihn mit so viel Kaffee wie m\u00f6glich bef\u00fcllen k\u00f6nnen. <a href=\"https:\/\/global-hookah.com\/product\/bent-handmade-apple-design-smoking-pipes\/\">Das Design wird auf jeden Fall die Aufmerksamkeit anderer Leute auf sich ziehen, die sich vielleicht fragen, wo sie solche coolen Tassen f\u00fcr sich selbst oder f\u00fcr Freunde, die gerne rauchen, kaufen k\u00f6nnen.<\/a>.<\/p>\n<p>Dieser Artikel eignet sich f\u00fcr jeden, der sich f\u00fcr das Rauchen und Trinken von Tabak interessiert, ist aber auch ein ideales Geschenk f\u00fcr jemanden, der diese Gewohnheiten teilt. Wenn Sie also etwas Au\u00dfergew\u00f6hnliches und doch Praktisches brauchen, dann bestellen Sie dieses fantastische <a href=\"https:\/\/global-hookah.com\/product\/red-handmade-volcanic-tobacco-pipe\/\">Tabakspfeife<\/a> Becher heute!<\/p>\n<p>Unsere geschickten Handwerker stellen sicher, dass jedes einzelne St\u00fcck einzigartig gefertigt wird, wodurch sie sich von anderen Formen unterscheiden, die anderswo erh\u00e4ltlich sind. Tabakspfeife Tassen kommen in verschiedenen Formen, je nachdem, was Kunden wollen Die meisten Zeiten k\u00f6nnen Kunden wollen ma\u00dfgeschneiderte diejenigen, die ihren W\u00fcnschen Wenn dies geschieht, lassen Sie uns bitte per E-Mail zusammen mit Ihren Spezifikationen, so dass wir Ihnen einen entsprechenden Kostenvoranschlag<\/p>","protected":false},"excerpt":{"rendered":"<ul class=\"a-unordered-list a-vertical a-spacing-mini\">\n<li>Einzigartiges schwarzes Samurai-Design<\/li>\n<li>Unterst\u00fctzung Gro\u00dfhandel<\/li>\n<li>Mit Geschenkbox-Verpackung<\/li>\n<li>Thematisches Geschenk f\u00fcr den schwarzen Samurai-Liebhaber in Ihrem Leben,<\/li>\n<li><a href=\"https:\/\/global-hookah.com\/the-ultimate-hookah-cleaning-tutorial-how-to-keep-your-hookah-in-top-condition\/\">Halten Sie Ihren Kaffee warm und Ihre Tasse sauber<\/a><\/li>\n<\/ul>\n<p>&nbsp;<\/p>","protected":false},"featured_media":28396,"comment_status":"open","ping_status":"closed","template":"","meta":{"iawp_total_views":3,"_joinchat":[]},"product_brand":[],"product_cat":[921],"product_tag":[],"class_list":{"0":"post-28328","1":"product","2":"type-product","3":"status-publish","4":"has-post-thumbnail","6":"product_cat-wake-and-bake-mug-wholesale","8":"first","9":"instock","10":"shipping-taxable","11":"product-type-external"},"yoast_head":"<!-- This site is optimized with the Yoast SEO Premium plugin v24.7 (Yoast SEO v26.8) - https:\/\/yoast.com\/product\/yoast-seo-premium-wordpress\/ -->\n<title>Multifunctional Pipe Mug Wholesale - Global Hookah<\/title>\n<meta name=\"robots\" content=\"index, follow, max-snippet:-1, max-image-preview:large, max-video-preview:-1\" \/>\n<link rel=\"canonical\" href=\"https:\/\/global-hookah.com\/de\/produkt\/multifunctional-pipe-mug\/\" \/>\n<meta property=\"og:locale\" content=\"de_DE\" \/>\n<meta property=\"og:type\" content=\"article\" \/>\n<meta property=\"og:title\" content=\"Multifunctional Pipe Mug Wholesale\" \/>\n<meta property=\"og:description\" content=\"Unique Black Samurai Design  Support Wholesale  With Gift Box Packaging  Themed Gift For The Black Samurai Lover In Your Life,  Keep Your Coffee Warm And Your Mug Clean  &nbsp;\" \/>\n<meta property=\"og:url\" content=\"https:\/\/global-hookah.com\/de\/produkt\/multifunctional-pipe-mug\/\" \/>\n<meta property=\"og:site_name\" content=\"Global Hookah\" \/>\n<meta property=\"article:modified_time\" content=\"2024-07-13T03:17:06+00:00\" \/>\n<meta property=\"og:image\" content=\"https:\/\/global-hookah.com\/wp-content\/uploads\/2024\/07\/O1CN01GTWrNE1cAz7i34GEj_1779663561-0-cib.jpg\" \/>\n\t<meta property=\"og:image:width\" content=\"750\" \/>\n\t<meta property=\"og:image:height\" content=\"750\" \/>\n\t<meta property=\"og:image:type\" content=\"image\/jpeg\" \/>\n<meta name=\"twitter:card\" content=\"summary_large_image\" \/>\n<meta name=\"twitter:label1\" content=\"Gesch\u00e4tzte Lesezeit\" \/>\n\t<meta name=\"twitter:data1\" content=\"2\u00a0Minuten\" \/>\n<script type=\"application\/ld+json\" class=\"yoast-schema-graph\">{\"@context\":\"https:\/\/schema.org\",\"@graph\":[{\"@type\":\"WebPage\",\"@id\":\"https:\/\/global-hookah.com\/product\/multifunctional-pipe-mug\/\",\"url\":\"https:\/\/global-hookah.com\/product\/multifunctional-pipe-mug\/\",\"name\":\"Multifunctional Pipe Mug Wholesale - Global Hookah\",\"isPartOf\":{\"@id\":\"https:\/\/global-hookah.com\/#website\"},\"primaryImageOfPage\":{\"@id\":\"https:\/\/global-hookah.com\/product\/multifunctional-pipe-mug\/#primaryimage\"},\"image\":{\"@id\":\"https:\/\/global-hookah.com\/product\/multifunctional-pipe-mug\/#primaryimage\"},\"thumbnailUrl\":\"https:\/\/global-hookah.com\/wp-content\/uploads\/2024\/07\/O1CN01GTWrNE1cAz7i34GEj_1779663561-0-cib.jpg\",\"datePublished\":\"2024-07-09T08:25:03+00:00\",\"dateModified\":\"2024-07-13T03:17:06+00:00\",\"breadcrumb\":{\"@id\":\"https:\/\/global-hookah.com\/product\/multifunctional-pipe-mug\/#breadcrumb\"},\"inLanguage\":\"de\",\"potentialAction\":[{\"@type\":\"ReadAction\",\"target\":[\"https:\/\/global-hookah.com\/product\/multifunctional-pipe-mug\/\"]}]},{\"@type\":\"ImageObject\",\"inLanguage\":\"de\",\"@id\":\"https:\/\/global-hookah.com\/product\/multifunctional-pipe-mug\/#primaryimage\",\"url\":\"https:\/\/global-hookah.com\/wp-content\/uploads\/2024\/07\/O1CN01GTWrNE1cAz7i34GEj_1779663561-0-cib.jpg\",\"contentUrl\":\"https:\/\/global-hookah.com\/wp-content\/uploads\/2024\/07\/O1CN01GTWrNE1cAz7i34GEj_1779663561-0-cib.jpg\",\"width\":750,\"height\":750},{\"@type\":\"BreadcrumbList\",\"@id\":\"https:\/\/global-hookah.com\/product\/multifunctional-pipe-mug\/#breadcrumb\",\"itemListElement\":[{\"@type\":\"ListItem\",\"position\":1,\"name\":\"Home\",\"item\":\"https:\/\/global-hookah.com\/\"},{\"@type\":\"ListItem\",\"position\":2,\"name\":\"Shop\",\"item\":\"https:\/\/global-hookah.com\/shop\/\"},{\"@type\":\"ListItem\",\"position\":3,\"name\":\"Multifunctional Pipe Mug Wholesale\"}]},{\"@type\":\"WebSite\",\"@id\":\"https:\/\/global-hookah.com\/#website\",\"url\":\"https:\/\/global-hookah.com\/\",\"name\":\"Global Hookah\",\"description\":\"Global Hookah\",\"publisher\":{\"@id\":\"https:\/\/global-hookah.com\/#organization\"},\"potentialAction\":[{\"@type\":\"SearchAction\",\"target\":{\"@type\":\"EntryPoint\",\"urlTemplate\":\"https:\/\/global-hookah.com\/?s={search_term_string}\"},\"query-input\":{\"@type\":\"PropertyValueSpecification\",\"valueRequired\":true,\"valueName\":\"search_term_string\"}}],\"inLanguage\":\"de\"},{\"@type\":\"Organization\",\"@id\":\"https:\/\/global-hookah.com\/#organization\",\"name\":\"Global Hookah\",\"url\":\"https:\/\/global-hookah.com\/\",\"logo\":{\"@type\":\"ImageObject\",\"inLanguage\":\"de\",\"@id\":\"https:\/\/global-hookah.com\/#\/schema\/logo\/image\/\",\"url\":\"https:\/\/global-hookah.com\/wp-content\/uploads\/2021\/10\/cropped-fgg.png\",\"contentUrl\":\"https:\/\/global-hookah.com\/wp-content\/uploads\/2021\/10\/cropped-fgg.png\",\"width\":512,\"height\":512,\"caption\":\"Global Hookah\"},\"image\":{\"@id\":\"https:\/\/global-hookah.com\/#\/schema\/logo\/image\/\"}}]}<\/script>\n<!-- \/ Yoast SEO Premium plugin. -->","yoast_head_json":{"title":"Multifunktionale Pfeifenbecher Gro\u00dfhandel - Global Hookah","robots":{"index":"index","follow":"follow","max-snippet":"max-snippet:-1","max-image-preview":"max-image-preview:large","max-video-preview":"max-video-preview:-1"},"canonical":"https:\/\/global-hookah.com\/de\/produkt\/multifunctional-pipe-mug\/","og_locale":"de_DE","og_type":"article","og_title":"Multifunctional Pipe Mug Wholesale","og_description":"Unique Black Samurai Design  Support Wholesale  With Gift Box Packaging  Themed Gift For The Black Samurai Lover In Your Life,  Keep Your Coffee Warm And Your Mug Clean  &nbsp;","og_url":"https:\/\/global-hookah.com\/de\/produkt\/multifunctional-pipe-mug\/","og_site_name":"Global Hookah","article_modified_time":"2024-07-13T03:17:06+00:00","og_image":[{"width":750,"height":750,"url":"https:\/\/global-hookah.com\/wp-content\/uploads\/2024\/07\/O1CN01GTWrNE1cAz7i34GEj_1779663561-0-cib.jpg","type":"image\/jpeg"}],"twitter_card":"summary_large_image","twitter_misc":{"Gesch\u00e4tzte Lesezeit":"2\u00a0Minuten"},"schema":{"@context":"https:\/\/schema.org","@graph":[{"@type":"WebPage","@id":"https:\/\/global-hookah.com\/product\/multifunctional-pipe-mug\/","url":"https:\/\/global-hookah.com\/product\/multifunctional-pipe-mug\/","name":"Multifunktionale Pfeifenbecher Gro\u00dfhandel - Global Hookah","isPartOf":{"@id":"https:\/\/global-hookah.com\/#website"},"primaryImageOfPage":{"@id":"https:\/\/global-hookah.com\/product\/multifunctional-pipe-mug\/#primaryimage"},"image":{"@id":"https:\/\/global-hookah.com\/product\/multifunctional-pipe-mug\/#primaryimage"},"thumbnailUrl":"https:\/\/global-hookah.com\/wp-content\/uploads\/2024\/07\/O1CN01GTWrNE1cAz7i34GEj_1779663561-0-cib.jpg","datePublished":"2024-07-09T08:25:03+00:00","dateModified":"2024-07-13T03:17:06+00:00","breadcrumb":{"@id":"https:\/\/global-hookah.com\/product\/multifunctional-pipe-mug\/#breadcrumb"},"inLanguage":"de","potentialAction":[{"@type":"ReadAction","target":["https:\/\/global-hookah.com\/product\/multifunctional-pipe-mug\/"]}]},{"@type":"ImageObject","inLanguage":"de","@id":"https:\/\/global-hookah.com\/product\/multifunctional-pipe-mug\/#primaryimage","url":"https:\/\/global-hookah.com\/wp-content\/uploads\/2024\/07\/O1CN01GTWrNE1cAz7i34GEj_1779663561-0-cib.jpg","contentUrl":"https:\/\/global-hookah.com\/wp-content\/uploads\/2024\/07\/O1CN01GTWrNE1cAz7i34GEj_1779663561-0-cib.jpg","width":750,"height":750},{"@type":"BreadcrumbList","@id":"https:\/\/global-hookah.com\/product\/multifunctional-pipe-mug\/#breadcrumb","itemListElement":[{"@type":"ListItem","position":1,"name":"Home","item":"https:\/\/global-hookah.com\/"},{"@type":"ListItem","position":2,"name":"Shop","item":"https:\/\/global-hookah.com\/shop\/"},{"@type":"ListItem","position":3,"name":"Multifunctional Pipe Mug Wholesale"}]},{"@type":"WebSite","@id":"https:\/\/global-hookah.com\/#website","url":"https:\/\/global-hookah.com\/","name":"Globale Wasserpfeife","description":"Globale Wasserpfeife","publisher":{"@id":"https:\/\/global-hookah.com\/#organization"},"potentialAction":[{"@type":"SearchAction","target":{"@type":"EntryPoint","urlTemplate":"https:\/\/global-hookah.com\/?s={search_term_string}"},"query-input":{"@type":"PropertyValueSpecification","valueRequired":true,"valueName":"search_term_string"}}],"inLanguage":"de"},{"@type":"Organization","@id":"https:\/\/global-hookah.com\/#organization","name":"Globale Wasserpfeife","url":"https:\/\/global-hookah.com\/","logo":{"@type":"ImageObject","inLanguage":"de","@id":"https:\/\/global-hookah.com\/#\/schema\/logo\/image\/","url":"https:\/\/global-hookah.com\/wp-content\/uploads\/2021\/10\/cropped-fgg.png","contentUrl":"https:\/\/global-hookah.com\/wp-content\/uploads\/2021\/10\/cropped-fgg.png","width":512,"height":512,"caption":"Global Hookah"},"image":{"@id":"https:\/\/global-hookah.com\/#\/schema\/logo\/image\/"}}]}},"_links":{"self":[{"href":"https:\/\/global-hookah.com\/de\/wp-json\/wp\/v2\/product\/28328","targetHints":{"allow":["GET"]}}],"collection":[{"href":"https:\/\/global-hookah.com\/de\/wp-json\/wp\/v2\/product"}],"about":[{"href":"https:\/\/global-hookah.com\/de\/wp-json\/wp\/v2\/types\/product"}],"replies":[{"embeddable":true,"href":"https:\/\/global-hookah.com\/de\/wp-json\/wp\/v2\/comments?post=28328"}],"version-history":[{"count":0,"href":"https:\/\/global-hookah.com\/de\/wp-json\/wp\/v2\/product\/28328\/revisions"}],"wp:featuredmedia":[{"embeddable":true,"href":"https:\/\/global-hookah.com\/de\/wp-json\/wp\/v2\/media\/28396"}],"wp:attachment":[{"href":"https:\/\/global-hookah.com\/de\/wp-json\/wp\/v2\/media?parent=28328"}],"wp:term":[{"taxonomy":"product_brand","embeddable":true,"href":"https:\/\/global-hookah.com\/de\/wp-json\/wp\/v2\/product_brand?post=28328"},{"taxonomy":"product_cat","embeddable":true,"href":"https:\/\/global-hookah.com\/de\/wp-json\/wp\/v2\/product_cat?post=28328"},{"taxonomy":"product_tag","embeddable":true,"href":"https:\/\/global-hookah.com\/de\/wp-json\/wp\/v2\/product_tag?post=28328"}],"curies":[{"name":"wp","href":"https:\/\/api.w.org\/{rel}","templated":true}]}}