{"id":28330,"date":"2024-07-09T08:25:03","date_gmt":"2024-07-09T08:25:03","guid":{"rendered":"https:\/\/global-hookah.com\/?post_type=product&#038;p=28330"},"modified":"2024-07-13T03:17:20","modified_gmt":"2024-07-13T03:17:20","slug":"american-style-smoking-pipe-mug","status":"publish","type":"product","link":"https:\/\/global-hookah.com\/de\/produkt\/american-style-smoking-pipe-mug\/","title":{"rendered":"American Style Raucherpfeife Becher Gro\u00dfhandel"},"content":{"rendered":"<p>Unsere Keramikpfeifenbecher sind perfekt f\u00fcr jede Gelegenheit. Sie haben eine gl\u00e4nzende Oberfl\u00e4che und ein Lippenkunstwerk auf der Vorderseite mit passender Form auf der R\u00fcckseite. Mikrowellengeeignet; Fassungsverm\u00f6gen: 14 Unzen Fl\u00fcssigkeit.<\/p>\n<p>Diese erstaunliche <a href=\"https:\/\/global-hookah.com\/how-to-clean-a-smoking-pipe\/\">Pfeife rauchen<\/a> geformte Kaffeetasse ist aus PREMIUM LEAD FREE &amp; NON-TOXIC Keramik, die widersteht Rissbildung und Chipping, so dass Farbe nie verblassen f\u00fcr immer<\/p>\n<p>Mit dieser einzigartigen handgefertigten Kaffeetasse k\u00f6nnen Sie Ihren Kaffee mit Stil genie\u00dfen. <a href=\"https:\/\/global-hookah.com\/product\/ceramic-smoking-pipe-mug-wholesale\/\">Keramik-Rauchpfeife Becher<\/a>. Es ist mit Griff entworfen einfach zu halten, w\u00e4hrend Kaffee trinken in verschiedenen Farben passend zu Ihrem Dekor oder Pers\u00f6nlichkeit Pipe Mug.<\/p>\n<p>Die <a href=\"https:\/\/global-hookah.com\/product\/classic-smoking-pipe-mug-wholesale\/\">Pfeifenbecher<\/a> ist eine tolle Geschenkidee f\u00fcr jeden, der gerne Tee oder Kaffee trinkt. Ob f\u00fcr Sie selbst oder f\u00fcr einen besonderen Menschen in Ihrem Leben, er wird diesen Artikel bestimmt lieben!<\/p>","protected":false},"excerpt":{"rendered":"<ul class=\"a-unordered-list a-vertical a-spacing-mini\">\n<li>Material: Keramik<\/li>\n<li>Gewicht 0,3 kg<\/li>\n<li>Gr\u00f6\u00dfe 12,6*10,5*9cm<\/li>\n<li>Mikrowellen- und sp\u00fclmaschinenfest<\/li>\n<li>Dieses Produkt ist nur f\u00fcr Erwachsene geeignet.<\/li>\n<li>Kann Anpassungen unterst\u00fctzen<\/li>\n<li>Gro\u00dfhandel kann unterst\u00fctzt werden<\/li>\n<\/ul>\n<p>[block id=\"85889-2\u2033]<\/p>","protected":false},"featured_media":28409,"comment_status":"open","ping_status":"closed","template":"","meta":{"iawp_total_views":0,"_joinchat":[]},"product_brand":[],"product_cat":[921],"product_tag":[],"class_list":{"0":"post-28330","1":"product","2":"type-product","3":"status-publish","4":"has-post-thumbnail","6":"product_cat-wake-and-bake-mug-wholesale","8":"first","9":"instock","10":"shipping-taxable","11":"product-type-external"},"yoast_head":"<!-- This site is optimized with the Yoast SEO Premium plugin v24.7 (Yoast SEO v26.8) - https:\/\/yoast.com\/product\/yoast-seo-premium-wordpress\/ -->\n<title>American Style Smoking Pipe Mug Wholesale - Global Hookah<\/title>\n<meta name=\"robots\" content=\"index, follow, max-snippet:-1, max-image-preview:large, max-video-preview:-1\" \/>\n<link rel=\"canonical\" href=\"https:\/\/global-hookah.com\/de\/produkt\/american-style-smoking-pipe-mug\/\" \/>\n<meta property=\"og:locale\" content=\"de_DE\" \/>\n<meta property=\"og:type\" content=\"article\" \/>\n<meta property=\"og:title\" content=\"American Style Smoking Pipe Mug Wholesale\" \/>\n<meta property=\"og:description\" content=\"Material: Ceramic  Weight 0.3kg  Size 12.6*10.5*9cm  Microwave and dishwasher safe  This product is recommended for adult use only  Can Support Customization  Wholesale Can Be Supported  [block id=&quot;85889-2&quot;]\" \/>\n<meta property=\"og:url\" content=\"https:\/\/global-hookah.com\/de\/produkt\/american-style-smoking-pipe-mug\/\" \/>\n<meta property=\"og:site_name\" content=\"Global Hookah\" \/>\n<meta property=\"article:modified_time\" content=\"2024-07-13T03:17:20+00:00\" \/>\n<meta property=\"og:image\" content=\"https:\/\/global-hookah.com\/wp-content\/uploads\/2024\/07\/O1CN01NmMlUr1Bs2jjJiTNg_0-0-cib.jpg\" \/>\n\t<meta property=\"og:image:width\" content=\"800\" \/>\n\t<meta property=\"og:image:height\" content=\"800\" \/>\n\t<meta property=\"og:image:type\" content=\"image\/jpeg\" \/>\n<meta name=\"twitter:card\" content=\"summary_large_image\" \/>\n<meta name=\"twitter:label1\" content=\"Gesch\u00e4tzte Lesezeit\" \/>\n\t<meta name=\"twitter:data1\" content=\"1\u00a0Minute\" \/>\n<script type=\"application\/ld+json\" class=\"yoast-schema-graph\">{\"@context\":\"https:\/\/schema.org\",\"@graph\":[{\"@type\":\"WebPage\",\"@id\":\"https:\/\/global-hookah.com\/product\/american-style-smoking-pipe-mug\/\",\"url\":\"https:\/\/global-hookah.com\/product\/american-style-smoking-pipe-mug\/\",\"name\":\"American Style Smoking Pipe Mug Wholesale - Global Hookah\",\"isPartOf\":{\"@id\":\"https:\/\/global-hookah.com\/#website\"},\"primaryImageOfPage\":{\"@id\":\"https:\/\/global-hookah.com\/product\/american-style-smoking-pipe-mug\/#primaryimage\"},\"image\":{\"@id\":\"https:\/\/global-hookah.com\/product\/american-style-smoking-pipe-mug\/#primaryimage\"},\"thumbnailUrl\":\"https:\/\/global-hookah.com\/wp-content\/uploads\/2024\/07\/O1CN01NmMlUr1Bs2jjJiTNg_0-0-cib.jpg\",\"datePublished\":\"2024-07-09T08:25:03+00:00\",\"dateModified\":\"2024-07-13T03:17:20+00:00\",\"breadcrumb\":{\"@id\":\"https:\/\/global-hookah.com\/product\/american-style-smoking-pipe-mug\/#breadcrumb\"},\"inLanguage\":\"de\",\"potentialAction\":[{\"@type\":\"ReadAction\",\"target\":[\"https:\/\/global-hookah.com\/product\/american-style-smoking-pipe-mug\/\"]}]},{\"@type\":\"ImageObject\",\"inLanguage\":\"de\",\"@id\":\"https:\/\/global-hookah.com\/product\/american-style-smoking-pipe-mug\/#primaryimage\",\"url\":\"https:\/\/global-hookah.com\/wp-content\/uploads\/2024\/07\/O1CN01NmMlUr1Bs2jjJiTNg_0-0-cib.jpg\",\"contentUrl\":\"https:\/\/global-hookah.com\/wp-content\/uploads\/2024\/07\/O1CN01NmMlUr1Bs2jjJiTNg_0-0-cib.jpg\",\"width\":800,\"height\":800},{\"@type\":\"BreadcrumbList\",\"@id\":\"https:\/\/global-hookah.com\/product\/american-style-smoking-pipe-mug\/#breadcrumb\",\"itemListElement\":[{\"@type\":\"ListItem\",\"position\":1,\"name\":\"Home\",\"item\":\"https:\/\/global-hookah.com\/\"},{\"@type\":\"ListItem\",\"position\":2,\"name\":\"Shop\",\"item\":\"https:\/\/global-hookah.com\/shop\/\"},{\"@type\":\"ListItem\",\"position\":3,\"name\":\"American Style Smoking Pipe Mug Wholesale\"}]},{\"@type\":\"WebSite\",\"@id\":\"https:\/\/global-hookah.com\/#website\",\"url\":\"https:\/\/global-hookah.com\/\",\"name\":\"Global Hookah\",\"description\":\"Global Hookah\",\"publisher\":{\"@id\":\"https:\/\/global-hookah.com\/#organization\"},\"potentialAction\":[{\"@type\":\"SearchAction\",\"target\":{\"@type\":\"EntryPoint\",\"urlTemplate\":\"https:\/\/global-hookah.com\/?s={search_term_string}\"},\"query-input\":{\"@type\":\"PropertyValueSpecification\",\"valueRequired\":true,\"valueName\":\"search_term_string\"}}],\"inLanguage\":\"de\"},{\"@type\":\"Organization\",\"@id\":\"https:\/\/global-hookah.com\/#organization\",\"name\":\"Global Hookah\",\"url\":\"https:\/\/global-hookah.com\/\",\"logo\":{\"@type\":\"ImageObject\",\"inLanguage\":\"de\",\"@id\":\"https:\/\/global-hookah.com\/#\/schema\/logo\/image\/\",\"url\":\"https:\/\/global-hookah.com\/wp-content\/uploads\/2021\/10\/cropped-fgg.png\",\"contentUrl\":\"https:\/\/global-hookah.com\/wp-content\/uploads\/2021\/10\/cropped-fgg.png\",\"width\":512,\"height\":512,\"caption\":\"Global Hookah\"},\"image\":{\"@id\":\"https:\/\/global-hookah.com\/#\/schema\/logo\/image\/\"}}]}<\/script>\n<!-- \/ Yoast SEO Premium plugin. -->","yoast_head_json":{"title":"American Style Raucherpfeife Becher Gro\u00dfhandel - Global Hookah","robots":{"index":"index","follow":"follow","max-snippet":"max-snippet:-1","max-image-preview":"max-image-preview:large","max-video-preview":"max-video-preview:-1"},"canonical":"https:\/\/global-hookah.com\/de\/produkt\/american-style-smoking-pipe-mug\/","og_locale":"de_DE","og_type":"article","og_title":"American Style Smoking Pipe Mug Wholesale","og_description":"Material: Ceramic  Weight 0.3kg  Size 12.6*10.5*9cm  Microwave and dishwasher safe  This product is recommended for adult use only  Can Support Customization  Wholesale Can Be Supported  [block id=\"85889-2\"]","og_url":"https:\/\/global-hookah.com\/de\/produkt\/american-style-smoking-pipe-mug\/","og_site_name":"Global Hookah","article_modified_time":"2024-07-13T03:17:20+00:00","og_image":[{"width":800,"height":800,"url":"https:\/\/global-hookah.com\/wp-content\/uploads\/2024\/07\/O1CN01NmMlUr1Bs2jjJiTNg_0-0-cib.jpg","type":"image\/jpeg"}],"twitter_card":"summary_large_image","twitter_misc":{"Gesch\u00e4tzte Lesezeit":"1\u00a0Minute"},"schema":{"@context":"https:\/\/schema.org","@graph":[{"@type":"WebPage","@id":"https:\/\/global-hookah.com\/product\/american-style-smoking-pipe-mug\/","url":"https:\/\/global-hookah.com\/product\/american-style-smoking-pipe-mug\/","name":"American Style Raucherpfeife Becher Gro\u00dfhandel - Global Hookah","isPartOf":{"@id":"https:\/\/global-hookah.com\/#website"},"primaryImageOfPage":{"@id":"https:\/\/global-hookah.com\/product\/american-style-smoking-pipe-mug\/#primaryimage"},"image":{"@id":"https:\/\/global-hookah.com\/product\/american-style-smoking-pipe-mug\/#primaryimage"},"thumbnailUrl":"https:\/\/global-hookah.com\/wp-content\/uploads\/2024\/07\/O1CN01NmMlUr1Bs2jjJiTNg_0-0-cib.jpg","datePublished":"2024-07-09T08:25:03+00:00","dateModified":"2024-07-13T03:17:20+00:00","breadcrumb":{"@id":"https:\/\/global-hookah.com\/product\/american-style-smoking-pipe-mug\/#breadcrumb"},"inLanguage":"de","potentialAction":[{"@type":"ReadAction","target":["https:\/\/global-hookah.com\/product\/american-style-smoking-pipe-mug\/"]}]},{"@type":"ImageObject","inLanguage":"de","@id":"https:\/\/global-hookah.com\/product\/american-style-smoking-pipe-mug\/#primaryimage","url":"https:\/\/global-hookah.com\/wp-content\/uploads\/2024\/07\/O1CN01NmMlUr1Bs2jjJiTNg_0-0-cib.jpg","contentUrl":"https:\/\/global-hookah.com\/wp-content\/uploads\/2024\/07\/O1CN01NmMlUr1Bs2jjJiTNg_0-0-cib.jpg","width":800,"height":800},{"@type":"BreadcrumbList","@id":"https:\/\/global-hookah.com\/product\/american-style-smoking-pipe-mug\/#breadcrumb","itemListElement":[{"@type":"ListItem","position":1,"name":"Home","item":"https:\/\/global-hookah.com\/"},{"@type":"ListItem","position":2,"name":"Shop","item":"https:\/\/global-hookah.com\/shop\/"},{"@type":"ListItem","position":3,"name":"American Style Smoking Pipe Mug Wholesale"}]},{"@type":"WebSite","@id":"https:\/\/global-hookah.com\/#website","url":"https:\/\/global-hookah.com\/","name":"Globale Wasserpfeife","description":"Globale Wasserpfeife","publisher":{"@id":"https:\/\/global-hookah.com\/#organization"},"potentialAction":[{"@type":"SearchAction","target":{"@type":"EntryPoint","urlTemplate":"https:\/\/global-hookah.com\/?s={search_term_string}"},"query-input":{"@type":"PropertyValueSpecification","valueRequired":true,"valueName":"search_term_string"}}],"inLanguage":"de"},{"@type":"Organization","@id":"https:\/\/global-hookah.com\/#organization","name":"Globale Wasserpfeife","url":"https:\/\/global-hookah.com\/","logo":{"@type":"ImageObject","inLanguage":"de","@id":"https:\/\/global-hookah.com\/#\/schema\/logo\/image\/","url":"https:\/\/global-hookah.com\/wp-content\/uploads\/2021\/10\/cropped-fgg.png","contentUrl":"https:\/\/global-hookah.com\/wp-content\/uploads\/2021\/10\/cropped-fgg.png","width":512,"height":512,"caption":"Global Hookah"},"image":{"@id":"https:\/\/global-hookah.com\/#\/schema\/logo\/image\/"}}]}},"_links":{"self":[{"href":"https:\/\/global-hookah.com\/de\/wp-json\/wp\/v2\/product\/28330","targetHints":{"allow":["GET"]}}],"collection":[{"href":"https:\/\/global-hookah.com\/de\/wp-json\/wp\/v2\/product"}],"about":[{"href":"https:\/\/global-hookah.com\/de\/wp-json\/wp\/v2\/types\/product"}],"replies":[{"embeddable":true,"href":"https:\/\/global-hookah.com\/de\/wp-json\/wp\/v2\/comments?post=28330"}],"version-history":[{"count":0,"href":"https:\/\/global-hookah.com\/de\/wp-json\/wp\/v2\/product\/28330\/revisions"}],"wp:featuredmedia":[{"embeddable":true,"href":"https:\/\/global-hookah.com\/de\/wp-json\/wp\/v2\/media\/28409"}],"wp:attachment":[{"href":"https:\/\/global-hookah.com\/de\/wp-json\/wp\/v2\/media?parent=28330"}],"wp:term":[{"taxonomy":"product_brand","embeddable":true,"href":"https:\/\/global-hookah.com\/de\/wp-json\/wp\/v2\/product_brand?post=28330"},{"taxonomy":"product_cat","embeddable":true,"href":"https:\/\/global-hookah.com\/de\/wp-json\/wp\/v2\/product_cat?post=28330"},{"taxonomy":"product_tag","embeddable":true,"href":"https:\/\/global-hookah.com\/de\/wp-json\/wp\/v2\/product_tag?post=28330"}],"curies":[{"name":"wp","href":"https:\/\/api.w.org\/{rel}","templated":true}]}}