{"id":28516,"date":"2024-07-13T07:40:20","date_gmt":"2024-07-13T07:40:20","guid":{"rendered":"https:\/\/global-hookah.com\/?post_type=product&#038;p=28516"},"modified":"2024-07-13T07:51:18","modified_gmt":"2024-07-13T07:51:18","slug":"handheld-dab-rig-wholesale","status":"publish","type":"product","link":"https:\/\/global-hookah.com\/de\/produkt\/handheld-dab-rig-wholesale\/","title":{"rendered":"Handheld Dab Rig Gro\u00dfhandel"},"content":{"rendered":"<p>Diese <strong>Handheld Dab Rig<\/strong> ist dank der hochwertigen Wasserkammer aus Borosilikatglas in seinem Herzen ein wahres Wunderwerk. Das Glasfiltersystem hilft, die hei\u00dfen Dabs zu k\u00fchlen und gl\u00e4ttet jeden Zug, so dass Du jedes Mal einen geschmeidigen, geschmackvollen Zug erh\u00e4ltst. Und mach Dir keine Sorgen, dass Du umkippst oder etwas versch\u00fcttest, denn die verst\u00e4rkte Basis sorgt f\u00fcr einen soliden und stabilen Stand des Ger\u00e4ts.<\/p>\n<p>Aber halt, es gibt noch mehr! Diese <strong>Handheld <a href=\"https:\/\/global-hookah.com\/product\/wholesale-glass-dab-rigs\/\">Dab Rig<\/a> 's<\/strong> Die geniale, winzige Gr\u00f6\u00dfe bedeutet, dass du ihn ohne viel Aufhebens mitnehmen kannst. F\u00fcge einfach etwas Wasser hinzu, f\u00fclle die Kammer mit Deinem Lieblingswachs oder Crumble und schon bist Du bereit f\u00fcr rippin' dabs am Lagerfeuer oder auf der Ranch. Das ergonomische Mundst\u00fcck sitzt sehr bequem zwischen Deinen Lippen und sorgt jedes Mal f\u00fcr einen kontrollierten Zug.<\/p>\n<p>Und machen Sie sich keine Sorgen \u00fcber die Kompatibilit\u00e4t - das hier <strong>Handheld Dab Rig<\/strong> funktioniert mit so gut wie jeder Art von Konzentrat unter der Sonne. Es hat auch eine universelle 10mm <a href=\"https:\/\/global-hookah.com\/product\/14mm-female-joint-oil-dab-rigs-wholesale\/\">Gelenk, das zu den meisten Tupfern passt<\/a> Werkzeuge. So haben Sie die Freiheit, sich nach Herzenslust anzupassen!<\/p>\n<p>&nbsp;<\/p>","protected":false},"excerpt":{"rendered":"<p>Dieses Handheld Dab Rig ist ein wahres Wunderwerk, dank seiner hochwertigen Wasserkammer aus Borosilikatglas in seinem Herzen. Die<\/p>","protected":false},"featured_media":28521,"comment_status":"closed","ping_status":"closed","template":"","meta":{"iawp_total_views":1,"_joinchat":[]},"product_brand":[],"product_cat":[887],"product_tag":[],"class_list":{"0":"post-28516","1":"product","2":"type-product","3":"status-publish","4":"has-post-thumbnail","6":"product_cat-wholesale-dab-rigs","8":"first","9":"instock","10":"shipping-taxable","11":"product-type-external"},"yoast_head":"<!-- This site is optimized with the Yoast SEO Premium plugin v24.7 (Yoast SEO v26.8) - https:\/\/yoast.com\/product\/yoast-seo-premium-wordpress\/ -->\n<title>Handheld Dab Rig Wholesale - Global Hookah<\/title>\n<meta name=\"robots\" content=\"index, follow, max-snippet:-1, max-image-preview:large, max-video-preview:-1\" \/>\n<link rel=\"canonical\" href=\"https:\/\/global-hookah.com\/de\/produkt\/handheld-dab-rig-wholesale\/\" \/>\n<meta property=\"og:locale\" content=\"de_DE\" \/>\n<meta property=\"og:type\" content=\"article\" \/>\n<meta property=\"og:title\" content=\"Handheld Dab Rig Wholesale\" \/>\n<meta property=\"og:description\" content=\"This Handheld Dab Rig is a total marvel, thanks to its high-quality borosilicate glass water chamber at its heart. The\" \/>\n<meta property=\"og:url\" content=\"https:\/\/global-hookah.com\/de\/produkt\/handheld-dab-rig-wholesale\/\" \/>\n<meta property=\"og:site_name\" content=\"Global Hookah\" \/>\n<meta property=\"article:modified_time\" content=\"2024-07-13T07:51:18+00:00\" \/>\n<meta property=\"og:image\" content=\"https:\/\/global-hookah.com\/wp-content\/uploads\/2024\/07\/1720856319224.png\" \/>\n\t<meta property=\"og:image:width\" content=\"800\" \/>\n\t<meta property=\"og:image:height\" content=\"800\" \/>\n\t<meta property=\"og:image:type\" content=\"image\/png\" \/>\n<meta name=\"twitter:card\" content=\"summary_large_image\" \/>\n<meta name=\"twitter:label1\" content=\"Gesch\u00e4tzte Lesezeit\" \/>\n\t<meta name=\"twitter:data1\" content=\"1\u00a0Minute\" \/>\n<script type=\"application\/ld+json\" class=\"yoast-schema-graph\">{\"@context\":\"https:\/\/schema.org\",\"@graph\":[{\"@type\":\"WebPage\",\"@id\":\"https:\/\/global-hookah.com\/product\/handheld-dab-rig-wholesale\/\",\"url\":\"https:\/\/global-hookah.com\/product\/handheld-dab-rig-wholesale\/\",\"name\":\"Handheld Dab Rig Wholesale - Global Hookah\",\"isPartOf\":{\"@id\":\"https:\/\/global-hookah.com\/#website\"},\"primaryImageOfPage\":{\"@id\":\"https:\/\/global-hookah.com\/product\/handheld-dab-rig-wholesale\/#primaryimage\"},\"image\":{\"@id\":\"https:\/\/global-hookah.com\/product\/handheld-dab-rig-wholesale\/#primaryimage\"},\"thumbnailUrl\":\"https:\/\/global-hookah.com\/wp-content\/uploads\/2024\/07\/1720856319224.png\",\"datePublished\":\"2024-07-13T07:40:20+00:00\",\"dateModified\":\"2024-07-13T07:51:18+00:00\",\"breadcrumb\":{\"@id\":\"https:\/\/global-hookah.com\/product\/handheld-dab-rig-wholesale\/#breadcrumb\"},\"inLanguage\":\"de\",\"potentialAction\":[{\"@type\":\"ReadAction\",\"target\":[\"https:\/\/global-hookah.com\/product\/handheld-dab-rig-wholesale\/\"]}]},{\"@type\":\"ImageObject\",\"inLanguage\":\"de\",\"@id\":\"https:\/\/global-hookah.com\/product\/handheld-dab-rig-wholesale\/#primaryimage\",\"url\":\"https:\/\/global-hookah.com\/wp-content\/uploads\/2024\/07\/1720856319224.png\",\"contentUrl\":\"https:\/\/global-hookah.com\/wp-content\/uploads\/2024\/07\/1720856319224.png\",\"width\":800,\"height\":800,\"caption\":\"Handheld Dab Rig Wholesale\"},{\"@type\":\"BreadcrumbList\",\"@id\":\"https:\/\/global-hookah.com\/product\/handheld-dab-rig-wholesale\/#breadcrumb\",\"itemListElement\":[{\"@type\":\"ListItem\",\"position\":1,\"name\":\"Home\",\"item\":\"https:\/\/global-hookah.com\/\"},{\"@type\":\"ListItem\",\"position\":2,\"name\":\"Shop\",\"item\":\"https:\/\/global-hookah.com\/shop\/\"},{\"@type\":\"ListItem\",\"position\":3,\"name\":\"Handheld Dab Rig Wholesale\"}]},{\"@type\":\"WebSite\",\"@id\":\"https:\/\/global-hookah.com\/#website\",\"url\":\"https:\/\/global-hookah.com\/\",\"name\":\"Global Hookah\",\"description\":\"Global Hookah\",\"publisher\":{\"@id\":\"https:\/\/global-hookah.com\/#organization\"},\"potentialAction\":[{\"@type\":\"SearchAction\",\"target\":{\"@type\":\"EntryPoint\",\"urlTemplate\":\"https:\/\/global-hookah.com\/?s={search_term_string}\"},\"query-input\":{\"@type\":\"PropertyValueSpecification\",\"valueRequired\":true,\"valueName\":\"search_term_string\"}}],\"inLanguage\":\"de\"},{\"@type\":\"Organization\",\"@id\":\"https:\/\/global-hookah.com\/#organization\",\"name\":\"Global Hookah\",\"url\":\"https:\/\/global-hookah.com\/\",\"logo\":{\"@type\":\"ImageObject\",\"inLanguage\":\"de\",\"@id\":\"https:\/\/global-hookah.com\/#\/schema\/logo\/image\/\",\"url\":\"https:\/\/global-hookah.com\/wp-content\/uploads\/2021\/10\/cropped-fgg.png\",\"contentUrl\":\"https:\/\/global-hookah.com\/wp-content\/uploads\/2021\/10\/cropped-fgg.png\",\"width\":512,\"height\":512,\"caption\":\"Global Hookah\"},\"image\":{\"@id\":\"https:\/\/global-hookah.com\/#\/schema\/logo\/image\/\"}}]}<\/script>\n<!-- \/ Yoast SEO Premium plugin. -->","yoast_head_json":{"title":"Handheld Dab Rig Gro\u00dfhandel - Global Hookah","robots":{"index":"index","follow":"follow","max-snippet":"max-snippet:-1","max-image-preview":"max-image-preview:large","max-video-preview":"max-video-preview:-1"},"canonical":"https:\/\/global-hookah.com\/de\/produkt\/handheld-dab-rig-wholesale\/","og_locale":"de_DE","og_type":"article","og_title":"Handheld Dab Rig Wholesale","og_description":"This Handheld Dab Rig is a total marvel, thanks to its high-quality borosilicate glass water chamber at its heart. The","og_url":"https:\/\/global-hookah.com\/de\/produkt\/handheld-dab-rig-wholesale\/","og_site_name":"Global Hookah","article_modified_time":"2024-07-13T07:51:18+00:00","og_image":[{"width":800,"height":800,"url":"https:\/\/global-hookah.com\/wp-content\/uploads\/2024\/07\/1720856319224.png","type":"image\/png"}],"twitter_card":"summary_large_image","twitter_misc":{"Gesch\u00e4tzte Lesezeit":"1\u00a0Minute"},"schema":{"@context":"https:\/\/schema.org","@graph":[{"@type":"WebPage","@id":"https:\/\/global-hookah.com\/product\/handheld-dab-rig-wholesale\/","url":"https:\/\/global-hookah.com\/product\/handheld-dab-rig-wholesale\/","name":"Handheld Dab Rig Gro\u00dfhandel - Global Hookah","isPartOf":{"@id":"https:\/\/global-hookah.com\/#website"},"primaryImageOfPage":{"@id":"https:\/\/global-hookah.com\/product\/handheld-dab-rig-wholesale\/#primaryimage"},"image":{"@id":"https:\/\/global-hookah.com\/product\/handheld-dab-rig-wholesale\/#primaryimage"},"thumbnailUrl":"https:\/\/global-hookah.com\/wp-content\/uploads\/2024\/07\/1720856319224.png","datePublished":"2024-07-13T07:40:20+00:00","dateModified":"2024-07-13T07:51:18+00:00","breadcrumb":{"@id":"https:\/\/global-hookah.com\/product\/handheld-dab-rig-wholesale\/#breadcrumb"},"inLanguage":"de","potentialAction":[{"@type":"ReadAction","target":["https:\/\/global-hookah.com\/product\/handheld-dab-rig-wholesale\/"]}]},{"@type":"ImageObject","inLanguage":"de","@id":"https:\/\/global-hookah.com\/product\/handheld-dab-rig-wholesale\/#primaryimage","url":"https:\/\/global-hookah.com\/wp-content\/uploads\/2024\/07\/1720856319224.png","contentUrl":"https:\/\/global-hookah.com\/wp-content\/uploads\/2024\/07\/1720856319224.png","width":800,"height":800,"caption":"Handheld Dab Rig Wholesale"},{"@type":"BreadcrumbList","@id":"https:\/\/global-hookah.com\/product\/handheld-dab-rig-wholesale\/#breadcrumb","itemListElement":[{"@type":"ListItem","position":1,"name":"Home","item":"https:\/\/global-hookah.com\/"},{"@type":"ListItem","position":2,"name":"Shop","item":"https:\/\/global-hookah.com\/shop\/"},{"@type":"ListItem","position":3,"name":"Handheld Dab Rig Wholesale"}]},{"@type":"WebSite","@id":"https:\/\/global-hookah.com\/#website","url":"https:\/\/global-hookah.com\/","name":"Globale Wasserpfeife","description":"Globale Wasserpfeife","publisher":{"@id":"https:\/\/global-hookah.com\/#organization"},"potentialAction":[{"@type":"SearchAction","target":{"@type":"EntryPoint","urlTemplate":"https:\/\/global-hookah.com\/?s={search_term_string}"},"query-input":{"@type":"PropertyValueSpecification","valueRequired":true,"valueName":"search_term_string"}}],"inLanguage":"de"},{"@type":"Organization","@id":"https:\/\/global-hookah.com\/#organization","name":"Globale Wasserpfeife","url":"https:\/\/global-hookah.com\/","logo":{"@type":"ImageObject","inLanguage":"de","@id":"https:\/\/global-hookah.com\/#\/schema\/logo\/image\/","url":"https:\/\/global-hookah.com\/wp-content\/uploads\/2021\/10\/cropped-fgg.png","contentUrl":"https:\/\/global-hookah.com\/wp-content\/uploads\/2021\/10\/cropped-fgg.png","width":512,"height":512,"caption":"Global Hookah"},"image":{"@id":"https:\/\/global-hookah.com\/#\/schema\/logo\/image\/"}}]}},"_links":{"self":[{"href":"https:\/\/global-hookah.com\/de\/wp-json\/wp\/v2\/product\/28516","targetHints":{"allow":["GET"]}}],"collection":[{"href":"https:\/\/global-hookah.com\/de\/wp-json\/wp\/v2\/product"}],"about":[{"href":"https:\/\/global-hookah.com\/de\/wp-json\/wp\/v2\/types\/product"}],"replies":[{"embeddable":true,"href":"https:\/\/global-hookah.com\/de\/wp-json\/wp\/v2\/comments?post=28516"}],"version-history":[{"count":0,"href":"https:\/\/global-hookah.com\/de\/wp-json\/wp\/v2\/product\/28516\/revisions"}],"wp:featuredmedia":[{"embeddable":true,"href":"https:\/\/global-hookah.com\/de\/wp-json\/wp\/v2\/media\/28521"}],"wp:attachment":[{"href":"https:\/\/global-hookah.com\/de\/wp-json\/wp\/v2\/media?parent=28516"}],"wp:term":[{"taxonomy":"product_brand","embeddable":true,"href":"https:\/\/global-hookah.com\/de\/wp-json\/wp\/v2\/product_brand?post=28516"},{"taxonomy":"product_cat","embeddable":true,"href":"https:\/\/global-hookah.com\/de\/wp-json\/wp\/v2\/product_cat?post=28516"},{"taxonomy":"product_tag","embeddable":true,"href":"https:\/\/global-hookah.com\/de\/wp-json\/wp\/v2\/product_tag?post=28516"}],"curies":[{"name":"wp","href":"https:\/\/api.w.org\/{rel}","templated":true}]}}