{"id":28545,"date":"2024-07-13T08:42:05","date_gmt":"2024-07-13T08:42:05","guid":{"rendered":"https:\/\/global-hookah.com\/?post_type=product&#038;p=28545"},"modified":"2024-07-20T02:35:33","modified_gmt":"2024-07-20T02:35:33","slug":"8-3-inch-glass-recycler-oil-dab-rig-wholesale","status":"publish","type":"product","link":"https:\/\/global-hookah.com\/de\/produkt\/8-3-inch-glass-recycler-oil-dab-rig-wholesale\/","title":{"rendered":"8,3 Zoll Glas Recycler \u00d6l Dab Rig Gro\u00dfhandel"},"content":{"rendered":"<p>Das Herzst\u00fcck dieser <strong>einzigartiger \u00d6ltupfer-Rig<\/strong> ist ein Recycler, der die Filterung und K\u00fchlung des Dampfes auf eine neue Stufe stellt. Auf seinem Weg durch das komplizierte Mehrkammerger\u00e4t durchl\u00e4uft der mit Konzentrat angereicherte Dampf einige Ver\u00e4nderungen; er wird zun\u00e4chst durch das Wasser in der Hauptkammer gek\u00fchlt und dann durch den komplexen Perkolator eines Recyclers bel\u00fcftet und diffundiert.<\/p>\n<p>Mit ihrem sanften Blasenger\u00e4usch nutzt sie innovative zweistufige Filtrationsverfahren, um einen \u00e4u\u00dferst delikaten Rauch zu gew\u00e4hrleisten, der so urspr\u00fcnglich wie m\u00f6glich schmeckt und alle Terpenprofile in Ihren Konzentraten unber\u00fchrt l\u00e4sst. Dies verleiht jeder Session einen \u00e4sthetischen Reiz und macht sie zu einem sinnlichen Erlebnis.<\/p>","protected":false},"excerpt":{"rendered":"<p>Das Herzst\u00fcck dieses einzigartigen Oil Dab Rig ist ein Recycler-Design, das die Dampffilterung und K\u00fchlung zu einem weiteren<\/p>","protected":false},"featured_media":28551,"comment_status":"closed","ping_status":"closed","template":"","meta":{"iawp_total_views":1,"_joinchat":[]},"product_brand":[],"product_cat":[887],"product_tag":[],"class_list":{"0":"post-28545","1":"product","2":"type-product","3":"status-publish","4":"has-post-thumbnail","6":"product_cat-wholesale-dab-rigs","8":"first","9":"instock","10":"shipping-taxable","11":"product-type-external"},"yoast_head":"<!-- This site is optimized with the Yoast SEO Premium plugin v24.7 (Yoast SEO v26.8) - https:\/\/yoast.com\/product\/yoast-seo-premium-wordpress\/ -->\n<title>8.3 Inch Glass Recycler Oil Dab Rig Wholesale - Global Hookah<\/title>\n<meta name=\"robots\" content=\"index, follow, max-snippet:-1, max-image-preview:large, max-video-preview:-1\" \/>\n<link rel=\"canonical\" href=\"https:\/\/global-hookah.com\/de\/produkt\/8-3-inch-glass-recycler-oil-dab-rig-wholesale\/\" \/>\n<meta property=\"og:locale\" content=\"de_DE\" \/>\n<meta property=\"og:type\" content=\"article\" \/>\n<meta property=\"og:title\" content=\"8.3 Inch Glass Recycler Oil Dab Rig Wholesale\" \/>\n<meta property=\"og:description\" content=\"The heart of this unique Oil Dab Rig is a recycler design that leads vapor filtration and cooling to another\" \/>\n<meta property=\"og:url\" content=\"https:\/\/global-hookah.com\/de\/produkt\/8-3-inch-glass-recycler-oil-dab-rig-wholesale\/\" \/>\n<meta property=\"og:site_name\" content=\"Global Hookah\" \/>\n<meta property=\"article:modified_time\" content=\"2024-07-20T02:35:33+00:00\" \/>\n<meta property=\"og:image\" content=\"https:\/\/global-hookah.com\/wp-content\/uploads\/2024\/07\/afb87d06-6c5b-4bf1-8f03-f1eb58a7bee6.webp\" \/>\n\t<meta property=\"og:image:width\" content=\"400\" \/>\n\t<meta property=\"og:image:height\" content=\"400\" \/>\n\t<meta property=\"og:image:type\" content=\"image\/webp\" \/>\n<meta name=\"twitter:card\" content=\"summary_large_image\" \/>\n<meta name=\"twitter:label1\" content=\"Gesch\u00e4tzte Lesezeit\" \/>\n\t<meta name=\"twitter:data1\" content=\"1\u00a0Minute\" \/>\n<script type=\"application\/ld+json\" class=\"yoast-schema-graph\">{\"@context\":\"https:\/\/schema.org\",\"@graph\":[{\"@type\":\"WebPage\",\"@id\":\"https:\/\/global-hookah.com\/product\/8-3-inch-glass-recycler-oil-dab-rig-wholesale\/\",\"url\":\"https:\/\/global-hookah.com\/product\/8-3-inch-glass-recycler-oil-dab-rig-wholesale\/\",\"name\":\"8.3 Inch Glass Recycler Oil Dab Rig Wholesale - Global Hookah\",\"isPartOf\":{\"@id\":\"https:\/\/global-hookah.com\/#website\"},\"primaryImageOfPage\":{\"@id\":\"https:\/\/global-hookah.com\/product\/8-3-inch-glass-recycler-oil-dab-rig-wholesale\/#primaryimage\"},\"image\":{\"@id\":\"https:\/\/global-hookah.com\/product\/8-3-inch-glass-recycler-oil-dab-rig-wholesale\/#primaryimage\"},\"thumbnailUrl\":\"https:\/\/global-hookah.com\/wp-content\/uploads\/2024\/07\/afb87d06-6c5b-4bf1-8f03-f1eb58a7bee6.webp\",\"datePublished\":\"2024-07-13T08:42:05+00:00\",\"dateModified\":\"2024-07-20T02:35:33+00:00\",\"breadcrumb\":{\"@id\":\"https:\/\/global-hookah.com\/product\/8-3-inch-glass-recycler-oil-dab-rig-wholesale\/#breadcrumb\"},\"inLanguage\":\"de\",\"potentialAction\":[{\"@type\":\"ReadAction\",\"target\":[\"https:\/\/global-hookah.com\/product\/8-3-inch-glass-recycler-oil-dab-rig-wholesale\/\"]}]},{\"@type\":\"ImageObject\",\"inLanguage\":\"de\",\"@id\":\"https:\/\/global-hookah.com\/product\/8-3-inch-glass-recycler-oil-dab-rig-wholesale\/#primaryimage\",\"url\":\"https:\/\/global-hookah.com\/wp-content\/uploads\/2024\/07\/afb87d06-6c5b-4bf1-8f03-f1eb58a7bee6.webp\",\"contentUrl\":\"https:\/\/global-hookah.com\/wp-content\/uploads\/2024\/07\/afb87d06-6c5b-4bf1-8f03-f1eb58a7bee6.webp\",\"width\":400,\"height\":400},{\"@type\":\"BreadcrumbList\",\"@id\":\"https:\/\/global-hookah.com\/product\/8-3-inch-glass-recycler-oil-dab-rig-wholesale\/#breadcrumb\",\"itemListElement\":[{\"@type\":\"ListItem\",\"position\":1,\"name\":\"Home\",\"item\":\"https:\/\/global-hookah.com\/\"},{\"@type\":\"ListItem\",\"position\":2,\"name\":\"Shop\",\"item\":\"https:\/\/global-hookah.com\/shop\/\"},{\"@type\":\"ListItem\",\"position\":3,\"name\":\"8.3 Inch Glass Recycler Oil Dab Rig Wholesale\"}]},{\"@type\":\"WebSite\",\"@id\":\"https:\/\/global-hookah.com\/#website\",\"url\":\"https:\/\/global-hookah.com\/\",\"name\":\"Global Hookah\",\"description\":\"Global Hookah\",\"publisher\":{\"@id\":\"https:\/\/global-hookah.com\/#organization\"},\"potentialAction\":[{\"@type\":\"SearchAction\",\"target\":{\"@type\":\"EntryPoint\",\"urlTemplate\":\"https:\/\/global-hookah.com\/?s={search_term_string}\"},\"query-input\":{\"@type\":\"PropertyValueSpecification\",\"valueRequired\":true,\"valueName\":\"search_term_string\"}}],\"inLanguage\":\"de\"},{\"@type\":\"Organization\",\"@id\":\"https:\/\/global-hookah.com\/#organization\",\"name\":\"Global Hookah\",\"url\":\"https:\/\/global-hookah.com\/\",\"logo\":{\"@type\":\"ImageObject\",\"inLanguage\":\"de\",\"@id\":\"https:\/\/global-hookah.com\/#\/schema\/logo\/image\/\",\"url\":\"https:\/\/global-hookah.com\/wp-content\/uploads\/2021\/10\/cropped-fgg.png\",\"contentUrl\":\"https:\/\/global-hookah.com\/wp-content\/uploads\/2021\/10\/cropped-fgg.png\",\"width\":512,\"height\":512,\"caption\":\"Global Hookah\"},\"image\":{\"@id\":\"https:\/\/global-hookah.com\/#\/schema\/logo\/image\/\"}}]}<\/script>\n<!-- \/ Yoast SEO Premium plugin. -->","yoast_head_json":{"title":"8,3 Zoll Glas Recycler \u00d6l Dab Rig Gro\u00dfhandel - Global Hookah","robots":{"index":"index","follow":"follow","max-snippet":"max-snippet:-1","max-image-preview":"max-image-preview:large","max-video-preview":"max-video-preview:-1"},"canonical":"https:\/\/global-hookah.com\/de\/produkt\/8-3-inch-glass-recycler-oil-dab-rig-wholesale\/","og_locale":"de_DE","og_type":"article","og_title":"8.3 Inch Glass Recycler Oil Dab Rig Wholesale","og_description":"The heart of this unique Oil Dab Rig is a recycler design that leads vapor filtration and cooling to another","og_url":"https:\/\/global-hookah.com\/de\/produkt\/8-3-inch-glass-recycler-oil-dab-rig-wholesale\/","og_site_name":"Global Hookah","article_modified_time":"2024-07-20T02:35:33+00:00","og_image":[{"width":400,"height":400,"url":"https:\/\/global-hookah.com\/wp-content\/uploads\/2024\/07\/afb87d06-6c5b-4bf1-8f03-f1eb58a7bee6.webp","type":"image\/webp"}],"twitter_card":"summary_large_image","twitter_misc":{"Gesch\u00e4tzte Lesezeit":"1\u00a0Minute"},"schema":{"@context":"https:\/\/schema.org","@graph":[{"@type":"WebPage","@id":"https:\/\/global-hookah.com\/product\/8-3-inch-glass-recycler-oil-dab-rig-wholesale\/","url":"https:\/\/global-hookah.com\/product\/8-3-inch-glass-recycler-oil-dab-rig-wholesale\/","name":"8,3 Zoll Glas Recycler \u00d6l Dab Rig Gro\u00dfhandel - Global Hookah","isPartOf":{"@id":"https:\/\/global-hookah.com\/#website"},"primaryImageOfPage":{"@id":"https:\/\/global-hookah.com\/product\/8-3-inch-glass-recycler-oil-dab-rig-wholesale\/#primaryimage"},"image":{"@id":"https:\/\/global-hookah.com\/product\/8-3-inch-glass-recycler-oil-dab-rig-wholesale\/#primaryimage"},"thumbnailUrl":"https:\/\/global-hookah.com\/wp-content\/uploads\/2024\/07\/afb87d06-6c5b-4bf1-8f03-f1eb58a7bee6.webp","datePublished":"2024-07-13T08:42:05+00:00","dateModified":"2024-07-20T02:35:33+00:00","breadcrumb":{"@id":"https:\/\/global-hookah.com\/product\/8-3-inch-glass-recycler-oil-dab-rig-wholesale\/#breadcrumb"},"inLanguage":"de","potentialAction":[{"@type":"ReadAction","target":["https:\/\/global-hookah.com\/product\/8-3-inch-glass-recycler-oil-dab-rig-wholesale\/"]}]},{"@type":"ImageObject","inLanguage":"de","@id":"https:\/\/global-hookah.com\/product\/8-3-inch-glass-recycler-oil-dab-rig-wholesale\/#primaryimage","url":"https:\/\/global-hookah.com\/wp-content\/uploads\/2024\/07\/afb87d06-6c5b-4bf1-8f03-f1eb58a7bee6.webp","contentUrl":"https:\/\/global-hookah.com\/wp-content\/uploads\/2024\/07\/afb87d06-6c5b-4bf1-8f03-f1eb58a7bee6.webp","width":400,"height":400},{"@type":"BreadcrumbList","@id":"https:\/\/global-hookah.com\/product\/8-3-inch-glass-recycler-oil-dab-rig-wholesale\/#breadcrumb","itemListElement":[{"@type":"ListItem","position":1,"name":"Home","item":"https:\/\/global-hookah.com\/"},{"@type":"ListItem","position":2,"name":"Shop","item":"https:\/\/global-hookah.com\/shop\/"},{"@type":"ListItem","position":3,"name":"8.3 Inch Glass Recycler Oil Dab Rig Wholesale"}]},{"@type":"WebSite","@id":"https:\/\/global-hookah.com\/#website","url":"https:\/\/global-hookah.com\/","name":"Globale Wasserpfeife","description":"Globale Wasserpfeife","publisher":{"@id":"https:\/\/global-hookah.com\/#organization"},"potentialAction":[{"@type":"SearchAction","target":{"@type":"EntryPoint","urlTemplate":"https:\/\/global-hookah.com\/?s={search_term_string}"},"query-input":{"@type":"PropertyValueSpecification","valueRequired":true,"valueName":"search_term_string"}}],"inLanguage":"de"},{"@type":"Organization","@id":"https:\/\/global-hookah.com\/#organization","name":"Globale Wasserpfeife","url":"https:\/\/global-hookah.com\/","logo":{"@type":"ImageObject","inLanguage":"de","@id":"https:\/\/global-hookah.com\/#\/schema\/logo\/image\/","url":"https:\/\/global-hookah.com\/wp-content\/uploads\/2021\/10\/cropped-fgg.png","contentUrl":"https:\/\/global-hookah.com\/wp-content\/uploads\/2021\/10\/cropped-fgg.png","width":512,"height":512,"caption":"Global Hookah"},"image":{"@id":"https:\/\/global-hookah.com\/#\/schema\/logo\/image\/"}}]}},"_links":{"self":[{"href":"https:\/\/global-hookah.com\/de\/wp-json\/wp\/v2\/product\/28545","targetHints":{"allow":["GET"]}}],"collection":[{"href":"https:\/\/global-hookah.com\/de\/wp-json\/wp\/v2\/product"}],"about":[{"href":"https:\/\/global-hookah.com\/de\/wp-json\/wp\/v2\/types\/product"}],"replies":[{"embeddable":true,"href":"https:\/\/global-hookah.com\/de\/wp-json\/wp\/v2\/comments?post=28545"}],"version-history":[{"count":0,"href":"https:\/\/global-hookah.com\/de\/wp-json\/wp\/v2\/product\/28545\/revisions"}],"wp:featuredmedia":[{"embeddable":true,"href":"https:\/\/global-hookah.com\/de\/wp-json\/wp\/v2\/media\/28551"}],"wp:attachment":[{"href":"https:\/\/global-hookah.com\/de\/wp-json\/wp\/v2\/media?parent=28545"}],"wp:term":[{"taxonomy":"product_brand","embeddable":true,"href":"https:\/\/global-hookah.com\/de\/wp-json\/wp\/v2\/product_brand?post=28545"},{"taxonomy":"product_cat","embeddable":true,"href":"https:\/\/global-hookah.com\/de\/wp-json\/wp\/v2\/product_cat?post=28545"},{"taxonomy":"product_tag","embeddable":true,"href":"https:\/\/global-hookah.com\/de\/wp-json\/wp\/v2\/product_tag?post=28545"}],"curies":[{"name":"wp","href":"https:\/\/api.w.org\/{rel}","templated":true}]}}