{"id":28690,"date":"2024-07-23T03:43:28","date_gmt":"2024-07-23T03:43:28","guid":{"rendered":"https:\/\/global-hookah.com\/?post_type=product&#038;p=28690"},"modified":"2025-03-10T01:14:33","modified_gmt":"2025-03-10T01:14:33","slug":"electronic-cigar-starter-kit-wholesale","status":"publish","type":"product","link":"https:\/\/global-hookah.com\/de\/produkt\/electronic-cigar-starter-kit-wholesale\/","title":{"rendered":"Elektronische Zigarre Starter Kit Gro\u00dfhandel"},"content":{"rendered":"<p>Vielf\u00e4ltige Auswahlm\u00f6glichkeiten, die alle Szenarien abdecken<\/p>\n<p>Classic: simulierte Zigarre Aussehen, Metall-K\u00f6rper, zieht traditionelle Tabakkonsumenten, um nahtlos \u00dcbergang.<\/p>\n<p>Tragbar: leichtes Design (z. B. stiftf\u00f6rmig\/mini), geeignet zum Mitnehmen, Zielgruppe: junge, trendige Leute<\/p>\n<p>Plug and Play: Vorgef\u00fcllte Kartusche, kein Nachf\u00fcllen von \u00d6l erforderlich, wodurch die Einsatzschwelle gesenkt wird.<\/p>\n<p>Lange Akkulaufzeit: eingebauter 300mAh-1000mAh-Akku, unterst\u00fctzt USB-C-Schnellladung und eine Akkulaufzeit von 24-48 Stunden.<\/p>\n<p>Individueller Geschmack: bietet eine Vielzahl von Nikotinkonzentrationen (0mg-5mg) und Geschmackspatronen (Tabak, Minze, Fr\u00fcchte, etc.), um den unterschiedlichen Vorlieben der Verbraucher gerecht zu werden.<\/p>","protected":false},"excerpt":{"rendered":"<p>Vielf\u00e4ltige M\u00f6glichkeiten, die alle Szenarien abdecken Klassiker: simulierte Zigarre Aussehen, Metallk\u00f6rper, zieht traditionelle Tabakkonsumenten zu nahtlosen \u00dcbergang. Tragbar: leicht<\/p>","protected":false},"featured_media":28698,"comment_status":"closed","ping_status":"closed","template":"","meta":{"iawp_total_views":13,"_joinchat":[]},"product_brand":[],"product_cat":[934],"product_tag":[],"class_list":{"0":"post-28690","1":"product","2":"type-product","3":"status-publish","4":"has-post-thumbnail","6":"product_cat-electronic-cigar-wholesale","8":"first","9":"instock","10":"shipping-taxable","11":"product-type-external"},"yoast_head":"<!-- This site is optimized with the Yoast SEO Premium plugin v24.7 (Yoast SEO v26.8) - https:\/\/yoast.com\/product\/yoast-seo-premium-wordpress\/ -->\n<title>Electronic Cigar Starter Kit Wholesale - Global Hookah<\/title>\n<meta name=\"robots\" content=\"index, follow, max-snippet:-1, max-image-preview:large, max-video-preview:-1\" \/>\n<link rel=\"canonical\" href=\"https:\/\/global-hookah.com\/de\/produkt\/electronic-cigar-starter-kit-wholesale\/\" \/>\n<meta property=\"og:locale\" content=\"de_DE\" \/>\n<meta property=\"og:type\" content=\"article\" \/>\n<meta property=\"og:title\" content=\"Electronic Cigar Starter Kit Wholesale\" \/>\n<meta property=\"og:description\" content=\"Diverse choices, covering all scenarios Classic: simulated cigar appearance, metal body, attracting traditional tobacco users to seamlessly transition. Portable: lightweight\" \/>\n<meta property=\"og:url\" content=\"https:\/\/global-hookah.com\/de\/produkt\/electronic-cigar-starter-kit-wholesale\/\" \/>\n<meta property=\"og:site_name\" content=\"Global Hookah\" \/>\n<meta property=\"article:modified_time\" content=\"2025-03-10T01:14:33+00:00\" \/>\n<meta property=\"og:image\" content=\"https:\/\/global-hookah.com\/wp-content\/uploads\/2024\/07\/68.jpg\" \/>\n\t<meta property=\"og:image:width\" content=\"1280\" \/>\n\t<meta property=\"og:image:height\" content=\"1280\" \/>\n\t<meta property=\"og:image:type\" content=\"image\/jpeg\" \/>\n<meta name=\"twitter:card\" content=\"summary_large_image\" \/>\n<meta name=\"twitter:label1\" content=\"Gesch\u00e4tzte Lesezeit\" \/>\n\t<meta name=\"twitter:data1\" content=\"1\u00a0Minute\" \/>\n<script type=\"application\/ld+json\" class=\"yoast-schema-graph\">{\"@context\":\"https:\/\/schema.org\",\"@graph\":[{\"@type\":\"WebPage\",\"@id\":\"https:\/\/global-hookah.com\/product\/electronic-cigar-starter-kit-wholesale\/\",\"url\":\"https:\/\/global-hookah.com\/product\/electronic-cigar-starter-kit-wholesale\/\",\"name\":\"Electronic Cigar Starter Kit Wholesale - Global Hookah\",\"isPartOf\":{\"@id\":\"https:\/\/global-hookah.com\/#website\"},\"primaryImageOfPage\":{\"@id\":\"https:\/\/global-hookah.com\/product\/electronic-cigar-starter-kit-wholesale\/#primaryimage\"},\"image\":{\"@id\":\"https:\/\/global-hookah.com\/product\/electronic-cigar-starter-kit-wholesale\/#primaryimage\"},\"thumbnailUrl\":\"https:\/\/global-hookah.com\/wp-content\/uploads\/2024\/07\/68.jpg\",\"datePublished\":\"2024-07-23T03:43:28+00:00\",\"dateModified\":\"2025-03-10T01:14:33+00:00\",\"breadcrumb\":{\"@id\":\"https:\/\/global-hookah.com\/product\/electronic-cigar-starter-kit-wholesale\/#breadcrumb\"},\"inLanguage\":\"de\",\"potentialAction\":[{\"@type\":\"ReadAction\",\"target\":[\"https:\/\/global-hookah.com\/product\/electronic-cigar-starter-kit-wholesale\/\"]}]},{\"@type\":\"ImageObject\",\"inLanguage\":\"de\",\"@id\":\"https:\/\/global-hookah.com\/product\/electronic-cigar-starter-kit-wholesale\/#primaryimage\",\"url\":\"https:\/\/global-hookah.com\/wp-content\/uploads\/2024\/07\/68.jpg\",\"contentUrl\":\"https:\/\/global-hookah.com\/wp-content\/uploads\/2024\/07\/68.jpg\",\"width\":1280,\"height\":1280,\"caption\":\"Electronic Cigar Starter Kit Wholesale\"},{\"@type\":\"BreadcrumbList\",\"@id\":\"https:\/\/global-hookah.com\/product\/electronic-cigar-starter-kit-wholesale\/#breadcrumb\",\"itemListElement\":[{\"@type\":\"ListItem\",\"position\":1,\"name\":\"Home\",\"item\":\"https:\/\/global-hookah.com\/\"},{\"@type\":\"ListItem\",\"position\":2,\"name\":\"Shop\",\"item\":\"https:\/\/global-hookah.com\/shop\/\"},{\"@type\":\"ListItem\",\"position\":3,\"name\":\"Electronic Cigar Starter Kit Wholesale\"}]},{\"@type\":\"WebSite\",\"@id\":\"https:\/\/global-hookah.com\/#website\",\"url\":\"https:\/\/global-hookah.com\/\",\"name\":\"Global Hookah\",\"description\":\"Global Hookah\",\"publisher\":{\"@id\":\"https:\/\/global-hookah.com\/#organization\"},\"potentialAction\":[{\"@type\":\"SearchAction\",\"target\":{\"@type\":\"EntryPoint\",\"urlTemplate\":\"https:\/\/global-hookah.com\/?s={search_term_string}\"},\"query-input\":{\"@type\":\"PropertyValueSpecification\",\"valueRequired\":true,\"valueName\":\"search_term_string\"}}],\"inLanguage\":\"de\"},{\"@type\":\"Organization\",\"@id\":\"https:\/\/global-hookah.com\/#organization\",\"name\":\"Global Hookah\",\"url\":\"https:\/\/global-hookah.com\/\",\"logo\":{\"@type\":\"ImageObject\",\"inLanguage\":\"de\",\"@id\":\"https:\/\/global-hookah.com\/#\/schema\/logo\/image\/\",\"url\":\"https:\/\/global-hookah.com\/wp-content\/uploads\/2021\/10\/cropped-fgg.png\",\"contentUrl\":\"https:\/\/global-hookah.com\/wp-content\/uploads\/2021\/10\/cropped-fgg.png\",\"width\":512,\"height\":512,\"caption\":\"Global Hookah\"},\"image\":{\"@id\":\"https:\/\/global-hookah.com\/#\/schema\/logo\/image\/\"}}]}<\/script>\n<!-- \/ Yoast SEO Premium plugin. -->","yoast_head_json":{"title":"Elektronische Zigarre Starter Kit Gro\u00dfhandel - Global Hookah","robots":{"index":"index","follow":"follow","max-snippet":"max-snippet:-1","max-image-preview":"max-image-preview:large","max-video-preview":"max-video-preview:-1"},"canonical":"https:\/\/global-hookah.com\/de\/produkt\/electronic-cigar-starter-kit-wholesale\/","og_locale":"de_DE","og_type":"article","og_title":"Electronic Cigar Starter Kit Wholesale","og_description":"Diverse choices, covering all scenarios Classic: simulated cigar appearance, metal body, attracting traditional tobacco users to seamlessly transition. Portable: lightweight","og_url":"https:\/\/global-hookah.com\/de\/produkt\/electronic-cigar-starter-kit-wholesale\/","og_site_name":"Global Hookah","article_modified_time":"2025-03-10T01:14:33+00:00","og_image":[{"width":1280,"height":1280,"url":"https:\/\/global-hookah.com\/wp-content\/uploads\/2024\/07\/68.jpg","type":"image\/jpeg"}],"twitter_card":"summary_large_image","twitter_misc":{"Gesch\u00e4tzte Lesezeit":"1\u00a0Minute"},"schema":{"@context":"https:\/\/schema.org","@graph":[{"@type":"WebPage","@id":"https:\/\/global-hookah.com\/product\/electronic-cigar-starter-kit-wholesale\/","url":"https:\/\/global-hookah.com\/product\/electronic-cigar-starter-kit-wholesale\/","name":"Elektronische Zigarre Starter Kit Gro\u00dfhandel - Global Hookah","isPartOf":{"@id":"https:\/\/global-hookah.com\/#website"},"primaryImageOfPage":{"@id":"https:\/\/global-hookah.com\/product\/electronic-cigar-starter-kit-wholesale\/#primaryimage"},"image":{"@id":"https:\/\/global-hookah.com\/product\/electronic-cigar-starter-kit-wholesale\/#primaryimage"},"thumbnailUrl":"https:\/\/global-hookah.com\/wp-content\/uploads\/2024\/07\/68.jpg","datePublished":"2024-07-23T03:43:28+00:00","dateModified":"2025-03-10T01:14:33+00:00","breadcrumb":{"@id":"https:\/\/global-hookah.com\/product\/electronic-cigar-starter-kit-wholesale\/#breadcrumb"},"inLanguage":"de","potentialAction":[{"@type":"ReadAction","target":["https:\/\/global-hookah.com\/product\/electronic-cigar-starter-kit-wholesale\/"]}]},{"@type":"ImageObject","inLanguage":"de","@id":"https:\/\/global-hookah.com\/product\/electronic-cigar-starter-kit-wholesale\/#primaryimage","url":"https:\/\/global-hookah.com\/wp-content\/uploads\/2024\/07\/68.jpg","contentUrl":"https:\/\/global-hookah.com\/wp-content\/uploads\/2024\/07\/68.jpg","width":1280,"height":1280,"caption":"Electronic Cigar Starter Kit Wholesale"},{"@type":"BreadcrumbList","@id":"https:\/\/global-hookah.com\/product\/electronic-cigar-starter-kit-wholesale\/#breadcrumb","itemListElement":[{"@type":"ListItem","position":1,"name":"Home","item":"https:\/\/global-hookah.com\/"},{"@type":"ListItem","position":2,"name":"Shop","item":"https:\/\/global-hookah.com\/shop\/"},{"@type":"ListItem","position":3,"name":"Electronic Cigar Starter Kit Wholesale"}]},{"@type":"WebSite","@id":"https:\/\/global-hookah.com\/#website","url":"https:\/\/global-hookah.com\/","name":"Globale Wasserpfeife","description":"Globale Wasserpfeife","publisher":{"@id":"https:\/\/global-hookah.com\/#organization"},"potentialAction":[{"@type":"SearchAction","target":{"@type":"EntryPoint","urlTemplate":"https:\/\/global-hookah.com\/?s={search_term_string}"},"query-input":{"@type":"PropertyValueSpecification","valueRequired":true,"valueName":"search_term_string"}}],"inLanguage":"de"},{"@type":"Organization","@id":"https:\/\/global-hookah.com\/#organization","name":"Globale Wasserpfeife","url":"https:\/\/global-hookah.com\/","logo":{"@type":"ImageObject","inLanguage":"de","@id":"https:\/\/global-hookah.com\/#\/schema\/logo\/image\/","url":"https:\/\/global-hookah.com\/wp-content\/uploads\/2021\/10\/cropped-fgg.png","contentUrl":"https:\/\/global-hookah.com\/wp-content\/uploads\/2021\/10\/cropped-fgg.png","width":512,"height":512,"caption":"Global Hookah"},"image":{"@id":"https:\/\/global-hookah.com\/#\/schema\/logo\/image\/"}}]}},"_links":{"self":[{"href":"https:\/\/global-hookah.com\/de\/wp-json\/wp\/v2\/product\/28690","targetHints":{"allow":["GET"]}}],"collection":[{"href":"https:\/\/global-hookah.com\/de\/wp-json\/wp\/v2\/product"}],"about":[{"href":"https:\/\/global-hookah.com\/de\/wp-json\/wp\/v2\/types\/product"}],"replies":[{"embeddable":true,"href":"https:\/\/global-hookah.com\/de\/wp-json\/wp\/v2\/comments?post=28690"}],"version-history":[{"count":0,"href":"https:\/\/global-hookah.com\/de\/wp-json\/wp\/v2\/product\/28690\/revisions"}],"wp:featuredmedia":[{"embeddable":true,"href":"https:\/\/global-hookah.com\/de\/wp-json\/wp\/v2\/media\/28698"}],"wp:attachment":[{"href":"https:\/\/global-hookah.com\/de\/wp-json\/wp\/v2\/media?parent=28690"}],"wp:term":[{"taxonomy":"product_brand","embeddable":true,"href":"https:\/\/global-hookah.com\/de\/wp-json\/wp\/v2\/product_brand?post=28690"},{"taxonomy":"product_cat","embeddable":true,"href":"https:\/\/global-hookah.com\/de\/wp-json\/wp\/v2\/product_cat?post=28690"},{"taxonomy":"product_tag","embeddable":true,"href":"https:\/\/global-hookah.com\/de\/wp-json\/wp\/v2\/product_tag?post=28690"}],"curies":[{"name":"wp","href":"https:\/\/api.w.org\/{rel}","templated":true}]}}