{"id":28706,"date":"2024-07-23T05:42:38","date_gmt":"2024-07-23T05:42:38","guid":{"rendered":"https:\/\/global-hookah.com\/?post_type=product&#038;p=28706"},"modified":"2024-07-24T08:17:05","modified_gmt":"2024-07-24T08:17:05","slug":"e-cigar-vaporizer-wholesale","status":"publish","type":"product","link":"https:\/\/global-hookah.com\/de\/produkt\/e-cigar-vaporizer-wholesale\/","title":{"rendered":"E-Zigarre Verdampfer Gro\u00dfhandel"},"content":{"rendered":"<p>Unser <strong>E-Zigarren-Verdampfer<\/strong> bieten ein unglaubliches Dampferlebnis, das sich genauso anf\u00fchlt wie eine echte Zigarre. Der glatte Zug und der reiche Geschmack replizieren eine echte Zigarre perfekt. Ich liebe es, verschiedene kr\u00e4ftige, robuste Tabak-E-S\u00e4fte zu mischen, um den authentischen Zigarrengeschmack in Dampfform zu erhalten. Mit der variablen Spannung k\u00f6nnen Sie sogar die Dicke des Dampfes anpassen.<\/p>\n<p>Wir stellen diese gerne zur Verf\u00fcgung<strong> E-Zigarren-Verdampfer<\/strong> f\u00fcr Ihre <a href=\"https:\/\/global-hookah.com\/product-category\/vape-wholesale\/\">E-Zigaretten-Gesch\u00e4ft<\/a>, die Vielfalt der E-Zigaretten in Ihrem Gesch\u00e4ft zu erh\u00f6hen<\/p>","protected":false},"excerpt":{"rendered":"<p>Unsere E-Zigarren-Verdampfer bieten ein unglaubliches Verdampfungserlebnis, das sich genauso anf\u00fchlt wie eine echte Zigarre. Der sanfte Zug und die reichhaltige<\/p>","protected":false},"featured_media":28708,"comment_status":"closed","ping_status":"closed","template":"","meta":{"iawp_total_views":9,"_joinchat":[]},"product_brand":[],"product_cat":[934],"product_tag":[],"class_list":{"0":"post-28706","1":"product","2":"type-product","3":"status-publish","4":"has-post-thumbnail","6":"product_cat-electronic-cigar-wholesale","8":"first","9":"instock","10":"shipping-taxable","11":"product-type-external"},"yoast_head":"<!-- This site is optimized with the Yoast SEO Premium plugin v24.7 (Yoast SEO v26.8) - https:\/\/yoast.com\/product\/yoast-seo-premium-wordpress\/ -->\n<title>E-Cigar Vaporizer Wholesale - Global Hookah<\/title>\n<meta name=\"robots\" content=\"index, follow, max-snippet:-1, max-image-preview:large, max-video-preview:-1\" \/>\n<link rel=\"canonical\" href=\"https:\/\/global-hookah.com\/de\/produkt\/e-cigar-vaporizer-wholesale\/\" \/>\n<meta property=\"og:locale\" content=\"de_DE\" \/>\n<meta property=\"og:type\" content=\"article\" \/>\n<meta property=\"og:title\" content=\"E-Cigar Vaporizer Wholesale\" \/>\n<meta property=\"og:description\" content=\"Our E-Cigar Vaporizers offer an incredible vaping experience that feels just like the real thing. The smooth draw and rich\" \/>\n<meta property=\"og:url\" content=\"https:\/\/global-hookah.com\/de\/produkt\/e-cigar-vaporizer-wholesale\/\" \/>\n<meta property=\"og:site_name\" content=\"Global Hookah\" \/>\n<meta property=\"article:modified_time\" content=\"2024-07-24T08:17:05+00:00\" \/>\n<meta property=\"og:image\" content=\"https:\/\/global-hookah.com\/wp-content\/uploads\/2024\/07\/3342.webp\" \/>\n\t<meta property=\"og:image:width\" content=\"650\" \/>\n\t<meta property=\"og:image:height\" content=\"650\" \/>\n\t<meta property=\"og:image:type\" content=\"image\/webp\" \/>\n<meta name=\"twitter:card\" content=\"summary_large_image\" \/>\n<meta name=\"twitter:label1\" content=\"Gesch\u00e4tzte Lesezeit\" \/>\n\t<meta name=\"twitter:data1\" content=\"1\u00a0Minute\" \/>\n<script type=\"application\/ld+json\" class=\"yoast-schema-graph\">{\"@context\":\"https:\/\/schema.org\",\"@graph\":[{\"@type\":\"WebPage\",\"@id\":\"https:\/\/global-hookah.com\/product\/e-cigar-vaporizer-wholesale\/\",\"url\":\"https:\/\/global-hookah.com\/product\/e-cigar-vaporizer-wholesale\/\",\"name\":\"E-Cigar Vaporizer Wholesale - Global Hookah\",\"isPartOf\":{\"@id\":\"https:\/\/global-hookah.com\/#website\"},\"primaryImageOfPage\":{\"@id\":\"https:\/\/global-hookah.com\/product\/e-cigar-vaporizer-wholesale\/#primaryimage\"},\"image\":{\"@id\":\"https:\/\/global-hookah.com\/product\/e-cigar-vaporizer-wholesale\/#primaryimage\"},\"thumbnailUrl\":\"https:\/\/global-hookah.com\/wp-content\/uploads\/2024\/07\/3342.webp\",\"datePublished\":\"2024-07-23T05:42:38+00:00\",\"dateModified\":\"2024-07-24T08:17:05+00:00\",\"breadcrumb\":{\"@id\":\"https:\/\/global-hookah.com\/product\/e-cigar-vaporizer-wholesale\/#breadcrumb\"},\"inLanguage\":\"de\",\"potentialAction\":[{\"@type\":\"ReadAction\",\"target\":[\"https:\/\/global-hookah.com\/product\/e-cigar-vaporizer-wholesale\/\"]}]},{\"@type\":\"ImageObject\",\"inLanguage\":\"de\",\"@id\":\"https:\/\/global-hookah.com\/product\/e-cigar-vaporizer-wholesale\/#primaryimage\",\"url\":\"https:\/\/global-hookah.com\/wp-content\/uploads\/2024\/07\/3342.webp\",\"contentUrl\":\"https:\/\/global-hookah.com\/wp-content\/uploads\/2024\/07\/3342.webp\",\"width\":650,\"height\":650,\"caption\":\"E-Cigar Vaporizer Wholesale\"},{\"@type\":\"BreadcrumbList\",\"@id\":\"https:\/\/global-hookah.com\/product\/e-cigar-vaporizer-wholesale\/#breadcrumb\",\"itemListElement\":[{\"@type\":\"ListItem\",\"position\":1,\"name\":\"Home\",\"item\":\"https:\/\/global-hookah.com\/\"},{\"@type\":\"ListItem\",\"position\":2,\"name\":\"Shop\",\"item\":\"https:\/\/global-hookah.com\/shop\/\"},{\"@type\":\"ListItem\",\"position\":3,\"name\":\"E-Cigar Vaporizer Wholesale\"}]},{\"@type\":\"WebSite\",\"@id\":\"https:\/\/global-hookah.com\/#website\",\"url\":\"https:\/\/global-hookah.com\/\",\"name\":\"Global Hookah\",\"description\":\"Global Hookah\",\"publisher\":{\"@id\":\"https:\/\/global-hookah.com\/#organization\"},\"potentialAction\":[{\"@type\":\"SearchAction\",\"target\":{\"@type\":\"EntryPoint\",\"urlTemplate\":\"https:\/\/global-hookah.com\/?s={search_term_string}\"},\"query-input\":{\"@type\":\"PropertyValueSpecification\",\"valueRequired\":true,\"valueName\":\"search_term_string\"}}],\"inLanguage\":\"de\"},{\"@type\":\"Organization\",\"@id\":\"https:\/\/global-hookah.com\/#organization\",\"name\":\"Global Hookah\",\"url\":\"https:\/\/global-hookah.com\/\",\"logo\":{\"@type\":\"ImageObject\",\"inLanguage\":\"de\",\"@id\":\"https:\/\/global-hookah.com\/#\/schema\/logo\/image\/\",\"url\":\"https:\/\/global-hookah.com\/wp-content\/uploads\/2021\/10\/cropped-fgg.png\",\"contentUrl\":\"https:\/\/global-hookah.com\/wp-content\/uploads\/2021\/10\/cropped-fgg.png\",\"width\":512,\"height\":512,\"caption\":\"Global Hookah\"},\"image\":{\"@id\":\"https:\/\/global-hookah.com\/#\/schema\/logo\/image\/\"}}]}<\/script>\n<!-- \/ Yoast SEO Premium plugin. -->","yoast_head_json":{"title":"E-Zigarre Verdampfer Gro\u00dfhandel - Global Hookah","robots":{"index":"index","follow":"follow","max-snippet":"max-snippet:-1","max-image-preview":"max-image-preview:large","max-video-preview":"max-video-preview:-1"},"canonical":"https:\/\/global-hookah.com\/de\/produkt\/e-cigar-vaporizer-wholesale\/","og_locale":"de_DE","og_type":"article","og_title":"E-Cigar Vaporizer Wholesale","og_description":"Our E-Cigar Vaporizers offer an incredible vaping experience that feels just like the real thing. The smooth draw and rich","og_url":"https:\/\/global-hookah.com\/de\/produkt\/e-cigar-vaporizer-wholesale\/","og_site_name":"Global Hookah","article_modified_time":"2024-07-24T08:17:05+00:00","og_image":[{"width":650,"height":650,"url":"https:\/\/global-hookah.com\/wp-content\/uploads\/2024\/07\/3342.webp","type":"image\/webp"}],"twitter_card":"summary_large_image","twitter_misc":{"Gesch\u00e4tzte Lesezeit":"1\u00a0Minute"},"schema":{"@context":"https:\/\/schema.org","@graph":[{"@type":"WebPage","@id":"https:\/\/global-hookah.com\/product\/e-cigar-vaporizer-wholesale\/","url":"https:\/\/global-hookah.com\/product\/e-cigar-vaporizer-wholesale\/","name":"E-Zigarre Verdampfer Gro\u00dfhandel - Global Hookah","isPartOf":{"@id":"https:\/\/global-hookah.com\/#website"},"primaryImageOfPage":{"@id":"https:\/\/global-hookah.com\/product\/e-cigar-vaporizer-wholesale\/#primaryimage"},"image":{"@id":"https:\/\/global-hookah.com\/product\/e-cigar-vaporizer-wholesale\/#primaryimage"},"thumbnailUrl":"https:\/\/global-hookah.com\/wp-content\/uploads\/2024\/07\/3342.webp","datePublished":"2024-07-23T05:42:38+00:00","dateModified":"2024-07-24T08:17:05+00:00","breadcrumb":{"@id":"https:\/\/global-hookah.com\/product\/e-cigar-vaporizer-wholesale\/#breadcrumb"},"inLanguage":"de","potentialAction":[{"@type":"ReadAction","target":["https:\/\/global-hookah.com\/product\/e-cigar-vaporizer-wholesale\/"]}]},{"@type":"ImageObject","inLanguage":"de","@id":"https:\/\/global-hookah.com\/product\/e-cigar-vaporizer-wholesale\/#primaryimage","url":"https:\/\/global-hookah.com\/wp-content\/uploads\/2024\/07\/3342.webp","contentUrl":"https:\/\/global-hookah.com\/wp-content\/uploads\/2024\/07\/3342.webp","width":650,"height":650,"caption":"E-Cigar Vaporizer Wholesale"},{"@type":"BreadcrumbList","@id":"https:\/\/global-hookah.com\/product\/e-cigar-vaporizer-wholesale\/#breadcrumb","itemListElement":[{"@type":"ListItem","position":1,"name":"Home","item":"https:\/\/global-hookah.com\/"},{"@type":"ListItem","position":2,"name":"Shop","item":"https:\/\/global-hookah.com\/shop\/"},{"@type":"ListItem","position":3,"name":"E-Cigar Vaporizer Wholesale"}]},{"@type":"WebSite","@id":"https:\/\/global-hookah.com\/#website","url":"https:\/\/global-hookah.com\/","name":"Globale Wasserpfeife","description":"Globale Wasserpfeife","publisher":{"@id":"https:\/\/global-hookah.com\/#organization"},"potentialAction":[{"@type":"SearchAction","target":{"@type":"EntryPoint","urlTemplate":"https:\/\/global-hookah.com\/?s={search_term_string}"},"query-input":{"@type":"PropertyValueSpecification","valueRequired":true,"valueName":"search_term_string"}}],"inLanguage":"de"},{"@type":"Organization","@id":"https:\/\/global-hookah.com\/#organization","name":"Globale Wasserpfeife","url":"https:\/\/global-hookah.com\/","logo":{"@type":"ImageObject","inLanguage":"de","@id":"https:\/\/global-hookah.com\/#\/schema\/logo\/image\/","url":"https:\/\/global-hookah.com\/wp-content\/uploads\/2021\/10\/cropped-fgg.png","contentUrl":"https:\/\/global-hookah.com\/wp-content\/uploads\/2021\/10\/cropped-fgg.png","width":512,"height":512,"caption":"Global Hookah"},"image":{"@id":"https:\/\/global-hookah.com\/#\/schema\/logo\/image\/"}}]}},"_links":{"self":[{"href":"https:\/\/global-hookah.com\/de\/wp-json\/wp\/v2\/product\/28706","targetHints":{"allow":["GET"]}}],"collection":[{"href":"https:\/\/global-hookah.com\/de\/wp-json\/wp\/v2\/product"}],"about":[{"href":"https:\/\/global-hookah.com\/de\/wp-json\/wp\/v2\/types\/product"}],"replies":[{"embeddable":true,"href":"https:\/\/global-hookah.com\/de\/wp-json\/wp\/v2\/comments?post=28706"}],"version-history":[{"count":0,"href":"https:\/\/global-hookah.com\/de\/wp-json\/wp\/v2\/product\/28706\/revisions"}],"wp:featuredmedia":[{"embeddable":true,"href":"https:\/\/global-hookah.com\/de\/wp-json\/wp\/v2\/media\/28708"}],"wp:attachment":[{"href":"https:\/\/global-hookah.com\/de\/wp-json\/wp\/v2\/media?parent=28706"}],"wp:term":[{"taxonomy":"product_brand","embeddable":true,"href":"https:\/\/global-hookah.com\/de\/wp-json\/wp\/v2\/product_brand?post=28706"},{"taxonomy":"product_cat","embeddable":true,"href":"https:\/\/global-hookah.com\/de\/wp-json\/wp\/v2\/product_cat?post=28706"},{"taxonomy":"product_tag","embeddable":true,"href":"https:\/\/global-hookah.com\/de\/wp-json\/wp\/v2\/product_tag?post=28706"}],"curies":[{"name":"wp","href":"https:\/\/api.w.org\/{rel}","templated":true}]}}