{"id":28711,"date":"2024-07-23T05:47:14","date_gmt":"2024-07-23T05:47:14","guid":{"rendered":"https:\/\/global-hookah.com\/?post_type=product&#038;p=28711"},"modified":"2024-07-24T07:29:24","modified_gmt":"2024-07-24T07:29:24","slug":"refillable-e-cigar-wholesale","status":"publish","type":"product","link":"https:\/\/global-hookah.com\/de\/produkt\/refillable-e-cigar-wholesale\/","title":{"rendered":"Nachf\u00fcllbare E-Zigarre Gro\u00dfhandel"},"content":{"rendered":"<p>Die echte Papiertextur dieses <strong>Nachf\u00fcllbare E-Zigarre<\/strong> erinnert mich an die authentischsten kubanischen Zigarren. Ihr einzigartiger Geschmack sorgt f\u00fcr ein perfektes Gleichgewicht zwischen dem reichhaltigen Tabak und der frischen und saftigen Heidelbeere. Als ich sie zum ersten Mal probierte, konnte ich kaum glauben, dass es sich um eine <strong>E-Zigarre<\/strong>. Nachdem ich es so lange benutzt habe, ist das<strong> Nachf\u00fcllbare E-Zigarre<\/strong> ist meine erste Wahl zum Rauchen geworden. Ich brauche nur einen tiefen Zug zu nehmen, und schon ist mein Geist mit dem Geschmack von Zigarren erf\u00fcllt.<\/p>\n<p>Was macht diese <strong>Nachf\u00fcllbare E-Zigarre<\/strong> am meisten auszeichnet, ist das nachf\u00fcllbare Design. Dies erm\u00f6glicht es mir, verschiedene E-Fl\u00fcssigkeiten und Nikotin je nach Vorliebe hinzuzuf\u00fcgen, wodurch sie frisch und wirtschaftlich bleibt. Die verwendete E-Fl\u00fcssigkeits-Heiztechnologie ist sehr fortschrittlich und sorgt f\u00fcr mehr als 300 Z\u00fcge, wobei keine Asche wie bei herk\u00f6mmlichen Zigaretten entsteht, was f\u00fcr meine Gesundheit und die meiner Familie sehr beruhigend ist.<\/p>\n<p>Die 6 Geschmacksrichtungen, die es bietet, entsprechen auch perfekt meinen Bed\u00fcrfnissen nach verschiedenen Geschm\u00e4ckern je nach Stimmung oder Gelegenheit. Ich empfehle wirklich jedem, diese <strong>wiederaufladbare nachf\u00fcllbare E-Zigarren<\/strong> einen Versuch. Es wird definitiv das <a href=\"https:\/\/global-hookah.com\/product-category\/vape-wholesale\/\">beste E-Zigarette<\/a> in deinem Leben!<\/p>","protected":false},"excerpt":{"rendered":"<p>Die echte Papierbeschaffenheit dieser nachf\u00fcllbaren E-Zigarre erinnert mich an die authentischsten kubanischen Zigarren. Sein einzigartiges Aroma perfekt<\/p>","protected":false},"featured_media":28712,"comment_status":"closed","ping_status":"closed","template":"","meta":{"iawp_total_views":73,"_joinchat":[]},"product_brand":[],"product_cat":[934],"product_tag":[],"class_list":{"0":"post-28711","1":"product","2":"type-product","3":"status-publish","4":"has-post-thumbnail","6":"product_cat-electronic-cigar-wholesale","8":"first","9":"instock","10":"shipping-taxable","11":"product-type-simple"},"yoast_head":"<!-- This site is optimized with the Yoast SEO Premium plugin v24.7 (Yoast SEO v26.8) - https:\/\/yoast.com\/product\/yoast-seo-premium-wordpress\/ -->\n<title>Refillable E-Cigar Wholesale - Global Hookah<\/title>\n<meta name=\"robots\" content=\"index, follow, max-snippet:-1, max-image-preview:large, max-video-preview:-1\" \/>\n<link rel=\"canonical\" href=\"https:\/\/global-hookah.com\/de\/produkt\/refillable-e-cigar-wholesale\/\" \/>\n<meta property=\"og:locale\" content=\"de_DE\" \/>\n<meta property=\"og:type\" content=\"article\" \/>\n<meta property=\"og:title\" content=\"Refillable E-Cigar Wholesale\" \/>\n<meta property=\"og:description\" content=\"The real paper texture of this Refillable E-Cigar reminds me of the most authentic Cuban cigars. Its unique flavor perfectly\" \/>\n<meta property=\"og:url\" content=\"https:\/\/global-hookah.com\/de\/produkt\/refillable-e-cigar-wholesale\/\" \/>\n<meta property=\"og:site_name\" content=\"Global Hookah\" \/>\n<meta property=\"article:modified_time\" content=\"2024-07-24T07:29:24+00:00\" \/>\n<meta property=\"og:image\" content=\"https:\/\/global-hookah.com\/wp-content\/uploads\/2024\/07\/345.webp\" \/>\n\t<meta property=\"og:image:width\" content=\"1000\" \/>\n\t<meta property=\"og:image:height\" content=\"1000\" \/>\n\t<meta property=\"og:image:type\" content=\"image\/webp\" \/>\n<meta name=\"twitter:card\" content=\"summary_large_image\" \/>\n<meta name=\"twitter:label1\" content=\"Gesch\u00e4tzte Lesezeit\" \/>\n\t<meta name=\"twitter:data1\" content=\"1\u00a0Minute\" \/>\n<script type=\"application\/ld+json\" class=\"yoast-schema-graph\">{\"@context\":\"https:\/\/schema.org\",\"@graph\":[{\"@type\":\"WebPage\",\"@id\":\"https:\/\/global-hookah.com\/product\/refillable-e-cigar-wholesale\/\",\"url\":\"https:\/\/global-hookah.com\/product\/refillable-e-cigar-wholesale\/\",\"name\":\"Refillable E-Cigar Wholesale - Global Hookah\",\"isPartOf\":{\"@id\":\"https:\/\/global-hookah.com\/#website\"},\"primaryImageOfPage\":{\"@id\":\"https:\/\/global-hookah.com\/product\/refillable-e-cigar-wholesale\/#primaryimage\"},\"image\":{\"@id\":\"https:\/\/global-hookah.com\/product\/refillable-e-cigar-wholesale\/#primaryimage\"},\"thumbnailUrl\":\"https:\/\/global-hookah.com\/wp-content\/uploads\/2024\/07\/345.webp\",\"datePublished\":\"2024-07-23T05:47:14+00:00\",\"dateModified\":\"2024-07-24T07:29:24+00:00\",\"breadcrumb\":{\"@id\":\"https:\/\/global-hookah.com\/product\/refillable-e-cigar-wholesale\/#breadcrumb\"},\"inLanguage\":\"de\",\"potentialAction\":[{\"@type\":\"ReadAction\",\"target\":[\"https:\/\/global-hookah.com\/product\/refillable-e-cigar-wholesale\/\"]}]},{\"@type\":\"ImageObject\",\"inLanguage\":\"de\",\"@id\":\"https:\/\/global-hookah.com\/product\/refillable-e-cigar-wholesale\/#primaryimage\",\"url\":\"https:\/\/global-hookah.com\/wp-content\/uploads\/2024\/07\/345.webp\",\"contentUrl\":\"https:\/\/global-hookah.com\/wp-content\/uploads\/2024\/07\/345.webp\",\"width\":1000,\"height\":1000,\"caption\":\"Refillable E-Cigar Wholesale\"},{\"@type\":\"BreadcrumbList\",\"@id\":\"https:\/\/global-hookah.com\/product\/refillable-e-cigar-wholesale\/#breadcrumb\",\"itemListElement\":[{\"@type\":\"ListItem\",\"position\":1,\"name\":\"Home\",\"item\":\"https:\/\/global-hookah.com\/\"},{\"@type\":\"ListItem\",\"position\":2,\"name\":\"Shop\",\"item\":\"https:\/\/global-hookah.com\/shop\/\"},{\"@type\":\"ListItem\",\"position\":3,\"name\":\"Refillable E-Cigar Wholesale\"}]},{\"@type\":\"WebSite\",\"@id\":\"https:\/\/global-hookah.com\/#website\",\"url\":\"https:\/\/global-hookah.com\/\",\"name\":\"Global Hookah\",\"description\":\"Global Hookah\",\"publisher\":{\"@id\":\"https:\/\/global-hookah.com\/#organization\"},\"potentialAction\":[{\"@type\":\"SearchAction\",\"target\":{\"@type\":\"EntryPoint\",\"urlTemplate\":\"https:\/\/global-hookah.com\/?s={search_term_string}\"},\"query-input\":{\"@type\":\"PropertyValueSpecification\",\"valueRequired\":true,\"valueName\":\"search_term_string\"}}],\"inLanguage\":\"de\"},{\"@type\":\"Organization\",\"@id\":\"https:\/\/global-hookah.com\/#organization\",\"name\":\"Global Hookah\",\"url\":\"https:\/\/global-hookah.com\/\",\"logo\":{\"@type\":\"ImageObject\",\"inLanguage\":\"de\",\"@id\":\"https:\/\/global-hookah.com\/#\/schema\/logo\/image\/\",\"url\":\"https:\/\/global-hookah.com\/wp-content\/uploads\/2021\/10\/cropped-fgg.png\",\"contentUrl\":\"https:\/\/global-hookah.com\/wp-content\/uploads\/2021\/10\/cropped-fgg.png\",\"width\":512,\"height\":512,\"caption\":\"Global Hookah\"},\"image\":{\"@id\":\"https:\/\/global-hookah.com\/#\/schema\/logo\/image\/\"}}]}<\/script>\n<!-- \/ Yoast SEO Premium plugin. -->","yoast_head_json":{"title":"Nachf\u00fcllbare E-Zigarre Gro\u00dfhandel - Global Hookah","robots":{"index":"index","follow":"follow","max-snippet":"max-snippet:-1","max-image-preview":"max-image-preview:large","max-video-preview":"max-video-preview:-1"},"canonical":"https:\/\/global-hookah.com\/de\/produkt\/refillable-e-cigar-wholesale\/","og_locale":"de_DE","og_type":"article","og_title":"Refillable E-Cigar Wholesale","og_description":"The real paper texture of this Refillable E-Cigar reminds me of the most authentic Cuban cigars. Its unique flavor perfectly","og_url":"https:\/\/global-hookah.com\/de\/produkt\/refillable-e-cigar-wholesale\/","og_site_name":"Global Hookah","article_modified_time":"2024-07-24T07:29:24+00:00","og_image":[{"width":1000,"height":1000,"url":"https:\/\/global-hookah.com\/wp-content\/uploads\/2024\/07\/345.webp","type":"image\/webp"}],"twitter_card":"summary_large_image","twitter_misc":{"Gesch\u00e4tzte Lesezeit":"1\u00a0Minute"},"schema":{"@context":"https:\/\/schema.org","@graph":[{"@type":"WebPage","@id":"https:\/\/global-hookah.com\/product\/refillable-e-cigar-wholesale\/","url":"https:\/\/global-hookah.com\/product\/refillable-e-cigar-wholesale\/","name":"Nachf\u00fcllbare E-Zigarre Gro\u00dfhandel - Global Hookah","isPartOf":{"@id":"https:\/\/global-hookah.com\/#website"},"primaryImageOfPage":{"@id":"https:\/\/global-hookah.com\/product\/refillable-e-cigar-wholesale\/#primaryimage"},"image":{"@id":"https:\/\/global-hookah.com\/product\/refillable-e-cigar-wholesale\/#primaryimage"},"thumbnailUrl":"https:\/\/global-hookah.com\/wp-content\/uploads\/2024\/07\/345.webp","datePublished":"2024-07-23T05:47:14+00:00","dateModified":"2024-07-24T07:29:24+00:00","breadcrumb":{"@id":"https:\/\/global-hookah.com\/product\/refillable-e-cigar-wholesale\/#breadcrumb"},"inLanguage":"de","potentialAction":[{"@type":"ReadAction","target":["https:\/\/global-hookah.com\/product\/refillable-e-cigar-wholesale\/"]}]},{"@type":"ImageObject","inLanguage":"de","@id":"https:\/\/global-hookah.com\/product\/refillable-e-cigar-wholesale\/#primaryimage","url":"https:\/\/global-hookah.com\/wp-content\/uploads\/2024\/07\/345.webp","contentUrl":"https:\/\/global-hookah.com\/wp-content\/uploads\/2024\/07\/345.webp","width":1000,"height":1000,"caption":"Refillable E-Cigar Wholesale"},{"@type":"BreadcrumbList","@id":"https:\/\/global-hookah.com\/product\/refillable-e-cigar-wholesale\/#breadcrumb","itemListElement":[{"@type":"ListItem","position":1,"name":"Home","item":"https:\/\/global-hookah.com\/"},{"@type":"ListItem","position":2,"name":"Shop","item":"https:\/\/global-hookah.com\/shop\/"},{"@type":"ListItem","position":3,"name":"Refillable E-Cigar Wholesale"}]},{"@type":"WebSite","@id":"https:\/\/global-hookah.com\/#website","url":"https:\/\/global-hookah.com\/","name":"Globale Wasserpfeife","description":"Globale Wasserpfeife","publisher":{"@id":"https:\/\/global-hookah.com\/#organization"},"potentialAction":[{"@type":"SearchAction","target":{"@type":"EntryPoint","urlTemplate":"https:\/\/global-hookah.com\/?s={search_term_string}"},"query-input":{"@type":"PropertyValueSpecification","valueRequired":true,"valueName":"search_term_string"}}],"inLanguage":"de"},{"@type":"Organization","@id":"https:\/\/global-hookah.com\/#organization","name":"Globale Wasserpfeife","url":"https:\/\/global-hookah.com\/","logo":{"@type":"ImageObject","inLanguage":"de","@id":"https:\/\/global-hookah.com\/#\/schema\/logo\/image\/","url":"https:\/\/global-hookah.com\/wp-content\/uploads\/2021\/10\/cropped-fgg.png","contentUrl":"https:\/\/global-hookah.com\/wp-content\/uploads\/2021\/10\/cropped-fgg.png","width":512,"height":512,"caption":"Global Hookah"},"image":{"@id":"https:\/\/global-hookah.com\/#\/schema\/logo\/image\/"}}]}},"_links":{"self":[{"href":"https:\/\/global-hookah.com\/de\/wp-json\/wp\/v2\/product\/28711","targetHints":{"allow":["GET"]}}],"collection":[{"href":"https:\/\/global-hookah.com\/de\/wp-json\/wp\/v2\/product"}],"about":[{"href":"https:\/\/global-hookah.com\/de\/wp-json\/wp\/v2\/types\/product"}],"replies":[{"embeddable":true,"href":"https:\/\/global-hookah.com\/de\/wp-json\/wp\/v2\/comments?post=28711"}],"version-history":[{"count":0,"href":"https:\/\/global-hookah.com\/de\/wp-json\/wp\/v2\/product\/28711\/revisions"}],"wp:featuredmedia":[{"embeddable":true,"href":"https:\/\/global-hookah.com\/de\/wp-json\/wp\/v2\/media\/28712"}],"wp:attachment":[{"href":"https:\/\/global-hookah.com\/de\/wp-json\/wp\/v2\/media?parent=28711"}],"wp:term":[{"taxonomy":"product_brand","embeddable":true,"href":"https:\/\/global-hookah.com\/de\/wp-json\/wp\/v2\/product_brand?post=28711"},{"taxonomy":"product_cat","embeddable":true,"href":"https:\/\/global-hookah.com\/de\/wp-json\/wp\/v2\/product_cat?post=28711"},{"taxonomy":"product_tag","embeddable":true,"href":"https:\/\/global-hookah.com\/de\/wp-json\/wp\/v2\/product_tag?post=28711"}],"curies":[{"name":"wp","href":"https:\/\/api.w.org\/{rel}","templated":true}]}}