{"id":28781,"date":"2024-08-03T07:55:34","date_gmt":"2024-08-03T07:55:34","guid":{"rendered":"https:\/\/global-hookah.com\/?post_type=product&#038;p=28781"},"modified":"2024-08-17T11:29:12","modified_gmt":"2024-08-17T11:29:12","slug":"wholesale-2024-new-ploox-same-style-convenient-e-hookah","status":"publish","type":"product","link":"https:\/\/global-hookah.com\/de\/produkt\/wholesale-2024-new-ploox-same-style-convenient-e-hookah\/","title":{"rendered":"Gro\u00dfhandel 2024 neue Ploox gleichen Stil bequemen E Hookah"},"content":{"rendered":"<p>Wir wissen, dass jede Dampferfahrung wertvoll ist. Deshalb geben wir unser Herzblut in die Entwicklung dieser gro\u00dfartigen Wegwerf-Vape-Gadgets. Jedes Gadget wurde sorgf\u00e4ltig entwickelt, um ein unvergleichliches Dampferlebnis zu bieten. Sie werden in handlichen 1- oder 5er-Packungen geliefert und garantieren so eine F\u00fclle des von Ihnen bevorzugten Luxus. Jedes elektronische <a href=\"https:\/\/global-hookah.com\/\">Wasserpfeife<\/a> kann 9900 Z\u00fcge mit reichem Geschmack und optimaler Rauchentwicklung aufnehmen.<\/p>\n<p>Als Unternehmen, das Wert auf ein luxuri\u00f6ses Dampferlebnis mit hohem Dampfaussto\u00df legt, verstehen wir die Auswirkungen, die ein h\u00f6herer E-Liquid-Verbrauch auf die Lebensdauer unserer Einwegger\u00e4te haben kann. Je mehr E-Liquid man pro Zug verbraucht, desto schneller kann das Ger\u00e4t leer sein. Obwohl dies die Lebensdauer der Einwegger\u00e4te reduziert, ist dies ein Kompromiss, den wir eingehen, um unseren Kunden den vollmundigen Geschmack und die seidige Dampfwolke zu garantieren, die mit der Wasserpfeife verbunden sind. Wir akzeptieren diesen Einfluss und sind immer auf der Suche nach Methoden, um die Lebensdauer unserer Ger\u00e4te zu maximieren, ohne dabei die Qualit\u00e4t des Dampferlebnisses zu opfern.<\/p>\n<p>Durch die Verdampfung wird ein sorgf\u00e4ltiges Gleichgewicht zwischen der Aufrechterhaltung der Geschmacksintegrit\u00e4t und der Erzielung einer sanften, angenehmen Dampfwolke erreicht. Unsere Schwierigkeit besteht darin, die Rezeptur unseres E-Liquids sorgf\u00e4ltig zu entwickeln, um zu gew\u00e4hrleisten, dass es verdampft, ohne den reichen, echten Geschmack zu opfern, den unsere Verbraucher genie\u00dfen. Um dieses Gleichgewicht zu erreichen, sind gr\u00fcndliche Tests und Verbesserungen erforderlich, um die Viskosit\u00e4t, Temperatur und Zusammensetzung des E-Liquids zu perfektionieren und so zu gew\u00e4hrleisten, dass jeder Zug ein gleichbleibend sanftes und schmackhaftes Erlebnis bietet.<\/p>\n<p>Durch die geschickte Kombination der Einfachheit von <a href=\"https:\/\/global-hookah.com\/product\/acrylic-disposable-water-cigarette-pot-wholesale\/\">Wasser mit dem sanften Dampf, den unsere Einwegprodukte erzeugen<\/a>bietet die Wasserpfeife ein tadelloses Erlebnis. Im Grunde genommen, die <a href=\"https:\/\/global-hookah.com\/how-to-make-hookah-smoke-thicker-help-you-improve-your-hookah-experience\/\">Das Wasserpfeifen-Erlebnis wird verbessert<\/a> durch die beruhigende Pr\u00e4senz von Wasser, das nicht nur ein Filtersystem darstellt, sondern auch die allgemeine Umgebung verbessert. Unser kreativer Ansatz verbindet diese klassische Komponente geschickt mit dem modernen Dampferlebnis. Der Prozess beginnt mit dem Aufstellen der Wasserpfeife, bei dem der Benutzer die Basis mit Wasser f\u00fcllt, um eine friedliche Umgebung zu schaffen, die einen auf die Freizeit vorbereitet. Der milde Filtrationsprozess, den der Dampf durch das Wasser durchl\u00e4uft, garantiert ein sanfteres und saubereres Atemerlebnis.<\/p>\n<p>Au\u00dferdem ist unser <a href=\"https:\/\/global-hookah.com\/product\/wholesale-disposable-hookah\/\">Einweg-Wasserpfeifen<\/a> werden sorgf\u00e4ltig hergestellt, um eine gleichm\u00e4\u00dfige und weiche Dampfwolke zu erzeugen, die das gesamte Shisha-Erlebnis verbessert. Wir garantieren, dass jeder Zug reich an Geschmack und frei von Sch\u00e4rfe oder Irritationen ist, indem wir qualitativ hochwertige Zutaten und modernste Technologien verwenden. Auf diese Weise k\u00f6nnen die Benutzer die altehrw\u00fcrdige Tradition der Wasserpfeife mit der Leichtigkeit und Zuverl\u00e4ssigkeit der aktuellen Vaping-Technologie genie\u00dfen, was zu einer harmonischen Mischung aus Einfachheit und Komplexit\u00e4t f\u00fchrt.<\/p>","protected":false},"excerpt":{"rendered":"<p>Wir wissen, dass jede Dampferfahrung wertvoll ist. Daher geben wir unser Herzblut in die Entwicklung dieser gro\u00dfartigen Wegwerf-Vape-Gadgets.<\/p>","protected":false},"featured_media":28782,"comment_status":"closed","ping_status":"closed","template":"","meta":{"iawp_total_views":30,"_joinchat":[]},"product_brand":[],"product_cat":[561],"product_tag":[],"class_list":{"0":"post-28781","1":"product","2":"type-product","3":"status-publish","4":"has-post-thumbnail","6":"product_cat-electric-hookah-wholesale","8":"first","9":"instock","10":"shipping-taxable","11":"product-type-simple"},"yoast_head":"<!-- This site is optimized with the Yoast SEO Premium plugin v24.7 (Yoast SEO v26.8) - https:\/\/yoast.com\/product\/yoast-seo-premium-wordpress\/ -->\n<title>Wholesale 2024 New Ploox Same Style Convenient E Hookah - Global Hookah<\/title>\n<meta name=\"robots\" content=\"index, follow, max-snippet:-1, max-image-preview:large, max-video-preview:-1\" \/>\n<link rel=\"canonical\" href=\"https:\/\/global-hookah.com\/de\/produkt\/wholesale-2024-new-ploox-same-style-convenient-e-hookah\/\" \/>\n<meta property=\"og:locale\" content=\"de_DE\" \/>\n<meta property=\"og:type\" content=\"article\" \/>\n<meta property=\"og:title\" content=\"Wholesale 2024 New Ploox Same Style Convenient E Hookah\" \/>\n<meta property=\"og:description\" content=\"Every vaping experience is valuable, as we know. We thus give our hearts to create these great throwaway vape gadgets.\" \/>\n<meta property=\"og:url\" content=\"https:\/\/global-hookah.com\/de\/produkt\/wholesale-2024-new-ploox-same-style-convenient-e-hookah\/\" \/>\n<meta property=\"og:site_name\" content=\"Global Hookah\" \/>\n<meta property=\"article:modified_time\" content=\"2024-08-17T11:29:12+00:00\" \/>\n<meta property=\"og:image\" content=\"https:\/\/global-hookah.com\/wp-content\/uploads\/2024\/08\/345-2.jpg\" \/>\n\t<meta property=\"og:image:width\" content=\"1280\" \/>\n\t<meta property=\"og:image:height\" content=\"1280\" \/>\n\t<meta property=\"og:image:type\" content=\"image\/jpeg\" \/>\n<meta name=\"twitter:card\" content=\"summary_large_image\" \/>\n<meta name=\"twitter:label1\" content=\"Gesch\u00e4tzte Lesezeit\" \/>\n\t<meta name=\"twitter:data1\" content=\"2\u00a0Minuten\" \/>\n<script type=\"application\/ld+json\" class=\"yoast-schema-graph\">{\"@context\":\"https:\/\/schema.org\",\"@graph\":[{\"@type\":\"WebPage\",\"@id\":\"https:\/\/global-hookah.com\/product\/wholesale-2024-new-ploox-same-style-convenient-e-hookah\/\",\"url\":\"https:\/\/global-hookah.com\/product\/wholesale-2024-new-ploox-same-style-convenient-e-hookah\/\",\"name\":\"Wholesale 2024 New Ploox Same Style Convenient E Hookah - Global Hookah\",\"isPartOf\":{\"@id\":\"https:\/\/global-hookah.com\/#website\"},\"primaryImageOfPage\":{\"@id\":\"https:\/\/global-hookah.com\/product\/wholesale-2024-new-ploox-same-style-convenient-e-hookah\/#primaryimage\"},\"image\":{\"@id\":\"https:\/\/global-hookah.com\/product\/wholesale-2024-new-ploox-same-style-convenient-e-hookah\/#primaryimage\"},\"thumbnailUrl\":\"https:\/\/global-hookah.com\/wp-content\/uploads\/2024\/08\/345-2.jpg\",\"datePublished\":\"2024-08-03T07:55:34+00:00\",\"dateModified\":\"2024-08-17T11:29:12+00:00\",\"breadcrumb\":{\"@id\":\"https:\/\/global-hookah.com\/product\/wholesale-2024-new-ploox-same-style-convenient-e-hookah\/#breadcrumb\"},\"inLanguage\":\"de\",\"potentialAction\":[{\"@type\":\"ReadAction\",\"target\":[\"https:\/\/global-hookah.com\/product\/wholesale-2024-new-ploox-same-style-convenient-e-hookah\/\"]}]},{\"@type\":\"ImageObject\",\"inLanguage\":\"de\",\"@id\":\"https:\/\/global-hookah.com\/product\/wholesale-2024-new-ploox-same-style-convenient-e-hookah\/#primaryimage\",\"url\":\"https:\/\/global-hookah.com\/wp-content\/uploads\/2024\/08\/345-2.jpg\",\"contentUrl\":\"https:\/\/global-hookah.com\/wp-content\/uploads\/2024\/08\/345-2.jpg\",\"width\":1280,\"height\":1280,\"caption\":\"Wholesale 2024 New Ploox Same Style Convenient E Hookah\"},{\"@type\":\"BreadcrumbList\",\"@id\":\"https:\/\/global-hookah.com\/product\/wholesale-2024-new-ploox-same-style-convenient-e-hookah\/#breadcrumb\",\"itemListElement\":[{\"@type\":\"ListItem\",\"position\":1,\"name\":\"Home\",\"item\":\"https:\/\/global-hookah.com\/\"},{\"@type\":\"ListItem\",\"position\":2,\"name\":\"Shop\",\"item\":\"https:\/\/global-hookah.com\/shop\/\"},{\"@type\":\"ListItem\",\"position\":3,\"name\":\"Wholesale 2024 New Ploox Same Style Convenient E Hookah\"}]},{\"@type\":\"WebSite\",\"@id\":\"https:\/\/global-hookah.com\/#website\",\"url\":\"https:\/\/global-hookah.com\/\",\"name\":\"Global Hookah\",\"description\":\"Global Hookah\",\"publisher\":{\"@id\":\"https:\/\/global-hookah.com\/#organization\"},\"potentialAction\":[{\"@type\":\"SearchAction\",\"target\":{\"@type\":\"EntryPoint\",\"urlTemplate\":\"https:\/\/global-hookah.com\/?s={search_term_string}\"},\"query-input\":{\"@type\":\"PropertyValueSpecification\",\"valueRequired\":true,\"valueName\":\"search_term_string\"}}],\"inLanguage\":\"de\"},{\"@type\":\"Organization\",\"@id\":\"https:\/\/global-hookah.com\/#organization\",\"name\":\"Global Hookah\",\"url\":\"https:\/\/global-hookah.com\/\",\"logo\":{\"@type\":\"ImageObject\",\"inLanguage\":\"de\",\"@id\":\"https:\/\/global-hookah.com\/#\/schema\/logo\/image\/\",\"url\":\"https:\/\/global-hookah.com\/wp-content\/uploads\/2021\/10\/cropped-fgg.png\",\"contentUrl\":\"https:\/\/global-hookah.com\/wp-content\/uploads\/2021\/10\/cropped-fgg.png\",\"width\":512,\"height\":512,\"caption\":\"Global Hookah\"},\"image\":{\"@id\":\"https:\/\/global-hookah.com\/#\/schema\/logo\/image\/\"}}]}<\/script>\n<!-- \/ Yoast SEO Premium plugin. -->","yoast_head_json":{"title":"Gro\u00dfhandel 2024 neue Ploox gleichen Stil bequeme E Hookah - Global Hookah","robots":{"index":"index","follow":"follow","max-snippet":"max-snippet:-1","max-image-preview":"max-image-preview:large","max-video-preview":"max-video-preview:-1"},"canonical":"https:\/\/global-hookah.com\/de\/produkt\/wholesale-2024-new-ploox-same-style-convenient-e-hookah\/","og_locale":"de_DE","og_type":"article","og_title":"Wholesale 2024 New Ploox Same Style Convenient E Hookah","og_description":"Every vaping experience is valuable, as we know. We thus give our hearts to create these great throwaway vape gadgets.","og_url":"https:\/\/global-hookah.com\/de\/produkt\/wholesale-2024-new-ploox-same-style-convenient-e-hookah\/","og_site_name":"Global Hookah","article_modified_time":"2024-08-17T11:29:12+00:00","og_image":[{"width":1280,"height":1280,"url":"https:\/\/global-hookah.com\/wp-content\/uploads\/2024\/08\/345-2.jpg","type":"image\/jpeg"}],"twitter_card":"summary_large_image","twitter_misc":{"Gesch\u00e4tzte Lesezeit":"2\u00a0Minuten"},"schema":{"@context":"https:\/\/schema.org","@graph":[{"@type":"WebPage","@id":"https:\/\/global-hookah.com\/product\/wholesale-2024-new-ploox-same-style-convenient-e-hookah\/","url":"https:\/\/global-hookah.com\/product\/wholesale-2024-new-ploox-same-style-convenient-e-hookah\/","name":"Gro\u00dfhandel 2024 neue Ploox gleichen Stil bequeme E Hookah - Global Hookah","isPartOf":{"@id":"https:\/\/global-hookah.com\/#website"},"primaryImageOfPage":{"@id":"https:\/\/global-hookah.com\/product\/wholesale-2024-new-ploox-same-style-convenient-e-hookah\/#primaryimage"},"image":{"@id":"https:\/\/global-hookah.com\/product\/wholesale-2024-new-ploox-same-style-convenient-e-hookah\/#primaryimage"},"thumbnailUrl":"https:\/\/global-hookah.com\/wp-content\/uploads\/2024\/08\/345-2.jpg","datePublished":"2024-08-03T07:55:34+00:00","dateModified":"2024-08-17T11:29:12+00:00","breadcrumb":{"@id":"https:\/\/global-hookah.com\/product\/wholesale-2024-new-ploox-same-style-convenient-e-hookah\/#breadcrumb"},"inLanguage":"de","potentialAction":[{"@type":"ReadAction","target":["https:\/\/global-hookah.com\/product\/wholesale-2024-new-ploox-same-style-convenient-e-hookah\/"]}]},{"@type":"ImageObject","inLanguage":"de","@id":"https:\/\/global-hookah.com\/product\/wholesale-2024-new-ploox-same-style-convenient-e-hookah\/#primaryimage","url":"https:\/\/global-hookah.com\/wp-content\/uploads\/2024\/08\/345-2.jpg","contentUrl":"https:\/\/global-hookah.com\/wp-content\/uploads\/2024\/08\/345-2.jpg","width":1280,"height":1280,"caption":"Wholesale 2024 New Ploox Same Style Convenient E Hookah"},{"@type":"BreadcrumbList","@id":"https:\/\/global-hookah.com\/product\/wholesale-2024-new-ploox-same-style-convenient-e-hookah\/#breadcrumb","itemListElement":[{"@type":"ListItem","position":1,"name":"Home","item":"https:\/\/global-hookah.com\/"},{"@type":"ListItem","position":2,"name":"Shop","item":"https:\/\/global-hookah.com\/shop\/"},{"@type":"ListItem","position":3,"name":"Wholesale 2024 New Ploox Same Style Convenient E Hookah"}]},{"@type":"WebSite","@id":"https:\/\/global-hookah.com\/#website","url":"https:\/\/global-hookah.com\/","name":"Globale Wasserpfeife","description":"Globale Wasserpfeife","publisher":{"@id":"https:\/\/global-hookah.com\/#organization"},"potentialAction":[{"@type":"SearchAction","target":{"@type":"EntryPoint","urlTemplate":"https:\/\/global-hookah.com\/?s={search_term_string}"},"query-input":{"@type":"PropertyValueSpecification","valueRequired":true,"valueName":"search_term_string"}}],"inLanguage":"de"},{"@type":"Organization","@id":"https:\/\/global-hookah.com\/#organization","name":"Globale Wasserpfeife","url":"https:\/\/global-hookah.com\/","logo":{"@type":"ImageObject","inLanguage":"de","@id":"https:\/\/global-hookah.com\/#\/schema\/logo\/image\/","url":"https:\/\/global-hookah.com\/wp-content\/uploads\/2021\/10\/cropped-fgg.png","contentUrl":"https:\/\/global-hookah.com\/wp-content\/uploads\/2021\/10\/cropped-fgg.png","width":512,"height":512,"caption":"Global Hookah"},"image":{"@id":"https:\/\/global-hookah.com\/#\/schema\/logo\/image\/"}}]}},"_links":{"self":[{"href":"https:\/\/global-hookah.com\/de\/wp-json\/wp\/v2\/product\/28781","targetHints":{"allow":["GET"]}}],"collection":[{"href":"https:\/\/global-hookah.com\/de\/wp-json\/wp\/v2\/product"}],"about":[{"href":"https:\/\/global-hookah.com\/de\/wp-json\/wp\/v2\/types\/product"}],"replies":[{"embeddable":true,"href":"https:\/\/global-hookah.com\/de\/wp-json\/wp\/v2\/comments?post=28781"}],"version-history":[{"count":0,"href":"https:\/\/global-hookah.com\/de\/wp-json\/wp\/v2\/product\/28781\/revisions"}],"wp:featuredmedia":[{"embeddable":true,"href":"https:\/\/global-hookah.com\/de\/wp-json\/wp\/v2\/media\/28782"}],"wp:attachment":[{"href":"https:\/\/global-hookah.com\/de\/wp-json\/wp\/v2\/media?parent=28781"}],"wp:term":[{"taxonomy":"product_brand","embeddable":true,"href":"https:\/\/global-hookah.com\/de\/wp-json\/wp\/v2\/product_brand?post=28781"},{"taxonomy":"product_cat","embeddable":true,"href":"https:\/\/global-hookah.com\/de\/wp-json\/wp\/v2\/product_cat?post=28781"},{"taxonomy":"product_tag","embeddable":true,"href":"https:\/\/global-hookah.com\/de\/wp-json\/wp\/v2\/product_tag?post=28781"}],"curies":[{"name":"wp","href":"https:\/\/api.w.org\/{rel}","templated":true}]}}